{"id":16608,"date":"2025-01-21T05:37:35","date_gmt":"2025-01-21T05:37:35","guid":{"rendered":"https:\/\/www.hydraulic-cylinders.net\/product\/arm-cylinder-for-ihi-small-excavator-ihi18v\/"},"modified":"2025-01-21T05:37:37","modified_gmt":"2025-01-21T05:37:37","slug":"arm-cylinder-for-ihi-small-excavator-ihi18v","status":"publish","type":"product","link":"https:\/\/www.hydraulic-cylinders.net\/et\/toode\/arm-cylinder-for-ihi-small-excavator-ihi18v\/","title":{"rendered":"IHI v\u00e4ikeekskavaatori IHI18V \u00f5\u00f5tsilinder"},"content":{"rendered":"<h1>IHI v\u00e4ikeekskavaatori IHI18V \u00f5\u00f5tsilinder<\/h1>\n<h2>Sissejuhatus<\/h2>\n<p>H\u00fcdrovarre silinder on spetsiaalselt loodud h\u00fcdrauliline silinder, mis tagab lineaarse liikumise ja j\u00f5u erinevat t\u00fc\u00fcpi masinate, n\u00e4iteks ekskavaatorite, kraanade ja robotk\u00e4te, hoovale. Sellel on h\u00fcdraulikas\u00fcsteemides v\u00f5tmeroll, v\u00f5imaldades lisaseadmete v\u00f5i tarvikute t\u00f5husat liikumist ja juhtimist. Need silindrid mitte ainult ei v\u00f5imalda sujuvat liikumist, vaid taluvad ka suuri koormusi, tagades masinate t\u00f5husa t\u00f6\u00f6 ja t\u00f6\u00f6kindluse erinevates t\u00f6\u00f6tingimustes.<\/p>\n<p><img decoding=\"async\" src=\"https:\/\/www.hydraulic-cylinders.net\/wp-content\/uploads\/2025\/01\/songte-company-2.webp\"><\/p>\n<h2>Omadused<\/h2>\n<ul>\n<li>Suure efektiivsusega \u00fclekanne: K\u00e4e silinder tagab v\u00f5imsa lineaarse liikumise ja j\u00f5u, tagades robotk\u00e4e suure j\u00f5udlusega t\u00f6\u00f6 erinevates \u00fclesannetes.<\/li>\n<li>T\u00e4pne juhtimine: H\u00fcdraulilise s\u00fcsteemi kaudu v\u00f5imaldab poomi silinder t\u00e4pset liikumise juhtimist, muutes lisaseadmete t\u00f6\u00f6 paindlikumaks ja t\u00e4psemaks.<\/li>\n<li>Tugev vastupidavus: \u00d5\u00f5tshoova silindrid on tavaliselt valmistatud \u00fclitugevatest materjalidest, mis pakuvad suurep\u00e4rast kulumiskindlust ja korrosioonikindlust ning sobivad pikaajaliseks kasutamiseks karmides keskkondades.<\/li>\n<li>Mitmeotstarbeline kohanemisv\u00f5ime: Neid silindreid saab laialdaselt rakendada erinevatele masinatele, n\u00e4iteks ekskavaatoritele, kraanadele ja robotk\u00e4tele, kohandudes erinevate t\u00f6\u00f6n\u00f5uetega.<\/li>\n<li>Lihtne hooldus: Projekteerimisel on arvestatud hoolduse ja asendamise lihtsusega, muutes regulaarsed kontrollid ja hoolduse mugavamaks ning v\u00e4hendades seadmete seisakuid.<\/li>\n<\/ul>\n<p><img decoding=\"async\" src=\"https:\/\/www.hydraulic-cylinders.net\/wp-content\/uploads\/2025\/01\/songte-oil-pipes-and-spare-parts.webp\"><\/p>\n<h2>Rakendused<\/h2>\n<ul>\n<li>Ehitustehnika: Ekskavaatorites ja kraanades juhivad poomisilindrid koppade v\u00f5i poomiharude liikumist, h\u00f5lbustades mullat\u00f6id, materjalide k\u00e4itlemist ja konstruktsioonide paigaldamist.<\/li>\n<li>T\u00f6\u00f6tlev t\u00f6\u00f6stus: Automatiseeritud tootmisliinidel kasutatakse robotk\u00e4te liigutamiseks k\u00e4sisilindreid, mis v\u00f5imaldavad montaa\u017ei, keevitamist ja materjalide k\u00e4itlemise protsesse, parandades tootmise efektiivsust ja t\u00e4psust.<\/li>\n<li>P\u00f5llumajandusmasinad: P\u00f5llumajandusmasinates, n\u00e4iteks kombainides ja k\u00fclvikutes, juhivad k\u00e4sivarresilindrid t\u00f6\u00f6harude liikumist, t\u00e4ites selliseid \u00fclesandeid nagu k\u00fclvamine, v\u00e4etamine ja koristamine.<\/li>\n<li>Kaevandamine: Kaevandusseadmetes juhivad k\u00e4sivarresilindrid kaevandusmasinate k\u00e4sivarre liikumist, h\u00f5lbustades maagi kaevandamist ja transporti.<\/li>\n<li>Logistika ja transport: Kahvelt\u00f5stukites ja robotites juhivad kahvlite t\u00f5stmist ja liikumist k\u00e4sisilindrid, teostades materjalide k\u00e4itlemise ja virnastamise toiminguid.<\/li>\n<\/ul>\n<h2>Projekteerimiskaalutlused ja valikukriteeriumid<\/h2>\n<ul>\n<li>Kandev\u00f5ime: K\u00e4epideme silinder peaks olema konstrueeritud nii, et see taluks kavandatud koormust, et tagada ohutu ja usaldusv\u00e4\u00e4rne t\u00f6\u00f6.<\/li>\n<li>Tihendus: T\u00f5husa tihenduse tagamiseks kasutatakse mitmesuguseid tihenduskomponente, n\u00e4iteks kolvitihendeid ja varrastihendeid. Need tihendid on valmistatud kulumiskindlatest materjalidest nagu pol\u00fcuretaan ja nitriilkummi.<\/li>\n<li>Vastupidavus: Silindri korpus ja keermestatud otsapind on kulumiskindluse suurendamiseks hoolikalt t\u00f6\u00f6deldud.<\/li>\n<li>Ohutus: \u00d5nnetuste v\u00e4ltimiseks ja operaatori kaitse tagamiseks tuleks konstruktsiooni integreerida ohutusfunktsioonid.<\/li>\n<li>Hooldatavus: Projekteerimisel on olulised kaalutlused regulaarne m\u00e4\u00e4rimine sobiva h\u00fcdraulika\u00f5liga ning hoolduse ja remondi jaoks lihtne juurdep\u00e4\u00e4s.<\/li>\n<\/ul>\n<p><img decoding=\"async\" src=\"https:\/\/www.hydraulic-cylinders.net\/wp-content\/uploads\/2025\/01\/songte-cylinder-head-with-all-kinds-excavator-models.webp\"><\/p>\n<h2>Tihendus ja m\u00e4\u00e4rimine<\/h2>\n<p>Silindri \u00f5\u00f5tshoovas kasutatakse mitmesuguseid tihenduskomponente, n\u00e4iteks kolvi- ja vardatihendeid, mis on valmistatud kulumiskindlatest materjalidest, n\u00e4iteks pol\u00fcuretaanist ja nitriilkummist. Silindri korpus ja keermestatud otsapind on peenelt t\u00f6\u00f6deldud, et parandada kulumiskindlust. Sujuva t\u00f6\u00f6 tagamiseks ja silindri eluea pikendamiseks on vajalik regulaarne m\u00e4\u00e4rimine sobiva koguse h\u00fcdraulika\u00f5liga.<\/p>\n<h2>Regulaarne kontroll ja ennetav hooldus<\/h2>\n<ul>\n<li>Kontrollige silindrit regulaarselt kulumise, lekete v\u00f5i kahjustuste suhtes.<\/li>\n<li>Kontrollige h\u00fcdraulika\u00f5li taset ja kvaliteeti, et tagada n\u00f5uetekohane m\u00e4\u00e4rimine.<\/li>\n<li>Pingutage lahtised \u00fchendused ja liitmikud.<\/li>\n<li>Kulunud tihendid ja komponendid tuleb viivitamatult v\u00e4lja vahetada.<\/li>\n<li>J\u00e4rgige tootja soovitatud hooldusgraafikut.<\/li>\n<\/ul>\n<h2>Toote paigaldusjuhend<\/h2>\n<p>1. Veenduge, et seade on v\u00e4lja l\u00fclitatud ja h\u00fcdros\u00fcsteemist isoleeritud.<\/p>\n<p>2. Asetage \u00f5lavarre silinder etten\u00e4htud kinnituskohta.<\/p>\n<p>3. Joondage h\u00fcdraulika\u00fchendused ja kinnitage need sobivate liitmike abil.<\/p>\n<p>4. Kontrollige veelkord k\u00f5igi \u00fchenduste tihedust ja \u00f5iget joondust.<\/p>\n<p>5. \u00dchendage h\u00fcdrovoolikud silindriga, veendudes, et need on \u00f5igesti paigutatud ning et neil poleks keerdu ega takistusi.<\/p>\n<p>6. Check the cylinder&#8217;s range of motion to ensure it operates smoothly and without interference.<\/p>\n<p>7. \u00d5hutage h\u00fcdraulikas\u00fcsteemist \u00f5hk.<\/p>\n<p><img decoding=\"async\" src=\"https:\/\/www.hydraulic-cylinders.net\/wp-content\/uploads\/2025\/01\/songte-bushings-with-all-kinds-of-excavator-models.webp\"><\/p>\n<h2>Ohutuskaalutlused ja keskkonnategurid<\/h2>\n<p>K\u00e4epidemega silindrite kasutamisel on oluline j\u00e4rgida n\u00f5uetekohaseid ohutusmeetmeid, et v\u00e4ltida \u00f5nnetusi ja tagada operaatorite heaolu. Ohutusabin\u00f5ud peaksid h\u00f5lmama koolitust, regulaarseid kontrolle ja ohutusjuhiste j\u00e4rgimist. Silindri optimaalse j\u00f5udluse ja pikaealisuse tagamiseks tuleks arvestada ka keskkonnateguritega, nagu temperatuur, niiskus ja tolm.<\/p>\n<h2>Veaotsing ja levinud probleemid<\/h2>\n<p>1. Probleem: Leke silindri tihendite \u00fcmbert.<\/p>\n<p>Lahendus: Kontrollige ja vahetage kulunud tihendid v\u00e4lja. Veenduge, et need oleksid korralikult paigaldatud ja m\u00e4\u00e4ritud.<\/p>\n<p>2. Probleem: K\u00e4e ebapiisav j\u00f5ud v\u00f5i aeglane liikumine.<\/p>\n<p>Lahendus: Kontrollige h\u00fcdros\u00fcsteemi v\u00f5imalike lekete v\u00f5i ebapiisava vedeliku osas. Kontrollige pumba ja ventiilide n\u00f5uetekohast toimimist.<\/p>\n<p>3. Probleem: Liigne m\u00fcra t\u00f6\u00f6tamise ajal.<\/p>\n<p>Lahendus: Kontrollige lahtisi liitmikke v\u00f5i komponente. Vajadusel m\u00e4\u00e4rige liikuvaid osi.<\/p>\n<p><img decoding=\"async\" src=\"https:\/\/www.hydraulic-cylinders.net\/wp-content\/uploads\/2025\/01\/songte-chushion-collar.webp\"><\/p>\n<h2>Kokkuv\u00f5te<\/h2>\n<p>Kokkuv\u00f5tteks v\u00f5ib \u00f6elda, et oleme professionaalne asendush\u00fcdrauliliste silindrite tootja, pakkudes laia tootevalikut. Oleme saanud \u00fcheks juhtivaks h\u00fcdrosilindrite tootjaks ja hulgim\u00fc\u00fcjaks nii sise- kui ka rahvusvahelistel turgudel. Keskendudes tipptasemele ja kasutades t\u00e4iustatud tootmisv\u00f5imalusi, p\u00fc\u00fcame pakkuda kvaliteetseid tooteid ja rahuldada oma klientide mitmekesiseid vajadusi. Meie ettev\u00f5te on uhke oma professionaalsuse, rahvusvaheliste sertifikaatide, kohandatud teenuste, tipptasemel tootmisseadmete ja igak\u00fclgse m\u00fc\u00fcgij\u00e4rgse toe \u00fcle.<\/p>\n<p><img decoding=\"async\" src=\"https:\/\/www.hydraulic-cylinders.net\/wp-content\/uploads\/2025\/01\/songte-company-4.webp\"><\/p>\n<p><img decoding=\"async\" src=\"https:\/\/www.hydraulic-cylinders.net\/wp-content\/uploads\/2025\/01\/songte-company-3.webp\"><\/p>\n<p>Autor: lyl.<\/p>","protected":false},"excerpt":{"rendered":"<p>Arm Cylinder For IHI Small Excavator IHI18V Introduction The arm cylinder is a specially designed hydraulic cylinder that provides linear motion and power to the arm of various types of machinery, such as excavators, cranes, and robotic arms. It plays a key role in hydraulic systems, allowing for the efficient movement and control of attachments [&hellip;]<\/p>","protected":false},"featured_media":14779,"comment_status":"open","ping_status":"closed","template":"","meta":{"_et_pb_use_builder":"","_et_pb_old_content":"","_et_gb_content_width":""},"product_brand":[],"product_cat":[1497],"product_tag":[1498,1496],"class_list":{"0":"post-16608","1":"product","2":"type-product","3":"status-publish","4":"has-post-thumbnail","6":"product_cat-arm-cylinders","7":"product_tag-arm-cylinders","8":"product_tag-hydraulic-cylinders","10":"first","11":"instock","12":"shipping-taxable","13":"product-type-simple"},"amp_enabled":true,"_links":{"self":[{"href":"https:\/\/www.hydraulic-cylinders.net\/et\/wp-json\/wp\/v2\/product\/16608","targetHints":{"allow":["GET"]}}],"collection":[{"href":"https:\/\/www.hydraulic-cylinders.net\/et\/wp-json\/wp\/v2\/product"}],"about":[{"href":"https:\/\/www.hydraulic-cylinders.net\/et\/wp-json\/wp\/v2\/types\/product"}],"replies":[{"embeddable":true,"href":"https:\/\/www.hydraulic-cylinders.net\/et\/wp-json\/wp\/v2\/comments?post=16608"}],"wp:featuredmedia":[{"embeddable":true,"href":"https:\/\/www.hydraulic-cylinders.net\/et\/wp-json\/wp\/v2\/media\/14779"}],"wp:attachment":[{"href":"https:\/\/www.hydraulic-cylinders.net\/et\/wp-json\/wp\/v2\/media?parent=16608"}],"wp:term":[{"taxonomy":"product_brand","embeddable":true,"href":"https:\/\/www.hydraulic-cylinders.net\/et\/wp-json\/wp\/v2\/product_brand?post=16608"},{"taxonomy":"product_cat","embeddable":true,"href":"https:\/\/www.hydraulic-cylinders.net\/et\/wp-json\/wp\/v2\/product_cat?post=16608"},{"taxonomy":"product_tag","embeddable":true,"href":"https:\/\/www.hydraulic-cylinders.net\/et\/wp-json\/wp\/v2\/product_tag?post=16608"}],"curies":[{"name":"wp","href":"https:\/\/api.w.org\/{rel}","templated":true}]}}