{"id":16621,"date":"2025-01-21T05:38:26","date_gmt":"2025-01-21T05:38:26","guid":{"rendered":"https:\/\/www.hydraulic-cylinders.net\/product\/arm-cylinder-for-bobcat-small-excavator-e35i\/"},"modified":"2025-01-21T05:38:32","modified_gmt":"2025-01-21T05:38:32","slug":"arm-cylinder-for-bobcat-small-excavator-e35i","status":"publish","type":"product","link":"https:\/\/www.hydraulic-cylinders.net\/et\/toode\/arm-cylinder-for-bobcat-small-excavator-e35i\/","title":{"rendered":"Bobcat v\u00e4ikeekskavaatori E35i \u00f5lavarre silinder"},"content":{"rendered":"<h1>Bobcat v\u00e4ikeekskavaatori E35i \u00f5lavarre silinder<\/h1>\n<h2>Sissejuhatus<\/h2>\n<h3>K\u00e4epideme silindri m\u00e4\u00e4ratlemine<\/h3>\n<p>H\u00fcdrovarre silinder on spetsiaalne h\u00fcdrauliline silinder, mida kasutatakse peamiselt lineaarse liikumise ja j\u00f5u tagamiseks erinevat t\u00fc\u00fcpi masinate, n\u00e4iteks ekskavaatorite, kraanade ja robotk\u00e4te k\u00e4epidemetele. H\u00fcdrovarre silinder m\u00e4ngib h\u00fcdraulikas\u00fcsteemides olulist rolli, v\u00f5imaldades t\u00e4iendavate t\u00f6\u00f6riistade v\u00f5i lisaseadmete liikumist ja t\u00f5husat juhtimist. Need silindrid mitte ainult ei v\u00f5imalda sujuvat liikumist, vaid kannavad ka suuri koormusi, tagades masinate t\u00f5husa t\u00f6\u00f6 ja t\u00f6\u00f6kindluse erinevates t\u00f6\u00f6tingimustes.<\/p>\n<p><img decoding=\"async\" src=\"https:\/\/www.hydraulic-cylinders.net\/wp-content\/uploads\/2025\/01\/songte-company-2.webp\" alt=\"K\u00e4e silindri pilt\"><\/p>\n<h3>K\u00e4epideme silindri omadused<\/h3>\n<ul>\n<li><strong>Suure efektiivsusega ajam:<\/strong> K\u00e4e silinder tagab v\u00f5imsa lineaarse liikumise ja j\u00f5u, tagades robotk\u00e4e suure efektiivsuse erinevate toimingute ajal.<\/li>\n<li><strong>T\u00e4ppiskontroll:<\/strong> H\u00fcdrauliline s\u00fcsteem v\u00f5imaldab k\u00e4e silindril saavutada t\u00e4pset liikumise juhtimist, muutes lisat\u00f6\u00f6riistade kasutamise paindlikumaks ja t\u00e4psemaks.<\/li>\n<li><strong>Tugev vastupidavus:<\/strong> K\u00e4epideme silindrid on tavaliselt valmistatud \u00fclitugevatest materjalidest, millel on hea kulumiskindlus ja korrosioonikindlus, mist\u00f5ttu need sobivad pikaajaliseks kasutamiseks karmides keskkondades.<\/li>\n<li><strong>Multifunktsionaalne kohanemisv\u00f5ime:<\/strong> Neid silindreid saab laialdaselt kasutada erinevates mehaanilistes seadmetes, nagu ekskavaatorid, kraanad ja robotk\u00e4ed, kohandudes erinevate t\u00f6\u00f6n\u00f5uetega.<\/li>\n<li><strong>Lihtne hooldus:<\/strong> K\u00e4epideme silindri konstruktsioon arvestab lihtsa hoolduse ja vahetamisega, muutes regulaarsed kontrollid ja hoolduse mugavamaks ning v\u00e4hendades seadmete seisakuid.<\/li>\n<\/ul>\n<p>Meie tooted sobivad ideaalselt nende h\u00fcdrosilindrite asendamiseks. Tutvuge meie laia toote- ja varuosade valikuga aadressil <a href=\"https:\/\/www.hydraulic-cylinders.net\/wp-content\/uploads\/2025\/01\/songte-oil-pipes-and-spare-parts.webp\">https:\/\/www.hydraulic-cylinders.net\/<\/a><\/p>\n<h3>K\u00e4epideme silindri rakendused<\/h3>\n<p>K\u00e4epideme silindril on mitmesuguseid rakendusi erinevates t\u00f6\u00f6stusharudes:<\/p>\n<ul>\n<li><strong>Ehitustehnika:<\/strong> Ekskavaatorites ja kraanades kasutatakse poomisilindrit koppade v\u00f5i poomide liikumise juhtimiseks ning mullat\u00f6\u00f6de, materjalide k\u00e4itlemise ja konstruktsioonide paigaldamise teostamiseks.<\/li>\n<li><strong>Tootmine:<\/strong> Automatiseeritud tootmisliinidel kasutatakse robotk\u00e4te liigutamiseks ning montaa\u017ei-, keevitus- ja k\u00e4sitsemisprotsesside teostamiseks k\u00e4sisilindrit, suurendades tootmise efektiivsust ja t\u00e4psust.<\/li>\n<li><strong>P\u00f5llumajandusmasinad:<\/strong> P\u00f5llumajandusmasinates, n\u00e4iteks kombainides ja k\u00fclvikutes, juhib \u00f5la silinder juhthoova liikumist, t\u00e4ites selliseid \u00fclesandeid nagu k\u00fclvamine, v\u00e4etamine ja koristamine.<\/li>\n<li><strong>Kaevandamine:<\/strong> In mining equipment, the arm cylinder is used to control the movement of mining equipment&#8217;s arm, performing ore excavation and handling.<\/li>\n<li><strong>Logistics &#038; Transportation:<\/strong> Kahvelt\u00f5stukites ja robotites kasutatakse k\u00e4sisilindrit kaubakahvlite t\u00f5stmise ja liikumise juhtimiseks, materjalide k\u00e4itlemiseks ja virnastamiseks.<\/li>\n<\/ul>\n<h2>Projekteerimiskaalutlused ja valikukriteeriumid<\/h2>\n<h3>Kandev\u00f5ime<\/h3>\n<p>Hoiupoog peab suutma t\u00f5husalt toetada lisat\u00f6\u00f6riistade v\u00f5i lisaseadmete koormust. Seet\u00f5ttu on kandev\u00f5ime hoobade silindrite tootjate jaoks kriitilise t\u00e4htsusega projekteerimiskaalutlus.<\/p>\n<h3>Tihendus<\/h3>\n<p>H\u00fcdraulikas\u00fcsteem s\u00f5ltub h\u00fcdraulikavedeliku lekke v\u00e4ltimiseks \u00f5\u00f5tshoova silindri korralikust tihendist. Seet\u00f5ttu kasutavad tootjad t\u00f5husa tihenduse tagamiseks kvaliteetseid tihenduskomponente, n\u00e4iteks kolvi- ja varrastihendeid, mis on valmistatud kulumiskindlatest materjalidest, n\u00e4iteks pol\u00fcuretaanist ja nitriilkummist.<\/p>\n<h3>Vastupidavus<\/h3>\n<p>K\u00e4epideme silinder peab vastu pidama karmidele t\u00f6\u00f6tingimustele, sh korrosioonile ja h\u00f5\u00f5rdumisele, ilma et see v\u00e4hendaks selle j\u00f5udlust. Seet\u00f5ttu kasutavad tootjad suure vastupidavuse tagamiseks \u00fclitugevaid materjale, nagu legeerterasest ja karastatud terasest.<\/p>\n<h3>Ohutus<\/h3>\n<p>K\u00e4epidemete silindrite projekteerimisel tuleb esmat\u00e4htsaks pidada ohutust. Tootjad tagavad, et k\u00e4epidemed vastavad t\u00f6\u00f6stusharu ohutusstandarditele ja sisaldavad selliseid funktsioone nagu r\u00f5huvabastusventiilid ja asendiandurid, et tagada ohutu t\u00f6\u00f6.<\/p>\n<h3>Hooldus<\/h3>\n<p>Tootjad konstrueerivad \u00f5\u00f5tshoova silindrid h\u00f5lpsaks hooldamiseks ja parandamiseks. \u00d5\u00f5tshoova silindri komponendid, n\u00e4iteks varras, kolb ja tihendid, peaksid olema kergesti vahetatavad. Tootjad pakuvad oma toodetele ka \u00fcksikasjalikke hooldus- ja remondijuhiseid.<\/p>\n<p><img decoding=\"async\" src=\"https:\/\/www.hydraulic-cylinders.net\/wp-content\/uploads\/2025\/01\/songte-cylinder-head-with-all-kinds-excavator-models.webp\" alt=\"Silindri kujunduspilt\"><\/p>\n<h2>Tihendus ja m\u00e4\u00e4rimine<\/h2>\n<p>Tootjad kasutavad hoobade silindrite t\u00f5husa tihendamise tagamiseks mitmesuguseid tihenduskomponente. Nende komponentide hulka kuuluvad kolvitihendid, vardatihendid ja klaasipuhastid. Silindripea, varda ja tihendi pinnad saavad peene viimistluse, et parandada kulumiskindlust. Lisaks on hoobade silindrite sujuva t\u00f6\u00f6 tagamiseks \u00fclioluline regulaarne m\u00e4\u00e4rimine h\u00fcdraulika\u00f5liga.<\/p>\n<h2>Ennetav hooldus ja t\u00f5rkeotsing<\/h2>\n<p>\u00d5\u00f5tshoova silindrite ennetav hooldus ja t\u00f5rkeotsing on optimaalse j\u00f5udluse tagamiseks h\u00e4davajalikud. Regulaarne hooldus h\u00f5lmab silindri ja selle komponentide lekete, kulumise ja kahjustuste kontrollimist. T\u00f5rkeotsing h\u00f5lmab selliste probleemide nagu lekked, ebapiisav v\u00f5imsus ja silindri kahjustused tuvastamist ja lahendamist. Tootjad pakuvad t\u00f5rkeotsingu n\u00e4pun\u00e4iteid ja lahendusi, mis aitavad klientidel probleeme t\u00f5husalt diagnoosida ja lahendada.<\/p>\n<p><img decoding=\"async\" src=\"https:\/\/www.hydraulic-cylinders.net\/wp-content\/uploads\/2025\/01\/songte-chushion-collar.webp\" alt=\"Silindri hoolduspilt\"><\/p>\n<h2>Paigaldusjuhend<\/h2>\n<p>H\u00fcdrovarraste silindrite \u00f5ige paigaldamine on optimaalse j\u00f5udluse tagamiseks \u00fclioluline. Paigaldamine h\u00f5lmab vana silindri eemaldamist, uue silindri paigaldamist, h\u00fcdraulikavoolikute \u00fchendamist ja silindri t\u00f6\u00f6 testimist. Tootjad esitavad \u00fcksikasjalikud paigaldusjuhised, et tagada n\u00f5uetekohane paigaldamine.<\/p>\n<p><img decoding=\"async\" src=\"https:\/\/www.hydraulic-cylinders.net\/wp-content\/uploads\/2025\/01\/songte-bushings-with-all-kinds-of-excavator-models.webp\" alt=\"Silindri k\u00e4epideme paigalduspilt\"><\/p>\n<h2>Ohutus- ja keskkonnakaalutlused<\/h2>\n<p>Ohutus on k\u00e4sisilindrite projekteerimisel ja kasutamisel oluline kaalutlus. Kasutajad peaksid tagama, et silindrit kasutatakse etten\u00e4htud otstarbel ja ohutus keskkonnas. Keskkonnategurid, nagu temperatuur ja niiskus, v\u00f5ivad samuti m\u00f5jutada k\u00e4sisilindrite toimivust. Tootjad projekteerivad oma tooteid nii, et need taluksid erinevaid keskkonnategureid ja pakuvad juhiseid ohutuks ja t\u00f5husaks kasutamiseks.<\/p>\n<h2>Meie ettev\u00f5ttest<\/h2>\n<p>Oleme professionaalne asendush\u00fcdrauliliste silindrite tootja, pakkudes laia tootevalikut, mis on teinud meist \u00fche juhtiva h\u00fcdrauliliste silindrite tootja ja hulgim\u00fc\u00fcja nii sise- kui ka rahvusvahelisel turul. Peame alati kinni suurep\u00e4rase kvaliteedi p\u00f5him\u00f5ttest, tuginedes peentootmist\u00f6\u00f6koja t\u00f6\u00f6stusliku tootmise juhtimise strateegiale, et pidevalt oma tehnoloogiat ja tootmise efektiivsust t\u00e4iustada. Meil \u200b\u200bon tugev innovatsiooniv\u00f5ime ning oleme oma tootmisplatvormi optimeerimiseks ja tootekvaliteedi kontrolli protsesside t\u00e4iustamiseks juurutanud tipptasemel digitaalseid tootmisseadmeid ja professionaalseid testimiss\u00fcsteeme. Meie eesm\u00e4rk on rahuldada oma klientide mitmekesiseid vajadusi suure efektiivsuse, t\u00e4psuse ja k\u00f5rge kvaliteedi p\u00f5him\u00f5tete abil.<\/p>\n<p>Pakume professionaalseid teenuseid, rahvusvahelisi sertifikaate, eritellimusel valmistatud teenuseid, t\u00e4iustatud tootmisseadmeid ja suurep\u00e4rast m\u00fc\u00fcgij\u00e4rgset teenindust. K\u00fclastage meie veebisaiti aadressil <a href=\"https:\/\/www.hydraulic-cylinders.net\/et\/\">https:\/\/www.hydraulic-cylinders.net\/<\/a><\/p>\n<p><img decoding=\"async\" src=\"https:\/\/www.hydraulic-cylinders.net\/wp-content\/uploads\/2025\/01\/songte-company-4.webp\" alt=\"Ettev\u00f5tte pilt 1\"><\/p>\n<p><img decoding=\"async\" src=\"https:\/\/www.hydraulic-cylinders.net\/wp-content\/uploads\/2025\/01\/songte-company-3.webp\" alt=\"Ettev\u00f5tte pilt 2\"><\/p>\n<p>Autor: lyl<\/p>","protected":false},"excerpt":{"rendered":"<p>Arm Cylinder For Bobcat Small Excavator E35i Introduction Defining Arm Cylinder The arm cylinder is a specialized hydraulic cylinder used primarily to provide linear motion and power to the arms of various types of machinery such as excavators, cranes, and robotic arms. The arm cylinder plays a crucial role in hydraulic systems, enabling additional tools [&hellip;]<\/p>","protected":false},"featured_media":14772,"comment_status":"open","ping_status":"closed","template":"","meta":{"_et_pb_use_builder":"","_et_pb_old_content":"","_et_gb_content_width":""},"product_brand":[],"product_cat":[1497],"product_tag":[1498,1496],"class_list":{"0":"post-16621","1":"product","2":"type-product","3":"status-publish","4":"has-post-thumbnail","6":"product_cat-arm-cylinders","7":"product_tag-arm-cylinders","8":"product_tag-hydraulic-cylinders","10":"first","11":"instock","12":"shipping-taxable","13":"product-type-simple"},"amp_enabled":true,"_links":{"self":[{"href":"https:\/\/www.hydraulic-cylinders.net\/et\/wp-json\/wp\/v2\/product\/16621","targetHints":{"allow":["GET"]}}],"collection":[{"href":"https:\/\/www.hydraulic-cylinders.net\/et\/wp-json\/wp\/v2\/product"}],"about":[{"href":"https:\/\/www.hydraulic-cylinders.net\/et\/wp-json\/wp\/v2\/types\/product"}],"replies":[{"embeddable":true,"href":"https:\/\/www.hydraulic-cylinders.net\/et\/wp-json\/wp\/v2\/comments?post=16621"}],"wp:featuredmedia":[{"embeddable":true,"href":"https:\/\/www.hydraulic-cylinders.net\/et\/wp-json\/wp\/v2\/media\/14772"}],"wp:attachment":[{"href":"https:\/\/www.hydraulic-cylinders.net\/et\/wp-json\/wp\/v2\/media?parent=16621"}],"wp:term":[{"taxonomy":"product_brand","embeddable":true,"href":"https:\/\/www.hydraulic-cylinders.net\/et\/wp-json\/wp\/v2\/product_brand?post=16621"},{"taxonomy":"product_cat","embeddable":true,"href":"https:\/\/www.hydraulic-cylinders.net\/et\/wp-json\/wp\/v2\/product_cat?post=16621"},{"taxonomy":"product_tag","embeddable":true,"href":"https:\/\/www.hydraulic-cylinders.net\/et\/wp-json\/wp\/v2\/product_tag?post=16621"}],"curies":[{"name":"wp","href":"https:\/\/api.w.org\/{rel}","templated":true}]}}