{"id":16622,"date":"2025-01-21T05:38:33","date_gmt":"2025-01-21T05:38:33","guid":{"rendered":"https:\/\/www.hydraulic-cylinders.net\/product\/arm-cylinder-for-bobcat-small-excavator-e45\/"},"modified":"2025-01-21T05:38:35","modified_gmt":"2025-01-21T05:38:35","slug":"arm-cylinder-for-bobcat-small-excavator-e45","status":"publish","type":"product","link":"https:\/\/www.hydraulic-cylinders.net\/et\/toode\/arm-cylinder-for-bobcat-small-excavator-e45\/","title":{"rendered":"Bobcat v\u00e4ikeekskavaatori E45 \u00f5lavarre silinder"},"content":{"rendered":"<h2>Bobcat v\u00e4ikeekskavaatori E45 \u00f5lavarre silinder<\/h2>\n<h3>Definitsioon ja selgitus<\/h3>\n<p>H\u00fcdrovarre silinder on spetsiaalselt loodud h\u00fcdrauliline silinder, mida kasutatakse peamiselt lineaarse liikumise ja j\u00f5u tagamiseks erinevat t\u00fc\u00fcpi masinate, n\u00e4iteks ekskavaatorite, kraanade ja robotk\u00e4te k\u00e4epidemetele. H\u00fcdrovarre silindritel on h\u00fcdraulikas\u00fcsteemides v\u00f5tmeroll, v\u00f5imaldades lisaseadmete v\u00f5i tarvikute t\u00f5husat liikumist ja juhtimist. Need silindrid mitte ainult ei taga sujuvat liikumist, vaid taluvad ka suuri koormusi, tagades masinate t\u00f5husa t\u00f6\u00f6 ja t\u00f6\u00f6kindluse erinevates t\u00f6\u00f6tingimustes.<\/p>\n<p><img decoding=\"async\" src=\"https:\/\/www.hydraulic-cylinders.net\/wp-content\/uploads\/2025\/01\/songte-company-2.webp\"><\/p>\n<h3>Omadused<\/h3>\n<ul>\n<li>Suure efektiivsusega s\u00f5itmine<\/li>\n<li>T\u00e4ppiskontroll<\/li>\n<li>Vastupidav<\/li>\n<li>Multifunktsionaalne kohanemisv\u00f5ime<\/li>\n<li>Lihtne hooldus<\/li>\n<\/ul>\n<p>K\u00e4epideme silindrid pakuvad v\u00f5imsat lineaarset liikumist ja j\u00f5udu, et tagada mitmesuguste toimingute puhul k\u00f5rge efektiivsus. H\u00fcdraulilised s\u00fcsteemid v\u00f5imaldavad t\u00e4pset liikumise juhtimist, muutes lisaseadmete t\u00f6\u00f6 paindlikumaks ja t\u00e4psemaks. K\u00e4epideme silindrid on tavaliselt valmistatud \u00fclitugevatest materjalidest, neil on hea kulumiskindlus ja korrosioonikindlus ning need sobivad pikaajaliseks kasutamiseks karmides keskkondades. Neil silindritel on lai valik rakendusi, sealhulgas ekskavaatorid, kraanad ja robotk\u00e4ed. Nende disain v\u00f5imaldab h\u00f5lpsat hooldust ja vahetamist, v\u00e4hendades seadmete seisakuid.<\/p>\n<p><img decoding=\"async\" src=\"https:\/\/www.hydraulic-cylinders.net\/wp-content\/uploads\/2025\/01\/songte-oil-pipes-and-spare-parts.webp\"><\/p>\n<h3>Rakendused<\/h3>\n<p>\u00d5\u00f5tssilindritel on lai valik rakendusi erinevates t\u00f6\u00f6stusharudes, sealhulgas:<\/p>\n<ul>\n<li>Ehitustehnika<\/li>\n<li>Tootmine<\/li>\n<li>P\u00f5llumajandustehnika<\/li>\n<li>Kaevandamine<\/li>\n<li>Logistika ja transport<\/li>\n<\/ul>\n<p>Ehitustehnikas kasutatakse \u00f5lgsilindreid ekskavaatorite ja kraanade koppade v\u00f5i poomide liikumise juhtimiseks mullat\u00f6\u00f6de, materjalide k\u00e4itlemise ja konstruktsioonide paigaldamise \u00fclesannete t\u00e4itmisel. Tootmises kasutatakse \u00f5lgsilindreid robotk\u00e4sipuude liigutamiseks montaa\u017ei-, keevitus- ja k\u00e4itlemisprotsessides, et parandada tootmise efektiivsust ja t\u00e4psust. P\u00f5llumajandusmasinates juhivad \u00f5lgsilindreid t\u00f6\u00f6k\u00e4sipuude liikumist sellistes \u00fclesannetes nagu k\u00fclvamine, v\u00e4etamine ja koristamine. Kaevanduses kasutatakse \u00f5lgsilindreid maagi kaevandamise ja k\u00e4itlemise seadmete k\u00e4sipuude liikumise juhtimiseks. Logistikas ja transpordis kasutatakse \u00f5lgsilindreid kahvelt\u00f5stukite ja robotite lastikahvlite t\u00f5stmise ja liikumise juhtimiseks materjalide k\u00e4itlemisel ja virnastamisel.<\/p>\n<h3>Projekteerimiskaalutlused ja valikukriteeriumid<\/h3>\n<p>Projekteerimiskaalutluste osas peaksid silindritel olema j\u00e4rgmised omadused:<\/p>\n<ul>\n<li>Kandev\u00f5ime<\/li>\n<li>Tihendusv\u00f5ime<\/li>\n<li>Vastupidavus<\/li>\n<li>Ohutus<\/li>\n<li>Hooldatavus<\/li>\n<\/ul>\n<p>Poogna silindrid peaksid vastu pidama seadme ja lisaseadmete maksimaalsele koormusele. Poogna silindri tihendusomadused m\u00f5jutavad otseselt h\u00fcdros\u00fcsteemi t\u00f6\u00f6kindlust ja eluiga. Silindri vastupidavus on oluline silindri eluea ja seadme ohutu t\u00f6\u00f6 tagamiseks. Poogna silindri ohutu konstruktsioon tagab seadme ohutu t\u00f6\u00f6 ja kaitseb operaatorit. Poogna silindri hooldatavus muudab hoolduse ja vahetamise mugavamaks, v\u00e4hendades seadmete seisakuid.<\/p>\n<p><img decoding=\"async\" src=\"https:\/\/www.hydraulic-cylinders.net\/wp-content\/uploads\/2025\/01\/songte-cylinder-head-with-all-kinds-excavator-models.webp\"><\/p>\n<h3>Tihendus ja m\u00e4\u00e4rimine<\/h3>\n<p>\u00d5\u00f5tshoovasilindrites kasutatakse mitmesuguseid tihenduselemente, n\u00e4iteks kolvitihendeid, vardatihendeid ja klaasipuhastajaid. Tihendid on valmistatud kulumiskindlatest materjalidest, nagu pol\u00fcuretaan ja nitriilkummi. Silindri korpus ja keermestatud otsapind on peenelt t\u00f6\u00f6deldud, et parandada kulumiskindlust. \u00d5\u00f5tshoovasilindrid vajavad regulaarset m\u00e4\u00e4rimist h\u00fcdraulika\u00f5liga, et tagada sujuv t\u00f6\u00f6 ja pikendada eluiga.<\/p>\n<h3>Ennetav hooldus<\/h3>\n<p>Regulaarne kontroll ja ennetav hooldus on \u00fcliolulised, et pikendada \u00f5\u00f5tshoova silindri eluiga ning tagada seadmete ohutu ja t\u00f5hus t\u00f6\u00f6. Regulaarsed kontrollid peaksid h\u00f5lmama silindri korpuse, kolvivarda ja tihendite kahjustuste kontrollimist. H\u00fcdraulikas\u00fcsteemi tuleks kontrollida lekete suhtes ning \u00f5litaset ja kvaliteeti. Samuti tuleks regulaarselt kontrollida seadmete t\u00f6\u00f6tingimusi, et tuvastada v\u00f5imalikke probleeme.<\/p>\n<h3>Paigaldusjuhend<\/h3>\n<p>Ohutu ja t\u00f5husa t\u00f6\u00f6 tagamiseks on oluline poomi silindri n\u00f5uetekohane paigaldamine. Paigaldusprotsess tuleks l\u00e4bi viia vastavalt seadme tootja juhistele ja k\u00f5ik \u00fchendused tuleks tihedalt kinnitada. H\u00fcdraulilised voolikud ja liitmikud tuleks \u00f5igesti \u00fchendada ning h\u00fcdros\u00fcsteem tuleks enne k\u00e4ivitamist puhastada. Kahjustuste v\u00e4ltimiseks tuleks poomi silindri kolvivarras transportimise ja paigaldamise ajal sisse t\u00f5mmata.<\/p>\n<p><img decoding=\"async\" src=\"https:\/\/www.hydraulic-cylinders.net\/wp-content\/uploads\/2025\/01\/songte-bushings-with-all-kinds-of-excavator-models.webp\"><\/p>\n<h3>Ohutuskaalutlused ja keskkonnategurid<\/h3>\n<p>K\u00e4epidemega silindri kasutamisel tuleks seadet k\u00e4itada vastavalt tootja juhistele ja ohutusn\u00f5uetele. Seadme operaator peaks olema n\u00f5uetekohaselt koolitatud ja teadlik v\u00f5imalikest ohtudest t\u00f6\u00f6tamise ajal. T\u00f6\u00f6tamise ajal tuleks kanda sobivaid kaitsevahendeid, n\u00e4iteks kaitseprille ja kindaid. T\u00f6\u00f6tamise ajal tuleks arvestada ka keskkonnateguritega, nagu temperatuur, niiskus ja tolm, kuna need v\u00f5ivad m\u00f5jutada silindri j\u00f5udlust ja eluiga.<\/p>\n<h3>Veaotsing ja levinud probleemid<\/h3>\n<p>H\u00fcdrovarraste silindrite levinud probleemide hulka kuuluvad leke, ebapiisav j\u00f5ud ja ebanormaalne m\u00fcra. Probleemi p\u00f5hjus tuleks kindlaks teha h\u00fcdraulikas\u00fcsteemi v\u00f5i -seadmete hoolika kontrollimise teel. Lahenduste hulka v\u00f5ivad kuuluda kahjustatud tihendite vahetamine, filtri puhastamine v\u00f5i vahetamine v\u00f5i h\u00fcdraulikas\u00fcsteemi r\u00f5hu reguleerimine. Regulaarne hooldus ja kontroll aitavad potentsiaalseid probleeme v\u00e4ltida.<\/p>\n<p><img decoding=\"async\" src=\"https:\/\/www.hydraulic-cylinders.net\/wp-content\/uploads\/2025\/01\/songte-chushion-collar.webp\"><\/p>\n<h3>Meist<\/h3>\n<p>Oleme professionaalne h\u00fcdrosilindrite tootja laia tootevalikuga, mis teeb meist \u00fche juhtiva h\u00fcdrosilindrite tootja ja hulgim\u00fc\u00fcja nii sise- kui ka rahvusvahelistel turgudel. Peame alati kinni suurep\u00e4rase kvaliteedi p\u00f5him\u00f5ttest ja tugineme peent\u00f6\u00f6tlusega t\u00f6\u00f6kodades t\u00f6\u00f6stusliku tootmise juhtimise strateegiatele, et pidevalt parandada oma tehnoloogilist taset ja tootmise efektiivsust. T\u00e4iustatud digitaalsete tootmisseadmete ja professionaalsete testimiss\u00fcsteemide juurutamise abil optimeerime tootmisplatvormi, t\u00e4iustame tootekvaliteedi kontrolli protsesse ja omame tugevat innovatsiooniv\u00f5imet. Meie eesm\u00e4rk on rahuldada klientide mitmekesiseid vajadusi suure efektiivsuse, t\u00e4psuse ja k\u00f5rgete kvaliteedip\u00f5him\u00f5tete abil.<\/p>\n<p>Meie ettev\u00f5te pakub kohandatud h\u00fcdraulilisi silindritooteid, rahvusvahelist sertifitseerimist, tootmisseadmeid ja suurep\u00e4rast m\u00fc\u00fcgij\u00e4rgset teenindust.<\/p>\n<p><img decoding=\"async\" src=\"https:\/\/www.hydraulic-cylinders.net\/wp-content\/uploads\/2025\/01\/songte-company-4.webp\"><br \/>\n<img decoding=\"async\" src=\"https:\/\/www.hydraulic-cylinders.net\/wp-content\/uploads\/2025\/01\/songte-company-3.webp\"><\/p>\n<p>Autor: lyl<\/p>","protected":false},"excerpt":{"rendered":"<p>Arm Cylinder for Bobcat Small Excavator E45 Definition and Explanation An arm cylinder is a specifically designed hydraulic cylinder that is primarily used to provide linear motion and power to the arms of various types of machinery such as excavators, cranes, and robotic arms. Arm cylinders play a key role in hydraulic systems, allowing for [&hellip;]<\/p>","protected":false},"featured_media":14770,"comment_status":"open","ping_status":"closed","template":"","meta":{"_et_pb_use_builder":"","_et_pb_old_content":"","_et_gb_content_width":""},"product_brand":[],"product_cat":[1497],"product_tag":[1498,1496],"class_list":{"0":"post-16622","1":"product","2":"type-product","3":"status-publish","4":"has-post-thumbnail","6":"product_cat-arm-cylinders","7":"product_tag-arm-cylinders","8":"product_tag-hydraulic-cylinders","10":"first","11":"instock","12":"shipping-taxable","13":"product-type-simple"},"amp_enabled":true,"_links":{"self":[{"href":"https:\/\/www.hydraulic-cylinders.net\/et\/wp-json\/wp\/v2\/product\/16622","targetHints":{"allow":["GET"]}}],"collection":[{"href":"https:\/\/www.hydraulic-cylinders.net\/et\/wp-json\/wp\/v2\/product"}],"about":[{"href":"https:\/\/www.hydraulic-cylinders.net\/et\/wp-json\/wp\/v2\/types\/product"}],"replies":[{"embeddable":true,"href":"https:\/\/www.hydraulic-cylinders.net\/et\/wp-json\/wp\/v2\/comments?post=16622"}],"wp:featuredmedia":[{"embeddable":true,"href":"https:\/\/www.hydraulic-cylinders.net\/et\/wp-json\/wp\/v2\/media\/14770"}],"wp:attachment":[{"href":"https:\/\/www.hydraulic-cylinders.net\/et\/wp-json\/wp\/v2\/media?parent=16622"}],"wp:term":[{"taxonomy":"product_brand","embeddable":true,"href":"https:\/\/www.hydraulic-cylinders.net\/et\/wp-json\/wp\/v2\/product_brand?post=16622"},{"taxonomy":"product_cat","embeddable":true,"href":"https:\/\/www.hydraulic-cylinders.net\/et\/wp-json\/wp\/v2\/product_cat?post=16622"},{"taxonomy":"product_tag","embeddable":true,"href":"https:\/\/www.hydraulic-cylinders.net\/et\/wp-json\/wp\/v2\/product_tag?post=16622"}],"curies":[{"name":"wp","href":"https:\/\/api.w.org\/{rel}","templated":true}]}}