{"id":16624,"date":"2025-01-21T05:38:41","date_gmt":"2025-01-21T05:38:41","guid":{"rendered":"https:\/\/www.hydraulic-cylinders.net\/product\/arm-cylinder-for-bobcat-small-excavator-e85\/"},"modified":"2025-01-21T05:38:43","modified_gmt":"2025-01-21T05:38:43","slug":"arm-cylinder-for-bobcat-small-excavator-e85","status":"publish","type":"product","link":"https:\/\/www.hydraulic-cylinders.net\/et\/toode\/arm-cylinder-for-bobcat-small-excavator-e85\/","title":{"rendered":"Bobcat v\u00e4ikeekskavaatori E85 k\u00e4sisilinder"},"content":{"rendered":"<h2>Bobcat v\u00e4ikeekskavaatori E85 k\u00e4sisilinder<\/h2>\n<h3>Sissejuhatus<\/h3>\n<p>H\u00fcdrosilindrit nimetatakse ka h\u00fcdraulilise silindriks ja see on spetsiaalselt loodud h\u00fcdrauliline ajam, mida kasutatakse lineaarse liikumise ja j\u00f5u tagamiseks erinevate masinate, n\u00e4iteks ekskavaatorite, kraanade ja robotk\u00e4te k\u00e4ppadele. H\u00fcdrosilindril on h\u00fcdraulikas\u00fcsteemides oluline roll, v\u00f5imaldades lisaseadmete v\u00f5i tarvikute liikumist ja juhtimist. Need silindrid mitte ainult ei taga sujuvat liikumist, vaid taluvad ka suuri koormusi, tagades masinate t\u00f5husa t\u00f6\u00f6 ja t\u00f6\u00f6kindluse erinevates t\u00f6\u00f6tingimustes.<\/p>\n<p><img decoding=\"async\" src=\"https:\/\/www.hydraulic-cylinders.net\/wp-content\/uploads\/2025\/01\/songte-company-2.webp\" alt=\"K\u00e4e silindri pilt\" \/><\/p>\n<h3>Omadused<\/h3>\n<ul>\n<li><strong>K\u00f5rge efektiivsusega j\u00f5u\u00fclekanne:<\/strong> K\u00e4epideme silinder suudab pakkuda v\u00f5imsat lineaarset liikumist ja j\u00f5udu, tagades masina k\u00e4e k\u00f5rge efektiivsuse erinevate toimingute ajal.<\/li>\n<li><strong>T\u00e4pne kontroll:<\/strong> H\u00fcdrauliliste s\u00fcsteemide abil saab k\u00e4sivarre silinder saavutada t\u00e4pse liikumise juhtimise, muutes kinnitatud t\u00f6\u00f6riistade t\u00f6\u00f6 paindlikumaks ja t\u00e4psemaks.<\/li>\n<li><strong>Vastupidav:<\/strong> K\u00e4epideme silindrid on tavaliselt valmistatud \u00fclitugevatest materjalidest ning neil on hea kulumis- ja korrosioonikindlus, mist\u00f5ttu need sobivad pikaajaliseks kasutamiseks karmides keskkondades.<\/li>\n<li><strong>Mitmeotstarbeline kohanemisv\u00f5ime:<\/strong> Neid silindreid saab laialdaselt kasutada erinevates mehaanilistes seadmetes, n\u00e4iteks ekskavaatorites, kraanades ja robotk\u00e4tes, kohandudes erinevate t\u00f6\u00f6n\u00f5uetega.<\/li>\n<li><strong>Lihtne hooldus:<\/strong> Lihtsaks hoolduseks ja vahetamiseks loodud regulaarne kontroll ja hooldus muutuvad mugavamaks, v\u00e4hendades seadmete seisakuid.<\/li>\n<\/ul>\n<p>Meil on v\u00f5imalik seda toodet toota ja pakkuda neile h\u00fcdrosilindritele ideaalset asendust.<\/p>\n<p><img decoding=\"async\" src=\"https:\/\/www.hydraulic-cylinders.net\/wp-content\/uploads\/2025\/01\/songte-oil-pipes-and-spare-parts.webp\" alt=\"H\u00fcdraulilise silindri osade pilt\" \/><\/p>\n<h3>Taotlus<\/h3>\n<p>K\u00e4epidemetel on mitmesuguseid rakendusi erinevates t\u00f6\u00f6stusharudes:<\/p>\n<ul>\n<li><strong>Ehitustehnika:<\/strong> Poomisilindreid kasutatakse ekskavaatorites ja kraanades koppade v\u00f5i poomide liikumise juhtimiseks mullat\u00f6\u00f6del, materjalide k\u00e4itlemisel ja konstruktsioonide paigaldamisel.<\/li>\n<li><strong>Tootmine:<\/strong> Automatiseeritud tootmisliinidel kasutatakse robotk\u00e4te liigutamiseks montaa\u017ei-, keevitus- ja k\u00e4sitsemisprotsesside ajal k\u00e4sisilindreid, et parandada tootmise efektiivsust ja t\u00e4psust.<\/li>\n<li><strong>P\u00f5llumajandusmasinad:<\/strong> \u00d5\u00f5tshoova silindrid juhivad p\u00f5llumajandusmasinate, n\u00e4iteks kombainide ja k\u00fclvikute t\u00f6\u00f6\u00f5lade liikumist, t\u00e4ites selliseid \u00fclesandeid nagu istutamine, v\u00e4etamine ja koristamine.<\/li>\n<li><strong>Kaevandamine:<\/strong> Kaevandusseadmetes kasutatakse k\u00e4sisilindreid kaevandusseadmete k\u00e4sivarre liikumise juhtimiseks mineraalide kaevandamiseks ja transportimiseks.<\/li>\n<li><strong>Logistika ja transport:<\/strong> Kahvelt\u00f5stukites ja robotites juhivad kahvlite t\u00f5stmist ja liikumist materjalide k\u00e4itlemisel ja virnastamisel k\u00e4sisilindrid.<\/li>\n<\/ul>\n<h3>Projekteerimiskaalutlused ja valikukriteeriumid<\/h3>\n<p>Projekteerimise seisukohast tuleks arvestada j\u00e4rgmiste kriteeriumidega:<\/p>\n<ul>\n<li><strong>Kandev\u00f5ime:<\/strong> H\u00fcdraulilised silindrid peavad olema konstrueeritud nii, et need taluksid masina t\u00f6\u00f6koormust.<\/li>\n<li><strong>Tihendus:<\/strong> H\u00fcdraulilised silindrid peavad olema lekete v\u00e4ltimiseks ja r\u00f5hu s\u00e4ilitamiseks korralikult suletud.<\/li>\n<li><strong>Vastupidavus:<\/strong> H\u00fcdraulilised silindrid peaksid olema valmistatud kulumis- ja korrosioonikindlatest materjalidest.<\/li>\n<li><strong>Ohutus:<\/strong> H\u00fcdraulilised silindrid peavad olema konstrueeritud nii, et v\u00e4ltida \u00f5nnetusi ning tagada personali ja seadmete ohutus.<\/li>\n<li><strong>Hooldatavus:<\/strong> H\u00fcdraulilised silindrid peaksid olema konstrueeritud nii, et osade hooldus ja vahetamine oleks lihtne, v\u00e4hendades seisakuid.<\/li>\n<\/ul>\n<p><img decoding=\"async\" src=\"https:\/\/www.hydraulic-cylinders.net\/wp-content\/uploads\/2025\/01\/songte-cylinder-head-with-all-kinds-excavator-models.webp\" alt=\"Silindripea pilt\" \/><\/p>\n<h3>Tihendus ja m\u00e4\u00e4rimine<\/h3>\n<p>H\u00fcdraulilistes silindrites kasutatakse mitmesuguseid tihenduskomponente, n\u00e4iteks kolvitihendeid ja vardatihendeid. Need tihendid on valmistatud kulumiskindlatest materjalidest, nagu pol\u00fcuretaan ja nitriilkummi. Silindri korpus ja keermeotsa pind on peenelt t\u00f6\u00f6deldud, et parandada kulumiskindlust. N\u00f5uetekohase toimimise s\u00e4ilitamiseks on vajalik ka regulaarne m\u00e4\u00e4rimine sobiva koguse h\u00fcdraulika\u00f5liga.<\/p>\n<h3>Kontrolli ja ennetava hoolduse meetmed<\/h3>\n<p>H\u00fcdrauliliste silindrite n\u00f5uetekohase toimimise tagamiseks on vaja regulaarset kontrolli ja ennetavaid hooldusmeetmeid. Tuleks v\u00f5tta j\u00e4rgmised meetmed:<\/p>\n<ul>\n<li><strong>Silindri korpuse, kolvivarda ja tihendite regulaarne kontroll:<\/strong> See tagab h\u00fcdrosilindri heas seisukorras ja k\u00f5ik probleemid avastatakse varakult.<\/li>\n<li><strong>Kulunud tihendite vahetamine:<\/strong> See hoiab \u00e4ra lekke ja s\u00e4ilitab h\u00fcdraulilise r\u00f5hu.<\/li>\n<li><strong>Regulaarne m\u00e4\u00e4rimine:<\/strong> See tagab h\u00fcdrosilindri n\u00f5uetekohase toimimise ja pikendab selle eluiga.<\/li>\n<\/ul>\n<p>Need meetmed aitavad v\u00e4hendada probleemide esinemist ja pikendada h\u00fcdrauliliste silindrite eluiga.<\/p>\n<p><img decoding=\"async\" src=\"https:\/\/www.hydraulic-cylinders.net\/wp-content\/uploads\/2025\/01\/songte-chushion-collar.webp\" alt=\"Padjakrae pilt\" \/><\/p>\n<h3>Paigaldusjuhend<\/h3>\n<p>H\u00fcdrauliliste silindrite n\u00f5uetekohaseks toimimiseks on \u00fclioluline \u00f5ige paigaldus. J\u00e4rgida tuleks j\u00e4rgmisi samme:<\/p>\n<ul>\n<li><strong>Puhastage paigalduspind:<\/strong> See tagab, et puudub mustus ega praht, mis v\u00f5iks paigaldust m\u00f5jutada.<\/li>\n<li><strong>Paigaldage silinder:<\/strong> Veenduge, et silinder on korralikult alusele paigaldatud ja h\u00fcdros\u00fcsteemi k\u00fclge kinnitatud.<\/li>\n<li><strong>Kontrollige tihendeid:<\/strong> Veenduge, et tihendid on korralikult paigaldatud ja heas seisukorras.<\/li>\n<li><strong>M\u00e4\u00e4rimine:<\/strong> Lubricate the cylinder according to the manufacturer&#8217;s instructions.<\/li>\n<li><strong>Kontrollige toimingut:<\/strong> Kontrollige silindri toimimist, et veenduda selle n\u00f5uetekohases toimimises.<\/li>\n<\/ul>\n<p><img decoding=\"async\" src=\"https:\/\/www.hydraulic-cylinders.net\/wp-content\/uploads\/2025\/01\/songte-bushings-with-all-kinds-of-excavator-models.webp\" alt=\"Pukside pilt\" \/><\/p>\n<h3>Ohutuskaalutlused ja keskkonnategurid<\/h3>\n<p>H\u00fcdrauliliste silindrite kasutamine n\u00f5uab ohutuseeskirjade ja -m\u00e4\u00e4ruste j\u00e4rgimist. \u00d5nnetuste ohu v\u00e4hendamiseks tuleks rakendada ohutusmeetmeid, nagu n\u00f5uetekohane v\u00e4lja\u00f5pe, regulaarne kontroll ja ennetav hooldus. Arvesse tuleks v\u00f5tta ka keskkonnategureid, nagu temperatuur ja niiskus, kuna need v\u00f5ivad m\u00f5jutada h\u00fcdrosilindrite j\u00f5udlust.<\/p>\n<h3>Veaotsing ja levinud probleemid<\/h3>\n<p>M\u00f5ned h\u00fcdrauliliste silindritega esineda v\u00f5ivad levinud probleemid on leke, ebapiisav r\u00f5hk ja silindri triiv. Nende probleemide lahendamiseks tuleks kaaluda j\u00e4rgmisi n\u00e4pun\u00e4iteid ja lahendusi:<\/p>\n<ul>\n<li><strong>Leke:<\/strong> Leke v\u00f5ib tekkida kahjustatud tihendite v\u00f5i liitmike ebapiisava pingutamise t\u00f5ttu. Vajadusel vahetage tihendid v\u00e4lja v\u00f5i pingutage liitmikke.<\/li>\n<li><strong>Ebapiisav r\u00f5hk:<\/strong> Ebapiisav r\u00f5hk v\u00f5ib tekkida rikkis pumba v\u00f5i ummistunud filtrite t\u00f5ttu. Kontrollige pumpa ja filtreid ning puhastage v\u00f5i vahetage need vastavalt vajadusele.<\/li>\n<li><strong>Silindri triiv:<\/strong> Silindri triivi v\u00f5ib p\u00f5hjustada madal h\u00fcdrauliline r\u00f5hk v\u00f5i kahjustatud kolvitihend. Kontrollige h\u00fcdraulilist r\u00f5hku ja vahetage vajadusel kolvitihend v\u00e4lja.<\/li>\n<\/ul>\n<p>Ennetavad meetmed, nagu regulaarne kontroll ja hooldus, v\u00f5ivad samuti aidata nende probleemide esinemist v\u00e4hendada.<\/p>\n<p><img decoding=\"async\" src=\"https:\/\/www.hydraulic-cylinders.net\/wp-content\/uploads\/2025\/01\/songte-company-4.webp\" alt=\"Ettev\u00f5tte kuvand\" \/><\/p>\n<h3>Meist<\/h3>\n<p>We are a professional replacement hydraulic cylinder manufacturer with a wide range of products. We have become one of the leading hydraulic cylinder manufacturers and wholesale distributors in the domestic and international markets. We always adhere to the principle of excellent quality, relying on industrialized production management strategies in fine manufacturing workshops, constantly improving our technical level and production efficiency. By introducing high-end digital manufacturing equipment and professional testing systems, we continuously optimize our manufacturing platform, improve our product quality control processes, and possess strong innovation capabilities. Our goal is to satisfy customers&#8217; diverse needs with high efficiency, precision, and high quality.<\/p>\n<p>Pakume oma klientidele professionaalset asjatundlikkust, rahvusvahelist sertifitseerimist, kohandatud teenuseid, tootmisseadmeid ja m\u00fc\u00fcgij\u00e4rgset teenindust.<\/p>\n<p><img decoding=\"async\" src=\"https:\/\/www.hydraulic-cylinders.net\/wp-content\/uploads\/2025\/01\/songte-company-3.webp\" alt=\"Ettev\u00f5tte kuvand\" \/><\/p>\n<p>Autor: lyl<\/p>","protected":false},"excerpt":{"rendered":"<p>Arm Cylinder For Bobcat Small Excavator E85 Introduction The arm cylinder, also known as hydraulic cylinder, is a specially designed hydraulic actuator used to provide linear motion and power to the arms of various machinery such as excavators, cranes and robotic arms. The arm cylinder plays a critical role in hydraulic systems, enabling the movement [&hellip;]<\/p>","protected":false},"featured_media":14763,"comment_status":"open","ping_status":"closed","template":"","meta":{"_et_pb_use_builder":"","_et_pb_old_content":"","_et_gb_content_width":""},"product_brand":[],"product_cat":[1497],"product_tag":[1498,1496],"class_list":{"0":"post-16624","1":"product","2":"type-product","3":"status-publish","4":"has-post-thumbnail","6":"product_cat-arm-cylinders","7":"product_tag-arm-cylinders","8":"product_tag-hydraulic-cylinders","10":"first","11":"instock","12":"shipping-taxable","13":"product-type-simple"},"amp_enabled":true,"_links":{"self":[{"href":"https:\/\/www.hydraulic-cylinders.net\/et\/wp-json\/wp\/v2\/product\/16624","targetHints":{"allow":["GET"]}}],"collection":[{"href":"https:\/\/www.hydraulic-cylinders.net\/et\/wp-json\/wp\/v2\/product"}],"about":[{"href":"https:\/\/www.hydraulic-cylinders.net\/et\/wp-json\/wp\/v2\/types\/product"}],"replies":[{"embeddable":true,"href":"https:\/\/www.hydraulic-cylinders.net\/et\/wp-json\/wp\/v2\/comments?post=16624"}],"wp:featuredmedia":[{"embeddable":true,"href":"https:\/\/www.hydraulic-cylinders.net\/et\/wp-json\/wp\/v2\/media\/14763"}],"wp:attachment":[{"href":"https:\/\/www.hydraulic-cylinders.net\/et\/wp-json\/wp\/v2\/media?parent=16624"}],"wp:term":[{"taxonomy":"product_brand","embeddable":true,"href":"https:\/\/www.hydraulic-cylinders.net\/et\/wp-json\/wp\/v2\/product_brand?post=16624"},{"taxonomy":"product_cat","embeddable":true,"href":"https:\/\/www.hydraulic-cylinders.net\/et\/wp-json\/wp\/v2\/product_cat?post=16624"},{"taxonomy":"product_tag","embeddable":true,"href":"https:\/\/www.hydraulic-cylinders.net\/et\/wp-json\/wp\/v2\/product_tag?post=16624"}],"curies":[{"name":"wp","href":"https:\/\/api.w.org\/{rel}","templated":true}]}}