{"id":16629,"date":"2025-01-21T05:39:00","date_gmt":"2025-01-21T05:39:00","guid":{"rendered":"https:\/\/www.hydraulic-cylinders.net\/product\/arm-cylinder-for-der-der323-8elzm\/"},"modified":"2025-01-21T05:39:02","modified_gmt":"2025-01-21T05:39:02","slug":"arm-cylinder-for-der-der323-8elzm","status":"publish","type":"product","link":"https:\/\/www.hydraulic-cylinders.net\/et\/toode\/arm-cylinder-for-der-der323-8elzm\/","title":{"rendered":"K\u00e4epideme silinder mudelile DER DER323-8ELZM"},"content":{"rendered":"<h1>K\u00e4epideme silinder mudelile DER DER323-8ELZM<\/h1>\n<h2>Sissejuhatus<\/h2>\n<p>H\u00fcdrovarre silinder on spetsiaalselt konstrueeritud h\u00fcdrauliline silinder, mida kasutatakse lineaarse liikumise ja j\u00f5u tagamiseks erinevat t\u00fc\u00fcpi masinatele, n\u00e4iteks ekskavaatoritele, kraanadele ja mehaanilistele poomidele. Poomisilindritel on h\u00fcdraulikas\u00fcsteemides v\u00f5tmeroll, v\u00f5imaldades lisaseadmete ja tarvikute t\u00f5husat liikumist ja juhtimist. Need silindrid mitte ainult ei taga sujuvat liikumist, vaid suudavad kanda ka raskeid koormusi, tagades masinate t\u00f5husa t\u00f6\u00f6 ja t\u00f6\u00f6kindluse erinevates t\u00f6\u00f6tingimustes.<\/p>\n<p><img decoding=\"async\" src=\"https:\/\/www.hydraulic-cylinders.net\/wp-content\/uploads\/2025\/01\/songte-company-2.webp\"\/><\/p>\n<h2>Omadused<\/h2>\n<ul>\n<li>\n<h3>T\u00f5hus j\u00f5u\u00fclekanne<\/h3>\n<p>K\u00e4epideme silindrid pakuvad v\u00f5imsat lineaarset liikumist ja j\u00f5udu, et tagada masinak\u00e4te k\u00f5rge j\u00f5udlus ja efektiivsus t\u00f6\u00f6 ajal.<\/p>\n<\/li>\n<li>\n<h3>T\u00e4ppiskontroll<\/h3>\n<p>H\u00fcdrauliliste s\u00fcsteemide abil saavad poomisilindrid saavutada t\u00e4pse liikumise juhtimise, muutes lisaseadmete t\u00f6\u00f6 paindlikumaks ja t\u00e4psemaks.<\/p>\n<\/li>\n<li>\n<h3>Vastupidavus<\/h3>\n<p>K\u00e4epideme silindrid on tavaliselt valmistatud \u00fclitugevatest materjalidest ning neil on hea kulumis- ja korrosioonikindlus, mist\u00f5ttu sobivad need pikaajaliseks kasutamiseks karmides keskkondades.<\/p>\n<\/li>\n<li>\n<h3>Multifunktsionaalne kohanemisv\u00f5ime<\/h3>\n<p>Neid silindreid saab laialdaselt kasutada erinevates mehaanilistes seadmetes, nagu ekskavaatorid, kraanad ja mehaanilised k\u00e4ed, et t\u00e4ita erinevaid t\u00f6\u00f6n\u00f5udeid.<\/p>\n<\/li>\n<li>\n<h3>Lihtne hooldus<\/h3>\n<p>Lihtsaks hooldamiseks ja vahetamiseks loodud \u00f5lasilindrid on mugavad regulaarseks kontrolliks ja hoolduseks, v\u00e4hendades seadmete seisakuid.<\/p>\n<\/li>\n<\/ul>\n<p><img decoding=\"async\" src=\"https:\/\/www.hydraulic-cylinders.net\/wp-content\/uploads\/2025\/01\/songte-oil-pipes-and-spare-parts.webp\"\/><\/p>\n<h2>Rakendused<\/h2>\n<p>\u00d5\u00f5tsilindreid kasutatakse erinevates t\u00f6\u00f6stusharudes ja rakendustes, n\u00e4iteks:<\/p>\n<ul>\n<li>\n<h3>Ehitustehnika<\/h3>\n<p>Ekskavaatorites ja kraanades kasutatakse poomisilindreid koppade v\u00f5i poomide liikumise juhtimiseks mullat\u00f6\u00f6del, materjalide k\u00e4itlemisel ja konstruktsioonide paigaldamisel.<\/p>\n<\/li>\n<li>\n<h3>Tootmine<\/h3>\n<p>Automatiseeritud tootmisliinidel kasutatakse k\u00e4e silindreid k\u00e4e mehaaniliseks liigutamiseks, et teostada montaa\u017ei-, keevitus- ja k\u00e4sitsemisprotsesse, parandades tootmise efektiivsust ja t\u00e4psust.<\/p>\n<\/li>\n<li>\n<h3>P\u00f5llumajandusmasinad<\/h3>\n<p>P\u00f5llumajandusmasinates, n\u00e4iteks kombainides ja istutusmasinates, juhivad \u00f5lasilindrid t\u00f6\u00f6\u00f5lgade liikumist selliste \u00fclesannete t\u00e4itmiseks nagu k\u00fclvamine, v\u00e4etamine ja koristamine.<\/p>\n<\/li>\n<li>\n<h3>Kaevandamine<\/h3>\n<p>Kaevandusseadmetes kasutatakse maagi t\u00f6\u00f6tlemiseks ja transportimiseks m\u00f5eldud kaevandusseadmete k\u00e4epideme liikumise juhtimiseks k\u00e4e silindreid.<\/p>\n<\/li>\n<li>\n<h3>Logistika ja transport<\/h3>\n<p>Kahvelt\u00f5stukites ja robotites kasutatakse materjalide k\u00e4itlemisel ja virnastamisel kahvlite t\u00f5stmise ja liikumise juhtimiseks k\u00e4sisilindreid.<\/p>\n<\/li>\n<\/ul>\n<h2>Projekteerimiskaalutlused ja valikukriteeriumid<\/h2>\n<p>K\u00e4epidemete silindrite konstrueerimisel on silmas peetud mitmeid olulisi tegureid, sealhulgas:<\/p>\n<ul>\n<li>\n<h3>Kandev\u00f5ime<\/h3>\n<p>\u00d5\u00f5tshoova silindrid on konstrueeritud kandma raskeid koormusi, mis p\u00f5hinevad nende teenindatavate masinate kandev\u00f5ime n\u00f5uetel.<\/p>\n<\/li>\n<li>\n<h3>Tihendus<\/h3>\n<p>Erinevad tihenduskomponendid, n\u00e4iteks kolvitihendid ja vardatihendid, valitakse nende kulumiskindluse ja lekke v\u00e4ltimise v\u00f5ime p\u00f5hjal.<\/p>\n<\/li>\n<li>\n<h3>Vastupidavus<\/h3>\n<p>Silindrid on valmistatud \u00fclitugevatest materjalidest ja l\u00e4binud pinnat\u00f6\u00f6tluse, et parandada kulumiskindlust, korrosioonikindlust ja muid vastupidavusaspekte.<\/p>\n<\/li>\n<li>\n<h3>Ohutus<\/h3>\n<p>Projekteerimisprotsessi k\u00e4igus v\u00f5etakse arvesse mitmeid ohutusmeetmeid, sealhulgas r\u00f5huvabastusventiilid, purunemiskaitseseadmed ja lisaseadmete kinnitamise ohutusseadmed.<\/p>\n<\/li>\n<li>\n<h3>Hooldus<\/h3>\n<p>Balloonid on konstrueeritud nii, et neid oleks lihtne hooldada ja parandada, sealhulgas h\u00f5lpsasti vahetatavate tihendite ja lihtsate lahtiv\u00f5tmisprotseduuridega.<\/p>\n<\/li>\n<\/ul>\n<p><img decoding=\"async\" src=\"https:\/\/www.hydraulic-cylinders.net\/wp-content\/uploads\/2025\/01\/songte-cylinder-head-with-all-kinds-excavator-models.webp\"\/><\/p>\n<h2>Tihendus ja m\u00e4\u00e4rimine<\/h2>\n<p>\u00d5\u00f5tshoovasilindrites kasutatakse mitmesuguseid tihenduskomponente, n\u00e4iteks kolvitihendeid ja vardatihendeid, mis on valmistatud kulumiskindlatest materjalidest, n\u00e4iteks pol\u00fcuretaanist ja nitriilkummist. Silindri korpuse ja keermestatud otsa pind on t\u00f6\u00f6deldud kulumiskindluse parandamiseks. Silindri n\u00f5uetekohase t\u00f6\u00f6 tagamiseks ja kasutusea pikendamiseks on vaja regulaarset m\u00e4\u00e4rimist sobiva h\u00fcdraulika\u00f5liga.<\/p>\n<h2>Kontroll ja ennetav hooldus<\/h2>\n<p>Regulaarne kontroll ja ennetav hooldus aitavad v\u00e4hendada ootamatute seisakute ja suuremate remondikulude t\u00f5en\u00e4osust. Olulised punktid, mida meeles pidada, on j\u00e4rgmised:<\/p>\n<ul>\n<li>\n<h3>Kontrollige regulaarselt \u00f5litaset ja kvaliteeti<\/h3>\n<p>Veenduge, et h\u00fcdraulika\u00f5li poleks saastunud ja oleks \u00f5igel tasemel.<\/p>\n<\/li>\n<li>\n<h3>Kontrollige lekkeid<\/h3>\n<p>J\u00e4lgige silindrit ja h\u00fcdraulikas\u00fcsteemi lekete suhtes.<\/p>\n<\/li>\n<li>\n<h3>Kontrollige silindri korpust ja kolvivarda kahjustuste ja kulumise suhtes<\/h3>\n<p>Kontrollige silindri korpust ja kolvivarda kahjustuste v\u00f5i kulumise suhtes ning vahetage v\u00e4lja k\u00f5ik kahjustatud tihendid v\u00f5i komponendid.<\/p>\n<\/li>\n<li>\n<h3>Vahetage h\u00fcdraulika\u00f5li regulaarselt<\/h3>\n<p>Vahetage h\u00fcdraulika\u00f5li regulaarselt, et tagada korralik m\u00e4\u00e4rimine ja v\u00e4ltida saastumist.<\/p>\n<\/li>\n<\/ul>\n<p><img decoding=\"async\" src=\"https:\/\/www.hydraulic-cylinders.net\/wp-content\/uploads\/2025\/01\/songte-chushion-collar.webp\"\/><\/p>\n<h2>Paigaldamine<\/h2>\n<p>Silindripeade korrektseks paigaldamiseks j\u00e4rgige neid samme:<\/p>\n<ol>\n<li>\n<h3>Ettevalmistus<\/h3>\n<p>Puhastage kinnituspind ja silinder ning veenduge, et teil on olemas paigaldamiseks vajalikud t\u00f6\u00f6riistad ja seadmed.<\/p>\n<\/li>\n<li>\n<h3>Positsioneerimine<\/h3>\n<p>Asetage silinder \u00f5igesti ja veenduge, et see on kindlalt kinnituspinna k\u00fclge kinnitatud.<\/p>\n<\/li>\n<li>\n<h3>\u00dchendamine<\/h3>\n<p>\u00dchendage h\u00fcdraulikavoolikud ja liitmikud silindriga ning kontrollige lekkeid.<\/p>\n<\/li>\n<li>\n<h3>Testimine<\/h3>\n<p>Kontrollige silindri korrektset toimimist ja veenduge, et see liigub sujuvalt ilma ebatavaliste helide v\u00f5i vibratsioonita.<\/p>\n<\/li>\n<\/ol>\n<h2>Ohutus- ja keskkonnakaalutlused<\/h2>\n<p>H\u00fcdraulikasilindritega tegelemisel peab ohutus alati olema esmat\u00e4htis. Silindri kontrollimisel, paigaldamisel ja kasutamisel on oluline j\u00e4rgida n\u00f5uetekohaseid ohutusprotseduure ja -juhiseid. H\u00fcdraulika\u00f5li ja muude j\u00e4\u00e4tmete n\u00f5uetekohane k\u00f5rvaldamine on samuti oluline, et minimeerida nende materjalide keskkonnam\u00f5ju.<\/p>\n<h2>Veaotsing ja levinud probleemid<\/h2>\n<p>K\u00e4epidemega silindrite puhul esineda v\u00f5ivad levinud probleemid on j\u00e4rgmised:<\/p>\n<ul>\n<li>\n<h3>Lekkiv \u00f5li<\/h3>\n<p>Selle p\u00f5hjuseks v\u00f5ivad olla kahjustatud tihendid v\u00f5i liitmikud. Kontrollige silindrit ja h\u00fcdros\u00fcsteemi lekete suhtes.<\/p>\n<\/li>\n<li>\n<h3>Aeglane liikumine<\/h3>\n<p>Selle p\u00f5hjuseks v\u00f5ib olla madal h\u00fcdraulika\u00f5li tase v\u00f5i kahjustatud tihendid. Kontrollige \u00f5litaset ja kvaliteeti ning vahetage kahjustatud tihendid v\u00e4lja.<\/p>\n<\/li>\n<li>\n<h3>Kummalised helid v\u00f5i vibratsioon<\/h3>\n<p>Selle p\u00f5hjuseks v\u00f5ivad olla kahjustatud sisemised komponendid, valesti joondatud kinnitus v\u00f5i vale h\u00fcdrauliline r\u00f5hk. Kontrollige silindrit ja s\u00fcsteemi komponente kahjustuste v\u00f5i joonduse puudumise suhtes ning vajadusel reguleerige h\u00fcdraulilist r\u00f5hku.<\/p>\n<\/li>\n<\/ul>\n<p>M\u00f5ned n\u00e4pun\u00e4ited nende probleemide t\u00f5rkeotsinguks ja lahendamiseks on j\u00e4rgmised:<\/p>\n<ul>\n<li>\n<h3>Kontrollige lekkeid<\/h3>\n<p>J\u00e4lgige silindrit ja h\u00fcdros\u00fcsteemi lekete suhtes ja vajadusel vahetage kahjustatud tihendid v\u00f5i liitmikud v\u00e4lja.<\/p>\n<\/li>\n<li>\n<h3>Kontrollige \u00f5litaset ja kvaliteeti<\/h3>\n<p>Veenduge, et h\u00fcdraulika\u00f5li poleks saastunud ja oleks \u00f5igel tasemel.<\/p>\n<\/li>\n<li>\n<h3>Kontrollige silindrit kahjustuste ja kulumise suhtes<\/h3>\n<p>Kontrollige silindri korpust ja kolvivarda kahjustuste v\u00f5i kulumise suhtes ning vahetage v\u00e4lja k\u00f5ik kahjustatud tihendid v\u00f5i komponendid.<\/p>\n<\/li>\n<li>\n<h3>Reguleerige h\u00fcdraulilist r\u00f5hku<\/h3>\n<p>Kontrollige h\u00fcdraulilist r\u00f5hku ja reguleerige vastavalt vajadusele.<\/p>\n<\/li>\n<\/ul>\n<p><img decoding=\"async\" src=\"https:\/\/www.hydraulic-cylinders.net\/wp-content\/uploads\/2025\/01\/songte-bushings-with-all-kinds-of-excavator-models.webp\"\/><\/p>\n<h2>Meist<\/h2>\n<p>Oleme professionaalne asendush\u00fcdrauliliste silindrite tootja, pakkudes laia tootevalikut. Oleme saanud \u00fcheks juhtivaks h\u00fcdrosilindrite tootjaks ja hulgim\u00fc\u00fcjaks nii sise- kui ka rahvusvahelisel turul. J\u00e4rgime alati tipptaseme p\u00f5him\u00f5tet, tuginedes oma peenelt valmistatud t\u00f6\u00f6kojas industrialiseeritud tootmisjuhtimise strateegiatele, et pidevalt parandada oma tehnilisi v\u00f5imalusi ja tootmise efektiivsust. T\u00e4iustatud digitaalsete tootmisseadmete ja professionaalsete testimiss\u00fcsteemide juurutamise abil optimeerime pidevalt oma tootmisplatvormi ja t\u00e4iustame oma tootekvaliteedi kontrolli protsesse, omades tugevat innovatsiooniv\u00f5imet. Meie eesm\u00e4rk on rahuldada klientide mitmekesiseid vajadusi t\u00f5hususe, t\u00e4psuse ja k\u00f5rgete kvaliteedistandarditega.<\/p>\n<p>Pakume kohandatud teenuseid, professionaalset asjatundlikkust, rahvusvahelisi sertifikaate, t\u00e4iustatud tootmisseadmeid ja tipptasemel m\u00fc\u00fcgij\u00e4rgset teenindust.<\/p>\n<p><img decoding=\"async\" src=\"https:\/\/www.hydraulic-cylinders.net\/wp-content\/uploads\/2025\/01\/songte-company-4.webp\"\/><\/p>\n<h2>Autor<\/h2>\n<p>Autor: lyl<\/p>","protected":false},"excerpt":{"rendered":"<p>Arm Cylinder For DER DER323-8ELZM Introduction An arm cylinder is a specially designed hydraulic cylinder used to provide linear motion and power to various types of machinery, such as excavators, cranes, and mechanical arms. Arm cylinders play a key role in hydraulic systems, allowing for effective movement and control of attachments and accessories. These cylinders [&hellip;]<\/p>","protected":false},"featured_media":14777,"comment_status":"open","ping_status":"closed","template":"","meta":{"_et_pb_use_builder":"","_et_pb_old_content":"","_et_gb_content_width":""},"product_brand":[],"product_cat":[1497],"product_tag":[1498,1496],"class_list":{"0":"post-16629","1":"product","2":"type-product","3":"status-publish","4":"has-post-thumbnail","6":"product_cat-arm-cylinders","7":"product_tag-arm-cylinders","8":"product_tag-hydraulic-cylinders","10":"first","11":"instock","12":"shipping-taxable","13":"product-type-simple"},"amp_enabled":true,"_links":{"self":[{"href":"https:\/\/www.hydraulic-cylinders.net\/et\/wp-json\/wp\/v2\/product\/16629","targetHints":{"allow":["GET"]}}],"collection":[{"href":"https:\/\/www.hydraulic-cylinders.net\/et\/wp-json\/wp\/v2\/product"}],"about":[{"href":"https:\/\/www.hydraulic-cylinders.net\/et\/wp-json\/wp\/v2\/types\/product"}],"replies":[{"embeddable":true,"href":"https:\/\/www.hydraulic-cylinders.net\/et\/wp-json\/wp\/v2\/comments?post=16629"}],"wp:featuredmedia":[{"embeddable":true,"href":"https:\/\/www.hydraulic-cylinders.net\/et\/wp-json\/wp\/v2\/media\/14777"}],"wp:attachment":[{"href":"https:\/\/www.hydraulic-cylinders.net\/et\/wp-json\/wp\/v2\/media?parent=16629"}],"wp:term":[{"taxonomy":"product_brand","embeddable":true,"href":"https:\/\/www.hydraulic-cylinders.net\/et\/wp-json\/wp\/v2\/product_brand?post=16629"},{"taxonomy":"product_cat","embeddable":true,"href":"https:\/\/www.hydraulic-cylinders.net\/et\/wp-json\/wp\/v2\/product_cat?post=16629"},{"taxonomy":"product_tag","embeddable":true,"href":"https:\/\/www.hydraulic-cylinders.net\/et\/wp-json\/wp\/v2\/product_tag?post=16629"}],"curies":[{"name":"wp","href":"https:\/\/api.w.org\/{rel}","templated":true}]}}