{"id":16661,"date":"2025-01-21T05:44:58","date_gmt":"2025-01-21T05:44:58","guid":{"rendered":"https:\/\/www.hydraulic-cylinders.net\/product\/arm-cylinder-for-case-wheel-excavator-wx168\/"},"modified":"2025-01-21T05:45:13","modified_gmt":"2025-01-21T05:45:13","slug":"arm-cylinder-for-case-wheel-excavator-wx168","status":"publish","type":"product","link":"https:\/\/www.hydraulic-cylinders.net\/et\/toode\/arm-cylinder-for-case-wheel-excavator-wx168\/","title":{"rendered":"Case ratasekskavaatori WX168 \u00f5lavarre silinder"},"content":{"rendered":"<h1>Case ratasekskavaatori WX168 \u00f5lavarre silinder<\/h1>\n<h2>Sissejuhatus<\/h2>\n<p>H\u00fcdrovarre silinder on spetsiaalselt konstrueeritud h\u00fcdrauliline silinder, mida kasutatakse peamiselt lineaarse liikumise ja j\u00f5u tagamiseks erinevat t\u00fc\u00fcpi masinate, n\u00e4iteks ekskavaatorite, kraanade ja manipulaatorite, hoobadele. H\u00fcdrovarre silinder m\u00e4ngib h\u00fcdraulikas\u00fcsteemis olulist rolli, v\u00f5imaldades t\u00e4iendavate t\u00f6\u00f6riistade v\u00f5i lisaseadmete liikumist ja t\u00f5husat juhtimist. Need silindrid mitte ainult ei taga sujuvat liikumist, vaid kannavad ka suuri koormusi, tagades masinate t\u00f5husa t\u00f6\u00f6 ja t\u00f6\u00f6kindluse erinevates t\u00f6\u00f6tingimustes.<\/p>\n<p><img decoding=\"async\" src=\"https:\/\/www.hydraulic-cylinders.net\/wp-content\/uploads\/2025\/01\/songte-company-2.webp\" alt=\"Case ratasekskavaatori WX168 \u00f5lavarre silinder\"><\/p>\n<h2>Omadused<\/h2>\n<ul>\n<li>V\u00e4ga efektiivne j\u00f5u\u00fclekanne: Pooliha silinder tagab tugeva lineaarse liikumise ja j\u00f5u, tagades masina poolihase suure j\u00f5udluse erinevates toimingutes.<\/li>\n<li>T\u00e4pne juhtimine: H\u00fcdraulilise s\u00fcsteemi abil saab k\u00e4sivarre silinder saavutada t\u00e4pse liikumise juhtimise, muutes lisat\u00f6\u00f6riistade t\u00f6\u00f6 paindlikumaks ja t\u00e4psemaks.<\/li>\n<li>Tugev vastupidavus: \u00d5\u00f5tshoova silindrid on tavaliselt valmistatud \u00fclitugevatest materjalidest ning neil on hea kulumis- ja korrosioonikindlus, mist\u00f5ttu need sobivad pikaajaliseks kasutamiseks karmides keskkondades.<\/li>\n<li>Mitmekordne funktsionaalne kohanemisv\u00f5ime: neid silindreid saab laialdaselt kasutada erinevates mehaanilistes seadmetes, nagu ekskavaatorid, kraanad ja manipulaatorid, kohandudes erinevate t\u00f6\u00f6n\u00f5uetega.<\/li>\n<li>Lihtne hooldus: T\u00e4helepanu p\u00f6\u00f6rati lihtsale hooldusele ja asendamisele, mis muudab regulaarsed kontrollid ja hoolduse mugavamaks ning v\u00e4hendab seadmete seisakuid.<\/li>\n<\/ul>\n<p>Me saame seda toodet toota ja meie toode saab neid h\u00fcdrosilindreid ideaalselt asendada.<\/p>\n<p><img decoding=\"async\" src=\"https:\/\/www.hydraulic-cylinders.net\/wp-content\/uploads\/2025\/01\/songte-oil-pipes-and-spare-parts.webp\" alt=\"Case ratasekskavaatori WX168 \u00f5lavarre silinder\"><\/p>\n<h2>Rakendused<\/h2>\n<p>K\u00e4epideme silindril on lai valik rakendusi erinevates t\u00f6\u00f6stusharudes:<\/p>\n<ul>\n<li>Ehitustehnika: Ekskavaatorites ja kraanades kasutatakse poomisilindrit labidate v\u00f5i poomide liikumise juhtimiseks mullat\u00f6\u00f6del, materjalide k\u00e4itlemisel ja konstruktsioonide paigaldamisel.<\/li>\n<li>Tootmine: Automatiseeritud tootmisliinidel kasutatakse k\u00e4sisilindrit manipulaatorite liigutamiseks, montaa\u017eiks, keevitamiseks ja k\u00e4itlemisprotsessideks, et parandada tootmise efektiivsust ja t\u00e4psust.<\/li>\n<li>P\u00f5llumajandusmasinad: P\u00f5llumajandusmasinates, n\u00e4iteks kombainides ja k\u00fclvikutes, juhib \u00f5lavarre silinder t\u00f6\u00f6\u00f5lgade liikumist selliste \u00fclesannete t\u00e4itmiseks nagu k\u00fclvamine, v\u00e4etamine ja koristamine.<\/li>\n<li>Kaevandamine: Kaevandusseadmetes kasutatakse kaevandusseadmete kaevandamise ja maagide k\u00e4itlemise kaevandusseadmete kaevandussilindrit.<\/li>\n<li>Logistika ja transport: Kahvelt\u00f5stukites ja robotites kasutatakse kahvliharude t\u00f5stmise ja liikumise juhtimiseks k\u00e4esilindrit, teostades materjalide k\u00e4itlemist ja virnastamist.<\/li>\n<\/ul>\n<h2>Projekteerimiskaalutlused ja valikustandardid<\/h2>\n<ul>\n<li>Kandev\u00f5ime: K\u00e4epideme kandev\u00f5ime peaks olema v\u00f5imeline taluma masina maksimaalset koormust t\u00f6\u00f6tamise ajal.<\/li>\n<li>Tihendus: Kasutatakse mitmesuguseid tihenduskomponente, n\u00e4iteks kolvitihendeid ja vardatihendeid, mis on valmistatud kulumiskindlatest materjalidest, n\u00e4iteks pol\u00fcuretaanist ja nitriilkummist. Silindri korpus ja keermestatud otsapinnad on peenelt t\u00f6\u00f6deldud, et parandada kulumiskindlust. <\/li>\n<li>Vastupidavus: \u00d5\u00f5tshoova silindri \u00fclitugev materjal ning hea kulumis- ja korrosioonikindlus tagavad selle vastupidavuse karmides keskkonnatingimustes.<\/li>\n<li>Ohutus: H\u00fcdraulikas\u00fcsteemi tuleks paigaldada ohutusseadised, n\u00e4iteks kaitseklapid, et v\u00e4ltida \u00fclekoormust ja tagada ohutu t\u00f6\u00f6.<\/li>\n<li>Hooldatavus: K\u00e4epideme silindri konstruktsiooni tuleks arvestada h\u00f5lpsa hoolduse ja vahetamise v\u00f5imalusega, tagades mugavad regulaarsed kontrollid ja hooldus ning v\u00e4hendades seadmete seisakuid.<\/li>\n<\/ul>\n<p><img decoding=\"async\" src=\"https:\/\/www.hydraulic-cylinders.net\/wp-content\/uploads\/2025\/01\/songte-cylinder-head-with-all-kinds-excavator-models.webp\" alt=\"Case ratasekskavaatori WX168 \u00f5lavarre silinder\"><\/p>\n<h2>Tihendus ja m\u00e4\u00e4rimine<\/h2>\n<p>K\u00e4epideme silindris kasutatakse mitmesuguseid tihenduskomponente, n\u00e4iteks kolvitihendusr\u00f5ngaid ja vardatihendusr\u00f5ngaid, mis on valmistatud kulumiskindlatest materjalidest, nagu pol\u00fcuretaan ja nitriilkummi. Silindri korpus ja keermestatud otsapinnad on peenelt t\u00f6\u00f6deldud, et parandada kulumiskindlust. Samuti tuleb silindrit regulaarselt m\u00e4\u00e4rida sobiva koguse h\u00fcdraulika\u00f5liga, et tagada sujuv t\u00f6\u00f6.<\/p>\n<p><img decoding=\"async\" src=\"https:\/\/www.hydraulic-cylinders.net\/wp-content\/uploads\/2025\/01\/songte-chushion-collar.webp\" alt=\"Case ratasekskavaatori WX168 \u00f5lavarre silinder\"><\/p>\n<h2>Regulaarne kontroll ja ennetav hooldus<\/h2>\n<ul>\n<li>K\u00e4epideme silindri regulaarne kontroll lekete ja tihendite v\u00f5i korpuse kahjustuste suhtes.<\/li>\n<li>Kulunud v\u00f5i kahjustatud komponentide, n\u00e4iteks kolvitihendite v\u00f5i vardatihendite vahetamine.<\/li>\n<li>H\u00fcdraulika\u00f5li kontrollimine ja vahetamine \u00f5ige m\u00e4\u00e4rimistase s\u00e4ilitamiseks.<\/li>\n<li>H\u00fcdraulikas\u00fcsteemi kaitseventiilide heas seisukorras ja etten\u00e4htud viisil toimimise tagamine.<\/li>\n<\/ul>\n<h2>Paigaldusjuhend<\/h2>\n<p>\u00d5\u00f5tshoova silindri paigaldamise kohta vaadake tootja juhiseid. Enne paigaldamist veenduge, et h\u00fcdros\u00fcsteem on v\u00e4lja l\u00fclitatud ja k\u00f5ik komponendid on pingutatud soovitatud p\u00f6\u00f6rdemomendiga. P\u00e4rast paigaldamist kontrollige silindri t\u00f6\u00f6d, et veenduda selle n\u00f5uetekohases toimimises.<\/p>\n<p><img decoding=\"async\" src=\"https:\/\/www.hydraulic-cylinders.net\/wp-content\/uploads\/2025\/01\/songte-bushings-with-all-kinds-of-excavator-models.webp\" alt=\"Case ratasekskavaatori WX168 \u00f5lavarre silinder\"><\/p>\n<h2>Ohutuskaalutlused ja keskkonnategurid<\/h2>\n<p>H\u00fcdrauliliste s\u00fcsteemidega masinate, sealhulgas poomisilindrite k\u00e4itamisel on ohutusmeetmed \u00fcliolulised. H\u00fcdraulikas\u00fcsteemi tuleks paigaldada ohutusseadised, n\u00e4iteks kaitseklapid, et v\u00e4ltida \u00fclekoormust ja tagada ohutu t\u00f6\u00f6. Keskkonnategurite osas tuleks poomisilinder keskkonnakahjustuste v\u00e4ltimiseks n\u00f5uetekohaselt utiliseerida v\u00f5i taaskasutada.<\/p>\n<h2>Veaotsing ja levinud probleemid<\/h2>\n<p>\u00d5\u00f5tshoova silindri levinud probleemide hulka kuuluvad \u00f5lilekked ja j\u00f5udluse v\u00e4henemine, mis on p\u00f5hjustatud kulunud tihendite v\u00f5i muude kahjustatud komponentide poolt. Selliste probleemide ilmnemisel lugege probleemi diagnoosimiseks ja lahendamiseks tootja juhiseid.<\/p>\n<h2>Kokkuv\u00f5te<\/h2>\n<p>Oleme professionaalne asendush\u00fcdrauliliste silindrite tootja ning meie tooted on asendanud laia valikut h\u00fcdraulilisi silindreid. Meie tooted on laia valikuga ja oleme saanud \u00fcheks juhtivaks h\u00fcdrauliliste silindrite tootjaks ja hulgim\u00fc\u00fcjaks nii sise- kui ka rahvusvahelisel turul. Peame j\u00e4rjepidevalt kinni tippkvaliteedi p\u00f5him\u00f5ttest, t\u00e4iustades pidevalt oma tehnoloogiat ja tootmise efektiivsust. Tipptasemel digitaalsete tootmisseadmete ja professionaalsete testimiss\u00fcsteemide juurutamise kaudu optimeerime oma tootmisplatvormi ja t\u00e4iustame oma tootekvaliteedi kontrolli protsessi, muutes meid v\u00e4ga innovaatiliseks ettev\u00f5tteks. Meie eesm\u00e4rk on rahuldada oma klientide mitmekesiseid vajadusi suure efektiivsuse, t\u00e4psuse ja kvaliteetsete toodetega.<\/p>\n<p><img decoding=\"async\" src=\"https:\/\/www.hydraulic-cylinders.net\/wp-content\/uploads\/2025\/01\/songte-company-4.webp\" alt=\"Case ratasekskavaatori WX168 \u00f5lavarre silinder\"><br \/>\n<img decoding=\"async\" src=\"https:\/\/www.hydraulic-cylinders.net\/wp-content\/uploads\/2025\/01\/songte-company-3.webp\" alt=\"Case ratasekskavaatori WX168 \u00f5lavarre silinder\"><\/p>\n<p>Autor: lyl.<\/p>","protected":false},"excerpt":{"rendered":"<p>Arm Cylinder For Case Wheel Excavator WX168 Introduction An arm cylinder is a specially designed hydraulic cylinder that is primarily used to provide linear motion and power to the arms of various types of machinery such as excavators, cranes, and manipulators. The arm cylinder plays a crucial role in the hydraulic system, enabling additional tools [&hellip;]<\/p>","protected":false},"featured_media":14774,"comment_status":"open","ping_status":"closed","template":"","meta":{"_et_pb_use_builder":"","_et_pb_old_content":"","_et_gb_content_width":""},"product_brand":[],"product_cat":[1497],"product_tag":[1498,1496],"class_list":{"0":"post-16661","1":"product","2":"type-product","3":"status-publish","4":"has-post-thumbnail","6":"product_cat-arm-cylinders","7":"product_tag-arm-cylinders","8":"product_tag-hydraulic-cylinders","10":"first","11":"instock","12":"shipping-taxable","13":"product-type-simple"},"amp_enabled":true,"_links":{"self":[{"href":"https:\/\/www.hydraulic-cylinders.net\/et\/wp-json\/wp\/v2\/product\/16661","targetHints":{"allow":["GET"]}}],"collection":[{"href":"https:\/\/www.hydraulic-cylinders.net\/et\/wp-json\/wp\/v2\/product"}],"about":[{"href":"https:\/\/www.hydraulic-cylinders.net\/et\/wp-json\/wp\/v2\/types\/product"}],"replies":[{"embeddable":true,"href":"https:\/\/www.hydraulic-cylinders.net\/et\/wp-json\/wp\/v2\/comments?post=16661"}],"wp:featuredmedia":[{"embeddable":true,"href":"https:\/\/www.hydraulic-cylinders.net\/et\/wp-json\/wp\/v2\/media\/14774"}],"wp:attachment":[{"href":"https:\/\/www.hydraulic-cylinders.net\/et\/wp-json\/wp\/v2\/media?parent=16661"}],"wp:term":[{"taxonomy":"product_brand","embeddable":true,"href":"https:\/\/www.hydraulic-cylinders.net\/et\/wp-json\/wp\/v2\/product_brand?post=16661"},{"taxonomy":"product_cat","embeddable":true,"href":"https:\/\/www.hydraulic-cylinders.net\/et\/wp-json\/wp\/v2\/product_cat?post=16661"},{"taxonomy":"product_tag","embeddable":true,"href":"https:\/\/www.hydraulic-cylinders.net\/et\/wp-json\/wp\/v2\/product_tag?post=16661"}],"curies":[{"name":"wp","href":"https:\/\/api.w.org\/{rel}","templated":true}]}}