{"id":16677,"date":"2025-01-21T05:46:18","date_gmt":"2025-01-21T05:46:18","guid":{"rendered":"https:\/\/www.hydraulic-cylinders.net\/product\/arm-cylinder-for-world-large-excavator-w2425lc-8\/"},"modified":"2025-01-21T05:46:20","modified_gmt":"2025-01-21T05:46:20","slug":"arm-cylinder-for-world-large-excavator-w2425lc-8","status":"publish","type":"product","link":"https:\/\/www.hydraulic-cylinders.net\/et\/toode\/arm-cylinder-for-world-large-excavator-w2425lc-8\/","title":{"rendered":"Maailma suurekskavaatori W2425LC-8 \u00f5lavarre silinder"},"content":{"rendered":"<h2>Maailma suurekskavaatori W2425LC-8 \u00f5lavarre silinder<\/h2>\n<h3>Sissejuhatus<\/h3>\n<p>H\u00fcdrovarda silinder on spetsiaalselt konstrueeritud h\u00fcdrauliline silinder, mida kasutatakse lineaarse liikumise ja j\u00f5u tagamiseks erinevat t\u00fc\u00fcpi masinavarrastele, n\u00e4iteks ekskavaatoritele, kraanadele ja mehaanilistele varrastele. H\u00fcdrovarda silinder m\u00e4ngib h\u00fcdraulikas\u00fcsteemides olulist rolli, v\u00f5imaldades t\u00e4iendavate t\u00f6\u00f6riistade v\u00f5i lisaseadmete t\u00f5husat liikumist ja juhtimist. Need silindrid mitte ainult ei taga sujuvat liikumist, vaid taluvad ka suuri koormusi, tagades masina t\u00f5husa t\u00f6\u00f6 ja t\u00f6\u00f6kindluse erinevates t\u00f6\u00f6tingimustes.<\/p>\n<p><img decoding=\"async\" src=\"https:\/\/www.hydraulic-cylinders.net\/wp-content\/uploads\/2025\/01\/songte-company-2.webp\" alt=\"K\u00e4e silindri pilt\"><\/p>\n<h3>Omadused<\/h3>\n<ul>\n<li>T\u00f5hus j\u00f5u\u00fclekanne: K\u00e4epideme silinder suudab pakkuda v\u00f5imsat lineaarset liikumist ja j\u00f5udu, tagades masinak\u00e4epideme k\u00f5rge efektiivsuse erinevates toimingutes.<\/li>\n<li>T\u00e4pne juhtimine: H\u00fcdraulilise s\u00fcsteemi abil saab k\u00e4sivarre silinder saavutada t\u00e4pse liikumise juhtimise, muutes lisat\u00f6\u00f6riistade t\u00f6\u00f6 paindlikumaks ja t\u00e4psemaks.<\/li>\n<li>Vastupidav: K\u00e4epideme silindrid on tavaliselt valmistatud \u00fclitugevatest materjalidest, millel on hea kulumiskindlus ja korrosioonikindlus ning mis sobivad pikaajaliseks kasutamiseks karmides keskkondades.<\/li>\n<li>Mitmeotstarbeline kohanemisv\u00f5ime: Neid silindreid saab laialdaselt kasutada erinevates mehaanilistes seadmetes, nagu ekskavaatorid, kraanad ja mehaanilised k\u00e4ed, et t\u00e4ita erinevaid t\u00f6\u00f6n\u00f5udeid.<\/li>\n<li>Lihtne hooldus: loodud h\u00f5lpsaks hoolduseks ja vahetamiseks, muutes regulaarse kontrolli ja hoolduse mugavamaks, v\u00e4hendades seadmete seisakuid.<\/li>\n<\/ul>\n<p>Me saame seda toodet toota ja meie tooted saavad neid h\u00fcdrosilindreid ideaalselt asendada.<\/p>\n<p><img decoding=\"async\" src=\"https:\/\/www.hydraulic-cylinders.net\/wp-content\/uploads\/2025\/01\/songte-oil-pipes-and-spare-parts.webp\" alt=\"Toote pilt\"><\/p>\n<h3>Rakendused<\/h3>\n<p>K\u00e4epideme silindrit saab kasutada erinevates t\u00f6\u00f6stusharudes ja rakendustes, sealhulgas:<\/p>\n<ul>\n<li>Ehitus: Ekskavaatorites ja kraanades kasutatakse poomisilindrit \u00e4mbrite v\u00f5i poomide liikumise juhtimiseks mullat\u00f6\u00f6del, materjalide k\u00e4itlemisel ja konstruktsioonide paigaldamisel.<\/li>\n<li>Tootmine: Automatiseeritud tootmisliinidel kasutatakse \u00f5lasilindrit mehaaniliste \u00f5la liigutamiseks montaa\u017ei-, keevitus- ja k\u00e4sitsemisprotsessides, parandades tootmise efektiivsust ja t\u00e4psust.<\/li>\n<li>P\u00f5llumajandustehnika: P\u00f5llumajandustehnikas, n\u00e4iteks kombainides ja istutusmasinates, juhib \u00f5\u00f5tsilinder t\u00f6\u00f6\u00f5lgade liikumist, t\u00e4ites selliseid \u00fclesandeid nagu istutamine, v\u00e4etamine ja koristamine.<\/li>\n<li>Kaevandamine: Kaevandusseadmetes kasutatakse kaevandusseadmete kaevandushoobade liikumise juhtimiseks kaevandamisel ja materjalide k\u00e4itlemisel k\u00e4sisilindrit.<\/li>\n<li>Logistika ja transport: Kahvelt\u00f5stukites ja robotites kasutatakse kahvliharude t\u00f5stmise ja liikumise juhtimiseks k\u00e4esilindrit, teostades materjalide k\u00e4itlemist ja virnastamist.<\/li>\n<\/ul>\n<h3>Projekteerimiskaalutlused ja valikukriteeriumid<\/h3>\n<p>K\u00e4epideme silindri konstruktsiooni kaalutluste hulka kuuluvad kandev\u00f5ime, tihendus, vastupidavus, ohutus ja hooldatavus.<\/p>\n<ul>\n<li>Kandev\u00f5ime: Poosilindril peaks olema piisav kandev\u00f5ime, et taluda masina poo ja lisat\u00f6\u00f6riistade koormust.<\/li>\n<li>Tihendus: Vedeliku lekke v\u00e4ltimiseks on olulised mitmesugused tihenduselemendid, n\u00e4iteks kolvitihendid ja varrastihendid. Tihendid peaksid olema valmistatud kulumiskindlatest materjalidest, n\u00e4iteks pol\u00fcuretaanist ja nitriilkummist.<\/li>\n<li>Vastupidavus: K\u00e4epideme silinder peaks olema valmistatud \u00fclitugevatest ja kulumiskindlatest materjalidest, n\u00e4iteks terasulamidest, et tagada pikaajaline kasutamine karmides tingimustes.<\/li>\n<li>Ohutus: \u00d5\u00f5tsilinder peaks olema konstrueeritud ohutusfunktsioonidega, n\u00e4iteks r\u00f5huvabastusventiilidega, et v\u00e4ltida \u00fcler\u00f5hust v\u00f5i muudest riketest tingitud \u00f5nnetusi.<\/li>\n<li>Hooldatavus: \u00d5\u00f5tsilinder peaks olema konstrueeritud nii, et seda oleks lihtne hooldada ja vahetada, pakkudes h\u00f5lpsat juurdep\u00e4\u00e4su olulistele komponentidele, nagu tihendid ja laagrid.<\/li>\n<\/ul>\n<p><img decoding=\"async\" src=\"https:\/\/www.hydraulic-cylinders.net\/wp-content\/uploads\/2025\/01\/songte-cylinder-head-with-all-kinds-excavator-models.webp\" alt=\"Kujunduspilt\"><\/p>\n<h3>Tihendus ja m\u00e4\u00e4rimine<\/h3>\n<p>Silindri \u00f5\u00f5tshoovas kasutatakse vedeliku lekke v\u00e4ltimiseks mitmesuguseid tihenduselemente, n\u00e4iteks kolvitihendeid ja vardatihendeid. Need tihendid on valmistatud kulumiskindlatest materjalidest, nagu pol\u00fcuretaan ja nitriilkummi. Silindri korpus ja keermeotsa pind on peenelt t\u00f6\u00f6deldud, et parandada kulumiskindlust. Silindri sujuva t\u00f6\u00f6 s\u00e4ilitamiseks on vajalik regulaarne \u00f5litamine.<\/p>\n<h3>Hooldus ja remont<\/h3>\n<p>K\u00e4epideme n\u00f5uetekohase t\u00f6\u00f6 tagamiseks on vajalik regulaarne kontroll ja ennetav hooldus. Soovitatav on v\u00f5tta j\u00e4rgmised meetmed:<\/p>\n<ul>\n<li>Vedeliku lekke ja kulumise v\u00e4ltimiseks kontrollige ja vahetage regulaarselt tihendeid ja laagreid.<\/li>\n<li>Kontrollige kolvivarda kahjustuste v\u00f5i kulumise suhtes ja vajadusel vahetage see v\u00e4lja.<\/li>\n<li>Kontrollige h\u00fcdraulika\u00fchendusi lekete v\u00f5i kahjustuste suhtes.<\/li>\n<li>H\u00fcdraulika\u00f5li tuleb regulaarselt vahetada, et s\u00e4ilitada korralik m\u00e4\u00e4rimine ja v\u00e4ltida saastumist.<\/li>\n<\/ul>\n<p><img decoding=\"async\" src=\"https:\/\/www.hydraulic-cylinders.net\/wp-content\/uploads\/2025\/01\/songte-chushion-collar.webp\" alt=\"Hoolduspilt\"><\/p>\n<h3>Paigaldusjuhend<\/h3>\n<p>Silindripea paigaldamiseks on soovitatavad j\u00e4rgmised sammud:<\/p>\n<ol>\n<li>Puhastage paigalduspinnad ja veenduge, et need oleksid prahist v\u00f5i saasteainetest vabad.<\/li>\n<li>Veenduge, et h\u00fcdraulika\u00fchendused on korralikult joondatud ja pingutatud.<\/li>\n<li>Kinnitage silinder masina k\u00e4e k\u00fclge ja veenduge, et see on kindlalt kinnitatud.<\/li>\n<li>Enne masina kasutamist kontrollige h\u00fcdraulikas\u00fcsteemi lekete v\u00f5i muude probleemide suhtes.<\/li>\n<\/ol>\n<p><img decoding=\"async\" src=\"https:\/\/www.hydraulic-cylinders.net\/wp-content\/uploads\/2025\/01\/songte-bushings-with-all-kinds-of-excavator-models.webp\" alt=\"Installipilt\"><\/p>\n<h3>Ohutuskaalutlused ja keskkonnategurid<\/h3>\n<p>H\u00fcdrauliliste silindritega t\u00f6\u00f6tamisel on ohutusmeetmed h\u00e4davajalikud. J\u00e4rgida tuleks j\u00e4rgmisi ohutusn\u00f5udeid:<\/p>\n<ul>\n<li>Enne h\u00fcdros\u00fcsteemi kallal t\u00f6\u00f6tamist veenduge, et masinad on korralikult toestatud ja kinnitatud.<\/li>\n<li>Kandke sobivaid isikukaitsevahendeid, n\u00e4iteks kindaid ja silmakaitset.<\/li>\n<li>V\u00e4ltige h\u00fcdrauliliste komponentide puudutamist masina t\u00f6\u00f6tamise ajal.<\/li>\n<li>H\u00fcdrauliliste vedelikega t\u00f6\u00f6tamisel tuleb olla ettevaatlik, kuna need v\u00f5ivad olla nahale ja silmadele kahjulikud.<\/li>\n<\/ul>\n<h3>Veaotsing ja levinud probleemid<\/h3>\n<p>\u00d5\u00f5tshoova silindri levinud probleemide hulka v\u00f5ivad kuuluda vedeliku leke, kolvivarda v\u00f5i tihendite kulumine v\u00f5i kahjustused ning h\u00fcdraulikas\u00fcsteemi talitlush\u00e4ired. Nende probleemide diagnoosimiseks ja lahendamiseks on soovitatav j\u00e4rgida j\u00e4rgmisi n\u00e4pun\u00e4iteid:<\/p>\n<ul>\n<li>Kontrollige h\u00fcdraulika\u00fchendusi lekete v\u00f5i kahjustuste suhtes.<\/li>\n<li>Kontrollige tihendite ja laagrite kulumist v\u00f5i kahjustusi ning vajadusel vahetage need v\u00e4lja.<\/li>\n<li>Kontrollige kolvivarda kahjustuste v\u00f5i kulumise suhtes ja vajadusel vahetage see v\u00e4lja.<\/li>\n<li>Kontrollige h\u00fcdraulikas\u00fcsteemis \u00f5iget vedeliku taset ja r\u00f5hku.<\/li>\n<\/ul>\n<p>Ennetavad meetmed, nagu regulaarne hooldus ja \u00fclevaatus, v\u00f5ivad v\u00e4hendada selliste probleemide tekkimise t\u00f5en\u00e4osust.<\/p>\n<p><img decoding=\"async\" src=\"https:\/\/www.hydraulic-cylinders.net\/wp-content\/uploads\/2025\/01\/songte-company-4.webp\" alt=\"Ettev\u00f5tte kuvand\"><\/p>\n<h3>Meist<\/h3>\n<p>Oleme professionaalne asendush\u00fcdrauliliste silindrite tootja laia tootevalikuga ning oleme saanud \u00fcheks juhtivaks h\u00fcdrosilindrite tootjaks ja hulgim\u00fc\u00fcjaks nii sise- kui ka v\u00e4listurul. Peame alati kinni suurep\u00e4rase kvaliteedi p\u00f5him\u00f5ttest, toetume t\u00e4iustatud tootmist\u00f6\u00f6koja t\u00f6\u00f6stusliku tootmise juhtimise strateegiale ning t\u00e4iustame pidevalt oma tehnoloogiat ja tootmise efektiivsust. Tipptasemel digitaalsete tootmisseadmete ja professionaalsete testimiss\u00fcsteemide juurutamisega optimeerime pidevalt tootmisplatvormi ja t\u00e4iustame toote kvaliteedikontrolli protsessi, omades tugevat innovatsiooniv\u00f5imet. Meie eesm\u00e4rk on rahuldada klientide mitmekesiseid vajadusi suure efektiivsuse, t\u00e4psuse ja k\u00f5rge kvaliteediga.<\/p>\n<p>Pakume professionaalseid, kohandatud ja kvaliteetseid teenuseid rahvusvaheliste sertifikaatide ja t\u00e4ieliku tootevalikuga, spetsialiseerudes h\u00fcdrauliliste silindrite ja komponentide tootmisele. Meil \u200b\u200bon t\u00e4iustatud tootmisseadmed ja testimisinstrumendid ning range kvaliteedikontrollis\u00fcsteem, mis tagavad meie toodete k\u00f5rge kvaliteedi ja t\u00f6\u00f6kindluse. Meie m\u00fc\u00fcgij\u00e4rgne teenindus on suurep\u00e4rane, pakkudes klientidele professionaalset tehnilist tuge ja hooldusteenuseid.<\/p>\n<p><img decoding=\"async\" src=\"https:\/\/www.hydraulic-cylinders.net\/wp-content\/uploads\/2025\/01\/songte-company-3.webp\" alt=\"Ettev\u00f5tte kuvand\"><\/p>\n<p>Autor: lyl<\/p>","protected":false},"excerpt":{"rendered":"<p>Arm Cylinder For World Large Excavator W2425LC-8 Introduction The arm cylinder is a specially designed hydraulic cylinder used to provide linear motion and power to various types of machinery arms, such as excavators, cranes, and mechanical arms. The arm cylinder plays a crucial role in hydraulic systems, allowing for effective movement and control of additional [&hellip;]<\/p>","protected":false},"featured_media":14786,"comment_status":"open","ping_status":"closed","template":"","meta":{"_et_pb_use_builder":"","_et_pb_old_content":"","_et_gb_content_width":""},"product_brand":[],"product_cat":[1497],"product_tag":[1498,1496],"class_list":{"0":"post-16677","1":"product","2":"type-product","3":"status-publish","4":"has-post-thumbnail","6":"product_cat-arm-cylinders","7":"product_tag-arm-cylinders","8":"product_tag-hydraulic-cylinders","10":"first","11":"instock","12":"shipping-taxable","13":"product-type-simple"},"amp_enabled":true,"_links":{"self":[{"href":"https:\/\/www.hydraulic-cylinders.net\/et\/wp-json\/wp\/v2\/product\/16677","targetHints":{"allow":["GET"]}}],"collection":[{"href":"https:\/\/www.hydraulic-cylinders.net\/et\/wp-json\/wp\/v2\/product"}],"about":[{"href":"https:\/\/www.hydraulic-cylinders.net\/et\/wp-json\/wp\/v2\/types\/product"}],"replies":[{"embeddable":true,"href":"https:\/\/www.hydraulic-cylinders.net\/et\/wp-json\/wp\/v2\/comments?post=16677"}],"wp:featuredmedia":[{"embeddable":true,"href":"https:\/\/www.hydraulic-cylinders.net\/et\/wp-json\/wp\/v2\/media\/14786"}],"wp:attachment":[{"href":"https:\/\/www.hydraulic-cylinders.net\/et\/wp-json\/wp\/v2\/media?parent=16677"}],"wp:term":[{"taxonomy":"product_brand","embeddable":true,"href":"https:\/\/www.hydraulic-cylinders.net\/et\/wp-json\/wp\/v2\/product_brand?post=16677"},{"taxonomy":"product_cat","embeddable":true,"href":"https:\/\/www.hydraulic-cylinders.net\/et\/wp-json\/wp\/v2\/product_cat?post=16677"},{"taxonomy":"product_tag","embeddable":true,"href":"https:\/\/www.hydraulic-cylinders.net\/et\/wp-json\/wp\/v2\/product_tag?post=16677"}],"curies":[{"name":"wp","href":"https:\/\/api.w.org\/{rel}","templated":true}]}}