{"id":16688,"date":"2025-01-21T05:47:02","date_gmt":"2025-01-21T05:47:02","guid":{"rendered":"https:\/\/www.hydraulic-cylinders.net\/product\/arm-cylinder-for-jingong-wheel-type-jcm909l\/"},"modified":"2025-01-21T05:47:08","modified_gmt":"2025-01-21T05:47:08","slug":"arm-cylinder-for-jingong-wheel-type-jcm909l","status":"publish","type":"product","link":"https:\/\/www.hydraulic-cylinders.net\/et\/toode\/arm-cylinder-for-jingong-wheel-type-jcm909l\/","title":{"rendered":"Jingongi rattat\u00fc\u00fcbi JCM909L \u00f5\u00f5tsilinder"},"content":{"rendered":"<h1>Jingongi rattat\u00fc\u00fcbi JCM909L \u00f5\u00f5tsilinder<\/h1>\n<h2>Sissejuhatus<\/h2>\n<p>H\u00fcdrovarre silinder on spetsiaalselt konstrueeritud h\u00fcdrauliline silinder, mida kasutatakse peamiselt lineaarse liikumise ja j\u00f5u tagamiseks erinevat t\u00fc\u00fcpi masinate, n\u00e4iteks ekskavaatorite, kraanade ja mehaaniliste hoobade hoobadele. H\u00fcdrovarre silindritel on h\u00fcdraulikas\u00fcsteemides v\u00f5tmeroll, v\u00f5imaldades lisaseadmete v\u00f5i tarvikute liikumist ja t\u00f5husat juhtimist. Need silindrid mitte ainult ei saavuta sujuvat liikumist, vaid kannavad ka suuri koormusi, tagades masinate t\u00f5husa t\u00f6\u00f6 ja t\u00f6\u00f6kindluse erinevates t\u00f6\u00f6tingimustes.<\/p>\n<p><img decoding=\"async\" src=\"https:\/\/www.hydraulic-cylinders.net\/wp-content\/uploads\/2025\/01\/songte-company-2.webp\"><\/p>\n<h2>Omadused<\/h2>\n<ul>\n<li>\n<h3>Suure t\u00f5hususega \u00fclekanne<\/h3>\n<p>K\u00e4epideme silinder suudab pakkuda v\u00f5imsat lineaarset liikumist ja j\u00f5udu, tagades mehaanilise k\u00e4e k\u00f5rge efektiivsuse erinevates toimingutes.<\/p>\n<\/li>\n<li>\n<h3>T\u00e4pne kontroll<\/h3>\n<p>H\u00fcdraulilise s\u00fcsteemi abil saab poomi silinder saavutada t\u00e4pse liikumise juhtimise, muutes lisaseadmete t\u00f6\u00f6 paindlikumaks ja t\u00e4psemaks.<\/p>\n<\/li>\n<li>\n<h3>Tugev vastupidavus<\/h3>\n<p>K\u00e4epideme silindrid on tavaliselt valmistatud \u00fclitugevatest materjalidest, millel on hea kulumiskindlus ja korrosioonikindlus ning mis sobivad pikaajaliseks kasutamiseks karmides keskkondades.<\/p>\n<\/li>\n<li>\n<h3>Multifunktsionaalne kohanemisv\u00f5ime<\/h3>\n<p>Neid silindreid saab laialdaselt kasutada erinevates mehaanilistes seadmetes, n\u00e4iteks ekskavaatorites, kraanades ja mehaanilistes k\u00e4sivartes, kohandudes erinevate t\u00f6\u00f6n\u00f5uetega.<\/p>\n<\/li>\n<li>\n<h3>Lihtne hooldus<\/h3>\n<p>Lihtsat hooldust ja vahetust silmas pidades on konstrueeritud nii, et regulaarne kontroll ja hooldus on mugavamad, v\u00e4hendades seadmete seisakuid.<\/p>\n<\/li>\n<\/ul>\n<p>Saame seda toodet toota nende h\u00fcdrauliliste silindrite ideaalseks asenduseks.<\/p>\n<p><img decoding=\"async\" src=\"https:\/\/www.hydraulic-cylinders.net\/wp-content\/uploads\/2025\/01\/songte-oil-pipes-and-spare-parts.webp\"><\/p>\n<h2>Rakendused<\/h2>\n<p>K\u00e4epideme silindreid kasutatakse erinevates t\u00f6\u00f6stusharudes, sealhulgas:<\/p>\n<ul>\n<li>\n<h3>Ehitustehnika<\/h3>\n<p>Ekskavaatorites ja kraanades kasutatakse poomisilindreid koppade v\u00f5i poomide liikumise juhtimiseks mullat\u00f6\u00f6del, materjalide k\u00e4itlemisel ja konstruktsioonide paigaldamisel.<\/p>\n<\/li>\n<li>\n<h3>T\u00f6\u00f6tlev t\u00f6\u00f6stus<\/h3>\n<p>Automatiseeritud tootmisliinidel kasutatakse mehaaniliste \u00f5lgade liigutamiseks \u00f5lasilindreid, et teostada montaa\u017ei-, keevitus- ja k\u00e4sitsemisprotsesse, parandades tootmise efektiivsust ja t\u00e4psust.<\/p>\n<\/li>\n<li>\n<h3>P\u00f5llumajandustehnika<\/h3>\n<p>P\u00f5llumajandusmasinates, n\u00e4iteks kombainides ja k\u00fclvikutes, juhivad \u00f5\u00f5tshoova liikumist \u00f5\u00f5tshoobsilindrid, t\u00e4ites selliseid \u00fclesandeid nagu istutamine, v\u00e4etamine ja koristamine.<\/p>\n<\/li>\n<li>\n<h3>Kaevandamine<\/h3>\n<p>Kaevandusseadmetes kasutatakse maagi kaevandamise ja transportimise kaevandusseadmete k\u00e4e liikumise juhtimiseks k\u00e4e silindreid.<\/p>\n<\/li>\n<li>\n<h3>Logistika ja transport<\/h3>\n<p>Kahvelt\u00f5stukites ja robotites kasutatakse kahvli t\u00f5stmise ja liikumise juhtimiseks k\u00e4sisilindreid, mis teostavad materjalide k\u00e4itlemist ja virnastamist.<\/p>\n<\/li>\n<\/ul>\n<h2>Projekteerimiskaalutlused ja valikukriteeriumid<\/h2>\n<ul>\n<li>\n<h3>Kandev\u00f5ime<\/h3>\n<p>K\u00e4epideme silindrid peaksid olema konstrueeritud nii, et need taluksid eeldatavat koormust nende t\u00f6\u00f6tamise ajal, et tagada ohutu ja usaldusv\u00e4\u00e4rne kasutamine.<\/p>\n<\/li>\n<li>\n<h3>Tihendusv\u00f5ime<\/h3>\n<p>Vedeliku lekke v\u00e4ltimiseks ja silindri j\u00f5udluse s\u00e4ilitamiseks tuleks kasutada mitmesuguseid tihendeid, n\u00e4iteks kolvitihendeid ja vardatihendeid.<\/p>\n<\/li>\n<li>\n<h3>Vastupidavus<\/h3>\n<p>K\u00e4epideme silindrid peaksid olema valmistatud \u00fclitugevatest materjalidest ja l\u00e4bima peene pinnat\u00f6\u00f6tluse, et parandada nende kulumiskindlust ja korrosioonikindlust.<\/p>\n<\/li>\n<li>\n<h3>Ohutus<\/h3>\n<p>K\u00e4epidemete silindrid tuleks konstrueerida ohutust silmas pidades, v\u00f5ttes arvesse meetmeid \u00f5nnetuste v\u00e4ltimiseks nende t\u00f6\u00f6tamise ajal.<\/p>\n<\/li>\n<li>\n<h3>Hooldus<\/h3>\n<p>Seadmete seisakuaja ja kulude v\u00e4hendamiseks peaksid \u00f5lasilindrid olema konstrueeritud h\u00f5lpsaks hoolduseks ja remondiks.<\/p>\n<\/li>\n<\/ul>\n<p><img decoding=\"async\" src=\"https:\/\/www.hydraulic-cylinders.net\/wp-content\/uploads\/2025\/01\/songte-cylinder-head-with-all-kinds-excavator-models.webp\"><\/p>\n<h2>Tihendus ja m\u00e4\u00e4rimine<\/h2>\n<p>Silindrihargi silindrites tuleks vedeliku lekke v\u00e4ltimiseks ja silindri j\u00f5udluse s\u00e4ilitamiseks kasutada mitmesuguseid tihendeid, n\u00e4iteks kolvi- ja varrastihendeid. Tihendid peaksid olema valmistatud kulumiskindlatest materjalidest, n\u00e4iteks pol\u00fcuretaanist ja nitriilkummist. Lisaks tuleks silindri korpust ja keermestatud otsapinda peenelt t\u00f6\u00f6delda, et parandada nende kulumiskindlust. Silindri sujuva ja t\u00f5husa t\u00f6\u00f6 tagamiseks on vaja ka regulaarset m\u00e4\u00e4rimist sobiva h\u00fcdraulika\u00f5liga.<\/p>\n<h2>Ennetav hooldus ja t\u00f5rkeotsing<\/h2>\n<p>V\u00f5imalike probleemide v\u00e4ltimiseks ning \u00f5\u00f5tssilindrite t\u00f6\u00f6kindluse ja j\u00f5udluse tagamiseks tuleks teostada regulaarseid kontrolle ja hooldust. Veaotsing v\u00f5ib h\u00f5lmata j\u00e4rgmist:<\/p>\n<ul>\n<li>\n<h3>Leke<\/h3>\n<p>Kontrollige, kas tihendid on kahjustatud v\u00f5i kulunud, ja vajadusel vahetage need v\u00e4lja.<\/p>\n<\/li>\n<li>\n<h3>Madal efektiivsus<\/h3>\n<p>Kontrollige, kas silinder t\u00f6\u00f6tab sujuvalt, ja kontrollige h\u00fcdraulikas\u00fcsteemi rikete suhtes, mis v\u00f5ivad efektiivsust m\u00f5jutada.<\/p>\n<\/li>\n<li>\n<h3>M\u00fcra<\/h3>\n<p>Kontrollige, kas silinder on korralikult m\u00e4\u00e4ritud ja kas kolvil v\u00f5i vardal on takistusi v\u00f5i kahjustusi.<\/p>\n<\/li>\n<\/ul>\n<p>Ennetusmeetmed v\u00f5ivad h\u00f5lmata j\u00e4rgmist:<\/p>\n<ul>\n<li>\n<h3>Regulaarsed kontrollid<\/h3>\n<p>Kontrollige silindrit regulaarselt kulumis- v\u00f5i kahjustuste suhtes ja vajadusel vahetage komponendid v\u00e4lja.<\/p>\n<\/li>\n<li>\n<h3>\u00d5ige m\u00e4\u00e4rimine<\/h3>\n<p>Veenduge, et silinder oleks piisavalt m\u00e4\u00e4ritud sobiva h\u00fcdraulika\u00f5liga.<\/p>\n<\/li>\n<li>\n<h3>Ohutusmeetmed<\/h3>\n<p>\u00d5nnetuste v\u00e4ltimiseks veenduge, et balloon on \u00f5igesti paigaldatud ja seda kasutatakse vastavalt ohutusjuhistele.<\/p>\n<\/li>\n<\/ul>\n<p><img decoding=\"async\" src=\"https:\/\/www.hydraulic-cylinders.net\/wp-content\/uploads\/2025\/01\/songte-chushion-collar.webp\"><\/p>\n<h2>Paigaldusjuhend<\/h2>\n<p>Silindripea paigaldamisel toimige j\u00e4rgmiselt.<\/p>\n<ol>\n<li>Veenduge, et seadmed oleksid \u00f5nnetuste v\u00e4ltimiseks korralikult toestatud ja kinnitatud.<\/li>\n<li>Eemaldage k\u00f5ik vanad v\u00f5i kahjustatud silindri komponendid ja valmistage uus silinder paigaldamiseks ette.<\/li>\n<li>Paigaldage kolvivarras silindri korpusesse ja kinnitage see kinnitusmutriga.<\/li>\n<li>Paigaldage silinder seadmele ja kinnitage see poltide v\u00f5i tihvtidega.<\/li>\n<li>\u00dchendage h\u00fcdraulikavoolikud silindriga ja t\u00e4itke see sobiva h\u00fcdraulika\u00f5liga.<\/li>\n<li>Kontrollige silindri n\u00f5uetekohast toimimist ja lekete v\u00f5i kahjustuste m\u00e4rke.<\/li>\n<\/ol>\n<p><img decoding=\"async\" src=\"https:\/\/www.hydraulic-cylinders.net\/wp-content\/uploads\/2025\/01\/songte-bushings-with-all-kinds-of-excavator-models.webp\"><\/p>\n<h2>Ohutus- ja keskkonnakaalutlused<\/h2>\n<p>H\u00fcdrauliliste seadmete k\u00e4sitsemisel on ohutus esmat\u00e4htis. \u00d5nnetuste ja vigastuste v\u00e4ltimiseks veenduge, et paigaldamise, kasutamise ja hooldamise ajal j\u00e4rgitakse k\u00f5iki ohutusjuhiseid. Lisaks tuleks silindrid keskkonnareostuse v\u00e4ltimiseks n\u00f5uetekohaselt utiliseerida.<\/p>\n<h2>Ettev\u00f5tte tutvustus<\/h2>\n<p>Oleme professionaalne asendush\u00fcdrauliliste silindrite tootja laia tootevalikuga ning oleme saanud \u00fcheks juhtivaks h\u00fcdrauliliste silindrite tootjaks ja hulgim\u00fc\u00fcjaks nii sise- kui ka rahvusvahelisel turul. Peame alati kinni kvaliteedi tipptaseme p\u00f5him\u00f5ttest ja tugineme peene tootmist\u00f6\u00f6koja industrialiseeritud tootmisjuhtimise strateegiale, et pidevalt oma tehnoloogiat ja tootmise efektiivsust t\u00e4iustada. Tipptasemel digitaalsete tootmisseadmete ja professionaalsete testimiss\u00fcsteemide juurutamisega optimeerime pidevalt oma tootmisplatvormi ja t\u00e4iustame oma tootekvaliteedi kontrolli protsessi, omades tugevat innovatsiooniv\u00f5imet. Meie eesm\u00e4rk on rahuldada klientide mitmekesiseid vajadusi suure efektiivsuse, t\u00e4psuse ja k\u00f5rgete kvaliteedip\u00f5him\u00f5tete abil.<\/p>\n<p>Meie ettev\u00f5te pakub klientide vajaduste rahuldamiseks professionaalseid teenuseid, rahvusvahelist sertifitseerimist, kohandatud teenuseid, tootmisseadmeid ja m\u00fc\u00fcgij\u00e4rgset teenindust. Meil \u200b\u200bon p\u00fchendunud professionaalide meeskond, kes on p\u00fchendunud kvaliteetsete toodete ja teenuste pakkumisele meie klientidele.<\/p>\n<p><img decoding=\"async\" src=\"https:\/\/www.hydraulic-cylinders.net\/wp-content\/uploads\/2025\/01\/songte-company-4.webp\"><br \/>\n<img decoding=\"async\" src=\"https:\/\/www.hydraulic-cylinders.net\/wp-content\/uploads\/2025\/01\/songte-company-3.webp\"><\/p>\n<p>Autor: lyl<\/p>","protected":false},"excerpt":{"rendered":"<p>Arm Cylinder For Jingong Wheel Type JCM909L Introduction An arm cylinder is a specially designed hydraulic cylinder that is mainly used to provide linear motion and power to the arms of various types of machinery, such as excavators, cranes, and mechanical arms. Arm cylinders play a key role in hydraulic systems, allowing attachments or accessories [&hellip;]<\/p>","protected":false},"featured_media":14783,"comment_status":"open","ping_status":"closed","template":"","meta":{"_et_pb_use_builder":"","_et_pb_old_content":"","_et_gb_content_width":""},"product_brand":[],"product_cat":[1497],"product_tag":[1498,1496],"class_list":{"0":"post-16688","1":"product","2":"type-product","3":"status-publish","4":"has-post-thumbnail","6":"product_cat-arm-cylinders","7":"product_tag-arm-cylinders","8":"product_tag-hydraulic-cylinders","10":"first","11":"instock","12":"shipping-taxable","13":"product-type-simple"},"amp_enabled":true,"_links":{"self":[{"href":"https:\/\/www.hydraulic-cylinders.net\/et\/wp-json\/wp\/v2\/product\/16688","targetHints":{"allow":["GET"]}}],"collection":[{"href":"https:\/\/www.hydraulic-cylinders.net\/et\/wp-json\/wp\/v2\/product"}],"about":[{"href":"https:\/\/www.hydraulic-cylinders.net\/et\/wp-json\/wp\/v2\/types\/product"}],"replies":[{"embeddable":true,"href":"https:\/\/www.hydraulic-cylinders.net\/et\/wp-json\/wp\/v2\/comments?post=16688"}],"wp:featuredmedia":[{"embeddable":true,"href":"https:\/\/www.hydraulic-cylinders.net\/et\/wp-json\/wp\/v2\/media\/14783"}],"wp:attachment":[{"href":"https:\/\/www.hydraulic-cylinders.net\/et\/wp-json\/wp\/v2\/media?parent=16688"}],"wp:term":[{"taxonomy":"product_brand","embeddable":true,"href":"https:\/\/www.hydraulic-cylinders.net\/et\/wp-json\/wp\/v2\/product_brand?post=16688"},{"taxonomy":"product_cat","embeddable":true,"href":"https:\/\/www.hydraulic-cylinders.net\/et\/wp-json\/wp\/v2\/product_cat?post=16688"},{"taxonomy":"product_tag","embeddable":true,"href":"https:\/\/www.hydraulic-cylinders.net\/et\/wp-json\/wp\/v2\/product_tag?post=16688"}],"curies":[{"name":"wp","href":"https:\/\/api.w.org\/{rel}","templated":true}]}}