{"id":16695,"date":"2025-01-21T05:47:37","date_gmt":"2025-01-21T05:47:37","guid":{"rendered":"https:\/\/www.hydraulic-cylinders.net\/product\/arm-cylinder-for-jchi-ns75-7\/"},"modified":"2025-01-21T05:47:39","modified_gmt":"2025-01-21T05:47:39","slug":"arm-cylinder-for-jchi-ns75-7","status":"publish","type":"product","link":"https:\/\/www.hydraulic-cylinders.net\/et\/toode\/arm-cylinder-for-jchi-ns75-7\/","title":{"rendered":"JCHI NS75-7 k\u00e4sivarre silinder"},"content":{"rendered":"<h2>JCHI NS75-7 k\u00e4sivarre silinder<\/h2>\n<h3>Sissejuhatus<\/h3>\n<p>H\u00fcdrovarre silinder on spetsiaalselt konstrueeritud h\u00fcdrauliline silinder, mida kasutatakse peamiselt lineaarse liikumise ja j\u00f5u tagamiseks erinevate masinate, n\u00e4iteks ekskavaatorite, kraanade ja robotk\u00e4te k\u00e4ele. H\u00fcdrovarre silinder m\u00e4ngib h\u00fcdraulikas\u00fcsteemides olulist rolli, v\u00f5imaldades kinnitatud t\u00f6\u00f6riistade v\u00f5i lisaseadmete liikumist ja t\u00f5husat juhtimist. Need silindrid mitte ainult ei saavuta sujuvat liikumist, vaid taluvad ka suuri koormusi, tagades masinate t\u00f5husa t\u00f6\u00f6 ja t\u00f6\u00f6kindluse erinevates t\u00f6\u00f6tingimustes.<\/p>\n<p><img decoding=\"async\" src=\"https:\/\/www.hydraulic-cylinders.net\/wp-content\/uploads\/2025\/01\/songte-company-2.webp\"><\/p>\n<h3>Omadused<\/h3>\n<ul>\n<li>Suure efektiivsusega j\u00f5u\u00fclekanne: K\u00e4e silinder suudab pakkuda v\u00f5imsat lineaarset liikumist ja j\u00f5udu, tagades robotk\u00e4e suure efektiivsuse erinevates toimingutes.<\/li>\n<li>T\u00e4pne juhtimine: H\u00fcdraulilise s\u00fcsteemi abil saab \u00f5lavarre silinder saavutada t\u00e4pse liikumise juhtimise, muutes kinnitatud t\u00f6\u00f6riistade t\u00f6\u00f6 paindlikumaks ja t\u00e4psemaks.<\/li>\n<li>Tugev vastupidavus: K\u00e4epideme silinder on tavaliselt valmistatud \u00fclitugevatest materjalidest, millel on hea kulumiskindlus ja korrosioonikindlus ning mis sobivad pikaajaliseks kasutamiseks karmides keskkondades.<\/li>\n<li>Mitmeotstarbeline kohanemisv\u00f5ime: Neid silindreid saab laialdaselt kasutada erinevat t\u00fc\u00fcpi masinates, n\u00e4iteks ekskavaatorites, kraanades ja robotk\u00e4tes, kohandudes erinevate t\u00f6\u00f6n\u00f5uetega.<\/li>\n<li>Lihtne hooldus: Lihtsaks hooldamiseks ja vahetamiseks loodud poomi silinder muudab regulaarsed kontrollid ja hoolduse mugavamaks, v\u00e4hendades seadmete seisakuid.<\/li>\n<\/ul>\n<p>Me saame seda toodet toota ja meie toode saab neid h\u00fcdrosilindreid ideaalselt asendada.<\/p>\n<p><img decoding=\"async\" src=\"https:\/\/www.hydraulic-cylinders.net\/wp-content\/uploads\/2025\/01\/songte-oil-pipes-and-spare-parts.webp\"><\/p>\n<h3>Rakendused<\/h3>\n<ul>\n<li>Ehitustehnika: Ekskavaatorites ja kraanades kasutatakse poomi silindrit kopa v\u00f5i poomi liikumise juhtimiseks mullat\u00f6\u00f6del, materjalide k\u00e4itlemisel ja konstruktsioonide paigaldamisel.<\/li>\n<li>T\u00f6\u00f6tlev t\u00f6\u00f6stus: Automatiseeritud tootmisliinidel kasutatakse k\u00e4sivarre silindrit robotk\u00e4sivarte liigutamiseks montaa\u017ei-, keevitus- ja materjalik\u00e4itlusprotsessides, parandades tootmise efektiivsust ja t\u00e4psust.<\/li>\n<li>P\u00f5llumajandusmasinad: P\u00f5llumajandusmasinates, n\u00e4iteks kombainides ja istutusmasinates, juhib \u00f5la silinder juhthoova liikumist selliste \u00fclesannete t\u00e4itmisel nagu istutamine, v\u00e4etamine ja koristamine.<\/li>\n<li>Kaevandamine: Kaevandusseadmetes kasutatakse k\u00e4sisilindrit kaevandusseadmete k\u00e4sivarre liikumise juhtimiseks mineraalide kaevandamiseks ja transportimiseks.<\/li>\n<li>Logistika ja transport: Kahvelt\u00f5stukites ja robotites kasutatakse kauba t\u00f5stmise ja liikumise juhtimiseks k\u00e4sisilindrit, mis v\u00f5imaldab materjalide k\u00e4itlemist ja virnastamist.<\/li>\n<\/ul>\n<h3>Projekteerimiskaalutlused ja valikustandardid<\/h3>\n<ul>\n<li>Kandev\u00f5ime: Poolisilinder peab olema konstrueeritud taluma eeldatavat maksimaalset koormust, tagades ohutu ja t\u00f5husa t\u00f6\u00f6.<\/li>\n<li>Tihendus: K\u00e4epideme silindris kasutatakse mitmesuguseid tihenduskomponente, n\u00e4iteks kolvitihendeid ja vardatihendeid, mis on valmistatud kulumiskindlatest materjalidest, n\u00e4iteks pol\u00fcuretaanist ja nitriilkummist, et tagada hea tihendusv\u00f5ime ja v\u00e4ltida h\u00fcdraulika lekkeid.<\/li>\n<li>Vastupidavus: Silindri korpus ja keermeotsa pind on peenelt t\u00f6\u00f6deldud, et parandada kulumiskindlust, tagades \u00f5lasilindri vastupidavuse isegi karmides keskkondades.<\/li>\n<li>Ohutus: \u00d5nnetuste v\u00e4ltimiseks ja ohutu t\u00f6\u00f6 tagamiseks peaksid \u00f5lasilindrid olema varustatud ohutusfunktsioonidega, n\u00e4iteks piirl\u00fclitite ja r\u00f5huvabastusventiilidega.<\/li>\n<li>Hooldus: K\u00e4epideme silinder peaks olema konstrueeritud nii, et seda oleks lihtne hooldada ja vahetada, tagades \u00f5igeaegse hoolduse ja v\u00e4hendades seadmete riketest tingitud seisakuid.<\/li>\n<\/ul>\n<p><img decoding=\"async\" src=\"https:\/\/www.hydraulic-cylinders.net\/wp-content\/uploads\/2025\/01\/songte-cylinder-head-with-all-kinds-excavator-models.webp\"><\/p>\n<h3>Tihendus ja m\u00e4\u00e4rimine<\/h3>\n<p>\u00d5\u00f5tshoova silindris kasutatakse mitmesuguseid tihenduskomponente, n\u00e4iteks kolvitihendeid ja vardatihendeid, mis on valmistatud kulumiskindlatest materjalidest, n\u00e4iteks pol\u00fcuretaanist ja nitriilkummist, et tagada hea tihendusv\u00f5ime ja v\u00e4ltida h\u00fcdraulika lekkeid. Silindri korpus ja keermeotsa pind on peenelt t\u00f6\u00f6deldud, et parandada kulumiskindlust, tagades \u00f5\u00f5tshoova silindri vastupidavuse isegi karmides keskkondades. \u00d5\u00f5tshoova silindri sujuv t\u00f6\u00f6 tagamiseks tuleb seda regulaarselt h\u00fcdraulika\u00f5liga m\u00e4\u00e4rida ning lisatud \u00f5li kogus peaks olema sobiv, et v\u00e4ltida \u00f5lilekkeid.<\/p>\n<h3>Hooldus ja ennetavad meetmed<\/h3>\n<ul>\n<li>Regulaarne kontroll: Regulaarselt tuleks kontrollida \u00f5\u00f5tshoova silindri kahjustusi, kulumist v\u00f5i lekkeid ning vajadusel see \u00f5igeaegselt v\u00e4lja vahetada v\u00f5i parandada.<\/li>\n<li>Regulaarne m\u00e4\u00e4rimine: H\u00fcdraulika\u00f5li tagamiseks tuleks poomi silindrit regulaarselt h\u00fcdraulika\u00f5liga m\u00e4\u00e4rida.<\/li>\n<li>\u00d5ige paigaldus: \u00d5\u00f5tshoova silindri \u00f5ige paigaldamine on selle ohutu ja t\u00f5husa t\u00f6\u00f6 tagamiseks h\u00e4davajalik ning paigaldamine tuleks l\u00e4bi viia vastavalt tootja juhistele.<\/li>\n<li>Ennetavad meetmed: V\u00f5imalike probleemide minimeerimiseks tuleks \u00f5\u00f5tssilindri kasutamisel v\u00f5tta ennetavaid meetmeid, n\u00e4iteks piirata koormust, kontrollida t\u00f6\u00f6kiirust ja v\u00e4ltida \u00fcler\u00f5hku.<\/li>\n<\/ul>\n<p><img decoding=\"async\" src=\"https:\/\/www.hydraulic-cylinders.net\/wp-content\/uploads\/2025\/01\/songte-chushion-collar.webp\"><\/p>\n<h3>Toote paigaldusjuhend<\/h3>\n<p>\u00d5lasilindri \u00f5ige paigaldamine on selle ohutu ja t\u00f5husa t\u00f6\u00f6 tagamiseks h\u00e4davajalik. \u00d5lasilindri paigaldamiseks j\u00e4rgige neid samme:<\/p>\n<ol>\n<li>Veenduge, et paigalduskoht on puhas ja prahist vaba.<\/li>\n<li>Kontrollige silindrit ja paigaldusdetaile kahjustuste v\u00f5i kulumise suhtes.<\/li>\n<li>\u00dchendage h\u00fcdraulikavoolikud ja liitmikud vastavalt tootja juhistele.<\/li>\n<li>Paigaldage \u00f5lavarre silinder sobivasse kohta ja pingutage polte.<\/li>\n<li>Kontrollige \u00f5lavarre silindri n\u00f5uetekohast toimimist.<\/li>\n<\/ol>\n<h3>Ohutuskaalutlused ja keskkonnategurid<\/h3>\n<p>K\u00e4epideme kasutamisel tuleb v\u00f5tta ohutusmeetmeid, et v\u00e4ltida \u00f5nnetusi, mis v\u00f5ivad p\u00f5hjustada kehavigastusi v\u00f5i seadmete kahjustusi. Nende meetmete hulka v\u00f5ivad kuuluda kaitsevarustuse kandmine, ohutusseadmete paigaldamine ja tootja juhiste j\u00e4rgimine. K\u00e4epideme kasutamisel tuleks arvestada ka keskkonnateguritega, nagu temperatuur, niiskus ja tolm, ning v\u00f5tta asjakohaseid meetmeid keskkonnakahjustuste v\u00e4ltimiseks.<\/p>\n<h3>Veaotsing ja levinud probleemid<\/h3>\n<p>K\u00e4epideme silindri levinud probleemide hulka v\u00f5ivad kuuluda lekked, kulumine ja halb t\u00f6\u00f6. Nende probleemide diagnoosimiseks ja lahendamiseks j\u00e4rgige neid n\u00e4pun\u00e4iteid:<\/p>\n<ul>\n<li>Kontrollige h\u00fcdraulika lekkeid ja vajadusel parandage v\u00f5i vahetage tihendid v\u00f5i muud komponendid.<\/li>\n<li>Kontrollige kulumist v\u00f5i kahjustusi ja vahetage kahjustatud komponendid v\u00e4lja.<\/li>\n<li>Kontrollige \u00f5\u00f5tshoova silindri \u00f5iget paigaldust ja toimimist ning tehke vajadusel kohandusi.<\/li>\n<\/ul>\n<p>V\u00f5imalike probleemide v\u00e4ltimiseks v\u00f5tke ennetavaid meetmeid, n\u00e4iteks piirake koormust, kontrollige t\u00f6\u00f6kiirust ja v\u00e4ltige \u00fcler\u00f5hku \u00f5lasilindri kasutamisel.<\/p>\n<p><img decoding=\"async\" src=\"https:\/\/www.hydraulic-cylinders.net\/wp-content\/uploads\/2025\/01\/songte-bushings-with-all-kinds-of-excavator-models.webp\"><\/p>\n<h3>Meist<\/h3>\n<p>Oleme professionaalne asendush\u00fcdrauliliste silindrite tootja laia tootevalikuga ning oleme saanud \u00fcheks juhtivaks h\u00fcdrosilindrite tootjaks ja hulgim\u00fc\u00fcjaks nii sise- kui ka rahvusvahelisel turul. Peame alati kinni tippkvaliteedi p\u00f5him\u00f5ttest, tuginedes peentootmist\u00f6\u00f6koja industrialiseeritud tootmisjuhtimise strateegiale, t\u00e4iustades pidevalt oma tehnoloogilist taset ja tootmise efektiivsust. Meil \u200b\u200bon tugev innovatsiooniv\u00f5ime, juurutades t\u00e4iustatud digitaalseid tootmisseadmeid ja professionaalseid tuvastuss\u00fcsteeme ning pidevalt optimeerides tootmisplatvormi ja t\u00e4iustades toote kvaliteedikontrolli protsessi. Meie eesm\u00e4rk on rahuldada klientide mitmekesiseid vajadusi suure efektiivsuse, t\u00e4psuse ja k\u00f5rgete kvaliteedip\u00f5him\u00f5tete abil.<\/p>\n<h3>Meie ettev\u00f5te<\/h3>\n<ul>\n<li>Professionaalsus: Meil \u200b\u200bon kogenud inseneride ja tehnikute meeskond, kes pakub klientidele professionaalseid lahendusi ja teenuseid.<\/li>\n<li>Rahvusvaheline sertifitseerimine: Meie tooted on saanud rahvusvahelised sertifikaadid, n\u00e4iteks ISO9001 ja CE, et tagada nende kvaliteet ja t\u00f6\u00f6kindlus.<\/li>\n<li>Kohandamine: Pakume kohandatud teenuseid, et rahuldada klientide erivajadusi.<\/li>\n<li>Tootmisseadmed: Meil \u200b\u200bon t\u00e4iustatud digitaalsed tootmisseadmed, et tagada kvaliteetne tootmine ja efektiivsus.<\/li>\n<li>M\u00fc\u00fcgij\u00e4rgne teenindus: Pakume klientide rahulolu ja usalduse tagamiseks igak\u00fclgset m\u00fc\u00fcgij\u00e4rgset teenindust.<\/li>\n<\/ul>\n<p><img decoding=\"async\" src=\"https:\/\/www.hydraulic-cylinders.net\/wp-content\/uploads\/2025\/01\/songte-company-4.webp\"><br \/>\n<img decoding=\"async\" src=\"https:\/\/www.hydraulic-cylinders.net\/wp-content\/uploads\/2025\/01\/songte-company-3.webp\"><\/p>\n<p>Autor: lyl<\/p>","protected":false},"excerpt":{"rendered":"<p>Arm Cylinder For JCHI NS75-7 Introduction An arm cylinder is a specially designed hydraulic cylinder primarily used to provide linear motion and power to the arm of various machinery, such as excavators, cranes, and robotic arms. The arm cylinder plays a crucial role in hydraulic systems, allowing attached tools or attachments to move and be [&hellip;]<\/p>","protected":false},"featured_media":14763,"comment_status":"open","ping_status":"closed","template":"","meta":{"_et_pb_use_builder":"","_et_pb_old_content":"","_et_gb_content_width":""},"product_brand":[],"product_cat":[1497],"product_tag":[1498,1496],"class_list":{"0":"post-16695","1":"product","2":"type-product","3":"status-publish","4":"has-post-thumbnail","6":"product_cat-arm-cylinders","7":"product_tag-arm-cylinders","8":"product_tag-hydraulic-cylinders","10":"first","11":"instock","12":"shipping-taxable","13":"product-type-simple"},"amp_enabled":true,"_links":{"self":[{"href":"https:\/\/www.hydraulic-cylinders.net\/et\/wp-json\/wp\/v2\/product\/16695","targetHints":{"allow":["GET"]}}],"collection":[{"href":"https:\/\/www.hydraulic-cylinders.net\/et\/wp-json\/wp\/v2\/product"}],"about":[{"href":"https:\/\/www.hydraulic-cylinders.net\/et\/wp-json\/wp\/v2\/types\/product"}],"replies":[{"embeddable":true,"href":"https:\/\/www.hydraulic-cylinders.net\/et\/wp-json\/wp\/v2\/comments?post=16695"}],"wp:featuredmedia":[{"embeddable":true,"href":"https:\/\/www.hydraulic-cylinders.net\/et\/wp-json\/wp\/v2\/media\/14763"}],"wp:attachment":[{"href":"https:\/\/www.hydraulic-cylinders.net\/et\/wp-json\/wp\/v2\/media?parent=16695"}],"wp:term":[{"taxonomy":"product_brand","embeddable":true,"href":"https:\/\/www.hydraulic-cylinders.net\/et\/wp-json\/wp\/v2\/product_brand?post=16695"},{"taxonomy":"product_cat","embeddable":true,"href":"https:\/\/www.hydraulic-cylinders.net\/et\/wp-json\/wp\/v2\/product_cat?post=16695"},{"taxonomy":"product_tag","embeddable":true,"href":"https:\/\/www.hydraulic-cylinders.net\/et\/wp-json\/wp\/v2\/product_tag?post=16695"}],"curies":[{"name":"wp","href":"https:\/\/api.w.org\/{rel}","templated":true}]}}