{"id":16707,"date":"2025-01-21T05:48:30","date_gmt":"2025-01-21T05:48:30","guid":{"rendered":"https:\/\/www.hydraulic-cylinders.net\/product\/arm-cylinder-for-tck-hd1023lc-8h\/"},"modified":"2025-01-21T05:48:32","modified_gmt":"2025-01-21T05:48:32","slug":"arm-cylinder-for-tck-hd1023lc-8h","status":"publish","type":"product","link":"https:\/\/www.hydraulic-cylinders.net\/et\/toode\/arm-cylinder-for-tck-hd1023lc-8h\/","title":{"rendered":"TCK HD1023LC-8H k\u00e4epideme silinder"},"content":{"rendered":"<h1>TCK HD1023LC-8H k\u00e4epideme silinder<\/h1>\n<h2>Sissejuhatus<\/h2>\n<p>H\u00fcdrovarre silinder on spetsiaalselt konstrueeritud h\u00fcdrauliline silinder, mis tagab lineaarse liikumise ja j\u00f5u erinevat t\u00fc\u00fcpi masinate, n\u00e4iteks ekskavaatorite, kraanade ja mehaaniliste hoobade hoovadele. H\u00fcdrovarre silinder m\u00e4ngib h\u00fcdraulikas\u00fcsteemides kriitilist rolli, v\u00f5imaldades lisat\u00f6\u00f6riistade v\u00f5i lisaseadmete t\u00f5husat liikumist ja juhtimist. Need silindrid mitte ainult ei saavuta sujuvat liikumist, vaid taluvad ka suuri koormusi, tagades masinate t\u00f5husa t\u00f6\u00f6 ja t\u00f6\u00f6kindluse erinevates t\u00f6\u00f6tingimustes.<\/p>\n<p><img decoding=\"async\" src=\"https:\/\/www.hydraulic-cylinders.net\/wp-content\/uploads\/2025\/01\/songte-company-2.webp\" alt=\"K\u00e4e silinder\"><\/p>\n<h2>Omadused<\/h2>\n<ul>\n<li>Suure efektiivsusega \u00fclekanne: \u00f5\u00f5tshoova silinder tagab v\u00f5imsa lineaarse liikumise ja j\u00f5u, tagades mehaanilise \u00f5\u00f5tsa suure efektiivsuse erinevates toimingutes.<\/li>\n<li>T\u00e4pne juhtimine: H\u00fcdraulilise s\u00fcsteemi abil saab k\u00e4sivarre silinder saavutada t\u00e4pse liikumise juhtimise, muutes lisat\u00f6\u00f6riistade t\u00f6\u00f6 paindlikumaks ja t\u00e4psemaks.<\/li>\n<li>Tugev vastupidavus: K\u00e4epideme silinder on tavaliselt valmistatud \u00fclitugevatest materjalidest, millel on hea kulumiskindlus ja korrosioonikindlus ning mis sobivad pikaajaliseks kasutamiseks karmides keskkondades.<\/li>\n<li>Mitmeotstarbeline kohanemisv\u00f5ime: Neid silindreid saab laialdaselt kasutada erinevates mehaanilistes seadmetes, nagu ekskavaatorid, kraanad ja mehaanilised k\u00e4ed, et kohaneda erinevate t\u00f6\u00f6vajadustega.<\/li>\n<li>Lihtne hooldus: Projekteerimisel on arvestatud hoolduse ja asendamise lihtsusega, muutes regulaarsed kontrollid ja hoolduse mugavamaks ning v\u00e4hendades seadmete seisakuid.<\/li>\n<\/ul>\n<p>Me saame seda toodet toota ja meie tooted saavad neid h\u00fcdraulilisi silindreid ideaalselt asendada.<\/p>\n<p><img decoding=\"async\" src=\"https:\/\/www.hydraulic-cylinders.net\/wp-content\/uploads\/2025\/01\/songte-oil-pipes-and-spare-parts.webp\" alt=\"\u00d5litorud ja varuosad\"><\/p>\n<h2>Rakendused<\/h2>\n<p>K\u00e4epideme silindrit kasutatakse laialdaselt erinevates t\u00f6\u00f6stusharudes, n\u00e4iteks:<\/p>\n<ul>\n<li>Ehitustehnika: Ekskavaatorites ja kraanades kasutatakse poomi silindrit kopa v\u00f5i poomi liikumise juhtimiseks, mullat\u00f6\u00f6de tegemiseks, materjalide k\u00e4itlemiseks ja konstruktsioonide paigaldamiseks.<\/li>\n<li>Tootmine: Automatiseeritud tootmisliinidel kasutatakse \u00f5lasilindrit mehaaniliste \u00f5la liigutamiseks, teostades montaa\u017ei-, keevitus- ja k\u00e4sitsemisprotsesse, et parandada tootmise efektiivsust ja t\u00e4psust.<\/li>\n<li>P\u00f5llumajandusmasinad: P\u00f5llumajandusmasinates, n\u00e4iteks kombainides ja istutusmasinates, juhib \u00f5\u00f5tshoova silinder juhthoova liikumist, t\u00e4ites selliseid \u00fclesandeid nagu k\u00fclvamine, v\u00e4etamine ja koristamine.<\/li>\n<li>Kaevandamine: Kaevandusseadmetes kasutatakse k\u00e4sivarre silindrit kaevandusseadmete k\u00e4e liikumise juhtimiseks, kaevandamiseks ja maakide transportimiseks.<\/li>\n<li>Logistika ja transport: Kahvelt\u00f5stukites ja robotites kasutatakse k\u00e4sisilindrit lasti t\u00f5stmise ja liikumise juhtimiseks, materjalide k\u00e4itlemiseks ja virnastamiseks.<\/li>\n<\/ul>\n<h2>Projekteerimiskaalutlused ja valikukriteeriumid<\/h2>\n<p>Projekteerimiskaalutlustest l\u00e4htuvalt k\u00e4sitletakse allpool \u00f5\u00f5tshoova silindri kandev\u00f5imet, tihendust, vastupidavust, ohutust ja hooldatavust:<\/p>\n<ul>\n<li>Kandev\u00f5ime: \u00d5\u00f5tshoova silinder peab tagama piisava j\u00f5u ja lineaarse liikumise, mis n\u00f5uab \u00fclitugevaid materjale ja t\u00e4pset disaini.<\/li>\n<li>Tihendus: \u00d5\u00f5tshoova silinder vajab vedeliku lekete v\u00e4ltimiseks ja h\u00fcdros\u00fcsteemi n\u00f5uetekohase t\u00f6\u00f6 tagamiseks mitmesuguseid tihenduskomponente, n\u00e4iteks kolvitihendeid ja vardatihendeid.<\/li>\n<li>Vastupidavus: K\u00e4epideme silinder peab olema valmistatud materjalidest, millel on suurep\u00e4rane kulumiskindlus ja korrosioonikindlus, et see taluks karme keskkondi ja pikaajalist kasutamist.<\/li>\n<li>Ohutus: K\u00e4epideme silindril peavad olema usaldusv\u00e4\u00e4rsed ohutusseadmed, n\u00e4iteks \u00fclekoormuskaitse ja avariiseiskamine, et tagada operaatorite ja seadmete ohutus.<\/li>\n<li>Hooldatavus: Hoolduskulude ja seisakute v\u00e4hendamiseks tuleb arvestada hoolduse ja asendamise lihtsusega, n\u00e4iteks standardsete osade ja h\u00f5lpsasti vahetatavate tihendite kasutamisega.<\/li>\n<\/ul>\n<p><img decoding=\"async\" src=\"https:\/\/www.hydraulic-cylinders.net\/wp-content\/uploads\/2025\/01\/songte-cylinder-head-with-all-kinds-excavator-models.webp\" alt=\"Silindripea\"><\/p>\n<h2>Tihendus ja m\u00e4\u00e4rimine<\/h2>\n<p>H\u00fcdrovarre silindris tuleb kasutada mitmesuguseid tihenduskomponente, n\u00e4iteks kolvitihendeid ja vardatihendeid, et v\u00e4ltida vedeliku lekkeid ja tagada h\u00fcdraulikas\u00fcsteemi n\u00f5uetekohane t\u00f6\u00f6. Valitud tihendimaterjalid, n\u00e4iteks pol\u00fcuretaan ja nitriilkummi, peavad olema suurep\u00e4rase kulumiskindlusega ja sobima t\u00f6\u00f6keskkonnaga. Silindri korpus ja keermestatud otsapind vajavad peent\u00f6\u00f6tlust kulumiskindluse parandamiseks. M\u00e4\u00e4rimiseks on vaja regulaarselt lisada sobivat kogust h\u00fcdraulika\u00f5li.<\/p>\n<h2>Hooldus ja remont<\/h2>\n<p>K\u00e4epideme silindri regulaarne kontroll ja ennetavad hooldusmeetmed on vajalikud. J\u00e4rgmised meetmed aitavad probleeme diagnoosida ja lahendada:<\/p>\n<ul>\n<li>Kontrollige tihenduskomponentide lekkeid ja kahjustusi.<\/li>\n<li>Kontrollige kolvi ja varda kulumist v\u00f5i kahjustusi.<\/li>\n<li>Kontrollige silindri korpuse ja keermestatud otsapinna kahjustusi v\u00f5i deformatsiooni.<\/li>\n<li>Kontrollige h\u00fcdraulika\u00f5li taset ja kvaliteeti.<\/li>\n<\/ul>\n<p>\u00dclaltoodud probleemide lahendamiseks vahetage kahjustatud osad v\u00e4lja, lisage v\u00f5i vahetage h\u00fcdraulika\u00f5li ning tehke regulaarset hooldust ja m\u00e4\u00e4rimist, et tagada poomi silindri n\u00f5uetekohane t\u00f6\u00f6 ja pikendada selle kasutusiga.<\/p>\n<p><img decoding=\"async\" src=\"https:\/\/www.hydraulic-cylinders.net\/wp-content\/uploads\/2025\/01\/songte-chushion-collar.webp\" alt=\"Kaelarihm\"><\/p>\n<h2>Paigaldusjuhend<\/h2>\n<p>Silindripea paigaldamine peab toimuma j\u00e4rgmiselt.<\/p>\n<ol>\n<li>Puhastage paigalduspind ja veenduge, et see oleks tasane ja puhas.<\/li>\n<li>\u00dchendage poomi silinder h\u00fcdros\u00fcsteemiga ja veenduge, et torujuhe on \u00f5ige ja kindel.<\/li>\n<li>Paigaldage \u00f5\u00f5tshoova silinder vastavalt tootja juhistele ja veenduge, et kinnituspoldid on etten\u00e4htud p\u00f6\u00f6rdemomendiga pingutatud.<\/li>\n<li>Tehke funktsionaalne test, et kinnitada \u00f5\u00f5tshoova silindri n\u00f5uetekohast toimimist.<\/li>\n<\/ol>\n<h2>Ohutuskaalutlused ja keskkonnategurid<\/h2>\n<p>K\u00e4epideme kasutamisel tuleb rakendada ohutusmeetmeid, n\u00e4iteks \u00fclekoormuskaitset ja avariiseiskamisseadiseid, et tagada operaatori ja seadmete ohutus. Lisaks tuleb k\u00e4epideme n\u00f5uetekohase t\u00f6\u00f6 tagamiseks arvestada keskkonnateguritega, nagu temperatuur ja niiskus.<\/p>\n<h2>Rikete diagnoosimine ja levinud probleemid<\/h2>\n<p>\u00d5\u00f5tshoova silindri levinumad probleemid ja rikete diagnoosimine on j\u00e4rgmised:<\/p>\n<ul>\n<li>Leke: Tihendid on kahjustatud v\u00f5i valesti paigaldatud.<\/li>\n<li>Halb liikumine: Kolb v\u00f5i varras on kulunud v\u00f5i kahjustatud.<\/li>\n<li>Ebanormaalne m\u00fcra: Probleem v\u00f5ib olla paigalduses v\u00f5i h\u00fcdros\u00fcsteemis.<\/li>\n<li>Ebapiisav v\u00f5imsus: Madal h\u00fcdraulika\u00f5li r\u00f5hk v\u00f5i probleemid h\u00fcdraulikas\u00fcsteemiga.<\/li>\n<\/ul>\n<h2>Veaotsing ja ennetavad meetmed<\/h2>\n<p>\u00dclaltoodud probleemide lahendamiseks vahetage kahjustatud osad v\u00e4lja, lisage v\u00f5i vahetage h\u00fcdraulika\u00f5li ning tehke regulaarset hooldust ja m\u00e4\u00e4rimist, et tagada poomi silindri n\u00f5uetekohane t\u00f6\u00f6 ja pikendada selle kasutusiga.<\/p>\n<p><img decoding=\"async\" src=\"https:\/\/www.hydraulic-cylinders.net\/wp-content\/uploads\/2025\/01\/songte-bushings-with-all-kinds-of-excavator-models.webp\" alt=\"Puksid\"><\/p>\n<h2>Meist<\/h2>\n<p>Oleme professionaalne asendush\u00fcdrauliliste silindrite tootja, pakkudes laia tootevalikut ning olles \u00fcks juhtivaid h\u00fcdrosilindrite tootjaid ja hulgim\u00fc\u00fcjaid nii sise- kui ka rahvusvahelistel turgudel. Peame alati kinni suurep\u00e4rase kvaliteedi p\u00f5him\u00f5ttest, tuginedes t\u00e4ppistootmist\u00f6\u00f6kodade t\u00f6\u00f6stusliku tootmise juhtimise strateegiale, t\u00e4iustades pidevalt tehnoloogiat ja tootmise efektiivsust. Tipptasemel digitaalsete tootmisseadmete ja professionaalsete testimiss\u00fcsteemide juurutamisega optimeerime pidevalt tootmisplatvormi, t\u00e4iustame toote kvaliteedikontrolli protsessi ning omame tugevat innovatsiooniv\u00f5imet. Meie eesm\u00e4rk on rahuldada klientide mitmekesiseid vajadusi efektiivsuse, t\u00e4psuse ja k\u00f5rge kvaliteedi p\u00f5him\u00f5tete abil.<\/p>\n<h2>Meie teenused<\/h2>\n<ul>\n<li>Professionaalsus: Meil \u200b\u200bon h\u00fcdrauliliste silindrite tootmises ja m\u00fc\u00fcgis professionaalsed teadmised ja aastatepikkune kogemus, pakkudes klientidele professionaalset ja t\u00f5husat teenindust.<\/li>\n<li>Rahvusvaheline sertifitseerimine: Meie tooted on l\u00e4binud rahvusvahelised sertifikaadid nagu ISO9001 ja CE, pakkudes klientidele kvaliteetseid tooteid ja teenuseid.<\/li>\n<li>Kohandamisteenused: Pakume klientide n\u00f5udmistele vastavaid kohandatud teenuseid, pakkudes klientidele isikup\u00e4rastatud tooteid ja teenuseid.<\/li>\n<li>Tootmisseadmed: Meil \u200b\u200bon t\u00e4iustatud tootmisseadmed, n\u00e4iteks CNC-t\u00f6\u00f6pingid ja automaatsed keevitusmasinad, et pakkuda klientidele kvaliteetseid ja t\u00f5husaid tooteid.<\/li>\n<li>M\u00fc\u00fcgij\u00e4rgne teenindus: Pakume klientidele igak\u00fclgset m\u00fc\u00fcgij\u00e4rgset teenindust, nagu tehniline tugi ja garantiiteenused, et tagada klientide rahulolu.<\/li>\n<\/ul>\n<p><img decoding=\"async\" src=\"https:\/\/www.hydraulic-cylinders.net\/wp-content\/uploads\/2025\/01\/songte-company-4.webp\" alt=\"Ettev\u00f5te\"><\/p>\n<p><img decoding=\"async\" src=\"https:\/\/www.hydraulic-cylinders.net\/wp-content\/uploads\/2025\/01\/songte-company-3.webp\" alt=\"Ettev\u00f5te\"><\/p>\n<p>Autor: lyl.<\/p>","protected":false},"excerpt":{"rendered":"<p>Arm Cylinder For TCK HD1023LC-8H Introduction The arm cylinder is a specially designed hydraulic cylinder that provides linear motion and power to the arms of various types of machinery, such as excavators, cranes, and mechanical arms. The arm cylinder plays a critical role in hydraulic systems, allowing for the effective movement and control of additional [&hellip;]<\/p>","protected":false},"featured_media":14786,"comment_status":"open","ping_status":"closed","template":"","meta":{"_et_pb_use_builder":"","_et_pb_old_content":"","_et_gb_content_width":""},"product_brand":[],"product_cat":[1497],"product_tag":[1498,1496],"class_list":{"0":"post-16707","1":"product","2":"type-product","3":"status-publish","4":"has-post-thumbnail","6":"product_cat-arm-cylinders","7":"product_tag-arm-cylinders","8":"product_tag-hydraulic-cylinders","10":"first","11":"instock","12":"shipping-taxable","13":"product-type-simple"},"amp_enabled":true,"_links":{"self":[{"href":"https:\/\/www.hydraulic-cylinders.net\/et\/wp-json\/wp\/v2\/product\/16707","targetHints":{"allow":["GET"]}}],"collection":[{"href":"https:\/\/www.hydraulic-cylinders.net\/et\/wp-json\/wp\/v2\/product"}],"about":[{"href":"https:\/\/www.hydraulic-cylinders.net\/et\/wp-json\/wp\/v2\/types\/product"}],"replies":[{"embeddable":true,"href":"https:\/\/www.hydraulic-cylinders.net\/et\/wp-json\/wp\/v2\/comments?post=16707"}],"wp:featuredmedia":[{"embeddable":true,"href":"https:\/\/www.hydraulic-cylinders.net\/et\/wp-json\/wp\/v2\/media\/14786"}],"wp:attachment":[{"href":"https:\/\/www.hydraulic-cylinders.net\/et\/wp-json\/wp\/v2\/media?parent=16707"}],"wp:term":[{"taxonomy":"product_brand","embeddable":true,"href":"https:\/\/www.hydraulic-cylinders.net\/et\/wp-json\/wp\/v2\/product_brand?post=16707"},{"taxonomy":"product_cat","embeddable":true,"href":"https:\/\/www.hydraulic-cylinders.net\/et\/wp-json\/wp\/v2\/product_cat?post=16707"},{"taxonomy":"product_tag","embeddable":true,"href":"https:\/\/www.hydraulic-cylinders.net\/et\/wp-json\/wp\/v2\/product_tag?post=16707"}],"curies":[{"name":"wp","href":"https:\/\/api.w.org\/{rel}","templated":true}]}}