{"id":16711,"date":"2025-01-21T05:48:47","date_gmt":"2025-01-21T05:48:47","guid":{"rendered":"https:\/\/www.hydraulic-cylinders.net\/product\/arm-cylinder-for-tck-hd1636lc-8h\/"},"modified":"2025-01-21T05:48:49","modified_gmt":"2025-01-21T05:48:49","slug":"arm-cylinder-for-tck-hd1636lc-8h","status":"publish","type":"product","link":"https:\/\/www.hydraulic-cylinders.net\/et\/toode\/arm-cylinder-for-tck-hd1636lc-8h\/","title":{"rendered":"TCK HD1636LC-8H k\u00e4epideme silinder"},"content":{"rendered":"<h1>TCK HD1636LC-8H k\u00e4epideme silinder<\/h1>\n<h2>Sissejuhatus<\/h2>\n<p>H\u00fcdrovarre silinder on teatud t\u00fc\u00fcpi h\u00fcdrauliline silinder, mis on spetsiaalselt loodud lineaarse liikumise ja j\u00f5u tagamiseks erinevat t\u00fc\u00fcpi masinate, n\u00e4iteks ekskavaatorite, kraanade ja robotk\u00e4te k\u00e4epidemetele. H\u00fcdraulilises s\u00fcsteemis m\u00e4ngib hoova silinder olulist rolli kinnitatud t\u00f6\u00f6riistade v\u00f5i tarvikute liikumise ja juhtimise v\u00f5imaldamisel. Need silindrid mitte ainult ei taga sujuvat liikumist, vaid taluvad ka suuri koormusi, tagades masinate t\u00f5husa t\u00f6\u00f6 ja t\u00f6\u00f6kindluse erinevates t\u00f6\u00f6tingimustes. <\/p>\n<p><img decoding=\"async\" src=\"https:\/\/www.hydraulic-cylinders.net\/wp-content\/uploads\/2025\/01\/songte-company-2.webp\"><\/p>\n<h2>Omadused<\/h2>\n<ul>\n<li>\n<h3>Suure t\u00f5hususega \u00fclekanne<\/h3>\n<p>K\u00e4epideme silinder suudab pakkuda v\u00f5imsat lineaarset liikumist ja j\u00f5udu, tagades mehaanilise k\u00e4e t\u00f5husa j\u00f5udluse erinevates toimingutes.<\/p>\n<\/li>\n<li>\n<h3>T\u00e4pne kontroll<\/h3>\n<p>H\u00fcdraulilise s\u00fcsteemi abil saab k\u00e4sivarre silinder saavutada t\u00e4pse liikumise juhtimise, muutes kinnitatud t\u00f6\u00f6riistade t\u00f6\u00f6 paindlikumaks ja t\u00e4psemaks.<\/p>\n<\/li>\n<li>\n<h3>Tugev vastupidavus<\/h3>\n<p>K\u00e4epideme silinder on tavaliselt valmistatud \u00fclitugevatest materjalidest ning sellel on hea kulumis- ja korrosioonikindlus, mist\u00f5ttu see sobib pikaajaliseks kasutamiseks karmides keskkondades.<\/p>\n<\/li>\n<li>\n<h3>Multifunktsionaalne kohanemisv\u00f5ime<\/h3>\n<p>Neid silindreid saab laialdaselt kasutada erinevat t\u00fc\u00fcpi masinates, n\u00e4iteks ekskavaatorites, kraanades ja robotk\u00e4tes, et kohanduda erinevate t\u00f6\u00f6n\u00f5uetega.<\/p>\n<\/li>\n<li>\n<h3>Lihtne hooldus<\/h3>\n<p>Projekteerimisel on arvestatud hoolduse ja asendamise lihtsusega, muutes regulaarse kontrolli ja hoolduse mugavamaks ning v\u00e4hendades seadmete seisakuid.<\/p>\n<\/li>\n<\/ul>\n<p>Me oleme v\u00f5imelised seda toodet tootma ja meie toode suudab neid h\u00fcdrosilindreid ideaalselt asendada.<\/p>\n<p><img decoding=\"async\" src=\"https:\/\/www.hydraulic-cylinders.net\/wp-content\/uploads\/2025\/01\/songte-oil-pipes-and-spare-parts.webp\"><\/p>\n<h2>Rakendused<\/h2>\n<p>K\u00e4epideme silindrit kasutatakse laialdaselt erinevates t\u00f6\u00f6stusharudes, sealhulgas:<\/p>\n<ul>\n<li>\n<h3>Ehitustehnika<\/h3>\n<p>Ekskavaatorites ja kraanades kasutatakse poomisilindreid koppade v\u00f5i poomide liikumise juhtimiseks mullat\u00f6\u00f6del, materjalide k\u00e4itlemisel ja konstruktsioonide paigaldamisel.<\/p>\n<\/li>\n<li>\n<h3>Tootmine<\/h3>\n<p>Automatiseeritud tootmisliinidel kasutatakse robotk\u00e4te liigutamiseks, kokkupanekuks, keevitamiseks ja materjalide k\u00e4itlemiseks k\u00e4sisilindreid, parandades tootmise efektiivsust ja t\u00e4psust.<\/p>\n<\/li>\n<li>\n<h3>P\u00f5llumajandustehnika<\/h3>\n<p>P\u00f5llumajandusmasinates, n\u00e4iteks kombainides ja k\u00fclvikutes, juhivad \u00f5\u00f5tshoobade liikumist \u00f5\u00f5tshoovad, t\u00e4ites selliseid \u00fclesandeid nagu istutamine, v\u00e4etamine ja koristamine.<\/p>\n<\/li>\n<li>\n<h3>Kaevandamine<\/h3>\n<p>Kaevandusseadmetes kasutatakse k\u00e4sisilindreid kaevandusseadmete k\u00e4e liikumise juhtimiseks, maakide kaevandamiseks ja transportimiseks.<\/p>\n<\/li>\n<li>\n<h3>Logistika ja transport<\/h3>\n<p>Kahvelt\u00f5stukites ja robotites kasutatakse kahvlite t\u00f5stmise ja liikumise juhtimiseks k\u00e4sisilindreid kaupade k\u00e4itlemiseks ja virnastamiseks.<\/p>\n<\/li>\n<\/ul>\n<h2>Projekteerimiskaalutlused ja valikukriteeriumid<\/h2>\n<p>Projekteerimise seisukohast peaksid \u00f5\u00f5tssilindrid arvestama j\u00e4rgmiste teguritega:<\/p>\n<ul>\n<li>\n<h3>Kandev\u00f5ime<\/h3>\n<p>K\u00e4epideme silindril peaks olema piisav kandev\u00f5ime, et rahuldada erinevate toimingute vajadusi.<\/p>\n<\/li>\n<li>\n<h3>Tihendusv\u00f5ime<\/h3>\n<p>Erinevate tihenduskomponentide, n\u00e4iteks kolvitihendite ja vardatihendite kasutamine kulumiskindlatest materjalidest, n\u00e4iteks pol\u00fcuretaanist ja nitriilkummist, v\u00f5ib silindri tihendusomadusi t\u00f5husalt parandada.<\/p>\n<\/li>\n<li>\n<h3>Vastupidavus<\/h3>\n<p>Silindri korpus ja keermestatud otsapind peaksid kulumiskindluse parandamiseks l\u00e4bima peene t\u00f6\u00f6tlemise ning silindri vastupidavuse tagamiseks tuleks kasutada \u00fclitugevaid materjale.<\/p>\n<\/li>\n<li>\n<h3>Ohutus<\/h3>\n<p>K\u00e4epideme silinder tuleks konstrueerida ohutust silmas pidades, v\u00f5ttes arvesse meetmeid, nagu j\u00e4rskude kukkumiste v\u00e4ltimine ja liikumiskiiruse kontrollimine.<\/p>\n<\/li>\n<li>\n<h3>Hooldatavus<\/h3>\n<p>Hooldussilindri konstrueerimine peaks olema lihtne nii, et komponente, n\u00e4iteks tihendeid ja tihendeid, oleks lihtne hooldada ja vahetada, et v\u00e4hendada hooldusaega ja -kulusid.<\/p>\n<\/li>\n<\/ul>\n<p><img decoding=\"async\" src=\"https:\/\/www.hydraulic-cylinders.net\/wp-content\/uploads\/2025\/01\/songte-cylinder-head-with-all-kinds-excavator-models.webp\"><\/p>\n<h2>Tihendus ja m\u00e4\u00e4rimine<\/h2>\n<p>Erinevate tihenduskomponentide, n\u00e4iteks kolvitihendite ja vardatihendite kasutamine v\u00f5ib silindri tihendusv\u00f5imet t\u00f5husalt parandada. Tihendusr\u00f5ngaste jaoks kasutatakse sageli kulumiskindlaid materjale, nagu pol\u00fcuretaan ja nitriilkummi. Lisaks tuleks silindri korpust ja keermestatud otsapinda peenelt t\u00f6\u00f6delda, et parandada kulumiskindlust. Samuti on vajalik regulaarne m\u00e4\u00e4rimine sobiva koguse h\u00fcdraulika\u00f5liga, et tagada silindri n\u00f5uetekohane t\u00f6\u00f6 ja pikendada selle eluiga.<\/p>\n<h2>Hooldus ja ettevaatusabin\u00f5ud<\/h2>\n<ul>\n<li>\n<h3>Regulaarne kontroll<\/h3>\n<p>K\u00e4epideme regulaarne kontroll ja hooldus aitavad tuvastada v\u00f5imalikke probleeme ja v\u00e4hendada seisakuid. Soovitatav on silindrit regulaarselt lekete, kulumise ja kahjustuste suhtes kontrollida.<\/p>\n<\/li>\n<li>\n<h3>Ennetav hooldus<\/h3>\n<p>Asjakohased ennetavad hooldusmeetmed, n\u00e4iteks kulunud tihendite ja tihenditega tihenduste vahetamine, aitavad pikendada silindri eluiga ja v\u00e4hendada hoolduskulusid.<\/p>\n<\/li>\n<\/ul>\n<p><img decoding=\"async\" src=\"https:\/\/www.hydraulic-cylinders.net\/wp-content\/uploads\/2025\/01\/songte-chushion-collar.webp\"><\/p>\n<h2>Paigaldusjuhend<\/h2>\n<p>Enne paigaldamist veenduge, et poomi silinder sobib konkreetseks rakenduseks ja vastab masina n\u00f5uetele. Paigaldusprotsessi peaksid l\u00e4bi viima professionaalsed t\u00f6\u00f6tajad, kellel on asjakohane kvalifikatsioon ja kogemused. Paigaldamisel tuleb j\u00e4rgida tootja juhiseid ja tagada, et k\u00f5ik komponendid on \u00f5igesti ja kindlalt paigaldatud.<\/p>\n<h2>Ohutus- ja keskkonnakaalutlused<\/h2>\n<p>H\u00fcdrovarda silindri kasutamisel on oluline j\u00e4rgida standardseid ohutusprotseduure, et v\u00e4ltida \u00f5nnetusi v\u00f5i vigastusi. Samuti on oluline arvestada h\u00fcdraulika\u00f5li lekete keskkonnam\u00f5juga ning v\u00f5tta meetmeid \u00f5lireostuse v\u00e4ltimiseks ja kasutatud \u00f5li ja muude komponentide n\u00f5uetekohaseks utiliseerimiseks.<\/p>\n<h2>Levinumad probleemid ja t\u00f5rkeotsing<\/h2>\n<ul>\n<li>\n<h3>Lekkiv \u00f5li<\/h3>\n<p>See on levinud probleem, mille v\u00f5ivad p\u00f5hjustada kulunud tihendid v\u00f5i kahjustatud silindri komponendid. Kontrollige silindrit lekete suhtes ja vahetage k\u00f5ik kulunud v\u00f5i kahjustatud komponendid v\u00e4lja.<\/p>\n<\/li>\n<li>\n<h3>Aeglane liikumine<\/h3>\n<p>Aeglase liikumise p\u00f5hjuseks v\u00f5ib olla madal h\u00fcdraulikar\u00f5hk v\u00f5i ummistus h\u00fcdraulikas\u00fcsteemis. Kontrollige h\u00fcdraulikar\u00f5hku ja vajadusel k\u00f5rvaldage k\u00f5ik ummistused.<\/p>\n<\/li>\n<li>\n<h3>M\u00fcrane t\u00f6\u00f6<\/h3>\n<p>M\u00fcra t\u00f6\u00f6 v\u00f5ib olla p\u00f5hjustatud kulunud komponentidest v\u00f5i h\u00fcdros\u00fcsteemis olevast \u00f5hust. Kontrollige silindrit kulunud komponentide suhtes ja \u00f5hutage s\u00fcsteemist \u00f5hk.<\/p>\n<\/li>\n<\/ul>\n<p>N\u00f5uetekohane t\u00f5rkeotsing eeldab silindri t\u00f6\u00f6 ja komponentide p\u00f5hjalikku m\u00f5istmist. J\u00e4rgige alati tootja juhiseid ja vajadusel p\u00f6\u00f6rduge professionaalse abi poole.<\/p>\n<p><img decoding=\"async\" src=\"https:\/\/www.hydraulic-cylinders.net\/wp-content\/uploads\/2025\/01\/songte-bushings-with-all-kinds-of-excavator-models.webp\"><\/p>\n<h2>Meist<\/h2>\n<p>Oleme professionaalne asendush\u00fcdrauliliste silindrite tootja, kellel on lai tootevalik. Oleme saanud \u00fcheks juhtivaks h\u00fcdrauliliste silindrite tootjaks ja hulgim\u00fc\u00fcjaks nii sise- kui ka rahvusvahelistel turgudel. Peame alati kinni suurep\u00e4rase kvaliteedi p\u00f5him\u00f5ttest ja tugineme peentootmist\u00f6\u00f6kodade industrialiseeritud tootmisjuhtimise strateegiale, et pidevalt oma tehnoloogiat ja tootmise efektiivsust t\u00e4iustada. Tipptasemel digitaalsete tootmisseadmete ja professionaalsete testimiss\u00fcsteemide juurutamisega optimeerime pidevalt oma tootmisplatvormi, t\u00e4iustame oma tootekvaliteedi kontrolli protsessi ning omame tugevat innovatsiooniv\u00f5imet. Meie eesm\u00e4rk on rahuldada oma klientide mitmekesiseid vajadusi suure efektiivsuse, t\u00e4psuse ja k\u00f5rgete kvaliteedip\u00f5him\u00f5tete abil.<\/p>\n<p>Oleme p\u00fchendunud professionaalsete, rahvusvaheliselt sertifitseeritud ja kohandatud teenuste pakkumisele, kasutades t\u00e4iustatud tootmisseadmeid ja pakkudes igak\u00fclgset m\u00fc\u00fcgij\u00e4rgset teenindust ning oleme p\u00fchendunud kvaliteetsete toodete pakkumisele oma klientidele.<\/p>\n<p><img decoding=\"async\" src=\"https:\/\/www.hydraulic-cylinders.net\/wp-content\/uploads\/2025\/01\/songte-company-4.webp\"><\/p>\n<p><img decoding=\"async\" src=\"https:\/\/www.hydraulic-cylinders.net\/wp-content\/uploads\/2025\/01\/songte-company-3.webp\"><\/p>\n<p>Autor: lyl<\/p>","protected":false},"excerpt":{"rendered":"<p>Arm Cylinder For TCK HD1636LC-8H Introduction The arm cylinder is a type of hydraulic cylinder designed specifically to provide linear motion and power to the arms of various types of machinery, such as excavators, cranes, and robotic arms. In a hydraulic system, the arm cylinder plays a critical role in enabling the movement and control [&hellip;]<\/p>","protected":false},"featured_media":14774,"comment_status":"open","ping_status":"closed","template":"","meta":{"_et_pb_use_builder":"","_et_pb_old_content":"","_et_gb_content_width":""},"product_brand":[],"product_cat":[1497],"product_tag":[1498,1496],"class_list":{"0":"post-16711","1":"product","2":"type-product","3":"status-publish","4":"has-post-thumbnail","6":"product_cat-arm-cylinders","7":"product_tag-arm-cylinders","8":"product_tag-hydraulic-cylinders","10":"first","11":"instock","12":"shipping-taxable","13":"product-type-simple"},"amp_enabled":true,"_links":{"self":[{"href":"https:\/\/www.hydraulic-cylinders.net\/et\/wp-json\/wp\/v2\/product\/16711","targetHints":{"allow":["GET"]}}],"collection":[{"href":"https:\/\/www.hydraulic-cylinders.net\/et\/wp-json\/wp\/v2\/product"}],"about":[{"href":"https:\/\/www.hydraulic-cylinders.net\/et\/wp-json\/wp\/v2\/types\/product"}],"replies":[{"embeddable":true,"href":"https:\/\/www.hydraulic-cylinders.net\/et\/wp-json\/wp\/v2\/comments?post=16711"}],"wp:featuredmedia":[{"embeddable":true,"href":"https:\/\/www.hydraulic-cylinders.net\/et\/wp-json\/wp\/v2\/media\/14774"}],"wp:attachment":[{"href":"https:\/\/www.hydraulic-cylinders.net\/et\/wp-json\/wp\/v2\/media?parent=16711"}],"wp:term":[{"taxonomy":"product_brand","embeddable":true,"href":"https:\/\/www.hydraulic-cylinders.net\/et\/wp-json\/wp\/v2\/product_brand?post=16711"},{"taxonomy":"product_cat","embeddable":true,"href":"https:\/\/www.hydraulic-cylinders.net\/et\/wp-json\/wp\/v2\/product_cat?post=16711"},{"taxonomy":"product_tag","embeddable":true,"href":"https:\/\/www.hydraulic-cylinders.net\/et\/wp-json\/wp\/v2\/product_tag?post=16711"}],"curies":[{"name":"wp","href":"https:\/\/api.w.org\/{rel}","templated":true}]}}