{"id":16738,"date":"2025-01-21T05:50:48","date_gmt":"2025-01-21T05:50:48","guid":{"rendered":"https:\/\/www.hydraulic-cylinders.net\/product\/arm-cylinder-for-kym-ky60a\/"},"modified":"2025-01-21T05:50:49","modified_gmt":"2025-01-21T05:50:49","slug":"arm-cylinder-for-kym-ky60a","status":"publish","type":"product","link":"https:\/\/www.hydraulic-cylinders.net\/et\/toode\/arm-cylinder-for-kym-ky60a\/","title":{"rendered":"KYM KY60A \u00f5\u00f5tsilinder"},"content":{"rendered":"<h2>KYM KY60A \u00f5\u00f5tsilinder<\/h2>\n<h3>Sissejuhatus<\/h3>\n<p>H\u00fcdrovarre silinder on spetsiaalselt konstrueeritud h\u00fcdrauliline silinder, mida kasutatakse lineaarse liikumise ja j\u00f5u tagamiseks erinevate masinate, sealhulgas ekskavaatorite, kraanade ja mehaaniliste hoobade hoovadele. Sellel on h\u00fcdraulikas\u00fcsteemides oluline roll, v\u00f5imaldades lisat\u00f6\u00f6riistade v\u00f5i lisaseadmete t\u00f5husat liikumist ja juhtimist. Need silindrid mitte ainult ei taga sujuvat liikumist, vaid taluvad ka suuri koormusi, tagades masinate t\u00f5husa t\u00f6\u00f6 ja t\u00f6\u00f6kindluse erinevates t\u00f6\u00f6tingimustes.<\/p>\n<p><img decoding=\"async\" src=\"https:\/\/www.hydraulic-cylinders.net\/wp-content\/uploads\/2025\/01\/songte-company-2.webp\" alt=\"KYM KY60A \u00f5\u00f5tsilinder\" \/><\/p>\n<h3>Omadused<\/h3>\n<ul>\n<li>Suure efektiivsusega \u00fclekanne: \u00f5\u00f5tshoova silindrid pakuvad v\u00f5imsat lineaarset liikumist ja j\u00f5udu, tagades mehaaniliste \u00f5\u00f5tshoobade suure efektiivsuse erinevates toimingutes.<\/li>\n<li>T\u00e4ppisjuhtimine: H\u00fcdraulilise s\u00fcsteemi abil saavad \u00f5lasilindrid saavutada t\u00e4pse liikumise juhtimise, muutes lisat\u00f6\u00f6riistade t\u00f6\u00f6 paindlikumaks ja t\u00e4psemaks.<\/li>\n<li>Tugev vastupidavus: \u00d5\u00f5tshoova silindrid on tavaliselt valmistatud \u00fclitugevatest materjalidest ning neil on hea kulumis- ja korrosioonikindlus, mist\u00f5ttu sobivad need pikaajaliseks kasutamiseks karmides keskkondades.<\/li>\n<li>Mitmeotstarbeline kohandatavus: Neid silindreid saab laialdaselt kasutada erinevat t\u00fc\u00fcpi masinates, n\u00e4iteks ekskavaatorites, kraanades ja mehaanilistes k\u00e4sivartes, et rahuldada erinevaid t\u00f6\u00f6vajadusi.<\/li>\n<li>Lihtne hooldus: Projekteerimisel on arvestatud hoolduse ja asendamise lihtsusega, muutes regulaarse kontrolli ja hoolduse mugavamaks ning v\u00e4hendades seadmete seisakuid.<\/li>\n<\/ul>\n<p>Me saame seda toodet toota ja see saab neid h\u00fcdraulilisi silindreid ideaalselt asendada.<\/p>\n<p><img decoding=\"async\" src=\"https:\/\/www.hydraulic-cylinders.net\/wp-content\/uploads\/2025\/01\/songte-oil-pipes-and-spare-parts.webp\" alt=\"KYM KY60A \u00f5\u00f5tsilinder\" \/><\/p>\n<h3>Rakendused<\/h3>\n<p>\u00d5\u00f5tssilindritel on lai valik rakendusi erinevates t\u00f6\u00f6stusharudes, sealhulgas:<\/p>\n<ul>\n<li>Ehitus: Ekskavaatorites ja kraanades kasutatakse poomisilindreid \u00e4mbrite v\u00f5i poomide liikumise juhtimiseks mullat\u00f6\u00f6del, materjalide k\u00e4itlemisel ja konstruktsioonide paigaldamisel.<\/li>\n<li>Tootmine: Automatiseeritud tootmisliinidel kasutatakse \u00f5lavarre silindreid mehaaniliste \u00f5lavarre liigutamiseks montaa\u017ei, keevitamise ja materjalide k\u00e4itlemise ajal, parandades tootmise efektiivsust ja t\u00e4psust.<\/li>\n<li>P\u00f5llumajandusmasinad: P\u00f5llumajandusmasinates, n\u00e4iteks kombainides ja istutusmasinates, juhivad \u00f5\u00f5tssilindrid t\u00f6\u00f6\u00f5lgade liikumist selliste \u00fclesannete t\u00e4itmisel nagu istutamine, v\u00e4etamine ja koristamine.<\/li>\n<li>Kaevandamine: Kaevandusseadmetes kasutatakse kaevandusseadmete kaevandusvarraste liikumise juhtimiseks k\u00e4sisilindreid maagi kaevandamiseks ja transportimiseks.<\/li>\n<li>Logistika ja transport: Kahvelt\u00f5stukites ja robotites kasutatakse kahvlite t\u00f5stmise ja liikumise juhtimiseks k\u00e4sisilindreid, mis h\u00f5lbustavad materjalide k\u00e4itlemist ja virnastamist.<\/li>\n<\/ul>\n<h3>Projekteerimiskaalutlused ja valikukriteeriumid<\/h3>\n<p>Projekteerimise seisukohast tuleb \u00f5\u00f5tshoovasilindrite puhul arvestada nende kandev\u00f5ime, tihendatuse, vastupidavuse, ohutuse ja hooldatavusega. J\u00e4rgnevalt on toodud peamised punktid:<\/p>\n<ul>\n<li>Kandev\u00f5ime: \u00d5\u00f5tshoova silindrid peavad suutma taluda masina maksimaalset koormust, s\u00e4ilitades samal ajal oma t\u00f6\u00f6kindluse ja t\u00e4psuse.<\/li>\n<li>Tihendus: \u00d5\u00f5tshoova silindrid vajavad mitmesuguseid tihendeid, n\u00e4iteks kolvitihendeid, vardatihendeid jne, mis peavad olema valmistatud kulumiskindlatest materjalidest, n\u00e4iteks pol\u00fcuretaanist ja nitriilkummist, et tagada tihendite pikaealisus.<\/li>\n<li>Vastupidavus: \u00d5\u00f5tshoova silindrid puutuvad sageli kokku karmide tingimustega ja nende vastupidavuse ja pikaealisuse tagamiseks peavad need olema valmistatud \u00fclitugevatest materjalidest, n\u00e4iteks legeerterasest.<\/li>\n<li>Ohutus: K\u00e4epidemete silindrid peavad olema konstrueeritud nii, et need hoiaksid \u00e4ra \u00f5nnetusi ning tagaksid personali ja masinate ohutuse. Need peavad vastama asjakohastele ohutusstandarditele ja -m\u00e4\u00e4rustele.<\/li>\n<li>Hooldatavus: \u00d5\u00f5tshoova silindrid peaksid olema konstrueeritud nii, et need h\u00f5lbustaksid hooldust ja remonti, n\u00e4iteks tihenditele ja muudele komponentidele h\u00f5lpsat juurdep\u00e4\u00e4su.<\/li>\n<\/ul>\n<p><img decoding=\"async\" src=\"https:\/\/www.hydraulic-cylinders.net\/wp-content\/uploads\/2025\/01\/songte-cylinder-head-with-all-kinds-excavator-models.webp\" alt=\"KYM KY60A \u00f5\u00f5tsilinder\" \/><\/p>\n<h3>Tihendus ja m\u00e4\u00e4rimine<\/h3>\n<p>\u00d5\u00f5tshoova silindrites tuleb kasutada mitmesuguseid tihendeid, n\u00e4iteks kolvi- ja varrastihendeid. Need tihendid peavad olema valmistatud kulumiskindlatest materjalidest, n\u00e4iteks pol\u00fcuretaanist ja nitriilkummist. Silindripea ja silindri korpuse keermeotsa pind tuleb kulumiskindluse parandamiseks peenelt t\u00f6\u00f6delda. Samuti on vaja regulaarselt lisada sobivat h\u00fcdraulika\u00f5li m\u00e4\u00e4rimiseks.<\/p>\n<h3>Regulaarne kontroll ja ennetavad hooldusmeetmed<\/h3>\n<p>Regulaarne kontroll ja ennetav hooldus on olulised \u00f5\u00f5tshoova silindrite n\u00f5uetekohase t\u00f6\u00f6 tagamiseks. Tuleks v\u00f5tta j\u00e4rgmised meetmed:<\/p>\n<ul>\n<li>Kontrollige regulaarselt tihendite kulumist ja vajadusel vahetage need v\u00e4lja.<\/li>\n<li>Kontrollige silindri korpust ja kolbi kahjustuste v\u00f5i kulumise suhtes ning vajadusel vahetage need v\u00e4lja.<\/li>\n<li>Kontrollige keerme otsa pinda kulumise ja kriimustuste suhtes ning vajadusel parandage v\u00f5i vahetage need v\u00e4lja.<\/li>\n<li>Lisage m\u00e4\u00e4rimiseks regulaarselt sobivat h\u00fcdraulika\u00f5li.<\/li>\n<li>H\u00fcdraulikas\u00fcsteemi perioodiline kontroll ja hooldus.<\/li>\n<\/ul>\n<p><img decoding=\"async\" src=\"https:\/\/www.hydraulic-cylinders.net\/wp-content\/uploads\/2025\/01\/songte-chushion-collar.webp\" alt=\"KYM KY60A \u00f5\u00f5tsilinder\" \/><\/p>\n<h3>Toote paigaldusjuhend<\/h3>\n<p>Silindripeade korrektseks paigaldamiseks j\u00e4rgige neid juhiseid:<\/p>\n<ul>\n<li>Veenduge, et kinnituspind oleks puhas ning prahist ja saasteainetest vaba.<\/li>\n<li>Joondage silinder kinnituspinnaga ja paigaldage kinnituspoldid v\u00f5i kruvid.<\/li>\n<li>\u00dchendage h\u00fcdraulikavoolikud silindriga vastavalt h\u00fcdraulika skeemile.<\/li>\n<li>T\u00e4itke h\u00fcdraulikas\u00fcsteem sobiva h\u00fcdraulika\u00f5liga.<\/li>\n<li>Kontrollige silindri n\u00f5uetekohast toimimist.<\/li>\n<\/ul>\n<h3>Ohutuskaalutlused ja keskkonnategurid<\/h3>\n<p>Ohutusmeetmed on \u00fcliolulised silindritega masinatega t\u00f6\u00f6tamisel. Personali ja masinate ohutuse tagamiseks on vajalik masinate k\u00e4sitsemise ja hooldamise alane n\u00f5uetekohane v\u00e4lja\u00f5pe ja haridus. Arvesse tuleks v\u00f5tta ka keskkonnategureid, nagu temperatuur, niiskus, tolm ja praht, ning v\u00f5tta asjakohased meetmed silindrite n\u00f5uetekohase toimimise tagamiseks.<\/p>\n<h3>Veaotsing ja levinud probleemid<\/h3>\n<p>H\u00fcdrovarraste silindrite levinud probleemide hulka kuuluvad lekked, v\u00e4henenud j\u00f5udlus ja tihendite kahjustused. Veaotsinguks saab kontrollida tihendeid, h\u00fcdraulikavedeliku taset ja h\u00fcdraulikas\u00fcsteemi voolu. Enamasti saab probleemi lahendada tihendite vahetamise v\u00f5i h\u00fcdraulikas\u00fcsteemi parandamisega. Ennetavad meetmed, n\u00e4iteks regulaarne hooldus, v\u00f5ivad v\u00e4hendada probleemide t\u00f5en\u00e4osust ja pikendada h\u00fcdraulikasilindrite eluiga.<\/p>\n<p><img decoding=\"async\" src=\"https:\/\/www.hydraulic-cylinders.net\/wp-content\/uploads\/2025\/01\/songte-bushings-with-all-kinds-of-excavator-models.webp\" alt=\"KYM KY60A \u00f5\u00f5tsilinder\" \/><\/p>\n<h3>Meist<\/h3>\n<p>Oleme professionaalne asendush\u00fcdrauliliste silindrite tootja laia tootevalikuga ning oleme saanud \u00fcheks juhtivaks h\u00fcdrosilindrite tootjaks ja hulgim\u00fc\u00fcjaks nii sise- kui ka v\u00e4listurul. Meie peenelt valmistatud t\u00f6\u00f6kodades j\u00e4rgime alati suurep\u00e4rase kvaliteedi p\u00f5him\u00f5tet ja tugineme t\u00f6\u00f6stusliku tootmise juhtimise strateegiatele, et pidevalt parandada oma tehnoloogilist taset ja tootmise efektiivsust. Tipptasemel digitaalsete tootmisseadmete ja professionaalsete testimiss\u00fcsteemide juurutamisega optimeerime oma tootmisplatvormi, t\u00e4iustame oma tootekvaliteedi kontrolli protsesse ning omame tugevat innovatsiooniv\u00f5imet. Meie eesm\u00e4rk on rahuldada klientide mitmekesiseid vajadusi suure efektiivsuse, t\u00e4psuse ja k\u00f5rgete kvaliteedip\u00f5him\u00f5tete abil.<\/p>\n<p>Oleme uhked oma professionaalsuse, rahvusvahelise sertifikaadi, kohandatud teenuste, tootmisseadmete ja m\u00fc\u00fcgij\u00e4rgse teeninduse \u00fcle.<\/p>\n<p><img decoding=\"async\" src=\"https:\/\/www.hydraulic-cylinders.net\/wp-content\/uploads\/2025\/01\/songte-company-4.webp\" alt=\"KYM KY60A \u00f5\u00f5tsilinder\" \/><br \/>\n<img decoding=\"async\" src=\"https:\/\/www.hydraulic-cylinders.net\/wp-content\/uploads\/2025\/01\/songte-company-3.webp\" alt=\"KYM KY60A \u00f5\u00f5tsilinder\" \/><\/p>\n<p>Autor: lyl.<\/p>","protected":false},"excerpt":{"rendered":"<p>Arm Cylinder For KYM KY60A Introduction An arm cylinder is a specially designed hydraulic cylinder used to provide linear motion and power to the arms of various machinery including excavators, cranes, and mechanical arms. It plays a crucial role in hydraulic systems, enabling the effective movement and control of additional tools or attachments. These cylinders [&hellip;]<\/p>","protected":false},"featured_media":14783,"comment_status":"open","ping_status":"closed","template":"","meta":{"_et_pb_use_builder":"","_et_pb_old_content":"","_et_gb_content_width":""},"product_brand":[],"product_cat":[1497],"product_tag":[1498,1496],"class_list":{"0":"post-16738","1":"product","2":"type-product","3":"status-publish","4":"has-post-thumbnail","6":"product_cat-arm-cylinders","7":"product_tag-arm-cylinders","8":"product_tag-hydraulic-cylinders","10":"first","11":"instock","12":"shipping-taxable","13":"product-type-simple"},"amp_enabled":true,"_links":{"self":[{"href":"https:\/\/www.hydraulic-cylinders.net\/et\/wp-json\/wp\/v2\/product\/16738","targetHints":{"allow":["GET"]}}],"collection":[{"href":"https:\/\/www.hydraulic-cylinders.net\/et\/wp-json\/wp\/v2\/product"}],"about":[{"href":"https:\/\/www.hydraulic-cylinders.net\/et\/wp-json\/wp\/v2\/types\/product"}],"replies":[{"embeddable":true,"href":"https:\/\/www.hydraulic-cylinders.net\/et\/wp-json\/wp\/v2\/comments?post=16738"}],"wp:featuredmedia":[{"embeddable":true,"href":"https:\/\/www.hydraulic-cylinders.net\/et\/wp-json\/wp\/v2\/media\/14783"}],"wp:attachment":[{"href":"https:\/\/www.hydraulic-cylinders.net\/et\/wp-json\/wp\/v2\/media?parent=16738"}],"wp:term":[{"taxonomy":"product_brand","embeddable":true,"href":"https:\/\/www.hydraulic-cylinders.net\/et\/wp-json\/wp\/v2\/product_brand?post=16738"},{"taxonomy":"product_cat","embeddable":true,"href":"https:\/\/www.hydraulic-cylinders.net\/et\/wp-json\/wp\/v2\/product_cat?post=16738"},{"taxonomy":"product_tag","embeddable":true,"href":"https:\/\/www.hydraulic-cylinders.net\/et\/wp-json\/wp\/v2\/product_tag?post=16738"}],"curies":[{"name":"wp","href":"https:\/\/api.w.org\/{rel}","templated":true}]}}