{"id":16752,"date":"2025-01-21T05:51:49","date_gmt":"2025-01-21T05:51:49","guid":{"rendered":"https:\/\/www.hydraulic-cylinders.net\/product\/arm-cylinder-for-pushhm-pz250lc-8\/"},"modified":"2025-01-21T05:51:51","modified_gmt":"2025-01-21T05:51:51","slug":"arm-cylinder-for-pushhm-pz250lc-8","status":"publish","type":"product","link":"https:\/\/www.hydraulic-cylinders.net\/et\/toode\/arm-cylinder-for-pushhm-pz250lc-8\/","title":{"rendered":"Pushhm PZ250LC-8 k\u00e4epideme silinder"},"content":{"rendered":"<h2>Pushhm PZ250LC-8 k\u00e4epideme silinder<\/h2>\n<h3>Sissejuhatus<\/h3>\n<p>H\u00fcdrovarre silinder on spetsiaalselt konstrueeritud h\u00fcdrauliline silinder, mida kasutatakse peamiselt lineaarse liikumise ja j\u00f5u tagamiseks erinevate masinate, n\u00e4iteks ekskavaatorite, kraanade ja robotk\u00e4te k\u00e4epidemetele. H\u00fcdrovarre silinder m\u00e4ngib olulist rolli h\u00fcdraulikas\u00fcsteemides, mis v\u00f5imaldavad lisaseadmete v\u00f5i tarvikute liikumist ja t\u00f5husat juhtimist. Need silindrid mitte ainult ei taga sujuvat liikumist, vaid taluvad ka suuri koormusi, tagades masinate t\u00f5husa t\u00f6\u00f6 ja t\u00f6\u00f6kindluse erinevates t\u00f6\u00f6tingimustes.<\/p>\n<p><img decoding=\"async\" src=\"https:\/\/www.hydraulic-cylinders.net\/wp-content\/uploads\/2025\/01\/songte-company-2.webp\" alt=\"K\u00e4e silindri pilt\"><\/p>\n<h3>Omadused<\/h3>\n<ul>\n<li><strong>Suure efektiivsusega \u00fclekanne:<\/strong> K\u00e4e silinder tagab tugeva lineaarse liikumise ja j\u00f5u, tagades robotk\u00e4e k\u00f5rge efektiivsuse erinevates toimingutes.<\/li>\n<li><strong>T\u00e4pne kontroll:<\/strong> H\u00fcdraulilise s\u00fcsteemi abil saab k\u00e4sivarre silinder saavutada t\u00e4pse liikumise juhtimise, muutes lisaseadmete t\u00f6\u00f6 paindlikumaks ja t\u00e4psemaks.<\/li>\n<li><strong>Vastupidav:<\/strong> K\u00e4epideme silindrid on tavaliselt valmistatud \u00fclitugevatest materjalidest, neil on hea kulumiskindlus ja korrosioonikindlus ning need sobivad pikaajaliseks kasutamiseks karmides keskkondades.<\/li>\n<li><strong>Mitmeotstarbeline kohanemisv\u00f5ime:<\/strong> Neid silindreid saab laialdaselt kasutada erinevates mehaanilistes seadmetes, nagu ekskavaatorid, kraanad ja robotk\u00e4ed, et t\u00e4ita erinevaid t\u00f6\u00f6n\u00f5udeid.<\/li>\n<li><strong>Lihtne hooldus:<\/strong> Projekteerimisel on arvestatud lihtsa hoolduse ja asendamisega, mis muudab regulaarse kontrolli ja hoolduse mugavamaks ning v\u00e4hendab seadmete seisakuid.<\/li>\n<\/ul>\n<p>Me saame seda toodet toota ja see saab neid h\u00fcdraulilisi silindreid ideaalselt asendada.<\/p>\n<p><img decoding=\"async\" src=\"https:\/\/www.hydraulic-cylinders.net\/wp-content\/uploads\/2025\/01\/songte-oil-pipes-and-spare-parts.webp\" alt=\"H\u00fcdraulilise silindri varuosade pilt\"><\/p>\n<h3>Rakendused<\/h3>\n<p>K\u00e4epideme silindrit kasutatakse erinevates t\u00f6\u00f6stusharudes, sealhulgas:<\/p>\n<ul>\n<li><strong>Ehitus:<\/strong> Ekskavaatorites ja kraanades kasutatakse poomisilindrit kopa v\u00f5i poomi liikumise juhtimiseks mullat\u00f6\u00f6del, materjalide k\u00e4itlemisel ja konstruktsioonide paigaldamisel.<\/li>\n<li><strong>Tootmine:<\/strong> Automatiseeritud tootmisliinidel kasutatakse k\u00e4sivarre silindrit robotk\u00e4sivarte liigutamiseks montaa\u017ei-, keevitus- ja k\u00e4sitsemisprotsessides, parandades tootmise efektiivsust ja t\u00e4psust.<\/li>\n<li><strong>P\u00f5llumajandustehnika:<\/strong> P\u00f5llumajandusmasinates, n\u00e4iteks kombainides ja k\u00fclvikutes, juhib \u00f5\u00f5tshoova silinder juhthoova liikumist, t\u00e4ites selliseid \u00fclesandeid nagu k\u00fclvamine, v\u00e4etamine ja koristamine.<\/li>\n<li><strong>Kaevandamine:<\/strong> In mining equipment, the arm cylinder is used to control the arm&#8217;s movement of mining equipment for ore mining and handling.<\/li>\n<li><strong>Logistika ja transport:<\/strong> Kahvelt\u00f5stukites ja robotites kasutatakse kahvli t\u00f5stmise ja liikumise juhtimiseks k\u00e4e silindrit, teostades materjalide k\u00e4itlemist ja virnastamist.<\/li>\n<\/ul>\n<h3>Projekteerimiskaalutlused ja valikukriteeriumid<\/h3>\n<p>Projekteerimise seisukohast peaksid \u00f5\u00f5tssilindritel olema j\u00e4rgmised omadused:<\/p>\n<ul>\n<li><strong>Kandev\u00f5ime:<\/strong> The arm cylinder should be able to withstand the load and stress of the robotic arm&#8217;s operation.<\/li>\n<li><strong>Tihendus:<\/strong> H\u00fcdraulika\u00f5li lekete v\u00e4ltimiseks tuleks kasutada erinevaid tihenduskomponente, n\u00e4iteks kolvitihendeid ja varrastihendeid.<\/li>\n<li><strong>Vastupidavus:<\/strong> K\u00e4epideme silinder peaks olema valmistatud \u00fclitugevatest materjalidest ning sellel peaks olema hea kulumis- ja korrosioonikindlus, et see taluks karme keskkondi.<\/li>\n<li><strong>Ohutus:<\/strong> K\u00e4epideme silindril peaksid olema ohutusfunktsioonid, n\u00e4iteks r\u00f5hualandusventiilid, et v\u00e4ltida \u00fcler\u00f5hust tingitud \u00f5nnetusi.<\/li>\n<li><strong>Hooldus:<\/strong> K\u00e4epideme silinder peaks olema konstrueeritud nii, et seda oleks lihtne hooldada ja osasid vahetada, et minimeerida seisakuid.<\/li>\n<\/ul>\n<p><img decoding=\"async\" src=\"https:\/\/www.hydraulic-cylinders.net\/wp-content\/uploads\/2025\/01\/songte-cylinder-head-with-all-kinds-excavator-models.webp\" alt=\"H\u00fcdraulilise silindripea pilt\"><\/p>\n<h3>Tihendus ja m\u00e4\u00e4rimine<\/h3>\n<p>H\u00fcdraulika\u00f5li lekete v\u00e4ltimiseks tuleks kasutada mitmesuguseid tihenduskomponente, n\u00e4iteks kolvitihendeid ja varrastihendeid. Tihendid peaksid olema valmistatud kulumiskindlatest materjalidest, n\u00e4iteks pol\u00fcuretaanist ja nitriilkummist. Silindri korpus ja keermestatud otsapind peaksid olema peenelt t\u00f6\u00f6deldud, et parandada kulumiskindlust. \u00d5\u00f5tshoova silinder vajab sujuva t\u00f6\u00f6 tagamiseks regulaarset h\u00fcdraulika\u00f5liga m\u00e4\u00e4rimist.<\/p>\n<h3>Ennetav hooldus ja t\u00f5rkeotsing<\/h3>\n<p>Regular inspection and preventative maintenance are essential to ensure the arm cylinder&#8217;s optimal performance. Some common troubleshooting problems include oil leaks, abnormal noise, and slow operation. To prevent these issues, it is essential to follow the manufacturer&#8217;s guidelines and recommendations for maintenance and replacement of parts. <\/p>\n<p><img decoding=\"async\" src=\"https:\/\/www.hydraulic-cylinders.net\/wp-content\/uploads\/2025\/01\/songte-chushion-collar.webp\" alt=\"H\u00fcdraulilise silindri krae pilt\"><\/p>\n<h3>Paigaldusjuhend<\/h3>\n<p>Installation of the arm cylinder requires careful attention to the manufacturer&#8217;s instructions and guidelines. Here are some general steps to follow:<\/p>\n<ol>\n<li>Enne paigaldamist kontrollige silindrit kahjustuste v\u00f5i defektide suhtes.<\/li>\n<li>Veenduge, et k\u00f5ik \u00fchendusdetailid oleksid puhtad ja prahist vabad.<\/li>\n<li>Joondage \u00f5lavarre silinder kinnitusklambriga ja kinnitage see sobivate poltidega.<\/li>\n<li>\u00dchendage h\u00fcdraulikavoolikud silindrite portidega ja pingutage \u00fchendusdetailid.<\/li>\n<li>T\u00e4itke h\u00fcdros\u00fcsteem soovitatud \u00f5liga ja kontrollige silindri n\u00f5uetekohast toimimist.<\/li>\n<\/ol>\n<p><img decoding=\"async\" src=\"https:\/\/www.hydraulic-cylinders.net\/wp-content\/uploads\/2025\/01\/songte-bushings-with-all-kinds-of-excavator-models.webp\" alt=\"H\u00fcdrauliliste silindrite pukside pilt\"><\/p>\n<h3>Ohutuskaalutlused ja keskkonnategurid<\/h3>\n<p>When operating the arm cylinder, it is essential to follow all safety guidelines and procedures to prevent accidents. Always wear appropriate protective gear, do not exceed the cylinder&#8217;s load capacity, and use pressure relief valves when necessary. Environmental factors such as temperature and humidity can affect the arm cylinder&#8217;s performance, and it is essential to consider these factors during installation and operation.<\/p>\n<h3>Ettev\u00f5tte tutvustus<\/h3>\n<p>We are a professional replacement hydraulic cylinder manufacturer with a wide range of products, and have become one of the leading hydraulic cylinder manufacturers and wholesale distributors in domestic and international markets. We always adhere to the principle of excellent quality, rely on the industrialized production management strategy of the sophisticated manufacturing workshop, continuously improve the technical level and production efficiency. By introducing advanced digital manufacturing equipment and professional testing systems, we continuously optimize the manufacturing platform, improve the product quality control process, and have strong innovation capabilities. Our goal is to meet customers&#8217; diversified needs with high efficiency, accuracy, and high-quality principles.<\/p>\n<p><img decoding=\"async\" src=\"https:\/\/www.hydraulic-cylinders.net\/wp-content\/uploads\/2025\/01\/songte-company-4.webp\" alt=\"Ettev\u00f5tte pilt 1\"><br \/>\n<img decoding=\"async\" src=\"https:\/\/www.hydraulic-cylinders.net\/wp-content\/uploads\/2025\/01\/songte-company-3.webp\" alt=\"Ettev\u00f5tte pilt 2\"><\/p>\n<h3>Meie tugevused<\/h3>\n<ul>\n<li><strong>Professionaalsus:<\/strong> Meil on kogenud tehnikute ja inseneride meeskond, kes on p\u00fchendunud kvaliteetsete h\u00fcdrosilindrite tootmisele.<\/li>\n<li><strong>Rahvusvaheline sertifitseerimine:<\/strong> Meie tooted on sertifitseeritud ISO9001, SGS ja CE standarditega, mis tagab nende kvaliteedi ja t\u00f6\u00f6kindluse.<\/li>\n<li><strong>Kohandamine:<\/strong> We can provide customized hydraulic cylinders according to customers&#8217; specific requirements.<\/li>\n<li><strong>Tootmisseadmed:<\/strong> Meil on t\u00e4iustatud digitaalsed tootmisseadmed, n\u00e4iteks CNC-treipingid ja freespingid.<\/li>\n<li><strong>M\u00fc\u00fcgij\u00e4rgne teenindus:<\/strong> Pakume suurep\u00e4rast m\u00fc\u00fcgij\u00e4rgset teenindust, sealhulgas tehnilist tuge ja kiiret reageerimist klientide k\u00fcsimustele.<\/li>\n<\/ul>\n<p>Autor: lyl<\/p>","protected":false},"excerpt":{"rendered":"<p>Arm Cylinder For Pushhm PZ250LC-8 Introduction The arm cylinder is a specially designed hydraulic cylinder that is mainly used to provide linear motion and power to arms of various machinery such as excavators, cranes, and robotic arms. The arm cylinder plays a crucial role in hydraulic systems that enable attachments or accessories to move and [&hellip;]<\/p>","protected":false},"featured_media":14772,"comment_status":"open","ping_status":"closed","template":"","meta":{"_et_pb_use_builder":"","_et_pb_old_content":"","_et_gb_content_width":""},"product_brand":[],"product_cat":[1497],"product_tag":[1498,1496],"class_list":{"0":"post-16752","1":"product","2":"type-product","3":"status-publish","4":"has-post-thumbnail","6":"product_cat-arm-cylinders","7":"product_tag-arm-cylinders","8":"product_tag-hydraulic-cylinders","10":"first","11":"instock","12":"shipping-taxable","13":"product-type-simple"},"amp_enabled":true,"_links":{"self":[{"href":"https:\/\/www.hydraulic-cylinders.net\/et\/wp-json\/wp\/v2\/product\/16752","targetHints":{"allow":["GET"]}}],"collection":[{"href":"https:\/\/www.hydraulic-cylinders.net\/et\/wp-json\/wp\/v2\/product"}],"about":[{"href":"https:\/\/www.hydraulic-cylinders.net\/et\/wp-json\/wp\/v2\/types\/product"}],"replies":[{"embeddable":true,"href":"https:\/\/www.hydraulic-cylinders.net\/et\/wp-json\/wp\/v2\/comments?post=16752"}],"wp:featuredmedia":[{"embeddable":true,"href":"https:\/\/www.hydraulic-cylinders.net\/et\/wp-json\/wp\/v2\/media\/14772"}],"wp:attachment":[{"href":"https:\/\/www.hydraulic-cylinders.net\/et\/wp-json\/wp\/v2\/media?parent=16752"}],"wp:term":[{"taxonomy":"product_brand","embeddable":true,"href":"https:\/\/www.hydraulic-cylinders.net\/et\/wp-json\/wp\/v2\/product_brand?post=16752"},{"taxonomy":"product_cat","embeddable":true,"href":"https:\/\/www.hydraulic-cylinders.net\/et\/wp-json\/wp\/v2\/product_cat?post=16752"},{"taxonomy":"product_tag","embeddable":true,"href":"https:\/\/www.hydraulic-cylinders.net\/et\/wp-json\/wp\/v2\/product_tag?post=16752"}],"curies":[{"name":"wp","href":"https:\/\/api.w.org\/{rel}","templated":true}]}}