{"id":1677,"date":"2023-10-11T05:47:57","date_gmt":"2023-10-11T05:47:57","guid":{"rendered":"https:\/\/hydraulic-cylinders.net\/?post_type=product&#038;p=1677"},"modified":"2025-04-11T03:46:12","modified_gmt":"2025-04-11T03:46:12","slug":"press-front-side-shift-cylinder","status":"publish","type":"product","link":"https:\/\/www.hydraulic-cylinders.net\/et\/toode\/press-front-side-shift-cylinder\/","title":{"rendered":"Vajutage esik\u00fcljel asuvat nihutussilindrit"},"content":{"rendered":"<h1 style=\"text-align: center;\"><strong>Vajutage esik\u00fcljel asuvat nihutussilindrit<\/strong><\/h1>\n<p><img loading=\"lazy\" decoding=\"async\" class=\"wp-image-1683 aligncenter\" src=\"https:\/\/hydraulic-cylinders.net\/wp-content\/uploads\/2023\/10\/front-side-shift-cylinder-1-2-300x300.webp\" alt=\"\" width=\"400\" height=\"400\" \/><\/p>\n<p>Pressi esik\u00fcljele nihutav silinder on uuenduslik t\u00f6\u00f6riist, mis on loodud pressimistoimingute t\u00e4psuse ja efektiivsuse suurendamiseks. See t\u00e4iustatud silinder on spetsiaalselt konstrueeritud toorikute esik\u00fcljele nihutamise h\u00f5lbustamiseks pressimise ajal, tagades t\u00e4pse joondamise ja l\u00fchendades seadistusaega.<\/p>\n<p>Pressi esik\u00fcljele nihutav silinder muudab pressimistoimingutes m\u00e4ngu. Oma esik\u00fcljele nihutamise v\u00f5imaluse, t\u00e4pse joonduse, reguleeritava nihutusvahemiku ja kiire reageerimisv\u00f5imega annab see silinder operaatoritele v\u00f5imaluse saavutada t\u00e4pseid ja t\u00f5husaid pressimistulemusi. Soovitatavate kasutusmeetodite ja hooldustavade j\u00e4rgimisega saate maksimeerida pressi esik\u00fcljele nihutava silindri j\u00f5udlust, pikaealisust ja ohutust oma pressimisrakendustes. T\u00f5stke oma pressimisv\u00f5imalusi ja kogege selle tipptasemel silindriga suurep\u00e4rast joondust ja efektiivsust.<\/p>\n<p>Pressi esik\u00fclje nihutussilindri peamised omadused:<\/p>\n<ol>\n<li>Eesmise k\u00fclje nihutamise v\u00f5imalus:\n<ul>\n<li>Pressi esik\u00fcljel olev nihutussilinder on konstrueeritud nii, et pressimise ajal oleks v\u00f5imalik toorikuid t\u00e4pselt ettepoole nihutada.<\/li>\n<li>See v\u00f5imaldab operaatoritel t\u00f6\u00f6deldava detaili asendit h\u00f5lpsalt reguleerida, tagades optimaalse joonduse ja v\u00e4hendades k\u00e4sitsi reguleerimise vajadust.<\/li>\n<\/ul>\n<\/li>\n<li>T\u00e4pne joondamine:\n<ul>\n<li>See silinder tagab t\u00f6\u00f6deldava detaili t\u00e4pse joondamise, minimeerides joondamise ohtu ja suurendades \u00fcldist t\u00e4psust.<\/li>\n<li>Pressi esik\u00fclje nihutussilindri t\u00e4pne joondus parandab toote kvaliteeti ja v\u00e4hendab praaki.<\/li>\n<\/ul>\n<\/li>\n<li>Reguleeritav k\u00e4iguvahetusvahemik:\n<ul>\n<li>Silindril on reguleeritav k\u00e4iguvahetusulatus, mis v\u00f5imaldab operaatoritel kohandada esik\u00fclje nihutamise ulatust vastavalt iga rakenduse konkreetsetele n\u00f5uetele.<\/li>\n<li>Nihutusvahemiku reguleerimise paindlikkus tagab \u00fchilduvuse erinevate toorikute suuruste, kujude ja pressimisvajadustega.<\/li>\n<\/ul>\n<\/li>\n<li>Kiire ja reageerimisv\u00f5imeline:\n<ul>\n<li>Pressi esik\u00fcljel oleval k\u00fclgnihutussilindril on kiire ja reageeriv k\u00e4iguvahetusmehhanism, mis tagab kiire reguleerimise pressimise ajal.<\/li>\n<li>Kiire nihutamine v\u00e4hendab \u00fcldist ts\u00fckliaega, maksimeerides pressimisrakenduste tootlikkust ja l\u00e4bilaskev\u00f5imet.<\/li>\n<\/ul>\n<\/li>\n<\/ol>\n<h2><strong>Vajutage esik\u00fclje nihutussilindri parameetrit:<\/strong><\/h2>\n<table border=\"1\" cellspacing=\"0\" cellpadding=\"0\">\n<tbody>\n<tr>\n<td>Toote nimi<\/td>\n<td>H\u00fcdraulilise pressi esik\u00fcljel olev nihutussilinder<\/td>\n<\/tr>\n<tr>\n<td>Omadused:<\/td>\n<td>Tooriku v\u00f5i detaili horisontaalne liigutamine<\/td>\n<\/tr>\n<tr>\n<td>Kolb:<\/td>\n<td>80 mm\uff5e240 mm<br \/>\nL\u00f6\u00f6k \u2264300 mm<\/td>\n<\/tr>\n<tr>\n<td>T\u00f5ukej\u00f5ud:<\/td>\n<td>Maksimaalselt 1130 kN<br \/>\n(Kolb 240 mm \/ r\u00f5hk 25 MPa)<\/td>\n<\/tr>\n<tr>\n<td>Eesmise k\u00fclgnihkega silindri rakendused:<\/td>\n<td>H\u00fcdrauliline press<\/td>\n<\/tr>\n<\/tbody>\n<\/table>\n<div><\/div>\n<div>\n<div class=\"txtboxL\">\n<div class=\"txtboxL\">Omadused:<\/div>\n<div class=\"txtboxR\">Tooriku v\u00f5i detaili horisontaalne liigutamine<\/div>\n<div class=\"txtboxL\">Spetsifikatsioon:<\/div>\n<div class=\"txtboxR\">Kolb: 80 mm ~ 240 mm<br \/>\nL\u00f6\u00f6k \u2264300 mm<\/div>\n<div class=\"txtboxL\">T\u00f5ukej\u00f5ud:<\/div>\n<div class=\"txtboxR\">Maksimaalselt 1130 kN<br \/>\n(Kolb 240 mm \/ r\u00f5hk 25 MPa)<\/div>\n<\/div>\n<\/div>\n<h2><strong>Pressisilindri tehas:<\/strong><\/h2>\n<p><img loading=\"lazy\" decoding=\"async\" class=\"alignnone wp-image-1619 size-full\" src=\"https:\/\/hydraulic-cylinders.net\/wp-content\/uploads\/2023\/10\/press-cylinder.webp\" alt=\"\" width=\"1418\" height=\"946\" srcset=\"https:\/\/hydraulic-cylinders.net\/wp-content\/uploads\/2023\/10\/press-cylinder.webp 1418w, https:\/\/hydraulic-cylinders.net\/wp-content\/uploads\/2023\/10\/press-cylinder-1280x854.webp 1280w, https:\/\/hydraulic-cylinders.net\/wp-content\/uploads\/2023\/10\/press-cylinder-980x654.webp 980w, https:\/\/hydraulic-cylinders.net\/wp-content\/uploads\/2023\/10\/press-cylinder-480x320.webp 480w\" sizes=\"(min-width: 0px) and (max-width: 480px) 480px, (min-width: 481px) and (max-width: 980px) 980px, (min-width: 981px) and (max-width: 1280px) 1280px, (min-width: 1281px) 1418px, 100vw\" \/><\/p>\n<h2><strong>Pressi esik\u00fclje nihutussilindri kasutusmeetod<\/strong><strong>:<\/strong><\/h2>\n<ol>\n<li><strong>Paigaldamine:<\/strong>\n<ul>\n<li>Paigaldage pressi esik\u00fclgmine nihkesilinder kindlalt soovitud kohta, tagades \u00f5ige joonduse pressimisseadmega.<\/li>\n<li>\u00dchendage h\u00fcdraulikavoolikud vastavalt tootja juhistele, tagades \u00f5ige vedelikuvoolu ja v\u00e4ltides lekkeid.<\/li>\n<\/ul>\n<\/li>\n<li><strong>K\u00e4iguvahetuse reguleerimine:<\/strong>\n<ul>\n<li>Tutvu silindriga kaasasoleva k\u00e4iguvahetusmehhanismiga.<\/li>\n<li>Tavaliselt saab seadistusi teha juhtnuppude, k\u00e4sirataste v\u00f5i digitaalsete juhtnuppude abil.<\/li>\n<li>J\u00e4rgige tootja juhiseid, et teha t\u00e4pseid esik\u00fclje nihke seadistusi vastavalt tooriku m\u00f5\u00f5tmetele ja joondamisn\u00f5uetele.<\/li>\n<\/ul>\n<\/li>\n<li><strong>Tooriku joondamine ja nihutamine:<\/strong>\n<ul>\n<li>Asetage toorik pressialusele, tagades esialgse joonduse silindriga.<\/li>\n<li>Aktiveerige silinder, et k\u00e4ivitada nihutusmehhanism ja reguleerida toorik sujuvalt soovitud esik\u00fcljele.<\/li>\n<li>T\u00e4pse esik\u00fclje nihke tagamiseks kontrollige joondust visuaalselt v\u00f5i m\u00f5\u00f5tevahendite abil.<\/li>\n<\/ul>\n<\/li>\n<li><strong>Pressimise toiming:<\/strong>\n<ul>\n<li>Kui toorik on korralikult joondatud ja nihutatud, j\u00e4tkake pressimistoiminguga vastavalt oma standardsetele protseduuridele.<\/li>\n<li>Pressi esik\u00fcljel olev k\u00fclgnihkega silinder s\u00e4ilitab t\u00f6\u00f6deldava detaili joonduse ja stabiilsuse kogu pressimisprotsessi v\u00e4ltel, tagades j\u00e4rjepidevad tulemused.<\/li>\n<\/ul>\n<\/li>\n<\/ol>\n<h2><strong>Kuidas h\u00fcdraulilist silindrit taastada?<\/strong><\/h2>\n<p>H\u00fcdrosilindri taastamine h\u00f5lmab silindri lahtiv\u00f5tmist, kulunud v\u00f5i kahjustatud komponentide kontrollimist ja v\u00e4ljavahetamist ning silindri uuesti kokkupanekut funktsionaalsuse taastamiseks. Siin on samm-sammult juhend h\u00fcdrosilindri taastamiseks:<\/p>\n<p>M\u00e4rkus: H\u00fcdrosilindri taastamine v\u00f5ib olla keeruline ja n\u00f5uab mehaanikaalasid ja -kogemusi. Kui te pole kindel v\u00f5i teil puuduvad vajalikud teadmised, on soovitatav p\u00f6\u00f6rduda abi saamiseks professionaalse h\u00fcdrotehniku \u200b\u200bpoole.<\/p>\n<ol>\n<li><strong>Ohutusabin\u00f5ud:<\/strong>\n<ul>\n<li>Veenduge, et h\u00fcdraulikas\u00fcsteem on r\u00f5huvaba, l\u00fclitades v\u00e4lja toiteallika ja vabastades kogu salvestatud r\u00f5hu.<\/li>\n<li>H\u00fcdraulikavedeliku v\u00f5imalike lekete v\u00f5i pritsmete eest kaitsmiseks kasutage sobivaid kaitsevahendeid, n\u00e4iteks kindaid ja kaitseprille.<\/li>\n<\/ul>\n<\/li>\n<li><strong>Silindri eemaldamine:<\/strong>\n<ul>\n<li>\u00dchendage h\u00fcdraulikavoolikud silindrist lahti. Kasutage liitmike lahti\u00fchendamiseks ja lahti\u00fchendamiseks sobivaid mutriv\u00f5tmeid v\u00f5i t\u00f6\u00f6riistu.<\/li>\n<li>Toestage ballooni raskust t\u00f5stuki v\u00f5i sobiva t\u00f5steseadme abil.<\/li>\n<li>Eemaldage k\u00f5ik kinnitusklambrid v\u00f5i kinnitusdetailid, mis kinnitavad silindri seadme k\u00fclge.<\/li>\n<\/ul>\n<\/li>\n<li><strong>Lahtiv\u00f5tmine:<\/strong>\n<ul>\n<li>Asetage silinder puhtale t\u00f6\u00f6lauale v\u00f5i pinnale.<\/li>\n<li>Eemaldage silindri otsakorgid ettevaatlikult sobivate t\u00f6\u00f6riistade, n\u00e4iteks mutriv\u00f5tme v\u00f5i otsakukomplekti abil. Olge ettevaatlik, et silindrit ega selle komponente selle protsessi k\u00e4igus ei kahjustataks.<\/li>\n<li>Kui otsakorgid on eemaldatud, libistage kolvi ja varda komplekt silindri korpusest v\u00e4lja.<\/li>\n<li>Kontrollige ja dokumenteerige komponentide lahtiv\u00f5tmise ajal nende j\u00e4rjekorda ja suunda. See aitab kokkupanemisel.<\/li>\n<\/ul>\n<\/li>\n<li><strong>Komponentide kontroll:<\/strong>\n<ul>\n<li>Kontrollige k\u00f5iki komponente p\u00f5hjalikult kulumise, kahjustuste v\u00f5i korrosiooni tunnuste suhtes. P\u00f6\u00f6rake erilist t\u00e4helepanu kolvile, vardale, tihenditele, laagritele ja k\u00f5igile muudele sisemistele osadele.<\/li>\n<li>M\u00f5\u00f5tke kriitilisi m\u00f5\u00f5tmeid, n\u00e4iteks kolvi l\u00e4bim\u00f5\u00f5tu, varda l\u00e4bim\u00f5\u00f5tu ja tihendi soone m\u00f5\u00f5tmeid. V\u00f5rrelge neid m\u00f5\u00f5tmisi tootja spetsifikatsioonidega, et teha kindlaks, kas m\u00f5ni komponent vajab vahetamist.<\/li>\n<\/ul>\n<\/li>\n<li><strong>Komponentide asendamine:<\/strong>\n<ul>\n<li>Vahetage v\u00e4lja k\u00f5ik kulunud, kahjustatud v\u00f5i spetsifikatsioonidele mittevastavad komponendid. Veenduge, et varuosad \u00fchilduvad h\u00fcdrosilindri konkreetse margi ja mudeliga.<\/li>\n<li>Levinud komponendid, mis sageli v\u00e4lja vahetamist vajavad, on tihendid, O-r\u00f5ngad, laagrid, kolvir\u00f5ngad ja kulumisribad.<\/li>\n<li>Enne paigaldamist m\u00e4\u00e4rige uusi tihendeid ja O-r\u00f5ngaid h\u00fcdraulika\u00f5li v\u00f5i sobiva m\u00e4\u00e4rdeainega.<\/li>\n<\/ul>\n<\/li>\n<li><strong>Kokkupanek:<\/strong>\n<ul>\n<li>Alustage kokkupanekut, sisestades kolvi ja varda komplekti ettevaatlikult silindri korpusesse tagasi.<\/li>\n<li>Paigaldage uued tihendid ja O-r\u00f5ngad vastavatesse soontesse, tagades \u00f5ige joonduse ja suuna.<\/li>\n<li>Silindri kokkupanekul kandke tihenditele ja teistele liikuvatele osadele \u00f5huke kiht h\u00fcdraulilist vedelikku v\u00f5i montaa\u017eim\u00e4\u00e4ret.<\/li>\n<li>Otsakatete tagasipaigaldamiseks toimige lahtiv\u00f5tmisele vastupidises j\u00e4rjekorras, veendudes, et k\u00f5ik poldid v\u00f5i kinnitusdetailid on tootja spetsifikatsioonide kohaselt korralikult pingutatud.<\/li>\n<\/ul>\n<\/li>\n<li><strong>Testimine ja paigaldamine:<\/strong>\n<ul>\n<li>Kui silinder on uuesti kokku pandud, on enne seadmesse uuesti paigaldamist oluline selle toimivust testida.<\/li>\n<li>\u00dchendage h\u00fcdraulikavoolikud ja r\u00f5hkuge s\u00fcsteem uuesti vastavalt tootja juhistele.<\/li>\n<li>K\u00e4ivitage silindrit mitu korda, et kontrollida selle sujuvat toimimist, tihendamist ja v\u00f5imalikke lekkeid.<\/li>\n<li>Kui silinder t\u00f6\u00f6tab testimise ajal korrektselt, paigaldage see seadmesse tagasi, tagades h\u00fcdraulikavoolikute \u00f5ige joondamise ja \u00fchenduse.<\/li>\n<\/ul>\n<\/li>\n<\/ol>\n<h2><strong>Tehase v\u00f5imekus ja suutlikkus:<\/strong><\/h2>\n<h3>(1) Kokkupanek<\/h3>\n<p>Meil on esmaklassiline s\u00f5ltumatu teadus- ja arendustegevuse montaa\u017eiplatvorm. H\u00fcdrosilindrite tootmist\u00f6\u00f6kojas on neli poolautomaatset t\u00f5stesilindrite koosteliini ja \u00fcks automaatne kallutussilindrite koosteliin, mille kavandatud aastane tootmisv\u00f5imsus on 1 miljon t\u00fckki. Spetsiaalsete silindrite t\u00f6\u00f6koda on varustatud erinevate spetsifikatsioonidega poolautomaatse puhastusmontaa\u017eis\u00fcsteemiga, mille kavandatud aastane tootmisv\u00f5imsus on 200 000 ja mis on varustatud kuulsate CNC-t\u00f6\u00f6tlemisseadmete, mehaanilise t\u00f6\u00f6tlemise keskuse, suure t\u00e4psusega silindrite t\u00f6\u00f6tlemise eriseadmete, robotkeevitusmasina, automaatse puhastusmasina, automaatse silindri kokkupanemise masina ja automaatse v\u00e4rvimise tootmisliiniga. Olemasolevad kriitilised seadmed rohkem kui 300 komplekti (komplekti). Seadmete ressursside optimaalne jaotamine ja t\u00f5hus kasutamine tagavad toodete t\u00e4psusn\u00f5uded ja vastavad toodete kvaliteedin\u00f5uetele.<\/p>\n<p><img loading=\"lazy\" decoding=\"async\" class=\"alignnone wp-image-626\" src=\"https:\/\/hydraulic-cylinders.net\/wp-content\/uploads\/2023\/08\/hydraulic-cylinder-product-1-300x158.webp\" alt=\"\" width=\"495\" height=\"260\" srcset=\"https:\/\/hydraulic-cylinders.net\/wp-content\/uploads\/2023\/08\/hydraulic-cylinder-product-1-300x158.webp 495w, https:\/\/hydraulic-cylinders.net\/wp-content\/uploads\/2023\/08\/hydraulic-cylinder-product-1-480x252.webp 480w\" sizes=\"(min-width: 0px) and (max-width: 480px) 480px, (min-width: 481px) 495px, 100vw\" \/> <img loading=\"lazy\" decoding=\"async\" class=\"alignnone wp-image-627\" src=\"https:\/\/hydraulic-cylinders.net\/wp-content\/uploads\/2023\/08\/hydraulic-cylinder-product-2-300x189.webp\" alt=\"\" width=\"413\" height=\"260\" \/><\/p>\n<h3>(2) T\u00f6\u00f6tlemine<\/h3>\n<p>T\u00f6\u00f6deldav t\u00f6\u00f6koda on varustatud kohandatud kallutatud r\u00f6\u00f6pse treipingi keskuse, mehaanilise keskuse, kiire lihvimismasina, keevitusroboti ja muude seotud seadmetega, mis suudavad t\u00f6\u00f6delda silindritorusid, mille maksimaalne sisel\u00e4bim\u00f5\u00f5t on 400 mm ja maksimaalne pikkus on 6 meetrit.<\/p>\n<p><img loading=\"lazy\" decoding=\"async\" class=\"alignnone wp-image-628 size-large\" src=\"https:\/\/hydraulic-cylinders.net\/wp-content\/uploads\/2023\/08\/hydraulic-cylinder-product-3-1024x391.webp\" alt=\"\" width=\"1024\" height=\"391\" srcset=\"https:\/\/hydraulic-cylinders.net\/wp-content\/uploads\/2023\/08\/hydraulic-cylinder-product-3-980x374.webp 980w, https:\/\/hydraulic-cylinders.net\/wp-content\/uploads\/2023\/08\/hydraulic-cylinder-product-3-480x183.webp 480w\" sizes=\"(min-width: 0px) and (max-width: 480px) 480px, (min-width: 481px) and (max-width: 980px) 980px, (min-width: 981px) 1024px, 100vw\" \/><\/p>\n<h3>(3) Keevitamine<\/h3>\n<p><img loading=\"lazy\" decoding=\"async\" class=\"alignnone wp-image-629 size-large\" src=\"https:\/\/hydraulic-cylinders.net\/wp-content\/uploads\/2023\/08\/hydraulic-cylinder-product-4-1024x510.webp\" alt=\"\" width=\"1024\" height=\"510\" srcset=\"https:\/\/hydraulic-cylinders.net\/wp-content\/uploads\/2023\/08\/hydraulic-cylinder-product-4-980x488.webp 980w, https:\/\/hydraulic-cylinders.net\/wp-content\/uploads\/2023\/08\/hydraulic-cylinder-product-4-480x239.webp 480w\" sizes=\"(min-width: 0px) and (max-width: 480px) 480px, (min-width: 481px) and (max-width: 980px) 980px, (min-width: 981px) 1024px, 100vw\" \/><\/p>\n<h3>(4) V\u00e4rvimine ja katmine<\/h3>\n<p>V\u00e4ikese ja keskmise suurusega silindri automaatse veep\u00f5hise v\u00e4rvipinnakattega liinide abil, et saavutada automaatne robotlaadimine ja mahalaadimine ning automaatne pihustamine, projekteerimisv\u00f5imsus 4000 t\u00fckki vahetuse kohta;<br \/>\nMeil on ka poolautomaatne suurte balloonide v\u00e4rvimise tootmisliin, mis t\u00f6\u00f6tab j\u00f5ukettaga ja mille projekteerimisv\u00f5imsus on 60 kasti \u00fche vahetuse kohta.<\/p>\n<p><img loading=\"lazy\" decoding=\"async\" class=\"alignnone wp-image-630\" src=\"https:\/\/hydraulic-cylinders.net\/wp-content\/uploads\/2023\/08\/hydraulic-cylinder-product-5-300x213.webp\" alt=\"\" width=\"366\" height=\"260\" \/> <img loading=\"lazy\" decoding=\"async\" class=\"alignnone wp-image-631\" src=\"https:\/\/hydraulic-cylinders.net\/wp-content\/uploads\/2023\/08\/hydraulic-cylinder-product-6-300x225.webp\" alt=\"\" width=\"347\" height=\"260\" \/><\/p>\n<h3>(5) Testimine<\/h3>\n<p>Meil on esmaklassilised kontrolliseadmed ja katsestendid, et tagada silindri j\u00f5udlus vastavus n\u00f5uetele.<\/p>\n<p><img loading=\"lazy\" decoding=\"async\" class=\"alignnone wp-image-632\" src=\"https:\/\/hydraulic-cylinders.net\/wp-content\/uploads\/2023\/08\/hydraulic-cylinder-product-8-300x200.webp\" alt=\"\" width=\"389\" height=\"260\" \/><\/p>\n<p>&nbsp;<\/p>\n<p>&nbsp;<\/p>\n<p>Oleme \u00fcks parimaid h\u00fcdrosilindrite tootjaid. Pakume laia valikut h\u00fcdrosilindreid. Pakume ka vastavaid... <a href=\"https:\/\/hzpt.com\/agricultural-pto-gearbox\/\" target=\"_blank\" rel=\"noopener\">p\u00f5llumajanduslikud k\u00e4igukastid<\/a>. Oleme eksportinud oma tooteid klientidele \u00fcle maailma ja teeninud hea maine t\u00e4nu meie suurep\u00e4rasele tootekvaliteedile ja m\u00fc\u00fcgij\u00e4rgsele teenindusele. Me tervitame kliente kodus ja v\u00e4lismaal, et v\u00f5tta meiega \u00fchendust, et pidada l\u00e4bir\u00e4\u00e4kimisi \u00e4ri, vahetada teavet ja <a href=\"https:\/\/www.hydraulic-cylinders.net\/et\/contact-us\/\">teha meiega koost\u00f6\u00f6d<\/a>!<\/p>","protected":false},"excerpt":{"rendered":"<p>Press Front Side Shift Cylinder The press front side shift cylinder is an innovative tool designed to elevate the precision and efficiency of pressing operations. This advanced cylinder is specifically engineered to facilitate the front side shifting of workpieces during pressing, ensuring accurate alignment and reducing setup time. The press front side shift cylinder is [&hellip;]<\/p>","protected":false},"featured_media":1678,"comment_status":"open","ping_status":"closed","template":"","meta":{"_et_pb_use_builder":"","_et_pb_old_content":"","_et_gb_content_width":""},"product_brand":[],"product_cat":[1550,1522,1376],"product_tag":[1380],"class_list":{"0":"post-1677","1":"product","2":"type-product","3":"status-publish","4":"has-post-thumbnail","6":"product_cat-double-acting-hydraulic-cylinder","7":"product_cat-press-hydraulic-cylinders","8":"product_cat-hydraulic-cylinder","9":"product_tag-hydraulic-cylinder","11":"first","12":"instock","13":"shipping-taxable","14":"product-type-simple"},"amp_enabled":true,"_links":{"self":[{"href":"https:\/\/www.hydraulic-cylinders.net\/et\/wp-json\/wp\/v2\/product\/1677","targetHints":{"allow":["GET"]}}],"collection":[{"href":"https:\/\/www.hydraulic-cylinders.net\/et\/wp-json\/wp\/v2\/product"}],"about":[{"href":"https:\/\/www.hydraulic-cylinders.net\/et\/wp-json\/wp\/v2\/types\/product"}],"replies":[{"embeddable":true,"href":"https:\/\/www.hydraulic-cylinders.net\/et\/wp-json\/wp\/v2\/comments?post=1677"}],"wp:featuredmedia":[{"embeddable":true,"href":"https:\/\/www.hydraulic-cylinders.net\/et\/wp-json\/wp\/v2\/media\/1678"}],"wp:attachment":[{"href":"https:\/\/www.hydraulic-cylinders.net\/et\/wp-json\/wp\/v2\/media?parent=1677"}],"wp:term":[{"taxonomy":"product_brand","embeddable":true,"href":"https:\/\/www.hydraulic-cylinders.net\/et\/wp-json\/wp\/v2\/product_brand?post=1677"},{"taxonomy":"product_cat","embeddable":true,"href":"https:\/\/www.hydraulic-cylinders.net\/et\/wp-json\/wp\/v2\/product_cat?post=1677"},{"taxonomy":"product_tag","embeddable":true,"href":"https:\/\/www.hydraulic-cylinders.net\/et\/wp-json\/wp\/v2\/product_tag?post=1677"}],"curies":[{"name":"wp","href":"https:\/\/api.w.org\/{rel}","templated":true}]}}