{"id":16773,"date":"2025-01-21T05:53:19","date_gmt":"2025-01-21T05:53:19","guid":{"rendered":"https:\/\/www.hydraulic-cylinders.net\/product\/arm-cylinder-for-yishan-ys220\/"},"modified":"2025-01-21T05:53:22","modified_gmt":"2025-01-21T05:53:22","slug":"arm-cylinder-for-yishan-ys220","status":"publish","type":"product","link":"https:\/\/www.hydraulic-cylinders.net\/et\/toode\/arm-cylinder-for-yishan-ys220\/","title":{"rendered":"Yishan YS220 k\u00e4sivarre silinder"},"content":{"rendered":"<h2>Yishan YS220 k\u00e4sivarre silinder<\/h2>\n<h3>Sissejuhatus<\/h3>\n<p>H\u00fcdrovarre silinder on spetsiaalselt konstrueeritud h\u00fcdrauliline silinder, mida kasutatakse peamiselt lineaarse liikumise ja j\u00f5u tagamiseks erinevat t\u00fc\u00fcpi masinate, n\u00e4iteks ekskavaatorite, kraanade ja robotk\u00e4te k\u00e4epidemetele. H\u00fcdrovarre silinder m\u00e4ngib h\u00fcdraulikas\u00fcsteemides olulist rolli, v\u00f5imaldades kinnitatud t\u00f6\u00f6riistade v\u00f5i tarvikute t\u00f5husat liikumist ja juhtimist. Need silindrid mitte ainult ei taga sujuvat liikumist, vaid taluvad ka suuri koormusi, tagades masinate t\u00f5husa t\u00f6\u00f6 ja t\u00f6\u00f6kindluse erinevates t\u00f6\u00f6tingimustes.<\/p>\n<p><img decoding=\"async\" src=\"https:\/\/www.hydraulic-cylinders.net\/wp-content\/uploads\/2025\/01\/songte-company-2.webp\"><\/p>\n<h3>Omadused<\/h3>\n<ul>\n<li>Suure efektiivsusega j\u00f5u\u00fclekanne: K\u00e4e silindrid tagavad tugeva lineaarse liikumise ja j\u00f5u, tagades robotk\u00e4e suure j\u00f5udluse erinevates toimingutes.<\/li>\n<li>T\u00e4pne juhtimine: H\u00fcdraulilise s\u00fcsteemi abil saab \u00f5lavarre silinder saavutada t\u00e4pse liikumise juhtimise, muutes kinnitatud t\u00f6\u00f6riistade t\u00f6\u00f6 paindlikumaks ja t\u00e4psemaks.<\/li>\n<li>Vastupidavus: K\u00e4epideme silindrid on tavaliselt valmistatud \u00fclitugevatest materjalidest, millel on hea kulumis- ja korrosioonikindlus ning mis sobivad pikaajaliseks kasutamiseks karmides keskkondades.<\/li>\n<li>Mitmeotstarbeline kohanemisv\u00f5ime: Neid silindreid saab laialdaselt kasutada erinevat t\u00fc\u00fcpi masinates, n\u00e4iteks ekskavaatorites, kraanades ja robotk\u00e4tes, kohandudes erinevate t\u00f6\u00f6n\u00f5uetega.<\/li>\n<li>Lihtne hooldus: K\u00e4epidemete silindrite disain on arvestanud lihtsa hoolduse ja vahetamisega, muutes perioodilise kontrolli ja hoolduse mugavamaks ning v\u00e4hendades seadmete seisakuid.<\/li>\n<\/ul>\n<p>Me saame seda toodet toota ja meie toode saab neid h\u00fcdrosilindreid ideaalselt asendada.<\/p>\n<p><img decoding=\"async\" src=\"https:\/\/www.hydraulic-cylinders.net\/wp-content\/uploads\/2025\/01\/songte-oil-pipes-and-spare-parts.webp\"><\/p>\n<h3>Rakendused<\/h3>\n<ul>\n<li>Ehitus: Ekskavaatorites ja kraanades kasutatakse kopa v\u00f5i kraanak\u00e4e liikumise juhtimiseks mullat\u00f6\u00f6de, materjalide k\u00e4itlemise ja konstruktsioonide paigaldamise \u00fclesannete t\u00e4itmisel poomi silindreid.<\/li>\n<li>Tootmine: Automatiseeritud tootmisliinidel kasutatakse robotk\u00e4te liigutamiseks k\u00e4sisilindreid, teostades montaa\u017ei-, keevitus- ja materjalik\u00e4itlusprotsesse, et parandada tootmise efektiivsust ja t\u00e4psust.<\/li>\n<li>P\u00f5llumajandusmasinad: P\u00f5llumajandusmasinates, n\u00e4iteks kombainides ja k\u00fclvikutes, juhivad \u00f5\u00f5tshoova liikumist \u00f5\u00f5tshoobsilindrid, t\u00e4ites selliseid \u00fclesandeid nagu k\u00fclvamine, v\u00e4etamine ja koristamine.<\/li>\n<li>Kaevandamine: Kaevandusseadmetes kasutatakse maagi kaevandamise ja k\u00e4itlemise kaevandusseadmete hoobade liikumise juhtimiseks silindreid.<\/li>\n<li>Logistika ja transport: Kahvelt\u00f5stukites ja transpordirobotites kasutatakse kaubakahvlite t\u00f5stmise ja liikumise juhtimiseks, materjalide k\u00e4itlemiseks ja virnastamiseks k\u00e4sisilindreid.<\/li>\n<\/ul>\n<h3>Projekteerimiskaalutlused ja valikukriteeriumid<\/h3>\n<ul>\n<li>Kandev\u00f5ime: Poolisilinder peab suutma kanda kinnitatud t\u00f6\u00f6riista v\u00f5i tarviku kaalu ja koormust.<\/li>\n<li>Tihendus: H\u00fcdraulilise silindri tihendusv\u00f5ime tagamiseks t\u00f6\u00f6tamise ajal kasutatakse mitmesuguseid tihenduskomponente, n\u00e4iteks kolvitihendeid ja vardatihendeid, ning pol\u00fcuretaan- v\u00f5i nitriilkummi on tihenduskomponentide tavaline materjal.<\/li>\n<li>Vastupidavus: Silindri korpus ja \u00f5lavarrega silindrite keermestatud otsapind peaksid kulumiskindluse parandamiseks l\u00e4bima peene t\u00f6\u00f6tlemise.<\/li>\n<li>Ohutus: Ohutus on silindrite projekteerimisel kriitilise t\u00e4htsusega tegur ja h\u00fcdros\u00fcsteemi \u00fcler\u00f5hu tekitatud kahjustuste v\u00e4ltimiseks paigaldatakse sageli kaitseklapid.<\/li>\n<li>Hooldus: \u00d5\u00f5tshoova silindrid peaksid olema kergesti hooldatavad ja parandatavad ning nende pikaajalise toimivuse tagamiseks on vaja regulaarset \u00f5livahetust ja kontrolli.<\/li>\n<\/ul>\n<p><img decoding=\"async\" src=\"https:\/\/www.hydraulic-cylinders.net\/wp-content\/uploads\/2025\/01\/songte-cylinder-head-with-all-kinds-excavator-models.webp\"><\/p>\n<h3>Tihendus ja m\u00e4\u00e4rimine<\/h3>\n<p>H\u00fcdrosilindri tihendusv\u00f5ime tagamiseks t\u00f6\u00f6tamise ajal kasutatakse mitmesuguseid tihenduskomponente, n\u00e4iteks kolvitihendeid ja vardatihendeid, ning tihenduskomponentide tavaline materjal on pol\u00fcuretaan v\u00f5i nitriilkummi. Silindri korpus ja \u00f5\u00f5tshoova silindrite keermestatud otsapind tuleks kulumiskindluse parandamiseks peent\u00f6\u00f6delda. Nende pikaajalise toimivuse tagamiseks on vaja regulaarset \u00f5livahetust ja kontrolli.<\/p>\n<h3>Hooldus ja t\u00f5rkeotsing<\/h3>\n<p>\u00d5\u00f5tshoovasilindrite pikaajalise t\u00f6\u00f6kindluse tagamiseks on vajalik regulaarne kontroll ja ennetav hooldus. Kui silindriga on probleeme, on vaja diagnoosida probleemi p\u00f5hjus ja v\u00f5tta tarvitusele vastavad meetmed selle parandamiseks. Levinud probleemide hulka kuuluvad leke, ebapiisav r\u00f5hk ja rikkis kaitseklapid. Silindri parandamisel on oluline j\u00e4rgida n\u00f5uetekohaseid hooldusprotseduure ja kasutada kvaliteetseid varuosi.<\/p>\n<p><img decoding=\"async\" src=\"https:\/\/www.hydraulic-cylinders.net\/wp-content\/uploads\/2025\/01\/songte-chushion-collar.webp\"><\/p>\n<h3>Toote paigaldusjuhend<\/h3>\n<p>Enne poomisilindri paigaldamist kontrollige, et silinder ja selle komponendid oleksid puhtad ja prahist vabad. Paigaldage silinder vastavalt tootja juhistele, v\u00f5ttes arvesse k\u00f5iki vajalikke ohutusmeetmeid. Kui paigaldamine on l\u00f5ppenud, kontrollige poomisilindri n\u00f5uetekohast toimimist ja lekete puudumist. Poomisilindri pikaajalise toimivuse tagamiseks on vaja regulaarset kontrolli ja hooldust.<\/p>\n<h3>Meist<\/h3>\n<p>Oleme professionaalne asendush\u00fcdrauliliste silindrite tootja laia tootevalikuga. Oleme saanud \u00fcheks juhtivaks h\u00fcdrosilindrite tootjaks ja hulgim\u00fc\u00fcjaks nii sise- kui ka rahvusvahelisel turul. Peame alati kinni silmapaistva kvaliteedi p\u00f5him\u00f5ttest ja toetume t\u00e4iustatud tootmist\u00f6\u00f6koja t\u00f6\u00f6stusliku tootmise juhtimise strateegiale, et pidevalt parandada oma tehnilist taset ja tootmise efektiivsust. Tipptasemel digitaalsete tootmisseadmete ja professionaalsete testimiss\u00fcsteemide juurutamisega optimeerime pidevalt oma tootmisplatvorme, t\u00e4iustame oma tootekvaliteedi kontrolli protsesse ning omame tugevat innovatsiooniv\u00f5imet. Meie eesm\u00e4rk on rahuldada oma klientide mitmekesiseid vajadusi suure efektiivsuse, t\u00e4psuse ja k\u00f5rgete kvaliteedip\u00f5him\u00f5tete abil.<\/p>\n<ul>\n<li>Professionaalsus: Meil \u200b\u200bon professionaalne meeskond, kellel on pikaajaline kogemus h\u00fcdrauliliste silindrite tootmises ja m\u00fc\u00fcgis.<\/li>\n<li>Rahvusvaheline sertifitseerimine: Meie tooted on l\u00e4binud mitmesuguseid rahvusvahelisi sertifikaate, n\u00e4iteks ISO9001 ja CE.<\/li>\n<li>Kohandamisteenused: Pakume kliendi n\u00f5udmistele vastavaid kohandatud h\u00fcdraulilisi silindreid, pakkudes personaalseid teenuseid erinevate klientide vajaduste rahuldamiseks.<\/li>\n<li>Tootmisseadmed: Meil \u200b\u200bon t\u00e4ielik komplekt tipptasemel tootmisseadmeid, et tagada h\u00fcdrauliliste silindrite tootmise kvaliteet ja efektiivsus.<\/li>\n<li>M\u00fc\u00fcgij\u00e4rgne teenindus: Pakume igak\u00fclgset ja \u00f5igeaegset m\u00fc\u00fcgij\u00e4rgset teenindust, et kliendid saaksid meie tooteid enesekindlalt kasutada.<\/li>\n<\/ul>\n<p><img decoding=\"async\" src=\"https:\/\/www.hydraulic-cylinders.net\/wp-content\/uploads\/2025\/01\/songte-company-4.webp\"><br \/>\n<img decoding=\"async\" src=\"https:\/\/www.hydraulic-cylinders.net\/wp-content\/uploads\/2025\/01\/songte-company-3.webp\"><\/p>\n<p>Autor: lyl.<\/p>","protected":false},"excerpt":{"rendered":"<p>Arm Cylinder For Yishan YS220 Introduction An arm cylinder is a specially designed hydraulic cylinder that is primarily used to provide linear motion and power to the arms of various types of machinery, such as excavators, cranes, and robotic arms. The arm cylinder plays a crucial role in hydraulic systems, enabling the efficient movement and [&hellip;]<\/p>","protected":false},"featured_media":14770,"comment_status":"open","ping_status":"closed","template":"","meta":{"_et_pb_use_builder":"","_et_pb_old_content":"","_et_gb_content_width":""},"product_brand":[],"product_cat":[1497],"product_tag":[1498,1496],"class_list":{"0":"post-16773","1":"product","2":"type-product","3":"status-publish","4":"has-post-thumbnail","6":"product_cat-arm-cylinders","7":"product_tag-arm-cylinders","8":"product_tag-hydraulic-cylinders","10":"first","11":"instock","12":"shipping-taxable","13":"product-type-simple"},"amp_enabled":true,"_links":{"self":[{"href":"https:\/\/www.hydraulic-cylinders.net\/et\/wp-json\/wp\/v2\/product\/16773","targetHints":{"allow":["GET"]}}],"collection":[{"href":"https:\/\/www.hydraulic-cylinders.net\/et\/wp-json\/wp\/v2\/product"}],"about":[{"href":"https:\/\/www.hydraulic-cylinders.net\/et\/wp-json\/wp\/v2\/types\/product"}],"replies":[{"embeddable":true,"href":"https:\/\/www.hydraulic-cylinders.net\/et\/wp-json\/wp\/v2\/comments?post=16773"}],"wp:featuredmedia":[{"embeddable":true,"href":"https:\/\/www.hydraulic-cylinders.net\/et\/wp-json\/wp\/v2\/media\/14770"}],"wp:attachment":[{"href":"https:\/\/www.hydraulic-cylinders.net\/et\/wp-json\/wp\/v2\/media?parent=16773"}],"wp:term":[{"taxonomy":"product_brand","embeddable":true,"href":"https:\/\/www.hydraulic-cylinders.net\/et\/wp-json\/wp\/v2\/product_brand?post=16773"},{"taxonomy":"product_cat","embeddable":true,"href":"https:\/\/www.hydraulic-cylinders.net\/et\/wp-json\/wp\/v2\/product_cat?post=16773"},{"taxonomy":"product_tag","embeddable":true,"href":"https:\/\/www.hydraulic-cylinders.net\/et\/wp-json\/wp\/v2\/product_tag?post=16773"}],"curies":[{"name":"wp","href":"https:\/\/api.w.org\/{rel}","templated":true}]}}