{"id":16791,"date":"2025-01-21T05:54:38","date_gmt":"2025-01-21T05:54:38","guid":{"rendered":"https:\/\/www.hydraulic-cylinders.net\/product\/arm-cylinder-for-yuchai-yc35sr\/"},"modified":"2025-01-21T05:54:40","modified_gmt":"2025-01-21T05:54:40","slug":"arm-cylinder-for-yuchai-yc35sr","status":"publish","type":"product","link":"https:\/\/www.hydraulic-cylinders.net\/et\/toode\/arm-cylinder-for-yuchai-yc35sr\/","title":{"rendered":"Yuchai YC35SR k\u00e4sivarre silinder"},"content":{"rendered":"<h2>Yuchai YC35SR k\u00e4sivarre silinder<\/h2>\n<p><img decoding=\"async\" src=\"https:\/\/www.hydraulic-cylinders.net\/wp-content\/uploads\/2025\/01\/songte-company-2.webp\" alt=\"Yuchai YC35SR k\u00e4sivarre silinder\" \/>H\u00fcdrovarre silinder on spetsiaalselt loodud h\u00fcdrauliline silinder, mida kasutatakse peamiselt lineaarse liikumise ja j\u00f5u tagamiseks erinevat t\u00fc\u00fcpi masinavarrastele, nagu ekskavaatorid, kraanad ja mehaanilised varred. H\u00fcdrovarre silindritel on h\u00fcdraulikas\u00fcsteemides oluline roll, et v\u00f5imaldada t\u00f5husat liikuvust ja lisat\u00f6\u00f6riistade v\u00f5i lisaseadmete juhtimist. Need silindrid mitte ainult ei taga sujuvat liikumist, vaid on v\u00f5imelised kandma ka raskeid koormusi, tagades masina t\u00f5husa t\u00f6\u00f6 ja t\u00f6\u00f6kindluse erinevates t\u00f6\u00f6tingimustes.<\/p>\n<h3>K\u00e4epideme silindri omadused<\/h3>\n<ul>\n<li>Suure efektiivsusega \u00fclekanne: \u00f5lavarre silinder tagab v\u00f5imsa lineaarse liikumise ja j\u00f5u, et tagada mehaanilise \u00f5la k\u00f5rge j\u00f5udlus erinevates toimingutes.<\/li>\n<li>T\u00e4pne juhtimine: K\u00e4epideme silinder v\u00f5imaldab h\u00fcdraulilise s\u00fcsteemi kaudu saavutada t\u00e4pse liikumise juhtimise, muutes lisat\u00f6\u00f6riistade t\u00f6\u00f6 paindlikumaks ja t\u00e4psemaks.<\/li>\n<li>Tugev vastupidavus: K\u00e4epideme silindrid on tavaliselt valmistatud \u00fclitugevatest materjalidest, millel on hea kulumiskindlus ja korrosioonikindlus, mis sobivad pikaajaliseks kasutamiseks karmides keskkondades.<\/li>\n<li>Mitmeotstarbeline kohanemisv\u00f5ime: Neid silindreid saab laialdaselt rakendada erinevatele mehaanilistele seadmetele, nagu ekskavaatorid, kraanad ja mehaanilised k\u00e4ed, kohandudes erinevate t\u00f6\u00f6vajadustega.<\/li>\n<li>Lihtne hooldus: Projekteerimisel on arvestatud hoolduse ja asendamise lihtsusega, muutes regulaarse kontrolli ja hoolduse mugavamaks ning v\u00e4hendades seadmete seisakuid.<\/li>\n<\/ul>\n<p><img decoding=\"async\" src=\"https:\/\/www.hydraulic-cylinders.net\/wp-content\/uploads\/2025\/01\/songte-oil-pipes-and-spare-parts.webp\" alt=\"Yuchai YC35SR k\u00e4sivarre silinder\" \/>Meie toode saab neid h\u00fcdrosilindreid ideaalselt asendada.<\/p>\n<h3>K\u00e4epideme silindri rakendused<\/h3>\n<p>K\u00e4epidemega silindrid leiavad oma rakendusi erinevates t\u00f6\u00f6stusharudes:<\/p>\n<ul>\n<li>Ehitustehnika: \u00d5\u00f5tsilindreid kasutatakse ekskavaatori koppade v\u00f5i kraanade liikumise juhtimiseks, mullat\u00f6\u00f6deks, materjalide k\u00e4itlemiseks ja konstruktsioonide paigaldamiseks.<\/li>\n<li>Tootmine: Automatiseeritud tootmisliinidel kasutatakse \u00f5lgsilindreid mehaaniliste \u00f5lgk\u00e4si liigutamiseks montaa\u017ei-, keevitus- ja k\u00e4sitsemisprotsesside ajal, parandades tootmise efektiivsust ja t\u00e4psust.<\/li>\n<li>P\u00f5llumajandustehnika: P\u00f5llumajandustehnikas, n\u00e4iteks kombainides ja k\u00fclvikutes, juhivad k\u00e4sivarresilindrid t\u00f6\u00f6harude liikumist selliste \u00fclesannete t\u00e4itmiseks nagu k\u00fclvamine, v\u00e4etamine ja koristamine.<\/li>\n<li>Kaevandamine: Kaevandusseadmetes juhivad k\u00e4sivarre silindrid kaevandusseadmete k\u00e4sivarre liikumist maakide kaevandamiseks ja transportimiseks.<\/li>\n<li>Logistika ja transport: Kahvelt\u00f5stukites ja robotites juhivad materjalide liigutamiseks ja virnastamiseks kahvlite t\u00f5stmist ja liikumist k\u00e4sisilindrid.<\/li>\n<\/ul>\n<h3>Projekteerimiskaalutlused ja valikukriteeriumid<\/h3>\n<p>K\u00e4epideme silindrite konstruktsioonil v\u00f5etakse arvesse j\u00e4rgmisi tegureid:<\/p>\n<ul>\n<li>Kandev\u00f5ime: \u00d5\u00f5tshoova silindrid peaksid suutma kanda vajalikke koormusi ja j\u00f5ude, et tagada t\u00f6\u00f6 k\u00f5rge efektiivsus ja ohutus.<\/li>\n<li>Tihendus: H\u00fcdrosilindrite puhul kasutatakse mitmesuguseid tihenduskomponente, n\u00e4iteks kolvitihendeid ja vardatihendeid, mis on valmistatud kulumiskindlatest materjalidest, n\u00e4iteks pol\u00fcuretaanist ja nitriilkummist, et tagada h\u00fcdraulikas\u00fcsteemi efektiivsus ja v\u00e4ltida vedeliku lekkeid.<\/li>\n<li>Vastupidavus: \u00d5\u00f5tshoova silindrid on tavaliselt valmistatud \u00fclitugevatest materjalidest, millel on hea kulumiskindlus ja korrosioonikindlus, et taluda karme keskkonnatingimusi ja tagada pikaajaline j\u00f5udlus.<\/li>\n<li>Ohutus: \u00d5\u00f5tssilindrid on konstrueeritud ohutusfunktsioonidega, nagu r\u00f5hualandusventiilid ja sulgeventiilid, et v\u00e4ltida \u00f5nnetusi, n\u00e4iteks silindri purunemist, tagades t\u00f6\u00f6ohutuse.<\/li>\n<li>Hooldus: K\u00e4epideme silindrid tuleks konstrueerida nii, et neid oleks lihtne regulaarselt hooldada ja vahetada, minimeerides seisakuid ja hoolduskulusid.<\/li>\n<\/ul>\n<p><img decoding=\"async\" src=\"https:\/\/www.hydraulic-cylinders.net\/wp-content\/uploads\/2025\/01\/songte-cylinder-head-with-all-kinds-excavator-models.webp\" alt=\"Yuchai YC35SR k\u00e4sivarre silinder\" \/><\/p>\n<h3>\u00d5\u00f5tshoova silindri tihendamine ja m\u00e4\u00e4rimine<\/h3>\n<p>H\u00fcdrosilindris kasutatakse mitmesuguseid tihenduskomponente, n\u00e4iteks kolvitihendeid ja vardatihendeid, mis on valmistatud kulumiskindlatest materjalidest, n\u00e4iteks pol\u00fcuretaanist ja nitriilkummist, et tagada h\u00fcdraulikas\u00fcsteemi efektiivsus ja v\u00e4ltida vedeliku lekkeid. Silindri korpus ja keermeotsa pind l\u00e4bivad hoolika t\u00f6\u00f6tlemise, et parandada kulumiskindlust. M\u00e4\u00e4rimise tagamiseks on vaja regulaarselt lisada sobivat h\u00fcdraulika\u00f5li.<\/p>\n<h3>Regulaarne kontroll ja ennetavad hooldusmeetmed<\/h3>\n<p>Regulaarne kontroll ja ennetavad hooldusmeetmed on silindrite pikaajalise j\u00f5udluse ja t\u00f6\u00f6ohutuse tagamiseks kriitilise t\u00e4htsusega. Rakendada saab j\u00e4rgmisi meetmeid:<\/p>\n<ul>\n<li>H\u00fcdrovarraste silindrite ja h\u00fcdraulikas\u00fcsteemide regulaarne kontroll probleemide \u00f5igeaegseks avastamiseks ja diagnoosimiseks.<\/li>\n<li>T\u00f5husa ja ohutu t\u00f6\u00f6 tagamiseks vahetage kulunud v\u00f5i kahjustatud osad v\u00e4lja.<\/li>\n<li>Puhastage regulaarselt poomi silindrit ja h\u00fcdros\u00fcsteemi, et v\u00e4ltida saastumist.<\/li>\n<li>M\u00e4\u00e4rige poomi silindrit regulaarselt sobiva h\u00fcdraulika\u00f5liga, et tagada m\u00e4\u00e4rimine.<\/li>\n<li>Koolitage personali n\u00f5uetekohaste k\u00e4itamis- ja hooldusprotseduuride osas, et v\u00e4hendada v\u00f5imalikke probleeme.<\/li>\n<\/ul>\n<h3>K\u00e4epideme silindri paigaldusjuhend<\/h3>\n<p><img decoding=\"async\" src=\"https:\/\/www.hydraulic-cylinders.net\/wp-content\/uploads\/2025\/01\/songte-bushings-with-all-kinds-of-excavator-models.webp\" alt=\"Yuchai YC35SR k\u00e4sivarre silinder\" \/><\/p>\n<p>Silindripea paigaldusjuhend on j\u00e4rgmine:<\/p>\n<ul>\n<li>Valmistage ette paigaldust\u00f6\u00f6riistad ja -materjalid.<\/li>\n<li>Puhastage paigalduskoht ja kontrollige silindri ning h\u00fcdros\u00fcsteemi \u00fchilduvust.<\/li>\n<li>Paigaldage \u00f5\u00f5tshoova silinder vastavalt tootja juhistele, tagades poltide \u00f5ige joonduse ja pingutusmomendi.<\/li>\n<li>\u00dchendage h\u00fcdraulikavoolikud ja torud.<\/li>\n<li>T\u00e4itke h\u00fcdros\u00fcsteem sobiva h\u00fcdro\u00f5liga ja eemaldage \u00f5hk.<\/li>\n<li>Kontrollige s\u00fcsteemi lekete suhtes ja testige poomi silindri toimimist.<\/li>\n<\/ul>\n<h3>Ohutuskaalutlused ja keskkonnategurid<\/h3>\n<p>\u00d5\u00f5tshoovasilindrite kasutamisel tuleks alati arvestada ohutusmeetmetega, nagu r\u00f5huvabastusventiilid ja sulgeventiilid, et v\u00e4ltida \u00f5nnetusi, n\u00e4iteks silindrite purunemist. H\u00fcdraulikas\u00fcsteemi korrektse t\u00f6\u00f6 tagamiseks tuleks arvestada keskkonnategureid, nagu temperatuur ja niiskus.<\/p>\n<h3>Levinud rikete diagnoosimine ja t\u00f5rkeotsing<\/h3>\n<p>J\u00e4rgnevalt on toodud levinumad probleemid, mis v\u00f5ivad \u00f5\u00f5tshoova silindritega esineda:<\/p>\n<ul>\n<li>Vedeliku leke silindrist<\/li>\n<li>Ebanormaalne m\u00fcra t\u00f6\u00f6tamise ajal<\/li>\n<li>Ebapiisav j\u00f5ud t\u00f6\u00f6 ajal<\/li>\n<\/ul>\n<p>M\u00f5ned t\u00f5rkeotsingu n\u00e4pun\u00e4ited nende probleemide lahendamiseks on j\u00e4rgmised:<\/p>\n<ul>\n<li>Kontrollige kahjustatud tihendeid ja vajadusel vahetage need v\u00e4lja.<\/li>\n<li>Kontrollige kahjustatud osi ja vajadusel vahetage need v\u00e4lja.<\/li>\n<li>Kontrollige, kas h\u00fcdraulika\u00f5li on ebapiisavalt v\u00f5i kas \u00f5li on saastunud, ja vahetage \u00f5li v\u00e4lja v\u00f5i t\u00e4itke \u00f5li uuesti.<\/li>\n<\/ul>\n<p><img decoding=\"async\" src=\"https:\/\/www.hydraulic-cylinders.net\/wp-content\/uploads\/2025\/01\/songte-chushion-collar.webp\" alt=\"Yuchai YC35SR k\u00e4sivarre silinder\" \/><\/p>\n<h3>Meist<\/h3>\n<p>Oleme professionaalne asendush\u00fcdrauliliste silindrite tootja laia tootevalikuga ning oleme saanud \u00fcheks juhtivaks h\u00fcdrosilindrite tootjaks ja hulgim\u00fc\u00fcjaks nii sise- kui ka rahvusvahelisel turul. Peame alati kinni suurep\u00e4rase kvaliteedi p\u00f5him\u00f5ttest, toetume keeruka tootmist\u00f6\u00f6koja industrialiseeritud tootmisjuhtimise strateegiale, t\u00e4iustame pidevalt oma tehnoloogilist taset ja tootmise efektiivsust. Tipptasemel digitaalsete tootmisseadmete ja professionaalsete testimiss\u00fcsteemide juurutamisega optimeerime tootmisplatvormi, t\u00e4iustame toote kvaliteedikontrolli protsessi ning omame tugevat innovatsiooniv\u00f5imet. Meie eesm\u00e4rk on rahuldada klientide mitmekesiseid vajadusi, j\u00e4rgides k\u00f5rge efektiivsuse, t\u00e4psuse ja k\u00f5rge kvaliteedi p\u00f5him\u00f5tteid.<\/p>\n<h3>Meie erialad<\/h3>\n<ul>\n<li>Professionaalsus: Meil \u200b\u200bon professionaalide meeskond, kellel on ulatuslik kogemus h\u00fcdrauliliste silindrite tootmises ja projekteerimises, pakkudes klientidele professionaalseid ja usaldusv\u00e4\u00e4rseid lahendusi.<\/li>\n<li>Rahvusvaheline sertifitseerimine: Oleme omandanud mitmesuguseid rahvusvahelisi sertifikaate nagu ISO9001, CE ja UL, mis tagavad toodete ja teenuste k\u00f5rge kvaliteedi.<\/li>\n<li>Kohandamine: Pakume kohandatud h\u00fcdrauliliste silindrite lahendusi, et rahuldada erinevaid klientide vajadusi.<\/li>\n<li>Tootmisseadmed: Meil \u200b\u200bon t\u00e4ielik komplekt h\u00fcdrauliliste silindrite tootmise ja testimise seadmeid, mis tagab t\u00f5husad ja kvaliteetsed tootmisprotsessid.<\/li>\n<li>M\u00fc\u00fcgij\u00e4rgne teenindus: Pakume klientidele igak\u00fclgset m\u00fc\u00fcgij\u00e4rgset teenust, nagu tehniline tugi ja hooldus, et tagada klientide rahulolu.<\/li>\n<\/ul>\n<p><img decoding=\"async\" src=\"https:\/\/www.hydraulic-cylinders.net\/wp-content\/uploads\/2025\/01\/songte-company-4.webp\" alt=\"Yuchai YC35SR k\u00e4sivarre silinder\" \/><\/p>\n<p><img decoding=\"async\" src=\"https:\/\/www.hydraulic-cylinders.net\/wp-content\/uploads\/2025\/01\/songte-company-3.webp\" alt=\"Yuchai YC35SR k\u00e4sivarre silinder\" \/><\/p>\n<p>Autor: lyl<\/p>","protected":false},"excerpt":{"rendered":"<p>Arm Cylinder For Yuchai YC35SR Arm cylinder is a specially designed hydraulic cylinder that is mainly used to provide linear motion and power for various types of machinery arms like excavators, cranes and mechanical arms. Arm cylinders play a crucial role in hydraulic systems to enable effective mobility and control of additional tools or attachments. [&hellip;]<\/p>","protected":false},"featured_media":14774,"comment_status":"open","ping_status":"closed","template":"","meta":{"_et_pb_use_builder":"","_et_pb_old_content":"","_et_gb_content_width":""},"product_brand":[],"product_cat":[1497],"product_tag":[1498,1496],"class_list":{"0":"post-16791","1":"product","2":"type-product","3":"status-publish","4":"has-post-thumbnail","6":"product_cat-arm-cylinders","7":"product_tag-arm-cylinders","8":"product_tag-hydraulic-cylinders","10":"first","11":"instock","12":"shipping-taxable","13":"product-type-simple"},"amp_enabled":true,"_links":{"self":[{"href":"https:\/\/www.hydraulic-cylinders.net\/et\/wp-json\/wp\/v2\/product\/16791","targetHints":{"allow":["GET"]}}],"collection":[{"href":"https:\/\/www.hydraulic-cylinders.net\/et\/wp-json\/wp\/v2\/product"}],"about":[{"href":"https:\/\/www.hydraulic-cylinders.net\/et\/wp-json\/wp\/v2\/types\/product"}],"replies":[{"embeddable":true,"href":"https:\/\/www.hydraulic-cylinders.net\/et\/wp-json\/wp\/v2\/comments?post=16791"}],"wp:featuredmedia":[{"embeddable":true,"href":"https:\/\/www.hydraulic-cylinders.net\/et\/wp-json\/wp\/v2\/media\/14774"}],"wp:attachment":[{"href":"https:\/\/www.hydraulic-cylinders.net\/et\/wp-json\/wp\/v2\/media?parent=16791"}],"wp:term":[{"taxonomy":"product_brand","embeddable":true,"href":"https:\/\/www.hydraulic-cylinders.net\/et\/wp-json\/wp\/v2\/product_brand?post=16791"},{"taxonomy":"product_cat","embeddable":true,"href":"https:\/\/www.hydraulic-cylinders.net\/et\/wp-json\/wp\/v2\/product_cat?post=16791"},{"taxonomy":"product_tag","embeddable":true,"href":"https:\/\/www.hydraulic-cylinders.net\/et\/wp-json\/wp\/v2\/product_tag?post=16791"}],"curies":[{"name":"wp","href":"https:\/\/api.w.org\/{rel}","templated":true}]}}