{"id":16814,"date":"2025-01-21T05:56:17","date_gmt":"2025-01-21T05:56:17","guid":{"rendered":"https:\/\/www.hydraulic-cylinders.net\/product\/arm-cylinder-for-volwa-small-excavator-dls822-9b\/"},"modified":"2025-01-21T05:56:22","modified_gmt":"2025-01-21T05:56:22","slug":"arm-cylinder-for-volwa-small-excavator-dls822-9b","status":"publish","type":"product","link":"https:\/\/www.hydraulic-cylinders.net\/et\/toode\/arm-cylinder-for-volwa-small-excavator-dls822-9b\/","title":{"rendered":"Volwa v\u00e4ikese ekskavaatori DLS822-9B \u00f5\u00f5tsilinder"},"content":{"rendered":"<h2>Volwa v\u00e4ikese ekskavaatori DLS822-9B \u00f5\u00f5tsilinder<\/h2>\n<h3>Sissejuhatus<\/h3>\n<p>H\u00fcdrovarda silinder on spetsiaalselt loodud h\u00fcdrauliline silinder, mida kasutatakse peamiselt lineaarse liikumise ja j\u00f5u tagamiseks erinevat t\u00fc\u00fcpi masinate, n\u00e4iteks ekskavaatorite, kraanade ja mehaaniliste hoobade jaoks. H\u00fcdrovarda silinder m\u00e4ngib h\u00fcdraulikas\u00fcsteemis olulist rolli, v\u00f5imaldades kinnitatud t\u00f6\u00f6riistade v\u00f5i tarvikute liikumist ja t\u00f5husat juhtimist. Need silindrid mitte ainult ei v\u00f5imalda sujuvat liikumist, vaid taluvad ka suuri koormusi, tagades masinate t\u00f5husa t\u00f6\u00f6 ja t\u00f6\u00f6kindluse erinevates t\u00f6\u00f6tingimustes.<\/p>\n<p><img decoding=\"async\" src=\"https:\/\/www.hydraulic-cylinders.net\/wp-content\/uploads\/2025\/01\/songte-company-2.webp\" alt=\"K\u00e4e silinder\"><\/p>\n<h3>Omadused<\/h3>\n<ul>\n<li>Suure efektiivsusega \u00fclekanne: \u00f5lavarre silinder tagab v\u00f5imsa lineaarse liikumise ja j\u00f5u, tagades mehaanilise \u00f5la suure efektiivsuse erinevates toimingutes.<\/li>\n<li>T\u00e4ppisjuhtimine: H\u00fcdraulilise s\u00fcsteemi abil saab \u00f5lavarre silinder saavutada t\u00e4pse liikumise juhtimise, muutes kinnitatud t\u00f6\u00f6riistade t\u00f6\u00f6 paindlikumaks ja t\u00e4psemaks.<\/li>\n<li>Tugev vastupidavus: \u00d5\u00f5tshoova silindrid on tavaliselt valmistatud \u00fclitugevatest materjalidest, millel on hea kulumiskindlus ja korrosioonikindlus, mist\u00f5ttu need sobivad pikaajaliseks kasutamiseks karmides keskkondades.<\/li>\n<li>Mitmeotstarbeline kohanemisv\u00f5ime: Neid silindreid saab laialdaselt kasutada mitmesugustes mehaanilistes seadmetes, n\u00e4iteks ekskavaatorites, kraanades ja mehaanilistes k\u00e4sivartes, et t\u00e4ita erinevaid t\u00f6\u00f6n\u00f5udeid.<\/li>\n<li>Lihtne hooldus: Lihtsaks hoolduseks ja vahetamiseks loodud regulaarsed kontrollid ja hooldus on mugavamad, v\u00e4hendades seadmete seisakuid.<\/li>\n<\/ul>\n<p><img decoding=\"async\" src=\"https:\/\/www.hydraulic-cylinders.net\/wp-content\/uploads\/2025\/01\/songte-oil-pipes-and-spare-parts.webp\" alt=\"Varuosad\"><\/p>\n<h3>Rakendused<\/h3>\n<p>K\u00e4epideme silindrit kasutatakse laialdaselt erinevates t\u00f6\u00f6stusharudes, n\u00e4iteks:<\/p>\n<ul>\n<li>Ehitus: Ekskavaatorites ja kraanades kasutatakse poomisilindreid koppade v\u00f5i poomide liikumise juhtimiseks mullat\u00f6\u00f6del, materjalide k\u00e4itlemisel ja konstruktsioonide paigaldamisel.<\/li>\n<li>Tootmine: Automatiseeritud tootmisliinidel kasutatakse \u00f5lavarre silindreid mehaaniliste \u00f5lavarre liigutamiseks montaa\u017ei-, keevitus- ja k\u00e4sitsemisprotsessides, parandades tootmise efektiivsust ja t\u00e4psust.<\/li>\n<li>P\u00f5llumajandusmasinad: P\u00f5llumajandusmasinates, n\u00e4iteks kombainides ja istutusmasinates, juhivad \u00f5\u00f5tssilindrid t\u00f6\u00f6\u00f5lgade liikumist selliste \u00fclesannete t\u00e4itmisel nagu k\u00fclvamine, v\u00e4etamine ja koristamine.<\/li>\n<li>Kaevandamine: Kaevandusseadmetes kasutatakse maagi kaevandamise ja transportimise kaevandusseadmete k\u00e4e liikumise juhtimiseks k\u00e4sisilindreid.<\/li>\n<li>Logistika ja transport: Kahvelt\u00f5stukites ja robotites kasutatakse kahvlite t\u00f5stmise ja liikumise juhtimiseks, materjalide k\u00e4itlemiseks ja virnastamiseks k\u00e4sisilindreid.<\/li>\n<\/ul>\n<h3>Projekteerimiskaalutlused ja valikukriteeriumid<\/h3>\n<p>K\u00e4epideme silinder on konstrueeritud selliseid olulisi kaalutlusi nagu kandev\u00f5ime, tihendus, vastupidavus, ohutus ja hooldatavus. Arutelu k\u00e4igus k\u00e4sitletakse j\u00e4rgmisi punkte:<\/p>\n<h4>Kandev\u00f5ime<\/h4>\n<p>K\u00e4epideme silinder on vajalik v\u00f5imsa lineaarse liikumise ja j\u00f5u tagamiseks, et tagada mehaaniliste k\u00e4ppade efektiivne j\u00f5udlus erinevates toimingutes. Silindri kandev\u00f5ime m\u00e4\u00e4ratakse kindlaks maksimaalse koormuse p\u00f5hjal, millele silinder suudab kahjustusteta vastu pidada.<\/p>\n<h4>Tihendus<\/h4>\n<p>H\u00fcdrosilindril on mitmesugused tihenduskomponendid, n\u00e4iteks kolvitihendid ja vardatihendid, et v\u00e4ltida vedeliku leket ja tagada h\u00fcdros\u00fcsteemi sujuv t\u00f6\u00f6.<\/p>\n<h4>Vastupidavus<\/h4>\n<p>K\u00e4epideme silinder on tavaliselt valmistatud \u00fclitugevatest materjalidest, millel on hea kulumiskindlus ja korrosioonikindlus, mis sobivad pikaajaliseks kasutamiseks karmides keskkondades.<\/p>\n<h4>Ohutus<\/h4>\n<p>K\u00e4epideme silinder on varustatud ohutusfunktsioonidega, nagu \u00fcler\u00f5hukaitse ja avariiventiilid, et tagada ohutu t\u00f6\u00f6 ja v\u00e4ltida \u00f5nnetusi.<\/p>\n<h4>Hooldatavus<\/h4>\n<p>K\u00e4epideme silinder on konstrueeritud h\u00f5lpsaks hoolduseks ja osade vahetamiseks, v\u00e4hendades seadmete seisakuid ja hoolduskulusid.<\/p>\n<p><img decoding=\"async\" src=\"https:\/\/www.hydraulic-cylinders.net\/wp-content\/uploads\/2025\/01\/songte-cylinder-head-with-all-kinds-excavator-models.webp\" alt=\"Silindripea\"><\/p>\n<h3>Tihendus ja m\u00e4\u00e4rimine<\/h3>\n<p>K\u00e4epidemes kasutatakse mitmesuguseid tihenduskomponente, n\u00e4iteks kolvitihendeid ja vardatihendeid, mis on valmistatud kulumiskindlatest materjalidest, nagu pol\u00fcuretaan ja nitriilkummi. Silindri korpus ja keermestatud otsapind on peenelt t\u00f6\u00f6deldud, et parandada kulumiskindlust. Silinder vajab regulaarset m\u00e4\u00e4rimist sobiva h\u00fcdraulika\u00f5liga, et tagada sujuv t\u00f6\u00f6 ja pikendada kasutusiga.<\/p>\n<h3>Hooldus ja ennetavad meetmed<\/h3>\n<p>K\u00e4epideme t\u00f5husa ja usaldusv\u00e4\u00e4rse t\u00f6\u00f6 tagamiseks on vajalik regulaarne kontroll ja hooldus. Soovitatav on v\u00f5tta j\u00e4rgmised meetmed:<\/p>\n<ul>\n<li>Kontrollige regulaarselt silindri korpust, kolvivarda ja muid komponente kulumise ja kahjustuste suhtes.<\/li>\n<li>Silindri edasise kahjustamise v\u00e4ltimiseks vahetage kulunud ja kahjustatud osi regulaarselt.<\/li>\n<li>Puhastage silindri korpust ja kolvivarda regulaarselt mustusest ja tolmust, mis v\u00f5ivad silindri t\u00f6\u00f6d m\u00f5jutada.<\/li>\n<li>Silindri sujuva t\u00f6\u00f6 tagamiseks lisage regulaarselt sobivat h\u00fcdraulika\u00f5li.<\/li>\n<\/ul>\n<p><img decoding=\"async\" src=\"https:\/\/www.hydraulic-cylinders.net\/wp-content\/uploads\/2025\/01\/songte-chushion-collar.webp\" alt=\"Krae\"><\/p>\n<h3>Toote paigaldusjuhend<\/h3>\n<p>Enne paigaldamist veenduge, et poomi silinder sobib masinaga ja on \u00f5igesti paigaldatud. Paigaldusprotsess on j\u00e4rgmine:<\/p>\n<ol>\n<li>Vajadusel eemaldage vana silinder.<\/li>\n<li>Kontrollige uut silindrit ja selle komponente kahjustuste v\u00f5i defektide suhtes.<\/li>\n<li>Kinnitage silinder masina k\u00fclge, veendudes, et k\u00f5ik \u00fchendused on kindlad ja \u00f5iges asendis.<\/li>\n<li>\u00dchendage h\u00fcdraulikavoolikud ja -torud silindriga, veendudes, et need on \u00f5igesti \u00fchendatud ja pingutatud.<\/li>\n<li>T\u00e4itke h\u00fcdraulikas\u00fcsteem sobiva h\u00fcdraulika\u00f5liga.<\/li>\n<li>Kontrollige silindri toimimist, et veenduda selle korrektses t\u00f6\u00f6s.<\/li>\n<\/ol>\n<p><img decoding=\"async\" src=\"https:\/\/www.hydraulic-cylinders.net\/wp-content\/uploads\/2025\/01\/songte-bushings-with-all-kinds-of-excavator-models.webp\" alt=\"Puksid\"><\/p>\n<h3>Ohutuskaalutlused ja keskkonnategurid<\/h3>\n<p>K\u00e4epideme k\u00e4sitsemisel ja kasutamisel tuleb arvestada j\u00e4rgmiste ohutusmeetmetega:<\/p>\n<ul>\n<li>Kandke sobivaid kaitsevahendeid, n\u00e4iteks kindaid ja kaitseprille.<\/li>\n<li>Enne silindri k\u00e4sitsemist veenduge, et masin on v\u00e4lja l\u00fclitatud ja h\u00fcdros\u00fcsteem on r\u00f5huvaba.<\/li>\n<li>Ballooni k\u00e4sitsemisel ja kasutamisel j\u00e4rgige tootja juhiseid.<\/li>\n<li>Vana balloon ja selle komponendid tuleb utiliseerida n\u00f5uetekohaselt, j\u00e4rgides keskkonnaeeskirju.<\/li>\n<\/ul>\n<h3>Veaotsing ja levinud probleemid<\/h3>\n<p>J\u00e4rgnevalt on toodud levinumad probleemid, mis v\u00f5ivad \u00f5\u00f5tshoova silindriga esineda:<\/p>\n<ul>\n<li>Vedeliku leke silindrist<\/li>\n<li>Silindri v\u00e4lja- v\u00f5i sisset\u00f5mbumisv\u00f5ime puudumine<\/li>\n<li>M\u00fcra v\u00f5i vibratsioon t\u00f6\u00f6tamise ajal<\/li>\n<li>Silindri aeglane v\u00f5i eba\u00fchtlane liikumine<\/li>\n<\/ul>\n<p>Nende probleemide diagnoosimiseks ja lahendamiseks on soovitatav j\u00e4rgida j\u00e4rgmisi soovitusi:<\/p>\n<ul>\n<li>Kontrollige silindri korpust ja komponente kulumise v\u00f5i kahjustuste suhtes.<\/li>\n<li>Kontrollige h\u00fcdraulikas\u00fcsteemis \u00f5iget vedeliku taset ja r\u00f5hku.<\/li>\n<li>Kontrollige h\u00fcdraulikavoolikuid ja -torusid kahjustuste v\u00f5i ummistuste suhtes.<\/li>\n<li>Kontrollige tihendeid kulumise v\u00f5i kahjustuste suhtes ja vajadusel vahetage need v\u00e4lja.<\/li>\n<\/ul>\n<p>Ennetavad meetmed, nagu regulaarne kontroll ja hooldus, aitavad minimeerida v\u00f5imalikke probleeme.<\/p>\n<h3>Meist<\/h3>\n<p>Oleme professionaalne asendush\u00fcdrauliliste silindrite tootja, kellel on lai tootevalik. Oleme saanud \u00fcheks juhtivaks h\u00fcdrosilindrite tootjaks ja hulgim\u00fc\u00fcjaks nii sise- kui ka rahvusvahelisel turul. Peame alati kinni suurep\u00e4rase kvaliteedi p\u00f5him\u00f5ttest, tuginedes peentootmist\u00f6\u00f6kodades industrialiseeritud tootmisjuhtimise strateegiatele, et pidevalt parandada oma tehnilist taset ja tootmise efektiivsust. Tipptasemel digitaalsete tootmisseadmete ja professionaalsete testimiss\u00fcsteemide juurutamisega optimeerime pidevalt tootmisplatvormi, t\u00e4iustame toote kvaliteedikontrolli protsessi ja omame tugevat innovatsiooniv\u00f5imet. Meie eesm\u00e4rk on rahuldada klientide mitmekesiseid vajadusi, tuginedes k\u00f5rge efektiivsuse, t\u00e4psuse ja k\u00f5rge kvaliteedi p\u00f5him\u00f5tetele.<\/p>\n<p><img decoding=\"async\" src=\"https:\/\/www.hydraulic-cylinders.net\/wp-content\/uploads\/2025\/01\/songte-company-4.webp\" alt=\"Ettev\u00f5te\"><\/p>\n<h3>Professionaalsus<\/h3>\n<p>Meil on kogenud inseneride ja tehnikute meeskond, kes pakuvad professionaalset disaini ja tehnilist tuge vastavalt klientide n\u00f5uetele, tagades meie toodete \u00fchilduvuse ja j\u00f5udluse.<\/p>\n<h3>Rahvusvaheline sertifitseerimine<\/h3>\n<p>Oleme omandanud mitmesuguseid rahvusvahelisi sertifikaate, n\u00e4iteks ISO9001, CE ja SGS, mis tagavad meie toodete kvaliteedi ja usaldusv\u00e4\u00e4rsuse.<\/p>\n<h3>Kohandamise teenused<\/h3>\n<p>Pakume klientide n\u00f5udmistele vastavaid kohandatud h\u00fcdrosilindrite projekteerimis- ja tootmisteenuseid, tagades, et meie tooted vastavad klientide erivajadustele.<\/p>\n<h3>Tootmisseadmed<\/h3>\n<p>Meil on t\u00e4iustatud tootmisseadmed, nagu CNC-masinad, lihvimismasinad ja freespingid, mis tagavad meie toodete t\u00e4psuse ja kvaliteedi.<\/p>\n<h3>M\u00fc\u00fcgij\u00e4rgne teenindus<\/h3>\n<p>Pakume igak\u00fclgset m\u00fc\u00fcgij\u00e4rgset teenindust, nagu tehniline tugi, hooldus ja varuosade vahetamine, tagades klientidele meelerahu.<\/p>\n<p><img decoding=\"async\" src=\"https:\/\/www.hydraulic-cylinders.net\/wp-content\/uploads\/2025\/01\/songte-company-3.webp\" alt=\"Sertifitseerimine\"><\/p>\n<p>Autor: lyl.<\/p>","protected":false},"excerpt":{"rendered":"<p>Arm Cylinder For Volwa Small Excavator DLS822-9B Introduction The arm cylinder is a specially designed hydraulic cylinder that is primarily used to provide linear motion and power for the arms of various types of machinery such as excavators, cranes, and mechanical arms. The arm cylinder plays a crucial role in the hydraulic system, enabling attached [&hellip;]<\/p>","protected":false},"featured_media":14766,"comment_status":"open","ping_status":"closed","template":"","meta":{"_et_pb_use_builder":"","_et_pb_old_content":"","_et_gb_content_width":""},"product_brand":[],"product_cat":[1497],"product_tag":[1498,1496],"class_list":{"0":"post-16814","1":"product","2":"type-product","3":"status-publish","4":"has-post-thumbnail","6":"product_cat-arm-cylinders","7":"product_tag-arm-cylinders","8":"product_tag-hydraulic-cylinders","10":"first","11":"instock","12":"shipping-taxable","13":"product-type-simple"},"amp_enabled":true,"_links":{"self":[{"href":"https:\/\/www.hydraulic-cylinders.net\/et\/wp-json\/wp\/v2\/product\/16814","targetHints":{"allow":["GET"]}}],"collection":[{"href":"https:\/\/www.hydraulic-cylinders.net\/et\/wp-json\/wp\/v2\/product"}],"about":[{"href":"https:\/\/www.hydraulic-cylinders.net\/et\/wp-json\/wp\/v2\/types\/product"}],"replies":[{"embeddable":true,"href":"https:\/\/www.hydraulic-cylinders.net\/et\/wp-json\/wp\/v2\/comments?post=16814"}],"wp:featuredmedia":[{"embeddable":true,"href":"https:\/\/www.hydraulic-cylinders.net\/et\/wp-json\/wp\/v2\/media\/14766"}],"wp:attachment":[{"href":"https:\/\/www.hydraulic-cylinders.net\/et\/wp-json\/wp\/v2\/media?parent=16814"}],"wp:term":[{"taxonomy":"product_brand","embeddable":true,"href":"https:\/\/www.hydraulic-cylinders.net\/et\/wp-json\/wp\/v2\/product_brand?post=16814"},{"taxonomy":"product_cat","embeddable":true,"href":"https:\/\/www.hydraulic-cylinders.net\/et\/wp-json\/wp\/v2\/product_cat?post=16814"},{"taxonomy":"product_tag","embeddable":true,"href":"https:\/\/www.hydraulic-cylinders.net\/et\/wp-json\/wp\/v2\/product_tag?post=16814"}],"curies":[{"name":"wp","href":"https:\/\/api.w.org\/{rel}","templated":true}]}}