{"id":1682,"date":"2023-10-11T06:14:39","date_gmt":"2023-10-11T06:14:39","guid":{"rendered":"https:\/\/hydraulic-cylinders.net\/?post_type=product&#038;p=1682"},"modified":"2025-04-11T03:46:09","modified_gmt":"2025-04-11T03:46:09","slug":"press-rear-side-shift-cylinder","status":"publish","type":"product","link":"https:\/\/www.hydraulic-cylinders.net\/et\/toode\/press-rear-side-shift-cylinder\/","title":{"rendered":"Vajutage tagumist k\u00fclgnihutussilindrit"},"content":{"rendered":"<h1 style=\"text-align: center;\"><strong>Vajutage tagumist k\u00fclgnihutussilindrit<\/strong><\/h1>\n<p><img loading=\"lazy\" decoding=\"async\" class=\"aligncenter wp-image-1684\" src=\"https:\/\/hydraulic-cylinders.net\/wp-content\/uploads\/2023\/10\/rear-side-shift-cylinder-1-300x300.webp\" alt=\"\" width=\"400\" height=\"400\" \/><\/p>\n<p>Pressi tagumine k\u00fclgnihutusega silinder on tipptasemel t\u00f6\u00f6riist, mis on loodud pressimistoimingute efektiivsuse ja t\u00e4psuse suurendamiseks. Oma uuendusliku tagumise k\u00fclgnihutusega silinder v\u00f5imaldab toorikute sujuvat reguleerimist pressimise ajal, tagades t\u00e4pse joondamise ja v\u00e4hendades seadistusaega.<\/p>\n<p>Pressi tagumine k\u00fclgnihutusega silinder muudab pressimistoimingutes m\u00e4ngu. Oma tagumise k\u00fclgnihutuse v\u00f5imaluse, t\u00e4pse joonduse, reguleeritava nihutusvahemiku ja kiire reageerimisv\u00f5imega annab see silinder operaatoritele v\u00f5imaluse saavutada t\u00e4pseid ja t\u00f5husaid pressimistulemusi. Soovitatavate kasutusmeetodite ja hooldustavade j\u00e4rgimisega saate maksimeerida pressi tagumise k\u00fclgnihutusega silindri j\u00f5udlust, pikaealisust ja ohutust oma pressimisrakendustes. T\u00f5stke oma pressimisv\u00f5imalusi ja kogege suurep\u00e4rast joondust ja efektiivsust selle tipptasemel silindriga.<\/p>\n<p>Vajutage tagumise k\u00fclgnihke silindri p\u00f5hiomadusi:<\/p>\n<ol>\n<li>Tagumise k\u00fclgnihutamise v\u00f5imalus:\n<ul>\n<li>Pressi tagumine k\u00fclgnihutussilinder on spetsiaalselt konstrueeritud toorikute t\u00e4pseks tagumiseks nihutamiseks pressimise ajal.<\/li>\n<li>See annab operaatoritele v\u00f5imaluse t\u00f6\u00f6deldava detaili asendit vaevata reguleerida, tagades optimaalse joonduse ja minimeerides k\u00e4sitsi reguleerimise vajadust.<\/li>\n<\/ul>\n<\/li>\n<li>T\u00e4pne joondamine:\n<ul>\n<li>See silinder tagab t\u00f6\u00f6deldava detaili t\u00e4pse joondamise, v\u00e4hendades joondamise ohtu ja suurendades \u00fcldist t\u00e4psust.<\/li>\n<li>Pressi tagumise k\u00fclgnihkesilindri abil saavutatav t\u00e4pne joondus parandab toote kvaliteeti ja v\u00e4hendab praaki.<\/li>\n<\/ul>\n<\/li>\n<li>Reguleeritav k\u00e4iguvahetusvahemik:\n<ul>\n<li>Silindril on reguleeritav k\u00e4iguvahetusulatus, mis v\u00f5imaldab operaatoritel tagumise k\u00fclgnihke ulatust vastavalt konkreetsetele rakenduse n\u00f5uetele kohandada.<\/li>\n<li>Nihutusvahemiku reguleerimise paindlikkus tagab \u00fchilduvuse erinevate toorikute suuruste, kujude ja pressimisvajadustega.<\/li>\n<\/ul>\n<\/li>\n<li>Kiire ja reageerimisv\u00f5imeline:\n<ul>\n<li>Pressi tagumine k\u00fclgnihutussilinder on varustatud kiire ja reageeriva k\u00e4iguvahetusmehhanismiga, mis v\u00f5imaldab pressimise ajal kiireid kohandusi teha.<\/li>\n<li>Kiire nihutamine v\u00e4hendab \u00fcldist ts\u00fckliaega, maksimeerides pressimisrakenduste tootlikkust ja l\u00e4bilaskev\u00f5imet.<\/li>\n<\/ul>\n<\/li>\n<\/ol>\n<h2><strong>Vajutage tagumise k\u00fclgnihke silindri parameetrit:<\/strong><\/h2>\n<table border=\"1\" cellspacing=\"0\" cellpadding=\"0\">\n<tbody>\n<tr>\n<td>Toote nimi<\/td>\n<td>H\u00fcdraulilise pressi esik\u00fcljel olev nihutussilinder<\/td>\n<\/tr>\n<tr>\n<td>Omadused:<\/td>\n<td>Tooriku v\u00f5i detaili horisontaalne liigutamine<\/td>\n<\/tr>\n<tr>\n<td>Kolb:<\/td>\n<td>80 mm\uff5e240 mm<br \/>\nL\u00f6\u00f6k \u2264300 mm<\/td>\n<\/tr>\n<tr>\n<td>T\u00f5ukej\u00f5ud:<\/td>\n<td>Maksimaalselt 1130 kN<br \/>\n(Kolb 240 mm \/ r\u00f5hk 25 MPa)<\/td>\n<\/tr>\n<tr>\n<td>Eesmise k\u00fclgnihkega silindri rakendused:<\/td>\n<td>H\u00fcdrauliline press<\/td>\n<\/tr>\n<\/tbody>\n<\/table>\n<div><\/div>\n<div>\n<div class=\"txtboxL\">\n<div class=\"txtboxL\">\n<div class=\"txtboxL\">Omadused:<\/div>\n<div class=\"txtboxR\">Tehke koost\u00f6\u00f6d manipulaatori klambripea t\u00f5stmiseks<\/div>\n<div class=\"txtboxL\">Spetsifikatsioon:<\/div>\n<div class=\"txtboxR\">Kolb: 70 mm ~ 180 mm<br \/>\nL\u00f6\u00f6k \u2264300 mm<\/div>\n<div class=\"txtboxL\">T\u00f5ukej\u00f5ud:<\/div>\n<div class=\"txtboxR\">Maksimaalselt 636 kN<br \/>\n(Kolb 180 mm \/ r\u00f5hk 25 MPa)<\/div>\n<\/div>\n<\/div>\n<\/div>\n<h2><strong>Pressisilindri tehas:<\/strong><\/h2>\n<p><img loading=\"lazy\" decoding=\"async\" class=\"alignnone wp-image-1619 size-full\" src=\"https:\/\/hydraulic-cylinders.net\/wp-content\/uploads\/2023\/10\/press-cylinder.webp\" alt=\"\" width=\"1418\" height=\"946\" srcset=\"https:\/\/hydraulic-cylinders.net\/wp-content\/uploads\/2023\/10\/press-cylinder.webp 1418w, https:\/\/hydraulic-cylinders.net\/wp-content\/uploads\/2023\/10\/press-cylinder-1280x854.webp 1280w, https:\/\/hydraulic-cylinders.net\/wp-content\/uploads\/2023\/10\/press-cylinder-980x654.webp 980w, https:\/\/hydraulic-cylinders.net\/wp-content\/uploads\/2023\/10\/press-cylinder-480x320.webp 480w\" sizes=\"(min-width: 0px) and (max-width: 480px) 480px, (min-width: 481px) and (max-width: 980px) 980px, (min-width: 981px) and (max-width: 1280px) 1280px, (min-width: 1281px) 1418px, 100vw\" \/><\/p>\n<h2><strong>Pressi tagumise k\u00fclgnihke silindri kasutusmeetod<\/strong><strong>:<\/strong><\/h2>\n<ul>\n<li><strong>Paigaldamine:<\/strong>\n<ul>\n<li>Paigaldage pressi tagumine k\u00fclgnihke silinder kindlalt soovitud kohta, tagades \u00f5ige joonduse pressimisseadmega.<\/li>\n<li>\u00dchendage h\u00fcdraulikavoolikud vastavalt tootja juhistele, tagades \u00f5ige vedelikuvoolu ja v\u00e4ltides lekkeid.<\/li>\n<\/ul>\n<\/li>\n<li><strong>K\u00e4iguvahetuse reguleerimine:<\/strong>\n<ul>\n<li>Tutvu silindri pakutava k\u00e4iguvahetusmehhanismiga.<\/li>\n<li>Tavaliselt saab seadistusi teha juhtnuppude, k\u00e4sirataste v\u00f5i digitaalsete juhtnuppude abil.<\/li>\n<li>J\u00e4rgige tootja juhiseid, et teha t\u00e4pseid tagumise nihke seadistusi vastavalt tooriku m\u00f5\u00f5tmetele ja joondamisn\u00f5uetele.<\/li>\n<\/ul>\n<\/li>\n<li><strong>Tooriku joondamine ja nihutamine:<\/strong>\n<ul>\n<li>Asetage toorik pressialusele, tagades esialgse joonduse silindriga.<\/li>\n<li>Aktiveerige silinder, et k\u00e4ivitada nihutusmehhanism ja reguleerida toorik sujuvalt soovitud tagumisse asendisse.<\/li>\n<li>T\u00e4pse tagumise nihke tagamiseks kontrollige joondust visuaalselt v\u00f5i m\u00f5\u00f5tevahendite abil.<\/li>\n<\/ul>\n<\/li>\n<li><strong>Pressimise toiming:<\/strong>\n<ul>\n<li>Kui toorik on korralikult joondatud ja nihutatud, j\u00e4tkake pressimistoiminguga vastavalt oma standardprotseduuridele.<\/li>\n<li>Pressi tagumine k\u00fclgnihutusega silinder s\u00e4ilitab t\u00f6\u00f6deldava detaili joonduse ja stabiilsuse kogu pressimisprotsessi v\u00e4ltel, tagades j\u00e4rjepidevad tulemused.<\/li>\n<\/ul>\n<\/li>\n<\/ul>\n<h2><strong>Kuidas leida h\u00fcdraulilise silindri tihenduskomplekti?<\/strong><\/h2>\n<p>H\u00fcdraulilise silindri tihenduskomplekti leidmine h\u00f5lmab silindri margi ja mudeli kindlakstegemist, usaldusv\u00e4\u00e4rsete tarnijate v\u00f5i tootjate uurimist ning \u00f5ige tihenduskomplekti hankimist silindri spetsifikatsioonide p\u00f5hjal. Siin on samm-sammult juhend h\u00fcdrosilindri tihenduskomplekti leidmiseks:<\/p>\n<ol>\n<li><strong>Tuvastage silindri teave:<\/strong>\n<ul>\n<li>M\u00e4\u00e4rake kindlaks h\u00fcdrosilindri mark ja mudel, mille jaoks vajate tihendikomplekti.<\/li>\n<li>Otsige silindrilt endalt k\u00f5iki identifitseerimism\u00e4rke, silte v\u00f5i graveeritud teavet.<\/li>\n<li>Kui teil on olemas originaalseadme tootja (OEM) dokumentatsioon v\u00f5i tootekood, v\u00f5ib see otsinguprotsessis abiks olla.<\/li>\n<\/ul>\n<\/li>\n<li><strong>Uurige usaldusv\u00e4\u00e4rseid tarnijaid:<\/strong>\n<ul>\n<li>Alustage usaldusv\u00e4\u00e4rsete h\u00fcdrauliliste tihendite tarnijate v\u00f5i tootjate uurimisega.<\/li>\n<li>Otsige tarnijaid, kes on spetsialiseerunud h\u00fcdraulilistele tihenditele ja kellel on lai valik tooteid.<\/li>\n<li>Veebip\u00f5hised otsingumootorid, t\u00f6\u00f6stuskataloogid ja h\u00fcdraulikaseadmete foorumid v\u00f5ivad olla v\u00e4\u00e4rtuslikud ressursid usaldusv\u00e4\u00e4rsete tarnijate leidmiseks.<\/li>\n<\/ul>\n<\/li>\n<li><strong>V\u00f5tke \u00fchendust ballooni tootja v\u00f5i originaalseadmete tootjaga:<\/strong>\n<ul>\n<li>V\u00f5imaluse korral v\u00f5tke juhiste saamiseks \u00fchendust h\u00fcdrosilindri tootja v\u00f5i originaalvarustuse tootjaga (OEM).<\/li>\n<li>Oma silindrimudeli tihenduskomplektide saadavuse kohta saate teavet nende klienditeeninduse v\u00f5i tehnilise toe kohta.<\/li>\n<li>Andke neile oma silindri mark, mudel ja muu asjakohane teave, mis aitab neil \u00f5iget tihendikomplekti leida.<\/li>\n<\/ul>\n<\/li>\n<li><strong>Kogumissilindri spetsifikatsioonid:<\/strong>\n<ul>\n<li>M\u00e4\u00e4rake kindlaks h\u00fcdrosilindri t\u00e4psed spetsifikatsioonid, mille jaoks vajate tihendikomplekti.<\/li>\n<li>Pange kirja sellised \u00fcksikasjad nagu silindri ava l\u00e4bim\u00f5\u00f5t, varda l\u00e4bim\u00f5\u00f5t ning vajalike tihendite arv ja t\u00fc\u00fcbid.<\/li>\n<li>V\u00f5imaluse korral m\u00f5\u00f5tke olemasolevate tihendite m\u00f5\u00f5tmed, et tagada tihendite komplekti t\u00e4pne tuvastamine ja valik.<\/li>\n<\/ul>\n<\/li>\n<li><strong>Otsi veebist tihendite tarnijaid:<\/strong>\n<ul>\n<li>Kasutage tihendite tarnijate veebisaite ja otsige tihendite komplekte vastavalt oma h\u00fcdrosilindri spetsifikatsioonidele.<\/li>\n<li>Saadaolevate valikute kitsendamiseks sisestage otsingufiltritesse silindri mark, mudel v\u00f5i m\u00f5\u00f5tmed.<\/li>\n<li>Sobiva vaste leidmiseks uurige tarnijate esitatud tootekirjeldusi, spetsifikatsioone ja \u00fchilduvusteavet.<\/li>\n<\/ul>\n<\/li>\n<li><strong>\u00dchilduvuse kontrollimine:<\/strong>\n<ul>\n<li>Kui olete potentsiaalse tihendikomplekti kindlaks teinud, kontrollige selle \u00fchilduvust teie h\u00fcdrosilindriga.<\/li>\n<li>V\u00f5rdle tihendikomplekti spetsifikatsioone ja m\u00f5\u00f5tmeid oma silindrilt kogutud teabega.<\/li>\n<li>Veenduge, et tihendite komplekt sisaldab k\u00f5iki teie silindri konkreetse konfiguratsiooni jaoks vajalikke tihendeid.<\/li>\n<\/ul>\n<\/li>\n<li><strong>Tihendikomplekti tellimine ja paigaldamine:<\/strong>\n<ul>\n<li>Esitage tihendikomplekti tellimus valitud tarnijalt v\u00f5i tootjalt.<\/li>\n<li>Esitage t\u00e4pne teave, sh silindri spetsifikatsioonid ja muud vajalikud \u00fcksikasjad, et tagada \u00f5ige tihendikomplekti olemasolu.<\/li>\n<li>J\u00e4rgige tarnija juhiseid maksmise, saatmise ja kohaletoimetamise kohta.<\/li>\n<li>Kui tihendite komplekt on saabunud, j\u00e4rgige hoolikalt tarnija v\u00f5i tootja antud paigaldusjuhiseid, et h\u00fcdrosilindri tihendid v\u00e4lja vahetada.<\/li>\n<\/ul>\n<\/li>\n<\/ol>\n<h2><strong>Tehase v\u00f5imekus ja suutlikkus:<\/strong><\/h2>\n<h3>(1) Kokkupanek<\/h3>\n<p>Meil on esmaklassiline s\u00f5ltumatu teadus- ja arendustegevuse montaa\u017eiplatvorm. H\u00fcdrosilindrite tootmist\u00f6\u00f6kojas on neli poolautomaatset t\u00f5stesilindrite koosteliini ja \u00fcks automaatne kallutussilindrite koosteliin, mille kavandatud aastane tootmisv\u00f5imsus on 1 miljon t\u00fckki. Spetsiaalsete silindrite t\u00f6\u00f6koda on varustatud erinevate spetsifikatsioonidega poolautomaatse puhastusmontaa\u017eis\u00fcsteemiga, mille kavandatud aastane tootmisv\u00f5imsus on 200 000 ja mis on varustatud kuulsate CNC-t\u00f6\u00f6tlemisseadmete, mehaanilise t\u00f6\u00f6tlemise keskuse, suure t\u00e4psusega silindrite t\u00f6\u00f6tlemise eriseadmete, robotkeevitusmasina, automaatse puhastusmasina, automaatse silindri kokkupanemise masina ja automaatse v\u00e4rvimise tootmisliiniga. Olemasolevad kriitilised seadmed rohkem kui 300 komplekti (komplekti). Seadmete ressursside optimaalne jaotamine ja t\u00f5hus kasutamine tagavad toodete t\u00e4psusn\u00f5uded ja vastavad toodete kvaliteedin\u00f5uetele.<\/p>\n<p><img loading=\"lazy\" decoding=\"async\" class=\"alignnone wp-image-626\" src=\"https:\/\/hydraulic-cylinders.net\/wp-content\/uploads\/2023\/08\/hydraulic-cylinder-product-1-300x158.webp\" alt=\"\" width=\"495\" height=\"260\" srcset=\"https:\/\/hydraulic-cylinders.net\/wp-content\/uploads\/2023\/08\/hydraulic-cylinder-product-1-300x158.webp 495w, https:\/\/hydraulic-cylinders.net\/wp-content\/uploads\/2023\/08\/hydraulic-cylinder-product-1-480x252.webp 480w\" sizes=\"(min-width: 0px) and (max-width: 480px) 480px, (min-width: 481px) 495px, 100vw\" \/> <img loading=\"lazy\" decoding=\"async\" class=\"alignnone wp-image-627\" src=\"https:\/\/hydraulic-cylinders.net\/wp-content\/uploads\/2023\/08\/hydraulic-cylinder-product-2-300x189.webp\" alt=\"\" width=\"413\" height=\"260\" \/><\/p>\n<h3>(2) T\u00f6\u00f6tlemine<\/h3>\n<p>T\u00f6\u00f6deldav t\u00f6\u00f6koda on varustatud kohandatud kallutatud r\u00f6\u00f6pse treipingi keskuse, mehaanilise keskuse, kiire lihvimismasina, keevitusroboti ja muude seotud seadmetega, mis suudavad t\u00f6\u00f6delda silindritorusid, mille maksimaalne sisel\u00e4bim\u00f5\u00f5t on 400 mm ja maksimaalne pikkus on 6 meetrit.<\/p>\n<p><img loading=\"lazy\" decoding=\"async\" class=\"alignnone wp-image-628 size-large\" src=\"https:\/\/hydraulic-cylinders.net\/wp-content\/uploads\/2023\/08\/hydraulic-cylinder-product-3-1024x391.webp\" alt=\"\" width=\"1024\" height=\"391\" srcset=\"https:\/\/hydraulic-cylinders.net\/wp-content\/uploads\/2023\/08\/hydraulic-cylinder-product-3-980x374.webp 980w, https:\/\/hydraulic-cylinders.net\/wp-content\/uploads\/2023\/08\/hydraulic-cylinder-product-3-480x183.webp 480w\" sizes=\"(min-width: 0px) and (max-width: 480px) 480px, (min-width: 481px) and (max-width: 980px) 980px, (min-width: 981px) 1024px, 100vw\" \/><\/p>\n<h3>(3) Keevitamine<\/h3>\n<p><img loading=\"lazy\" decoding=\"async\" class=\"alignnone wp-image-629 size-large\" src=\"https:\/\/hydraulic-cylinders.net\/wp-content\/uploads\/2023\/08\/hydraulic-cylinder-product-4-1024x510.webp\" alt=\"\" width=\"1024\" height=\"510\" srcset=\"https:\/\/hydraulic-cylinders.net\/wp-content\/uploads\/2023\/08\/hydraulic-cylinder-product-4-980x488.webp 980w, https:\/\/hydraulic-cylinders.net\/wp-content\/uploads\/2023\/08\/hydraulic-cylinder-product-4-480x239.webp 480w\" sizes=\"(min-width: 0px) and (max-width: 480px) 480px, (min-width: 481px) and (max-width: 980px) 980px, (min-width: 981px) 1024px, 100vw\" \/><\/p>\n<h3>(4) V\u00e4rvimine ja katmine<\/h3>\n<p>V\u00e4ikese ja keskmise suurusega silindri automaatse veep\u00f5hise v\u00e4rvipinnakattega liinide abil, et saavutada automaatne robotlaadimine ja mahalaadimine ning automaatne pihustamine, projekteerimisv\u00f5imsus 4000 t\u00fckki vahetuse kohta;<br \/>\nMeil on ka poolautomaatne suurte balloonide v\u00e4rvimise tootmisliin, mis t\u00f6\u00f6tab j\u00f5ukettaga ja mille projekteerimisv\u00f5imsus on 60 kasti \u00fche vahetuse kohta.<\/p>\n<p><img loading=\"lazy\" decoding=\"async\" class=\"alignnone wp-image-630\" src=\"https:\/\/hydraulic-cylinders.net\/wp-content\/uploads\/2023\/08\/hydraulic-cylinder-product-5-300x213.webp\" alt=\"\" width=\"366\" height=\"260\" \/> <img loading=\"lazy\" decoding=\"async\" class=\"alignnone wp-image-631\" src=\"https:\/\/hydraulic-cylinders.net\/wp-content\/uploads\/2023\/08\/hydraulic-cylinder-product-6-300x225.webp\" alt=\"\" width=\"347\" height=\"260\" \/><\/p>\n<h3>(5) Testimine<\/h3>\n<p>Meil on esmaklassilised kontrolliseadmed ja katsestendid, et tagada silindri j\u00f5udlus vastavus n\u00f5uetele.<\/p>\n<p><img loading=\"lazy\" decoding=\"async\" class=\"alignnone wp-image-632\" src=\"https:\/\/hydraulic-cylinders.net\/wp-content\/uploads\/2023\/08\/hydraulic-cylinder-product-8-300x200.webp\" alt=\"\" width=\"389\" height=\"260\" \/><\/p>\n<p>&nbsp;<\/p>\n<p>&nbsp;<\/p>\n<p>Oleme \u00fcks parimaid h\u00fcdrosilindrite tootjaid. Pakume laia valikut h\u00fcdrosilindreid. Pakume ka vastavaid... <a href=\"https:\/\/hzpt.com\/agricultural-pto-gearbox\/\" target=\"_blank\" rel=\"noopener\">p\u00f5llumajanduslikud k\u00e4igukastid<\/a>. Oleme eksportinud oma tooteid klientidele \u00fcle maailma ja teeninud hea maine t\u00e4nu meie suurep\u00e4rasele tootekvaliteedile ja m\u00fc\u00fcgij\u00e4rgsele teenindusele. Me tervitame kliente kodus ja v\u00e4lismaal, et v\u00f5tta meiega \u00fchendust, et pidada l\u00e4bir\u00e4\u00e4kimisi \u00e4ri, vahetada teavet ja <a href=\"https:\/\/www.hydraulic-cylinders.net\/et\/contact-us\/\">teha meiega koost\u00f6\u00f6d<\/a>!<\/p>","protected":false},"excerpt":{"rendered":"<p>Press Rear Side Shift Cylinder The press rear side shift cylinder is a cutting-edge tool designed to enhance efficiency and precision in pressing operations. With its innovative rear side shifting capability, this cylinder allows for seamless adjustment of workpieces during pressing, ensuring accurate alignment and reducing setup time. The press rear side shift cylinder is [&hellip;]<\/p>","protected":false},"featured_media":1685,"comment_status":"open","ping_status":"closed","template":"","meta":{"_et_pb_use_builder":"","_et_pb_old_content":"","_et_gb_content_width":""},"product_brand":[],"product_cat":[1550,1522,1376],"product_tag":[1380],"class_list":{"0":"post-1682","1":"product","2":"type-product","3":"status-publish","4":"has-post-thumbnail","6":"product_cat-double-acting-hydraulic-cylinder","7":"product_cat-press-hydraulic-cylinders","8":"product_cat-hydraulic-cylinder","9":"product_tag-hydraulic-cylinder","11":"first","12":"instock","13":"shipping-taxable","14":"product-type-simple"},"amp_enabled":true,"_links":{"self":[{"href":"https:\/\/www.hydraulic-cylinders.net\/et\/wp-json\/wp\/v2\/product\/1682","targetHints":{"allow":["GET"]}}],"collection":[{"href":"https:\/\/www.hydraulic-cylinders.net\/et\/wp-json\/wp\/v2\/product"}],"about":[{"href":"https:\/\/www.hydraulic-cylinders.net\/et\/wp-json\/wp\/v2\/types\/product"}],"replies":[{"embeddable":true,"href":"https:\/\/www.hydraulic-cylinders.net\/et\/wp-json\/wp\/v2\/comments?post=1682"}],"wp:featuredmedia":[{"embeddable":true,"href":"https:\/\/www.hydraulic-cylinders.net\/et\/wp-json\/wp\/v2\/media\/1685"}],"wp:attachment":[{"href":"https:\/\/www.hydraulic-cylinders.net\/et\/wp-json\/wp\/v2\/media?parent=1682"}],"wp:term":[{"taxonomy":"product_brand","embeddable":true,"href":"https:\/\/www.hydraulic-cylinders.net\/et\/wp-json\/wp\/v2\/product_brand?post=1682"},{"taxonomy":"product_cat","embeddable":true,"href":"https:\/\/www.hydraulic-cylinders.net\/et\/wp-json\/wp\/v2\/product_cat?post=1682"},{"taxonomy":"product_tag","embeddable":true,"href":"https:\/\/www.hydraulic-cylinders.net\/et\/wp-json\/wp\/v2\/product_tag?post=1682"}],"curies":[{"name":"wp","href":"https:\/\/api.w.org\/{rel}","templated":true}]}}