{"id":16820,"date":"2025-01-21T05:56:48","date_gmt":"2025-01-21T05:56:48","guid":{"rendered":"https:\/\/www.hydraulic-cylinders.net\/product\/arm-cylinder-for-volwa-middle-excavator-dls230-8h\/"},"modified":"2025-01-21T05:56:49","modified_gmt":"2025-01-21T05:56:49","slug":"arm-cylinder-for-volwa-middle-excavator-dls230-8h","status":"publish","type":"product","link":"https:\/\/www.hydraulic-cylinders.net\/et\/toode\/arm-cylinder-for-volwa-middle-excavator-dls230-8h\/","title":{"rendered":"Volwa keskmise ekskavaatori DLS230-8H \u00f5\u00f5tssilinder"},"content":{"rendered":"<h1>Volwa keskmise ekskavaatori DLS230-8H \u00f5\u00f5tssilinder<\/h1>\n<h2>Sissejuhatus<\/h2>\n<p>H\u00fcdrovarre silinder on spetsiaalselt konstrueeritud h\u00fcdrauliline silinder, mida kasutatakse lineaarse liikumise ja j\u00f5u tagamiseks erinevate masinate, n\u00e4iteks ekskavaatorite, kraanade ja mehaaniliste varraste varrastele. H\u00fcdrovarre silinder m\u00e4ngib h\u00fcdraulikas\u00fcsteemides v\u00f5tmerolli, v\u00f5imaldades lisaseadmete v\u00f5i tarvikute liikumist ja t\u00f5husat juhtimist. Need silindrid mitte ainult ei taga sujuvat liikumist, vaid taluvad ka suuri koormusi, tagades masinate t\u00f5husa t\u00f6\u00f6 ja t\u00f6\u00f6kindluse erinevates t\u00f6\u00f6tingimustes.<\/p>\n<p><img decoding=\"async\" src=\"https:\/\/www.hydraulic-cylinders.net\/wp-content\/uploads\/2025\/01\/songte-company-2.webp\"><\/p>\n<h3>Definitsioon ja selgitus<\/h3>\n<p>\u00d5\u00f5tshoova silinder on h\u00fcdraulilise silindri t\u00fc\u00fcp, mis vastutab masina \u00f5\u00f5tshoobade lineaarse liikumise ja j\u00f5u eest. Silinder on tavaliselt valmistatud \u00fclitugevatest materjalidest, mis tagab sellele suurep\u00e4rase vastupidavuse ning kulumis- ja korrosioonikindluse. See on v\u00f5imeline pakkuma v\u00f5imsat lineaarset liikumist ja j\u00f5udu, tagades masinate t\u00f5husa toimimise. Silindri t\u00e4pne liikumise juhtimine h\u00fcdraulilise s\u00fcsteemi kaudu tagab lisaseadmete juhtimise paindlikkuse ja t\u00e4psuse. \u00d5\u00f5tshoova silindreid kasutatakse laialdaselt erinevates masinaehitusseadmetes, n\u00e4iteks ekskavaatorites, kraanades ja mehaanilistes \u00f5\u00f5tshoobades, ning need on kohandatavad erinevate t\u00f6\u00f6n\u00f5uetega. Lisaks on nende konstruktsiooni lihtne hooldada, mist\u00f5ttu on neid mugavam kontrollida ja hooldada, v\u00e4hendades seadmete seisakuid.<\/p>\n<h2>Omadused<\/h2>\n<p>Volwa keskekskavaatori DLS230-8H \u00f5lavarresilindril on j\u00e4rgmised omadused:<\/p>\n<ol>\n<li><strong>Suure efektiivsusega ajam:<\/strong> K\u00e4epideme silinder tagab v\u00f5imsa lineaarse liikumise ja j\u00f5u, tagades masina t\u00f5husa t\u00f6\u00f6.<\/li>\n<li><strong>T\u00e4pne kontroll:<\/strong> Poosilindri h\u00fcdros\u00fcsteem v\u00f5imaldab t\u00e4pset liikumise juhtimist, mille tulemuseks on lisaseadmete paindlikum ja t\u00e4psem k\u00e4sitsemine.<\/li>\n<li><strong>Vastupidavus:<\/strong> K\u00e4epideme silindrid on tavaliselt valmistatud \u00fclitugevatest materjalidest, mis muudab need vastupidavaks ning kulumis- ja korrosioonikindlaks, sobides seet\u00f5ttu pikaajaliseks kasutamiseks karmides keskkondades.<\/li>\n<li><strong>Mitmeotstarbeline kohanemisv\u00f5ime:<\/strong> Neid silindreid saab laialdaselt kasutada erinevates masinaehitusseadmetes, n\u00e4iteks ekskavaatorites, kraanades ja mehaanilistes k\u00e4sivartes, et need vastaksid erinevatele t\u00f6\u00f6n\u00f5uetele.<\/li>\n<li><strong>Lihtne hooldus:<\/strong> K\u00e4epidemete silindrid on konstrueeritud hoolduse ja vahetamise lihtsust silmas pidades, muutes regulaarsed kontrollid ja hoolduse mugavamaks, mis v\u00e4hendab seadmete seisakuid.<\/li>\n<\/ol>\n<p>Me saame neid h\u00fcdraulilisi silindreid toota ja oma toodetega asendada. Meie tooted sobivad ideaalselt nende h\u00fcdrauliliste silindrite asendamiseks. <\/p>\n<p><img decoding=\"async\" src=\"https:\/\/www.hydraulic-cylinders.net\/wp-content\/uploads\/2025\/01\/songte-oil-pipes-and-spare-parts.webp\"><\/p>\n<h2>Rakendused<\/h2>\n<p>Volwa keskekskavaatori DLS230-8H \u00f5\u00f5tshoova silindril on mitmesuguseid rakendusi erinevates t\u00f6\u00f6stusharudes, n\u00e4iteks:<\/p>\n<ul>\n<li><strong>Ehitustehnika:<\/strong> Ekskavaatorites ja kraanades juhivad poomisilindrid labidate v\u00f5i poomide liikumist mullat\u00f6\u00f6del, materjalide k\u00e4itlemisel ja konstruktsioonide paigaldamisel.<\/li>\n<li><strong>Tootmine:<\/strong> Automatiseeritud tootmisliinidel juhivad k\u00e4sivarresilindrid mehaaniliste k\u00e4sivarte liikumist montaa\u017ei-, keevitus- ja k\u00e4sitsemisprotsesside teostamiseks, parandades tootmise efektiivsust ja t\u00e4psust.<\/li>\n<li><strong>P\u00f5llumajandusmasinad:<\/strong> P\u00f5llumajandusmasinates, n\u00e4iteks kombainides ja k\u00fclvikutes, juhivad \u00f5lasilindrid t\u00f6\u00f6\u00f5lgade liikumist selliste \u00fclesannete t\u00e4itmiseks nagu k\u00fclvamine, v\u00e4etamine ja koristamine.<\/li>\n<li><strong>Kaevandamine:<\/strong> Kaevandusseadmetes juhivad k\u00e4sivarresilindrid kaevandusseadmete k\u00e4sivarte liikumist maakide kaevandamiseks ja transportimiseks.<\/li>\n<li><strong>Logistika ja transport:<\/strong> Kahvelt\u00f5stukites ja teisaldamisrobotites juhivad materjalide k\u00e4itlemiseks ja virnastamiseks kahvlite t\u00f5stmist ja liikumist k\u00e4sisilindrid.<\/li>\n<\/ul>\n<p>Volwa keskastme ekskavaatori DLS230-8H \u00f5\u00f5tshoova silinder on mitmek\u00fclgne, kohandatav erinevate seadmetega ja parandab t\u00f6\u00f6 efektiivsust.<\/p>\n<h2>Projekteerimiskaalutlused ja valikukriteeriumid<\/h2>\n<p>Silindripeade projekteerimisel ja valimisel tuleks arvestada mitmete teguritega, sealhulgas:<\/p>\n<ul>\n<li><strong>Kandev\u00f5ime:<\/strong> K\u00e4epideme silindrid peaksid suutma taluda suuri koormusi, tagades masina t\u00f5husa t\u00f6\u00f6 erinevates t\u00f6\u00f6tingimustes.<\/li>\n<li><strong>Tihendusv\u00f5ime:<\/strong> H\u00fcdraulilisel silindril peaks olema suurep\u00e4rane tihendusv\u00f5ime, et v\u00e4ltida vedeliku leket, mis v\u00f5ib p\u00f5hjustada j\u00f5udluse v\u00e4henemist, energiatarbimise suurenemist ja enneaegset kulumist.<\/li>\n<li><strong>Vastupidavus:<\/strong> K\u00e4epideme silindrid peaksid olema valmistatud \u00fclitugevatest materjalidest ning neil peaks olema suurep\u00e4rane kulumis- ja korrosioonikindlus, mis muudab need sobivaks pikaajaliseks kasutamiseks karmides keskkondades.<\/li>\n<li><strong>Ohutus:<\/strong> \u00d5husilindrid peaksid vastama ohutusstandarditele, et v\u00e4ltida \u00f5nnetusi ning tagada masinate ohutu ja usaldusv\u00e4\u00e4rne t\u00f6\u00f6.<\/li>\n<li><strong>Hooldus:<\/strong> K\u00e4epideme silindrid peaksid olema konstrueeritud nii, et neid oleks lihtne hooldada ja vahetada, mis muudab regulaarsed kontrollid ja hoolduse mugavamaks, v\u00e4hendades seadmete seisakuid.<\/li>\n<\/ul>\n<p><img decoding=\"async\" src=\"https:\/\/www.hydraulic-cylinders.net\/wp-content\/uploads\/2025\/01\/songte-cylinder-head-with-all-kinds-excavator-models.webp\"><\/p>\n<h2>Tihendus ja m\u00e4\u00e4rimine<\/h2>\n<p>Silindri\u00f5lades kasutatakse mitmesuguseid tihendeid, n\u00e4iteks kolvitihendeid ja vardatihendeid, mis on valmistatud kulumiskindlatest materjalidest, nagu pol\u00fcuretaan ja nitriilkummi. Silindripea ja vardaotsa pinnad l\u00e4bivad kulumiskindluse parandamiseks t\u00e4ppist\u00f6\u00f6tluse. Silindri sujuvaks t\u00f6\u00f6ks on vajalik m\u00e4\u00e4rimine ja h\u00fcdraulika\u00f5li tuleks regulaarselt \u00f5iges koguses lisada.<\/p>\n<h2>Kontrolli ja ennetava hoolduse meetmed<\/h2>\n<p>Regulaarsed kontrollid ja ennetav hooldus aitavad potentsiaalseid probleeme varakult tuvastada ja lahendada ning v\u00e4hendada seadmete seisakuid. Rakendada saab j\u00e4rgmisi meetmeid:<\/p>\n<ul>\n<li>Kontrollige regulaarselt poomi silindrit lekete, kahjustuste ja kulumise suhtes ning vahetage kulunud v\u00f5i kahjustatud osad viivitamatult v\u00e4lja.<\/li>\n<li>Kontrollige h\u00fcdraulika\u00f5li taset ja lisage vajadusel \u00f5li.<\/li>\n<li>Kontrollige h\u00fcdraulikavoolikuid kahjustuste ja lekete suhtes ning vajadusel vahetage need v\u00e4lja.<\/li>\n<li>Kontrollige regulaarselt silindri kinnituspoltide pingul kinnitust.<\/li>\n<li>Kontrollige silindri varrast kulumise, kahjustuste v\u00f5i painde suhtes ning vajadusel parandage v\u00f5i vahetage v\u00e4lja.<\/li>\n<\/ul>\n<p><img decoding=\"async\" src=\"https:\/\/www.hydraulic-cylinders.net\/wp-content\/uploads\/2025\/01\/songte-chushion-collar.webp\"><\/p>\n<h2>Toote paigaldusjuhend<\/h2>\n<p>Volwa keskastme ekskavaatori DLS230-8H \u00f5\u00f5tshoova silinder on lihtne paigaldada. J\u00e4rgige neid samme:<\/p>\n<ol>\n<li>Asetage silinder paigaldusasendisse ja joondage see kinnitusavadega.<\/li>\n<li>Kinnitage silinder poltide ja mutritega.<\/li>\n<li>\u00dchendage h\u00fcdraulikavoolikud ja liitmikud silindri portidega.<\/li>\n<li>T\u00e4itke s\u00fcsteem h\u00fcdraulika\u00f5liga ja kontrollige lekete olemasolu.<\/li>\n<\/ol>\n<p>T\u00e4psemate paigaldusjuhiste saamiseks vaadake tootja kasutusjuhendit.<\/p>\n<p><img decoding=\"async\" src=\"https:\/\/www.hydraulic-cylinders.net\/wp-content\/uploads\/2025\/01\/songte-bushings-with-all-kinds-of-excavator-models.webp\"><\/p>\n<h2>Ohutuskaalutlused ja keskkonnategurid<\/h2>\n<p>H\u00fcdrosilindrite kasutamisel peaks ohutus olema esmat\u00e4htis. \u00d5nnetuste v\u00e4ltimiseks ja masinate ohutu ja t\u00f6\u00f6kindla t\u00f6\u00f6 tagamiseks j\u00e4rgige ohutusstandardeid ja -juhiseid. Lisaks arvestage keskkonnateguritega, n\u00e4iteks kasutatud h\u00fcdraulika\u00f5li ja muude j\u00e4\u00e4tmete n\u00f5uetekohase k\u00f5rvaldamisega, et v\u00e4hendada keskkonnam\u00f5ju.<\/p>\n<h2>Vea diagnoosimine ja levinud probleemid<\/h2>\n<p>K\u00e4epideme silindritel v\u00f5ib esineda mitmesuguseid probleeme, sealhulgas lekkeid, kahjustusi ja kulumist. Levinud probleemide hulka kuuluvad:<\/p>\n<ul>\n<li>Ebapiisav j\u00f5ud v\u00f5i v\u00f5imsus<\/li>\n<li>Aeglane v\u00f5i eba\u00fchtlane liikumine<\/li>\n<li>Suurenenud m\u00fcra v\u00f5i vibratsioon<\/li>\n<li>Leke<\/li>\n<\/ul>\n<p>Kui m\u00f5ni neist probleemidest tekib, j\u00e4rgige tootja kasutusjuhendit ja tehke vajalikud parandused v\u00f5i asendused, et v\u00e4ltida edasisi kahjustusi.<\/p>\n<h2>Veaotsing ja ennetavad meetmed<\/h2>\n<p>T\u00f5husad t\u00f5rkeotsingu ja ennetusmeetmed aitavad probleeme varakult diagnoosida ja lahendada ning v\u00e4hendada seadmete seisakuid. M\u00f5elge j\u00e4rgmisele:<\/p>\n<ul>\n<li>Regulaarsed kontrollid ja hooldus<\/li>\n<li>\u00d5ige paigaldamine<\/li>\n<li>Kvaliteetsete komponentide kasutamine<\/li>\n<li>Ohutusjuhiste ja -standardite j\u00e4rgimine<\/li>\n<\/ul>\n<p>Nende meetmete rakendamisega saate v\u00e4hendada probleemide esinemist ja sellest tulenevat seadmete seisakut ning pikendada poomi silindri eluiga.<\/p>\n<p><img decoding=\"async\" src=\"https:\/\/www.hydraulic-cylinders.net\/wp-content\/uploads\/2025\/01\/songte-company-4.webp\"><\/p>\n<h2>Meist<\/h2>\n<p>Oleme professionaalne asendush\u00fcdrauliliste silindrite tootja, pakkudes laia tootevalikut. Oleme \u00fcks juhtivaid h\u00fcdrosilindrite tootjaid ja hulgim\u00fc\u00fcjaid nii kodu- kui ka rahvusvaheliselt. Peame alati kinni suurep\u00e4rase kvaliteedi p\u00f5him\u00f5ttest, tugineme peenelt l\u00e4bim\u00f5eldud tootmist\u00f6\u00f6kodades industrialiseeritud tootmisjuhtimise strateegiatele, t\u00e4iustades pidevalt oma tehnilist taset ja tootmise efektiivsust. Tipptasemel digitaliseeritud tootmisseadmete ja professionaalsete testimiss\u00fcsteemide juurutamise kaudu optimeerime tootmisplatvormi, t\u00e4iustame tootekvaliteedi kontrolli protsessi ja omame tugevat innovatsiooniv\u00f5imet. Meie eesm\u00e4rk on rahuldada klientide mitmekesiseid vajadusi, j\u00e4rgides efektiivsuse, t\u00e4psuse ja k\u00f5rge kvaliteedi p\u00f5him\u00f5tteid.<\/p>\n<h3>Professionaalsus<\/h3>\n<p>Oleme oskuslike spetsialistide meeskond, kellel on ulatuslikud kogemused h\u00fcdrauliliste silindrite tootmises, uurimis- ja arendustegevuses. Oleme p\u00fchendunud pakkuma oma klientidele parimaid tooteid ja teenuseid \u00f5igeaegselt ja t\u00f5husalt.<\/p>\n<h3>Rahvusvaheline sertifitseerimine<\/h3>\n<p>Meie tooted on l\u00e4binud rahvusvahelised sertifikaadid nagu ISO, CE ja SGS, mis on tunnistuseks meie p\u00fchendumusest kvaliteedile ja ohutusele.<\/p>\n<h3>Kohandamise teenused<\/h3>\n<p>Pakume kliendi erin\u00f5uetele vastavaid kohandatud h\u00fcdraulilisi silindreid, tagades, et need vastavad nende ainulaadsetele vajadustele ja eelistustele.<\/p>\n<h3>Tootmisseadmed<\/h3>\n<p>Kasutame oma toodete k\u00f5rge kvaliteedi ja t\u00e4psuse tagamiseks tipptasemel digitaliseeritud tootmisseadmeid, mis parandab ka tootmise efektiivsust.<\/p>\n<h3>M\u00fc\u00fcgij\u00e4rgne teenindus<\/h3>\n<p>Pakume suurep\u00e4rast m\u00fc\u00fcgij\u00e4rgset teenindust, sealhulgas paigaldustuge, hooldust ja asendusteenuseid, et tagada klientide rahulolu. <\/p>\n<p><img decoding=\"async\" src=\"https:\/\/www.hydraulic-cylinders.net\/wp-content\/uploads\/2025\/01\/songte-company-3.webp\"><\/p>\n<p>Oleme p\u00fchendunud pakkuma oma klientidele kvaliteetseid h\u00fcdrosilindreid ja suurep\u00e4raseid teenuseid. Meie tooted on kohandatavad erinevatele seadmetele ja vastavad erinevate t\u00f6\u00f6stusharude vajadustele. <\/p>\n<p>Autor: lyl<\/p>","protected":false},"excerpt":{"rendered":"<p>Arm Cylinder For Volwa Middle Excavator DLS230-8H Introduction An arm cylinder is a specially designed hydraulic cylinder used to provide linear motion and power to the arms of various machinery, such as excavators, cranes, and mechanical arms. The arm cylinder plays a key role in hydraulic systems, enabling attachments or accessories to move and be [&hellip;]<\/p>","protected":false},"featured_media":14777,"comment_status":"open","ping_status":"closed","template":"","meta":{"_et_pb_use_builder":"","_et_pb_old_content":"","_et_gb_content_width":""},"product_brand":[],"product_cat":[1497],"product_tag":[1498,1496],"class_list":{"0":"post-16820","1":"product","2":"type-product","3":"status-publish","4":"has-post-thumbnail","6":"product_cat-arm-cylinders","7":"product_tag-arm-cylinders","8":"product_tag-hydraulic-cylinders","10":"first","11":"instock","12":"shipping-taxable","13":"product-type-simple"},"amp_enabled":true,"_links":{"self":[{"href":"https:\/\/www.hydraulic-cylinders.net\/et\/wp-json\/wp\/v2\/product\/16820","targetHints":{"allow":["GET"]}}],"collection":[{"href":"https:\/\/www.hydraulic-cylinders.net\/et\/wp-json\/wp\/v2\/product"}],"about":[{"href":"https:\/\/www.hydraulic-cylinders.net\/et\/wp-json\/wp\/v2\/types\/product"}],"replies":[{"embeddable":true,"href":"https:\/\/www.hydraulic-cylinders.net\/et\/wp-json\/wp\/v2\/comments?post=16820"}],"wp:featuredmedia":[{"embeddable":true,"href":"https:\/\/www.hydraulic-cylinders.net\/et\/wp-json\/wp\/v2\/media\/14777"}],"wp:attachment":[{"href":"https:\/\/www.hydraulic-cylinders.net\/et\/wp-json\/wp\/v2\/media?parent=16820"}],"wp:term":[{"taxonomy":"product_brand","embeddable":true,"href":"https:\/\/www.hydraulic-cylinders.net\/et\/wp-json\/wp\/v2\/product_brand?post=16820"},{"taxonomy":"product_cat","embeddable":true,"href":"https:\/\/www.hydraulic-cylinders.net\/et\/wp-json\/wp\/v2\/product_cat?post=16820"},{"taxonomy":"product_tag","embeddable":true,"href":"https:\/\/www.hydraulic-cylinders.net\/et\/wp-json\/wp\/v2\/product_tag?post=16820"}],"curies":[{"name":"wp","href":"https:\/\/api.w.org\/{rel}","templated":true}]}}