{"id":16824,"date":"2025-01-21T05:57:05","date_gmt":"2025-01-21T05:57:05","guid":{"rendered":"https:\/\/www.hydraulic-cylinders.net\/product\/arm-cylinder-for-volwa-large-excavator-dls450-8b\/"},"modified":"2025-01-21T05:57:07","modified_gmt":"2025-01-21T05:57:07","slug":"arm-cylinder-for-volwa-large-excavator-dls450-8b","status":"publish","type":"product","link":"https:\/\/www.hydraulic-cylinders.net\/et\/toode\/arm-cylinder-for-volwa-large-excavator-dls450-8b\/","title":{"rendered":"Volwa suure ekskavaatori DLS450-8B \u00f5\u00f5tsilinder"},"content":{"rendered":"<h2>Volwa suure ekskavaatori DLS450-8B \u00f5\u00f5tsilinder<\/h2>\n<h3>Sissejuhatus<\/h3>\n<p>H\u00fcdrovarre silinder on spetsiaalselt konstrueeritud h\u00fcdrauliline silinder, mida kasutatakse lineaarse liikumise ja j\u00f5u tagamiseks erinevat t\u00fc\u00fcpi masinate, n\u00e4iteks ekskavaatorite, kraanade ja robotk\u00e4te k\u00e4epidemetele. H\u00fcdrovarre silindritel on h\u00fcdraulikas\u00fcsteemis oluline roll, v\u00f5imaldades kinnitatud t\u00f6\u00f6riistade v\u00f5i tarvikute t\u00f5husat liikumist ja juhtimist. Need silindrid mitte ainult ei taga sujuvat liikumist, vaid taluvad ka suuri koormusi, tagades masinate t\u00f5husa t\u00f6\u00f6 ja t\u00f6\u00f6kindluse erinevates t\u00f6\u00f6tingimustes.<\/p>\n<p><img decoding=\"async\" src=\"https:\/\/www.hydraulic-cylinders.net\/wp-content\/uploads\/2025\/01\/songte-company-2.webp\" alt=\"K\u00e4e silindri pilt\"><\/p>\n<h3>Omadused<\/h3>\n<p>Volwa suure ekskavaatori DLS450-8B \u00f5lasilindril on j\u00e4rgmised omadused:<\/p>\n<ul>\n<li>Suure efektiivsusega \u00fclekanne: K\u00e4e silinder tagab v\u00f5imsa lineaarse liikumise ja j\u00f5u, tagades robotk\u00e4e suure efektiivsuse erinevates toimingutes.<\/li>\n<li>T\u00e4pne juhtimine: K\u00e4epideme silinder v\u00f5imaldab h\u00fcdraulilise s\u00fcsteemi kaudu saavutada t\u00e4pse liikumise juhtimise, muutes kinnitatud t\u00f6\u00f6riistade t\u00f6\u00f6 paindlikumaks ja t\u00e4psemaks.<\/li>\n<li>Tugev vastupidavus: \u00d5\u00f5tshoova silindrid on tavaliselt valmistatud \u00fclitugevatest materjalidest ning neil on suurep\u00e4rane kulumis- ja korrosioonikindlus, mist\u00f5ttu sobivad need pikaajaliseks kasutamiseks karmides keskkondades.<\/li>\n<li>Mitmeotstarbeline kohanemisv\u00f5ime: Neid silindreid saab laialdaselt kasutada erinevates mehaanilistes seadmetes, nagu ekskavaatorid, kraanad ja robotk\u00e4ed, kohandudes erinevate t\u00f6\u00f6n\u00f5uetega.<\/li>\n<li>Lihtne hooldus: K\u00e4epideme silindri disain arvestab hoolduse ja vahetamise lihtsusega, muutes regulaarse kontrolli ja hoolduse mugavamaks ning v\u00e4hendades seadmete seisakuid.<\/li>\n<\/ul>\n<p>Me saame seda toodet toota ja see saab neid h\u00fcdraulilisi silindreid ideaalselt asendada.<\/p>\n<p><img decoding=\"async\" src=\"https:\/\/www.hydraulic-cylinders.net\/wp-content\/uploads\/2025\/01\/songte-oil-pipes-and-spare-parts.webp\" alt=\"Asendussilindri pilt\"><\/p>\n<h3>Rakendused<\/h3>\n<p>K\u00e4epideme silindrit saab kasutada erinevates valdkondades, n\u00e4iteks:<\/p>\n<ul>\n<li>Ehitustehnika: Ekskavaatorites ja kraanades kasutatakse poomisilindreid labidate v\u00f5i poomide liikumise juhtimiseks, mullat\u00f6\u00f6de tegemiseks, materjalide k\u00e4itlemiseks ja konstruktsioonide paigaldamiseks.<\/li>\n<li>Tootmine: Automatiseeritud tootmisliinidel kasutatakse robotk\u00e4te liigutamiseks k\u00e4sisilindreid, mis teostavad montaa\u017ei-, keevitus- ja k\u00e4sitsemisprotsesse, parandades tootmise efektiivsust ja t\u00e4psust.<\/li>\n<li>P\u00f5llumajandustehnika: P\u00f5llumajandustehnikas, n\u00e4iteks kombainides ja k\u00fclvikutes, juhivad k\u00e4sivarresilindrid t\u00f6\u00f6harude liikumist, t\u00e4ites selliseid \u00fclesandeid nagu k\u00fclvamine, v\u00e4etamine ja koristamine.<\/li>\n<li>Kaevandamine: Kaevandusseadmetes kasutatakse kaevandusseadmete \u00f5lgade liikumise juhtimiseks k\u00e4sisilindreid maagi kaevandamiseks ja transportimiseks.<\/li>\n<li>Logistika ja transport: Kahvelt\u00f5stukites ja robotites kasutatakse kahvlite t\u00f5stmise ja liikumise juhtimiseks, materjalide k\u00e4itlemiseks ja virnastamiseks k\u00e4sisilindreid.<\/li>\n<\/ul>\n<h3>Projekteerimiskaalutlused ja valikukriteeriumid<\/h3>\n<p>H\u00fcdrauliliste s\u00fcsteemide olulised komponendid on \u00f5\u00f5tshoovasilindrid ning nende projekteerimisel ja valikukriteeriumidel tuleb hoolikalt kaaluda. Arvesse tuleks v\u00f5tta j\u00e4rgmisi projekteerimiskaalutlusi:<\/p>\n<h4>Kandev\u00f5ime<\/h4>\n<p>Silinder\u00f5lg peab suutma taluda sellele t\u00f6\u00f6tamise ajal m\u00f5juvaid koormusi, mis v\u00f5ivad olenevalt rakendusest erineda. Silindri ava l\u00e4bim\u00f5\u00f5t ja k\u00e4igu pikkus tuleks valida konkreetse rakenduse koormusn\u00f5uete p\u00f5hjal.<\/p>\n<h4>Tihendus<\/h4>\n<p>H\u00fcdraulilise vedeliku lekete v\u00e4ltimiseks, mis v\u00f5ivad kahjustada teisi komponente, tuleb k\u00e4epideme silinder t\u00f5husalt tihendada. N\u00f5uetekohase tihenduse tagamiseks tuleks kasutada kvaliteetseid kolvi- ja varrastihendeid, mis on valmistatud sellistest materjalidest nagu pol\u00fcuretaan v\u00f5i nitriilkummi.<\/p>\n<h4>Vastupidavus<\/h4>\n<p>Silindrivars peab olema piisavalt vastupidav, et taluda karme t\u00f6\u00f6tingimusi, nagu k\u00f5rge temperatuur, niiskus ja korrosioon. Vastupidavuse tagamiseks tuleks silindri valmistamisel kasutada \u00fclitugevaid materjale, n\u00e4iteks terast v\u00f5i alumiiniumisulamit.<\/p>\n<h4>Ohutus<\/h4>\n<p>\u00d5husilindri konstruktsioon peab olema ohutust silmas pidades, et v\u00e4ltida \u00f5nnetusi ja vigastusi. Ohutu t\u00f6\u00f6 tagamiseks peaksid konstruktsioonis olema ohutusfunktsioonid, n\u00e4iteks r\u00f5hualandusventiilid ja avariipeatusnupud.<\/p>\n<h4>Hooldatavus<\/h4>\n<p>Seisakuaja minimeerimiseks ja hoolduskulude v\u00e4hendamiseks peab \u00f5\u00f5tshoova silinder olema h\u00f5lpsasti hooldatav ja parandatav. Hoolduse lihtsustamiseks peaksid konstruktsioonis olema sellised omadused nagu eemaldatavad otsakorgid ja h\u00f5lpsasti vahetatavad tihendid.<\/p>\n<p><img decoding=\"async\" src=\"https:\/\/www.hydraulic-cylinders.net\/wp-content\/uploads\/2025\/01\/songte-cylinder-head-with-all-kinds-excavator-models.webp\" alt=\"Silindri kujunduspilt\"><\/p>\n<h3>Tihendus ja m\u00e4\u00e4rimine<\/h3>\n<p>Hoova silinder vajab usaldusv\u00e4\u00e4rse t\u00f6\u00f6 tagamiseks korralikku tihendust ja m\u00e4\u00e4rimist. Erinevad tihenduskomponendid, n\u00e4iteks kolvitihendid ja vardatihendid, tuleks valida vastavalt rakenduse konkreetsetele n\u00f5uetele. Silindri ava ja varda pind tuleks peenelt t\u00f6\u00f6delda, et parandada kulumiskindlust. Silindri m\u00e4\u00e4rimise ja jahutuse s\u00e4ilitamiseks on vaja regulaarselt lisada sobivat h\u00fcdraulika\u00f5li.<\/p>\n<h3>Hooldus ja ennetavad meetmed<\/h3>\n<p>Regulaarsed kontrollid ja ennetav hooldus aitavad pikendada \u00f5\u00f5tshoova silindri kasutusiga. Tuleks v\u00f5tta j\u00e4rgmised meetmed:<\/p>\n<ul>\n<li>Kontrollige silindrit regulaarselt kahjustuste v\u00f5i kulumise m\u00e4rkide suhtes.<\/li>\n<li>Lekete v\u00e4ltimiseks vahetage k\u00f5ik kahjustatud v\u00f5i kulunud tihendid v\u00e4lja.<\/li>\n<li>Kulumise minimeerimiseks tagage silindri korralik m\u00e4\u00e4rimine.<\/li>\n<li>Hoidke silindrit ja h\u00fcdros\u00fcsteemi puhtana, et v\u00e4ltida saastumist.<\/li>\n<\/ul>\n<p><img decoding=\"async\" src=\"https:\/\/www.hydraulic-cylinders.net\/wp-content\/uploads\/2025\/01\/songte-chushion-collar.webp\" alt=\"Hoolduspilt\"><\/p>\n<h3>Paigaldusjuhend<\/h3>\n<p>Silindripea paigaldamiseks tuleks j\u00e4rgida j\u00e4rgmisi samme:<\/p>\n<ol>\n<li>Asetage silinder soovitud kohta ja kinnitage see poltide v\u00f5i tihvtide abil.<\/li>\n<li>\u00dchendage h\u00fcdraulikavoolikud silindri portidega.<\/li>\n<li>Veenduge, et k\u00f5ik h\u00fcdraulilised \u00fchendused on tihedad ja leketeta.<\/li>\n<li>Kontrollige silindri toimimist ja veenduge, et see t\u00f6\u00f6tab korralikult.<\/li>\n<\/ol>\n<p><img decoding=\"async\" src=\"https:\/\/www.hydraulic-cylinders.net\/wp-content\/uploads\/2025\/01\/songte-bushings-with-all-kinds-of-excavator-models.webp\" alt=\"Installipilt\"><\/p>\n<h3>Ohutuskaalutlused ja keskkonnategurid<\/h3>\n<p>K\u00e4epideme kasutamisel on oluline v\u00f5tta vajalikke ohutusmeetmeid \u00f5nnetuste ja vigastuste v\u00e4ltimiseks. S\u00fcsteemi konstruktsiooni tuleks lisada ohutusfunktsioonid, nagu r\u00f5huvabastusventiilid ja avariipeatusnupud, et tagada ohutu t\u00f6\u00f6. Samuti tuleks arvestada keskkonnateguritega, nagu temperatuur, niiskus ja saasteained, et tagada usaldusv\u00e4\u00e4rne t\u00f6\u00f6 erinevates tingimustes.<\/p>\n<h3>Veaotsing ja levinud probleemid<\/h3>\n<p>J\u00e4rgnevalt on toodud m\u00f5ned levinud probleemid, mis v\u00f5ivad \u00f5lavarre silindri kasutamisel esineda:<\/p>\n<ul>\n<li>Lekkiv h\u00fcdraulikavedelik<\/li>\n<li>V\u00e4henenud j\u00f5udlus<\/li>\n<li>M\u00fcrane t\u00f6\u00f6<\/li>\n<\/ul>\n<p>Nende probleemide diagnoosimiseks ja lahendamiseks tuleks j\u00e4rgida j\u00e4rgmisi n\u00f5uandeid:<\/p>\n<ul>\n<li>Kontrollige silindrit ja h\u00fcdraulikavoolikuid lekete suhtes ja vajadusel parandage need.<\/li>\n<li>Kontrollige h\u00fcdraulikavedeliku taset ja kvaliteeti ning lisage v\u00f5i vahetage vedelikku vastavalt vajadusele.<\/li>\n<li>Kontrollige silindrit kahjustuste v\u00f5i kulumise tunnuste suhtes ning vahetage k\u00f5ik kahjustatud v\u00f5i kulunud osad v\u00e4lja.<\/li>\n<\/ul>\n<p>V\u00f5imalike probleemide v\u00e4ltimiseks on oluline silindrit regulaarselt hooldada ja kontrollida.<\/p>\n<p><img decoding=\"async\" src=\"https:\/\/www.hydraulic-cylinders.net\/wp-content\/uploads\/2025\/01\/songte-company-4.webp\" alt=\"Ettev\u00f5tte kuvand\"><br \/>\n<img decoding=\"async\" src=\"https:\/\/www.hydraulic-cylinders.net\/wp-content\/uploads\/2025\/01\/songte-company-3.webp\" alt=\"Ettev\u00f5tte kuvand\"><\/p>\n<h3>Meist<\/h3>\n<p>Oleme professionaalne asendush\u00fcdrauliliste silindrite tootja, pakkudes laia tootevalikut. Oleme saanud \u00fcheks juhtivaks h\u00fcdrosilindrite tootjaks ja hulgim\u00fc\u00fcjaks nii kodumaal kui ka rahvusvaheliselt. Peame alati kinni kvaliteedi tipptaseme p\u00f5him\u00f5ttest ja tugineme t\u00e4iustatud tootmist\u00f6\u00f6kodade tootmisjuhtimise strateegiatele, et pidevalt parandada oma tehnilist taset ja tootmise efektiivsust. Tipptasemel digitaalsete tootmisseadmete ja professionaalsete testimiss\u00fcsteemide juurutamisega optimeerime pidevalt oma tootmisplatvormi ja t\u00e4iustame oma tootekvaliteedi kontrolli protsessi, omades tugevat innovatsiooniv\u00f5imet. Meie eesm\u00e4rk on rahuldada oma klientide mitmekesiseid vajadusi suure efektiivsuse, t\u00e4psuse ja k\u00f5rgete kvaliteedip\u00f5him\u00f5tete abil.<\/p>\n<p>Pakume professionaalseid, rahvusvaheliselt sertifitseeritud ja kohandatud teenuseid ning omame t\u00e4iustatud tootmisseadmeid ja ulatuslikku m\u00fc\u00fcgij\u00e4rgset teenindust.<\/p>\n<p>Autor: lyl.<\/p>","protected":false},"excerpt":{"rendered":"<p>Arm Cylinder For Volwa Large Excavator DLS450-8B Introduction An arm cylinder is a specially designed hydraulic cylinder that is used to provide linear motion and power to the arms of various types of machinery such as excavators, cranes, and robotic arms. Arm cylinders play a vital role in the hydraulic system, enabling the efficient movement [&hellip;]<\/p>","protected":false},"featured_media":14766,"comment_status":"open","ping_status":"closed","template":"","meta":{"_et_pb_use_builder":"","_et_pb_old_content":"","_et_gb_content_width":""},"product_brand":[],"product_cat":[1497],"product_tag":[1498,1496],"class_list":{"0":"post-16824","1":"product","2":"type-product","3":"status-publish","4":"has-post-thumbnail","6":"product_cat-arm-cylinders","7":"product_tag-arm-cylinders","8":"product_tag-hydraulic-cylinders","10":"first","11":"instock","12":"shipping-taxable","13":"product-type-simple"},"amp_enabled":true,"_links":{"self":[{"href":"https:\/\/www.hydraulic-cylinders.net\/et\/wp-json\/wp\/v2\/product\/16824","targetHints":{"allow":["GET"]}}],"collection":[{"href":"https:\/\/www.hydraulic-cylinders.net\/et\/wp-json\/wp\/v2\/product"}],"about":[{"href":"https:\/\/www.hydraulic-cylinders.net\/et\/wp-json\/wp\/v2\/types\/product"}],"replies":[{"embeddable":true,"href":"https:\/\/www.hydraulic-cylinders.net\/et\/wp-json\/wp\/v2\/comments?post=16824"}],"wp:featuredmedia":[{"embeddable":true,"href":"https:\/\/www.hydraulic-cylinders.net\/et\/wp-json\/wp\/v2\/media\/14766"}],"wp:attachment":[{"href":"https:\/\/www.hydraulic-cylinders.net\/et\/wp-json\/wp\/v2\/media?parent=16824"}],"wp:term":[{"taxonomy":"product_brand","embeddable":true,"href":"https:\/\/www.hydraulic-cylinders.net\/et\/wp-json\/wp\/v2\/product_brand?post=16824"},{"taxonomy":"product_cat","embeddable":true,"href":"https:\/\/www.hydraulic-cylinders.net\/et\/wp-json\/wp\/v2\/product_cat?post=16824"},{"taxonomy":"product_tag","embeddable":true,"href":"https:\/\/www.hydraulic-cylinders.net\/et\/wp-json\/wp\/v2\/product_tag?post=16824"}],"curies":[{"name":"wp","href":"https:\/\/api.w.org\/{rel}","templated":true}]}}