{"id":16829,"date":"2025-01-21T05:57:31","date_gmt":"2025-01-21T05:57:31","guid":{"rendered":"https:\/\/www.hydraulic-cylinders.net\/product\/arm-cylinder-for-volwa-cane-unloader-dls190-9a\/"},"modified":"2025-01-21T05:57:33","modified_gmt":"2025-01-21T05:57:33","slug":"arm-cylinder-for-volwa-cane-unloader-dls190-9a","status":"publish","type":"product","link":"https:\/\/www.hydraulic-cylinders.net\/et\/toode\/arm-cylinder-for-volwa-cane-unloader-dls190-9a\/","title":{"rendered":"Volwa suhkruroo mahalaadija DLS190-9A k\u00e4epideme silinder"},"content":{"rendered":"<h1>Volwa suhkruroo mahalaadija DLS190-9A k\u00e4epideme silinder<\/h1>\n<h2>Sissejuhatus<\/h2>\n<p>Poosilindrid on h\u00fcdraulilised silindrid, mis on spetsiaalselt loodud lineaarse liikumise ja j\u00f5u tagamiseks erinevatele masinapoodele, n\u00e4iteks ekskavaatoritele, kraanadele ja mehaanilistele poodele. Need m\u00e4ngivad h\u00fcdraulikas\u00fcsteemides olulist rolli, v\u00f5imaldades t\u00e4iendavate t\u00f6\u00f6riistade v\u00f5i lisaseadmete liikumist ja t\u00f5husat juhtimist. Need silindrid mitte ainult ei saavuta sujuvat t\u00f6\u00f6d, vaid taluvad ka suuri koormusi, tagades masinate t\u00f5husa t\u00f6\u00f6 ja t\u00f6\u00f6kindluse erinevates t\u00f6\u00f6tingimustes.<\/p>\n<p><img decoding=\"async\" src=\"https:\/\/www.hydraulic-cylinders.net\/wp-content\/uploads\/2025\/01\/songte-company-2.webp\" alt=\"k\u00e4e silindri pilt\"><\/p>\n<h2>Omadused<\/h2>\n<ul>\n<li>Suur j\u00f5u\u00fclekanne: \u00f5lavarre silinder tagab v\u00f5imsa lineaarse liikumise ja j\u00f5u, tagades mehaanilise \u00f5la k\u00f5rge efektiivsuse erinevates toimingutes.<\/li>\n<li>T\u00e4pne juhtimine: H\u00fcdraulilise s\u00fcsteemi abil saab k\u00e4sivarre silinder saavutada t\u00e4pse liikumise juhtimise, muutes lisat\u00f6\u00f6riistade t\u00f6\u00f6 paindlikumaks ja t\u00e4psemaks.<\/li>\n<li>Tugev vastupidavus: K\u00e4epideme silindrid on tavaliselt valmistatud \u00fclitugevatest materjalidest ning neil on hea kulumis- ja korrosioonikindlus, mis sobib pikaajaliseks kasutamiseks karmides keskkondades.<\/li>\n<li>Mitmeotstarbeline kohandatavus: Neid silindreid saab laialdaselt kasutada erinevat t\u00fc\u00fcpi masinates, n\u00e4iteks ekskavaatorites, kraanades ja mehaanilistes k\u00e4sipuudes, kohandudes erinevate t\u00f6\u00f6n\u00f5uetega.<\/li>\n<li>Lihtne hooldus: Projekteerimisel on arvestatud hoolduse ja asendamise lihtsusega, mis muudab regulaarse kontrolli ja hoolduse mugavamaks ning v\u00e4hendab seadmete seisakuid.<\/li>\n<\/ul>\n<p>Me saame seda toodet toota ja meie toode saab neid h\u00fcdrosilindreid ideaalselt asendada.<\/p>\n<p><img decoding=\"async\" src=\"https:\/\/www.hydraulic-cylinders.net\/wp-content\/uploads\/2025\/01\/songte-oil-pipes-and-spare-parts.webp\" alt=\"varuosade pilt\"><\/p>\n<h2>Rakendused<\/h2>\n<p>Silindreid kasutatakse laialdaselt erinevates t\u00f6\u00f6stusharudes ja neil on arvukalt rakendusi, n\u00e4iteks:<\/p>\n<ul>\n<li><strong>Ehitustehnika:<\/strong> Ekskavaatorites ja kraanades kasutatakse poomisilindreid koppade v\u00f5i poomide liikumise juhtimiseks mullat\u00f6\u00f6del, materjalide k\u00e4itlemisel ja konstruktsioonide paigaldamisel.<\/li>\n<li><strong>Tootmine:<\/strong> Automatiseeritud tootmisliinidel kasutatakse k\u00e4sisilindreid mehaaniliste k\u00e4sivarte liigutamiseks montaa\u017ei, keevitamise ja tootmise k\u00e4igus, suurendades tootlikkust ja t\u00e4psust.<\/li>\n<li><strong>P\u00f5llumajandustehnika:<\/strong> P\u00f5llumajandusmasinates, n\u00e4iteks kombainides ja istutusmasinates, juhivad \u00f5\u00f5tshoobade liikumist \u00f5\u00f5tshoovad, t\u00e4ites selliseid \u00fclesandeid nagu k\u00fclvamine, v\u00e4etamine ja koristamine.<\/li>\n<li><strong>Kaevandamine:<\/strong> Kaevandusseadmetes kasutatakse kaevandusseadmete k\u00e4epidemete liikumise juhtimiseks k\u00e4esilindreid, mis t\u00e4idavad selliseid \u00fclesandeid nagu kaevandamine ja mineraalide transport.<\/li>\n<li><strong>Logistika ja transport:<\/strong> Kahvelt\u00f5stukites ja teisaldamisrobotites kasutatakse kahvlite t\u00f5stmise ja liigutamise juhtimiseks, materjalide k\u00e4itlemiseks ja virnastamiseks k\u00e4sisilindreid.<\/li>\n<\/ul>\n<h2>Projekteerimiskaalutlused ja valikukriteeriumid<\/h2>\n<p>K\u00e4epidemete silindrite konstrueerimisel on arvestatud mitmete oluliste kaalutlustega, sealhulgas:<\/p>\n<ul>\n<li><strong>Kandev\u00f5ime:<\/strong> Silinder peab suutma vastu pidada sellele rakendatavatele j\u00f5ududele ja t\u00f5stetavale koormusele.<\/li>\n<li><strong>Tihendus:<\/strong> \u00d5\u00f5tshoovasilindrites kasutatakse mitmesuguseid tihendeid, n\u00e4iteks kolvitihendeid ja vardatihendeid, mis on valitud nende kulumiskindluse, vastupidavuse ja keemilise \u00fchilduvuse t\u00f5ttu.<\/li>\n<li><strong>Vastupidavus:<\/strong> K\u00e4epideme silindrid on tavaliselt valmistatud \u00fclitugevatest materjalidest ja t\u00f6\u00f6deldud pindadest, et need oleksid vastupidavad h\u00f5\u00f5rdumisele ja korrosioonile.<\/li>\n<li><strong>Ohutus:<\/strong> K\u00e4epideme silindrid peavad olema konstrueeritud nii, et need tagaksid ohutu t\u00f6\u00f6, ning varustatud ohutusfunktsioonidega, nagu lukustusventiilid ja r\u00f5huvabastusventiilid.<\/li>\n<li><strong>Hooldatavus:<\/strong> K\u00e4epideme silindrid peavad olema kergesti hooldatavad, varustatud selliste omadustega nagu vahetatavad tihendid ja lihtne juurdep\u00e4\u00e4s sisemistele komponentidele.<\/li>\n<\/ul>\n<p><img decoding=\"async\" src=\"https:\/\/www.hydraulic-cylinders.net\/wp-content\/uploads\/2025\/01\/songte-cylinder-head-with-all-kinds-excavator-models.webp\" alt=\"silindripea pilt\"><\/p>\n<h2>Tihendus ja m\u00e4\u00e4rimine<\/h2>\n<p>\u00d5\u00f5tshoovasilindrites kasutatakse mitmesuguseid tihendeid, n\u00e4iteks kolvi- ja vardatihendeid, mis on valmistatud kulumiskindlatest materjalidest, n\u00e4iteks pol\u00fcuretaanist ja nitriilkummist. Silindri korpus ja keermestatud otsad on kulumiskindluse parandamiseks peenelt t\u00f6\u00f6deldud. Silindri m\u00e4\u00e4rimiseks ja lekete v\u00e4ltimiseks on vaja regulaarselt lisada sobivat h\u00fcdraulika\u00f5li.<\/p>\n<p><img decoding=\"async\" src=\"https:\/\/www.hydraulic-cylinders.net\/wp-content\/uploads\/2025\/01\/songte-chushion-collar.webp\" alt=\"h\u00fcljeste pilt\"><\/p>\n<h2>Hooldus ja ennetavad meetmed<\/h2>\n<p>Regulaarne kontroll ja ennetav hooldus on olulised, et tagada silindrite t\u00f5hus t\u00f6\u00f6 ja pikk eluiga. M\u00f5ned soovitatavad meetmed on j\u00e4rgmised:<\/p>\n<ul>\n<li>Kontrollige silindrit regulaarselt kulumise, lekete ja muude kahjustuste suhtes.<\/li>\n<li>Hoidke silindrit ja h\u00fcdros\u00fcsteemi puhtana, et v\u00e4ltida saastumist.<\/li>\n<li>Veenduge, et silinder on korralikult m\u00e4\u00e4ritud soovitatud h\u00fcdraulika\u00f5liga ja et \u00f5litase on piisav.<\/li>\n<li>Follow the manufacturer&#8217;s maintenance recommendations and procedures.<\/li>\n<\/ul>\n<h2>Paigaldusjuhend<\/h2>\n<p>K\u00e4epidemete silindrite paigaldamine n\u00f5uab hoolikat t\u00e4helepanu, et tagada n\u00f5uetekohane t\u00f6\u00f6. M\u00f5ned olulised sammud on j\u00e4rgmised:<\/p>\n<ul>\n<li>Veenduge, et silinder sobib masina ja rakendusega.<\/li>\n<li>Paigaldage h\u00fcdraulikavoolikud ja liitmikud vastavalt n\u00f5uetele.<\/li>\n<li>Veenduge, et silinder oleks masinaga \u00f5igesti joondatud.<\/li>\n<li>P\u00e4rast paigaldamist kontrollige lekete olemasolu ja n\u00f5uetekohast toimimist.<\/li>\n<\/ul>\n<p><img decoding=\"async\" src=\"https:\/\/www.hydraulic-cylinders.net\/wp-content\/uploads\/2025\/01\/songte-bushings-with-all-kinds-of-excavator-models.webp\" alt=\"pukside pilt\"><\/p>\n<h2>Ohutuskaalutlused ja keskkonnategurid<\/h2>\n<p>K\u00e4epidemete ohutuks kasutamiseks on vaja korralikku v\u00e4lja\u00f5pet ja hooldust, samuti kasutusjuhendis toodud ohutusjuhiste j\u00e4rgimist. Keskkonnategurid, nagu temperatuur, niiskus ja kokkupuude kemikaalidega, v\u00f5ivad m\u00f5jutada k\u00e4epidemete j\u00f5udlust ja pikaealisust.<\/p>\n<h2>Levinumad probleemid ja t\u00f5rkeotsing<\/h2>\n<p>M\u00f5ned levinud probleemid, mis v\u00f5ivad \u00f5lavarresilindritega esineda, on j\u00e4rgmised:<\/p>\n<ul>\n<li>Lekkiv \u00f5li<\/li>\n<li>V\u00f5imsuse puudumine v\u00f5i aeglane liikumine<\/li>\n<li>T\u00f5mblev v\u00f5i ebakindel liikumine<\/li>\n<li>Liigne m\u00fcra v\u00f5i vibratsioon<\/li>\n<\/ul>\n<p>N\u00f5uetekohased t\u00f5rkeotsingu tehnikad, n\u00e4iteks kahjustatud tihendite, ebapiisava \u00f5li v\u00f5i valesti joondatud komponentide kontrollimine, aitavad neid probleeme diagnoosida ja lahendada. Ennetavad meetmed, nagu regulaarne hooldus ja kontroll, v\u00f5ivad samuti probleemide tekkimise riski minimeerida.<\/p>\n<p><img decoding=\"async\" src=\"https:\/\/www.hydraulic-cylinders.net\/wp-content\/uploads\/2025\/01\/songte-company-4.webp\" alt=\"ettev\u00f5tte kuvand\"><br \/>\n<img decoding=\"async\" src=\"https:\/\/www.hydraulic-cylinders.net\/wp-content\/uploads\/2025\/01\/songte-company-3.webp\" alt=\"tehasepilt\"><\/p>\n<h2>Meist<\/h2>\n<p>Oleme professionaalne h\u00fcdrosilindrite ja varuosade tootja, pakkudes laia tootevalikut ning olles \u00fcks juhtivaid h\u00fcdrosilindrite tootjaid ja hulgim\u00fc\u00fcjaid nii sise- kui ka rahvusvahelistel turgudel. J\u00e4rgime alati \u00fclima kvaliteedi p\u00f5him\u00f5tet, tuginedes oma keerukates tootmist\u00f6\u00f6kodades industrialiseeritud tootmisjuhtimise strateegiatele, et pidevalt parandada oma tehnilist taset ja tootmise efektiivsust. T\u00e4iustatud digitaalsete tootmisseadmete ja professionaalsete testimiss\u00fcsteemide juurutamise abil optimeerime oma tootmisplatvormi, t\u00e4iustame oma tootekvaliteedi kontrolli protsesse ja omame tugevat innovatsiooniv\u00f5imet. Meie eesm\u00e4rk on rahuldada oma klientide mitmekesiseid vajadusi t\u00f5husate, t\u00e4psete ja kvaliteetsete toodetega.<\/p>\n<p>Pakume professionaalseid teenuseid, rahvusvahelisi sertifikaate, kohandatud teenuseid, t\u00e4iustatud tootmisseadmeid ja suurep\u00e4rast m\u00fc\u00fcgij\u00e4rgset teenindust, et rahuldada oma klientide vajadusi.<\/p>\n<p>Autor: lyl<\/p>","protected":false},"excerpt":{"rendered":"<p>Arm Cylinder For Volwa Cane Unloader DLS190-9A Introduction Arm cylinder is a type of hydraulic cylinder specially designed to provide linear motion and power for various machine arms, such as excavators, cranes, and mechanical arms. It plays a crucial role in hydraulic systems, allowing additional tools or attachments to move and be controlled effectively. These [&hellip;]<\/p>","protected":false},"featured_media":14779,"comment_status":"open","ping_status":"closed","template":"","meta":{"_et_pb_use_builder":"","_et_pb_old_content":"","_et_gb_content_width":""},"product_brand":[],"product_cat":[1497],"product_tag":[1498,1496],"class_list":{"0":"post-16829","1":"product","2":"type-product","3":"status-publish","4":"has-post-thumbnail","6":"product_cat-arm-cylinders","7":"product_tag-arm-cylinders","8":"product_tag-hydraulic-cylinders","10":"first","11":"instock","12":"shipping-taxable","13":"product-type-simple"},"amp_enabled":true,"_links":{"self":[{"href":"https:\/\/www.hydraulic-cylinders.net\/et\/wp-json\/wp\/v2\/product\/16829","targetHints":{"allow":["GET"]}}],"collection":[{"href":"https:\/\/www.hydraulic-cylinders.net\/et\/wp-json\/wp\/v2\/product"}],"about":[{"href":"https:\/\/www.hydraulic-cylinders.net\/et\/wp-json\/wp\/v2\/types\/product"}],"replies":[{"embeddable":true,"href":"https:\/\/www.hydraulic-cylinders.net\/et\/wp-json\/wp\/v2\/comments?post=16829"}],"wp:featuredmedia":[{"embeddable":true,"href":"https:\/\/www.hydraulic-cylinders.net\/et\/wp-json\/wp\/v2\/media\/14779"}],"wp:attachment":[{"href":"https:\/\/www.hydraulic-cylinders.net\/et\/wp-json\/wp\/v2\/media?parent=16829"}],"wp:term":[{"taxonomy":"product_brand","embeddable":true,"href":"https:\/\/www.hydraulic-cylinders.net\/et\/wp-json\/wp\/v2\/product_brand?post=16829"},{"taxonomy":"product_cat","embeddable":true,"href":"https:\/\/www.hydraulic-cylinders.net\/et\/wp-json\/wp\/v2\/product_cat?post=16829"},{"taxonomy":"product_tag","embeddable":true,"href":"https:\/\/www.hydraulic-cylinders.net\/et\/wp-json\/wp\/v2\/product_tag?post=16829"}],"curies":[{"name":"wp","href":"https:\/\/api.w.org\/{rel}","templated":true}]}}