{"id":16848,"date":"2025-01-21T06:07:46","date_gmt":"2025-01-21T06:07:46","guid":{"rendered":"https:\/\/www.hydraulic-cylinders.net\/product\/arm-cylinder-for-atlas-2006lc\/"},"modified":"2025-01-21T06:07:53","modified_gmt":"2025-01-21T06:07:53","slug":"arm-cylinder-for-atlas-2006lc","status":"publish","type":"product","link":"https:\/\/www.hydraulic-cylinders.net\/et\/toode\/arm-cylinder-for-atlas-2006lc\/","title":{"rendered":"Atlas 2006LC \u00f5\u00f5tsilinder"},"content":{"rendered":"<h2>Atlas 2006LC \u00f5\u00f5tsilinder<\/h2>\n<h3>Sissejuhatus<\/h3>\n<p>H\u00fcdrovarda silinder on spetsiaalselt loodud h\u00fcdrauliline silinder, mida kasutatakse lineaarse liikumise ja j\u00f5u tagamiseks erinevat t\u00fc\u00fcpi masinate, n\u00e4iteks ekskavaatorite, kraanade ja mehaaniliste hoobade hoovadele. H\u00fcdrovarda silinder m\u00e4ngib h\u00fcdraulikas\u00fcsteemides olulist rolli, v\u00f5imaldades t\u00e4iendavate t\u00f6\u00f6riistade v\u00f5i lisaseadmete liikumist ja t\u00f5husat juhtimist. Need silindrid mitte ainult ei taga sujuvat liikumist, vaid taluvad ka suuri koormusi, tagades masinate t\u00f5husa t\u00f6\u00f6 ja t\u00f6\u00f6kindluse erinevates t\u00f6\u00f6tingimustes.<\/p>\n<p><img decoding=\"async\" src=\"https:\/\/www.hydraulic-cylinders.net\/wp-content\/uploads\/2025\/01\/songte-company-2.webp\"><\/p>\n<h3>Omadused<\/h3>\n<ul>\n<li><strong>T\u00f5hus j\u00f5u\u00fclekanne:<\/strong> K\u00e4epideme silinder tagab v\u00f5imsa lineaarse liikumise ja j\u00f5u, tagades mehaanilise k\u00e4e k\u00f5rge j\u00f5udluse erinevates toimingutes.<\/li>\n<li><strong>T\u00e4pne kontroll:<\/strong> H\u00fcdraulilise s\u00fcsteemi abil saab k\u00e4sivarre silinder saavutada t\u00e4pse liikumise juhtimise, muutes lisat\u00f6\u00f6riistade t\u00f6\u00f6 paindlikumaks ja t\u00e4psemaks.<\/li>\n<li><strong>Tugev vastupidavus:<\/strong> K\u00e4epideme silindrid on tavaliselt valmistatud \u00fclitugevatest materjalidest, millel on hea kulumis- ja korrosioonikindlus ning mis sobivad pikaajaliseks kasutamiseks karmides keskkondades.<\/li>\n<li><strong>Mitmeotstarbeline kohanemisv\u00f5ime:<\/strong> Neid silindreid saab laialdaselt kasutada erinevate mehaaniliste seadmete, n\u00e4iteks ekskavaatorite, kraanade ja mehaaniliste k\u00e4sipuude jaoks, et rahuldada erinevaid t\u00f6\u00f6vajadusi.<\/li>\n<li><strong>Lihtne hooldus:<\/strong> Loodud h\u00f5lpsaks hoolduseks ja vahetamiseks, muutes regulaarsed kontrollid ja hoolduse mugavamaks, v\u00e4hendades seadmete seisakuid.<\/li>\n<\/ul>\n<p>Me saame seda toodet toota ja meie toode saab neid h\u00fcdrosilindreid ideaalselt asendada.<\/p>\n<p><img decoding=\"async\" src=\"https:\/\/www.hydraulic-cylinders.net\/wp-content\/uploads\/2025\/01\/songte-oil-pipes-and-spare-parts.webp\"><\/p>\n<h3>Rakendused<\/h3>\n<p>K\u00e4epideme silindrit kasutatakse laialdaselt erinevates t\u00f6\u00f6stusharudes, sealhulgas:<\/p>\n<ul>\n<li><strong>Ehitus:<\/strong> Ekskavaatorites ja kraanades kasutatakse poomisilindrit koppade v\u00f5i poomide liikumise juhtimiseks mullat\u00f6\u00f6del, materjalide k\u00e4itlemisel ja konstruktsioonide paigaldamisel.<\/li>\n<li><strong>Tootmine:<\/strong> Automatiseeritud tootmisliinidel kasutatakse \u00f5lasilindrit mehaaniliste \u00f5la liigutamiseks montaa\u017ei-, keevitus- ja k\u00e4sitsemisprotsessides, parandades tootmise efektiivsust ja t\u00e4psust.<\/li>\n<li><strong>P\u00f5llumajandusmasinad:<\/strong> P\u00f5llumajandusmasinates, n\u00e4iteks kombainides ja istutusmasinates, juhib \u00f5la silinder juhthoova liikumist selliste \u00fclesannete puhul nagu k\u00fclvamine, v\u00e4etamine ja koristamine.<\/li>\n<li><strong>Kaevandamine:<\/strong> In mining equipment, the arm cylinder is used to control the arm&#8217;s movement for mining and material handling.<\/li>\n<li><strong>Logistika ja transport:<\/strong> Kahvelt\u00f5stukites ja robotites kasutatakse materjali k\u00e4itlemisel ja virnastamisel kahvlite liikumise juhtimiseks \u00f5lasilindrit.<\/li>\n<\/ul>\n<h3>Projekteerimiskaalutlused ja valikukriteeriumid<\/h3>\n<p>Silindripeade projekteerimisel ja valimisel tuleks arvestada mitmete teguritega:<\/p>\n<ul>\n<li><strong>Kandev\u00f5ime:<\/strong> K\u00e4epideme silinder peab suutma vastu pidada kinnitatud t\u00f6\u00f6riista v\u00f5i lisaseadme raskusele ja j\u00f5ule.<\/li>\n<li><strong>Tihendus:<\/strong> Vedeliku lekke v\u00e4ltimiseks tuleb kasutada mitmesuguseid tihenduskomponente, n\u00e4iteks kolvitihendeid ja varrastihendeid.<\/li>\n<li><strong>Vastupidavus:<\/strong> Kulumis- ja korrosioonikindluse tagamiseks, eriti karmides keskkondades, tuleks kasutada \u00fclitugevaid materjale ja pinnat\u00f6\u00f6tlust.<\/li>\n<li><strong>Ohutus:<\/strong> Projekteerimisel tuleks arvestada operaatori ja \u00fcmbritseva keskkonna ohutusega, n\u00e4iteks v\u00e4ltides ootamatuid liigutusi v\u00f5i l\u00f6\u00f6ke.<\/li>\n<li><strong>Hooldatavus:<\/strong> Konstruktsiooni peaks olema lihtne lahti v\u00f5tta ja parandada ning optimaalse j\u00f5udluse tagamiseks tuleks regulaarselt hooldada.<\/li>\n<\/ul>\n<p><img decoding=\"async\" src=\"https:\/\/www.hydraulic-cylinders.net\/wp-content\/uploads\/2025\/01\/songte-cylinder-head-with-all-kinds-excavator-models.webp\"><\/p>\n<h3>Tihendus ja m\u00e4\u00e4rimine<\/h3>\n<p>Arm cylinders use various seals, such as piston seals and rod seals, which are made of wear-resistant materials such as polyurethane and nitrile rubber. The cylinder body and thread end surface are finely processed to improve wear resistance. Regular lubrication with hydraulic oil is necessary to reduce friction and wear, ensuring the cylinder&#8217;s smooth operation.<\/p>\n<h3>Hooldus ja ennetamine<\/h3>\n<p>Regulaarne kontroll ja ennetav hooldus on olulised \u00f5\u00f5tshoova silindrite n\u00f5uetekohase t\u00f6\u00f6 tagamiseks. Tuleks v\u00f5tta j\u00e4rgmised meetmed:<\/p>\n<ul>\n<li><strong>Kontrollige tihendeid:<\/strong> Kontrollige tihendeid regulaarselt, et veenduda lekete puudumises.<\/li>\n<li><strong>Kontrollige silindri korpust:<\/strong> Kontrollige silindri korpust kahjustuste v\u00f5i kulumise tunnuste suhtes.<\/li>\n<li><strong>Kontrollige kinnitust:<\/strong> Kontrollige kinnituspolte ja mutreid, et need oleksid \u00f5igesti pingutatud.<\/li>\n<li><strong>J\u00e4lgige h\u00fcdraulika\u00f5li taset:<\/strong> J\u00e4lgige h\u00fcdraulika\u00f5li taset ja kvaliteeti ning vahetage \u00f5li regulaarselt.<\/li>\n<\/ul>\n<p>V\u00f5imalike probleemide minimeerimiseks on oluline v\u00f5tta ennetavaid meetmeid, n\u00e4iteks v\u00e4ltida \u00fclekoormust, v\u00e4ltida j\u00e4rske liigutusi v\u00f5i l\u00f6\u00f6ke ning tagada n\u00f5uetekohane paigaldus.<\/p>\n<p><img decoding=\"async\" src=\"https:\/\/www.hydraulic-cylinders.net\/wp-content\/uploads\/2025\/01\/songte-chushion-collar.webp\"><\/p>\n<h3>Toote paigaldusjuhend<\/h3>\n<p>Silindripea paigaldamisel tuleks j\u00e4rgida j\u00e4rgmisi samme:<\/p>\n<ol>\n<li>Eemaldage vana silinder ja puhastage kinnituspind.<\/li>\n<li>Paigaldage uus silinder ja pingutage kinnituspoldid ja mutrid etten\u00e4htud p\u00f6\u00f6rdemomendini.<\/li>\n<li>\u00dchendage h\u00fcdraulikavoolikud ja liitmikud.<\/li>\n<li>T\u00e4itke h\u00fcdraulikas\u00fcsteem h\u00fcdraulika\u00f5liga.<\/li>\n<\/ol>\n<p>Enne masina kasutamist kontrollige silindri n\u00f5uetekohast toimimist ja lekete puudumist.<\/p>\n<p><img decoding=\"async\" src=\"https:\/\/www.hydraulic-cylinders.net\/wp-content\/uploads\/2025\/01\/songte-bushings-with-all-kinds-of-excavator-models.webp\"><\/p>\n<h3>Ohutus- ja keskkonnakaalutlused<\/h3>\n<p>K\u00e4epidemete kasutamisel tuleb v\u00f5tta ohutusmeetmeid, et tagada operaatori ja \u00fcmbritseva keskkonna ohutus. Operaatorid peaksid saama masinate ohutu k\u00e4sitsemise kohta n\u00f5uetekohase v\u00e4lja\u00f5ppe. Samuti on oluline j\u00e4rgida keskkonnaeeskirju h\u00fcdraulika\u00f5li ja muude j\u00e4\u00e4tmete k\u00e4itlemise kohta.<\/p>\n<h3>Veaotsing ja levinud probleemid<\/h3>\n<p>\u00d5\u00f5tshoova silindritega esineda v\u00f5ivate levinud probleemide hulka kuuluvad tihendi leke, silindri kahjustused ja kinnitusprobleemid. Probleemi ilmnemisel tuleks kaaluda j\u00e4rgmisi n\u00e4pun\u00e4iteid ja lahendusi:<\/p>\n<ul>\n<li><strong>Lekkivad tihendid:<\/strong> Vahetage tihendid v\u00e4lja ja veenduge, et need on \u00f5igesti paigaldatud.<\/li>\n<li><strong>Silindri kahjustused:<\/strong> Vajadusel parandage v\u00f5i vahetage silinder v\u00e4lja.<\/li>\n<li><strong>Paigaldusprobleemid:<\/strong> Kontrollige kinnituspolte ja -mutreid ning veenduge, et need on korralikult kinni keeratud.<\/li>\n<\/ul>\n<p>V\u00f5imalike probleemide v\u00e4ltimiseks on oluline v\u00f5tta ennetavaid meetmeid, n\u00e4iteks v\u00e4ltida \u00fclekoormust ja j\u00e4rske liigutusi ning tagada n\u00f5uetekohane paigaldus ja hooldus.<\/p>\n<p><img decoding=\"async\" src=\"https:\/\/www.hydraulic-cylinders.net\/wp-content\/uploads\/2025\/01\/songte-company-4.webp\"><br \/>\n<img decoding=\"async\" src=\"https:\/\/www.hydraulic-cylinders.net\/wp-content\/uploads\/2025\/01\/songte-company-3.webp\"><\/p>\n<h3>Meist<\/h3>\n<p>We are a professional manufacturer of replacement hydraulic cylinders with a wide range of products, and have become one of the leading hydraulic cylinder manufacturers and wholesale distributors in domestic and international markets. We always adhere to the principle of excellent quality, rely on the industrial production management strategy of the refined manufacturing workshop, and continuously improve our technical level and production efficiency. Through the introduction of advanced digital manufacturing equipment and professional testing systems, we continuously optimize the manufacturing platform, improve the quality control process of products, and have strong innovation capability. Our goal is to satisfy customers&#8217; diverse needs with the principles of efficiency, accuracy, and high quality.<\/p>\n<p>Meie ettev\u00f5te on tuntud oma professionaalsuse, rahvusvahelise sertifitseerimise, kohandatud teenuste, kvaliteetsete tootmisseadmete ja suurep\u00e4rase m\u00fc\u00fcgij\u00e4rgse teeninduse poolest.<\/p>\n<p>Autor: lyl.<\/p>","protected":false},"excerpt":{"rendered":"<p>Arm Cylinder For Atlas 2006LC Introduction The arm cylinder is a specially designed hydraulic cylinder used to provide linear motion and power to the arms of various types of machinery, such as excavators, cranes, and mechanical arms. The arm cylinder plays a crucial role in hydraulic systems, allowing additional tools or attachments to move and [&hellip;]<\/p>","protected":false},"featured_media":14786,"comment_status":"open","ping_status":"closed","template":"","meta":{"_et_pb_use_builder":"","_et_pb_old_content":"","_et_gb_content_width":""},"product_brand":[],"product_cat":[1497],"product_tag":[1498,1496],"class_list":{"0":"post-16848","1":"product","2":"type-product","3":"status-publish","4":"has-post-thumbnail","6":"product_cat-arm-cylinders","7":"product_tag-arm-cylinders","8":"product_tag-hydraulic-cylinders","10":"first","11":"instock","12":"shipping-taxable","13":"product-type-simple"},"amp_enabled":true,"_links":{"self":[{"href":"https:\/\/www.hydraulic-cylinders.net\/et\/wp-json\/wp\/v2\/product\/16848","targetHints":{"allow":["GET"]}}],"collection":[{"href":"https:\/\/www.hydraulic-cylinders.net\/et\/wp-json\/wp\/v2\/product"}],"about":[{"href":"https:\/\/www.hydraulic-cylinders.net\/et\/wp-json\/wp\/v2\/types\/product"}],"replies":[{"embeddable":true,"href":"https:\/\/www.hydraulic-cylinders.net\/et\/wp-json\/wp\/v2\/comments?post=16848"}],"wp:featuredmedia":[{"embeddable":true,"href":"https:\/\/www.hydraulic-cylinders.net\/et\/wp-json\/wp\/v2\/media\/14786"}],"wp:attachment":[{"href":"https:\/\/www.hydraulic-cylinders.net\/et\/wp-json\/wp\/v2\/media?parent=16848"}],"wp:term":[{"taxonomy":"product_brand","embeddable":true,"href":"https:\/\/www.hydraulic-cylinders.net\/et\/wp-json\/wp\/v2\/product_brand?post=16848"},{"taxonomy":"product_cat","embeddable":true,"href":"https:\/\/www.hydraulic-cylinders.net\/et\/wp-json\/wp\/v2\/product_cat?post=16848"},{"taxonomy":"product_tag","embeddable":true,"href":"https:\/\/www.hydraulic-cylinders.net\/et\/wp-json\/wp\/v2\/product_tag?post=16848"}],"curies":[{"name":"wp","href":"https:\/\/api.w.org\/{rel}","templated":true}]}}