{"id":16858,"date":"2025-01-21T06:08:30","date_gmt":"2025-01-21T06:08:30","guid":{"rendered":"https:\/\/www.hydraulic-cylinders.net\/product\/arm-cylinder-for-bonny-ce1000-7\/"},"modified":"2025-01-21T06:08:32","modified_gmt":"2025-01-21T06:08:32","slug":"arm-cylinder-for-bonny-ce1000-7","status":"publish","type":"product","link":"https:\/\/www.hydraulic-cylinders.net\/et\/toode\/arm-cylinder-for-bonny-ce1000-7\/","title":{"rendered":"Bonny CE1000-7 \u00f5lavarre silinder"},"content":{"rendered":"<h1>Bonny CE1000-7 \u00f5lavarre silinder<\/h1>\n<h2>Toote \u00fclevaade<\/h2>\n<p>H\u00fcdrovarre silinder on spetsiaalne h\u00fcdrauliline silinder, mis on loodud lineaarse liikumise ja j\u00f5u tagamiseks erinevate masinate, n\u00e4iteks ekskavaatorite, kraanade ja mehaaniliste hoobade hoobadele. Sellel on h\u00fcdraulikas\u00fcsteemides oluline roll, v\u00f5imaldades lisaseadmete ja tarvikute t\u00f5husat liikumist ja juhtimist. Need silindrid mitte ainult ei taga sujuvat liikumist, vaid taluvad ka suuri koormusi, tagades masinate t\u00f5husa t\u00f6\u00f6 ja t\u00f6\u00f6kindluse erinevates t\u00f6\u00f6tingimustes.<\/p>\n<p><img decoding=\"async\" src=\"https:\/\/www.hydraulic-cylinders.net\/wp-content\/uploads\/2025\/01\/songte-company-2.webp\" alt=\"K\u00e4e silindri pilt\" \/><\/p>\n<h2>Toote omadused<\/h2>\n<ul>\n<li>\n<h3>Suure t\u00f5hususega k\u00e4igukast<\/h3>\n<p>K\u00e4epideme silinder tagab tugeva lineaarse liikumise ja j\u00f5u, tagades mehaanilise k\u00e4e erinevate toimingute k\u00f5rge efektiivsuse.<\/p>\n<\/li>\n<li>\n<h3>T\u00e4ppiskontroll<\/h3>\n<p>H\u00fcdraulilise s\u00fcsteemi abil saab poomi silinder saavutada t\u00e4pse liikumise juhtimise, muutes lisaseadme t\u00f6\u00f6 paindlikumaks ja t\u00e4psemaks.<\/p>\n<\/li>\n<li>\n<h3>Tugev vastupidavus<\/h3>\n<p>K\u00e4epideme silinder on tavaliselt valmistatud \u00fclitugevatest materjalidest, millel on hea kulumiskindlus ja korrosioonikindlus ning mis sobivad pikaajaliseks kasutamiseks karmides keskkondades.<\/p>\n<\/li>\n<li>\n<h3>Multifunktsionaalne kohanemisv\u00f5ime<\/h3>\n<p>Neid silindreid saab laialdaselt kasutada erinevates mehaanilistes seadmetes, nagu ekskavaatorid, kraanad ja mehaanilised k\u00e4ed, kohandudes erinevate t\u00f6\u00f6vajadustega.<\/p>\n<\/li>\n<li>\n<h3>Lihtne hooldus<\/h3>\n<p>Projekteerimisel on arvestatud hoolduse ja asendamise lihtsusega, muutes regulaarse kontrolli ja hoolduse mugavamaks ning v\u00e4hendades seadmete seisakuid.<\/p>\n<\/li>\n<\/ul>\n<p>Me saame seda toodet toota ja see saab neid h\u00fcdraulilisi silindreid ideaalselt asendada.<\/p>\n<p><img decoding=\"async\" src=\"https:\/\/www.hydraulic-cylinders.net\/wp-content\/uploads\/2025\/01\/songte-oil-pipes-and-spare-parts.webp\" alt=\"H\u00fcdraulilise silindri osade pilt\" \/><\/p>\n<h2>Rakendused<\/h2>\n<p>K\u00e4epideme silindrit kasutatakse laialdaselt erinevates t\u00f6\u00f6stusharudes, n\u00e4iteks:<\/p>\n<ul>\n<li>\n<h3>Ehitustehnika<\/h3>\n<p>Kasutatakse ekskavaatorites ja kraanades ekskavaatori v\u00f5i poomi liikumise juhtimiseks, mullat\u00f6\u00f6de tegemiseks, materjalide k\u00e4itlemiseks ja konstruktsioonide paigaldamiseks.<\/p>\n<\/li>\n<li>\n<h3>T\u00f6\u00f6tlev t\u00f6\u00f6stus<\/h3>\n<p>Kasutatakse automatiseeritud tootmisliinidel mehaaniliste k\u00e4te liikumise juhtimiseks, montaa\u017ei-, keevitus- ja k\u00e4sitsemisprotsesside teostamiseks, parandades tootmise efektiivsust ja t\u00e4psust.<\/p>\n<\/li>\n<li>\n<h3>P\u00f5llumajandustehnika<\/h3>\n<p>Kasutatakse p\u00f5llumajandusmasinates, n\u00e4iteks kombainides ja istutusmasinates, juhtk\u00e4e liikumise juhtimiseks selliste \u00fclesannete t\u00e4itmisel nagu istutamine, v\u00e4etamine ja koristamine.<\/p>\n<\/li>\n<li>\n<h3>Kaevandamine<\/h3>\n<p>Kasutatakse kaevandusseadmetes kaevandusseadme k\u00e4e liikumise juhtimiseks, maagi kaevandamiseks ja transportimiseks.<\/p>\n<\/li>\n<li>\n<h3>Logistika ja transport<\/h3>\n<p>Kasutatakse kahvelt\u00f5stukites ja robotites kahvlite t\u00f5stmise ja liikumise juhtimiseks, materjalide k\u00e4itlemiseks ja virnastamiseks.<\/p>\n<\/li>\n<\/ul>\n<h2>Projekteerimiskaalutlused ja valikukriteeriumid<\/h2>\n<p>K\u00e4epidemete silindrite projekteerimisel tuleb arvestada kandev\u00f5ime, tihendusega, vastupidavuse, ohutuse ja hooldatavusega.<\/p>\n<ul>\n<li>\n<h3>Kandev\u00f5ime<\/h3>\n<p>K\u00e4epideme silindri kandev\u00f5ime peaks suutma taluda mehaanilise k\u00e4e maksimaalset koormust t\u00f6\u00f6tamise ajal.<\/p>\n<\/li>\n<li>\n<h3>Tihendus<\/h3>\n<p>K\u00e4epidemes kasutatakse mitmesuguseid tihenduselemente, nagu kolvitihendid, vardatihendid jne, mis on valmistatud kulumiskindlatest materjalidest, nagu pol\u00fcuretaan ja nitriilkummi, ning silindri korpus ja keermestatud otsapinnad on peenelt t\u00f6\u00f6deldud, et parandada kulumiskindlust.<\/p>\n<\/li>\n<li>\n<h3>Vastupidavus<\/h3>\n<p>K\u00e4epideme silinder peaks olema valmistatud \u00fclitugevatest materjalidest, et parandada kulumiskindlust, korrosioonikindlust ja tagada pikaajaline kasutamine karmides keskkondades.<\/p>\n<\/li>\n<li>\n<h3>Ohutus<\/h3>\n<p>K\u00e4epideme silinder peaks olema varustatud kaitseventiilide ja muude kaitseseadmetega, et v\u00e4ltida \u00fclekoormust ja tagada ohutu t\u00f6\u00f6.<\/p>\n<\/li>\n<li>\n<h3>Hooldatavus<\/h3>\n<p>K\u00e4epideme silindri konstruktsioon peaks olema h\u00f5lpsasti hooldatav ja vahetatav, muutes regulaarse kontrolli ja hoolduse mugavamaks ning v\u00e4hendades seadmete seisakuid.<\/p>\n<\/li>\n<\/ul>\n<p><img decoding=\"async\" src=\"https:\/\/www.hydraulic-cylinders.net\/wp-content\/uploads\/2025\/01\/songte-cylinder-head-with-all-kinds-excavator-models.webp\" alt=\"Silindripea pilt\" \/><\/p>\n<h2>Tihendus ja m\u00e4\u00e4rimine<\/h2>\n<p>K\u00e4epideme silindris kasutatakse mitmesuguseid tihenduselemente, n\u00e4iteks kolvitihendeid, vardatihendeid jne, mis on valmistatud kulumiskindlatest materjalidest, nagu pol\u00fcuretaan ja nitriilkummi. Silindri korpus ja keermestatud otsapinnad on peenelt t\u00f6\u00f6deldud, et parandada kulumiskindlust. M\u00e4\u00e4rimiseks on vaja regulaarselt lisada sobivat h\u00fcdraulika\u00f5li.<\/p>\n<h2>Perioodiline kontroll ja ennetavad hooldusmeetmed<\/h2>\n<ul>\n<li>\n<p>Kontrollige regulaarselt \u00f5\u00f5tshoova silindri tihendusv\u00f5imet ning kolvivarda ja silindrih\u00fclsi kulumisastet.<\/p>\n<\/li>\n<li>\n<p>Puhastage regulaarselt \u00f5\u00f5tshoova silindrit ja eemaldage lisandid ja ladestused, n\u00e4iteks tolm ja \u00f5liplekid.<\/p>\n<\/li>\n<li>\n<p>Kontrollige h\u00fcdraulikas\u00fcsteemi t\u00f6\u00f6r\u00f5hku ja reguleerige see sobivasse vahemikku.<\/p>\n<\/li>\n<li>\n<p>Vahetage k\u00f5ik kulunud v\u00f5i kahjustatud osad \u00f5igeaegselt v\u00e4lja.<\/p>\n<\/li>\n<\/ul>\n<h2>Paigaldusjuhend<\/h2>\n<p>Enne paigaldamist on vaja puhastada h\u00fcdros\u00fcsteem ja kontrollida silindri, tihendi ja kolvivarda vastavust\u00e4psust. Paigaldamisel p\u00f6\u00f6rake t\u00e4helepanu silindri suunale ja asendile. K\u00e4ivitage h\u00fcdros\u00fcsteem ja kontrollige silindri j\u00f5udlust ja lekkeid.<\/p>\n<p><img decoding=\"async\" src=\"https:\/\/www.hydraulic-cylinders.net\/wp-content\/uploads\/2025\/01\/songte-bushings-with-all-kinds-of-excavator-models.webp\" alt=\"Pukside pilt\" \/><\/p>\n<h2>Ohutuskaalutlused ja keskkonnategurid<\/h2>\n<p>\u00d5\u00f5tshoova silindri kasutamisel tuleb \u00f5nnetuste v\u00e4ltimiseks rangelt j\u00e4rgida t\u00f6\u00f6protseduure ja ohutusjuhiseid. Veenduge, et h\u00fcdraulikas\u00fcsteemil on piisav r\u00f5hk ja vool ning h\u00fcdraulika\u00f5li on puhas ja lisanditevaba. P\u00f6\u00f6rake t\u00e4helepanu keskkonnateguritele, nagu temperatuur ja niiskus, ning v\u00e4ltige kasutamist \u00e4\u00e4rmuslikes keskkondades.<\/p>\n<h2>Veaotsing ja levinud probleemid<\/h2>\n<ul>\n<li>\n<p>Ebanormaalne m\u00fcra: kontrollige, kas silinder on kahjustatud, kas h\u00fcdraulika\u00f5li on puhas ja kas r\u00f5hk on normaalne.<\/p>\n<\/li>\n<li>\n<p>Aeglane liikumine: kontrollige, kas h\u00fcdraulika\u00f5li on liiga viskoosne v\u00f5i m\u00e4\u00e4rdunud ja kas r\u00f5hk on normaalne.<\/p>\n<\/li>\n<li>\n<p>Leke: kontrollige silindri tihendusv\u00f5imet ja h\u00fcdraulika\u00f5li puhtust.<\/p>\n<\/li>\n<li>\n<p>Ebapiisav v\u00e4ljundj\u00f5ud: kontrollige, kas h\u00fcdros\u00fcsteemil on piisav r\u00f5hk ja vooluhulk.<\/p>\n<\/li>\n<\/ul>\n<p>Veaotsinguks on vaja j\u00e4rgida tootja juhiseid ning kasutada sobivaid t\u00f6\u00f6riistu ja meetodeid. Ennetavate meetmetena on vaja regulaarselt kontrollida ja hooldada poomi silindrit ja h\u00fcdros\u00fcsteemi ning \u00f5igeaegselt v\u00e4lja vahetada k\u00f5ik kulunud v\u00f5i kahjustatud osad.<\/p>\n<p><img decoding=\"async\" src=\"https:\/\/www.hydraulic-cylinders.net\/wp-content\/uploads\/2025\/01\/songte-chushion-collar.webp\" alt=\"Padjakrae pilt\" \/><\/p>\n<h2>Meist<\/h2>\n<p>Oleme professionaalne asendush\u00fcdrauliliste silindrite tootja laia tootevalikuga. Oleme saanud \u00fcheks juhtivaks h\u00fcdrosilindrite tootjaks ja hulgim\u00fc\u00fcjaks nii sise- kui ka rahvusvahelisel turul. Peame alati kinni suurep\u00e4rase kvaliteedi p\u00f5him\u00f5ttest, tuginedes t\u00e4iustatud tootmist\u00f6\u00f6koja industrialiseeritud tootmisjuhtimise strateegiale, t\u00e4iustades pidevalt oma tehnoloogilist taset ja tootmise efektiivsust. Tipptasemel digitaalsete tootmisseadmete ja professionaalsete testimiss\u00fcsteemide juurutamise kaudu optimeerime tootmisplatvormi, t\u00e4iustame toote kvaliteedikontrolli protsessi ja omame tugevat innovatsiooniv\u00f5imet. Meie eesm\u00e4rk on rahuldada klientide mitmekesiseid vajadusi suure efektiivsuse, t\u00e4psuse ja k\u00f5rgete kvaliteedip\u00f5him\u00f5tete abil.<\/p>\n<p><img decoding=\"async\" src=\"https:\/\/www.hydraulic-cylinders.net\/wp-content\/uploads\/2025\/01\/songte-company-4.webp\" alt=\"Ettev\u00f5tte kuvand\" \/><\/p>\n<h2>Meie erialad<\/h2>\n<ul>\n<li>\n<p>Professionaalsus: Meil \u200b\u200bon meeskond spetsialiste, kellel on rikkalik kogemus h\u00fcdrauliliste silindrite tootmises ja hoolduses, pakkudes klientidele professionaalseid ja t\u00f5husaid teenuseid.<\/p>\n<\/li>\n<li>\n<p>Rahvusvaheline sertifitseerimine: Meie tooted on l\u00e4binud ISO9001 rahvusvahelise kvaliteedijuhtimiss\u00fcsteemi sertifikaadi ja CE-sertifikaadi, mis tagab toote kvaliteedi ja ohutuse.<\/p>\n<\/li>\n<li>\n<p>Kohandamisteenused: Pakume kohandatud teenuseid vastavalt kliendi vajadustele, sealhulgas silindri suuruse, kolvivarda pikkuse ja muude spetsifikatsioonide osas.<\/p>\n<\/li>\n<li>\n<p>Tootmisseadmed: Meil \u200b\u200bon t\u00e4iustatud tootmisseadmed, n\u00e4iteks CNC-treipingid, t\u00e4ppisfreespingid ja \u00fclit\u00e4psed lihvimismasinad.<\/p>\n<\/li>\n<li>\n<p>M\u00fc\u00fcgij\u00e4rgne teenindus: Pakume klientide rahulolu tagamiseks igak\u00fclgset m\u00fc\u00fcgij\u00e4rgset teenindust, nagu paigaldusjuhend, hooldus ja remont.<\/p>\n<\/li>\n<\/ul>\n<p><img decoding=\"async\" src=\"https:\/\/www.hydraulic-cylinders.net\/wp-content\/uploads\/2025\/01\/songte-company-3.webp\" alt=\"Ettev\u00f5tte kuvand\" \/><\/p>\n<p>Autor: lyl.<\/p>","protected":false},"excerpt":{"rendered":"<p>Arm Cylinder For Bonny CE1000-7 Product Overview The arm cylinder is a specialized hydraulic cylinder designed to provide linear motion and power to arms of various machinery such as excavators, cranes, and mechanical arms. It plays a crucial role in hydraulic systems, enabling the effective movement and control of attachments and accessories. These cylinders not [&hellip;]<\/p>","protected":false},"featured_media":14786,"comment_status":"open","ping_status":"closed","template":"","meta":{"_et_pb_use_builder":"","_et_pb_old_content":"","_et_gb_content_width":""},"product_brand":[],"product_cat":[1497],"product_tag":[1498,1496],"class_list":{"0":"post-16858","1":"product","2":"type-product","3":"status-publish","4":"has-post-thumbnail","6":"product_cat-arm-cylinders","7":"product_tag-arm-cylinders","8":"product_tag-hydraulic-cylinders","10":"first","11":"instock","12":"shipping-taxable","13":"product-type-simple"},"amp_enabled":true,"_links":{"self":[{"href":"https:\/\/www.hydraulic-cylinders.net\/et\/wp-json\/wp\/v2\/product\/16858","targetHints":{"allow":["GET"]}}],"collection":[{"href":"https:\/\/www.hydraulic-cylinders.net\/et\/wp-json\/wp\/v2\/product"}],"about":[{"href":"https:\/\/www.hydraulic-cylinders.net\/et\/wp-json\/wp\/v2\/types\/product"}],"replies":[{"embeddable":true,"href":"https:\/\/www.hydraulic-cylinders.net\/et\/wp-json\/wp\/v2\/comments?post=16858"}],"wp:featuredmedia":[{"embeddable":true,"href":"https:\/\/www.hydraulic-cylinders.net\/et\/wp-json\/wp\/v2\/media\/14786"}],"wp:attachment":[{"href":"https:\/\/www.hydraulic-cylinders.net\/et\/wp-json\/wp\/v2\/media?parent=16858"}],"wp:term":[{"taxonomy":"product_brand","embeddable":true,"href":"https:\/\/www.hydraulic-cylinders.net\/et\/wp-json\/wp\/v2\/product_brand?post=16858"},{"taxonomy":"product_cat","embeddable":true,"href":"https:\/\/www.hydraulic-cylinders.net\/et\/wp-json\/wp\/v2\/product_cat?post=16858"},{"taxonomy":"product_tag","embeddable":true,"href":"https:\/\/www.hydraulic-cylinders.net\/et\/wp-json\/wp\/v2\/product_tag?post=16858"}],"curies":[{"name":"wp","href":"https:\/\/api.w.org\/{rel}","templated":true}]}}