{"id":16868,"date":"2025-01-21T06:09:15","date_gmt":"2025-01-21T06:09:15","guid":{"rendered":"https:\/\/www.hydraulic-cylinders.net\/product\/arm-cylinder-for-bonny-ctd460-6\/"},"modified":"2025-01-21T06:09:17","modified_gmt":"2025-01-21T06:09:17","slug":"arm-cylinder-for-bonny-ctd460-6","status":"publish","type":"product","link":"https:\/\/www.hydraulic-cylinders.net\/et\/toode\/arm-cylinder-for-bonny-ctd460-6\/","title":{"rendered":"Bonny CTD460-6 \u00f5lavarre silinder"},"content":{"rendered":"<h1>Bonny CTD460-6 \u00f5lavarre silinder<\/h1>\n<h2>Sissejuhatus<\/h2>\n<p>H\u00fcdrovarre silinder on spetsiaalne h\u00fcdrauliline silinder, mida kasutatakse peamiselt lineaarse liikumise ja j\u00f5u tagamiseks erinevat t\u00fc\u00fcpi masinate, n\u00e4iteks ekskavaatorite, kraanade ja robotk\u00e4te k\u00e4epidemetele. H\u00fcdrovarre silinder m\u00e4ngib h\u00fcdraulikas\u00fcsteemides olulist rolli, v\u00f5imaldades kinnitatud t\u00f6\u00f6riistade v\u00f5i tarvikute t\u00f5husat liikumist ja juhtimist. Need silindrid mitte ainult ei taga sujuvat liikumist, vaid taluvad ka suuri koormusi, tagades masinate t\u00f5husa t\u00f6\u00f6 ja t\u00f6\u00f6kindluse erinevates t\u00f6\u00f6tingimustes.<\/p>\n<p><img decoding=\"async\" src=\"https:\/\/www.hydraulic-cylinders.net\/wp-content\/uploads\/2025\/01\/songte-company-2.webp\"><\/p>\n<h2>Omadused<\/h2>\n<ul>\n<li>\n<h3>T\u00f5hus j\u00f5u\u00fclekanne:<\/h3>\n<p> K\u00e4epideme silinder tagab tugeva lineaarse liikumise ja v\u00f5imsuse, tagades masina k\u00f5rge efektiivsuse.<\/li>\n<li>\n<h3>T\u00e4pne kontroll:<\/h3>\n<p> H\u00fcdraulilise s\u00fcsteemi abil saab k\u00e4sivarre silinder saavutada t\u00e4pse liikumise juhtimise, muutes kinnitatud t\u00f6\u00f6riistade t\u00f6\u00f6 paindlikumaks ja t\u00e4psemaks.<\/li>\n<li>\n<h3>K\u00f5rge vastupidavus:<\/h3>\n<p> K\u00e4epideme silindrid on tavaliselt valmistatud \u00fclitugevatest materjalidest, millel on hea kulumis- ja korrosioonikindlus, mist\u00f5ttu need sobivad pikaajaliseks kasutamiseks karmides keskkondades.<\/li>\n<li>\n<h3>Mitmeotstarbeline kohanemisv\u00f5ime:<\/h3>\n<p> Neid silindreid saab laialdaselt kasutada erinevat t\u00fc\u00fcpi masinates, n\u00e4iteks ekskavaatorites, kraanades ja robotk\u00e4tes, kohandudes erinevate t\u00f6\u00f6n\u00f5uetega.<\/li>\n<li>\n<h3>Lihtne hooldus:<\/h3>\n<p> Projekteerimisel on arvestatud hoolduse ja asendamise lihtsusega, muutes regulaarse kontrolli ja hoolduse mugavamaks ning v\u00e4hendades seadmete seisakuid.<\/li>\n<\/ul>\n<p>Me saame seda toodet toota ja meie tooted saavad neid h\u00fcdraulilisi silindreid ideaalselt asendada.<\/p>\n<p><img decoding=\"async\" src=\"https:\/\/www.hydraulic-cylinders.net\/wp-content\/uploads\/2025\/01\/songte-oil-pipes-and-spare-parts.webp\"><\/p>\n<h2>Rakendused<\/h2>\n<p>\u00d5\u00f5tsilindreid kasutatakse erinevates t\u00f6\u00f6stusharudes ja rakendustes, sealhulgas:<\/p>\n<ul>\n<li>\n<h3>Ehitus:<\/h3>\n<p> Ekskavaatorites ja kraanades kasutatakse poomisilindreid \u00e4mbrite v\u00f5i poomide liikumise juhtimiseks mullat\u00f6\u00f6del, materjalide k\u00e4itlemisel ja konstruktsioonide paigaldamisel.<\/li>\n<li>\n<h3>Tootmine:<\/h3>\n<p> Automatiseeritud tootmisliinidel kasutatakse robotk\u00e4te liigutamiseks k\u00e4sisilindreid montaa\u017ei-, keevitus- ja k\u00e4sitsemisprotsessides, parandades tootmise efektiivsust ja t\u00e4psust.<\/li>\n<li>\n<h3>P\u00f5llumajandustehnika:<\/h3>\n<p> P\u00f5llumajandusmasinates, n\u00e4iteks kombainides ja istutusmasinates, juhivad \u00f5\u00f5tshoobade liikumist \u00f5\u00f5tshoovad, t\u00e4ites selliseid \u00fclesandeid nagu k\u00fclvamine, v\u00e4etamine ja koristamine.<\/li>\n<li>\n<h3>Kaevandamine:<\/h3>\n<p> Kaevandusseadmetes kasutatakse maagi kaevandamise ja k\u00e4itlemise kaevandusseadmete k\u00e4e liikumise juhtimiseks k\u00e4e silindreid.<\/li>\n<li>\n<h3>Logistika ja transport:<\/h3>\n<p> Kahvelt\u00f5stukites ja robotites kasutatakse kahvlite t\u00f5stmise ja liikumise juhtimiseks, materjalide k\u00e4itlemiseks ja virnastamiseks k\u00e4sisilindreid.<\/li>\n<\/ul>\n<h2>Projekteerimiskaalutlused ja valikukriteeriumid<\/h2>\n<p>K\u00e4epideme silindri konstruktsioonis v\u00f5etakse arvesse selliseid v\u00f5tmetegureid nagu kandev\u00f5ime, tihendus, vastupidavus, ohutus ja hooldatavus. <\/p>\n<ul>\n<li>\n<h3>Kandev\u00f5ime:<\/h3>\n<p> K\u00e4epideme silinder peab suutma taluda sellele t\u00f6\u00f6tamise ajal avaldatavaid koormusi, tagades selle sujuva ja t\u00f5husa t\u00f6\u00f6.<\/li>\n<li>\n<h3>Tihendus:<\/h3>\n<p> Silinder peab olema t\u00f5husalt tihendatud, et v\u00e4ltida h\u00fcdraulilise vedeliku lekkimist ja v\u00e4liste prahtide p\u00f5hjustatud saastumist.<\/li>\n<li>\n<h3>Vastupidavus:<\/h3>\n<p> K\u00e4epideme silinder peaks olema valmistatud kvaliteetsetest materjalidest, mis taluvad karmi t\u00f6\u00f6keskkonda.<\/li>\n<li>\n<h3>Ohutus:<\/h3>\n<p> K\u00e4epideme silinder peab olema konstrueeritud nii, et see hoiaks \u00e4ra \u00f5nnetused ja vigastused nii t\u00f6\u00f6tajatele kui ka masinatele.<\/li>\n<li>\n<h3>Hooldatavus:<\/h3>\n<p> Projekteerimisel tuleb arvestada hoolduse ja asendamise lihtsusega, v\u00e4hendades seisakuid ja maksimeerides tootlikkust.<\/li>\n<\/ul>\n<p><img decoding=\"async\" src=\"https:\/\/www.hydraulic-cylinders.net\/wp-content\/uploads\/2025\/01\/songte-cylinder-head-with-all-kinds-excavator-models.webp\"><\/p>\n<h2>Tihendus ja m\u00e4\u00e4rimine<\/h2>\n<p>Kangisilindrites kasutatakse mitmesuguseid tihenduskomponente, n\u00e4iteks kolvitihendeid ja vardatihendeid, mis on valmistatud kulumiskindlatest materjalidest, n\u00e4iteks pol\u00fcuretaanist ja nitriilkummist. Silindri korpus ja keermestatud otsapinnad on peenelt t\u00f6\u00f6deldud, et parandada kulumiskindlust. Regulaarne hooldus h\u00f5lmab sobiva koguse h\u00fcdraulika\u00f5li lisamist m\u00e4\u00e4rimiseks.<\/p>\n<h2>Ennetav hooldus ja t\u00f5rkeotsing<\/h2>\n<p>Regulaarne kontroll ja ennetav hooldus on h\u00e4davajalikud, et tagada silindri t\u00f5rgeteta t\u00f6\u00f6. Levinud probleeme, nagu h\u00fcdraulikavedeliku leke, silindri triiv ja v\u00e4henenud efektiivsus, saab diagnoosida ja lahendada sobivate t\u00f5rkeotsingu meetodite abil. V\u00f5imalike probleemide ennetamise meetmete hulka kuuluvad silindri puhtana hoidmine, n\u00f5uetekohase paigaldamise ja kinnitamise tagamine ning soovitatud hooldusgraafikute j\u00e4rgimine.<\/p>\n<p><img decoding=\"async\" src=\"https:\/\/www.hydraulic-cylinders.net\/wp-content\/uploads\/2025\/01\/songte-chushion-collar.webp\"><\/p>\n<h2>Paigaldusjuhend<\/h2>\n<p>K\u00e4epideme korrektseks paigaldamiseks j\u00e4rgige tootja juhiseid ja pidage kinni asjakohastest ohutusabin\u00f5udest. Kontrollige seadmete \u00fchilduvust ja veenduge, et k\u00f5ik kinnituspunktid on kindlalt paigas ja heas seisukorras. Enne kasutamist tehke silindri n\u00f5uetekohase toimimise tagamiseks funktsionaalsustest.<\/p>\n<h2>Meist<\/h2>\n<p>Oleme professionaalne asendush\u00fcdrauliliste silindrite tootja laia tootevalikuga ning \u00fcks juhtivaid h\u00fcdrauliliste silindrite tootjaid ja hulgim\u00fc\u00fcjaid nii sise- kui ka rahvusvahelisel turul. L\u00e4htume alati tipptaseme p\u00f5him\u00f5ttest, tuginedes industrialiseeritud tootmisjuhtimise strateegiatele peenvalmistatud t\u00f6\u00f6kodades, et pidevalt parandada oma tehnilist taset ja tootmise efektiivsust. Tipptasemel digitaalsete tootmisseadmete ja professionaalsete testimiss\u00fcsteemide juurutamisega optimeerime tootmisplatvormi ja parandame toote kvaliteedikontrolli protsessi, omades tugevat innovatsiooniv\u00f5imet. Meie eesm\u00e4rk on rahuldada klientide mitmekesiseid vajadusi t\u00f5hususe, t\u00e4psuse ja k\u00f5rge kvaliteediga.<\/p>\n<ul>\n<li>\n<h3>Professionaalsus:<\/h3>\n<p> Meil on kogenud ja professionaalsete inseneride ja tehnikute meeskond, kes on spetsialiseerunud h\u00fcdrauliliste silindrite projekteerimisele, tootmisele ja kvaliteedikontrollile.<\/li>\n<li>\n<h3>Rahvusvaheline sertifitseerimine:<\/h3>\n<p> Meie tooted on l\u00e4binud mitmesuguseid riiklikke ja rahvusvahelisi kvaliteedisertifikaate, n\u00e4iteks ISO9001:2015, CE ja SGS.<\/li>\n<li>\n<h3>Kohandamise teenused:<\/h3>\n<p> Pakume kohandatud teenuseid, et rahuldada klientide erivajadusi.<\/li>\n<li>\n<h3>Tootmisseadmed:<\/h3>\n<p> Kasutame oma toodete k\u00f5rge t\u00e4psuse ja j\u00e4rjepidevuse tagamiseks t\u00e4iustatud ja tipptasemel digitaalseid tootmisseadmeid, nagu CNC-treipingid ja t\u00f6\u00f6tluskeskused.<\/li>\n<li>\n<h3>M\u00fc\u00fcgij\u00e4rgne teenindus:<\/h3>\n<p> Pakume igak\u00fclgset ja professionaalset m\u00fc\u00fcgij\u00e4rgset teenindust, nagu tehniline tugi, tootehooldus ja garantii.<\/li>\n<\/ul>\n<p><img decoding=\"async\" src=\"https:\/\/www.hydraulic-cylinders.net\/wp-content\/uploads\/2025\/01\/songte-company-4.webp\"><\/p>\n<p><img decoding=\"async\" src=\"https:\/\/www.hydraulic-cylinders.net\/wp-content\/uploads\/2025\/01\/songte-company-3.webp\"><\/p>\n<footer>Autor: lyl.<\/footer>","protected":false},"excerpt":{"rendered":"<p>Arm Cylinder For Bonny CTD460-6 Introduction An arm cylinder is a specialized hydraulic cylinder that is primarily used to provide linear motion and power to the arms of various types of machinery such as excavators, cranes, and robotic arms. The arm cylinder plays a critical role in hydraulic systems, allowing for effective movement and control [&hellip;]<\/p>","protected":false},"featured_media":14786,"comment_status":"open","ping_status":"closed","template":"","meta":{"_et_pb_use_builder":"","_et_pb_old_content":"","_et_gb_content_width":""},"product_brand":[],"product_cat":[1497],"product_tag":[1498,1496],"class_list":{"0":"post-16868","1":"product","2":"type-product","3":"status-publish","4":"has-post-thumbnail","6":"product_cat-arm-cylinders","7":"product_tag-arm-cylinders","8":"product_tag-hydraulic-cylinders","10":"first","11":"instock","12":"shipping-taxable","13":"product-type-simple"},"amp_enabled":true,"_links":{"self":[{"href":"https:\/\/www.hydraulic-cylinders.net\/et\/wp-json\/wp\/v2\/product\/16868","targetHints":{"allow":["GET"]}}],"collection":[{"href":"https:\/\/www.hydraulic-cylinders.net\/et\/wp-json\/wp\/v2\/product"}],"about":[{"href":"https:\/\/www.hydraulic-cylinders.net\/et\/wp-json\/wp\/v2\/types\/product"}],"replies":[{"embeddable":true,"href":"https:\/\/www.hydraulic-cylinders.net\/et\/wp-json\/wp\/v2\/comments?post=16868"}],"wp:featuredmedia":[{"embeddable":true,"href":"https:\/\/www.hydraulic-cylinders.net\/et\/wp-json\/wp\/v2\/media\/14786"}],"wp:attachment":[{"href":"https:\/\/www.hydraulic-cylinders.net\/et\/wp-json\/wp\/v2\/media?parent=16868"}],"wp:term":[{"taxonomy":"product_brand","embeddable":true,"href":"https:\/\/www.hydraulic-cylinders.net\/et\/wp-json\/wp\/v2\/product_brand?post=16868"},{"taxonomy":"product_cat","embeddable":true,"href":"https:\/\/www.hydraulic-cylinders.net\/et\/wp-json\/wp\/v2\/product_cat?post=16868"},{"taxonomy":"product_tag","embeddable":true,"href":"https:\/\/www.hydraulic-cylinders.net\/et\/wp-json\/wp\/v2\/product_tag?post=16868"}],"curies":[{"name":"wp","href":"https:\/\/api.w.org\/{rel}","templated":true}]}}