{"id":16871,"date":"2025-01-21T06:09:27","date_gmt":"2025-01-21T06:09:27","guid":{"rendered":"https:\/\/www.hydraulic-cylinders.net\/product\/arm-cylinder-for-bonny-waydq50-5\/"},"modified":"2025-01-21T06:09:29","modified_gmt":"2025-01-21T06:09:29","slug":"arm-cylinder-for-bonny-waydq50-5","status":"publish","type":"product","link":"https:\/\/www.hydraulic-cylinders.net\/et\/toode\/arm-cylinder-for-bonny-waydq50-5\/","title":{"rendered":"Bonny WAYDQ50-5 k\u00e4epideme silinder"},"content":{"rendered":"<h1>Bonny WAYDQ50-5 k\u00e4epideme silinder<\/h1>\n<h2>Sissejuhatus<\/h2>\n<p>H\u00fcdrovarda silinder on spetsiaalselt konstrueeritud h\u00fcdrauliline silinder, mida kasutatakse lineaarse liikumise ja j\u00f5u tagamiseks erinevat t\u00fc\u00fcpi masinavarrastele, n\u00e4iteks ekskavaatoritele, kraanadele ja mehaanilistele varrastele. H\u00fcdrovarda silinder m\u00e4ngib h\u00fcdraulikas\u00fcsteemis olulist rolli, v\u00f5imaldades t\u00e4iendavatel t\u00f6\u00f6riistadel v\u00f5i lisaseadmetel t\u00f5husalt liikuda ja juhtida. Need silindrid mitte ainult ei taga sujuvat liikumist, vaid kannavad ka suuri koormusi, tagades masina t\u00f5husa t\u00f6\u00f6 ja t\u00f6\u00f6kindluse erinevates t\u00f6\u00f6tingimustes.<\/p>\n<p><img decoding=\"async\" src=\"https:\/\/www.hydraulic-cylinders.net\/wp-content\/uploads\/2025\/01\/songte-company-2.webp\" alt=\"K\u00e4e silinder\" \/><\/p>\n<h2>Omadused<\/h2>\n<ul>\n<li>T\u00f5hus j\u00f5u\u00fclekanne: \u00d5\u00f5tshoova silinder tagab v\u00f5imsa lineaarse liikumise ja j\u00f5u, et tagada mehaanilise \u00f5\u00f5tsa k\u00f5rge efektiivsus erinevates toimingutes.<\/li>\n<li>T\u00e4pne juhtimine: H\u00fcdraulilise s\u00fcsteemi abil saab k\u00e4sivarre silinder saavutada t\u00e4pse liikumise juhtimise, muutes lisat\u00f6\u00f6riistade t\u00f6\u00f6 paindlikumaks ja t\u00e4psemaks.<\/li>\n<li>Tugev vastupidavus: \u00d5\u00f5tshoova silindrid on tavaliselt valmistatud \u00fclitugevatest materjalidest, neil on hea kulumiskindlus ja korrosioonikindlus ning need sobivad pikaajaliseks kasutamiseks karmides keskkondades.<\/li>\n<li>Mitmeotstarbeline kohanemisv\u00f5ime: Neid silindreid saab laialdaselt kasutada erinevates mehaanilistes seadmetes, nagu ekskavaatorid, kraanad ja mehaanilised k\u00e4ed, et t\u00e4ita erinevaid t\u00f6\u00f6n\u00f5udeid.<\/li>\n<li>Lihtne hooldus: Lihtsaks hoolduseks ja vahetamiseks loodud regulaarsed kontrollid ja hooldus on muutunud mugavamaks, v\u00e4hendades seadmete seisakuid.<\/li>\n<\/ul>\n<p>Me saame seda toodet toota ja see saab neid h\u00fcdraulilisi silindreid ideaalselt asendada.<\/p>\n<p><img decoding=\"async\" src=\"https:\/\/www.hydraulic-cylinders.net\/wp-content\/uploads\/2025\/01\/songte-oil-pipes-and-spare-parts.webp\" alt=\"Silindri osad\" \/><\/p>\n<h2>Rakendused<\/h2>\n<p>K\u00e4epideme silindrit kasutatakse laialdaselt erinevates t\u00f6\u00f6stusharudes erinevate rakenduste jaoks:<\/p>\n<h3>Ehitus<\/h3>\n<p>Ekskavaatorites ja kraanades kasutatakse poomisilindrit kopa v\u00f5i poomi liikumise juhtimiseks mullat\u00f6\u00f6del, materjalide k\u00e4itlemisel ja konstruktsioonide paigaldamisel.<\/p>\n<h3>Tootmine<\/h3>\n<p>Automatiseeritud tootmisliinidel kasutatakse \u00f5lasilindrit mehaaniliste \u00f5la liigutamiseks, montaa\u017eiks, keevitamiseks ja k\u00e4sitsemistoiminguteks, et parandada tootmise efektiivsust ja t\u00e4psust.<\/p>\n<h3>P\u00f5llumajandustehnika<\/h3>\n<p>P\u00f5llumajandusmasinates, n\u00e4iteks kombainides ja k\u00fclvikutes, juhib \u00f5la silinder juhthoova liikumist selliste \u00fclesannete t\u00e4itmiseks nagu k\u00fclvamine, v\u00e4etamine ja koristamine.<\/p>\n<h3>Kaevandamine<\/h3>\n<p>Kaevandusseadmetes juhib poomi silinder kaevandusseadme poomi liikumist kaevandamise ja materjalide k\u00e4itlemise toimingute tegemiseks.<\/p>\n<h3>Logistika ja transport<\/h3>\n<p>Kahvelt\u00f5stukites ja robotites kasutatakse kahvli t\u00f5stmise ja liikumise juhtimiseks k\u00e4e silindrit, teostades materjalide k\u00e4itlemist ja virnastamist.<\/p>\n<p><img decoding=\"async\" src=\"https:\/\/www.hydraulic-cylinders.net\/wp-content\/uploads\/2025\/01\/songte-chushion-collar.webp\" alt=\"Silindri osad\" \/><\/p>\n<h2>Projekteerimiskaalutlused ja valikukriteeriumid<\/h2>\n<ul>\n<li>Kandev\u00f5ime: Pooliha silinder peaks suutma taluda masina pooliha maksimaalset koormust.<\/li>\n<li>Tihendus: Tihendusv\u00f5ime tagamiseks kasutatakse mitmesuguseid tihenduselemente, n\u00e4iteks kolvitihendeid ja varrastihendeid, mis on valmistatud kulumiskindlatest materjalidest, n\u00e4iteks pol\u00fcuretaanist ja nitriilkummist.<\/li>\n<li>Vastupidavus: Silindri korpus ja keermestatud otsapind on peenelt t\u00f6\u00f6deldud, et parandada kulumiskindlust.<\/li>\n<li>Ohutus: Balloon peaks olema konstrueeritud ohutusfunktsioonidega, n\u00e4iteks \u00fcler\u00f5huventiilidega, et v\u00e4ltida \u00fcler\u00f5hu v\u00f5i \u00fclekoormuse tekitatud kahjustusi.<\/li>\n<li>Hooldus: Silindri konstruktsioonil peaks olema arvestatud lihtsa hoolduse ja asendamisega, et v\u00e4hendada seadmete seisakuid.<\/li>\n<\/ul>\n<p><img decoding=\"async\" src=\"https:\/\/www.hydraulic-cylinders.net\/wp-content\/uploads\/2025\/01\/songte-cylinder-head-with-all-kinds-excavator-models.webp\" alt=\"Silindri osad\" \/><\/p>\n<h2>Tihendus ja m\u00e4\u00e4rimine<\/h2>\n<p>Tihendusv\u00f5ime tagamiseks kasutatakse mitmesuguseid tihenduselemente, n\u00e4iteks kolvitihendeid ja varrastihendeid, mis on valmistatud kulumiskindlatest materjalidest, n\u00e4iteks pol\u00fcuretaanist ja nitriilkummist. Silindri korpus ja keermestatud otsapind on peenelt t\u00f6\u00f6deldud, et parandada kulumiskindlust. Silindri m\u00e4\u00e4rimiseks ja kaitsmiseks on vaja regulaarselt lisada sobivat h\u00fcdraulika\u00f5li.<\/p>\n<h2>Hooldus ja remont<\/h2>\n<ul>\n<li>Silindrite ja h\u00fcdraulikas\u00fcsteemide regulaarne kontroll on vajalik n\u00f5uetekohase t\u00f6\u00f6 tagamiseks ja v\u00f5imalike probleemide tuvastamiseks.<\/li>\n<li>Ennetav hooldus, n\u00e4iteks puhastamine ja m\u00e4\u00e4rimine, aitab v\u00e4hendada seadmete rikkeid ja pikendada nende kasutusiga.<\/li>\n<li>Rikke korral saab \u00f5igeaegselt diagnoosida ja parandada, et minimeerida seisakuid ja v\u00e4hendada hoolduskulusid.<\/li>\n<\/ul>\n<p><img decoding=\"async\" src=\"https:\/\/www.hydraulic-cylinders.net\/wp-content\/uploads\/2025\/01\/songte-bushings-with-all-kinds-of-excavator-models.webp\" alt=\"Silindri osad\" \/><\/p>\n<h2>Paigaldusjuhend<\/h2>\n<p>Enne paigaldamist veenduge, et k\u00f5ik osad on puhtad ja et neil pole kahjustusi ega deformatsioone. Paigaldage silinder vastavalt tootja antud paigaldusjuhistele. \u00dchendus tuleb pingutada etten\u00e4htud p\u00f6\u00f6rdemomendiga. P\u00e4rast paigaldamist kontrollige s\u00fcsteemi lekete ja n\u00f5uetekohase toimimise suhtes.<\/p>\n<h2>Ohutuskaalutlused ja keskkonnategurid<\/h2>\n<p>The arm cylinder should be operated in strict accordance with the manufacturer&#8217;s instructions to avoid accidents. Also, safety measures such as pressure relief valves should be installed to ensure safe operation. In terms of environmental factors, cylinders should be properly disposed of and recycled to reduce environmental pollution.<\/p>\n<h2>Veaotsing ja levinud probleemid<\/h2>\n<ul>\n<li>Leke: Lekke v\u00f5ivad p\u00f5hjustada kahjustatud tihendid v\u00f5i l\u00f5dvad \u00fchendused. Vajadusel pingutage \u00fchendus v\u00f5i vahetage tihend v\u00e4lja.<\/li>\n<li>Ebapiisav v\u00f5imsus: Selle p\u00f5hjuseks v\u00f5ib olla madal h\u00fcdrauliline r\u00f5hk, ebapiisav \u00f5livarustus v\u00f5i kahjustatud silinder. Kontrollige ja parandage h\u00fcdraulikas\u00fcsteemi v\u00f5i vajadusel vahetage silinder v\u00e4lja.<\/li>\n<li>Ebanormaalne m\u00fcra: Ebanormaalne m\u00fcra v\u00f5ib olla tingitud kahjustatud osadest v\u00f5i ebapiisavast m\u00e4\u00e4rimisest. Kontrollige ja vahetage kahjustatud osad v\u00e4lja v\u00f5i lisage vajadusel m\u00e4\u00e4rdeainet.<\/li>\n<\/ul>\n<p>Refer to the manufacturer&#8217;s instructions for more specific troubleshooting and repair methods.<\/p>\n<p><img decoding=\"async\" src=\"https:\/\/www.hydraulic-cylinders.net\/wp-content\/uploads\/2025\/01\/songte-company-4.webp\" alt=\"Ettev\u00f5te\" \/><br \/>\n<img decoding=\"async\" src=\"https:\/\/www.hydraulic-cylinders.net\/wp-content\/uploads\/2025\/01\/songte-company-3.webp\" alt=\"Ettev\u00f5te\" \/><\/p>\n<h2>Meie ettev\u00f5ttest<\/h2>\n<p>We are a professional manufacturer of replacement hydraulic cylinders, with a wide range of products and have become one of the leading hydraulic cylinder manufacturers and wholesale distributors in domestic and foreign markets. We always adhere to the principle of excellent quality and rely on the industrialized production management strategy of precise manufacturing workshops to continuously improve our technology and production efficiency. We have strong innovation capabilities through the introduction of high-end digital manufacturing equipment and professional testing systems. Our goal is to meet customers&#8217; diversified needs with high efficiency, precision, and high-quality principles.<\/p>\n<h3>Professionaalsus<\/h3>\n<p>Meie ettev\u00f5ttel on professionaalne meeskond, kellel on rikkalikud kogemused teadus- ja arendustegevuses, disainis, tootmises ja teeninduses, et tagada meie klientidele k\u00f5ige professionaalsem teenindus ja tugi.<\/p>\n<h3>Rahvusvaheline sertifitseerimine<\/h3>\n<p>Meie tooted on l\u00e4binud rahvusvahelised sertifikaadid nagu ISO9001 ja CE, mis n\u00e4itab meie k\u00f5rgeid kvaliteedistandardeid ja toote usaldusv\u00e4\u00e4rsust.<\/p>\n<h3>Kohandamise teenus<\/h3>\n<p>Pakume kohandatud teenuseid, et rahuldada erinevate klientide n\u00f5udeid, sealhulgas suurus, r\u00f5hk, materjal, pinnat\u00f6\u00f6tlus ja muud parameetrid.<\/p>\n<h3>Tootmisseadmed<\/h3>\n<p>Meie ettev\u00f5ttel on t\u00e4iustatud tootmisseadmed, sealhulgas CNC-treipingid, t\u00f6\u00f6tlemiskeskused, puurmasinad, lihvimismasinad ja muud spetsiaalsed seadmed.<\/p>\n<h3>M\u00fc\u00fcgij\u00e4rgne teenindus<\/h3>\n<p>Pakume igak\u00fclgset m\u00fc\u00fcgij\u00e4rgset teenindust ja tehnilist tuge, et kliendid saaksid lahendada k\u00f5ik meie toodete kasutamisel tekkinud probleemid.<\/p>\n<p><img decoding=\"async\" src=\"https:\/\/www.hydraulic-cylinders.net\/wp-content\/uploads\/2025\/01\/songte-company-4.webp\" alt=\"Ettev\u00f5te\" \/><\/p>\n<p>Autor: lyl<\/p>","protected":false},"excerpt":{"rendered":"<p>Arm Cylinder For Bonny WAYDQ50-5 Introduction The arm cylinder is a specially designed hydraulic cylinder used to provide linear motion and power to various types of machine arms, such as excavators, cranes, and mechanical arms. The arm cylinder plays a crucial role in the hydraulic system, allowing additional tools or attachments to move and control [&hellip;]<\/p>","protected":false},"featured_media":14777,"comment_status":"open","ping_status":"closed","template":"","meta":{"_et_pb_use_builder":"","_et_pb_old_content":"","_et_gb_content_width":""},"product_brand":[],"product_cat":[1497],"product_tag":[1498,1496],"class_list":{"0":"post-16871","1":"product","2":"type-product","3":"status-publish","4":"has-post-thumbnail","6":"product_cat-arm-cylinders","7":"product_tag-arm-cylinders","8":"product_tag-hydraulic-cylinders","10":"first","11":"instock","12":"shipping-taxable","13":"product-type-simple"},"amp_enabled":true,"_links":{"self":[{"href":"https:\/\/www.hydraulic-cylinders.net\/et\/wp-json\/wp\/v2\/product\/16871","targetHints":{"allow":["GET"]}}],"collection":[{"href":"https:\/\/www.hydraulic-cylinders.net\/et\/wp-json\/wp\/v2\/product"}],"about":[{"href":"https:\/\/www.hydraulic-cylinders.net\/et\/wp-json\/wp\/v2\/types\/product"}],"replies":[{"embeddable":true,"href":"https:\/\/www.hydraulic-cylinders.net\/et\/wp-json\/wp\/v2\/comments?post=16871"}],"wp:featuredmedia":[{"embeddable":true,"href":"https:\/\/www.hydraulic-cylinders.net\/et\/wp-json\/wp\/v2\/media\/14777"}],"wp:attachment":[{"href":"https:\/\/www.hydraulic-cylinders.net\/et\/wp-json\/wp\/v2\/media?parent=16871"}],"wp:term":[{"taxonomy":"product_brand","embeddable":true,"href":"https:\/\/www.hydraulic-cylinders.net\/et\/wp-json\/wp\/v2\/product_brand?post=16871"},{"taxonomy":"product_cat","embeddable":true,"href":"https:\/\/www.hydraulic-cylinders.net\/et\/wp-json\/wp\/v2\/product_cat?post=16871"},{"taxonomy":"product_tag","embeddable":true,"href":"https:\/\/www.hydraulic-cylinders.net\/et\/wp-json\/wp\/v2\/product_tag?post=16871"}],"curies":[{"name":"wp","href":"https:\/\/api.w.org\/{rel}","templated":true}]}}