{"id":16885,"date":"2025-01-21T06:10:28","date_gmt":"2025-01-21T06:10:28","guid":{"rendered":"https:\/\/www.hydraulic-cylinders.net\/product\/arm-cylinder-for-baoding-wy65-8\/"},"modified":"2025-01-21T06:10:30","modified_gmt":"2025-01-21T06:10:30","slug":"arm-cylinder-for-baoding-wy65-8","status":"publish","type":"product","link":"https:\/\/www.hydraulic-cylinders.net\/et\/toode\/arm-cylinder-for-baoding-wy65-8\/","title":{"rendered":"Baodingi WY65-8 k\u00e4epideme silinder"},"content":{"rendered":"<h1>Baodingi WY65-8 k\u00e4epideme silinder<\/h1>\n<h2>Sissejuhatus<\/h2>\n<p>H\u00fcdrovarre silinder on spetsiaalselt loodud h\u00fcdrauliline silinder, mis tagab lineaarse liikumise ja j\u00f5u erinevat t\u00fc\u00fcpi masinate, n\u00e4iteks ekskavaatorite, kraanade ja robotk\u00e4sivarte k\u00e4sivartele. K\u00e4sivarre silindritel on h\u00fcdraulikas\u00fcsteemides oluline roll, v\u00f5imaldades lisaseadmete v\u00f5i tarvikute t\u00f5husat liikumist ja juhtimist. Need silindrid mitte ainult ei taga sujuvat liikumist, vaid taluvad ka suuri koormusi, tagades masinate t\u00f5husa t\u00f6\u00f6 ja t\u00f6\u00f6kindluse erinevates t\u00f6\u00f6tingimustes.<\/p>\n<p><img decoding=\"async\" src=\"https:\/\/www.hydraulic-cylinders.net\/wp-content\/uploads\/2025\/01\/songte-company-2.webp\"><\/p>\n<h2>Omadused<\/h2>\n<ul>\n<li>T\u00f5hus j\u00f5u\u00fclekanne: \u00d5\u00f5tsilinder tagab v\u00f5imsa lineaarse liikumise ja j\u00f5u, tagades mehaanilise \u00f5\u00f5tsa suure j\u00f5udluse ja efektiivsuse erinevates toimingutes.<\/li>\n<li>T\u00e4pne juhtimine: H\u00fcdraulilise s\u00fcsteemi abil saab \u00f5lavarre silinder saavutada t\u00e4pse liikumise juhtimise, muutes lisaseadmete t\u00f6\u00f6 paindlikumaks ja t\u00e4psemaks.<\/li>\n<li>Suur vastupidavus: K\u00e4epideme silindrid on tavaliselt valmistatud \u00fclitugevatest materjalidest, millel on hea kulumiskindlus ja korrosioonikindlus ning mis sobivad pikaajaliseks kasutamiseks karmides keskkondades.<\/li>\n<li>Mitmeotstarbeline kohanemisv\u00f5ime: Neid silindreid saab laialdaselt kasutada erinevates mehaanilistes seadmetes, n\u00e4iteks ekskavaatorites, kraanades ja robotk\u00e4tes, et kohaneda erinevate t\u00f6\u00f6vajadustega.<\/li>\n<li>Lihtne hooldus: disain on arvestanud lihtsa hoolduse ja asendamisega, muutes regulaarse kontrolli ja hoolduse mugavamaks ning v\u00e4hendades seadmete seisakuid.<\/li>\n<\/ul>\n<p>Me saame seda toodet toota ja meie toode saab neid h\u00fcdrosilindreid ideaalselt asendada.<\/p>\n<p><img decoding=\"async\" src=\"https:\/\/www.hydraulic-cylinders.net\/wp-content\/uploads\/2025\/01\/songte-oil-pipes-and-spare-parts.webp\"><\/p>\n<h2>Rakendused<\/h2>\n<p>K\u00e4epideme silindreid kasutatakse erinevates t\u00f6\u00f6stusharudes, sealhulgas:<\/p>\n<ul>\n<li>Ehitus: Ekskavaatorites ja kraanades kasutatakse koppade v\u00f5i poomide liikumise juhtimiseks mullat\u00f6\u00f6de, materjalide k\u00e4itlemise ja konstruktsioonide paigaldamise ajal \u00f5\u00f5tsilindreid.<\/li>\n<li>Tootmine: Automatiseeritud tootmisliinidel kasutatakse robotk\u00e4sivarte liigutamiseks montaa\u017ei-, keevitus- ja materjalik\u00e4itlusprotsessides k\u00e4sisilindreid, parandades tootmise efektiivsust ja t\u00e4psust.<\/li>\n<li>P\u00f5llumajandustehnika: P\u00f5llumajandustehnikas, n\u00e4iteks kombainides ja istutusmasinates, juhivad \u00f5\u00f5tssilindrid t\u00f6\u00f6\u00f5lgade liikumist selliste \u00fclesannete t\u00e4itmiseks nagu k\u00fclvamine, v\u00e4etamine ja koristamine.<\/li>\n<li>Kaevandamine: Kaevandusseadmetes kasutatakse k\u00e4sisilindreid kaevandusseadmete k\u00e4e liikumise juhtimiseks, maagi kaevandamiseks ja k\u00e4itlemiseks.<\/li>\n<li>Logistika ja transport: Kahvelt\u00f5stukites ja teisaldamisrobotites kasutatakse kahvlite t\u00f5stmise ja liikumise juhtimiseks, materjalide kandmiseks ja virnastamiseks k\u00e4sisilindreid.<\/li>\n<\/ul>\n<h2>Projekteerimis- ja valikukriteeriumid<\/h2>\n<p>K\u00e4epidemete silindrite projekteerimisel on arvestatud mitmesuguste kaalutlustega, n\u00e4iteks:<\/p>\n<ul>\n<li>Kandev\u00f5ime: Poolisilinder peaks suutma taluda masina ja lisaseadmete maksimaalset koormust.<\/li>\n<li>Tihendusv\u00f5ime: Hea tihendusv\u00f5ime tagamiseks peaks \u00f5\u00f5tshoova silinder kasutama mitmesuguseid tihenduskomponente, n\u00e4iteks kolvitihendeid ja vardatihendeid, mis on valmistatud kulumiskindlatest materjalidest, n\u00e4iteks pol\u00fcuretaanist ja nitriilkummist.<\/li>\n<li>Vastupidavus: Silindri korpus ja keermestatud otsapind tuleks kulumiskindluse parandamiseks peenelt t\u00f6\u00f6delda.<\/li>\n<li>Ohutus: K\u00e4epideme silindril peaksid olema ohutusmeetmed, n\u00e4iteks \u00fcler\u00f5huventiil ja kaitseventiil, et v\u00e4ltida \u00fclekoormust ning tagada personali ja seadmete ohutus.<\/li>\n<li>Hooldatavus: \u00d5\u00f5tsilinder peaks olema konstrueeritud h\u00f5lpsaks hoolduseks ja remondiks, n\u00e4iteks kasutades eemaldatavaid komponente ja h\u00f5lpsasti vahetatavaid tihendeid.<\/li>\n<\/ul>\n<p><img decoding=\"async\" src=\"https:\/\/www.hydraulic-cylinders.net\/wp-content\/uploads\/2025\/01\/songte-cylinder-head-with-all-kinds-excavator-models.webp\"><\/p>\n<h2>Tihendus ja m\u00e4\u00e4rimine<\/h2>\n<p>\u00d5\u00f5tshoova silindris kasutatakse mitmesuguseid tihenduskomponente, n\u00e4iteks kolvitihendeid, vardatihendeid ja kulumisr\u00f5ngaid, mis on valmistatud kulumiskindlatest materjalidest, n\u00e4iteks pol\u00fcuretaanist ja nitriilkummist, et tagada hea tihendusv\u00f5ime. Silindri korpus ja keermestatud otsapind on peenelt t\u00f6\u00f6deldud, et parandada kulumiskindlust. \u00d5\u00f5tshoova silindrit tuleb regulaarselt m\u00e4\u00e4rida sobiva h\u00fcdraulika\u00f5liga, et s\u00e4ilitada sujuv t\u00f6\u00f6 ja pikendada kasutusiga.<\/p>\n<h2>Hooldus ja ennetavad hooldusmeetmed<\/h2>\n<p>K\u00e4epideme silindrit tuleks regulaarselt kontrollida ja hooldada, et tagada selle normaalne t\u00f6\u00f6, ning v\u00f5tta ennetavaid hooldusmeetmeid, sealhulgas:<\/p>\n<ul>\n<li>Kontrollige ja vahetage tihenduskomponente regulaarselt.<\/li>\n<li>Kontrollige regulaarselt ja lisage sobivat h\u00fcdraulika\u00f5li.<\/li>\n<li>Kontrollige ja reguleerige regulaarselt \u00fcler\u00f5huventiili ja kaitseventiili.<\/li>\n<li>Kontrollige ja puhastage regulaarselt silindri korpust ja keermestatud otsa pinda.<\/li>\n<li>Kontrollige ja pingutage keermestatud \u00fchendusi regulaarselt.<\/li>\n<\/ul>\n<h2>Paigaldusjuhend<\/h2>\n<p>Enne paigaldamist lugege hoolikalt l\u00e4bi paigaldusjuhised ja ettevaatusabin\u00f5ud, valmistage ette vajalikud t\u00f6\u00f6riistad ja materjalid ning j\u00e4rgige rangelt paigaldusjuhiseid, sealhulgas:<\/p>\n<ul>\n<li>Veenduge, et paigalduspind oleks puhas ja tasane.<\/li>\n<li>Paigaldage \u00f5lavarre silinder vastavalt m\u00e4\u00e4ratud suunale ja asendile.<\/li>\n<li>Poltide ja mutrite pingutamiseks kasutage etten\u00e4htud p\u00f6\u00f6rdemomenti.<\/li>\n<li>Kontrollige tihendusv\u00f5imet ja h\u00fcdraulikas\u00fcsteemi t\u00f6\u00f6d.<\/li>\n<\/ul>\n<p><img decoding=\"async\" src=\"https:\/\/www.hydraulic-cylinders.net\/wp-content\/uploads\/2025\/01\/songte-bushings-with-all-kinds-of-excavator-models.webp\"><\/p>\n<h2>Ohutuskaalutlused ja keskkonnategurid<\/h2>\n<p>K\u00e4epidemete kasutamisel tuleb kehavigastuste ja seadmete kahjustuste v\u00e4ltimiseks v\u00f5tta ohutusmeetmeid, n\u00e4iteks:<\/p>\n<ul>\n<li>Veenduge, et h\u00fcdraulikas\u00fcsteemi r\u00f5hk oleks lubatud vahemikus.<\/li>\n<li>Veenduge, et h\u00fcdraulikas\u00fcsteem on korralikult hooldatud ja regulaarselt kontrollitud.<\/li>\n<li>Veenduge, et seadet kasutatakse stabiilses ja t\u00f6\u00f6kindlas seisukorras.<\/li>\n<li>V\u00e4ltige t\u00f6\u00f6tamist masina p\u00f6\u00f6rlevate osade ja muljumiskohtade l\u00e4hedal.<\/li>\n<li>Masinatega t\u00f6\u00f6tamisel kandke sobivaid isikukaitsevahendeid.<\/li>\n<\/ul>\n<h2>Veaotsing ja levinud probleemid<\/h2>\n<p>K\u00e4epidemete kasutamisel v\u00f5ivad tekkida j\u00e4rgmised levinumad probleemid:<\/p>\n<ul>\n<li>\u00d5lileke tihenduskomponentide juures.<\/li>\n<li>V\u00e4henenud v\u00f5i ebapiisav j\u00f5u\u00fclekanne.<\/li>\n<li>M\u00fcra t\u00f6\u00f6tamise ajal.<\/li>\n<li>Silindri korpuse ja keermestatud otsapinna liigne kulumine.<\/li>\n<li>H\u00fcdraulikas\u00fcsteemi \u00fclekuumenemine.<\/li>\n<\/ul>\n<p>Nende probleemide diagnoosimiseks ja lahendamiseks v\u00f5ib kaaluda j\u00e4rgmisi n\u00e4pun\u00e4iteid ja lahendusi:<\/p>\n<ul>\n<li>Kontrollige ja vahetage tihenduskomponendid v\u00e4lja.<\/li>\n<li>Kontrollige ja reguleerige h\u00fcdraulikas\u00fcsteemi r\u00f5hku ja voolukiirust.<\/li>\n<li>Kontrollige ja vahetage kulunud komponendid v\u00e4lja.<\/li>\n<li>Puhastage ja m\u00e4\u00e4rige silindri korpus ja keermestatud otsapind.<\/li>\n<li>Kontrollige ja parandage h\u00fcdraulikas\u00fcsteemi.<\/li>\n<\/ul>\n<p><img decoding=\"async\" src=\"https:\/\/www.hydraulic-cylinders.net\/wp-content\/uploads\/2025\/01\/songte-chushion-collar.webp\"><\/p>\n<h2>Meist<\/h2>\n<p>Oleme professionaalne asendush\u00fcdrauliliste silindrite tootja, pakkudes laia tootevalikut ning olles \u00fcks juhtivaid h\u00fcdrauliliste silindrite tootjaid ja hulgim\u00fc\u00fcjaid nii sise- kui ka rahvusvahelistel turgudel. Peame alati kinni suurep\u00e4rase kvaliteedi p\u00f5him\u00f5ttest, tugineme t\u00e4ppistootmist\u00f6\u00f6kodade t\u00f6\u00f6stusliku tootmise juhtimise strateegiale, t\u00e4iustame pidevalt oma tehnoloogilist taset ja tootmise efektiivsust. T\u00e4iustatud digitaalsete tootmisseadmete ja professionaalsete testimiss\u00fcsteemide juurutamise abil optimeerime tootmisplatvormi, t\u00e4iustame tootekvaliteedi kontrolli protsessi ning omame tugevat innovatsiooniv\u00f5imet. Meie eesm\u00e4rk on rahuldada klientide mitmekesiseid vajadusi efektiivsuse, t\u00e4psuse ja k\u00f5rge kvaliteedi p\u00f5him\u00f5tete abil.<\/p>\n<h2>Meie tugevused<\/h2>\n<ul>\n<li>Professionaalsus: T\u00e4nu aastatepikkusele kogemusele selles valdkonnas oleme saanud h\u00fcdrauliliste silindrite tootmise ekspertideks.<\/li>\n<li>Rahvusvaheline sertifitseerimine: Meie tooted on saanud rahvusvahelise sertifikaadi, n\u00e4iteks ISO9001:2015.<\/li>\n<li>Kohandamise teenus: Pakume kohandamise teenuseid, et rahuldada klientide erivajadusi.<\/li>\n<li>T\u00e4iustatud tootmisseadmed: Meie toodete t\u00e4psuse ja kvaliteedi tagamiseks kasutame t\u00e4iustatud digitaalseid tootmisseadmeid.<\/li>\n<li>M\u00fc\u00fcgij\u00e4rgne teenindus: Pakume igak\u00fclgset m\u00fc\u00fcgij\u00e4rgset teenindust, mis h\u00f5lmab tehnilist tuge, remonti ja hooldust.<\/li>\n<\/ul>\n<p><img decoding=\"async\" src=\"https:\/\/www.hydraulic-cylinders.net\/wp-content\/uploads\/2025\/01\/songte-company-4.webp\"><br \/>\n<img decoding=\"async\" src=\"https:\/\/www.hydraulic-cylinders.net\/wp-content\/uploads\/2025\/01\/songte-company-3.webp\"><\/p>\n<p>Autor: lyl<\/p>","protected":false},"excerpt":{"rendered":"<p>Arm Cylinder For Baoding WY65-8 Introduction Arm cylinder is a specially designed hydraulic cylinder that provides linear motion and power to the arms of various types of machinery, such as excavators, cranes, and robotic arms. Arm cylinders play a crucial role in hydraulic systems, enabling attachments or accessories to move and be controlled effectively. These [&hellip;]<\/p>","protected":false},"featured_media":14766,"comment_status":"open","ping_status":"closed","template":"","meta":{"_et_pb_use_builder":"","_et_pb_old_content":"","_et_gb_content_width":""},"product_brand":[],"product_cat":[1497],"product_tag":[1498,1496],"class_list":{"0":"post-16885","1":"product","2":"type-product","3":"status-publish","4":"has-post-thumbnail","6":"product_cat-arm-cylinders","7":"product_tag-arm-cylinders","8":"product_tag-hydraulic-cylinders","10":"first","11":"instock","12":"shipping-taxable","13":"product-type-simple"},"amp_enabled":true,"_links":{"self":[{"href":"https:\/\/www.hydraulic-cylinders.net\/et\/wp-json\/wp\/v2\/product\/16885","targetHints":{"allow":["GET"]}}],"collection":[{"href":"https:\/\/www.hydraulic-cylinders.net\/et\/wp-json\/wp\/v2\/product"}],"about":[{"href":"https:\/\/www.hydraulic-cylinders.net\/et\/wp-json\/wp\/v2\/types\/product"}],"replies":[{"embeddable":true,"href":"https:\/\/www.hydraulic-cylinders.net\/et\/wp-json\/wp\/v2\/comments?post=16885"}],"wp:featuredmedia":[{"embeddable":true,"href":"https:\/\/www.hydraulic-cylinders.net\/et\/wp-json\/wp\/v2\/media\/14766"}],"wp:attachment":[{"href":"https:\/\/www.hydraulic-cylinders.net\/et\/wp-json\/wp\/v2\/media?parent=16885"}],"wp:term":[{"taxonomy":"product_brand","embeddable":true,"href":"https:\/\/www.hydraulic-cylinders.net\/et\/wp-json\/wp\/v2\/product_brand?post=16885"},{"taxonomy":"product_cat","embeddable":true,"href":"https:\/\/www.hydraulic-cylinders.net\/et\/wp-json\/wp\/v2\/product_cat?post=16885"},{"taxonomy":"product_tag","embeddable":true,"href":"https:\/\/www.hydraulic-cylinders.net\/et\/wp-json\/wp\/v2\/product_tag?post=16885"}],"curies":[{"name":"wp","href":"https:\/\/api.w.org\/{rel}","templated":true}]}}