{"id":16888,"date":"2025-01-21T06:10:42","date_gmt":"2025-01-21T06:10:42","guid":{"rendered":"https:\/\/www.hydraulic-cylinders.net\/product\/arm-cylinder-for-baoding-sc240sd-8\/"},"modified":"2025-01-21T06:10:44","modified_gmt":"2025-01-21T06:10:44","slug":"arm-cylinder-for-baoding-sc240sd-8","status":"publish","type":"product","link":"https:\/\/www.hydraulic-cylinders.net\/et\/toode\/arm-cylinder-for-baoding-sc240sd-8\/","title":{"rendered":"Baodingi SC240SD.8 k\u00e4epideme silinder"},"content":{"rendered":"<h1>Baodingi SC240SD.8 k\u00e4epideme silinder<\/h1>\n<h2>Sissejuhatus<\/h2>\n<p>H\u00fcdrovarda silinder on spetsiaalselt konstrueeritud h\u00fcdrauliline silinder, mida kasutatakse peamiselt lineaarse liikumise ja j\u00f5u tagamiseks erinevat t\u00fc\u00fcpi masinate, n\u00e4iteks ekskavaatorite, kraanade ja mehaaniliste hoobade hoobadele. H\u00fcdrovarda silinder m\u00e4ngib h\u00fcdraulikas\u00fcsteemides olulist rolli, v\u00f5imaldades lisaseadmete v\u00f5i tarvikute t\u00f5husat liikumist ja juhtimist. Need silindrid mitte ainult ei taga sujuvat liikumist, vaid taluvad ka suuri koormusi, tagades masinate t\u00f5husa t\u00f6\u00f6 ja t\u00f6\u00f6kindluse erinevates t\u00f6\u00f6tingimustes.<\/p>\n<p><img decoding=\"async\" src=\"https:\/\/www.hydraulic-cylinders.net\/wp-content\/uploads\/2025\/01\/songte-company-2.webp\"><\/p>\n<h2>Omadused<\/h2>\n<ul>\n<li>T\u00f5hus j\u00f5u\u00fclekanne: K\u00e4epideme silinder suudab tagada tugeva lineaarse liikumise ja j\u00f5u, tagades mehaanilise k\u00e4e k\u00f5rge efektiivsuse erinevates toimingutes.<\/li>\n<li>T\u00e4pne juhtimine: H\u00fcdrauliliste s\u00fcsteemide abil saab \u00f5lavarre silinder saavutada t\u00e4pse liikumise juhtimise, muutes lisaseadmete t\u00f6\u00f6 paindlikumaks ja t\u00e4psemaks.<\/li>\n<li>Tugev vastupidavus: K\u00e4epideme silinder on tavaliselt valmistatud \u00fclitugevatest materjalidest ning sellel on hea kulumis- ja korrosioonikindlus, mis sobib pikaajaliseks kasutamiseks karmides keskkondades.<\/li>\n<li>Mitmeotstarbeline kohanemisv\u00f5ime: Neid silindreid saab laialdaselt kasutada erinevates mehaanilistes seadmetes, nagu ekskavaatorid, kraanad ja mehaanilised k\u00e4ed, kohandudes erinevate t\u00f6\u00f6n\u00f5uetega.<\/li>\n<li>Lihtne hooldus: Projekteerimisel on arvestatud hoolduse ja asendamise lihtsusega, muutes regulaarse kontrolli ja hoolduse mugavamaks ning v\u00e4hendades seadmete seisakuid.<\/li>\n<\/ul>\n<p>Me saame seda toodet toota ja meie tooted saavad neid h\u00fcdrosilindreid ideaalselt asendada.<\/p>\n<p><img decoding=\"async\" src=\"https:\/\/www.hydraulic-cylinders.net\/wp-content\/uploads\/2025\/01\/songte-oil-pipes-and-spare-parts.webp\"><\/p>\n<h2>Rakendused<\/h2>\n<p>K\u00e4epideme silindrit kasutatakse laialdaselt erinevates t\u00f6\u00f6stusharudes, n\u00e4iteks:<\/p>\n<ul>\n<li>Ehitus: Ekskavaatorites ja kraanades kasutatakse poomi silindrit kopa v\u00f5i poomi liikumise juhtimiseks mullat\u00f6\u00f6del, materjalide k\u00e4itlemisel ja konstruktsioonide paigaldamisel.<\/li>\n<li>Tootmine: Automatiseeritud tootmisliinidel kasutatakse \u00f5lasilindrit mehaaniliste \u00f5la liigutamiseks, montaa\u017ei-, keevitus- ja k\u00e4sitsemisprotsessides, parandades tootmise efektiivsust ja t\u00e4psust.<\/li>\n<li>P\u00f5llumajandustehnika: P\u00f5llumajandustehnikas, n\u00e4iteks kombainides ja k\u00fclvikutes, juhib \u00f5\u00f5tshoova silinder juhthoova liikumist, t\u00e4ites selliseid \u00fclesandeid nagu k\u00fclvamine, v\u00e4etamine ja koristamine.<\/li>\n<li>Kaevandamine: Kaevandusseadmetes kasutatakse kaevandusseadmete k\u00e4epideme liikumise juhtimiseks kaevandamisel ja maagi vedamisel \u00f5lasilindrit.<\/li>\n<li>Logistika ja transport: Kahvelt\u00f5stukites ja robotites kasutatakse kahvli t\u00f5stmise ja liikumise juhtimiseks k\u00e4e silindrit, saavutades materjalide k\u00e4itlemise ja virnastamise.<\/li>\n<\/ul>\n<h2>Projekteerimiskaalutlused ja valikukriteeriumid<\/h2>\n<p>Projekteerimise seisukohast tuleb silindri puhul arvestada j\u00e4rgmisega:<\/p>\n<h3>Kandev\u00f5ime<\/h3>\n<p>\u00d5\u00f5tshoova silinder peab suutma kanda koormust ja pakkuda toiminguks vajalikku j\u00f5udu. Silindri valimisel tuleb arvestada silindri l\u00e4bim\u00f5\u00f5du ja k\u00e4igupikkusega.<\/p>\n<h3>Tihendus<\/h3>\n<p>Lekke v\u00e4ltimiseks peab \u00f5\u00f5tshoova silindril olema hea tihendusv\u00f5ime. Tihendusv\u00f5ime tagamiseks kasutatakse mitmesuguseid tihenduskomponente, n\u00e4iteks kolvitihendeid ja vardatihendeid. Tihenduskomponendid on valmistatud kulumiskindlatest materjalidest, nagu pol\u00fcuretaan ja nitriilkummi.<\/p>\n<h3>Vastupidavus<\/h3>\n<p>K\u00e4epideme silinder peab olema vastupidav ning hea kulumis- ja korrosioonikindlusega. Vastupidavuse parandamiseks saab kasutada \u00fclitugevaid materjale, pinnat\u00f6\u00f6tlusi ja katteid.<\/p>\n<h3>Ohutus<\/h3>\n<p>K\u00e4epideme silinder peab olema ohutu ja t\u00f6\u00f6kindel ning varustatud selliste omadustega nagu \u00fclekoormuskaitse ja avariiseiskamisfunktsioonid.<\/p>\n<h3>Hooldatavus<\/h3>\n<p>K\u00e4epideme silindrit peab olema lihtne hooldada ja parandada. Silindri konstruktsiooni peaks olema lihtne lahti v\u00f5tta ja kokku panna ning komponentide vahetamine peaks olema lihtne.<\/p>\n<p><img decoding=\"async\" src=\"https:\/\/www.hydraulic-cylinders.net\/wp-content\/uploads\/2025\/01\/songte-cylinder-head-with-all-kinds-excavator-models.webp\"><\/p>\n<h2>Tihendus ja m\u00e4\u00e4rimine<\/h2>\n<p>Silindri \u00f5\u00f5tshoob kasutab tihendusv\u00f5ime tagamiseks mitmesuguseid tihenduskomponente, n\u00e4iteks kolvitihendeid ja vardatihendeid. Tihenduskomponendid on valmistatud kulumiskindlatest materjalidest, nagu pol\u00fcuretaan ja nitriilkummi. Silindri korpus ja keermeotsa pind on peenelt t\u00f6\u00f6deldud, et parandada kulumiskindlust. Silindri sujuva t\u00f6\u00f6 tagamiseks on vaja regulaarselt h\u00fcdraulika\u00f5liga m\u00e4\u00e4rida.<\/p>\n<h2>Regulaarne kontroll ja ennetav hooldus<\/h2>\n<p>K\u00e4epideme pikaajalise t\u00f6\u00f6kindluse ja ohutuse tagamiseks on oluline regulaarne kontroll ja ennetav hooldus. Tuleks v\u00f5tta j\u00e4rgmised meetmed:<\/p>\n<ul>\n<li>Kontrollige regulaarselt silindri korpust, kolvivarda ja tihenduskomponente kulumise ja kahjustuste suhtes.<\/li>\n<li>Tihendusv\u00f5ime tagamiseks vahetage tihenduskomponente regulaarselt.<\/li>\n<li>Kontrollige ja vahetage regulaarselt h\u00fcdraulika\u00f5li.<\/li>\n<li>Kontrollige ja pingutage kinnitusvahendeid regulaarselt.<\/li>\n<li>Kontrollige ja vahetage filtrielementi regulaarselt.<\/li>\n<\/ul>\n<p><img decoding=\"async\" src=\"https:\/\/www.hydraulic-cylinders.net\/wp-content\/uploads\/2025\/01\/songte-chushion-collar.webp\"><\/p>\n<h2>Paigaldusjuhend<\/h2>\n<p>Silindripea paigaldamine peaks toimuma vastavalt juhistele:<\/p>\n<ol>\n<li>Veenduge, et paigalduspind oleks tasane ja puhas.<\/li>\n<li>Paigaldage silinder silindri korpusel oleva noole suuna j\u00e4rgi.<\/li>\n<li>P\u00f6\u00f6rake t\u00e4helepanu silindri paigaldusasendile ja v\u00e4ltige kolvivarda kokkupuudet v\u00e4liste esemetega.<\/li>\n<li>Veenduge, et kinnitusdetailid on pingutatud etten\u00e4htud p\u00f6\u00f6rdemomendini.<\/li>\n<li>P\u00e4rast paigaldamist kontrollige silindri toimimist, et veenduda selle sujuvas ja korrektses t\u00f6\u00f6s.<\/li>\n<\/ol>\n<p><img decoding=\"async\" src=\"https:\/\/www.hydraulic-cylinders.net\/wp-content\/uploads\/2025\/01\/songte-bushings-with-all-kinds-of-excavator-models.webp\"><\/p>\n<h2>Ohutuskaalutlused ja keskkonnategurid<\/h2>\n<p>K\u00e4epideme kasutamisel tuleb \u00f5nnetuste v\u00e4ltimiseks v\u00f5tta ohutusmeetmeid. Arvesse tuleks v\u00f5tta j\u00e4rgmisi ohutusmeetmeid:<\/p>\n<ul>\n<li>Veenduge, et silindrit paigaldatakse ja kasutatakse vastavalt juhistele.<\/li>\n<li>P\u00f6\u00f6rake t\u00e4helepanu silindri kandev\u00f5imele ja \u00e4rge \u00fcletage etten\u00e4htud piiri.<\/li>\n<li>Kontrollige silindrit regulaarselt kulumise ja kahjustuste suhtes ning vahetage komponendid \u00f5igeaegselt v\u00e4lja.<\/li>\n<li>Kasutage kaitsevahendeid, et v\u00e4ltida \u00f5lireostusest tingitud \u00f5nnetusi.<\/li>\n<\/ul>\n<h2>Veaotsing ja levinud probleemid<\/h2>\n<p>\u00d5\u00f5tshoova silindri levinud probleemide hulka kuuluvad \u00f5lileke, ebapiisav v\u00f5imsus ja ebanormaalne m\u00fcra. J\u00e4rgmised n\u00e4pun\u00e4ited ja lahendused aitavad probleeme diagnoosida ja lahendada:<\/p>\n<ul>\n<li>Kui silindri korpuses on \u00f5lileke, kontrollige tihendeid ja vajadusel vahetage need v\u00e4lja.<\/li>\n<li>Kui v\u00f5imsusest ei piisa, kontrollige kandev\u00f5imet ja reguleerige vastavalt h\u00fcdraulikas\u00fcsteemi.<\/li>\n<li>Ebanormaalse m\u00fcra korral kontrollige kinnitusvahendeid ja tihendeid ning vajadusel pingutage neid.<\/li>\n<\/ul>\n<p>Ennetavad meetmed, nagu regulaarne kontroll, hooldus ja komponentide vahetamine, v\u00f5ivad v\u00e4hendada v\u00f5imalikke probleeme ja tagada \u00f5\u00f5tshoova silindri pikaajalise t\u00f6\u00f6kindluse.<\/p>\n<p><img decoding=\"async\" src=\"https:\/\/www.hydraulic-cylinders.net\/wp-content\/uploads\/2025\/01\/songte-company-4.webp\"><br \/>\n<img decoding=\"async\" src=\"https:\/\/www.hydraulic-cylinders.net\/wp-content\/uploads\/2025\/01\/songte-company-3.webp\"><\/p>\n<h2>Meist<\/h2>\n<p>Oleme professionaalne asendush\u00fcdrauliliste silindrite tootja, kellel on lai tootevalik. Oleme saanud \u00fcheks juhtivaks h\u00fcdrosilindrite tootjaks ja hulgim\u00fc\u00fcjaks nii sise- kui ka rahvusvahelisel turul. Peame alati kinni suurep\u00e4rase kvaliteedi p\u00f5him\u00f5ttest, tuginedes t\u00e4ppistootmist\u00f6\u00f6kodades t\u00f6\u00f6stusliku tootmise juhtimise strateegiatele, et pidevalt parandada tehnilist taset ja tootmise efektiivsust. Tipptasemel digitaalsete tootmisseadmete ja professionaalsete testimiss\u00fcsteemide juurutamisega optimeerime pidevalt tootmisplatvormi, t\u00e4iustame tootekvaliteedi kontrolli protsessi ning omame tugevat innovatsiooniv\u00f5imet. Meie eesm\u00e4rk on rahuldada klientide mitmekesiseid vajadusi t\u00f5husate, t\u00e4psete ja kvaliteetsete p\u00f5him\u00f5tete abil.<\/p>\n<h3>Professionaalsus<\/h3>\n<p>Oleme kogenud spetsialistide meeskond, kes on p\u00fchendunud pakkuma oma klientidele parima kvaliteediga tooteid ja teenuseid. Meil \u200b\u200bon s\u00fcgavad teadmised h\u00fcdraulilistest silindritest ning saame pakkuda professionaalset n\u00f5u ja lahendusi, et rahuldada erinevate klientide vajadusi.<\/p>\n<h3>Rahvusvaheline sertifitseerimine<\/h3>\n<p>Meie tooted on l\u00e4binud mitmesuguseid rahvusvahelisi sertifikaate, n\u00e4iteks ISO9001, CE ja SGS, ning me kontrollime toodete kvaliteeti rangelt vastavalt rahvusvahelistele standarditele.<\/p>\n<h3>Kohandamise teenused<\/h3>\n<p>Saame pakkuda kohandamisteenuseid vastavalt klientide erivajadustele, n\u00e4iteks erisuuruste, -kujude ja -materjalide osas.<\/p>\n<h3>Tootmisseadmed<\/h3>\n<p>Meil on t\u00e4iustatud tootmisseadmed, nagu CNC-t\u00f6\u00f6tluskeskused, t\u00e4ppislihvimismasinad ja automaatsed keevitusmasinad, et tagada tootmise k\u00f5rge t\u00e4psus ja automatiseerimine.<\/p>\n<h3>M\u00fc\u00fcgij\u00e4rgne teenindus<\/h3>\n<p>Pakume igak\u00fclgset m\u00fc\u00fcgij\u00e4rgset teenindust, sealhulgas tehnilist tuge, hooldust ja remonti, et kliendid saaksid meie tooteid enesekindlalt kasutada.<\/p>\n<p>Autor: lyl<\/p>","protected":false},"excerpt":{"rendered":"<p>Arm Cylinder For Baoding SC240SD.8 Introduction The arm cylinder is a specially designed hydraulic cylinder that is primarily used to provide linear motion and power to the arms of various types of machinery such as excavators, cranes, and mechanical arms. The arm cylinder plays a crucial role in hydraulic systems, enabling attachments or accessories to [&hellip;]<\/p>","protected":false},"featured_media":14786,"comment_status":"open","ping_status":"closed","template":"","meta":{"_et_pb_use_builder":"","_et_pb_old_content":"","_et_gb_content_width":""},"product_brand":[],"product_cat":[1497],"product_tag":[1498,1496],"class_list":{"0":"post-16888","1":"product","2":"type-product","3":"status-publish","4":"has-post-thumbnail","6":"product_cat-arm-cylinders","7":"product_tag-arm-cylinders","8":"product_tag-hydraulic-cylinders","10":"first","11":"instock","12":"shipping-taxable","13":"product-type-simple"},"amp_enabled":true,"_links":{"self":[{"href":"https:\/\/www.hydraulic-cylinders.net\/et\/wp-json\/wp\/v2\/product\/16888","targetHints":{"allow":["GET"]}}],"collection":[{"href":"https:\/\/www.hydraulic-cylinders.net\/et\/wp-json\/wp\/v2\/product"}],"about":[{"href":"https:\/\/www.hydraulic-cylinders.net\/et\/wp-json\/wp\/v2\/types\/product"}],"replies":[{"embeddable":true,"href":"https:\/\/www.hydraulic-cylinders.net\/et\/wp-json\/wp\/v2\/comments?post=16888"}],"wp:featuredmedia":[{"embeddable":true,"href":"https:\/\/www.hydraulic-cylinders.net\/et\/wp-json\/wp\/v2\/media\/14786"}],"wp:attachment":[{"href":"https:\/\/www.hydraulic-cylinders.net\/et\/wp-json\/wp\/v2\/media?parent=16888"}],"wp:term":[{"taxonomy":"product_brand","embeddable":true,"href":"https:\/\/www.hydraulic-cylinders.net\/et\/wp-json\/wp\/v2\/product_brand?post=16888"},{"taxonomy":"product_cat","embeddable":true,"href":"https:\/\/www.hydraulic-cylinders.net\/et\/wp-json\/wp\/v2\/product_cat?post=16888"},{"taxonomy":"product_tag","embeddable":true,"href":"https:\/\/www.hydraulic-cylinders.net\/et\/wp-json\/wp\/v2\/product_tag?post=16888"}],"curies":[{"name":"wp","href":"https:\/\/api.w.org\/{rel}","templated":true}]}}