{"id":1690,"date":"2023-10-11T06:56:41","date_gmt":"2023-10-11T06:56:41","guid":{"rendered":"https:\/\/hydraulic-cylinders.net\/?post_type=product&#038;p=1690"},"modified":"2025-04-11T02:59:53","modified_gmt":"2025-04-11T02:59:53","slug":"electric-furnace-cover-lifting-cylinder","status":"publish","type":"product","link":"https:\/\/www.hydraulic-cylinders.net\/et\/toode\/electric-furnace-cover-lifting-cylinder\/","title":{"rendered":"Elektrilise ahju katte t\u00f5stesilinder"},"content":{"rendered":"<h1 style=\"text-align: center;\"><strong>Elektriline ahi <\/strong><strong>Kaas <\/strong><strong>T\u00f5stesilinder<\/strong><\/h1>\n<p><img loading=\"lazy\" decoding=\"async\" class=\"aligncenter wp-image-1691\" src=\"https:\/\/hydraulic-cylinders.net\/wp-content\/uploads\/2023\/10\/lifting-cylinder-of-furnace-cover-1-300x300.webp\" alt=\"\" width=\"400\" height=\"400\" \/><\/p>\n<p>Elektrilise ahju kaane t\u00f5stesilinder on tipptasemel lahendus, mis on loodud t\u00f6\u00f6stuslike ahjude t\u00f6\u00f6 ohutuse ja efektiivsuse suurendamiseks. Ahjuseadmete olulise komponendina h\u00f5lbustab see silinder ahju kaane t\u00e4pset ja lihtsat t\u00f5stmist ja langetamist.<\/p>\n<p>Elektriahju kaane t\u00f5stesilinder on t\u00f6\u00f6stusahjude k\u00e4itamisel \u00fclioluline, pakkudes suuremat ohutust, efektiivsust ja kontrolli ahju kaane t\u00f5stmisel ja langetamisel. Oma vastupidava konstruktsiooni, t\u00f5husa t\u00f5stev\u00f5ime, elektris\u00fcsteemi ja t\u00e4iustatud ohutusfunktsioonidega suurendab see silinder ahjuseadmete j\u00f5udlust ja t\u00f6\u00f6kindlust. Soovitatavate kasutusmeetodite ja hooldustavade j\u00e4rgimisega saate tagada elektriahju kaane t\u00f5stesilindri optimaalse t\u00f6\u00f6 ja pikaealisuse, aidates kaasa ohutule ja produktiivsele ahjukeskkonnale.<\/p>\n<p>Elektrilise ahju katte t\u00f5stesilindri peamised omadused:<\/p>\n<ol>\n<li>Vastupidav konstruktsioon:\n<ul>\n<li>Elektriahju kaane t\u00f5stesilindri kate on valmistatud kvaliteetsetest materjalidest, tagades vastupidavuse ja pikaealisuse isegi n\u00f5udlikes t\u00f6\u00f6tingimustes.<\/li>\n<li>Selle vastupidav konstruktsioon v\u00f5imaldab tal taluda \u00e4\u00e4rmuslikke temperatuure ja karme keskkondi, millega ahjude t\u00f6\u00f6tamisel tavaliselt kokku puututakse.<\/li>\n<\/ul>\n<\/li>\n<li>T\u00f5hus t\u00f5stev\u00f5ime:\n<ul>\n<li>Sellel silindril on v\u00f5imas t\u00f5stev\u00f5ime, mis v\u00f5imaldab tal ahju kaant vaevata t\u00f5sta ja langetada.<\/li>\n<li>See tagab t\u00e4pse juhtimise ja sujuva t\u00f6\u00f6, minimeerides \u00f5nnetuste ohtu ja maksimeerides t\u00f6\u00f6 efektiivsust.<\/li>\n<\/ul>\n<\/li>\n<li>Elektritoitel:\n<ul>\n<li>Elektriahju t\u00f5stesilinder t\u00f6\u00f6tab elektrilise j\u00f5uallika abil, mis v\u00e4listab k\u00e4sitsi v\u00f5i h\u00fcdraulilise abi vajaduse.<\/li>\n<li>See elektritoitel t\u00f6\u00f6tav s\u00fcsteem pakub mugavust, kiirust ja t\u00f6\u00f6kindlust, sujuvamaks muutes ahju kaane t\u00f5stmise protsessi.<\/li>\n<\/ul>\n<\/li>\n<li>Turvaelemendid:\n<ul>\n<li>Silindril on t\u00e4iustatud ohutusfunktsioonid, n\u00e4iteks \u00fclekoormuskaitse ja avariipeatusmehhanismid.<\/li>\n<li>Need turvaelemendid tagavad personali ja seadmete kaitse, v\u00e4hendades \u00f5nnetuste ja v\u00f5imalike kahjustuste ohtu.<\/li>\n<\/ul>\n<\/li>\n<\/ol>\n<h2><strong>Elektrilise ahju katte t\u00f5stesilindri parameeter:<\/strong><\/h2>\n<table border=\"1\" cellspacing=\"0\" cellpadding=\"0\">\n<tbody>\n<tr>\n<td>Toote nimi<\/td>\n<td>Elektriahju katte p\u00f6\u00f6rlev silinder<\/td>\n<\/tr>\n<tr>\n<td>Ava l\u00e4bim\u00f5\u00f5t:<\/td>\n<td>210 mm<\/td>\n<\/tr>\n<tr>\n<td>Varda l\u00e4bim\u00f5\u00f5t:<\/td>\n<td>125 mm<\/td>\n<\/tr>\n<tr>\n<td>R\u00f5hk:<\/td>\n<td>14MPa<\/td>\n<\/tr>\n<tr>\n<td>T\u00f5ukej\u00f5ud:<\/td>\n<td>Maksimaalselt 484 kN<\/td>\n<\/tr>\n<tr>\n<td>Ahju katte p\u00f6\u00f6rleva silindri rakendused:<\/td>\n<td>Elektriline ahi<\/td>\n<\/tr>\n<\/tbody>\n<\/table>\n<div><\/div>\n<div class=\"txtboxR\">\n<div class=\"txtboxL\">\n<div class=\"txtboxL\">T\u00f5ukej\u00f5ud:<\/div>\n<div class=\"txtboxR\">Maksimaalne 3448 kN<br \/>\n(Ava l\u00e4bim\u00f5\u00f5t: 580 mm \/ varda l\u00e4bim\u00f5\u00f5t: 560 \/ r\u00f5hk 14 MPa)<\/div>\n<\/div>\n<\/div>\n<h2><strong>Elektriline ahi <\/strong><strong> Silindrite tehas:<\/strong><\/h2>\n<p><img loading=\"lazy\" decoding=\"async\" class=\"alignnone wp-image-1697 size-full\" src=\"https:\/\/hydraulic-cylinders.net\/wp-content\/uploads\/2023\/10\/filter-press-cylinder-1.webp\" alt=\"\" width=\"1418\" height=\"946\" srcset=\"https:\/\/hydraulic-cylinders.net\/wp-content\/uploads\/2023\/10\/filter-press-cylinder-1.webp 1418w, https:\/\/hydraulic-cylinders.net\/wp-content\/uploads\/2023\/10\/filter-press-cylinder-1-1280x854.webp 1280w, https:\/\/hydraulic-cylinders.net\/wp-content\/uploads\/2023\/10\/filter-press-cylinder-1-980x654.webp 980w, https:\/\/hydraulic-cylinders.net\/wp-content\/uploads\/2023\/10\/filter-press-cylinder-1-480x320.webp 480w\" sizes=\"(min-width: 0px) and (max-width: 480px) 480px, (min-width: 481px) and (max-width: 980px) 980px, (min-width: 981px) and (max-width: 1280px) 1280px, (min-width: 1281px) 1418px, 100vw\" \/><\/p>\n<h2><strong>Elektrilise ahju katte t\u00f5stesilindri kasutusmeetod<\/strong><strong>:<\/strong><\/h2>\n<ol>\n<li><strong>Paigaldamine:<\/strong>\n<ul>\n<li>Veenduge, et ahju katte t\u00f5stemehhanism on paigaldamiseks piisavalt ette valmistatud.<\/li>\n<li>Asetage elektriahju t\u00f5stesilinder etten\u00e4htud kohta, joondades selle t\u00f5stemehhanismiga.<\/li>\n<li>Kinnitage silinder sobivate poltide v\u00f5i kinnitusklambrite abil kindlalt t\u00f5stemehhanismi k\u00fclge.<\/li>\n<\/ul>\n<\/li>\n<li><strong>Elektri\u00fchendus:<\/strong>\n<ul>\n<li>\u00dchendage elektriahju t\u00f5stesilinder kaasasoleva juhtmestiku abil elektritoiteallikaga.<\/li>\n<li>Veenduge, et k\u00f5ik elektri\u00fchendused on kindlad ning et seal poleks lahtisi \u00fchendusi ega paljastatud juhtmeid.<\/li>\n<li>J\u00e4rgige tootja juhiseid elektri\u00fchenduse ja maanduse kohta.<\/li>\n<\/ul>\n<\/li>\n<li><strong>Juhtpaneeli kasutamine:<\/strong>\n<ul>\n<li>Tutvuge juhtpaneeli ja selle funktsioonidega.<\/li>\n<li>Aktiveerige juhtpaneel ja veenduge, et s\u00fcsteem on sisse l\u00fclitatud.<\/li>\n<li>Kasutage juhtnuppe v\u00f5i l\u00fcliteid elektriahju t\u00f5stesilindri juhtimiseks, vajadusel ahju katet t\u00f5stes v\u00f5i langetades.<\/li>\n<\/ul>\n<\/li>\n<li><strong>Ohutusabin\u00f5ud:<\/strong>\n<ul>\n<li>Elektriahju t\u00f5stesilindri kasutamisel j\u00e4rgige k\u00f5iki ohutusjuhiseid ja -protokolle.<\/li>\n<li>Veenduge, et t\u00f6\u00f6tamise ajal ei viibiks t\u00f6\u00f6tajaid t\u00f5stepiirkonnas.<\/li>\n<li>Kontrollige s\u00fcsteemi regulaarselt kulumise, kahjustuste v\u00f5i talitlush\u00e4irete suhtes ja lahendage k\u00f5ik probleemid viivitamatult.<\/li>\n<\/ul>\n<\/li>\n<\/ol>\n<h2><strong>Kuidas t\u00fchjendada h\u00fcdrosilindrit ilma t\u00fchjendusklappideta?<\/strong><\/h2>\n<p>H\u00fcdrosilindri t\u00fchjendamine ilma t\u00fchjendusklapita v\u00f5ib olla keerulisem, kuid see on siiski v\u00f5imalik. Siin on samm-sammuline juhend, kuidas h\u00fcdrosilindrit ilma t\u00fchjendusklapita t\u00fchjendada:<\/p>\n<ol>\n<li><strong>T\u00f6\u00f6ala ettevalmistamine:<\/strong>\n<ul>\n<li>Veenduge, et teil oleks h\u00fcdrosilindri kallal t\u00f6\u00f6tamiseks puhas ja h\u00e4sti valgustatud t\u00f6\u00f6ruum.<\/li>\n<li>Paigaldage kaitsekate, et p\u00fc\u00fcda kinni k\u00f5ik lekked v\u00f5i praht.<\/li>\n<\/ul>\n<\/li>\n<li><strong>H\u00fcdraulilise r\u00f5hu vabastamine:<\/strong>\n<ul>\n<li>L\u00fclitage h\u00fcdros\u00fcsteem v\u00e4lja ja vabastage silindris r\u00f5hk, aktiveerides juhtventiili v\u00f5i eemaldades h\u00fcdrovooliku.<\/li>\n<li>Rakendage k\u00f5ik turvalukud v\u00f5i -blokeeringud, et v\u00e4ltida silindri juhuslikku liikumist \u00f5hutusprotsessi ajal.<\/li>\n<\/ul>\n<\/li>\n<li><strong>Silindri paigutamine:<\/strong>\n<ul>\n<li>Asetage h\u00fcdrosilinder nii, et \u00f5humullid saaksid t\u00f5usta k\u00f5rgeimasse punkti.<\/li>\n<li>V\u00f5imalusel asetage silinder nii, et \u00f5hk saaks silindri \u00fclemisest otsast v\u00e4lja p\u00e4\u00e4seda.<\/li>\n<\/ul>\n<\/li>\n<li><strong>Puuduta silindrit:<\/strong>\n<ul>\n<li>Silindri k\u00fclgede koputamiseks kasutage mittemetallist t\u00f6\u00f6riista, n\u00e4iteks kummist haamrit v\u00f5i puut\u00fckki.<\/li>\n<li>Alusta alt ja liigu \u00fclespoole, koputades \u00f5rnalt, et soodustada silindrisse j\u00e4\u00e4nud \u00f5hu t\u00f5usu \u00fclaossa.<\/li>\n<\/ul>\n<\/li>\n<li><strong>Silindri l\u00f6\u00f6mine:<\/strong>\n<ul>\n<li>Kasutage h\u00fcdraulilist s\u00fcsteemi, et liigutada silindrit kogu selle liikumisulatuses.<\/li>\n<li>Sirutage ja t\u00f5mmake silindrit mitu korda sisse, et h\u00f5lbustada l\u00f5ksus oleva \u00f5hu liikumist k\u00f5rgeima punkti poole.<\/li>\n<\/ul>\n<\/li>\n<li><strong>Rakenda pidevat survet:<\/strong>\n<ul>\n<li>L\u00fckake h\u00fcdrosilinder t\u00e4ielikult v\u00e4lja ja hoidke seda v\u00e4ljat\u00f5mmatud asendis pideva survega.<\/li>\n<li>See pidev r\u00f5hk aitab suruda k\u00f5ik \u00f5humullid silindri \u00fclaosa poole.<\/li>\n<\/ul>\n<\/li>\n<li><strong>\u00d5hu eraldumise j\u00e4lgimine:<\/strong>\n<ul>\n<li>Vere v\u00e4ljalaskmise ajal j\u00e4lgige silindrit t\u00e4helepanelikult.<\/li>\n<li>Otsige silindrist, eriti \u00fclemisest otsast, v\u00e4ljuvaid \u00f5humulle.<\/li>\n<\/ul>\n<\/li>\n<li><strong>Korrake protsessi:<\/strong>\n<ul>\n<li>Kui m\u00e4rkate \u00f5humulle v\u00e4ljumas, j\u00e4tkake silindri koputamist ja ts\u00fcklit selle t\u00e4ieliku liikumisulatuse ulatuses.<\/li>\n<li>Korrake samme 4 kuni 7, kuni \u00f5humulle enam ei eraldu, mis n\u00e4itab, et balloon on korralikult \u00f5hutatud.<\/li>\n<\/ul>\n<\/li>\n<li><strong>Kontrollige sujuvat toimimist:<\/strong>\n<ul>\n<li>Kui olete h\u00fcdrosilindri \u00f5hutanud, kasutage s\u00fcsteemi, et tagada sujuv ja \u00fchtlane liikumine.<\/li>\n<li>Veenduge, et t\u00f6\u00f6tamise ajal ei esineks ebatavalisi helisid ega vibratsiooni.<\/li>\n<\/ul>\n<\/li>\n<li><strong>Silindri uuesti integreerimine:<\/strong>\n<ul>\n<li>Kui olete veendunud, et h\u00fcdrosilinder on korralikult \u00f5hutatud ja t\u00f6\u00f6tab sujuvalt, paigaldage see tagasi seadmesse v\u00f5i masinasse.<\/li>\n<li>Veenduge, et silinder on \u00f5igesti joondatud ja kindlalt kinnitatud.<\/li>\n<\/ul>\n<\/li>\n<\/ol>\n<h2><strong>Tehase v\u00f5imekus ja suutlikkus:<\/strong><\/h2>\n<h3>(1) Kokkupanek<\/h3>\n<p>Meil on esmaklassiline s\u00f5ltumatu teadus- ja arendustegevuse montaa\u017eiplatvorm. H\u00fcdrosilindrite tootmist\u00f6\u00f6kojas on neli poolautomaatset t\u00f5stesilindrite koosteliini ja \u00fcks automaatne kallutussilindrite koosteliin, mille kavandatud aastane tootmisv\u00f5imsus on 1 miljon t\u00fckki. Spetsiaalsete silindrite t\u00f6\u00f6koda on varustatud erinevate spetsifikatsioonidega poolautomaatse puhastusmontaa\u017eis\u00fcsteemiga, mille kavandatud aastane tootmisv\u00f5imsus on 200 000 ja mis on varustatud kuulsate CNC-t\u00f6\u00f6tlemisseadmete, mehaanilise t\u00f6\u00f6tlemise keskuse, suure t\u00e4psusega silindrite t\u00f6\u00f6tlemise eriseadmete, robotkeevitusmasina, automaatse puhastusmasina, automaatse silindri kokkupanemise masina ja automaatse v\u00e4rvimise tootmisliiniga. Olemasolevad kriitilised seadmed rohkem kui 300 komplekti (komplekti). Seadmete ressursside optimaalne jaotamine ja t\u00f5hus kasutamine tagavad toodete t\u00e4psusn\u00f5uded ja vastavad toodete kvaliteedin\u00f5uetele.<\/p>\n<p><img loading=\"lazy\" decoding=\"async\" class=\"alignnone wp-image-626\" src=\"https:\/\/hydraulic-cylinders.net\/wp-content\/uploads\/2023\/08\/hydraulic-cylinder-product-1-300x158.webp\" alt=\"\" width=\"495\" height=\"260\" srcset=\"https:\/\/hydraulic-cylinders.net\/wp-content\/uploads\/2023\/08\/hydraulic-cylinder-product-1-300x158.webp 495w, https:\/\/hydraulic-cylinders.net\/wp-content\/uploads\/2023\/08\/hydraulic-cylinder-product-1-480x252.webp 480w\" sizes=\"(min-width: 0px) and (max-width: 480px) 480px, (min-width: 481px) 495px, 100vw\" \/> <img loading=\"lazy\" decoding=\"async\" class=\"alignnone wp-image-627\" src=\"https:\/\/hydraulic-cylinders.net\/wp-content\/uploads\/2023\/08\/hydraulic-cylinder-product-2-300x189.webp\" alt=\"\" width=\"413\" height=\"260\" \/><\/p>\n<h3>(2) T\u00f6\u00f6tlemine<\/h3>\n<p>T\u00f6\u00f6deldav t\u00f6\u00f6koda on varustatud kohandatud kallutatud r\u00f6\u00f6pse treipingi keskuse, mehaanilise keskuse, kiire lihvimismasina, keevitusroboti ja muude seotud seadmetega, mis suudavad t\u00f6\u00f6delda silindritorusid, mille maksimaalne sisel\u00e4bim\u00f5\u00f5t on 400 mm ja maksimaalne pikkus on 6 meetrit.<\/p>\n<p><img loading=\"lazy\" decoding=\"async\" class=\"alignnone wp-image-628 size-large\" src=\"https:\/\/hydraulic-cylinders.net\/wp-content\/uploads\/2023\/08\/hydraulic-cylinder-product-3-1024x391.webp\" alt=\"\" width=\"1024\" height=\"391\" srcset=\"https:\/\/hydraulic-cylinders.net\/wp-content\/uploads\/2023\/08\/hydraulic-cylinder-product-3-980x374.webp 980w, https:\/\/hydraulic-cylinders.net\/wp-content\/uploads\/2023\/08\/hydraulic-cylinder-product-3-480x183.webp 480w\" sizes=\"(min-width: 0px) and (max-width: 480px) 480px, (min-width: 481px) and (max-width: 980px) 980px, (min-width: 981px) 1024px, 100vw\" \/><\/p>\n<h3>(3) Keevitamine<\/h3>\n<p><img loading=\"lazy\" decoding=\"async\" class=\"alignnone wp-image-629 size-large\" src=\"https:\/\/hydraulic-cylinders.net\/wp-content\/uploads\/2023\/08\/hydraulic-cylinder-product-4-1024x510.webp\" alt=\"\" width=\"1024\" height=\"510\" srcset=\"https:\/\/hydraulic-cylinders.net\/wp-content\/uploads\/2023\/08\/hydraulic-cylinder-product-4-980x488.webp 980w, https:\/\/hydraulic-cylinders.net\/wp-content\/uploads\/2023\/08\/hydraulic-cylinder-product-4-480x239.webp 480w\" sizes=\"(min-width: 0px) and (max-width: 480px) 480px, (min-width: 481px) and (max-width: 980px) 980px, (min-width: 981px) 1024px, 100vw\" \/><\/p>\n<h3>(4) V\u00e4rvimine ja katmine<\/h3>\n<p>V\u00e4ikese ja keskmise suurusega silindri automaatse veep\u00f5hise v\u00e4rvipinnakattega liinide abil, et saavutada automaatne robotlaadimine ja mahalaadimine ning automaatne pihustamine, projekteerimisv\u00f5imsus 4000 t\u00fckki vahetuse kohta;<br \/>\nMeil on ka poolautomaatne suurte balloonide v\u00e4rvimise tootmisliin, mis t\u00f6\u00f6tab j\u00f5ukettaga ja mille projekteerimisv\u00f5imsus on 60 kasti \u00fche vahetuse kohta.<\/p>\n<p><img loading=\"lazy\" decoding=\"async\" class=\"alignnone wp-image-630\" src=\"https:\/\/hydraulic-cylinders.net\/wp-content\/uploads\/2023\/08\/hydraulic-cylinder-product-5-300x213.webp\" alt=\"\" width=\"366\" height=\"260\" \/> <img loading=\"lazy\" decoding=\"async\" class=\"alignnone wp-image-631\" src=\"https:\/\/hydraulic-cylinders.net\/wp-content\/uploads\/2023\/08\/hydraulic-cylinder-product-6-300x225.webp\" alt=\"\" width=\"347\" height=\"260\" \/><\/p>\n<h3>(5) Testimine<\/h3>\n<p>Meil on esmaklassilised kontrolliseadmed ja katsestendid, et tagada silindri j\u00f5udlus vastavus n\u00f5uetele.<\/p>\n<p><img loading=\"lazy\" decoding=\"async\" class=\"alignnone wp-image-632\" src=\"https:\/\/hydraulic-cylinders.net\/wp-content\/uploads\/2023\/08\/hydraulic-cylinder-product-8-300x200.webp\" alt=\"\" width=\"389\" height=\"260\" \/><\/p>\n<p>&nbsp;<\/p>\n<p>&nbsp;<\/p>\n<p>Oleme \u00fcks parimaid h\u00fcdrosilindrite tootjaid. Pakume laia valikut h\u00fcdrosilindreid. Pakume ka vastavaid... <a href=\"https:\/\/hzpt.com\/agricultural-pto-gearbox\/\" target=\"_blank\" rel=\"noopener\">p\u00f5llumajanduslikud k\u00e4igukastid<\/a>. Oleme eksportinud oma tooteid klientidele \u00fcle maailma ja teeninud hea maine t\u00e4nu meie suurep\u00e4rasele tootekvaliteedile ja m\u00fc\u00fcgij\u00e4rgsele teenindusele. Me tervitame kliente kodus ja v\u00e4lismaal, et v\u00f5tta meiega \u00fchendust, et pidada l\u00e4bir\u00e4\u00e4kimisi \u00e4ri, vahetada teavet ja <a href=\"https:\/\/www.hydraulic-cylinders.net\/et\/contact-us\/\">teha meiega koost\u00f6\u00f6d<\/a>!<\/p>","protected":false},"excerpt":{"rendered":"<p>Electric Furnace Cover Lifting Cylinder The electric furnace cover lifting cylinder is a cutting-edge solution designed to enhance safety and efficiency in industrial furnace operations. As a crucial component of furnace equipment, this cylinder facilitates the lifting and lowering of the furnace cover with precision and ease. The electric furnace cover lifting cylinder is vital [&hellip;]<\/p>","protected":false},"featured_media":1692,"comment_status":"open","ping_status":"closed","template":"","meta":{"_et_pb_use_builder":"","_et_pb_old_content":"","_et_gb_content_width":""},"product_brand":[],"product_cat":[1549,1524,1376],"product_tag":[1380],"class_list":{"0":"post-1690","1":"product","2":"type-product","3":"status-publish","4":"has-post-thumbnail","6":"product_cat-single-acting-hydraulic-cylinder","7":"product_cat-steel-mill-hydraulic-cylinders","8":"product_cat-hydraulic-cylinder","9":"product_tag-hydraulic-cylinder","11":"first","12":"instock","13":"shipping-taxable","14":"product-type-simple"},"amp_enabled":true,"_links":{"self":[{"href":"https:\/\/www.hydraulic-cylinders.net\/et\/wp-json\/wp\/v2\/product\/1690","targetHints":{"allow":["GET"]}}],"collection":[{"href":"https:\/\/www.hydraulic-cylinders.net\/et\/wp-json\/wp\/v2\/product"}],"about":[{"href":"https:\/\/www.hydraulic-cylinders.net\/et\/wp-json\/wp\/v2\/types\/product"}],"replies":[{"embeddable":true,"href":"https:\/\/www.hydraulic-cylinders.net\/et\/wp-json\/wp\/v2\/comments?post=1690"}],"wp:featuredmedia":[{"embeddable":true,"href":"https:\/\/www.hydraulic-cylinders.net\/et\/wp-json\/wp\/v2\/media\/1692"}],"wp:attachment":[{"href":"https:\/\/www.hydraulic-cylinders.net\/et\/wp-json\/wp\/v2\/media?parent=1690"}],"wp:term":[{"taxonomy":"product_brand","embeddable":true,"href":"https:\/\/www.hydraulic-cylinders.net\/et\/wp-json\/wp\/v2\/product_brand?post=1690"},{"taxonomy":"product_cat","embeddable":true,"href":"https:\/\/www.hydraulic-cylinders.net\/et\/wp-json\/wp\/v2\/product_cat?post=1690"},{"taxonomy":"product_tag","embeddable":true,"href":"https:\/\/www.hydraulic-cylinders.net\/et\/wp-json\/wp\/v2\/product_tag?post=1690"}],"curies":[{"name":"wp","href":"https:\/\/api.w.org\/{rel}","templated":true}]}}