{"id":16902,"date":"2025-01-21T06:11:41","date_gmt":"2025-01-21T06:11:41","guid":{"rendered":"https:\/\/www.hydraulic-cylinders.net\/product\/arm-cylinder-for-dasin-ds35\/"},"modified":"2025-01-21T06:11:43","modified_gmt":"2025-01-21T06:11:43","slug":"arm-cylinder-for-dasin-ds35","status":"publish","type":"product","link":"https:\/\/www.hydraulic-cylinders.net\/et\/toode\/arm-cylinder-for-dasin-ds35\/","title":{"rendered":"Dasin DS35 k\u00e4epideme silinder"},"content":{"rendered":"<h2>Dasin DS35 k\u00e4epideme silinder<\/h2>\n<h3>Sissejuhatus<\/h3>\n<p>Dasin DS35 \u00f5lavarre silinder on h\u00fcdraulilise silindri t\u00fc\u00fcp, mis on spetsiaalselt loodud lineaarse liikumise ja j\u00f5u tagamiseks erinevat t\u00fc\u00fcpi masinate, n\u00e4iteks ekskavaatorite, kraanade ja robotk\u00e4te \u00f5lavarrele. \u00d5lavarre silinder m\u00e4ngib h\u00fcdraulikas\u00fcsteemides kriitilist rolli, v\u00f5imaldades lisat\u00f6\u00f6riistade v\u00f5i lisaseadmete t\u00f5husat liikumist ja juhtimist. Need silindrid mitte ainult ei taga sujuvat liikumist, vaid taluvad ka suuri koormusi, tagades masinate t\u00f5husa t\u00f6\u00f6 ja t\u00f6\u00f6kindluse erinevates t\u00f6\u00f6tingimustes.<\/p>\n<p><img decoding=\"async\" src=\"https:\/\/www.hydraulic-cylinders.net\/wp-content\/uploads\/2025\/01\/songte-company-2.webp\" \/><\/p>\n<h3>Omadused<\/h3>\n<ul>\n<li><strong>T\u00f5hus j\u00f5u\u00fclekanne:<\/strong> K\u00e4e silinder tagab v\u00f5imsa lineaarse liikumise ja j\u00f5u, tagades robotk\u00e4e k\u00f5rge j\u00f5udluse erinevates toimingutes.<\/li>\n<li><strong>T\u00e4pne kontroll:<\/strong> H\u00fcdraulilise s\u00fcsteemi abil saab k\u00e4sivarre silinder saavutada t\u00e4pse liikumise juhtimise, muutes lisat\u00f6\u00f6riistade t\u00f6\u00f6 paindlikumaks ja t\u00e4psemaks.<\/li>\n<li><strong>Vastupidav:<\/strong> K\u00e4epideme silindrid on tavaliselt valmistatud \u00fclitugevatest materjalidest, millel on hea kulumiskindlus ja korrosioonikindlus, mist\u00f5ttu need sobivad pikaajaliseks kasutamiseks karmides keskkondades.<\/li>\n<li><strong>Mitmeotstarbeline kohanemisv\u00f5ime:<\/strong> Neid silindreid saab laialdaselt kasutada erinevat t\u00fc\u00fcpi masinates, n\u00e4iteks ekskavaatorites, kraanades ja robotk\u00e4tes, kohandudes erinevate t\u00f6\u00f6n\u00f5uetega.<\/li>\n<li><strong>Lihtne hooldus:<\/strong> Lihtsaks hoolduseks ja vahetamiseks loodud regulaarsed kontrollid ja hooldus muutuvad mugavamaks, v\u00e4hendades seadmete seisakuid.<\/li>\n<\/ul>\n<p>Me saame seda toodet toota ja meie toode saab neid h\u00fcdrosilindreid ideaalselt asendada.<\/p>\n<p><img decoding=\"async\" src=\"https:\/\/www.hydraulic-cylinders.net\/wp-content\/uploads\/2025\/01\/songte-oil-pipes-and-spare-parts.webp\" \/><\/p>\n<h3>Rakendused<\/h3>\n<p>K\u00e4epideme silindrit kasutatakse erinevates t\u00f6\u00f6stusharudes, sealhulgas:<\/p>\n<ul>\n<li><strong>Ehitus:<\/strong> Ekskavaatorites ja kraanades kasutatakse poomisilindrit koppade v\u00f5i poomide liikumise juhtimiseks mullat\u00f6\u00f6del, materjalide k\u00e4itlemisel ja konstruktsioonide paigaldamisel.<\/li>\n<li><strong>Tootmine:<\/strong> Automatiseeritud tootmisliinidel kasutatakse k\u00e4sivarre silindrit robotk\u00e4sivarte liigutamiseks, montaa\u017ei-, keevitus- ja materjalik\u00e4itlusprotsesside teostamiseks, parandades tootmise efektiivsust ja t\u00e4psust.<\/li>\n<li><strong>P\u00f5llumajandusmasinad:<\/strong> P\u00f5llumajandusmasinates, n\u00e4iteks kombainides ja k\u00fclvikutes, juhib \u00f5\u00f5tshoova silinder juhthoova liikumist, t\u00e4ites selliseid \u00fclesandeid nagu k\u00fclvamine, v\u00e4etamine ja koristamine.<\/li>\n<li><strong>Kaevandamine:<\/strong> Kaevandusseadmetes kasutatakse \u00f5lasilindrit kaevandusseadmete \u00f5la liikumise juhtimiseks, kaevandamise ja materjalide k\u00e4itlemise \u00fclesannete t\u00e4itmiseks.<\/li>\n<li><strong>Logistika ja transport:<\/strong> Kahvelt\u00f5stukites ja robotites kasutatakse k\u00e4sisilindrit lasti t\u00f5stmise ja liikumise juhtimiseks, materjalide k\u00e4itlemiseks ja virnastamiseks.<\/li>\n<\/ul>\n<h3>Projekteerimiskaalutlused ja valikukriteeriumid<\/h3>\n<p>K\u00e4epideme silindri projekteerimis- ja valikukriteeriumid h\u00f5lmavad j\u00e4rgmist:<\/p>\n<ul>\n<li><strong>Kandev\u00f5ime:<\/strong> K\u00e4epideme silinder peaks suutma vastu pidada masina ja sellega kaasasoleva lisavarustuse koormusele.<\/li>\n<li><strong>Tihendus:<\/strong> K\u00e4epideme silindris tuleks kasutada erinevat t\u00fc\u00fcpi tihendeid, n\u00e4iteks kolvitihendeid ja vardatihendeid, mis on valmistatud kulumiskindlatest materjalidest nagu pol\u00fcuretaan ja nitriilkummi.<\/li>\n<li><strong>Vastupidavus:<\/strong> K\u00e4epideme silinder peaks olema valmistatud \u00fclitugevatest materjalidest ning sellel peaks olema hea kulumiskindlus ja korrosioonikindlus, mis sobib kasutamiseks karmides keskkondades.<\/li>\n<li><strong>Ohutus:<\/strong> K\u00e4epideme silindril peaks olema ohutustegur, et v\u00e4ltida purunemist v\u00f5i \u00f5nnetusi t\u00f6\u00f6tamise ajal.<\/li>\n<li><strong>Hooldatavus:<\/strong> K\u00e4epideme silinder peaks olema konstrueeritud nii, et seda oleks lihtne hooldada ja vahetada, v\u00e4hendades hoolduskulusid ja seadmete seisakuid.<\/li>\n<\/ul>\n<p><img decoding=\"async\" src=\"https:\/\/www.hydraulic-cylinders.net\/wp-content\/uploads\/2025\/01\/songte-cylinder-head-with-all-kinds-excavator-models.webp\" \/><\/p>\n<h3>Tihendus ja m\u00e4\u00e4rimine<\/h3>\n<p>\u00d5\u00f5tshoova silindris tuleks kasutada erinevat t\u00fc\u00fcpi tihendeid, n\u00e4iteks kolvitihendeid ja vardatihendeid, mis on valmistatud kulumiskindlatest materjalidest, n\u00e4iteks pol\u00fcuretaanist ja nitriilkummist. Silindri korpus ja keermepind peaksid olema t\u00e4pselt t\u00f6\u00f6deldud, et parandada kulumiskindlust. \u00d5\u00f5tshoova silindrit tuleb regulaarselt m\u00e4\u00e4rida sobiva koguse h\u00fcdraulika\u00f5liga, et tagada sujuv t\u00f6\u00f6.<\/p>\n<h3>Hooldus ja t\u00f5rkeotsing<\/h3>\n<p>K\u00e4epideme t\u00f5husa t\u00f6\u00f6 tagamiseks on vajalik regulaarne hooldus. Hooldus h\u00f5lmab lekete kontrollimist, silindri puhastamist, tihendite vahetamist ja kolvivarda kahjustuste kontrollimist. Veaotsingu korral v\u00f5ivad abiks olla j\u00e4rgmised n\u00e4pun\u00e4ited:<\/p>\n<ul>\n<li><strong>Probleem:<\/strong> Silinder ei liigu v\u00f5i liigub aeglaselt.<\/li>\n<li><strong>Lahendus:<\/strong> Kontrollige h\u00fcdraulika\u00f5li taset, \u00f5lipumpa ja ventiili.<\/li>\n<li><strong>Probleem:<\/strong> Silinder liigub eba\u00fchtlaselt v\u00f5i vibreerib.<\/li>\n<li><strong>Lahendus:<\/strong> Kontrollige kolvivarda kahjustuste v\u00f5i painde suhtes ja kontrollige h\u00fcdraulika\u00f5li viskoossust.<\/li>\n<\/ul>\n<p>Ennetusmeetmete hulka kuuluvad tootja juhiste j\u00e4rgimine, regulaarne hooldus ning h\u00fcdraulikas\u00fcsteemi r\u00f5hu ja temperatuuri j\u00e4lgimine.<\/p>\n<p><img decoding=\"async\" src=\"https:\/\/www.hydraulic-cylinders.net\/wp-content\/uploads\/2025\/01\/songte-chushion-collar.webp\" \/><\/p>\n<h3>Paigaldusjuhend<\/h3>\n<p>K\u00e4epideme silindri paigaldamine n\u00f5uab kahjustuste v\u00f5i \u00f5nnetuste v\u00e4ltimiseks ettevaatust. Paigaldusprotsessi juhised:<\/p>\n<ol>\n<li>Valmistage ette h\u00fcdros\u00fcsteem ja poomi silinder vastavalt tootja juhistele.<\/li>\n<li>Paigaldage silinder masinale, veendudes, et see on \u00f5igesti joondatud ja toestatud.<\/li>\n<li>\u00dchendage h\u00fcdraulikavoolikud silindriga.<\/li>\n<li>Kontrollige lekkeid ja testige silindri t\u00f6\u00f6d.<\/li>\n<\/ol>\n<p><img decoding=\"async\" src=\"https:\/\/www.hydraulic-cylinders.net\/wp-content\/uploads\/2025\/01\/songte-bushings-with-all-kinds-of-excavator-models.webp\" \/><\/p>\n<h3>Ohutuskaalutlused ja keskkonnategurid<\/h3>\n<p>H\u00fcdrovarda silindri t\u00f6\u00f6 peaks vastama tootja juhistele ja ohutusn\u00f5uetele. Ohutusn\u00f5uded h\u00f5lmavad kaitsevarustuse kasutamist, regulaarset hooldust ning h\u00fcdros\u00fcsteemi lekete ja r\u00f5hu kontrollimist. Keskkonnategurite hulka kuuluvad h\u00fcdro\u00f5li n\u00f5uetekohane k\u00f5rvaldamine ja kohalike eeskirjade j\u00e4rgimine.<\/p>\n<h3>Meist<\/h3>\n<p>Oleme professionaalne h\u00fcdrosilindrite tootja laia tootevalikuga ning oleme saanud \u00fcheks juhtivaks h\u00fcdrosilindrite tootjaks ja hulgim\u00fc\u00fcjaks nii sise- kui ka rahvusvahelisel turul. Peame alati kinni suurep\u00e4rase kvaliteedi p\u00f5him\u00f5ttest, tuginedes t\u00e4ppistootmist\u00f6\u00f6kodades industrialiseeritud tootmisjuhtimise strateegiatele, t\u00e4iustades pidevalt oma tehnilist taset ja tootmise efektiivsust.<\/p>\n<p>Tipptasemel digitaalsete tootmisseadmete ja professionaalsete tuvastuss\u00fcsteemide kasutuselev\u00f5tuga optimeerime pidevalt tootmisplatvormi, t\u00e4iustame tootekvaliteedi kontrolli protsesse ja omame tugevat innovatsiooniv\u00f5imet. Meie eesm\u00e4rk on rahuldada klientide mitmekesiseid vajadusi suure efektiivsuse, t\u00e4psuse ja k\u00f5rge kvaliteediga.<\/p>\n<p>Pakume professionaalseid teenuseid, rahvusvahelisi sertifikaate, kohandatud teenuseid, t\u00e4iustatud tootmisseadmeid ja igak\u00fclgset m\u00fc\u00fcgij\u00e4rgset teenindust.<\/p>\n<p><img decoding=\"async\" src=\"https:\/\/www.hydraulic-cylinders.net\/wp-content\/uploads\/2025\/01\/songte-company-4.webp\" \/><br \/>\n<img decoding=\"async\" src=\"https:\/\/www.hydraulic-cylinders.net\/wp-content\/uploads\/2025\/01\/songte-company-3.webp\" \/><\/p>\n<p>Autor: lyl<\/p>","protected":false},"excerpt":{"rendered":"<p>Arm Cylinder For Dasin DS35 Introduction The Arm Cylinder for Dasin DS35 is a type of hydraulic cylinder designed specifically to provide linear motion and power to the arm of various types of machinery, such as excavators, cranes, and robotic arms. The arm cylinder plays a critical role in hydraulic systems, enabling the effective movement [&hellip;]<\/p>","protected":false},"featured_media":14774,"comment_status":"open","ping_status":"closed","template":"","meta":{"_et_pb_use_builder":"","_et_pb_old_content":"","_et_gb_content_width":""},"product_brand":[],"product_cat":[1497],"product_tag":[1498,1496],"class_list":{"0":"post-16902","1":"product","2":"type-product","3":"status-publish","4":"has-post-thumbnail","6":"product_cat-arm-cylinders","7":"product_tag-arm-cylinders","8":"product_tag-hydraulic-cylinders","10":"first","11":"instock","12":"shipping-taxable","13":"product-type-simple"},"amp_enabled":true,"_links":{"self":[{"href":"https:\/\/www.hydraulic-cylinders.net\/et\/wp-json\/wp\/v2\/product\/16902","targetHints":{"allow":["GET"]}}],"collection":[{"href":"https:\/\/www.hydraulic-cylinders.net\/et\/wp-json\/wp\/v2\/product"}],"about":[{"href":"https:\/\/www.hydraulic-cylinders.net\/et\/wp-json\/wp\/v2\/types\/product"}],"replies":[{"embeddable":true,"href":"https:\/\/www.hydraulic-cylinders.net\/et\/wp-json\/wp\/v2\/comments?post=16902"}],"wp:featuredmedia":[{"embeddable":true,"href":"https:\/\/www.hydraulic-cylinders.net\/et\/wp-json\/wp\/v2\/media\/14774"}],"wp:attachment":[{"href":"https:\/\/www.hydraulic-cylinders.net\/et\/wp-json\/wp\/v2\/media?parent=16902"}],"wp:term":[{"taxonomy":"product_brand","embeddable":true,"href":"https:\/\/www.hydraulic-cylinders.net\/et\/wp-json\/wp\/v2\/product_brand?post=16902"},{"taxonomy":"product_cat","embeddable":true,"href":"https:\/\/www.hydraulic-cylinders.net\/et\/wp-json\/wp\/v2\/product_cat?post=16902"},{"taxonomy":"product_tag","embeddable":true,"href":"https:\/\/www.hydraulic-cylinders.net\/et\/wp-json\/wp\/v2\/product_tag?post=16902"}],"curies":[{"name":"wp","href":"https:\/\/api.w.org\/{rel}","templated":true}]}}