{"id":16975,"date":"2025-01-21T08:40:18","date_gmt":"2025-01-21T08:40:18","guid":{"rendered":"https:\/\/www.hydraulic-cylinders.net\/?post_type=product&#038;p=16975"},"modified":"2025-04-11T03:15:42","modified_gmt":"2025-04-11T03:15:42","slug":"hcyy11112001-forklift-tilt-cylinder","status":"publish","type":"product","link":"https:\/\/www.hydraulic-cylinders.net\/et\/toode\/hcyy11112001-forklift-tilt-cylinder\/","title":{"rendered":"HCYY11112001 Kahvelt\u00f5stuki kallutussilinder"},"content":{"rendered":"<h1 style=\"text-align: center;\"><strong>HCYY11112001 Kahvelt\u00f5stuki kallutussilinder<\/strong><\/h1>\n<h1 style=\"text-align: center;\"><strong><img loading=\"lazy\" decoding=\"async\" class=\"alignnone size-full wp-image-16977\" src=\"https:\/\/www.hydraulic-cylinders.net\/wp-content\/uploads\/2025\/01\/hcyy11112001-forklift-lifting-cylinder-2.webp\" alt=\"\" width=\"1500\" height=\"517\" srcset=\"https:\/\/www.hydraulic-cylinders.net\/wp-content\/uploads\/2025\/01\/hcyy11112001-forklift-lifting-cylinder-2.webp 1500w, https:\/\/www.hydraulic-cylinders.net\/wp-content\/uploads\/2025\/01\/hcyy11112001-forklift-lifting-cylinder-2-1280x441.webp 1280w, https:\/\/www.hydraulic-cylinders.net\/wp-content\/uploads\/2025\/01\/hcyy11112001-forklift-lifting-cylinder-2-980x338.webp 980w, https:\/\/www.hydraulic-cylinders.net\/wp-content\/uploads\/2025\/01\/hcyy11112001-forklift-lifting-cylinder-2-480x165.webp 480w\" sizes=\"(min-width: 0px) and (max-width: 480px) 480px, (min-width: 481px) and (max-width: 980px) 980px, (min-width: 981px) and (max-width: 1280px) 1280px, (min-width: 1281px) 1500px, 100vw\" \/><\/strong><\/h1>\n<p>Kahvelt\u00f5stuki kallutussilinder HCYY11112001 on iga kahvelt\u00f5stuki oluline j\u00f5uallikas, mis suurendab oluliselt t\u00f6\u00f6 efektiivsust. See suure j\u00f5udlusega kallutussilinder tagab kahvliharude sujuva ja t\u00e4pse kallutamise, v\u00f5imaldades operaatoritel koormaid vaevata ja t\u00e4pselt man\u00f6\u00f6verdada. Olenemata sellest, kas olete l\u00e4rmakas laos, ehitusplatsil v\u00f5i haldate jaotuskeskust, on see kallutussilinder sujuvate t\u00f5stmis- ja virnastamistoimingute v\u00f5ti.<\/p>\n<p>Vastupidavust silmas pidades loodud HCYY11112001 kahvelt\u00f5stuki kallutussilinder paistab silma muljetavaldava kandev\u00f5ime ja usaldusv\u00e4\u00e4rse j\u00f5udluse poolest. See pole lihtsalt komponent; see muudab tootlikkust erinevates rakendustes. N\u00f5uetekohaste kasutusmeetodite ja hooldustavade j\u00e4rgimisega saate hoida seda kallutussilindrit parimal v\u00f5imalikul viisil, suurendades nii ohutust kui ka t\u00f5husust teie kahvelt\u00f5stuki t\u00f6\u00f6s.<\/p>\n<p>Investeerimine tipptasemel komponentidesse nagu HCYY11112001 mitte ainult ei t\u00f5sta teie kahvelt\u00f5stuki j\u00f5udlust, vaid pikendab ka seadmete eluiga. Kogege kvaliteedi erinevust ja tagage oma tegevuse sujuv kulgemine selle asendamatu kallutussilindriga roolis!<\/p>\n<h2><strong> HCYY11112001 Kahvelt\u00f5stuki kallutussilindri parameeter:<\/strong><\/h2>\n<h1 style=\"text-align: center;\"><strong><img loading=\"lazy\" decoding=\"async\" class=\"alignnone size-full wp-image-16976\" src=\"https:\/\/www.hydraulic-cylinders.net\/wp-content\/uploads\/2025\/01\/hcyy11112001-forklift-lifting-cylinder-1.webp\" alt=\"\" width=\"1512\" height=\"145\" srcset=\"https:\/\/www.hydraulic-cylinders.net\/wp-content\/uploads\/2025\/01\/hcyy11112001-forklift-lifting-cylinder-1.webp 1512w, https:\/\/www.hydraulic-cylinders.net\/wp-content\/uploads\/2025\/01\/hcyy11112001-forklift-lifting-cylinder-1-1280x123.webp 1280w, https:\/\/www.hydraulic-cylinders.net\/wp-content\/uploads\/2025\/01\/hcyy11112001-forklift-lifting-cylinder-1-980x94.webp 980w, https:\/\/www.hydraulic-cylinders.net\/wp-content\/uploads\/2025\/01\/hcyy11112001-forklift-lifting-cylinder-1-480x46.webp 480w\" sizes=\"(min-width: 0px) and (max-width: 480px) 480px, (min-width: 481px) and (max-width: 980px) 980px, (min-width: 981px) and (max-width: 1280px) 1280px, (min-width: 1281px) 1512px, 100vw\" \/><\/strong><\/h1>\n<h1 style=\"text-align: center;\"><strong><img loading=\"lazy\" decoding=\"async\" class=\"alignnone size-full wp-image-16978\" src=\"https:\/\/www.hydraulic-cylinders.net\/wp-content\/uploads\/2025\/01\/hcyy11112001-forklift-lifting-cylinder-3.webp\" alt=\"\" width=\"1480\" height=\"709\" srcset=\"https:\/\/www.hydraulic-cylinders.net\/wp-content\/uploads\/2025\/01\/hcyy11112001-forklift-lifting-cylinder-3.webp 1480w, https:\/\/www.hydraulic-cylinders.net\/wp-content\/uploads\/2025\/01\/hcyy11112001-forklift-lifting-cylinder-3-1280x613.webp 1280w, https:\/\/www.hydraulic-cylinders.net\/wp-content\/uploads\/2025\/01\/hcyy11112001-forklift-lifting-cylinder-3-980x469.webp 980w, https:\/\/www.hydraulic-cylinders.net\/wp-content\/uploads\/2025\/01\/hcyy11112001-forklift-lifting-cylinder-3-480x230.webp 480w\" sizes=\"(min-width: 0px) and (max-width: 480px) 480px, (min-width: 481px) and (max-width: 980px) 980px, (min-width: 981px) and (max-width: 1280px) 1280px, (min-width: 1281px) 1480px, 100vw\" \/> <img loading=\"lazy\" decoding=\"async\" class=\"alignnone size-full wp-image-16979\" src=\"https:\/\/www.hydraulic-cylinders.net\/wp-content\/uploads\/2025\/01\/hcyy11112001-forklift-lifting-cylinder-4.webp\" alt=\"\" width=\"1480\" height=\"711\" srcset=\"https:\/\/www.hydraulic-cylinders.net\/wp-content\/uploads\/2025\/01\/hcyy11112001-forklift-lifting-cylinder-4.webp 1480w, https:\/\/www.hydraulic-cylinders.net\/wp-content\/uploads\/2025\/01\/hcyy11112001-forklift-lifting-cylinder-4-1280x615.webp 1280w, https:\/\/www.hydraulic-cylinders.net\/wp-content\/uploads\/2025\/01\/hcyy11112001-forklift-lifting-cylinder-4-980x471.webp 980w, https:\/\/www.hydraulic-cylinders.net\/wp-content\/uploads\/2025\/01\/hcyy11112001-forklift-lifting-cylinder-4-480x231.webp 480w\" sizes=\"(min-width: 0px) and (max-width: 480px) 480px, (min-width: 481px) and (max-width: 980px) 980px, (min-width: 981px) and (max-width: 1280px) 1280px, (min-width: 1281px) 1480px, 100vw\" \/> <img loading=\"lazy\" decoding=\"async\" class=\"alignnone size-full wp-image-16980\" src=\"https:\/\/www.hydraulic-cylinders.net\/wp-content\/uploads\/2025\/01\/hcyy11112001-forklift-lifting-cylinder-5.webp\" alt=\"\" width=\"1496\" height=\"772\" srcset=\"https:\/\/www.hydraulic-cylinders.net\/wp-content\/uploads\/2025\/01\/hcyy11112001-forklift-lifting-cylinder-5.webp 1496w, https:\/\/www.hydraulic-cylinders.net\/wp-content\/uploads\/2025\/01\/hcyy11112001-forklift-lifting-cylinder-5-1280x661.webp 1280w, https:\/\/www.hydraulic-cylinders.net\/wp-content\/uploads\/2025\/01\/hcyy11112001-forklift-lifting-cylinder-5-980x506.webp 980w, https:\/\/www.hydraulic-cylinders.net\/wp-content\/uploads\/2025\/01\/hcyy11112001-forklift-lifting-cylinder-5-480x248.webp 480w\" sizes=\"(min-width: 0px) and (max-width: 480px) 480px, (min-width: 481px) and (max-width: 980px) 980px, (min-width: 981px) and (max-width: 1280px) 1280px, (min-width: 1281px) 1496px, 100vw\" \/><\/strong><\/h1>\n<h2><\/h2>\n<h2><strong>Kahvelt\u00f5stuki silindrite seeria:\u00a0<\/strong><\/h2>\n<h2><img loading=\"lazy\" decoding=\"async\" class=\"alignnone size-full wp-image-16971\" src=\"https:\/\/www.hydraulic-cylinders.net\/wp-content\/uploads\/2025\/01\/fork-lift-cylinder.webp\" alt=\"\" width=\"2004\" height=\"2529\" srcset=\"https:\/\/www.hydraulic-cylinders.net\/wp-content\/uploads\/2025\/01\/fork-lift-cylinder.webp 2004w, https:\/\/www.hydraulic-cylinders.net\/wp-content\/uploads\/2025\/01\/fork-lift-cylinder-1280x1615.webp 1280w, https:\/\/www.hydraulic-cylinders.net\/wp-content\/uploads\/2025\/01\/fork-lift-cylinder-980x1237.webp 980w, https:\/\/www.hydraulic-cylinders.net\/wp-content\/uploads\/2025\/01\/fork-lift-cylinder-480x606.webp 480w\" sizes=\"(min-width: 0px) and (max-width: 480px) 480px, (min-width: 481px) and (max-width: 980px) 980px, (min-width: 981px) and (max-width: 1280px) 1280px, (min-width: 1281px) 2004px, 100vw\" \/><\/h2>\n<h1><strong>HCYY11112001 kahvelt\u00f5stuki kallutussilindri p\u00f5hijooned:<\/strong><\/h1>\n<h4><strong>1. Vastupidav konstruktsioon<\/strong><\/h4>\n<p>Kvaliteetsetest materjalidest valmistatud HCYY11112001 kahvelt\u00f5stuki kallutussilinder on loodud vastu pidama rasketele kasutustingimustele ja keerulistele keskkondadele. See vastupidav konstruktsioon tagab, et silinder talub l\u00f6\u00f6ke, vibratsiooni ja \u00e4\u00e4rmuslikke tingimusi, muutes selle usaldusv\u00e4\u00e4rseks valikuks igas t\u00f6\u00f6keskkonnas.<\/p>\n<h4><strong>2. Suur kandev\u00f5ime<\/strong><\/h4>\n<p>See kallutussilinder on konstrueeritud muljetavaldava kandev\u00f5imega ning tagab t\u00f5steoperatsioonide ajal maksimaalse stabiilsuse ja ohutuse. Selle v\u00f5ime k\u00e4sitseda suuri koormusi t\u00e4hendab, et v\u00f5ite selle usaldusv\u00e4\u00e4rset toimimist usaldada, olgu selleks kaubaaluste virnastamine laos v\u00f5i materjalide t\u00f5stmine ehitusplatsil.<\/p>\n<h4><strong>3. Sujuv t\u00f6\u00f6<\/strong><\/h4>\n<p>HCYY11112001-l on t\u00e4iustatud h\u00fcdrauliline disain, mis v\u00f5imaldab sujuvat kallutamist. See sujuv t\u00f6\u00f6 suurendab koorma paigutamise t\u00e4psust ja aitab kaasa \u00fcldise tootlikkuse suurenemisele. Operaatorid saavad kaldenurka pingutuseta reguleerida, mis v\u00f5imaldab erinevate materjalide t\u00f5husamat k\u00e4sitsemist.<\/p>\n<h4><strong>4. Korrosioonikindlus<\/strong><\/h4>\n<p>Spetsiaalselt t\u00f6\u00f6deldud pindadega HCYY11112001 on loodud rooste- ja kulumiskindlaks. See korrosioonikindlus pikendab oluliselt silindri eluiga, tagades selle optimaalse j\u00f5udluse isegi niiskes v\u00f5i keemiliselt agressiivses keskkonnas. V\u00f5ite loota, et see komponent toimib usaldusv\u00e4\u00e4rselt veel aastaid.<\/p>\n<h4><strong>5. Lihtne paigaldamine<\/strong><\/h4>\n<p>Lihtsaks paigaldamiseks loodud HCYY11112001 minimeerib seisakuid ja hoolduskulusid. Intuitiivne disain v\u00f5imaldab kiiret seadistamist, nii et saate oma kahvelt\u00f5stuki uuesti t\u00f6\u00f6le panna ilma tarbetute viivitusteta. See lihtne paigaldus t\u00e4hendab v\u00e4hem vaeva ja suuremat tootlikkust teie tegevuses.<\/p>\n<h4><strong>6. Mitmek\u00fclgne \u00fchilduvus<\/strong><\/h4>\n<p>HCYY11112001 on loodud \u00fchilduma paljude kahvelt\u00f5stukite mudelitega, muutes selle mitmek\u00fclgseks valikuks mitmesuguste rakenduste jaoks. See kohandatavus v\u00f5imaldab ettev\u00f5tetel oma olemasolevaid seadmeid t\u00e4iustada ilma \u00fchilduvusprobleemide p\u00e4rast muretsemata, tagades sujuva integratsiooni teie masinaparki.<\/p>\n<h4><strong>7. T\u00e4iustatud turvafunktsioonid<\/strong><\/h4>\n<p>Sisseehitatud ohutusmehhanismidega varustatud kallutussilinder pakub t\u00f6\u00f6 ajal meelerahu. Selle disain hoiab \u00e4ra ootamatud liikumised, v\u00e4hendades \u00f5nnetuste ohtu ja tagades koormate turvalisuse. Ohutuse esikohale seadmine aitab luua usaldusv\u00e4\u00e4rsema t\u00f6\u00f6keskkonna.<\/p>\n<p>Valides HCYY11112001 kahvelt\u00f5stuki kallutussilindri, saate kasu tootest, mis \u00fchendab endas vastupidavuse, t\u00f5hususe ja ohutuse, tagades teie kahvelt\u00f5stuki sujuva ja t\u00f5husa t\u00f6\u00f6.<\/p>\n<h2><strong>Kuidas parandab kahvelt\u00f5stuki kallutussilinder koorma k\u00e4itlemist ja t\u00f6\u00f6 efektiivsust?<\/strong><\/h2>\n<p>Kahvelt\u00f5stuki kallutussilinder muudab koorma k\u00e4itlemist ja suurendab t\u00f6\u00f6 efektiivsust. Nii saavutatakse see:<\/p>\n<h4>1. <strong>T\u00e4ppiskontroll<\/strong><\/h4>\n<p>Kallutussilinder v\u00f5imaldab operaatoritel kahvlite nurka t\u00e4pselt reguleerida, mis v\u00f5imaldab koormaid t\u00e4pselt positsioneerida. See t\u00e4psus on oluline kukkumise v\u00f5i joondamise v\u00e4ltimiseks, eriti raskete v\u00f5i habraste esemete puhul. Kujutage ette, et asetate koorma t\u00e4pselt sinna, kuhu vaja \u2013 see kontroll suurendab ohutust ja v\u00e4hendab kallite kahjustuste ohtu.<\/p>\n<h4>2. <strong>T\u00e4iustatud stabiilsus<\/strong><\/h4>\n<p>Silinder aitab hoida koorma raskuskeset madalamal, v\u00f5imaldades operaatoritel kahvlit kallutada. See suurem stabiilsus on t\u00f5stmise ja transportimise ajal \u00fclioluline, eriti tiheda liiklusega keskkondades v\u00f5i ebatasasel pinnal. Parema stabiilsusega on \u00fcmberkukkumise v\u00f5i k\u00f5ikumise oht oluliselt v\u00e4iksem, andes operaatoritele iga man\u00f6\u00f6vri puhul kindlustunde.<\/p>\n<h4>3. <strong>T\u00f5hus virnastamine<\/strong><\/h4>\n<p>Kahvlite kallutamise v\u00f5imalus h\u00f5lbustab kaubaaluste ja materjalide t\u00f5husamat virnastamist. See v\u00f5ime on eriti kasulik vertikaalse hoiuruumi maksimeerimiseks ladudes v\u00f5i jaotuskeskustes. Operaatorid saavad koormaid h\u00f5lpsalt kitsastesse kohtadesse man\u00f6\u00f6verdada, kasutades maksimaalselt \u00e4ra iga sentimeetrit olemasolevat ruumi ja parandades \u00fcldist laokorraldust.<\/p>\n<h4>4. <strong>V\u00e4iksem operaatori koormus<\/strong><\/h4>\n<p>H\u00e4sti disainitud kallutussilinder v\u00e4hendab operaatorite f\u00fc\u00fcsilist pingutust, v\u00f5imaldades koormate optimaalset positsioneerimist minimaalse k\u00e4sitsi sekkumisega. See ergonoomiline eelis mitte ainult ei v\u00e4henda operaatori v\u00e4simust, vaid v\u00e4hendab oluliselt ka t\u00f6\u00f6\u00f5nnetuste ohtu. Mugavuse suurendamise kaudu v\u00f5imaldab see operaatoritel keskenduda k\u00e4silolevale \u00fclesandele, suurendades tootlikkust.<\/p>\n<h4>5. <strong>Kiirendatud toimingud<\/strong><\/h4>\n<p>T\u00e4nu kallutussilindrite sujuvale ja kiirele reguleerimisele muutuvad peale- ja mahalaadimisprotsessid m\u00e4rkimisv\u00e4\u00e4rselt kiiremaks. See efektiivsus t\u00e4hendab kiiremaid p\u00f6\u00f6rdeaegu, mis on \u00fclioluline suure n\u00f5udlusega keskkondades. Kujutage ette, kui palju rohkem saaks vahetuse jooksul \u00e4ra teha, kui iga sekund loeb!<\/p>\n<h4>6. <strong>Mitmek\u00fclgsus k\u00e4sitsemisel<\/strong><\/h4>\n<p>Kallutussilindrid v\u00f5imaldavad kahvelt\u00f5stukitel hallata v\u00e4ga erinevaid koormaid, sealhulgas unikaalse kuju v\u00f5i suurusega koormaid. See mitmek\u00fclgsus v\u00e4listab vajaduse spetsiaalsete seadmete j\u00e4rele erinevate \u00fclesannete jaoks, v\u00f5imaldades ettev\u00f5tetel kiiresti kohaneda muutuvate n\u00f5udmistega. Olgu tegemist kaubaaluste, konteinerite v\u00f5i ebatavalise kujuga materjalide t\u00f5stmisega, kallutussilinder tagab sujuva t\u00f6\u00f6.<\/p>\n<h4>7. <strong>T\u00e4iustatud ohutusfunktsioonid<\/strong><\/h4>\n<p>Paljud t\u00e4nap\u00e4evased kallutussilindrid on varustatud sisseehitatud ohutusmehhanismidega, mis takistavad ootamatuid liikumisi. See t\u00e4iendav ohutuskiht annab operaatoritele meelerahu, teades, et koorem p\u00fcsib transportimise ajal kindlalt paigal. Ohutum t\u00f6\u00f6keskkond parandab meeskonna \u00fcldist moraali ja suurendab t\u00f6\u00f6 efektiivsust.<\/p>\n<p>Kokkuv\u00f5ttes ei ole kahvelt\u00f5stuki kallutussilinder lihtsalt komponent; see muudab materjalik\u00e4itluse toimimist t\u00e4ielikult. T\u00e4psuse, stabiilsuse ja mitmek\u00fclgsuse suurendamise abil annab see operaatoritele v\u00f5imaluse oma \u00fclesandeid t\u00f5husamalt ja ohutumalt t\u00e4ita. Kvaliteetsetesse kallutussilindritesse, nagu n\u00e4iteks HCYY11112001, investeerimine v\u00f5ib oluliselt parandada tootlikkust ja t\u00f6\u00f6ohutust, muutes need hindamatuks varaks igas tegevuses.<\/p>\n<h2><strong>Kahvelt\u00f5stuki silindrite tootmispiirkond:<\/strong><\/h2>\n<h2><img loading=\"lazy\" decoding=\"async\" class=\"alignnone size-full wp-image-16972\" src=\"https:\/\/www.hydraulic-cylinders.net\/wp-content\/uploads\/2025\/01\/hydraulic-cylinder-factory-1-scaled.webp\" alt=\"\" width=\"2016\" height=\"2560\" srcset=\"https:\/\/www.hydraulic-cylinders.net\/wp-content\/uploads\/2025\/01\/hydraulic-cylinder-factory-1-scaled.webp 2016w, https:\/\/www.hydraulic-cylinders.net\/wp-content\/uploads\/2025\/01\/hydraulic-cylinder-factory-1-1280x1625.webp 1280w, https:\/\/www.hydraulic-cylinders.net\/wp-content\/uploads\/2025\/01\/hydraulic-cylinder-factory-1-980x1244.webp 980w, https:\/\/www.hydraulic-cylinders.net\/wp-content\/uploads\/2025\/01\/hydraulic-cylinder-factory-1-480x610.webp 480w\" sizes=\"(min-width: 0px) and (max-width: 480px) 480px, (min-width: 481px) and (max-width: 980px) 980px, (min-width: 981px) and (max-width: 1280px) 1280px, (min-width: 1281px) 2016px, 100vw\" \/><\/h2>\n<p>Meil on esmaklassiline s\u00f5ltumatu teadus- ja arendusplatvorm montaa\u017eiks. Kahvelt\u00f5stuki silindrite tootmist\u00f6\u00f6kojas on neli poolautomaatset t\u00f5stesilindrite montaa\u017eiliini ja t\u00e4isautomaatne kallutussilindrite montaa\u017eiliin, mille projekteeritud aastane tootmisv\u00f5imsus on miljon t\u00fckki. Spetsiaalses silindrite t\u00f6\u00f6kojas on erineva spetsifikatsiooniga poolautomaatsed puhastus- ja montaa\u017eis\u00fcsteemid, mille projekteeritud aastane tootmisv\u00f5imsus on 200 000 t\u00fckki. See on varustatud tuntud kaubam\u00e4rgi CNC-t\u00f6\u00f6tlemisseadmetega, t\u00f6\u00f6tlemiskeskustega, spetsiaalseadmetega silindrite \u00fclit\u00e4pseks t\u00f6\u00f6tlemiseks, robotkeevitusmasinatega, automaatsete puhastusmasinatega, automaatsete silindrite montaa\u017eimasinatega ja automaatsete v\u00e4rvimisliinidega. Meil \u200b\u200bt\u00f6\u00f6tab \u00fcle 300 komplekti v\u00f5tmeseadmeid. Seadmete ressursside optimeeritud jaotus ja t\u00f5hus kasutamine tagavad toodete t\u00e4psusn\u00f5uded ja vastavuse toodete k\u00f5rgetele kvaliteedin\u00f5uetele.<\/p>\n<p>T\u00f6\u00f6tlemistsehh on varustatud eritellimusel valmistatud kaldr\u00f6\u00f6baste treikeskuste, t\u00f6\u00f6tlemiskeskuste, kiirete hoonimismasinate, keevitusrobotite ja muude asjakohaste seadmetega, mis suudavad t\u00f6\u00f6delda silindritorusid maksimaalse sisediameetriga 400 mm ja maksimaalse pikkusega 6 meetrit.<\/p>\n<h2><img loading=\"lazy\" decoding=\"async\" class=\"alignnone size-full wp-image-16973\" src=\"https:\/\/www.hydraulic-cylinders.net\/wp-content\/uploads\/2025\/01\/hydraulic-cylinder-factory-2-scaled.webp\" alt=\"\" width=\"2011\" height=\"2560\" srcset=\"https:\/\/www.hydraulic-cylinders.net\/wp-content\/uploads\/2025\/01\/hydraulic-cylinder-factory-2-scaled.webp 2011w, https:\/\/www.hydraulic-cylinders.net\/wp-content\/uploads\/2025\/01\/hydraulic-cylinder-factory-2-1280x1629.webp 1280w, https:\/\/www.hydraulic-cylinders.net\/wp-content\/uploads\/2025\/01\/hydraulic-cylinder-factory-2-980x1248.webp 980w, https:\/\/www.hydraulic-cylinders.net\/wp-content\/uploads\/2025\/01\/hydraulic-cylinder-factory-2-480x611.webp 480w\" sizes=\"(min-width: 0px) and (max-width: 480px) 480px, (min-width: 481px) and (max-width: 980px) 980px, (min-width: 981px) and (max-width: 1280px) 1280px, (min-width: 1281px) 2011px, 100vw\" \/><\/h2>\n<p>Meil on t\u00e4isautomaatne vesialusel v\u00e4rvimisliin v\u00e4ikeste ja keskmiste balloonide jaoks, mis rakendab automaatseid laadimis- ja mahalaadimisroboteid ning automaatseid pihustusroboteid kavandatud tootmisv\u00f5imsusega 4000 kohta vahetuses. Meil \u200b\u200bon teine \u200b\u200bpoolautomaatne v\u00e4rvimisliin suurte balloonide jaoks, mida k\u00e4itab j\u00f5ukett, mille kavandatud tootmisv\u00f5imsus on 60 kasti vahetuses.<\/p>\n<p>Toote toimivuse edasiseks parandamiseks ja meie h\u00fcdrauliliste silindrite juhtpositsiooni kindlustamiseks t\u00f6\u00f6stuses asutasid meie ettev\u00f5te ja zjimee \u00fchiselt h\u00fcdrauliliste silindrite, h\u00fcdrauliliste ventiilide ja h\u00fcdrauliliste pumpade tervikliku j\u00f5udluslabori; laboris tehakse arvuti abil elektroh\u00fcdraulilise tehnoloogia abil katsetingimusi, mis on arvuti abil eelnevalt seadistatud, mis parandab katse t\u00e4psust ja s\u00fcsteemi mitmek\u00fclgsust ning eksperimentaalseid andmeid.<\/p>\n<p>Automaatne kogumine toimub andurite abil ning v\u00e4ljundandmed, n\u00e4iteks silindri v\u00f5i klapi sisemine leke ja koormust\u00f5husus, t\u00f6\u00f6deldakse otse arvuti poolt ja teisendatakse standard\u00fchikuteks (ml\/min%). Samal ajal teostatakse h\u00fcdraulikas\u00fcsteemi t\u00f6\u00f6ohutuse tagamiseks oleku j\u00e4lgimise funktsiooni selliste oluliste j\u00f5udlusparameetrite jaoks nagu \u201e\u00f5li temperatuuri j\u00e4lgimine, vedeliku taseme j\u00e4lgimine, filtriseadme j\u00e4lgimine\u201c jne. Nende hulgas saab h\u00fcdraulikasilindri katsestend testida \u201ekoormuse\u201c j\u00f5udlust.<br \/>\nefektiivsust \u201eja\u201c siseleket\u201d n\u00e4itude abil. Samal ajal on see varustatud v\u00f5rega m\u00f5\u00f5tevahendiga, mis vastab k\u00f5igi h\u00fcdrauliliste silindrite toodete katseobjektide n\u00f5uetele vastavalt riiklikule standardile.<\/p>","protected":false},"excerpt":{"rendered":"<p>HCYY11112001 Forklift Tilt Cylinder The HCYY11112001 Forklift Tilt Cylinder is an essential powerhouse for any forklift, significantly boosting operational efficiency. This high-performance tilt cylinder ensures smooth and precise tilting of the fork arms, allowing operators to maneuver loads effortlessly and accurately. Whether you&#8217;re in a bustling warehouse, on a construction site, or managing a distribution [&hellip;]<\/p>","protected":false},"featured_media":16981,"comment_status":"open","ping_status":"closed","template":"","meta":{"_et_pb_use_builder":"","_et_pb_old_content":"","_et_gb_content_width":""},"product_brand":[],"product_cat":[1550,1484,1376],"product_tag":[],"class_list":{"0":"post-16975","1":"product","2":"type-product","3":"status-publish","4":"has-post-thumbnail","6":"product_cat-double-acting-hydraulic-cylinder","7":"product_cat-forklift-hydraulic-cylinders","8":"product_cat-hydraulic-cylinder","10":"first","11":"instock","12":"shipping-taxable","13":"product-type-simple"},"amp_enabled":true,"_links":{"self":[{"href":"https:\/\/www.hydraulic-cylinders.net\/et\/wp-json\/wp\/v2\/product\/16975","targetHints":{"allow":["GET"]}}],"collection":[{"href":"https:\/\/www.hydraulic-cylinders.net\/et\/wp-json\/wp\/v2\/product"}],"about":[{"href":"https:\/\/www.hydraulic-cylinders.net\/et\/wp-json\/wp\/v2\/types\/product"}],"replies":[{"embeddable":true,"href":"https:\/\/www.hydraulic-cylinders.net\/et\/wp-json\/wp\/v2\/comments?post=16975"}],"wp:featuredmedia":[{"embeddable":true,"href":"https:\/\/www.hydraulic-cylinders.net\/et\/wp-json\/wp\/v2\/media\/16981"}],"wp:attachment":[{"href":"https:\/\/www.hydraulic-cylinders.net\/et\/wp-json\/wp\/v2\/media?parent=16975"}],"wp:term":[{"taxonomy":"product_brand","embeddable":true,"href":"https:\/\/www.hydraulic-cylinders.net\/et\/wp-json\/wp\/v2\/product_brand?post=16975"},{"taxonomy":"product_cat","embeddable":true,"href":"https:\/\/www.hydraulic-cylinders.net\/et\/wp-json\/wp\/v2\/product_cat?post=16975"},{"taxonomy":"product_tag","embeddable":true,"href":"https:\/\/www.hydraulic-cylinders.net\/et\/wp-json\/wp\/v2\/product_tag?post=16975"}],"curies":[{"name":"wp","href":"https:\/\/api.w.org\/{rel}","templated":true}]}}