{"id":1698,"date":"2023-10-11T07:58:47","date_gmt":"2023-10-11T07:58:47","guid":{"rendered":"https:\/\/hydraulic-cylinders.net\/?post_type=product&#038;p=1698"},"modified":"2025-04-11T05:06:40","modified_gmt":"2025-04-11T05:06:40","slug":"electric-furnace-tipping-cylinder","status":"publish","type":"product","link":"https:\/\/www.hydraulic-cylinders.net\/et\/toode\/electric-furnace-tipping-cylinder\/","title":{"rendered":"Elektrilise ahju kallutussilinder"},"content":{"rendered":"<h1 style=\"text-align: center;\"><strong>Elektrilise ahju kallutussilinder<\/strong><\/h1>\n<p><img loading=\"lazy\" decoding=\"async\" class=\"wp-image-1703 aligncenter\" src=\"https:\/\/hydraulic-cylinders.net\/wp-content\/uploads\/2023\/10\/tipping-cylinder-1-2-300x300.webp\" alt=\"\" width=\"400\" height=\"400\" \/><\/p>\n<p>Elektriahju kallutussilinder on tipptasemel toode, mis on loodud t\u00f6\u00f6stusahjude t\u00f6\u00f6 optimeerimiseks, eriti ahjude kallutamise valdkonnas. See uuenduslik silinder pakub vastupidavat ja t\u00f5husat mehhanismi ahjude kontrollitud kallutamiseks, h\u00f5lbustades sujuvat materjali k\u00e4itlemist ja parandades \u00fcldist tootlikkust.<\/p>\n<p>Elektriahju kallutussilinder muudab t\u00f6\u00f6stusahjude t\u00f6\u00f6d revolutsiooniliselt, pakkudes t\u00e4pset juhtimist ja suuremat efektiivsust kallutusprotsessis. Oma vastupidava konstruktsiooni, t\u00e4pse kallutusjuhtimise, elektrilise ajamis\u00fcsteemi ja t\u00e4iustatud ohutusfunktsioonidega lihtsustab see silinder materjalide k\u00e4itlemist, optimeerib ahju j\u00f5udlust ja suurendab tootlikkust. Soovitatavate kasutusmeetodite ja hooldustavade j\u00e4rgimisega saate tagada elektriahju kallutussilindri optimaalse t\u00f6\u00f6 ja pikaealisuse, aidates kaasa ahju sujuvale ja t\u00f5husale t\u00f6\u00f6le teie t\u00f6\u00f6stuskeskkonnas.<\/p>\n<p>Elektriahju kallutussilindri peamised omadused:<\/p>\n<ol>\n<li>Vastupidav konstruktsioon:\n<ul>\n<li>Elektriahju kallutussilinder on valmistatud kvaliteetsetest materjalidest, mis tagab erakordse vastupidavuse ja pikaealisuse.<\/li>\n<li>Selle vastupidav konstruktsioon v\u00f5imaldab tal taluda k\u00f5rgeid temperatuure, suuri koormusi ja n\u00f5udlikku t\u00f6\u00f6stuskeskkonda, ilma et see kahjustaks j\u00f5udlust.<\/li>\n<\/ul>\n<\/li>\n<li>T\u00e4pne kallutamise kontroll:\n<ul>\n<li>See silinder pakub t\u00e4pset ja tundlikku juhtimist kallutusprotsessi \u00fcle, v\u00f5imaldades operaatoritel saavutada soovitud nurgad t\u00e4pselt.<\/li>\n<li>T\u00e4pne kallutuskontroll suurendab t\u00f6\u00f6 efektiivsust, minimeerib materjali mahavalgumist ja optimeerib materjalide voogu ahjus.<\/li>\n<\/ul>\n<\/li>\n<li>Elektriline k\u00e4ivitamine:\n<ul>\n<li>Elektriahju kallutussilinder t\u00f6\u00f6tab elektrilise ajamis\u00fcsteemi abil, mis v\u00e4listab k\u00e4sitsi reguleerimise vajaduse.<\/li>\n<li>See elektriline s\u00fcsteem pakub mugavust, kiirust ja t\u00e4pset juhtimist, sujuvamaks muutes ahju kallutamisprotsessi ja v\u00e4hendades inimlike vigade teket.<\/li>\n<\/ul>\n<\/li>\n<li>Turvaelemendid:\n<ul>\n<li>Silinder on varustatud t\u00e4iustatud ohutusfunktsioonidega, nagu \u00fclekoormuskaitse ja avariipeatusmehhanismid.<\/li>\n<li>Need ohutusfunktsioonid tagavad ohutu ja usaldusv\u00e4\u00e4rse t\u00f6\u00f6, ennetades \u00f5nnetusi ja seadmete kahjustamist kallutamise ajal.<\/li>\n<\/ul>\n<\/li>\n<\/ol>\n<h2><strong>Elektriahju kallutussilindri parameeter:<\/strong><\/h2>\n<table border=\"1\" cellspacing=\"0\" cellpadding=\"0\">\n<tbody>\n<tr>\n<td>Toote nimi<\/td>\n<td>Elektrilise ahju kallutussilinder<\/td>\n<\/tr>\n<tr>\n<td>Ava l\u00e4bim\u00f5\u00f5t:<\/td>\n<td>320 mm<\/td>\n<\/tr>\n<tr>\n<td>Varda l\u00e4bim\u00f5\u00f5t:<\/td>\n<td>300 mm<\/td>\n<\/tr>\n<tr>\n<td>R\u00f5hk:<\/td>\n<td>14MPa<\/td>\n<\/tr>\n<tr>\n<td>T\u00f5ukej\u00f5ud:<\/td>\n<td>Maksimaalselt 989 kN<\/td>\n<\/tr>\n<tr>\n<td>Elektriahju kallutussilindri rakendused:<\/td>\n<td>Elektriline ahi<\/td>\n<\/tr>\n<\/tbody>\n<\/table>\n<div><\/div>\n<div class=\"txtboxR\">\n<div class=\"txtboxL\">\n<div class=\"txtboxL\">\n<div class=\"txtboxL\">\n<div class=\"txtboxL\">T\u00f5ukej\u00f5ud:<\/div>\n<div class=\"txtboxR\">Maksimaalselt 989 kN<br \/>\n(Ava l\u00e4bim\u00f5\u00f5t: 320 mm \/ varda l\u00e4bim\u00f5\u00f5t: 300 \/ r\u00f5hk 14 MPa)<\/div>\n<\/div>\n<\/div>\n<\/div>\n<\/div>\n<h2><strong>Elektriline ahi <\/strong><strong> Silindrite tehas:<\/strong><\/h2>\n<p><img loading=\"lazy\" decoding=\"async\" class=\"alignnone wp-image-1697 size-full\" src=\"https:\/\/hydraulic-cylinders.net\/wp-content\/uploads\/2023\/10\/filter-press-cylinder-1.webp\" alt=\"\" width=\"1418\" height=\"946\" srcset=\"https:\/\/hydraulic-cylinders.net\/wp-content\/uploads\/2023\/10\/filter-press-cylinder-1.webp 1418w, https:\/\/hydraulic-cylinders.net\/wp-content\/uploads\/2023\/10\/filter-press-cylinder-1-1280x854.webp 1280w, https:\/\/hydraulic-cylinders.net\/wp-content\/uploads\/2023\/10\/filter-press-cylinder-1-980x654.webp 980w, https:\/\/hydraulic-cylinders.net\/wp-content\/uploads\/2023\/10\/filter-press-cylinder-1-480x320.webp 480w\" sizes=\"(min-width: 0px) and (max-width: 480px) 480px, (min-width: 481px) and (max-width: 980px) 980px, (min-width: 981px) and (max-width: 1280px) 1280px, (min-width: 1281px) 1418px, 100vw\" \/><\/p>\n<h2><strong>Elektrilise ahju kallutussilindri kasutusmeetod<\/strong><strong>:<\/strong><\/h2>\n<ul>\n<li><strong>Paigaldamine:<\/strong>\n<ul>\n<li>Alustage veendumaks, et elektriahju kallutussilinder on ahju konstruktsioonile kindlalt ja korralikult paigaldatud.<\/li>\n<li>\u00d5ige paigutamise ja kinnitamise osas j\u00e4rgige tootja juhiseid ja spetsifikatsioone.<\/li>\n<li>Veenduge, et k\u00f5ik \u00fchendused, n\u00e4iteks h\u00fcdraulikavoolikud ja elektrijuhtmed, on korralikult kinnitatud ning lekete ja lahtiste \u00fchenduste vabad.<\/li>\n<\/ul>\n<\/li>\n<li><strong>Elektri\u00fchendus:<\/strong>\n<ul>\n<li>\u00dchendage elektriahju kallutussilinder elektriv\u00f5rguga, j\u00e4rgides tootja juhiseid ja elektrikoode.<\/li>\n<li>Veenduge, et k\u00f5ik elektri\u00fchendused on kindlad ja isoleeritud, et v\u00e4ltida v\u00f5imalikke ohte v\u00f5i rikkeid.<\/li>\n<\/ul>\n<\/li>\n<li><strong>Kallutusprotsess:<\/strong>\n<ul>\n<li>Aktiveerige elektriahju kallutussilinder kallutustoiminguteks m\u00f5eldud juhtpaneeli v\u00f5i l\u00fcliti abil.<\/li>\n<li>Silinder kallutab ahju sujuvalt ja t\u00e4pselt soovitud nurga alla, v\u00f5imaldades t\u00f5husat materjali k\u00e4itlemist ja t\u00f6\u00f6tlemist.<\/li>\n<li>J\u00e4lgige kallutamisprotsessi t\u00e4helepanelikult ja tehke vajalikud muudatused, et saavutada konkreetse rakenduse jaoks ideaalne nurk.<\/li>\n<\/ul>\n<\/li>\n<li><strong>Integratsioon juhtimiss\u00fcsteemidega:<\/strong>\n<ul>\n<li>Elektriahju kallutussilindrit saab sujuvalt integreerida olemasolevatesse juhtimiss\u00fcsteemidesse.<\/li>\n<li>N\u00f5uetekohase integreerimise ja \u00fchilduvuse tagamiseks teie konkreetse ahju seadistusega konsulteerige kvalifitseeritud tehnikuga v\u00f5i lugege tootja juhiseid.<\/li>\n<\/ul>\n<\/li>\n<\/ul>\n<h2><strong>Kuidas parandada h\u00fcdraulilist silindrit?<\/strong><\/h2>\n<p>H\u00fcdrosilindri remont n\u00f5uab head arusaamist h\u00fcdraulikas\u00fcsteemidest, sobivaid t\u00f6\u00f6riistu ja ohutusjuhiste j\u00e4rgimist. Siin on \u00fcldine juhend h\u00fcdrosilindri remondiks:<\/p>\n<ol>\n<li><strong>Ohutus ennek\u00f5ike:<\/strong>\n<ul>\n<li>Enne remondit\u00f6\u00f6de alustamist veenduge, et h\u00fcdros\u00fcsteem on r\u00f5huvaba ja silinder ohutu.<\/li>\n<li>Kasutage enda kaitsmiseks v\u00f5imalike ohtude eest sobivaid isikukaitsevahendeid (IKV), n\u00e4iteks kindaid ja kaitseprille.<\/li>\n<\/ul>\n<\/li>\n<li><strong>Probleemi tuvastamine:<\/strong>\n<ul>\n<li>M\u00e4\u00e4rake kindlaks h\u00fcdrosilindri konkreetne probleem. See v\u00f5ib olla leke, kahjustatud tihendid, painutatud vardad v\u00f5i muud mehaanilised probleemid.<\/li>\n<li>Kontrollige silindrit hoolikalt, et tuvastada kahjustusi, kulumist v\u00f5i saastumist.<\/li>\n<\/ul>\n<\/li>\n<li><strong>Koguge vajalikud t\u00f6\u00f6riistad ja osad:<\/strong>\n<ul>\n<li>Koguge kokku remondiks vajalikud t\u00f6\u00f6riistad ja seadmed, n\u00e4iteks mutriv\u00f5tmed, tangid, tihendite komplektid, momentv\u00f5tmed ja h\u00fcdrauliline press.<\/li>\n<li>Veenduge, et teil on olemas vajalikud varuosad, sh tihendid, O-r\u00f5ngad ja muud vahetamist vajavad komponendid.<\/li>\n<\/ul>\n<\/li>\n<li><strong>Lahtiv\u00f5tmine:<\/strong>\n<ul>\n<li>V\u00f5tke h\u00fcdrosilinder ettevaatlikult lahti, j\u00e4rgides tootja juhiseid, kui need on olemas.<\/li>\n<li>Silindri komponentide eraldamiseks eemaldage kinnitusdetailid, n\u00e4iteks poldid, tihvtid v\u00f5i klambrid.<\/li>\n<li>Lahtiv\u00f5tmisel p\u00f6\u00f6rake t\u00e4helepanu komponentide j\u00e4rjekorrale ja suunale, et tagada korrektne kokkupanek.<\/li>\n<\/ul>\n<\/li>\n<li><strong>Kontrollimine ja puhastamine:<\/strong>\n<ul>\n<li>Kontrollige k\u00f5iki lahtiv\u00f5etud komponente kahjustuste, kulumise v\u00f5i saastumise tunnuste suhtes.<\/li>\n<li>Puhastage komponendid p\u00f5hjalikult sobiva lahustiga, et eemaldada mustus, praht ja h\u00fcdraulikavedeliku j\u00e4\u00e4gid.<\/li>\n<li>Kontrollige silindri korpust, kolvivarda, tihendeid ja muid sisemisi osi kriimustuste, aukude v\u00f5i muude kahjustuste suhtes.<\/li>\n<\/ul>\n<\/li>\n<li><strong>Tihendi vahetamine:<\/strong>\n<ul>\n<li>Vahetage k\u00f5ik kahjustatud v\u00f5i kulunud tihendid, O-r\u00f5ngad v\u00f5i tihendid uute vastu tihendite komplektist.<\/li>\n<li>Eemaldage vanad tihendid ettevaatlikult, veendudes, et need ei kriimustaks ega kahjustaks silindri pindu.<\/li>\n<li>M\u00e4\u00e4rige uued tihendid h\u00fcdraulika\u00f5liga ja paigaldage need \u00f5igetesse kohtadesse vastavalt tootja spetsifikatsioonidele.<\/li>\n<\/ul>\n<\/li>\n<li><strong>Varda sirgendamine v\u00f5i asendamine:<\/strong>\n<ul>\n<li>Kui kolvivarras on painutatud v\u00f5i kahjustatud, v\u00f5ib see vajada sirgendamist v\u00f5i v\u00e4ljavahetamist.<\/li>\n<li>Sirgendage painutatud varda h\u00fcdraulilise pressi abil v\u00f5i p\u00f6\u00f6rduge t\u00f5sise kahjustuse korral professionaalse abi poole.<\/li>\n<li>Kui vahetamine on vajalik, eemaldage vana varras ettevaatlikult ja paigaldage uus, veendudes \u00f5iges joonduses ja keermestustes.<\/li>\n<\/ul>\n<\/li>\n<li><strong>Kokkupanek:<\/strong>\n<ul>\n<li>Paigaldage h\u00fcdrauliline silinder uuesti kokku, toimides lahtiv\u00f5tmisele vastupidises j\u00e4rjekorras.<\/li>\n<li>Kandke sisemistele komponentidele \u00f5huke kiht h\u00fcdraulika\u00f5li v\u00f5i m\u00e4\u00e4ret, et tagada sujuv t\u00f6\u00f6 ja v\u00e4ltida kahjustusi k\u00e4ivitamise ajal.<\/li>\n<\/ul>\n<\/li>\n<li><strong>Testimine ja kontroll:<\/strong>\n<ul>\n<li>Kui h\u00fcdrosilinder on kokku pandud, kontrollige enne uuesti paigaldamist selle toimimist.<\/li>\n<li>\u00dchendage silinder h\u00fcdros\u00fcsteemiga ja r\u00f5hkutage s\u00fcsteemi aeglaselt, et kontrollida lekete, ebanormaalsete helide v\u00f5i ebakorrap\u00e4raste liikumiste suhtes.<\/li>\n<li>Veenduge, et parandatud silinder t\u00f6\u00f6tab sujuvalt ja vastab soovitud j\u00f5udlusstandarditele.<\/li>\n<\/ul>\n<\/li>\n<\/ol>\n<h2><strong>Tehase v\u00f5imekus ja suutlikkus:<\/strong><\/h2>\n<h3>(1) Kokkupanek<\/h3>\n<p>Meil on esmaklassiline s\u00f5ltumatu teadus- ja arendustegevuse montaa\u017eiplatvorm. H\u00fcdrosilindrite tootmist\u00f6\u00f6kojas on neli poolautomaatset t\u00f5stesilindrite koosteliini ja \u00fcks automaatne kallutussilindrite koosteliin, mille kavandatud aastane tootmisv\u00f5imsus on 1 miljon t\u00fckki. Spetsiaalsete silindrite t\u00f6\u00f6koda on varustatud erinevate spetsifikatsioonidega poolautomaatse puhastusmontaa\u017eis\u00fcsteemiga, mille kavandatud aastane tootmisv\u00f5imsus on 200 000 ja mis on varustatud kuulsate CNC-t\u00f6\u00f6tlemisseadmete, mehaanilise t\u00f6\u00f6tlemise keskuse, suure t\u00e4psusega silindrite t\u00f6\u00f6tlemise eriseadmete, robotkeevitusmasina, automaatse puhastusmasina, automaatse silindri kokkupanemise masina ja automaatse v\u00e4rvimise tootmisliiniga. Olemasolevad kriitilised seadmed rohkem kui 300 komplekti (komplekti). Seadmete ressursside optimaalne jaotamine ja t\u00f5hus kasutamine tagavad toodete t\u00e4psusn\u00f5uded ja vastavad toodete kvaliteedin\u00f5uetele.<\/p>\n<p><img loading=\"lazy\" decoding=\"async\" class=\"alignnone wp-image-626\" src=\"https:\/\/hydraulic-cylinders.net\/wp-content\/uploads\/2023\/08\/hydraulic-cylinder-product-1-300x158.webp\" alt=\"\" width=\"495\" height=\"260\" srcset=\"https:\/\/hydraulic-cylinders.net\/wp-content\/uploads\/2023\/08\/hydraulic-cylinder-product-1-300x158.webp 495w, https:\/\/hydraulic-cylinders.net\/wp-content\/uploads\/2023\/08\/hydraulic-cylinder-product-1-480x252.webp 480w\" sizes=\"(min-width: 0px) and (max-width: 480px) 480px, (min-width: 481px) 495px, 100vw\" \/> <img loading=\"lazy\" decoding=\"async\" class=\"alignnone wp-image-627\" src=\"https:\/\/hydraulic-cylinders.net\/wp-content\/uploads\/2023\/08\/hydraulic-cylinder-product-2-300x189.webp\" alt=\"\" width=\"413\" height=\"260\" \/><\/p>\n<h3>(2) T\u00f6\u00f6tlemine<\/h3>\n<p>T\u00f6\u00f6deldav t\u00f6\u00f6koda on varustatud kohandatud kallutatud r\u00f6\u00f6pse treipingi keskuse, mehaanilise keskuse, kiire lihvimismasina, keevitusroboti ja muude seotud seadmetega, mis suudavad t\u00f6\u00f6delda silindritorusid, mille maksimaalne sisel\u00e4bim\u00f5\u00f5t on 400 mm ja maksimaalne pikkus on 6 meetrit.<\/p>\n<p><img loading=\"lazy\" decoding=\"async\" class=\"alignnone wp-image-628 size-large\" src=\"https:\/\/hydraulic-cylinders.net\/wp-content\/uploads\/2023\/08\/hydraulic-cylinder-product-3-1024x391.webp\" alt=\"\" width=\"1024\" height=\"391\" srcset=\"https:\/\/hydraulic-cylinders.net\/wp-content\/uploads\/2023\/08\/hydraulic-cylinder-product-3-980x374.webp 980w, https:\/\/hydraulic-cylinders.net\/wp-content\/uploads\/2023\/08\/hydraulic-cylinder-product-3-480x183.webp 480w\" sizes=\"(min-width: 0px) and (max-width: 480px) 480px, (min-width: 481px) and (max-width: 980px) 980px, (min-width: 981px) 1024px, 100vw\" \/><\/p>\n<h3>(3) Keevitamine<\/h3>\n<p><img loading=\"lazy\" decoding=\"async\" class=\"alignnone wp-image-629 size-large\" src=\"https:\/\/hydraulic-cylinders.net\/wp-content\/uploads\/2023\/08\/hydraulic-cylinder-product-4-1024x510.webp\" alt=\"\" width=\"1024\" height=\"510\" srcset=\"https:\/\/hydraulic-cylinders.net\/wp-content\/uploads\/2023\/08\/hydraulic-cylinder-product-4-980x488.webp 980w, https:\/\/hydraulic-cylinders.net\/wp-content\/uploads\/2023\/08\/hydraulic-cylinder-product-4-480x239.webp 480w\" sizes=\"(min-width: 0px) and (max-width: 480px) 480px, (min-width: 481px) and (max-width: 980px) 980px, (min-width: 981px) 1024px, 100vw\" \/><\/p>\n<h3>(4) V\u00e4rvimine ja katmine<\/h3>\n<p>V\u00e4ikese ja keskmise suurusega silindri automaatse veep\u00f5hise v\u00e4rvipinnakattega liinide abil, et saavutada automaatne robotlaadimine ja mahalaadimine ning automaatne pihustamine, projekteerimisv\u00f5imsus 4000 t\u00fckki vahetuse kohta;<br \/>\nMeil on ka poolautomaatne suurte balloonide v\u00e4rvimise tootmisliin, mis t\u00f6\u00f6tab j\u00f5ukettaga ja mille projekteerimisv\u00f5imsus on 60 kasti \u00fche vahetuse kohta.<\/p>\n<p><img loading=\"lazy\" decoding=\"async\" class=\"alignnone wp-image-630\" src=\"https:\/\/hydraulic-cylinders.net\/wp-content\/uploads\/2023\/08\/hydraulic-cylinder-product-5-300x213.webp\" alt=\"\" width=\"366\" height=\"260\" \/> <img loading=\"lazy\" decoding=\"async\" class=\"alignnone wp-image-631\" src=\"https:\/\/hydraulic-cylinders.net\/wp-content\/uploads\/2023\/08\/hydraulic-cylinder-product-6-300x225.webp\" alt=\"\" width=\"347\" height=\"260\" \/><\/p>\n<h3>(5) Testimine<\/h3>\n<p>Meil on esmaklassilised kontrolliseadmed ja katsestendid, et tagada silindri j\u00f5udlus vastavus n\u00f5uetele.<\/p>\n<p><img loading=\"lazy\" decoding=\"async\" class=\"alignnone wp-image-632\" src=\"https:\/\/hydraulic-cylinders.net\/wp-content\/uploads\/2023\/08\/hydraulic-cylinder-product-8-300x200.webp\" alt=\"\" width=\"389\" height=\"260\" \/><\/p>\n<p>&nbsp;<\/p>\n<p>&nbsp;<\/p>\n<p>Oleme \u00fcks parimaid h\u00fcdrosilindrite tootjaid. Pakume laia valikut h\u00fcdrosilindreid. Pakume ka vastavaid... <a href=\"https:\/\/hzpt.com\/agricultural-pto-gearbox\/\" target=\"_blank\" rel=\"noopener\">p\u00f5llumajanduslikud k\u00e4igukastid<\/a>. Oleme eksportinud oma tooteid klientidele \u00fcle maailma ja teeninud hea maine t\u00e4nu meie suurep\u00e4rasele tootekvaliteedile ja m\u00fc\u00fcgij\u00e4rgsele teenindusele. Me tervitame kliente kodus ja v\u00e4lismaal, et v\u00f5tta meiega \u00fchendust, et pidada l\u00e4bir\u00e4\u00e4kimisi \u00e4ri, vahetada teavet ja <a href=\"https:\/\/www.hydraulic-cylinders.net\/et\/contact-us\/\">teha meiega koost\u00f6\u00f6d<\/a>!<\/p>","protected":false},"excerpt":{"rendered":"<p>Electric Furnace Tipping Cylinder The electric furnace tipping cylinder is a cutting-edge product designed to optimize industrial furnace operations, specifically in the area of furnace tilting. This innovative cylinder provides a robust and efficient mechanism for controlled tilting of furnaces, facilitating smooth material handling and improving overall productivity. The electric furnace tipping cylinder revolutionizes industrial [&hellip;]<\/p>","protected":false},"featured_media":1699,"comment_status":"open","ping_status":"closed","template":"","meta":{"_et_pb_use_builder":"","_et_pb_old_content":"","_et_gb_content_width":""},"product_brand":[],"product_cat":[1550,1524,1376],"product_tag":[1380],"class_list":{"0":"post-1698","1":"product","2":"type-product","3":"status-publish","4":"has-post-thumbnail","6":"product_cat-double-acting-hydraulic-cylinder","7":"product_cat-steel-mill-hydraulic-cylinders","8":"product_cat-hydraulic-cylinder","9":"product_tag-hydraulic-cylinder","11":"first","12":"instock","13":"shipping-taxable","14":"product-type-simple"},"amp_enabled":true,"_links":{"self":[{"href":"https:\/\/www.hydraulic-cylinders.net\/et\/wp-json\/wp\/v2\/product\/1698","targetHints":{"allow":["GET"]}}],"collection":[{"href":"https:\/\/www.hydraulic-cylinders.net\/et\/wp-json\/wp\/v2\/product"}],"about":[{"href":"https:\/\/www.hydraulic-cylinders.net\/et\/wp-json\/wp\/v2\/types\/product"}],"replies":[{"embeddable":true,"href":"https:\/\/www.hydraulic-cylinders.net\/et\/wp-json\/wp\/v2\/comments?post=1698"}],"wp:featuredmedia":[{"embeddable":true,"href":"https:\/\/www.hydraulic-cylinders.net\/et\/wp-json\/wp\/v2\/media\/1699"}],"wp:attachment":[{"href":"https:\/\/www.hydraulic-cylinders.net\/et\/wp-json\/wp\/v2\/media?parent=1698"}],"wp:term":[{"taxonomy":"product_brand","embeddable":true,"href":"https:\/\/www.hydraulic-cylinders.net\/et\/wp-json\/wp\/v2\/product_brand?post=1698"},{"taxonomy":"product_cat","embeddable":true,"href":"https:\/\/www.hydraulic-cylinders.net\/et\/wp-json\/wp\/v2\/product_cat?post=1698"},{"taxonomy":"product_tag","embeddable":true,"href":"https:\/\/www.hydraulic-cylinders.net\/et\/wp-json\/wp\/v2\/product_tag?post=1698"}],"curies":[{"name":"wp","href":"https:\/\/api.w.org\/{rel}","templated":true}]}}