{"id":16982,"date":"2025-01-21T08:46:17","date_gmt":"2025-01-21T08:46:17","guid":{"rendered":"https:\/\/www.hydraulic-cylinders.net\/?post_type=product&#038;p=16982"},"modified":"2025-04-11T03:15:39","modified_gmt":"2025-04-11T03:15:39","slug":"hcyy11112002-forklift-steering-cylinder","status":"publish","type":"product","link":"https:\/\/www.hydraulic-cylinders.net\/et\/toode\/hcyy11112002-forklift-steering-cylinder\/","title":{"rendered":"HCYY11112002 Kahvelt\u00f5stuki roolisilinder"},"content":{"rendered":"<h1 style=\"text-align: center;\"><strong>HCYY11112002 Kahvelt\u00f5stuki roolisilinder\u00a0<\/strong><\/h1>\n<h1 style=\"text-align: center;\"><strong><img loading=\"lazy\" decoding=\"async\" class=\"alignnone size-full wp-image-16984\" src=\"https:\/\/www.hydraulic-cylinders.net\/wp-content\/uploads\/2025\/01\/hcyy11112002-forklift-lifting-cylinder-2.webp\" alt=\"\" width=\"1496\" height=\"517\" srcset=\"https:\/\/www.hydraulic-cylinders.net\/wp-content\/uploads\/2025\/01\/hcyy11112002-forklift-lifting-cylinder-2.webp 1496w, https:\/\/www.hydraulic-cylinders.net\/wp-content\/uploads\/2025\/01\/hcyy11112002-forklift-lifting-cylinder-2-1280x442.webp 1280w, https:\/\/www.hydraulic-cylinders.net\/wp-content\/uploads\/2025\/01\/hcyy11112002-forklift-lifting-cylinder-2-980x339.webp 980w, https:\/\/www.hydraulic-cylinders.net\/wp-content\/uploads\/2025\/01\/hcyy11112002-forklift-lifting-cylinder-2-480x166.webp 480w\" sizes=\"(min-width: 0px) and (max-width: 480px) 480px, (min-width: 481px) and (max-width: 980px) 980px, (min-width: 981px) and (max-width: 1280px) 1280px, (min-width: 1281px) 1496px, 100vw\" \/> <\/strong><\/h1>\n<p>Kahvelt\u00f5stuki roolisilinder HCYY11112002 on oluline komponent, mis suurendab oluliselt kahvelt\u00f5stukite man\u00f6\u00f6verdusv\u00f5imet ja juhitavust erinevates t\u00f6\u00f6keskkondades. See roolisilinder, mis on loodud nii efektiivsust kui ka t\u00f6\u00f6kindlust silmas pidades, annab operaatoritele v\u00f5imaluse kitsastes kohtades navigeerida ja raskeid koormaid vaevata k\u00e4sitseda.<\/p>\n<p>Kahvelt\u00f5stuki iga t\u00f6\u00f6 olulise osana pakub HCYY11112002 vastupidavat konstruktsiooni, erakordset reageerimisv\u00f5imet ja lihtsat hooldust, mist\u00f5ttu on see ideaalne valik ettev\u00f5tetele, kes soovivad oma materjalik\u00e4itlusv\u00f5imet parandada. N\u00f5uetekohaste kasutus- ja hooldustavade j\u00e4rgimisega saate tagada roolisilindri sujuva ja t\u00f5husa toimimise, mis omakorda viib ohutuma ja t\u00f5husama t\u00f6\u00f6ni.<\/p>\n<p>Kvaliteetsetesse komponentidesse nagu HCYY11112002 investeerimine mitte ainult ei t\u00f5sta tootlikkust, vaid parandab ka teie t\u00f6\u00f6tajate \u00fcldist ohutust. Kogege erinevust, mida usaldusv\u00e4\u00e4rne roolis\u00fcsteem v\u00f5ib teha ja muuta teie tegevuse efektiivsust juba t\u00e4na!<\/p>\n<h2><strong>HCYY11112002 Kahvelt\u00f5stuki roolisilindri parameeter:<\/strong><\/h2>\n<h1 style=\"text-align: center;\"><strong><img loading=\"lazy\" decoding=\"async\" class=\"alignnone size-full wp-image-16983\" src=\"https:\/\/www.hydraulic-cylinders.net\/wp-content\/uploads\/2025\/01\/hcyy11112002-forklift-lifting-cylinder-1.webp\" alt=\"\" width=\"1514\" height=\"142\" srcset=\"https:\/\/www.hydraulic-cylinders.net\/wp-content\/uploads\/2025\/01\/hcyy11112002-forklift-lifting-cylinder-1.webp 1514w, https:\/\/www.hydraulic-cylinders.net\/wp-content\/uploads\/2025\/01\/hcyy11112002-forklift-lifting-cylinder-1-1280x120.webp 1280w, https:\/\/www.hydraulic-cylinders.net\/wp-content\/uploads\/2025\/01\/hcyy11112002-forklift-lifting-cylinder-1-980x92.webp 980w, https:\/\/www.hydraulic-cylinders.net\/wp-content\/uploads\/2025\/01\/hcyy11112002-forklift-lifting-cylinder-1-480x45.webp 480w\" sizes=\"(min-width: 0px) and (max-width: 480px) 480px, (min-width: 481px) and (max-width: 980px) 980px, (min-width: 981px) and (max-width: 1280px) 1280px, (min-width: 1281px) 1514px, 100vw\" \/><\/strong><\/h1>\n<h1 style=\"text-align: center;\"><strong><img loading=\"lazy\" decoding=\"async\" class=\"alignnone size-full wp-image-16985\" src=\"https:\/\/www.hydraulic-cylinders.net\/wp-content\/uploads\/2025\/01\/hcyy11112002-forklift-lifting-cylinder-3.webp\" alt=\"\" width=\"1479\" height=\"707\" srcset=\"https:\/\/www.hydraulic-cylinders.net\/wp-content\/uploads\/2025\/01\/hcyy11112002-forklift-lifting-cylinder-3.webp 1479w, https:\/\/www.hydraulic-cylinders.net\/wp-content\/uploads\/2025\/01\/hcyy11112002-forklift-lifting-cylinder-3-1280x612.webp 1280w, https:\/\/www.hydraulic-cylinders.net\/wp-content\/uploads\/2025\/01\/hcyy11112002-forklift-lifting-cylinder-3-980x468.webp 980w, https:\/\/www.hydraulic-cylinders.net\/wp-content\/uploads\/2025\/01\/hcyy11112002-forklift-lifting-cylinder-3-480x229.webp 480w\" sizes=\"(min-width: 0px) and (max-width: 480px) 480px, (min-width: 481px) and (max-width: 980px) 980px, (min-width: 981px) and (max-width: 1280px) 1280px, (min-width: 1281px) 1479px, 100vw\" \/> <img loading=\"lazy\" decoding=\"async\" class=\"alignnone size-full wp-image-16986\" src=\"https:\/\/www.hydraulic-cylinders.net\/wp-content\/uploads\/2025\/01\/hcyy11112002-forklift-lifting-cylinder-4.webp\" alt=\"\" width=\"1477\" height=\"710\" srcset=\"https:\/\/www.hydraulic-cylinders.net\/wp-content\/uploads\/2025\/01\/hcyy11112002-forklift-lifting-cylinder-4.webp 1477w, https:\/\/www.hydraulic-cylinders.net\/wp-content\/uploads\/2025\/01\/hcyy11112002-forklift-lifting-cylinder-4-1280x615.webp 1280w, https:\/\/www.hydraulic-cylinders.net\/wp-content\/uploads\/2025\/01\/hcyy11112002-forklift-lifting-cylinder-4-980x471.webp 980w, https:\/\/www.hydraulic-cylinders.net\/wp-content\/uploads\/2025\/01\/hcyy11112002-forklift-lifting-cylinder-4-480x231.webp 480w\" sizes=\"(min-width: 0px) and (max-width: 480px) 480px, (min-width: 481px) and (max-width: 980px) 980px, (min-width: 981px) and (max-width: 1280px) 1280px, (min-width: 1281px) 1477px, 100vw\" \/> <img loading=\"lazy\" decoding=\"async\" class=\"alignnone size-full wp-image-16987\" src=\"https:\/\/www.hydraulic-cylinders.net\/wp-content\/uploads\/2025\/01\/hcyy11112002-forklift-lifting-cylinder-5.webp\" alt=\"\" width=\"1495\" height=\"730\" srcset=\"https:\/\/www.hydraulic-cylinders.net\/wp-content\/uploads\/2025\/01\/hcyy11112002-forklift-lifting-cylinder-5.webp 1495w, https:\/\/www.hydraulic-cylinders.net\/wp-content\/uploads\/2025\/01\/hcyy11112002-forklift-lifting-cylinder-5-1280x625.webp 1280w, https:\/\/www.hydraulic-cylinders.net\/wp-content\/uploads\/2025\/01\/hcyy11112002-forklift-lifting-cylinder-5-980x479.webp 980w, https:\/\/www.hydraulic-cylinders.net\/wp-content\/uploads\/2025\/01\/hcyy11112002-forklift-lifting-cylinder-5-480x234.webp 480w\" sizes=\"(min-width: 0px) and (max-width: 480px) 480px, (min-width: 481px) and (max-width: 980px) 980px, (min-width: 981px) and (max-width: 1280px) 1280px, (min-width: 1281px) 1495px, 100vw\" \/><\/strong><\/h1>\n<h1 style=\"text-align: center;\"><\/h1>\n<h2>\u00a0<strong>Kahvelt\u00f5stuki silindrite seeria:\u00a0<\/strong><\/h2>\n<h2><img loading=\"lazy\" decoding=\"async\" class=\"alignnone size-full wp-image-16971\" src=\"https:\/\/www.hydraulic-cylinders.net\/wp-content\/uploads\/2025\/01\/fork-lift-cylinder.webp\" alt=\"\" width=\"2004\" height=\"2529\" srcset=\"https:\/\/www.hydraulic-cylinders.net\/wp-content\/uploads\/2025\/01\/fork-lift-cylinder.webp 2004w, https:\/\/www.hydraulic-cylinders.net\/wp-content\/uploads\/2025\/01\/fork-lift-cylinder-1280x1615.webp 1280w, https:\/\/www.hydraulic-cylinders.net\/wp-content\/uploads\/2025\/01\/fork-lift-cylinder-980x1237.webp 980w, https:\/\/www.hydraulic-cylinders.net\/wp-content\/uploads\/2025\/01\/fork-lift-cylinder-480x606.webp 480w\" sizes=\"(min-width: 0px) and (max-width: 480px) 480px, (min-width: 481px) and (max-width: 980px) 980px, (min-width: 981px) and (max-width: 1280px) 1280px, (min-width: 1281px) 2004px, 100vw\" \/><\/h2>\n<h2><strong>Kahvelt\u00f5stuki roolisilindri HCYY11112002 p\u00f5hijooned:<\/strong><\/h2>\n<ul>\n<li><strong>Vastupidav konstruktsioon<\/strong>Kvaliteetsetest materjalidest valmistatud HCYY11112002 on loodud vastu pidama rasketele t\u00f6\u00f6tingimustele ja rasketele t\u00f6\u00f6tingimustele. Selle vastupidav disain tagab erakordse pikaealisuse ja t\u00f6\u00f6kindluse, minimeerides sagedaste vahetuste vajadust.<\/li>\n<li><strong>K\u00f5rge reageerimisv\u00f5ime<\/strong>Kogege enneolematut kontrolli selle roolisilindriga, mis tagab kiire ja t\u00e4pse roolimisreaktsiooni. Operaatorid saavad kitsastes kurvides ja keerukates paigutustes pingutuseta navigeerida, mille tulemuseks on sujuvamad p\u00f6\u00f6rded ja parem koormate k\u00e4sitsemine. See reageerimisv\u00f5ime mitte ainult ei suurenda efektiivsust, vaid suurendab ka \u00fcldist ohutust.<\/li>\n<li><strong>Korrosioonikindlus<\/strong>HCYY11112002-l on spetsiaalselt t\u00f6\u00f6deldud pinnad, mis on rooste- ja kulumiskindlad. See korrosioonikindel omadus pikendab silindri eluiga ja s\u00e4ilitab optimaalse j\u00f5udluse isegi niiskuse v\u00f5i karmide kemikaalidega kokkupuutuvas keskkonnas.<\/li>\n<li><strong>Lihtne paigaldus<\/strong>Kasutajamugavust silmas pidades loodud HCYY11112002 v\u00f5imaldab lihtsat paigaldamist. Selle intuitiivne seadistusprotsess minimeerib seisakuid, v\u00f5imaldades kiiret vahetust ja remonti. See funktsioon t\u00e4hendab v\u00e4hem h\u00e4ireid teie tegevuses ja rohkem aega tootlikkusele.<\/li>\n<li><strong>Lai \u00fchilduvus<\/strong>Mitmek\u00fclgsus on HCYY11112002 tunnusjoon. See roolisilinder, mis on konstrueeritud sobima erinevatele kahvelt\u00f5stukimudelitele, kohandub sujuvalt erinevate s\u00fcsteemidega, muutes selle ideaalseks valikuks mitmekesistele ettev\u00f5tetele. Olenemata sellest, kas haldate \u00fchte t\u00fc\u00fcpi kahvelt\u00f5stukeid v\u00f5i tervet masinaparki, vastab see komponent teie mitmekesistele vajadustele h\u00f5lpsalt.<\/li>\n<li><strong>T\u00e4iustatud turvafunktsioonid<\/strong>T\u00e4iustatud ohutusmehhanismidega HCYY11112002 tagab stabiilse t\u00f6\u00f6 erinevates tingimustes. See t\u00e4iendav ohutuskiht kaitseb nii operaatoreid kui ka koormaid, parandades veelgi \u00fcldist t\u00f6\u00f6keskkonda.<\/li>\n<li><strong>Madalad hooldusn\u00f5uded<\/strong>Vastupidavust ja t\u00f5husust silmas pidades loodud HCYY11112002 vajab minimaalset hooldust. Regulaarsed kontrollid ja aeg-ajalt tehtavad m\u00e4\u00e4rimised tagavad selle parima j\u00f5udluse, v\u00f5imaldades teie meeskonnal keskenduda oma \u00fclesannetele, ilma et peaksite muretsema sagedase hoolduse p\u00e4rast.<\/li>\n<\/ul>\n<p>Valides HCYY11112002 kahvelt\u00f5stuki roolisilindri, investeerite tootesse, mis suurendab t\u00f6\u00f6 efektiivsust ja aitab kaasa ohutumale ning produktiivsemale t\u00f6\u00f6kohale. Kogege, millist vahet need t\u00e4iustatud funktsioonid teie materjalik\u00e4itlustoimingutes teha v\u00f5ivad!<\/p>\n<h2><strong>Millised on m\u00e4rgid, et kahvelt\u00f5stuki roolisilinder vajab vahetamist?<\/strong><\/h2>\n<p>H\u00e4sti toimiv roolisilinder on teie kahvelt\u00f5stuki ohutuks t\u00f6\u00f6ks \u00fclioluline. Siin on m\u00f5ned m\u00e4rgid, mis viitavad sellele, et v\u00f5ib olla aeg see v\u00e4lja vahetada:<\/p>\n<ol>\n<li><strong>H\u00fcdraulilise vedeliku lekked<\/strong><br \/>\nKui m\u00e4rkate kahvelt\u00f5stuki all h\u00fcdraulikavedeliku loike, on see ohum\u00e4rk. Lekked n\u00e4itavad, et roolisilindri tihendid v\u00f5ivad olla kulunud v\u00f5i kahjustatud, mis kahjustab s\u00fcsteemi terviklikkust.<\/li>\n<li><strong>Roolimisraskused<\/strong><br \/>\nRooli keeramisega raskused v\u00f5i tugev takistus v\u00f5ivad viidata varjatud probleemidele. Reageeriv roolis\u00fcsteem on efektiivsuse ja ohutuse tagamiseks h\u00e4davajalik, seega \u00e4rge ignoreerige neid s\u00fcmptomeid.<\/li>\n<li><strong>Ebatavalised m\u00fcrad<\/strong><br \/>\nP\u00f6\u00f6rake t\u00e4helepanu k\u00f5ikidele krigisevatele, kriuksuvatele v\u00f5i k\u00f5lisevatele helidele t\u00f6\u00f6tamise ajal. Need helid v\u00f5ivad viidata roolisilindri mehaanilisele kulumisele v\u00f5i joondamise h\u00e4irele, mis v\u00f5ib t\u00e4helepanuta j\u00e4tmise korral p\u00f5hjustada t\u00f5sisemaid probleeme.<\/li>\n<li><strong>Kulunud tihendid ja puksid<\/strong><br \/>\nKontrollige regulaarselt tihendeid ja pukse kulumisj\u00e4lgede suhtes. Praod v\u00f5i kulumine v\u00f5ivad p\u00f5hjustada lekkeid ja v\u00e4hendada j\u00f5udlust, mist\u00f5ttu on \u00f5igeaegne vahetamine kriitilise t\u00e4htsusega.<\/li>\n<li><strong>Ebaj\u00e4rjekindel liikumine<\/strong><br \/>\nKui teie kahvelt\u00f5stuki rool tundub ebakindel v\u00f5i t\u00f5mblev, v\u00f5ib see viidata silindri h\u00fcdraulikaprobleemidele. Sujuv rool on t\u00e4pse man\u00f6\u00f6verdamise jaoks \u00fclioluline, eriti kitsastes kohtades.<\/li>\n<li><strong>Liigne m\u00e4ng<\/strong><br \/>\nM\u00e4rgatav rooli l\u00f5tku v\u00f5i l\u00f5tvuse suurenemine v\u00f5ib viidata roolisilindri rikkele. See v\u00f5ib m\u00f5jutada teie juhitavust ja suurendada \u00f5nnetuste ohtu.<\/li>\n<li><strong>Hoiatustuled<\/strong><br \/>\nPaljudel t\u00e4nap\u00e4evastel kahvelt\u00f5stukitel on diagnostikas\u00fcsteemid, mis hoiatavad teid v\u00f5imalike probleemide eest. Kui n\u00e4ete roolimisega seotud hoiatustuld, v\u00f5tke seda t\u00f5siselt ja uurige olukorda viivitamatult.<\/li>\n<\/ol>\n<p>Nende m\u00e4rkide ennetav k\u00e4sitlemine aitab v\u00e4ltida kulukaid remondit\u00f6id ja ohtlikke t\u00f6\u00f6tingimusi. Regulaarne hooldus ja \u00f5igeaegne asendamine tagavad teie kahvelt\u00f5stuki t\u00f6\u00f6kindluse ja t\u00f5hususe. Kui m\u00e4rkate m\u00f5nda neist s\u00fcmptomitest, konsulteerige olukorra hindamiseks spetsialistiga ja kaaluge roolisilindri v\u00e4ljavahetamist optimaalse j\u00f5udluse tagamiseks. Sellest s\u00f5ltuvad teie ohutus ja tootlikkus!<\/p>\n<h2><strong>Kahvelt\u00f5stuki silindrite tootmispiirkond:<\/strong><\/h2>\n<h2><img loading=\"lazy\" decoding=\"async\" class=\"alignnone size-full wp-image-16972\" src=\"https:\/\/www.hydraulic-cylinders.net\/wp-content\/uploads\/2025\/01\/hydraulic-cylinder-factory-1-scaled.webp\" alt=\"\" width=\"2016\" height=\"2560\" srcset=\"https:\/\/www.hydraulic-cylinders.net\/wp-content\/uploads\/2025\/01\/hydraulic-cylinder-factory-1-scaled.webp 2016w, https:\/\/www.hydraulic-cylinders.net\/wp-content\/uploads\/2025\/01\/hydraulic-cylinder-factory-1-1280x1625.webp 1280w, https:\/\/www.hydraulic-cylinders.net\/wp-content\/uploads\/2025\/01\/hydraulic-cylinder-factory-1-980x1244.webp 980w, https:\/\/www.hydraulic-cylinders.net\/wp-content\/uploads\/2025\/01\/hydraulic-cylinder-factory-1-480x610.webp 480w\" sizes=\"(min-width: 0px) and (max-width: 480px) 480px, (min-width: 481px) and (max-width: 980px) 980px, (min-width: 981px) and (max-width: 1280px) 1280px, (min-width: 1281px) 2016px, 100vw\" \/><\/h2>\n<p>Meil on esmaklassiline s\u00f5ltumatu teadus- ja arendusplatvorm montaa\u017eiks. Kahvelt\u00f5stuki silindrite tootmist\u00f6\u00f6kojas on neli poolautomaatset t\u00f5stesilindrite montaa\u017eiliini ja t\u00e4isautomaatne kallutussilindrite montaa\u017eiliin, mille projekteeritud aastane tootmisv\u00f5imsus on miljon t\u00fckki. Spetsiaalses silindrite t\u00f6\u00f6kojas on erineva spetsifikatsiooniga poolautomaatsed puhastus- ja montaa\u017eis\u00fcsteemid, mille projekteeritud aastane tootmisv\u00f5imsus on 200 000 t\u00fckki. See on varustatud tuntud kaubam\u00e4rgi CNC-t\u00f6\u00f6tlemisseadmetega, t\u00f6\u00f6tlemiskeskustega, spetsiaalseadmetega silindrite \u00fclit\u00e4pseks t\u00f6\u00f6tlemiseks, robotkeevitusmasinatega, automaatsete puhastusmasinatega, automaatsete silindrite montaa\u017eimasinatega ja automaatsete v\u00e4rvimisliinidega. Meil \u200b\u200bt\u00f6\u00f6tab \u00fcle 300 komplekti v\u00f5tmeseadmeid. Seadmete ressursside optimeeritud jaotus ja t\u00f5hus kasutamine tagavad toodete t\u00e4psusn\u00f5uded ja vastavuse toodete k\u00f5rgetele kvaliteedin\u00f5uetele.<\/p>\n<p>T\u00f6\u00f6tlemistsehh on varustatud eritellimusel valmistatud kaldr\u00f6\u00f6baste treikeskuste, t\u00f6\u00f6tlemiskeskuste, kiirete hoonimismasinate, keevitusrobotite ja muude asjakohaste seadmetega, mis suudavad t\u00f6\u00f6delda silindritorusid maksimaalse sisediameetriga 400 mm ja maksimaalse pikkusega 6 meetrit.<\/p>\n<h2><img loading=\"lazy\" decoding=\"async\" class=\"alignnone size-full wp-image-16973\" src=\"https:\/\/www.hydraulic-cylinders.net\/wp-content\/uploads\/2025\/01\/hydraulic-cylinder-factory-2-scaled.webp\" alt=\"\" width=\"2011\" height=\"2560\" srcset=\"https:\/\/www.hydraulic-cylinders.net\/wp-content\/uploads\/2025\/01\/hydraulic-cylinder-factory-2-scaled.webp 2011w, https:\/\/www.hydraulic-cylinders.net\/wp-content\/uploads\/2025\/01\/hydraulic-cylinder-factory-2-1280x1629.webp 1280w, https:\/\/www.hydraulic-cylinders.net\/wp-content\/uploads\/2025\/01\/hydraulic-cylinder-factory-2-980x1248.webp 980w, https:\/\/www.hydraulic-cylinders.net\/wp-content\/uploads\/2025\/01\/hydraulic-cylinder-factory-2-480x611.webp 480w\" sizes=\"(min-width: 0px) and (max-width: 480px) 480px, (min-width: 481px) and (max-width: 980px) 980px, (min-width: 981px) and (max-width: 1280px) 1280px, (min-width: 1281px) 2011px, 100vw\" \/><\/h2>\n<p>Meil on t\u00e4isautomaatne vesialusel v\u00e4rvimisliin v\u00e4ikeste ja keskmiste balloonide jaoks, mis rakendab automaatseid laadimis- ja mahalaadimisroboteid ning automaatseid pihustusroboteid kavandatud tootmisv\u00f5imsusega 4000 kohta vahetuses. Meil \u200b\u200bon teine \u200b\u200bpoolautomaatne v\u00e4rvimisliin suurte balloonide jaoks, mida k\u00e4itab j\u00f5ukett, mille kavandatud tootmisv\u00f5imsus on 60 kasti vahetuses.<\/p>\n<p>Toote toimivuse edasiseks parandamiseks ja meie h\u00fcdrauliliste silindrite juhtpositsiooni kindlustamiseks t\u00f6\u00f6stuses asutasid meie ettev\u00f5te ja zjimee \u00fchiselt h\u00fcdrauliliste silindrite, h\u00fcdrauliliste ventiilide ja h\u00fcdrauliliste pumpade tervikliku j\u00f5udluslabori; laboris tehakse arvuti abil elektroh\u00fcdraulilise tehnoloogia abil katsetingimusi, mis on arvuti abil eelnevalt seadistatud, mis parandab katse t\u00e4psust ja s\u00fcsteemi mitmek\u00fclgsust ning eksperimentaalseid andmeid.<\/p>\n<p>Automaatne kogumine toimub andurite abil ning v\u00e4ljundandmed, n\u00e4iteks silindri v\u00f5i klapi sisemine leke ja koormust\u00f5husus, t\u00f6\u00f6deldakse otse arvuti poolt ja teisendatakse standard\u00fchikuteks (ml\/min%). Samal ajal teostatakse h\u00fcdraulikas\u00fcsteemi t\u00f6\u00f6ohutuse tagamiseks oleku j\u00e4lgimise funktsiooni selliste oluliste j\u00f5udlusparameetrite jaoks nagu \u201e\u00f5li temperatuuri j\u00e4lgimine, vedeliku taseme j\u00e4lgimine, filtriseadme j\u00e4lgimine\u201c jne. Nende hulgas saab h\u00fcdraulikasilindri katsestend testida \u201ekoormuse\u201c j\u00f5udlust.<br \/>\nefektiivsust \u201eja\u201c siseleket\u201d n\u00e4itude abil. Samal ajal on see varustatud v\u00f5rega m\u00f5\u00f5tevahendiga, mis vastab k\u00f5igi h\u00fcdrauliliste silindrite toodete katseobjektide n\u00f5uetele vastavalt riiklikule standardile.<\/p>","protected":false},"excerpt":{"rendered":"<p>HCYY11112002 Forklift Steering Cylinder\u00a0 The HCYY11112002 Forklift Steering Cylinder stands as a vital component that significantly boosts the maneuverability and control of forklifts across diverse operational environments. Crafted for both efficiency and reliability, this steering cylinder empowers operators to navigate tight spaces and manage heavy loads effortlessly. As an essential part of any forklift operation, [&hellip;]<\/p>","protected":false},"featured_media":16988,"comment_status":"open","ping_status":"closed","template":"","meta":{"_et_pb_use_builder":"","_et_pb_old_content":"","_et_gb_content_width":""},"product_brand":[],"product_cat":[1550,1484,1376],"product_tag":[],"class_list":{"0":"post-16982","1":"product","2":"type-product","3":"status-publish","4":"has-post-thumbnail","6":"product_cat-double-acting-hydraulic-cylinder","7":"product_cat-forklift-hydraulic-cylinders","8":"product_cat-hydraulic-cylinder","10":"first","11":"instock","12":"shipping-taxable","13":"product-type-simple"},"amp_enabled":true,"_links":{"self":[{"href":"https:\/\/www.hydraulic-cylinders.net\/et\/wp-json\/wp\/v2\/product\/16982","targetHints":{"allow":["GET"]}}],"collection":[{"href":"https:\/\/www.hydraulic-cylinders.net\/et\/wp-json\/wp\/v2\/product"}],"about":[{"href":"https:\/\/www.hydraulic-cylinders.net\/et\/wp-json\/wp\/v2\/types\/product"}],"replies":[{"embeddable":true,"href":"https:\/\/www.hydraulic-cylinders.net\/et\/wp-json\/wp\/v2\/comments?post=16982"}],"wp:featuredmedia":[{"embeddable":true,"href":"https:\/\/www.hydraulic-cylinders.net\/et\/wp-json\/wp\/v2\/media\/16988"}],"wp:attachment":[{"href":"https:\/\/www.hydraulic-cylinders.net\/et\/wp-json\/wp\/v2\/media?parent=16982"}],"wp:term":[{"taxonomy":"product_brand","embeddable":true,"href":"https:\/\/www.hydraulic-cylinders.net\/et\/wp-json\/wp\/v2\/product_brand?post=16982"},{"taxonomy":"product_cat","embeddable":true,"href":"https:\/\/www.hydraulic-cylinders.net\/et\/wp-json\/wp\/v2\/product_cat?post=16982"},{"taxonomy":"product_tag","embeddable":true,"href":"https:\/\/www.hydraulic-cylinders.net\/et\/wp-json\/wp\/v2\/product_tag?post=16982"}],"curies":[{"name":"wp","href":"https:\/\/api.w.org\/{rel}","templated":true}]}}