{"id":17024,"date":"2025-01-23T07:47:37","date_gmt":"2025-01-23T07:47:37","guid":{"rendered":"https:\/\/www.hydraulic-cylinders.net\/?post_type=product&#038;p=17024"},"modified":"2025-04-15T05:47:55","modified_gmt":"2025-04-15T05:47:55","slug":"hcyy11112013-locking-cylinder-for-environmental-protection","status":"publish","type":"product","link":"https:\/\/www.hydraulic-cylinders.net\/et\/toode\/hcyy11112013-locking-cylinder-for-environmental-protection\/","title":{"rendered":"HCYY11112013 Keskkonnakaitseks m\u00f5eldud lukustussilinder"},"content":{"rendered":"<h1 style=\"text-align: center;\"><strong>HCYY11112013 Keskkonnakaitseks m\u00f5eldud lukustussilinder<\/strong><\/h1>\n<h1 style=\"text-align: center;\"><img loading=\"lazy\" decoding=\"async\" class=\"alignnone size-full wp-image-17026\" src=\"https:\/\/www.hydraulic-cylinders.net\/wp-content\/uploads\/2025\/01\/hcyy11112013-locking-cylinder-2.webp\" alt=\"\" width=\"1499\" height=\"516\" srcset=\"https:\/\/www.hydraulic-cylinders.net\/wp-content\/uploads\/2025\/01\/hcyy11112013-locking-cylinder-2.webp 1499w, https:\/\/www.hydraulic-cylinders.net\/wp-content\/uploads\/2025\/01\/hcyy11112013-locking-cylinder-2-1280x441.webp 1280w, https:\/\/www.hydraulic-cylinders.net\/wp-content\/uploads\/2025\/01\/hcyy11112013-locking-cylinder-2-980x337.webp 980w, https:\/\/www.hydraulic-cylinders.net\/wp-content\/uploads\/2025\/01\/hcyy11112013-locking-cylinder-2-480x165.webp 480w\" sizes=\"(min-width: 0px) and (max-width: 480px) 480px, (min-width: 481px) and (max-width: 980px) 980px, (min-width: 981px) and (max-width: 1280px) 1280px, (min-width: 1281px) 1499px, 100vw\" \/><\/h1>\n<p>Lukustussilinder HCYY11112013 kujutab endast revolutsioonilist edasiminekut ohutuse ja t\u00f5hususe valdkonnas, eriti keskkonnakaitsele p\u00fchendunud t\u00f6\u00f6stusharudes. See uuenduslik komponent tagab masinate turvalise t\u00f6\u00f6, v\u00e4hendades samal ajal oluliselt keskkonnaohtude riski.<\/p>\n<p>HCYY11112013 lukusilindri erip\u00e4raks on selle m\u00e4rkimisv\u00e4\u00e4rne t\u00f6\u00f6kindlus ja t\u00f5husus. Selle vastupidav disain ja t\u00e4iustatud ohutusfunktsioonid muudavad selle t\u00e4nap\u00e4eva t\u00f6\u00f6stusmaastikus asendamatuks varaks. N\u00f5uetekohaste kasutus- ja hooldustavade j\u00e4rgimisega saavad kasutajad selle olulise toote pikaealisuse ja j\u00f5udluse maksimeerida. See soodustab ohutumat kasutamist ja aitab kaasa j\u00e4tkusuutlikumale tulevikule. Kasutage HCYY11112013 lukusilindri v\u00f5imsust ja suurendage oma p\u00fchendumust ohutusele ja keskkonnakaitsele!<\/p>\n<h2><strong>HCYY11112013 Keskkonnakaitse parameetri lukustussilinder:<\/strong><\/h2>\n<h1 style=\"text-align: center;\"><img loading=\"lazy\" decoding=\"async\" class=\"alignnone size-full wp-image-17025\" src=\"https:\/\/www.hydraulic-cylinders.net\/wp-content\/uploads\/2025\/01\/hcyy11112013-locking-cylinder-1.webp\" alt=\"\" width=\"1511\" height=\"147\" srcset=\"https:\/\/www.hydraulic-cylinders.net\/wp-content\/uploads\/2025\/01\/hcyy11112013-locking-cylinder-1.webp 1511w, https:\/\/www.hydraulic-cylinders.net\/wp-content\/uploads\/2025\/01\/hcyy11112013-locking-cylinder-1-1280x125.webp 1280w, https:\/\/www.hydraulic-cylinders.net\/wp-content\/uploads\/2025\/01\/hcyy11112013-locking-cylinder-1-980x95.webp 980w, https:\/\/www.hydraulic-cylinders.net\/wp-content\/uploads\/2025\/01\/hcyy11112013-locking-cylinder-1-480x47.webp 480w\" sizes=\"(min-width: 0px) and (max-width: 480px) 480px, (min-width: 481px) and (max-width: 980px) 980px, (min-width: 981px) and (max-width: 1280px) 1280px, (min-width: 1281px) 1511px, 100vw\" \/><\/h1>\n<h1 style=\"text-align: center;\"><img loading=\"lazy\" decoding=\"async\" class=\"alignnone size-full wp-image-17027\" src=\"https:\/\/www.hydraulic-cylinders.net\/wp-content\/uploads\/2025\/01\/hcyy11112013-locking-cylinder-3.webp\" alt=\"\" width=\"1475\" height=\"710\" srcset=\"https:\/\/www.hydraulic-cylinders.net\/wp-content\/uploads\/2025\/01\/hcyy11112013-locking-cylinder-3.webp 1475w, https:\/\/www.hydraulic-cylinders.net\/wp-content\/uploads\/2025\/01\/hcyy11112013-locking-cylinder-3-1280x616.webp 1280w, https:\/\/www.hydraulic-cylinders.net\/wp-content\/uploads\/2025\/01\/hcyy11112013-locking-cylinder-3-980x472.webp 980w, https:\/\/www.hydraulic-cylinders.net\/wp-content\/uploads\/2025\/01\/hcyy11112013-locking-cylinder-3-480x231.webp 480w\" sizes=\"(min-width: 0px) and (max-width: 480px) 480px, (min-width: 481px) and (max-width: 980px) 980px, (min-width: 981px) and (max-width: 1280px) 1280px, (min-width: 1281px) 1475px, 100vw\" \/> <img loading=\"lazy\" decoding=\"async\" class=\"alignnone size-full wp-image-17028\" src=\"https:\/\/www.hydraulic-cylinders.net\/wp-content\/uploads\/2025\/01\/hcyy11112013-locking-cylinder-4.webp\" alt=\"\" width=\"1474\" height=\"710\" srcset=\"https:\/\/www.hydraulic-cylinders.net\/wp-content\/uploads\/2025\/01\/hcyy11112013-locking-cylinder-4.webp 1474w, https:\/\/www.hydraulic-cylinders.net\/wp-content\/uploads\/2025\/01\/hcyy11112013-locking-cylinder-4-1280x617.webp 1280w, https:\/\/www.hydraulic-cylinders.net\/wp-content\/uploads\/2025\/01\/hcyy11112013-locking-cylinder-4-980x472.webp 980w, https:\/\/www.hydraulic-cylinders.net\/wp-content\/uploads\/2025\/01\/hcyy11112013-locking-cylinder-4-480x231.webp 480w\" sizes=\"(min-width: 0px) and (max-width: 480px) 480px, (min-width: 481px) and (max-width: 980px) 980px, (min-width: 981px) and (max-width: 1280px) 1280px, (min-width: 1281px) 1474px, 100vw\" \/> <img loading=\"lazy\" decoding=\"async\" class=\"alignnone size-full wp-image-17029\" src=\"https:\/\/www.hydraulic-cylinders.net\/wp-content\/uploads\/2025\/01\/hcyy11112013-locking-cylinder-5.webp\" alt=\"\" width=\"1487\" height=\"669\" srcset=\"https:\/\/www.hydraulic-cylinders.net\/wp-content\/uploads\/2025\/01\/hcyy11112013-locking-cylinder-5.webp 1487w, https:\/\/www.hydraulic-cylinders.net\/wp-content\/uploads\/2025\/01\/hcyy11112013-locking-cylinder-5-1280x576.webp 1280w, https:\/\/www.hydraulic-cylinders.net\/wp-content\/uploads\/2025\/01\/hcyy11112013-locking-cylinder-5-980x441.webp 980w, https:\/\/www.hydraulic-cylinders.net\/wp-content\/uploads\/2025\/01\/hcyy11112013-locking-cylinder-5-480x216.webp 480w\" sizes=\"(min-width: 0px) and (max-width: 480px) 480px, (min-width: 481px) and (max-width: 980px) 980px, (min-width: 981px) and (max-width: 1280px) 1280px, (min-width: 1281px) 1487px, 100vw\" \/><\/h1>\n<h2><strong style=\"font-size: 30px; text-align: center;\">\u00a0<\/strong><\/h2>\n<p>&nbsp;<\/p>\n<h2><strong>Keskkonnakaitseks m\u00f5eldud silindrite seeria:<\/strong><\/h2>\n<h2><img loading=\"lazy\" decoding=\"async\" class=\"alignnone size-full wp-image-17030\" src=\"https:\/\/www.hydraulic-cylinders.net\/wp-content\/uploads\/2025\/01\/cylinder-series-for-environmental-protection-scaled.webp\" alt=\"\" width=\"2044\" height=\"2560\" srcset=\"https:\/\/www.hydraulic-cylinders.net\/wp-content\/uploads\/2025\/01\/cylinder-series-for-environmental-protection-scaled.webp 2044w, https:\/\/www.hydraulic-cylinders.net\/wp-content\/uploads\/2025\/01\/cylinder-series-for-environmental-protection-1280x1603.webp 1280w, https:\/\/www.hydraulic-cylinders.net\/wp-content\/uploads\/2025\/01\/cylinder-series-for-environmental-protection-980x1227.webp 980w, https:\/\/www.hydraulic-cylinders.net\/wp-content\/uploads\/2025\/01\/cylinder-series-for-environmental-protection-480x601.webp 480w\" sizes=\"(min-width: 0px) and (max-width: 480px) 480px, (min-width: 481px) and (max-width: 980px) 980px, (min-width: 981px) and (max-width: 1280px) 1280px, (min-width: 1281px) 2044px, 100vw\" \/><\/h2>\n<h2><strong>HCYY11112013 lukustussilindri p\u00f5hijooned:<\/strong><\/h2>\n<div id=\"message-333463148293\" class=\"ChatMessage_chatMessage__xkgHx\" data-complete=\"true\">\n<div class=\"ChatMessage_messageRow__DHlnq\">\n<div class=\"ChatMessage_messageWrapper__4Ugd6\">\n<div class=\"Message_rowWithFooter__FShU6\">\n<div class=\"Message_row__ug_UU\">\n<div class=\"Message_messageBubbleWrapper__sEq8z\">\n<div class=\"Message_leftSideMessageBubble__VPdk6\">\n<div class=\"Message_messageTextContainer__w64Sc\">\n<div class=\"Markdown_markdownContainer__Tz3HQ\">\n<h4><strong>Tugev konstruktsioon<\/strong><\/h4>\n<p>Kvaliteetsetest ja esmaklassilistest materjalidest valmistatud lukustussilinder HCYY11112013 on loodud vastu pidama isegi k\u00f5ige karmimatele tingimustele. Selle vastupidavus tagab, et see talub n\u00f5udlike keskkondade raskusi, pikendades toote eluiga ja v\u00e4hendades sagedaste vahetuste vajadust. See vastupidav konstruktsioon suurendab t\u00f6\u00f6kindlust ja t\u00e4hendab aja jooksul m\u00e4rkimisv\u00e4\u00e4rset kulude kokkuhoidu.<\/p>\n<h4><strong>T\u00e4iustatud ohutusmehhanism<\/strong><\/h4>\n<p>Ohutus on igas t\u00f6\u00f6stuslikus rakenduses esmat\u00e4htis ja HCYY11112013 paistab selles valdkonnas silma oma tipptasemel lukustuss\u00fcsteemiga. See usaldusv\u00e4\u00e4rne mehhanism hoiab t\u00f5husalt \u00e4ra juhusliku liikumise, pakkudes t\u00f6\u00f6tamise ajal meelerahu. Kasutajad saavad t\u00f6\u00f6tada enesekindlalt, teades, et nende masinad p\u00fcsivad kindlalt paigal, v\u00e4hendades oluliselt \u00f5nnetuste ohtu ja parandades t\u00f6\u00f6koha ohutust.<\/p>\n<h4><strong>Keskkonnas\u00f5bralik disain<\/strong><\/h4>\n<p>T\u00e4nap\u00e4eva keskkonnateadlikus maailmas paistab HCYY11112013 lukusilinder silma j\u00e4tkusuutlikkuse eestk\u00f5nelejana. Selle disain minimeerib lekkeid ja j\u00e4\u00e4tmeid, koosk\u00f5las keskkonnas\u00f5bralike tavadega. Selle silindri valimisega panustavad kasutajad rohelisemasse tulevikku, tagades samal ajal, et nende tegevus vastab rangetele keskkonnastandarditele.<\/p>\n<h4><strong>Mitmek\u00fclgsed rakendused<\/strong><\/h4>\n<p>HCYY11112013 mitmek\u00fclgsus teeb sellest ideaalse valiku laiale masinavalikule. See lukustussilinder kohandub sujuvalt erinevate rakendustega, olgu selleks siis ehituse, j\u00e4\u00e4tmek\u00e4itluse v\u00f5i taastuvenergia sektori h\u00fcdraulikas\u00fcsteemid. Selle v\u00f5ime toimida mitmes t\u00f6\u00f6stusharus suurendab t\u00f6\u00f6paindlikkust, muutes selle v\u00e4\u00e4rtuslikuks varaks igale masinapargile.<\/p>\n<h4><strong>Suur j\u00f5udlus r\u00f5hu all<\/strong><\/h4>\n<p>J\u00f5udluse osas ei valmista HCYY11112013 lukustussilinder pettumust. See t\u00f6\u00f6tab t\u00f5husalt erinevate r\u00f5hkude korral, tagades optimaalse funktsionaalsuse erinevates keskkondades. See suure j\u00f5udlusega v\u00f5imekus v\u00f5imaldab kasutajatel h\u00f5lpsalt lahendada isegi k\u00f5ige n\u00f5udlikumaid \u00fclesandeid, suurendades tootlikkust ja tegevuse efektiivsust.<\/p>\n<p>HCYY11112013 lukustussilinder ei ole lihtsalt komponent; see on terviklik lahendus neile, kes otsivad ohutust, t\u00f5husust ja j\u00e4tkusuutlikkust. Oma vastupidava konstruktsiooni, t\u00e4iustatud ohutusfunktsioonide, keskkonnas\u00f5braliku disaini ja mitmek\u00fclgsusega on see silinder iga t\u00f6\u00f6stusliku tegevuse oluline lisa. Kogege kvaliteedi erinevust ja t\u00f5stke oma tegevust HCYY11112013 lukustussilindriga!<\/p>\n<\/div>\n<\/div>\n<\/div>\n<\/div>\n<\/div>\n<\/div>\n<\/div>\n<\/div>\n<\/div>\n<h2><strong>Mis teeb Hcyy11112013 lukustussilindri keskkonnas\u00f5bralikuks?<\/strong><\/h2>\n<p>HCYY11112013 lukusilinder paistab silma keskkonnas\u00f5bralike tehnoloogiate valdkonnas ja siin on p\u00f5hjused, miks see v\u00e4\u00e4rib teie t\u00e4helepanu:<\/p>\n<h4><strong>1. J\u00e4tkusuutlikud materjalid<\/strong><\/h4>\n<p>Kvaliteetsetest ja taaskasutatavatest materjalidest valmistatud HCYY11112013 mitte ainult ei vasta ohutusstandarditele, vaid toetab ka j\u00e4tkusuutlikkust. Taaskasutatavate materjalide valimine aitab v\u00e4hendada j\u00e4\u00e4tmeid ja toetab ringmajandust \u2013 mis on t\u00e4nap\u00e4eva keskkonnateadlikus maailmas \u00fclioluline tegur.<\/p>\n<h4><strong>2. Madala heitkogusega disain<\/strong><\/h4>\n<p>See lukustussilinder on konstrueeritud heitmeid silmas pidades. Selle uuenduslik disain minimeerib kahjulike ainete eraldumist t\u00f6\u00f6tamise ajal, aidates kaasa puhtama \u00f5hu ja tervislikuma keskkonna loomisele. See aspekt on eriti oluline tundlike \u00f6koloogiliste alade l\u00e4hedal asuvates rakendustes, tagades minimaalsed h\u00e4ired.<\/p>\n<h4><strong>3. Energiat\u00f5husus<\/strong><\/h4>\n<p>Ajastul, kus energias\u00e4\u00e4st on esmat\u00e4htis, paistab HCYY11112013 silma. See t\u00f6\u00f6tab madala energiatarbimisega, mis mitte ainult ei v\u00e4henda tegevuskulusid, vaid m\u00e4ngib olulist rolli ka s\u00fcsiniku jalaj\u00e4lje v\u00e4hendamisel. See t\u00f5husus teeb sellest ideaalse valiku organisatsioonidele, kes p\u00fc\u00fcavad saavutada oma j\u00e4tkusuutlikkuse eesm\u00e4rke.<\/p>\n<h4><strong>4. Lekke v\u00e4ltimise tehnoloogia<\/strong><\/h4>\n<p>Selle ballooni \u00fcks silmapaistvamaid omadusi on t\u00e4iustatud tihendusmehhanismid. Need tagavad, et potentsiaalselt kahjulikke aineid ei leki, kaitstes nii keskkonda kui ka sellest s\u00f5ltuvaid kogukondi. See kaitsemeede on oluline t\u00f6\u00f6stusharudes, kus kemikaalide k\u00e4itlemine on levinud.<\/p>\n<h4><strong>5. Pikaealisus ja vastupidavus<\/strong><\/h4>\n<p>HCYY11112013 lukustussilinder on loodud kestma ja sellel on pikk eluts\u00fckkel, mis t\u00e4hendab v\u00e4hem vahetusi ja v\u00e4iksemat ressursitarbimist aja jooksul. See vastupidavus mitte ainult ei s\u00e4\u00e4sta pikas perspektiivis raha, vaid v\u00e4hendab ka tootmise ja utiliseerimisega seotud keskkonnam\u00f5ju.<\/p>\n<p>Kokkuv\u00f5ttes on HCYY11112013 lukusilinder enamat kui lihtsalt mehaaniline komponent; see on p\u00fchendumus keskkonnahoidlikkusele. Integreerides j\u00e4tkusuutlikkuse oma disaini ja funktsionaalsusesse, sillutab see teed ohutumatele ja rohelisematele t\u00f6\u00f6stuspraktikatele. Olenemata sellest, kas tegutsete tootmises, ehituses v\u00f5i mis tahes valdkonnas, mis v\u00e4\u00e4rtustab keskkonnavastutust, on see lukusilinder nutikas valik, mis on koosk\u00f5las teie j\u00e4tkusuutliku tuleviku eesm\u00e4rkidega.<\/p>\n<h2><strong>Kahvelt\u00f5stuki silindrite tootmispiirkond:<\/strong><\/h2>\n<h2><img loading=\"lazy\" decoding=\"async\" class=\"alignnone size-full wp-image-16972\" src=\"https:\/\/www.hydraulic-cylinders.net\/wp-content\/uploads\/2025\/01\/hydraulic-cylinder-factory-1-scaled.webp\" alt=\"\" width=\"2016\" height=\"2560\" srcset=\"https:\/\/www.hydraulic-cylinders.net\/wp-content\/uploads\/2025\/01\/hydraulic-cylinder-factory-1-scaled.webp 2016w, https:\/\/www.hydraulic-cylinders.net\/wp-content\/uploads\/2025\/01\/hydraulic-cylinder-factory-1-1280x1625.webp 1280w, https:\/\/www.hydraulic-cylinders.net\/wp-content\/uploads\/2025\/01\/hydraulic-cylinder-factory-1-980x1244.webp 980w, https:\/\/www.hydraulic-cylinders.net\/wp-content\/uploads\/2025\/01\/hydraulic-cylinder-factory-1-480x610.webp 480w\" sizes=\"(min-width: 0px) and (max-width: 480px) 480px, (min-width: 481px) and (max-width: 980px) 980px, (min-width: 981px) and (max-width: 1280px) 1280px, (min-width: 1281px) 2016px, 100vw\" \/><\/h2>\n<p>Meil on tipptasemel s\u00f5ltumatu teadus- ja arendusplatvorm, mis on p\u00fchendatud montaa\u017eile, tagades meie tootmisprotsessides tipptasemel innovatsiooni ja kvaliteedi. Meie kahvelt\u00f5stukite silindrite tootmist\u00f6\u00f6kojas on neli poolautomaatset t\u00f5stesilindrite montaa\u017eiliini ja t\u00e4isautomaatne kallutussilindrite montaa\u017eiliin, mis on kokku projekteeritud tootma kuni miljon \u00fchikut aastas.<\/p>\n<p>Lisaks on meie spetsialiseeritud silindrite t\u00f6\u00f6koda varustatud erinevate spetsifikatsioonide jaoks kohandatud poolautomaatsete puhastus- ja montaa\u017eis\u00fcsteemidega, mille aastane tootmisv\u00f5imsus on 200 000 t\u00fckki. Kasutame tuntud CNC-seadmeid, t\u00f6\u00f6tluskeskusi ja spetsiaalseid t\u00f6\u00f6riistu silindrite \u00fclit\u00e4pseks t\u00f6\u00f6tlemiseks. Meie rajatisse kuuluvad ka t\u00e4iustatud robotkeevitusseadmed, automaatsed puhastuss\u00fcsteemid ning t\u00e4isautomatiseeritud silindrite montaa\u017ei- ja v\u00e4rvimisliinid. \u00dcle 300 t\u00f6\u00f6korras oleva seadmega optimeerime ressursside jaotust ja tagame t\u00f5husa kasutamise, j\u00e4rgides rangeid t\u00e4psus- ja kvaliteedistandardeid.<\/p>\n<p>Meie mehaanikat\u00f6\u00f6kojas on kohandatud kaldr\u00f6\u00f6bastega treikeskused, mehaanikakeskused, kiired hoonimismasinad, keevitusrobotid ja muu oluline varustus. See seadistus v\u00f5imaldab meil t\u00f6\u00f6delda silindritorusid maksimaalse sisel\u00e4bim\u00f5\u00f5duga 400 mm ja pikkusega kuni 6 meetrit, suurendades veelgi meie tootmisv\u00f5imalusi.<\/p>\n<h2><img loading=\"lazy\" decoding=\"async\" class=\"alignnone size-full wp-image-16973\" src=\"https:\/\/www.hydraulic-cylinders.net\/wp-content\/uploads\/2025\/01\/hydraulic-cylinder-factory-2-scaled.webp\" alt=\"\" width=\"2011\" height=\"2560\" srcset=\"https:\/\/www.hydraulic-cylinders.net\/wp-content\/uploads\/2025\/01\/hydraulic-cylinder-factory-2-scaled.webp 2011w, https:\/\/www.hydraulic-cylinders.net\/wp-content\/uploads\/2025\/01\/hydraulic-cylinder-factory-2-1280x1629.webp 1280w, https:\/\/www.hydraulic-cylinders.net\/wp-content\/uploads\/2025\/01\/hydraulic-cylinder-factory-2-980x1248.webp 980w, https:\/\/www.hydraulic-cylinders.net\/wp-content\/uploads\/2025\/01\/hydraulic-cylinder-factory-2-480x611.webp 480w\" sizes=\"(min-width: 0px) and (max-width: 480px) 480px, (min-width: 481px) and (max-width: 980px) 980px, (min-width: 981px) and (max-width: 1280px) 1280px, (min-width: 1281px) 2011px, 100vw\" \/><\/h2>\n<p>Meil on t\u00e4isautomaatne veebaasil v\u00e4rvimise liin, mis on spetsiaalselt loodud v\u00e4ikeste ja keskmiste balloonide jaoks ning millel on automatiseeritud laadimis-, mahalaadimis- ja pihustusrobotid. Selle tipptasemel s\u00fcsteemi tootmisv\u00f5imsus on 4000 \u00fchikut vahetuse kohta. Lisaks on meil poolautomaatne v\u00e4rvimisliin suurte balloonide jaoks, mida k\u00e4itab keti\u00fclekanne ja mille projekteeritud v\u00f5imsus on 60 kasti vahetuse kohta.<\/p>\n<p>Toodete toimivuse parandamiseks ja oma juhtpositsiooni kindlustamiseks h\u00fcdrauliliste silindrite t\u00f6\u00f6stuses oleme teinud koost\u00f6\u00f6d ZJIMEE-ga, et luua terviklik j\u00f5udluslabor, mis on p\u00fchendatud h\u00fcdraulilistele silindritele, ventiilidele ja pumpadele. See t\u00e4iustatud labor kasutab arvutip\u00f5hist testimist elektroh\u00fcdraulilise tehnoloogiaga, v\u00f5imaldades eelseadistatud katsetingimusi, mis parandavad t\u00e4psust ja s\u00fcsteemi mitmek\u00fclgsust. Automatiseeritud andmekogumisprotsess kasutab andureid v\u00e4ljundandmete, n\u00e4iteks sisemise lekke ja koormuse efektiivsuse kogumiseks, mis seej\u00e4rel t\u00f6\u00f6deldakse arvuti abil ja teisendatakse standard\u00fchikuteks (ml\/min%).<\/p>\n<p>Lisaks rakendame oma h\u00fcdraulikas\u00fcsteemide ohutuse tagamiseks peamiste j\u00f5udlusparameetrite, sealhulgas \u00f5li temperatuuri, vedeliku taseme ja filtriseadme oleku j\u00e4lgimist. Meie h\u00fcdrauliliste silindrite katsestend suudab t\u00e4psete n\u00e4itude abil hinnata \u201ekoormuse efektiivsust\u201c ja \u201esisemist leket\u201c. See on varustatud ka riiklikele standarditele vastava v\u00f5rega m\u00f5\u00f5tevahendiga, mis tagab vastavuse k\u00f5igile h\u00fcdrauliliste silindrite toodete testimisn\u00f5uetele.<\/p>\n<p>&nbsp;<\/p>","protected":false},"excerpt":{"rendered":"<p>HCYY11112013 Locking Cylinder For Environmental Protection The HCYY11112013 Locking Cylinder represents a revolutionary advancement in safety and efficiency, particularly for industries dedicated to environmental protection. This innovative component guarantees secure machinery operation while significantly reducing the risk of environmental hazards. What sets the HCYY11112013 Locking Cylinder apart is its remarkable reliability and efficiency. Its robust [&hellip;]<\/p>","protected":false},"featured_media":17031,"comment_status":"open","ping_status":"closed","template":"","meta":{"_et_pb_use_builder":"","_et_pb_old_content":"","_et_gb_content_width":""},"product_brand":[],"product_cat":[1486,1549,1552,1376],"product_tag":[],"class_list":{"0":"post-17024","1":"product","2":"type-product","3":"status-publish","4":"has-post-thumbnail","6":"product_cat-sanitation-machinery-hydraulic-cylinders","7":"product_cat-single-acting-hydraulic-cylinder","8":"product_cat-stainless-steel-hydraulic-cylinder","9":"product_cat-hydraulic-cylinder","11":"first","12":"instock","13":"shipping-taxable","14":"product-type-simple"},"amp_enabled":true,"_links":{"self":[{"href":"https:\/\/www.hydraulic-cylinders.net\/et\/wp-json\/wp\/v2\/product\/17024","targetHints":{"allow":["GET"]}}],"collection":[{"href":"https:\/\/www.hydraulic-cylinders.net\/et\/wp-json\/wp\/v2\/product"}],"about":[{"href":"https:\/\/www.hydraulic-cylinders.net\/et\/wp-json\/wp\/v2\/types\/product"}],"replies":[{"embeddable":true,"href":"https:\/\/www.hydraulic-cylinders.net\/et\/wp-json\/wp\/v2\/comments?post=17024"}],"wp:featuredmedia":[{"embeddable":true,"href":"https:\/\/www.hydraulic-cylinders.net\/et\/wp-json\/wp\/v2\/media\/17031"}],"wp:attachment":[{"href":"https:\/\/www.hydraulic-cylinders.net\/et\/wp-json\/wp\/v2\/media?parent=17024"}],"wp:term":[{"taxonomy":"product_brand","embeddable":true,"href":"https:\/\/www.hydraulic-cylinders.net\/et\/wp-json\/wp\/v2\/product_brand?post=17024"},{"taxonomy":"product_cat","embeddable":true,"href":"https:\/\/www.hydraulic-cylinders.net\/et\/wp-json\/wp\/v2\/product_cat?post=17024"},{"taxonomy":"product_tag","embeddable":true,"href":"https:\/\/www.hydraulic-cylinders.net\/et\/wp-json\/wp\/v2\/product_tag?post=17024"}],"curies":[{"name":"wp","href":"https:\/\/api.w.org\/{rel}","templated":true}]}}