{"id":17038,"date":"2025-01-23T08:39:26","date_gmt":"2025-01-23T08:39:26","guid":{"rendered":"https:\/\/www.hydraulic-cylinders.net\/?post_type=product&#038;p=17038"},"modified":"2025-04-15T05:47:49","modified_gmt":"2025-04-15T05:47:49","slug":"hcyy11112015-telescopic-cylinder-for-environmental-protection","status":"publish","type":"product","link":"https:\/\/www.hydraulic-cylinders.net\/et\/toode\/hcyy11112015-telescopic-cylinder-for-environmental-protection\/","title":{"rendered":"HCYY11112015 Keskkonnakaitseks m\u00f5eldud teleskoopsilinder"},"content":{"rendered":"<h1 style=\"text-align: center;\"><strong>HCYY11112015 Keskkonnakaitseks m\u00f5eldud teleskoopsilinder<\/strong><\/h1>\n<h1 style=\"text-align: center;\"><img loading=\"lazy\" decoding=\"async\" class=\"alignnone size-full wp-image-17040\" src=\"https:\/\/www.hydraulic-cylinders.net\/wp-content\/uploads\/2025\/01\/hcyy11112015-telescopic-cylinder-2.webp\" alt=\"\" width=\"1497\" height=\"514\" srcset=\"https:\/\/www.hydraulic-cylinders.net\/wp-content\/uploads\/2025\/01\/hcyy11112015-telescopic-cylinder-2.webp 1497w, https:\/\/www.hydraulic-cylinders.net\/wp-content\/uploads\/2025\/01\/hcyy11112015-telescopic-cylinder-2-1280x439.webp 1280w, https:\/\/www.hydraulic-cylinders.net\/wp-content\/uploads\/2025\/01\/hcyy11112015-telescopic-cylinder-2-980x336.webp 980w, https:\/\/www.hydraulic-cylinders.net\/wp-content\/uploads\/2025\/01\/hcyy11112015-telescopic-cylinder-2-480x165.webp 480w\" sizes=\"(min-width: 0px) and (max-width: 480px) 480px, (min-width: 481px) and (max-width: 980px) 980px, (min-width: 981px) and (max-width: 1280px) 1280px, (min-width: 1281px) 1497px, 100vw\" \/><\/h1>\n<p>Teleskoopsilinder HCYY11112015 on asjatundlikult disainitud t\u00f6\u00f6stusharudele, mis n\u00f5uavad nii suurt efektiivsust kui ka p\u00fchendumust keskkonnas\u00e4\u00e4stlikkusele. See tipptasemel silinder pakub erakordset j\u00f5udlust, lisades samal ajal keskkonnas\u00f5bralikke omadusi, muutes selle ideaalseks lahenduseks laias valikus rakendustes, sealhulgas ehituses, tootmises ja j\u00e4\u00e4tmek\u00e4itluses.<\/p>\n<p>Kujutage ette toodet, mis mitte ainult ei vasta teie tegevuse rangetele n\u00f5uetele, vaid aitab kaasa ka tervislikuma planeedi loomisele. HCYY11112015 saavutab selle tasakaalu pingutuseta. Selle uuenduslik disain tagab maksimaalse tugevuse ja vastupidavuse, tagades, et see saab h\u00f5lpsalt hakkama raskete koormuste ja keeruliste tingimustega.<\/p>\n<p>Olenemata sellest, kas t\u00f5state materjale ehitusplatsil, lihtsustate tootmis\u00fcksuse protsesse v\u00f5i k\u00e4itlete j\u00e4\u00e4tmeid t\u00f5husalt, on see teleskoopsilinder parim valik. See annab t\u00f6\u00f6stusharudele v\u00f5imaluse t\u00f5husalt tegutseda, minimeerides samal ajal oma s\u00fcsiniku jalaj\u00e4lge, mis on ideaalselt koosk\u00f5las t\u00e4nap\u00e4evaste roheliste algatustega.<\/p>\n<p>Valige teleskoopsilinder HCYY11112015 ja kogege ideaalset v\u00f5imsuse ja j\u00e4tkusuutlikkuse kombinatsiooni, mis muudab teie l\u00e4henemist t\u00f6\u00f6stuslikele v\u00e4ljakutsetele revolutsiooniliselt. Avastage tulevik, kus j\u00f5udlus ja keskkonnavastutus k\u00e4ivad k\u00e4sik\u00e4es.<\/p>\n<h2><strong>HCYY11112015 Keskkonnakaitse parameetri teleskoopsilinder:<\/strong><\/h2>\n<h1 style=\"text-align: center;\"><img loading=\"lazy\" decoding=\"async\" class=\"alignnone size-full wp-image-17039\" src=\"https:\/\/www.hydraulic-cylinders.net\/wp-content\/uploads\/2025\/01\/hcyy11112015-telescopic-cylinder-1.webp\" alt=\"\" width=\"1512\" height=\"142\" srcset=\"https:\/\/www.hydraulic-cylinders.net\/wp-content\/uploads\/2025\/01\/hcyy11112015-telescopic-cylinder-1.webp 1512w, https:\/\/www.hydraulic-cylinders.net\/wp-content\/uploads\/2025\/01\/hcyy11112015-telescopic-cylinder-1-1280x120.webp 1280w, https:\/\/www.hydraulic-cylinders.net\/wp-content\/uploads\/2025\/01\/hcyy11112015-telescopic-cylinder-1-980x92.webp 980w, https:\/\/www.hydraulic-cylinders.net\/wp-content\/uploads\/2025\/01\/hcyy11112015-telescopic-cylinder-1-480x45.webp 480w\" sizes=\"(min-width: 0px) and (max-width: 480px) 480px, (min-width: 481px) and (max-width: 980px) 980px, (min-width: 981px) and (max-width: 1280px) 1280px, (min-width: 1281px) 1512px, 100vw\" \/><\/h1>\n<h1 style=\"text-align: center;\"><img loading=\"lazy\" decoding=\"async\" class=\"alignnone size-full wp-image-17041\" src=\"https:\/\/www.hydraulic-cylinders.net\/wp-content\/uploads\/2025\/01\/hcyy11112015-telescopic-cylinder-3.webp\" alt=\"\" width=\"1477\" height=\"711\" srcset=\"https:\/\/www.hydraulic-cylinders.net\/wp-content\/uploads\/2025\/01\/hcyy11112015-telescopic-cylinder-3.webp 1477w, https:\/\/www.hydraulic-cylinders.net\/wp-content\/uploads\/2025\/01\/hcyy11112015-telescopic-cylinder-3-1280x616.webp 1280w, https:\/\/www.hydraulic-cylinders.net\/wp-content\/uploads\/2025\/01\/hcyy11112015-telescopic-cylinder-3-980x472.webp 980w, https:\/\/www.hydraulic-cylinders.net\/wp-content\/uploads\/2025\/01\/hcyy11112015-telescopic-cylinder-3-480x231.webp 480w\" sizes=\"(min-width: 0px) and (max-width: 480px) 480px, (min-width: 481px) and (max-width: 980px) 980px, (min-width: 981px) and (max-width: 1280px) 1280px, (min-width: 1281px) 1477px, 100vw\" \/> <img loading=\"lazy\" decoding=\"async\" class=\"alignnone size-full wp-image-17042\" src=\"https:\/\/www.hydraulic-cylinders.net\/wp-content\/uploads\/2025\/01\/hcyy11112015-telescopic-cylinder-4.webp\" alt=\"\" width=\"1479\" height=\"707\" srcset=\"https:\/\/www.hydraulic-cylinders.net\/wp-content\/uploads\/2025\/01\/hcyy11112015-telescopic-cylinder-4.webp 1479w, https:\/\/www.hydraulic-cylinders.net\/wp-content\/uploads\/2025\/01\/hcyy11112015-telescopic-cylinder-4-1280x612.webp 1280w, https:\/\/www.hydraulic-cylinders.net\/wp-content\/uploads\/2025\/01\/hcyy11112015-telescopic-cylinder-4-980x468.webp 980w, https:\/\/www.hydraulic-cylinders.net\/wp-content\/uploads\/2025\/01\/hcyy11112015-telescopic-cylinder-4-480x229.webp 480w\" sizes=\"(min-width: 0px) and (max-width: 480px) 480px, (min-width: 481px) and (max-width: 980px) 980px, (min-width: 981px) and (max-width: 1280px) 1280px, (min-width: 1281px) 1479px, 100vw\" \/> <img loading=\"lazy\" decoding=\"async\" class=\"alignnone size-full wp-image-17043\" src=\"https:\/\/www.hydraulic-cylinders.net\/wp-content\/uploads\/2025\/01\/hcyy11112015-telescopic-cylinder-5.webp\" alt=\"\" width=\"1465\" height=\"754\" srcset=\"https:\/\/www.hydraulic-cylinders.net\/wp-content\/uploads\/2025\/01\/hcyy11112015-telescopic-cylinder-5.webp 1465w, https:\/\/www.hydraulic-cylinders.net\/wp-content\/uploads\/2025\/01\/hcyy11112015-telescopic-cylinder-5-1280x659.webp 1280w, https:\/\/www.hydraulic-cylinders.net\/wp-content\/uploads\/2025\/01\/hcyy11112015-telescopic-cylinder-5-980x504.webp 980w, https:\/\/www.hydraulic-cylinders.net\/wp-content\/uploads\/2025\/01\/hcyy11112015-telescopic-cylinder-5-480x247.webp 480w\" sizes=\"(min-width: 0px) and (max-width: 480px) 480px, (min-width: 481px) and (max-width: 980px) 980px, (min-width: 981px) and (max-width: 1280px) 1280px, (min-width: 1281px) 1465px, 100vw\" \/><\/h1>\n<h2><strong>Keskkonnakaitseks m\u00f5eldud silindrite seeria:<\/strong><\/h2>\n<h2><img loading=\"lazy\" decoding=\"async\" class=\"alignnone size-full wp-image-17030\" src=\"https:\/\/www.hydraulic-cylinders.net\/wp-content\/uploads\/2025\/01\/cylinder-series-for-environmental-protection-scaled.webp\" alt=\"\" width=\"2044\" height=\"2560\" srcset=\"https:\/\/www.hydraulic-cylinders.net\/wp-content\/uploads\/2025\/01\/cylinder-series-for-environmental-protection-scaled.webp 2044w, https:\/\/www.hydraulic-cylinders.net\/wp-content\/uploads\/2025\/01\/cylinder-series-for-environmental-protection-1280x1603.webp 1280w, https:\/\/www.hydraulic-cylinders.net\/wp-content\/uploads\/2025\/01\/cylinder-series-for-environmental-protection-980x1227.webp 980w, https:\/\/www.hydraulic-cylinders.net\/wp-content\/uploads\/2025\/01\/cylinder-series-for-environmental-protection-480x601.webp 480w\" sizes=\"(min-width: 0px) and (max-width: 480px) 480px, (min-width: 481px) and (max-width: 980px) 980px, (min-width: 981px) and (max-width: 1280px) 1280px, (min-width: 1281px) 2044px, 100vw\" \/><\/h2>\n<h2><strong>Keskkonnakaitseks m\u00f5eldud teleskoopsilindri HCYY11112015 p\u00f5hijooned:<\/strong><\/h2>\n<h4><strong>Keskkonnas\u00f5bralikud materjalid<\/strong><\/h4>\n<p>Teleskoopsilinder HCYY11112015 on valmistatud kvaliteetsetest ja taaskasutatavatest komponentidest. See l\u00e4bim\u00f5eldud disain mitte ainult ei v\u00e4henda oluliselt keskkonnam\u00f5ju, vaid toetab ka ringmajandust. Selle silindri valides valite teadlikult taaskasutatavate materjalide kasutamise, aidates kaasa j\u00e4tkusuutlikule tulevikule.<\/p>\n<h4><strong>Energiat\u00f5husus<\/strong><\/h4>\n<p>M\u00e4rkimisv\u00e4\u00e4rselt v\u00e4ikese energiatarbega HCYY11112015 aitab ettev\u00f5tetel v\u00e4hendada tegevuskulusid ja minimeerida s\u00fcsiniku jalaj\u00e4lge. See energiat\u00f5hus disain v\u00f5imaldab suurendada tootlikkust ilma keskkonnavastutust ohverdamata, mist\u00f5ttu on see ideaalne valik ettev\u00f5tetele, kes soovivad oma tegevust optimeerida, j\u00e4\u00e4des samal ajal truuks oma j\u00e4tkusuutlikkuse eesm\u00e4rkidele.<\/p>\n<h4><strong>T\u00e4iustatud tihendustehnoloogia<\/strong><\/h4>\n<p>T\u00f6\u00f6stustegevuses on ohutus ja vastavus n\u00f5uetele esmat\u00e4htsad. HCYY11112015 on varustatud t\u00e4iustatud tihenduss\u00fcsteemiga, mis hoiab t\u00f5husalt \u00e4ra lekked, kaitstes teie protsesse ja keskkonda. See uuendus tagab rangete keskkonnan\u00f5uete j\u00e4rgimise, v\u00f5imaldades teil tegutseda enesekindlalt ja j\u00e4rjepidevalt.<\/p>\n<h4><strong>Vastupidav konstruktsioon<\/strong><\/h4>\n<p>HCYY11112015 on loodud vastu pidama isegi k\u00f5ige ekstreemsematele tingimustele ning sellel on pikk kasutusiga, mis v\u00e4hendab oluliselt sagedaste vahetuste vajadust. See vastupidavus mitte ainult ei suurenda t\u00f6\u00f6kindlust, vaid t\u00e4hendab ka madalamaid hoolduskulusid aja jooksul. Sellesse silindrisse investeerimine t\u00e4hendab investeerimist lahendusse, mis peab ajaproovile vastu.<\/p>\n<h4><strong>Kompaktne disain<\/strong><\/h4>\n<p>HCYY11112015 teleskoopfunktsioon v\u00f5imaldab sujuvat integreerimist kitsastesse ruumidesse, maksimeerides funktsionaalsust ilma efektiivsust ohverdamata. See kompaktne disain muudab selle mitmek\u00fclgseks valikuks mitmesuguste rakenduste jaoks, v\u00f5imaldades ettev\u00f5tetel oma t\u00f6\u00f6vooge optimeerida ja ruumi t\u00f5husalt kasutada.<\/p>\n<p>Kokkuv\u00f5ttes ei ole teleskoopsilinder HCYY11112015 lihtsalt seade; see on tulevikku suunatud lahendus, mis kehastab tugevust, t\u00f5husust ja keskkonnateadlikkust. Selle silindri valimisega annate oma tegevusele j\u00f5udu ja avaldate samal ajal positiivset m\u00f5ju planeedile. Kogege erinevust tootega, mis on suurep\u00e4rane nii j\u00f5udluse kui ka j\u00e4tkusuutlikkuse poolest, ning viige oma t\u00f6\u00f6stustavad uutesse k\u00f5rgustesse.<\/p>\n<h2><strong>Mis teeb Hcyy11112014 \u00f5\u00f5tshoova silindri keskkonnas\u00f5bralikuks?<\/strong><\/h2>\n<p>Teleskoopsilinder HCYY11112015 on t\u00e4helepanuv\u00e4\u00e4rne lahendus keskkonnakaitse edendamiseks t\u00f6\u00f6stuskeskkonnas. Siin on, kuidas see avaldab olulist m\u00f5ju:<\/p>\n<h4><strong>1. Taaskasutatavad materjalid<\/strong><\/h4>\n<p>Kvaliteetsetest taaskasutatavatest komponentidest valmistatud HCYY11112015 v\u00e4hendab t\u00f5husalt j\u00e4\u00e4tmeid ja toetab ringmajandust. Selle ballooni valides t\u00e4iustavad ettev\u00f5tted oma tegevust ja panustavad j\u00e4tkusuutlikku tulevikku. Iga selle toote kasutuskord t\u00e4hendab v\u00e4hem pr\u00fcgim\u00e4ele j\u00f5udvat materjali, mis avaldab planeedile positiivset m\u00f5ju.<\/p>\n<h4><strong>2. Energiat\u00f5husus<\/strong><\/h4>\n<p>Selle teleskoopsilindri \u00fcks muljetavaldavamaid omadusi on energiat\u00f5husus. M\u00e4rkimisv\u00e4\u00e4rselt v\u00e4iksema energiatarbimisega t\u00f6\u00f6tamine aitab v\u00e4hendada tegevuskulusid ja minimeerida s\u00fcsiniku jalaj\u00e4lge. See on ettev\u00f5tetele kasulik: nad s\u00e4\u00e4stavad raha, t\u00e4ites samal ajal oma j\u00e4tkusuutlikkuse kohustust. Kujutage ette positiivset m\u00f5ju teie l\u00f5pptulemusele ja keskkonnale!<\/p>\n<h4><strong>3. Lekke v\u00e4ltimine<\/strong><\/h4>\n<p>Ohutus ja n\u00f5uetele vastavus on igas t\u00f6\u00f6stustegevuses \u00fcliolulised ning HCYY11112015 paistab selles valdkonnas silma. Selle t\u00e4iustatud tihendustehnoloogia hoiab t\u00f5husalt \u00e4ra lekked, tagades ohtlike materjalide ohutuse. See kaitseb keskkonda ja aitab ettev\u00f5tetel j\u00e4rgida rangeid eeskirju, edendades vastutustundlikkuse ja hoolivuse kultuuri.<\/p>\n<h4><strong>4. Vastupidavus<\/strong><\/h4>\n<p>HCYY11112015 on loodud vastu pidama ka k\u00f5ige karmimatele tingimustele ning sellel on muljetavaldav kasutusiga. See vastupidavus t\u00e4hendab v\u00e4hem vahetusi ja v\u00e4hem j\u00e4\u00e4tmeid aja jooksul, mis v\u00f5imaldab ettev\u00f5tetel investeerida vastupidavatesse seadmetesse. Asenduste sageduse v\u00e4hendamisega saavad ettev\u00f5tted v\u00e4hendada ka ressursside tarbimist, aidates veelgi kaasa keskkonnakaitsele.<\/p>\n<h4><strong>5. Ruumit\u00f5husus<\/strong><\/h4>\n<p>HCYY11112015 teleskoopfunktsioon v\u00f5imaldab sujuvat integreerimist kitsastesse ruumidesse, maksimeerides funktsionaalsust ilma efektiivsust ohverdamata. See kompaktne disain v\u00f5imaldab ettev\u00f5tetel optimeerida oma t\u00f6\u00f6vooge ja ruumi t\u00f5husalt kasutada, n\u00e4idates, et j\u00e4tkusuutlikkus saab k\u00e4ia k\u00e4sik\u00e4es innovatsiooniga.<\/p>\n<p>Kokkuv\u00f5ttes on HCYY11112015 teleskoopsilinder enamat kui lihtsalt t\u00f6\u00f6stuslik t\u00f6\u00f6riist; see on positiivsete muutuste katal\u00fcsaator. Keskkonnas\u00f5bralike materjalide lisamise, energiat\u00f5hususe edendamise, lekete v\u00e4ltimise ja vastupidavuse tagamise abil annab see t\u00f6\u00f6stusharudele v\u00f5imaluse j\u00e4tkusuutlikult tegutseda. Selle silindri valimine t\u00e4hendab p\u00fchendumist nii j\u00f5udlusele kui ka keskkonnakaitsele. T\u00f5stke oma tegevuse taset, kaitstes samal ajal meie planeeti \u2013 kogege HCYY11112015 transformatiivseid eeliseid juba t\u00e4na!<\/p>\n<h2><strong>Kahvelt\u00f5stuki silindrite tootmispiirkond:<\/strong><\/h2>\n<h2><img loading=\"lazy\" decoding=\"async\" class=\"alignnone size-full wp-image-16972\" src=\"https:\/\/www.hydraulic-cylinders.net\/wp-content\/uploads\/2025\/01\/hydraulic-cylinder-factory-1-scaled.webp\" alt=\"\" width=\"2016\" height=\"2560\" srcset=\"https:\/\/www.hydraulic-cylinders.net\/wp-content\/uploads\/2025\/01\/hydraulic-cylinder-factory-1-scaled.webp 2016w, https:\/\/www.hydraulic-cylinders.net\/wp-content\/uploads\/2025\/01\/hydraulic-cylinder-factory-1-1280x1625.webp 1280w, https:\/\/www.hydraulic-cylinders.net\/wp-content\/uploads\/2025\/01\/hydraulic-cylinder-factory-1-980x1244.webp 980w, https:\/\/www.hydraulic-cylinders.net\/wp-content\/uploads\/2025\/01\/hydraulic-cylinder-factory-1-480x610.webp 480w\" sizes=\"(min-width: 0px) and (max-width: 480px) 480px, (min-width: 481px) and (max-width: 980px) 980px, (min-width: 981px) and (max-width: 1280px) 1280px, (min-width: 1281px) 2016px, 100vw\" \/><\/h2>\n<p>Meil on tipptasemel s\u00f5ltumatu teadus- ja arendusplatvorm, mis on p\u00fchendatud montaa\u017eile, tagades meie tootmisprotsessides tipptasemel innovatsiooni ja kvaliteedi. Meie kahvelt\u00f5stukite silindrite tootmist\u00f6\u00f6kojas on neli poolautomaatset t\u00f5stesilindrite montaa\u017eiliini ja t\u00e4isautomaatne kallutussilindrite montaa\u017eiliin, mis on kokku projekteeritud tootma kuni miljon \u00fchikut aastas.<\/p>\n<p>Lisaks on meie spetsialiseeritud silindrite t\u00f6\u00f6koda varustatud erinevate spetsifikatsioonide jaoks kohandatud poolautomaatsete puhastus- ja montaa\u017eis\u00fcsteemidega, mille aastane tootmisv\u00f5imsus on 200 000 t\u00fckki. Kasutame tuntud CNC-seadmeid, t\u00f6\u00f6tluskeskusi ja spetsiaalseid t\u00f6\u00f6riistu silindrite \u00fclit\u00e4pseks t\u00f6\u00f6tlemiseks. Meie rajatisse kuuluvad ka t\u00e4iustatud robotkeevitusseadmed, automaatsed puhastuss\u00fcsteemid ning t\u00e4isautomatiseeritud silindrite montaa\u017ei- ja v\u00e4rvimisliinid. \u00dcle 300 t\u00f6\u00f6korras oleva seadmega optimeerime ressursside jaotust ja tagame t\u00f5husa kasutamise, j\u00e4rgides rangeid t\u00e4psus- ja kvaliteedistandardeid.<\/p>\n<p>Meie mehaanikat\u00f6\u00f6kojas on kohandatud kaldr\u00f6\u00f6bastega treikeskused, mehaanikakeskused, kiired hoonimismasinad, keevitusrobotid ja muu oluline varustus. See seadistus v\u00f5imaldab meil t\u00f6\u00f6delda silindritorusid maksimaalse sisel\u00e4bim\u00f5\u00f5duga 400 mm ja pikkusega kuni 6 meetrit, suurendades veelgi meie tootmisv\u00f5imalusi.<\/p>\n<h2><img loading=\"lazy\" decoding=\"async\" class=\"alignnone size-full wp-image-16973\" src=\"https:\/\/www.hydraulic-cylinders.net\/wp-content\/uploads\/2025\/01\/hydraulic-cylinder-factory-2-scaled.webp\" alt=\"\" width=\"2011\" height=\"2560\" srcset=\"https:\/\/www.hydraulic-cylinders.net\/wp-content\/uploads\/2025\/01\/hydraulic-cylinder-factory-2-scaled.webp 2011w, https:\/\/www.hydraulic-cylinders.net\/wp-content\/uploads\/2025\/01\/hydraulic-cylinder-factory-2-1280x1629.webp 1280w, https:\/\/www.hydraulic-cylinders.net\/wp-content\/uploads\/2025\/01\/hydraulic-cylinder-factory-2-980x1248.webp 980w, https:\/\/www.hydraulic-cylinders.net\/wp-content\/uploads\/2025\/01\/hydraulic-cylinder-factory-2-480x611.webp 480w\" sizes=\"(min-width: 0px) and (max-width: 480px) 480px, (min-width: 481px) and (max-width: 980px) 980px, (min-width: 981px) and (max-width: 1280px) 1280px, (min-width: 1281px) 2011px, 100vw\" \/><\/h2>\n<p>Meil on t\u00e4isautomaatne veebaasil v\u00e4rvimise liin, mis on spetsiaalselt loodud v\u00e4ikeste ja keskmiste balloonide jaoks ning millel on automatiseeritud laadimis-, mahalaadimis- ja pihustusrobotid. Selle tipptasemel s\u00fcsteemi tootmisv\u00f5imsus on 4000 \u00fchikut vahetuse kohta. Lisaks on meil poolautomaatne v\u00e4rvimisliin suurte balloonide jaoks, mida k\u00e4itab keti\u00fclekanne ja mille projekteeritud v\u00f5imsus on 60 kasti vahetuse kohta.<\/p>\n<p>Toodete toimivuse parandamiseks ja oma juhtpositsiooni kindlustamiseks h\u00fcdrauliliste silindrite t\u00f6\u00f6stuses oleme teinud koost\u00f6\u00f6d ZJIMEE-ga, et luua terviklik j\u00f5udluslabor, mis on p\u00fchendatud h\u00fcdraulilistele silindritele, ventiilidele ja pumpadele. See t\u00e4iustatud labor kasutab arvutip\u00f5hist testimist elektroh\u00fcdraulilise tehnoloogiaga, v\u00f5imaldades eelseadistatud katsetingimusi, mis parandavad t\u00e4psust ja s\u00fcsteemi mitmek\u00fclgsust. Automatiseeritud andmekogumisprotsess kasutab andureid v\u00e4ljundandmete, n\u00e4iteks sisemise lekke ja koormuse efektiivsuse kogumiseks, mis seej\u00e4rel t\u00f6\u00f6deldakse arvuti abil ja teisendatakse standard\u00fchikuteks (ml\/min%).<\/p>\n<p>Lisaks rakendame oma h\u00fcdraulikas\u00fcsteemide ohutuse tagamiseks peamiste j\u00f5udlusparameetrite, sealhulgas \u00f5li temperatuuri, vedeliku taseme ja filtriseadme oleku j\u00e4lgimist. Meie h\u00fcdrauliliste silindrite katsestend suudab t\u00e4psete n\u00e4itude abil hinnata \u201ekoormuse efektiivsust\u201c ja \u201esisemist leket\u201c. See on varustatud ka riiklikele standarditele vastava v\u00f5rega m\u00f5\u00f5tevahendiga, mis tagab vastavuse k\u00f5igile h\u00fcdrauliliste silindrite toodete testimisn\u00f5uetele.<\/p>\n<p>&nbsp;<\/p>","protected":false},"excerpt":{"rendered":"<p>HCYY11112015 Telescopic Cylinder For Environmental Protection The HCYY11112015 Telescopic Cylinder is expertly designed for industries that demand both high efficiency and a commitment to environmental sustainability. This cutting-edge cylinder delivers exceptional performance while incorporating eco-friendly features, making it an ideal solution for a wide range of applications, including construction, manufacturing, and waste management. Imagine a [&hellip;]<\/p>","protected":false},"featured_media":17045,"comment_status":"open","ping_status":"closed","template":"","meta":{"_et_pb_use_builder":"","_et_pb_old_content":"","_et_gb_content_width":""},"product_brand":[],"product_cat":[1550,1486,1552,1376,1393],"product_tag":[],"class_list":{"0":"post-17038","1":"product","2":"type-product","3":"status-publish","4":"has-post-thumbnail","6":"product_cat-double-acting-hydraulic-cylinder","7":"product_cat-sanitation-machinery-hydraulic-cylinders","8":"product_cat-stainless-steel-hydraulic-cylinder","9":"product_cat-hydraulic-cylinder","10":"product_cat-telescopic-hydraulic-cylinder","12":"first","13":"instock","14":"shipping-taxable","15":"product-type-simple"},"amp_enabled":true,"_links":{"self":[{"href":"https:\/\/www.hydraulic-cylinders.net\/et\/wp-json\/wp\/v2\/product\/17038","targetHints":{"allow":["GET"]}}],"collection":[{"href":"https:\/\/www.hydraulic-cylinders.net\/et\/wp-json\/wp\/v2\/product"}],"about":[{"href":"https:\/\/www.hydraulic-cylinders.net\/et\/wp-json\/wp\/v2\/types\/product"}],"replies":[{"embeddable":true,"href":"https:\/\/www.hydraulic-cylinders.net\/et\/wp-json\/wp\/v2\/comments?post=17038"}],"wp:featuredmedia":[{"embeddable":true,"href":"https:\/\/www.hydraulic-cylinders.net\/et\/wp-json\/wp\/v2\/media\/17045"}],"wp:attachment":[{"href":"https:\/\/www.hydraulic-cylinders.net\/et\/wp-json\/wp\/v2\/media?parent=17038"}],"wp:term":[{"taxonomy":"product_brand","embeddable":true,"href":"https:\/\/www.hydraulic-cylinders.net\/et\/wp-json\/wp\/v2\/product_brand?post=17038"},{"taxonomy":"product_cat","embeddable":true,"href":"https:\/\/www.hydraulic-cylinders.net\/et\/wp-json\/wp\/v2\/product_cat?post=17038"},{"taxonomy":"product_tag","embeddable":true,"href":"https:\/\/www.hydraulic-cylinders.net\/et\/wp-json\/wp\/v2\/product_tag?post=17038"}],"curies":[{"name":"wp","href":"https:\/\/api.w.org\/{rel}","templated":true}]}}