{"id":17074,"date":"2025-02-05T08:31:40","date_gmt":"2025-02-05T08:31:40","guid":{"rendered":"https:\/\/www.hydraulic-cylinders.net\/?post_type=product&#038;p=17074"},"modified":"2025-04-11T03:00:55","modified_gmt":"2025-04-11T03:00:55","slug":"hcyy11112016-grain-tank-lifting-cylinder-for-agricultural-machinery","status":"publish","type":"product","link":"https:\/\/www.hydraulic-cylinders.net\/et\/toode\/hcyy11112016-grain-tank-lifting-cylinder-for-agricultural-machinery\/","title":{"rendered":"HCYY11112016 Teraviljapaagi t\u00f5stesilinder p\u00f5llumajandusmasinatele"},"content":{"rendered":"<h1 style=\"text-align: center;\"><strong>HCYY11112016 Teraviljapaagi t\u00f5stesilinder p\u00f5llumajandusmasinatele<\/strong><\/h1>\n<h1 style=\"text-align: center;\"><img loading=\"lazy\" decoding=\"async\" class=\"alignnone size-full wp-image-17077\" src=\"https:\/\/www.hydraulic-cylinders.net\/wp-content\/uploads\/2025\/02\/hcyy11112016-grain-tank-lifting-cylinder-2.webp\" alt=\"\" width=\"1500\" height=\"515\" srcset=\"https:\/\/www.hydraulic-cylinders.net\/wp-content\/uploads\/2025\/02\/hcyy11112016-grain-tank-lifting-cylinder-2.webp 1500w, https:\/\/www.hydraulic-cylinders.net\/wp-content\/uploads\/2025\/02\/hcyy11112016-grain-tank-lifting-cylinder-2-1280x439.webp 1280w, https:\/\/www.hydraulic-cylinders.net\/wp-content\/uploads\/2025\/02\/hcyy11112016-grain-tank-lifting-cylinder-2-980x336.webp 980w, https:\/\/www.hydraulic-cylinders.net\/wp-content\/uploads\/2025\/02\/hcyy11112016-grain-tank-lifting-cylinder-2-480x165.webp 480w\" sizes=\"(min-width: 0px) and (max-width: 480px) 480px, (min-width: 481px) and (max-width: 980px) 980px, (min-width: 981px) and (max-width: 1280px) 1280px, (min-width: 1281px) 1500px, 100vw\" \/><\/h1>\n<p>See <strong>HCYY11112016 Viljapaagi t\u00f5stesilinder<\/strong> m\u00e4ngib p\u00f5llumajandusmasinates olulist rolli, olles loodud teravilja k\u00e4itlemise t\u00f5hususe ja tulemuslikkuse suurendamiseks. See h\u00fcdrauliline silinder tagab teraviljapunkrite sujuvaks t\u00f5stmiseks ja langetamiseks vajaliku v\u00f5imsuse ja t\u00e4psuse, tagades optimaalse j\u00f5udluse nii koristamise kui ka transpordi ajal.<\/p>\n<p>Olulise t\u00f6\u00f6riistana igas p\u00f5llumajanduslikus tegevuses, kus esikohale seatakse efektiivsus ja t\u00f6\u00f6kindlus, paistab HCYY11112016 silma oma vastupidavate omaduste ja kasutajas\u00f5braliku disaini poolest. Lihtsad hooldusn\u00f5uded teevad sellest eelistatud valiku p\u00f5llumeeste ja p\u00f5llumajandusspetsialistide seas. Investeerides sellesse kvaliteetsesse t\u00f5stesilindrisse, parandate oluliselt oma masina j\u00f5udlust ja sujuvamaks muudate teravilja k\u00e4itlemisprotsesse, mis viib produktiivsema ja edukama p\u00f5llumajandustegevuseni.<\/p>\n<h2><strong>HCYY11112016 Teraviljapaagi t\u00f5stesilinder p\u00f5llumajandusmasinatele Parameeter:<\/strong><\/h2>\n<h1 style=\"text-align: center;\"><img loading=\"lazy\" decoding=\"async\" class=\"alignnone size-full wp-image-17076\" src=\"https:\/\/www.hydraulic-cylinders.net\/wp-content\/uploads\/2025\/02\/hcyy11112016-grain-tank-lifting-cylinder-1.webp\" alt=\"\" width=\"1510\" height=\"146\" srcset=\"https:\/\/www.hydraulic-cylinders.net\/wp-content\/uploads\/2025\/02\/hcyy11112016-grain-tank-lifting-cylinder-1.webp 1510w, https:\/\/www.hydraulic-cylinders.net\/wp-content\/uploads\/2025\/02\/hcyy11112016-grain-tank-lifting-cylinder-1-1280x124.webp 1280w, https:\/\/www.hydraulic-cylinders.net\/wp-content\/uploads\/2025\/02\/hcyy11112016-grain-tank-lifting-cylinder-1-980x95.webp 980w, https:\/\/www.hydraulic-cylinders.net\/wp-content\/uploads\/2025\/02\/hcyy11112016-grain-tank-lifting-cylinder-1-480x46.webp 480w\" sizes=\"(min-width: 0px) and (max-width: 480px) 480px, (min-width: 481px) and (max-width: 980px) 980px, (min-width: 981px) and (max-width: 1280px) 1280px, (min-width: 1281px) 1510px, 100vw\" \/><img loading=\"lazy\" decoding=\"async\" class=\"alignnone size-full wp-image-17078\" src=\"https:\/\/www.hydraulic-cylinders.net\/wp-content\/uploads\/2025\/02\/hcyy11112016-grain-tank-lifting-cylinder-3.webp\" alt=\"\" width=\"1477\" height=\"710\" srcset=\"https:\/\/www.hydraulic-cylinders.net\/wp-content\/uploads\/2025\/02\/hcyy11112016-grain-tank-lifting-cylinder-3.webp 1477w, https:\/\/www.hydraulic-cylinders.net\/wp-content\/uploads\/2025\/02\/hcyy11112016-grain-tank-lifting-cylinder-3-1280x615.webp 1280w, https:\/\/www.hydraulic-cylinders.net\/wp-content\/uploads\/2025\/02\/hcyy11112016-grain-tank-lifting-cylinder-3-980x471.webp 980w, https:\/\/www.hydraulic-cylinders.net\/wp-content\/uploads\/2025\/02\/hcyy11112016-grain-tank-lifting-cylinder-3-480x231.webp 480w\" sizes=\"(min-width: 0px) and (max-width: 480px) 480px, (min-width: 481px) and (max-width: 980px) 980px, (min-width: 981px) and (max-width: 1280px) 1280px, (min-width: 1281px) 1477px, 100vw\" \/> <img loading=\"lazy\" decoding=\"async\" class=\"alignnone size-full wp-image-17079\" src=\"https:\/\/www.hydraulic-cylinders.net\/wp-content\/uploads\/2025\/02\/hcyy11112016-grain-tank-lifting-cylinder-4.webp\" alt=\"\" width=\"1476\" height=\"711\" srcset=\"https:\/\/www.hydraulic-cylinders.net\/wp-content\/uploads\/2025\/02\/hcyy11112016-grain-tank-lifting-cylinder-4.webp 1476w, https:\/\/www.hydraulic-cylinders.net\/wp-content\/uploads\/2025\/02\/hcyy11112016-grain-tank-lifting-cylinder-4-1280x617.webp 1280w, https:\/\/www.hydraulic-cylinders.net\/wp-content\/uploads\/2025\/02\/hcyy11112016-grain-tank-lifting-cylinder-4-980x472.webp 980w, https:\/\/www.hydraulic-cylinders.net\/wp-content\/uploads\/2025\/02\/hcyy11112016-grain-tank-lifting-cylinder-4-480x231.webp 480w\" sizes=\"(min-width: 0px) and (max-width: 480px) 480px, (min-width: 481px) and (max-width: 980px) 980px, (min-width: 981px) and (max-width: 1280px) 1280px, (min-width: 1281px) 1476px, 100vw\" \/> <img loading=\"lazy\" decoding=\"async\" class=\"alignnone size-full wp-image-17080\" src=\"https:\/\/www.hydraulic-cylinders.net\/wp-content\/uploads\/2025\/02\/hcyy11112016-grain-tank-lifting-cylinder-5.webp\" alt=\"\" width=\"1419\" height=\"765\" srcset=\"https:\/\/www.hydraulic-cylinders.net\/wp-content\/uploads\/2025\/02\/hcyy11112016-grain-tank-lifting-cylinder-5.webp 1419w, https:\/\/www.hydraulic-cylinders.net\/wp-content\/uploads\/2025\/02\/hcyy11112016-grain-tank-lifting-cylinder-5-1280x690.webp 1280w, https:\/\/www.hydraulic-cylinders.net\/wp-content\/uploads\/2025\/02\/hcyy11112016-grain-tank-lifting-cylinder-5-980x528.webp 980w, https:\/\/www.hydraulic-cylinders.net\/wp-content\/uploads\/2025\/02\/hcyy11112016-grain-tank-lifting-cylinder-5-480x259.webp 480w\" sizes=\"(min-width: 0px) and (max-width: 480px) 480px, (min-width: 481px) and (max-width: 980px) 980px, (min-width: 981px) and (max-width: 1280px) 1280px, (min-width: 1281px) 1419px, 100vw\" \/><\/h1>\n<h2><strong>Roomikkraana silindrite seeria:<\/strong><\/h2>\n<h2><img loading=\"lazy\" decoding=\"async\" class=\"alignnone size-full wp-image-17082\" src=\"https:\/\/www.hydraulic-cylinders.net\/wp-content\/uploads\/2025\/02\/cylinder-series-for-agricultural-machinery-1-1-scaled.webp\" alt=\"\" width=\"2066\" height=\"2560\" srcset=\"https:\/\/www.hydraulic-cylinders.net\/wp-content\/uploads\/2025\/02\/cylinder-series-for-agricultural-machinery-1-1-scaled.webp 2066w, https:\/\/www.hydraulic-cylinders.net\/wp-content\/uploads\/2025\/02\/cylinder-series-for-agricultural-machinery-1-1-1280x1586.webp 1280w, https:\/\/www.hydraulic-cylinders.net\/wp-content\/uploads\/2025\/02\/cylinder-series-for-agricultural-machinery-1-1-980x1214.webp 980w, https:\/\/www.hydraulic-cylinders.net\/wp-content\/uploads\/2025\/02\/cylinder-series-for-agricultural-machinery-1-1-480x595.webp 480w\" sizes=\"(min-width: 0px) and (max-width: 480px) 480px, (min-width: 481px) and (max-width: 980px) 980px, (min-width: 981px) and (max-width: 1280px) 1280px, (min-width: 1281px) 2066px, 100vw\" \/><\/h2>\n<h2><strong>P\u00f5llumajandusmasinate teraviljapaagi t\u00f5stesilindri HCYY11112016 p\u00f5hijooned:<\/strong><\/h2>\n<h4><strong>Suur kandev\u00f5ime<\/strong><\/h4>\n<p>See <strong>HCYY11112016 Viljapaagi t\u00f5stesilinder<\/strong> on asjatundlikult konstrueeritud taluma m\u00e4rkimisv\u00e4\u00e4rseid raskusi, mist\u00f5ttu on see v\u00f5imeline vaevata t\u00f5stma t\u00e4islastis viljapunkreid. See suur kandev\u00f5ime tagab mitte ainult ohutu t\u00f6\u00f6, vaid suurendab ka efektiivsust olulistel koristus- ja transpordiperioodidel. P\u00f5llumehed v\u00f5ivad olla kindlad, et see silinder t\u00f6\u00f6tab surve all usaldusv\u00e4\u00e4rselt, v\u00f5imaldades neil keskenduda oma \u00fclesannetele ilma seadmete rikete p\u00e4rast muretsemata.<\/p>\n<h4><strong>Vastupidav konstruktsioon<\/strong><\/h4>\n<p>K\u00f5rgtugevatest materjalidest valmistatud HCYY11112016 on loodud vastu pidama n\u00f5udlike p\u00f5llumajanduskeskkondade raskustele. Selle vastupidav konstruktsioon on kulumiskindel, tagades pikaealisuse ja \u00fchtlase j\u00f5udluse aja jooksul. See vastupidavus on oluline p\u00f5llumeestele, kes loodavad oma seadmetele iga p\u00e4ev, kuna see minimeerib seisakuid ja hoolduskulusid.<\/p>\n<h4><strong>Korrosioonikindlus<\/strong><\/h4>\n<p>T\u00e4iustatud pinnat\u00f6\u00f6tlustega HCYY11112016 pakub erakordset kaitset rooste ja korrosiooni eest. See omadus suurendab silindri vastupidavust, v\u00f5imaldades sellel s\u00e4ilitada tippj\u00f5udlust isegi keerulistes ilmastikutingimustes. Investeerides sellesse korrosioonikindlasse silindrisse, v\u00f5ivad p\u00f5llumehed olla kindlad, et nende seadmed peavad elementidele vastu, aidates kaasa pikemale elueale ja paremale investeeringutasuvusele.<\/p>\n<h4><strong>Kompaktne disain<\/strong><\/h4>\n<p>\u00dcks HCYY11112016 silmapaistvamaid omadusi on selle kompaktne disain, mis h\u00f5lbustab sujuvat integreerimist mitmesuguste p\u00f5llumajandusmasinatega. See ruumis\u00e4\u00e4stlik disain maksimeerib olemasolevat ruumi, v\u00f5imaldades seadmete t\u00f5husamat kasutamist ilma funktsionaalsust ohverdamata. P\u00f5llumajandustootjad saavad kasu sujuvast seadistusest, mis parandab man\u00f6\u00f6verdusv\u00f5imet ja \u00fcldist t\u00f6\u00f6t\u00f5husust.<\/p>\n<h4><strong>T\u00e4ppistehnika<\/strong><\/h4>\n<p>V\u00e4ikeste tolerantsidega valmistatud HCYY11112016 tagab sujuva t\u00f6\u00f6 ja t\u00e4pse koorma positsioneerimise, mis on teravilja k\u00e4itlemisel \u00f5nnetuste v\u00e4ltimiseks kriitilise t\u00e4htsusega. Selline t\u00e4psus v\u00f5imaldab operaatoritel koormaid enesekindlalt hallata, v\u00e4hendades raskete materjalide t\u00f5stmise ja transportimisega seotud riske. Silindri usaldusv\u00e4\u00e4rne j\u00f5udlus tagab ohutumad t\u00f6\u00f6tingimused, mis on p\u00f5llumajandusspetsialistide jaoks esmat\u00e4htis.<\/p>\n<p>Valides teraviljapunkri t\u00f5stesilindri HCYY11112016, varustavad p\u00f5llumehed end t\u00f6\u00f6riistaga, mis mitte ainult ei vasta t\u00e4nap\u00e4evase p\u00f5llumajanduse n\u00f5uetele, vaid \u00fcletab neid. Selle suure kandev\u00f5ime, vastupidavuse, korrosioonikindluse, kompaktse disaini ja t\u00e4ppistehnoloogia kombinatsioon muudab selle oluliseks varaks igas p\u00f5llumajandustegevuses.<\/p>\n<h2><strong>Kuidas parandab Hcyy11112016 teraviljapaagi t\u00f5stesilindri kompaktne disain selle integreerimist p\u00f5llumajandusmasinatega?<\/strong><\/h2>\n<p>Kompaktne disain <strong>HCYY11112016 Viljapaagi t\u00f5stesilinder<\/strong> m\u00e4ngib olulist rolli selle sujuvas integreerimises p\u00f5llumajandusmasinatega, pakkudes arvukalt eeliseid, mis parandavad \u00fcldist j\u00f5udlust:<\/p>\n<h4><strong>Ruumit\u00f5husus<\/strong><\/h4>\n<ul>\n<li><strong>Maksimeeritud ruum<\/strong>Silindri voolujooneline profiil on konstrueeritud olemasoleva ruumi optimaalseks kasutamiseks, v\u00f5imaldades h\u00f5lpsat integreerimist erinevatesse masinakonfiguratsioonidesse. See t\u00f5hus ruumikasutus mitte ainult ei lihtsusta disaini, vaid v\u00e4hendab ka segadust, muutes seadmed kasutajas\u00f5bralikumaks ja k\u00e4ttesaadavamaks.<\/li>\n<\/ul>\n<h4><strong>Parem man\u00f6\u00f6verdusv\u00f5ime<\/strong><\/h4>\n<ul>\n<li><strong>T\u00e4iustatud liikuvus<\/strong>Kompaktne disain parandab oluliselt man\u00f6\u00f6verdusv\u00f5imet, v\u00f5imaldades p\u00f5llumeestel kitsamates kohtades p\u00f5ldudel, lautades v\u00f5i laoruumides navigeerida. See paindlikkus on \u00fclioluline kiiretel koristusperioodidel, kui on vaja kiireid kohandusi, s\u00e4\u00e4stes l\u00f5ppkokkuv\u00f5ttes aega ja suurendades tootlikkust.<\/li>\n<\/ul>\n<h4><strong>Lihtsustatud paigaldamine<\/strong><\/h4>\n<ul>\n<li><strong>Lihtne integreerimine<\/strong>Silindri v\u00e4iksem suurus lihtsustab paigaldamisprotsessi mitmesuguste p\u00f5llumajandusmasinate puhul. See integreerimise lihtsus minimeerib seadistusaega, v\u00f5imaldades operaatoritel seadmeid kiiresti kasutusele v\u00f5tta ja t\u00f6\u00f6le naasta, mis on eriti v\u00e4\u00e4rtuslik tipphooajal.<\/li>\n<\/ul>\n<h4><strong>Tasakaalustatud kaalujaotus<\/strong><\/h4>\n<ul>\n<li><strong>Alumine raskuskese<\/strong>Kompaktne jalaj\u00e4lg aitab s\u00e4ilitada madalamat raskuskeset, mis on t\u00f6\u00f6 ajal stabiilsuse parandamiseks h\u00e4davajalik. See konstruktsiooniomadus minimeerib \u00fcmberkukkumise ohtu raskete viljatsisternide t\u00f5stmisel, tagades ohutuma k\u00e4sitsemise ja t\u00f6\u00f6tamise erinevates p\u00f5llutingimustes.<\/li>\n<\/ul>\n<h4><strong>Mitmek\u00fclgne \u00fchilduvus<\/strong><\/h4>\n<ul>\n<li><strong>Kohanduvus<\/strong>HCYY11112016 kompaktne disain tagab \u00fchilduvuse laia valiku p\u00f5llumajandusmasinatega, alates traktoritest kuni viljak\u00e4rudeni. See mitmek\u00fclgsus v\u00f5imaldab p\u00f5llumeestel vahetada seadmeid ilma ulatuslike muudatusteta, s\u00e4\u00e4stes nii aega kui ka ressursse.<\/li>\n<\/ul>\n<h4><strong>Suurem tegevuse efektiivsus<\/strong><\/h4>\n<ul>\n<li><strong>Sujuvam j\u00f5udlus<\/strong>Sujuvalt erinevate masinatega integreerudes aitab kompaktne silinder kaasa \u00fcldisele t\u00f6\u00f6efektiivsusele. Selle v\u00f5ime harmooniliselt teiste komponentidega t\u00f6\u00f6tada v\u00e4hendab masinate kulumist, pikendades nii silindri kui ka selle toetatavate seadmete eluiga.<\/li>\n<\/ul>\n<h4><strong>Ohutuskaalutlused<\/strong><\/h4>\n<ul>\n<li><strong>Riskide v\u00e4hendamine<\/strong>Madalama raskuskeskme ja parema stabiilsuse kombinatsioon v\u00e4hendab \u00f5nnetuste t\u00f5en\u00e4osust teravilja k\u00e4itlemisel. P\u00f5llumehed saavad t\u00f6\u00f6tada enesekindlalt, teades, et nende seadmed on konstrueeritud nii, et raskete koormate k\u00e4itlemisel oleks esikohal ohutus.<\/li>\n<\/ul>\n<p>Kokkuv\u00f5ttes v\u00f5ib \u00f6elda, et HCYY11112016 teraviljapaagi t\u00f5stesilindri kompaktne disain mitte ainult ei paranda selle integreerimist p\u00f5llumajandusmasinatega, vaid aitab kaasa ka t\u00f5hususe, ohutuse ja kohanemisv\u00f5ime paranemisele. Selle uuendusliku silindri valimisega investeerivad p\u00f5llumehed t\u00f6\u00f6riista, mis maksimeerib j\u00f5udlust ja t\u00f6\u00f6kindlust, muutes selle t\u00e4nap\u00e4evaste p\u00f5llumajandustegevuste jaoks oluliseks varaks.<\/p>\n<h2><strong>Kahvelt\u00f5stuki silindrite tootmispiirkond:<\/strong><\/h2>\n<h2><img loading=\"lazy\" decoding=\"async\" class=\"alignnone size-full wp-image-16972\" src=\"https:\/\/www.hydraulic-cylinders.net\/wp-content\/uploads\/2025\/01\/hydraulic-cylinder-factory-1-scaled.webp\" alt=\"\" width=\"2016\" height=\"2560\" srcset=\"https:\/\/www.hydraulic-cylinders.net\/wp-content\/uploads\/2025\/01\/hydraulic-cylinder-factory-1-scaled.webp 2016w, https:\/\/www.hydraulic-cylinders.net\/wp-content\/uploads\/2025\/01\/hydraulic-cylinder-factory-1-1280x1625.webp 1280w, https:\/\/www.hydraulic-cylinders.net\/wp-content\/uploads\/2025\/01\/hydraulic-cylinder-factory-1-980x1244.webp 980w, https:\/\/www.hydraulic-cylinders.net\/wp-content\/uploads\/2025\/01\/hydraulic-cylinder-factory-1-480x610.webp 480w\" sizes=\"(min-width: 0px) and (max-width: 480px) 480px, (min-width: 481px) and (max-width: 980px) 980px, (min-width: 981px) and (max-width: 1280px) 1280px, (min-width: 1281px) 2016px, 100vw\" \/><\/h2>\n<p>Meil on tipptasemel s\u00f5ltumatu teadus- ja arendusplatvorm, mis on p\u00fchendatud montaa\u017eile, tagades meie tootmisprotsessides tipptasemel innovatsiooni ja kvaliteedi. Meie kahvelt\u00f5stukite silindrite tootmist\u00f6\u00f6kojas on neli poolautomaatset t\u00f5stesilindrite montaa\u017eiliini ja t\u00e4isautomaatne kallutussilindrite montaa\u017eiliin, mis on kokku projekteeritud tootma kuni miljon \u00fchikut aastas.<\/p>\n<p>Lisaks on meie spetsialiseeritud silindrite t\u00f6\u00f6koda varustatud erinevate spetsifikatsioonide jaoks kohandatud poolautomaatsete puhastus- ja montaa\u017eis\u00fcsteemidega, mille aastane tootmisv\u00f5imsus on 200 000 t\u00fckki. Kasutame tuntud CNC-seadmeid, t\u00f6\u00f6tluskeskusi ja spetsiaalseid t\u00f6\u00f6riistu silindrite \u00fclit\u00e4pseks t\u00f6\u00f6tlemiseks. Meie rajatisse kuuluvad ka t\u00e4iustatud robotkeevitusseadmed, automaatsed puhastuss\u00fcsteemid ning t\u00e4isautomatiseeritud silindrite montaa\u017ei- ja v\u00e4rvimisliinid. \u00dcle 300 t\u00f6\u00f6korras oleva seadmega optimeerime ressursside jaotust ja tagame t\u00f5husa kasutamise, j\u00e4rgides rangeid t\u00e4psus- ja kvaliteedistandardeid.<\/p>\n<p>Meie mehaanikat\u00f6\u00f6kojas on kohandatud kaldr\u00f6\u00f6bastega treikeskused, mehaanikakeskused, kiired hoonimismasinad, keevitusrobotid ja muu oluline varustus. See seadistus v\u00f5imaldab meil t\u00f6\u00f6delda silindritorusid maksimaalse sisel\u00e4bim\u00f5\u00f5duga 400 mm ja pikkusega kuni 6 meetrit, suurendades veelgi meie tootmisv\u00f5imalusi.<\/p>\n<h2><img loading=\"lazy\" decoding=\"async\" class=\"alignnone size-full wp-image-16973\" src=\"https:\/\/www.hydraulic-cylinders.net\/wp-content\/uploads\/2025\/01\/hydraulic-cylinder-factory-2-scaled.webp\" alt=\"\" width=\"2011\" height=\"2560\" srcset=\"https:\/\/www.hydraulic-cylinders.net\/wp-content\/uploads\/2025\/01\/hydraulic-cylinder-factory-2-scaled.webp 2011w, https:\/\/www.hydraulic-cylinders.net\/wp-content\/uploads\/2025\/01\/hydraulic-cylinder-factory-2-1280x1629.webp 1280w, https:\/\/www.hydraulic-cylinders.net\/wp-content\/uploads\/2025\/01\/hydraulic-cylinder-factory-2-980x1248.webp 980w, https:\/\/www.hydraulic-cylinders.net\/wp-content\/uploads\/2025\/01\/hydraulic-cylinder-factory-2-480x611.webp 480w\" sizes=\"(min-width: 0px) and (max-width: 480px) 480px, (min-width: 481px) and (max-width: 980px) 980px, (min-width: 981px) and (max-width: 1280px) 1280px, (min-width: 1281px) 2011px, 100vw\" \/><\/h2>\n<p>Meil on t\u00e4isautomaatne veebaasil v\u00e4rvimise liin, mis on spetsiaalselt loodud v\u00e4ikeste ja keskmiste balloonide jaoks ning millel on automatiseeritud laadimis-, mahalaadimis- ja pihustusrobotid. Selle tipptasemel s\u00fcsteemi tootmisv\u00f5imsus on 4000 \u00fchikut vahetuse kohta. Lisaks on meil poolautomaatne v\u00e4rvimisliin suurte balloonide jaoks, mida k\u00e4itab keti\u00fclekanne ja mille projekteeritud v\u00f5imsus on 60 kasti vahetuse kohta.<\/p>\n<p>Toodete toimivuse parandamiseks ja oma juhtpositsiooni kindlustamiseks h\u00fcdrauliliste silindrite t\u00f6\u00f6stuses oleme teinud koost\u00f6\u00f6d ZJIMEE-ga, et luua terviklik j\u00f5udluslabor, mis on p\u00fchendatud h\u00fcdraulilistele silindritele, ventiilidele ja pumpadele. See t\u00e4iustatud labor kasutab arvutip\u00f5hist testimist elektroh\u00fcdraulilise tehnoloogiaga, v\u00f5imaldades eelseadistatud katsetingimusi, mis parandavad t\u00e4psust ja s\u00fcsteemi mitmek\u00fclgsust. Automatiseeritud andmekogumisprotsess kasutab andureid v\u00e4ljundandmete, n\u00e4iteks sisemise lekke ja koormuse efektiivsuse kogumiseks, mis seej\u00e4rel t\u00f6\u00f6deldakse arvuti abil ja teisendatakse standard\u00fchikuteks (ml\/min%).<\/p>\n<p>Lisaks rakendame oma h\u00fcdraulikas\u00fcsteemide ohutuse tagamiseks peamiste j\u00f5udlusparameetrite, sealhulgas \u00f5li temperatuuri, vedeliku taseme ja filtriseadme oleku j\u00e4lgimist. Meie h\u00fcdrauliliste silindrite katsestend suudab t\u00e4psete n\u00e4itude abil hinnata \u201ekoormuse efektiivsust\u201c ja \u201esisemist leket\u201c. See on varustatud ka riiklikele standarditele vastava v\u00f5rega m\u00f5\u00f5tevahendiga, mis tagab vastavuse k\u00f5igile h\u00fcdrauliliste silindrite toodete testimisn\u00f5uetele.<\/p>\n<p>&nbsp;<\/p>","protected":false},"excerpt":{"rendered":"<p>HCYY11112016 Grain Tank Lifting Cylinder For Agricultural Machinery The HCYY11112016 Grain Tank Lifting Cylinder plays a crucial role in agricultural machinery, designed to boost the efficiency and effectiveness of grain handling operations. This hydraulic cylinder provides the power and precision required to raise and lower grain tanks smoothly, ensuring optimal performance during both harvest and [&hellip;]<\/p>","protected":false},"featured_media":17083,"comment_status":"open","ping_status":"closed","template":"","meta":{"_et_pb_use_builder":"","_et_pb_old_content":"","_et_gb_content_width":""},"product_brand":[],"product_cat":[1528,1549,1376],"product_tag":[],"class_list":{"0":"post-17074","1":"product","2":"type-product","3":"status-publish","4":"has-post-thumbnail","6":"product_cat-harvesting-machinery-hydraulic-cylinders","7":"product_cat-single-acting-hydraulic-cylinder","8":"product_cat-hydraulic-cylinder","10":"first","11":"instock","12":"shipping-taxable","13":"product-type-simple"},"amp_enabled":true,"_links":{"self":[{"href":"https:\/\/www.hydraulic-cylinders.net\/et\/wp-json\/wp\/v2\/product\/17074","targetHints":{"allow":["GET"]}}],"collection":[{"href":"https:\/\/www.hydraulic-cylinders.net\/et\/wp-json\/wp\/v2\/product"}],"about":[{"href":"https:\/\/www.hydraulic-cylinders.net\/et\/wp-json\/wp\/v2\/types\/product"}],"replies":[{"embeddable":true,"href":"https:\/\/www.hydraulic-cylinders.net\/et\/wp-json\/wp\/v2\/comments?post=17074"}],"wp:featuredmedia":[{"embeddable":true,"href":"https:\/\/www.hydraulic-cylinders.net\/et\/wp-json\/wp\/v2\/media\/17083"}],"wp:attachment":[{"href":"https:\/\/www.hydraulic-cylinders.net\/et\/wp-json\/wp\/v2\/media?parent=17074"}],"wp:term":[{"taxonomy":"product_brand","embeddable":true,"href":"https:\/\/www.hydraulic-cylinders.net\/et\/wp-json\/wp\/v2\/product_brand?post=17074"},{"taxonomy":"product_cat","embeddable":true,"href":"https:\/\/www.hydraulic-cylinders.net\/et\/wp-json\/wp\/v2\/product_cat?post=17074"},{"taxonomy":"product_tag","embeddable":true,"href":"https:\/\/www.hydraulic-cylinders.net\/et\/wp-json\/wp\/v2\/product_tag?post=17074"}],"curies":[{"name":"wp","href":"https:\/\/api.w.org\/{rel}","templated":true}]}}