{"id":17084,"date":"2025-02-05T08:51:31","date_gmt":"2025-02-05T08:51:31","guid":{"rendered":"https:\/\/www.hydraulic-cylinders.net\/?post_type=product&#038;p=17084"},"modified":"2025-04-11T05:30:22","modified_gmt":"2025-04-11T05:30:22","slug":"hcyy11112017-towing-and-lifting-cylinder-for-agricultural-machinery","status":"publish","type":"product","link":"https:\/\/www.hydraulic-cylinders.net\/et\/toode\/hcyy11112017-towing-and-lifting-cylinder-for-agricultural-machinery\/","title":{"rendered":"HCYY11112017 P\u00f5llumajandusmasinate pukseerimis- ja t\u00f5stesilinder"},"content":{"rendered":"<h1 style=\"text-align: center;\"><strong>HCYY11112017 P\u00f5llumajandusmasinate pukseerimis- ja t\u00f5stesilinder<\/strong><\/h1>\n<h1 style=\"text-align: center;\"><img loading=\"lazy\" decoding=\"async\" class=\"alignnone size-full wp-image-17086\" src=\"https:\/\/www.hydraulic-cylinders.net\/wp-content\/uploads\/2025\/02\/hcyy11112017-towing-and-lifting-cylinder-2.webp\" alt=\"\" width=\"1495\" height=\"517\" srcset=\"https:\/\/www.hydraulic-cylinders.net\/wp-content\/uploads\/2025\/02\/hcyy11112017-towing-and-lifting-cylinder-2.webp 1495w, https:\/\/www.hydraulic-cylinders.net\/wp-content\/uploads\/2025\/02\/hcyy11112017-towing-and-lifting-cylinder-2-1280x443.webp 1280w, https:\/\/www.hydraulic-cylinders.net\/wp-content\/uploads\/2025\/02\/hcyy11112017-towing-and-lifting-cylinder-2-980x339.webp 980w, https:\/\/www.hydraulic-cylinders.net\/wp-content\/uploads\/2025\/02\/hcyy11112017-towing-and-lifting-cylinder-2-480x166.webp 480w\" sizes=\"(min-width: 0px) and (max-width: 480px) 480px, (min-width: 481px) and (max-width: 980px) 980px, (min-width: 981px) and (max-width: 1280px) 1280px, (min-width: 1281px) 1495px, 100vw\" \/><\/h1>\n<p>See <strong>HCYY11112017 Pukseerimis- ja t\u00f5stesilinder<\/strong> on p\u00f5llumajandus- ja t\u00f6\u00f6stusrakenduste jaoks \u00fclioluline komponent, mis on loodud erakordse j\u00f5udluse tagamiseks raskete koormate pukseerimisel ja t\u00f5steseadmete t\u00f5stmisel. Selle mitmek\u00fclgsus teeb sellest asendamatu t\u00f6\u00f6riista valdkonna spetsialistidele.<\/p>\n<p>See silinder on usaldusv\u00e4\u00e4rne ja t\u00f5hus lahendus mitmesugusteks pukseerimis- ja t\u00f5stet\u00f6\u00f6deks. Suure kandev\u00f5ime, vastupidava konstruktsiooni ja kompaktse disainiga parandab see iga masinapargi v\u00f5imekust. Soovituslike kasutus- ja hooldusjuhiste j\u00e4rgimisega saavad kasutajad optimeerida silindri j\u00f5udlust ja pikendada selle eluiga, tagades maksimaalse efektiivsuse t\u00f6\u00f6s.<\/p>\n<p>Investeerige HCYY11112017 mudelisse, et saada usaldusv\u00e4\u00e4rne lahendus, mis vastab t\u00f5husalt k\u00f5igile teie pukseerimis- ja t\u00f5stevajadustele.<\/p>\n<h2><strong>HCYY11112017 Pukseerimis- ja t\u00f5stesilindri parameeter:<\/strong><\/h2>\n<h1 style=\"text-align: center;\"><img loading=\"lazy\" decoding=\"async\" class=\"alignnone size-full wp-image-17085\" src=\"https:\/\/www.hydraulic-cylinders.net\/wp-content\/uploads\/2025\/02\/hcyy11112017-towing-and-lifting-cylinder-1.webp\" alt=\"\" width=\"1519\" height=\"151\" srcset=\"https:\/\/www.hydraulic-cylinders.net\/wp-content\/uploads\/2025\/02\/hcyy11112017-towing-and-lifting-cylinder-1.webp 1519w, https:\/\/www.hydraulic-cylinders.net\/wp-content\/uploads\/2025\/02\/hcyy11112017-towing-and-lifting-cylinder-1-1280x127.webp 1280w, https:\/\/www.hydraulic-cylinders.net\/wp-content\/uploads\/2025\/02\/hcyy11112017-towing-and-lifting-cylinder-1-980x97.webp 980w, https:\/\/www.hydraulic-cylinders.net\/wp-content\/uploads\/2025\/02\/hcyy11112017-towing-and-lifting-cylinder-1-480x48.webp 480w\" sizes=\"(min-width: 0px) and (max-width: 480px) 480px, (min-width: 481px) and (max-width: 980px) 980px, (min-width: 981px) and (max-width: 1280px) 1280px, (min-width: 1281px) 1519px, 100vw\" \/><img loading=\"lazy\" decoding=\"async\" class=\"alignnone size-full wp-image-17087\" src=\"https:\/\/www.hydraulic-cylinders.net\/wp-content\/uploads\/2025\/02\/hcyy11112017-towing-and-lifting-cylinder-3.webp\" alt=\"\" width=\"1474\" height=\"710\" srcset=\"https:\/\/www.hydraulic-cylinders.net\/wp-content\/uploads\/2025\/02\/hcyy11112017-towing-and-lifting-cylinder-3.webp 1474w, https:\/\/www.hydraulic-cylinders.net\/wp-content\/uploads\/2025\/02\/hcyy11112017-towing-and-lifting-cylinder-3-1280x617.webp 1280w, https:\/\/www.hydraulic-cylinders.net\/wp-content\/uploads\/2025\/02\/hcyy11112017-towing-and-lifting-cylinder-3-980x472.webp 980w, https:\/\/www.hydraulic-cylinders.net\/wp-content\/uploads\/2025\/02\/hcyy11112017-towing-and-lifting-cylinder-3-480x231.webp 480w\" sizes=\"(min-width: 0px) and (max-width: 480px) 480px, (min-width: 481px) and (max-width: 980px) 980px, (min-width: 981px) and (max-width: 1280px) 1280px, (min-width: 1281px) 1474px, 100vw\" \/> <img loading=\"lazy\" decoding=\"async\" class=\"alignnone size-full wp-image-17088\" src=\"https:\/\/www.hydraulic-cylinders.net\/wp-content\/uploads\/2025\/02\/hcyy11112017-towing-and-lifting-cylinder-4.webp\" alt=\"\" width=\"1480\" height=\"705\" srcset=\"https:\/\/www.hydraulic-cylinders.net\/wp-content\/uploads\/2025\/02\/hcyy11112017-towing-and-lifting-cylinder-4.webp 1480w, https:\/\/www.hydraulic-cylinders.net\/wp-content\/uploads\/2025\/02\/hcyy11112017-towing-and-lifting-cylinder-4-1280x610.webp 1280w, https:\/\/www.hydraulic-cylinders.net\/wp-content\/uploads\/2025\/02\/hcyy11112017-towing-and-lifting-cylinder-4-980x467.webp 980w, https:\/\/www.hydraulic-cylinders.net\/wp-content\/uploads\/2025\/02\/hcyy11112017-towing-and-lifting-cylinder-4-480x229.webp 480w\" sizes=\"(min-width: 0px) and (max-width: 480px) 480px, (min-width: 481px) and (max-width: 980px) 980px, (min-width: 981px) and (max-width: 1280px) 1280px, (min-width: 1281px) 1480px, 100vw\" \/> <img loading=\"lazy\" decoding=\"async\" class=\"alignnone size-full wp-image-17089\" src=\"https:\/\/www.hydraulic-cylinders.net\/wp-content\/uploads\/2025\/02\/hcyy11112017-towing-and-lifting-cylinder-5.webp\" alt=\"\" width=\"1394\" height=\"691\" srcset=\"https:\/\/www.hydraulic-cylinders.net\/wp-content\/uploads\/2025\/02\/hcyy11112017-towing-and-lifting-cylinder-5.webp 1394w, https:\/\/www.hydraulic-cylinders.net\/wp-content\/uploads\/2025\/02\/hcyy11112017-towing-and-lifting-cylinder-5-1280x634.webp 1280w, https:\/\/www.hydraulic-cylinders.net\/wp-content\/uploads\/2025\/02\/hcyy11112017-towing-and-lifting-cylinder-5-980x486.webp 980w, https:\/\/www.hydraulic-cylinders.net\/wp-content\/uploads\/2025\/02\/hcyy11112017-towing-and-lifting-cylinder-5-480x238.webp 480w\" sizes=\"(min-width: 0px) and (max-width: 480px) 480px, (min-width: 481px) and (max-width: 980px) 980px, (min-width: 981px) and (max-width: 1280px) 1280px, (min-width: 1281px) 1394px, 100vw\" \/><\/h1>\n<h2><strong>Roomikkraana silindrite seeria:<\/strong><\/h2>\n<h2><img loading=\"lazy\" decoding=\"async\" class=\"alignnone size-full wp-image-17082\" src=\"https:\/\/www.hydraulic-cylinders.net\/wp-content\/uploads\/2025\/02\/cylinder-series-for-agricultural-machinery-1-1-scaled.webp\" alt=\"\" width=\"2066\" height=\"2560\" srcset=\"https:\/\/www.hydraulic-cylinders.net\/wp-content\/uploads\/2025\/02\/cylinder-series-for-agricultural-machinery-1-1-scaled.webp 2066w, https:\/\/www.hydraulic-cylinders.net\/wp-content\/uploads\/2025\/02\/cylinder-series-for-agricultural-machinery-1-1-1280x1586.webp 1280w, https:\/\/www.hydraulic-cylinders.net\/wp-content\/uploads\/2025\/02\/cylinder-series-for-agricultural-machinery-1-1-980x1214.webp 980w, https:\/\/www.hydraulic-cylinders.net\/wp-content\/uploads\/2025\/02\/cylinder-series-for-agricultural-machinery-1-1-480x595.webp 480w\" sizes=\"(min-width: 0px) and (max-width: 480px) 480px, (min-width: 481px) and (max-width: 980px) 980px, (min-width: 981px) and (max-width: 1280px) 1280px, (min-width: 1281px) 2066px, 100vw\" \/><\/h2>\n<h2><strong>HCYY11112017 pukseerimis- ja t\u00f5stesilindri p\u00f5hijooned:<\/strong><\/h2>\n<p>See <strong>HCYY11112017 Pukseerimis- ja t\u00f5stesilinder<\/strong> sellel on mitu olulist funktsiooni, mis suurendavad oluliselt selle funktsionaalsust ja atraktiivsust:<\/p>\n<h4><strong>Suur kandev\u00f5ime<\/strong><\/h4>\n<p>See silinder on konstrueeritud suurte raskuste pingutuseta k\u00e4sitsemiseks, mist\u00f5ttu sobib see ideaalselt rasketeks rakendusteks. Selle muljetavaldav kandev\u00f5ime tagab ohutu ja t\u00f5husa pukseerimis- ja t\u00f5stetoimingud, v\u00f5imaldades kasutajatel keerulisi \u00fclesandeid k\u00f5hklemata lahendada. Olenemata sellest, kas t\u00f5state suuri p\u00f5llumajandusseadmeid v\u00f5i vedate raskeid haagiseid, pakub see silinder t\u00f6\u00f6 t\u00f5husaks tegemiseks vajalikku tugevust.<\/p>\n<h4><strong>Vastupidav konstruktsioon<\/strong><\/h4>\n<p>K\u00f5rgtugevatest materjalidest valmistatud HCYY11112017 on loodud taluma kulumist isegi k\u00f5ige keerulisemates keskkondades. Selle vastupidav konstruktsioon kaitseb igap\u00e4evase kasutamise raskuste eest, tagades pika kasutusea. See vastupidavus t\u00e4hendab v\u00e4hem vahetusi ja parandusi, pakkudes kasutajatele meelerahu ja s\u00e4\u00e4stes pikas perspektiivis kulusid.<\/p>\n<h4><strong>Korrosioonikindlus<\/strong><\/h4>\n<p>Silindril on t\u00e4iustatud pinnat\u00f6\u00f6tlused, mis kaitsevad seda rooste ja korrosiooni eest. See oluline omadus on eriti kasulik p\u00f5llumajandus- ja t\u00f6\u00f6stuskeskkonnas, kus kokkupuude niiskuse ja karmide kemikaalidega on tavaline. Pikendades silindri eluiga ja s\u00e4ilitades t\u00f6\u00f6kindluse, tagab see korrosioonikindlus, et HCYY11112017 j\u00e4\u00e4b aja jooksul usaldusv\u00e4\u00e4rseks t\u00f6\u00f6riistaks.<\/p>\n<h4><strong>Kompaktne disain<\/strong><\/h4>\n<p>Selle ruumis\u00e4\u00e4stlik struktuur v\u00f5imaldab h\u00f5lpsat integreerimist olemasolevatesse masinatesse ilma j\u00f5udlust ohverdamata. See kompaktne disain on eriti kasulik piiratud ruumiga t\u00f6\u00f6kohtades, v\u00f5imaldades kasutajatel oma seadmete v\u00f5imalusi maksimeerida. Silindri v\u00e4ike jalaj\u00e4lg ei ohverda v\u00f5imsust, muutes selle praktiliseks valikuks mitmesuguste rakenduste jaoks.<\/p>\n<h4><strong>T\u00e4ppistehnika<\/strong><\/h4>\n<p>V\u00e4ikeste tolerantsidega valmistatud HCYY11112017 tagab sujuva t\u00f6\u00f6 ja t\u00e4pse koorma positsioneerimise. See t\u00e4ppistehnoloogia parandab \u00fcldist j\u00f5udlust, tagades koormate t\u00f5stmise ja pukseerimise erakordse kontrolliga. Kasutajad saavad sellele t\u00e4psusele loota, et saavutada oma \u00fclesannetes optimaalseid tulemusi, edendades t\u00f6\u00f6 t\u00f5husust ja ohutust.<\/p>\n<p>Kokkuv\u00f5ttes \u00fchendab HCYY11112017 pukseerimis- ja t\u00f5stesilinder suure kandev\u00f5ime, vastupidava konstruktsiooni, korrosioonikindluse, kompaktse disaini ja t\u00e4ppistehnoloogia. Need omadused mitte ainult ei paranda selle funktsionaalsust, vaid muudavad selle ka usaldusv\u00e4\u00e4rseks vahendiks igas p\u00f5llumajandus- v\u00f5i t\u00f6\u00f6stusrakenduses, tagades, et kasutajad saavad enesekindlalt hakkama ka k\u00f5ige raskemate v\u00e4ljakutsetega.<\/p>\n<h2><strong>Kuidas parandab HCYY11112017 pukseerimis- ja t\u00f5stesilindri kompaktne disain selle kasutatavust kitsastes kohtades?<\/strong><\/h2>\n<p>See <strong>kompaktne disain<\/strong> sellest <strong>HCYY11112017 Pukseerimis- ja t\u00f5stesilinder<\/strong> parandab oluliselt selle kasutatavust kitsastes kohtades, pakkudes mitmeid olulisi eeliseid:<\/p>\n<h4><strong>Ruumit\u00f5husus<\/strong><\/h4>\n<ul>\n<li><strong>Minimaalne jalaj\u00e4lg<\/strong>Silindri v\u00e4iksemad m\u00f5\u00f5tmed v\u00f5imaldavad sellel sobida kitsastesse kohtadesse, kus suuremad mudelid oleksid ebapraktilised. See ruumit\u00f5husus maksimeerib olemasoleva ruumi kasutamist masinaehituses, muutes selle suurep\u00e4raseks valikuks kompaktsete seadmete jaoks.<\/li>\n<\/ul>\n<h4><strong>Parem man\u00f6\u00f6verdusv\u00f5ime<\/strong><\/h4>\n<ul>\n<li><strong>Paindlikkus t\u00f6\u00f6s<\/strong>Selle kerge ja kompaktne konstruktsioon h\u00f5lbustab liikumist ja kohandusi kitsastes keskkondades. Operaatorid saavad takistustest kergemini m\u00f6\u00f6da liikuda, mis v\u00f5imaldab paindlikumat t\u00f6\u00f6tamist rahvarohketes v\u00f5i piiratud ruumides.<\/li>\n<\/ul>\n<h4><strong>Mitmek\u00fclgne integratsioon<\/strong><\/h4>\n<ul>\n<li><strong>Sujuv \u00fchilduvus<\/strong>HCYY11112017 on loodud integreerimiseks vaevata mitmesuguste seadmetega. See mitmek\u00fclgsus v\u00f5imaldab kasutajatel silindrit olemasolevatesse masinaparkidesse integreerida ilma ulatuslike muudatusteta, s\u00e4\u00e4stes paigaldamise ajal aega ja vaeva.<\/li>\n<\/ul>\n<h4><strong>T\u00e4iustatud stabiilsus<\/strong><\/h4>\n<ul>\n<li><strong>Alumine raskuskese<\/strong>Kompaktne disain aitab kaasa madalamale raskuskeskmele, mis suurendab stabiilsust t\u00f6\u00f6tamise ajal. See on eriti kasulik kitsal v\u00f5i ebatasasel maastikul, v\u00e4hendades \u00fcmberkukkumise ohtu ja tagades ohutumad t\u00f5ste- ja pukseerimisprotsessid.<\/li>\n<\/ul>\n<h4><strong>Lihtsustatud toimimine<\/strong><\/h4>\n<ul>\n<li><strong>Juurdep\u00e4\u00e4su lihtsus<\/strong>Operaatorid p\u00e4\u00e4sevad silindrile h\u00f5lpsalt ligi ja seda k\u00e4sitsevad isegi kitsastes t\u00f6\u00f6tingimustes. See ligip\u00e4\u00e4setavus suurendab ohutust ja t\u00f5husust, v\u00f5imaldades kasutajatel \u00fclesandeid t\u00e4ita ilma tarbetu pingutuse v\u00f5i raskusteta.<\/li>\n<\/ul>\n<h4><strong>Suurem tootlikkus<\/strong><\/h4>\n<ul>\n<li><strong>Kiirem p\u00f6\u00f6rdeaeg<\/strong>Man\u00f6\u00f6verdusv\u00f5ime, stabiilsuse ja h\u00f5lpsa ligip\u00e4\u00e4setavuse kombinatsioon v\u00f5imaldab kiiremat seadistamist ja \u00fclesannete t\u00e4itmist. See suurenenud tootlikkus on oluline kiiretes keskkondades, kus aeg on \u00fclioluline.<\/li>\n<\/ul>\n<h4><strong>Kohanduvus erinevate rakendustega<\/strong><\/h4>\n<ul>\n<li><strong>Mitmeotstarbeline kasutamine<\/strong>Kompaktne disain muudab selle sobivaks laias valikus rakendusteks, alates p\u00f5llumajanduslikest keskkondadest kuni t\u00f6\u00f6stuskeskkondadeni. See kohanemisv\u00f5ime t\u00e4hendab, et HCYY11112017 saab kasutada erinevates projektides ilma j\u00f5udlust ohverdamata.<\/li>\n<\/ul>\n<p>Kokkuv\u00f5ttes v\u00f5ib \u00f6elda, et HCYY11112017 pukseerimis- ja t\u00f5stesilindri kompaktne disain mitte ainult ei paranda kasutatavust kitsastes kohtades, vaid aitab kaasa ka \u00fcldisele t\u00f6\u00f6efektiivsusele. Kombineerides ruumit\u00f5hususe, parema man\u00f6\u00f6verdusv\u00f5ime, mitmek\u00fclgse integreerimise, t\u00e4iustatud stabiilsuse ja h\u00f5lpsa juurdep\u00e4\u00e4su, osutub see silinder hindamatuks abivahendiks kitsastes keskkondades t\u00f6\u00f6tavatele spetsialistidele.<\/p>\n<h2><strong>Kahvelt\u00f5stuki silindrite tootmispiirkond:<\/strong><\/h2>\n<h2><img loading=\"lazy\" decoding=\"async\" class=\"alignnone size-full wp-image-16972\" src=\"https:\/\/www.hydraulic-cylinders.net\/wp-content\/uploads\/2025\/01\/hydraulic-cylinder-factory-1-scaled.webp\" alt=\"\" width=\"2016\" height=\"2560\" srcset=\"https:\/\/www.hydraulic-cylinders.net\/wp-content\/uploads\/2025\/01\/hydraulic-cylinder-factory-1-scaled.webp 2016w, https:\/\/www.hydraulic-cylinders.net\/wp-content\/uploads\/2025\/01\/hydraulic-cylinder-factory-1-1280x1625.webp 1280w, https:\/\/www.hydraulic-cylinders.net\/wp-content\/uploads\/2025\/01\/hydraulic-cylinder-factory-1-980x1244.webp 980w, https:\/\/www.hydraulic-cylinders.net\/wp-content\/uploads\/2025\/01\/hydraulic-cylinder-factory-1-480x610.webp 480w\" sizes=\"(min-width: 0px) and (max-width: 480px) 480px, (min-width: 481px) and (max-width: 980px) 980px, (min-width: 981px) and (max-width: 1280px) 1280px, (min-width: 1281px) 2016px, 100vw\" \/><\/h2>\n<p>Meil on tipptasemel s\u00f5ltumatu teadus- ja arendusplatvorm, mis on p\u00fchendatud montaa\u017eile, tagades meie tootmisprotsessides tipptasemel innovatsiooni ja kvaliteedi. Meie kahvelt\u00f5stukite silindrite tootmist\u00f6\u00f6kojas on neli poolautomaatset t\u00f5stesilindrite montaa\u017eiliini ja t\u00e4isautomaatne kallutussilindrite montaa\u017eiliin, mis on kokku projekteeritud tootma kuni miljon \u00fchikut aastas.<\/p>\n<p>Lisaks on meie spetsialiseeritud silindrite t\u00f6\u00f6koda varustatud erinevate spetsifikatsioonide jaoks kohandatud poolautomaatsete puhastus- ja montaa\u017eis\u00fcsteemidega, mille aastane tootmisv\u00f5imsus on 200 000 t\u00fckki. Kasutame tuntud CNC-seadmeid, t\u00f6\u00f6tluskeskusi ja spetsiaalseid t\u00f6\u00f6riistu silindrite \u00fclit\u00e4pseks t\u00f6\u00f6tlemiseks. Meie rajatisse kuuluvad ka t\u00e4iustatud robotkeevitusseadmed, automaatsed puhastuss\u00fcsteemid ning t\u00e4isautomatiseeritud silindrite montaa\u017ei- ja v\u00e4rvimisliinid. \u00dcle 300 t\u00f6\u00f6korras oleva seadmega optimeerime ressursside jaotust ja tagame t\u00f5husa kasutamise, j\u00e4rgides rangeid t\u00e4psus- ja kvaliteedistandardeid.<\/p>\n<p>Meie mehaanikat\u00f6\u00f6kojas on kohandatud kaldr\u00f6\u00f6bastega treikeskused, mehaanikakeskused, kiired hoonimismasinad, keevitusrobotid ja muu oluline varustus. See seadistus v\u00f5imaldab meil t\u00f6\u00f6delda silindritorusid maksimaalse sisel\u00e4bim\u00f5\u00f5duga 400 mm ja pikkusega kuni 6 meetrit, suurendades veelgi meie tootmisv\u00f5imalusi.<\/p>\n<h2><img loading=\"lazy\" decoding=\"async\" class=\"alignnone size-full wp-image-16973\" src=\"https:\/\/www.hydraulic-cylinders.net\/wp-content\/uploads\/2025\/01\/hydraulic-cylinder-factory-2-scaled.webp\" alt=\"\" width=\"2011\" height=\"2560\" srcset=\"https:\/\/www.hydraulic-cylinders.net\/wp-content\/uploads\/2025\/01\/hydraulic-cylinder-factory-2-scaled.webp 2011w, https:\/\/www.hydraulic-cylinders.net\/wp-content\/uploads\/2025\/01\/hydraulic-cylinder-factory-2-1280x1629.webp 1280w, https:\/\/www.hydraulic-cylinders.net\/wp-content\/uploads\/2025\/01\/hydraulic-cylinder-factory-2-980x1248.webp 980w, https:\/\/www.hydraulic-cylinders.net\/wp-content\/uploads\/2025\/01\/hydraulic-cylinder-factory-2-480x611.webp 480w\" sizes=\"(min-width: 0px) and (max-width: 480px) 480px, (min-width: 481px) and (max-width: 980px) 980px, (min-width: 981px) and (max-width: 1280px) 1280px, (min-width: 1281px) 2011px, 100vw\" \/><\/h2>\n<p>Meil on t\u00e4isautomaatne veebaasil v\u00e4rvimise liin, mis on spetsiaalselt loodud v\u00e4ikeste ja keskmiste balloonide jaoks ning millel on automatiseeritud laadimis-, mahalaadimis- ja pihustusrobotid. Selle tipptasemel s\u00fcsteemi tootmisv\u00f5imsus on 4000 \u00fchikut vahetuse kohta. Lisaks on meil poolautomaatne v\u00e4rvimisliin suurte balloonide jaoks, mida k\u00e4itab keti\u00fclekanne ja mille projekteeritud v\u00f5imsus on 60 kasti vahetuse kohta.<\/p>\n<p>Toodete toimivuse parandamiseks ja oma juhtpositsiooni kindlustamiseks h\u00fcdrauliliste silindrite t\u00f6\u00f6stuses oleme teinud koost\u00f6\u00f6d ZJIMEE-ga, et luua terviklik j\u00f5udluslabor, mis on p\u00fchendatud h\u00fcdraulilistele silindritele, ventiilidele ja pumpadele. See t\u00e4iustatud labor kasutab arvutip\u00f5hist testimist elektroh\u00fcdraulilise tehnoloogiaga, v\u00f5imaldades eelseadistatud katsetingimusi, mis parandavad t\u00e4psust ja s\u00fcsteemi mitmek\u00fclgsust. Automatiseeritud andmekogumisprotsess kasutab andureid v\u00e4ljundandmete, n\u00e4iteks sisemise lekke ja koormuse efektiivsuse kogumiseks, mis seej\u00e4rel t\u00f6\u00f6deldakse arvuti abil ja teisendatakse standard\u00fchikuteks (ml\/min%).<\/p>\n<p>Lisaks rakendame oma h\u00fcdraulikas\u00fcsteemide ohutuse tagamiseks peamiste j\u00f5udlusparameetrite, sealhulgas \u00f5li temperatuuri, vedeliku taseme ja filtriseadme oleku j\u00e4lgimist. Meie h\u00fcdrauliliste silindrite katsestend suudab t\u00e4psete n\u00e4itude abil hinnata \u201ekoormuse efektiivsust\u201c ja \u201esisemist leket\u201c. See on varustatud ka riiklikele standarditele vastava v\u00f5rega m\u00f5\u00f5tevahendiga, mis tagab vastavuse k\u00f5igile h\u00fcdrauliliste silindrite toodete testimisn\u00f5uetele.<\/p>\n<p>&nbsp;<\/p>","protected":false},"excerpt":{"rendered":"<p>HCYY11112017 Towing And Lifting Cylinder For Agricultural Machinery The HCYY11112017 Towing and Lifting Cylinder is a crucial component for agricultural and industrial applications, designed for exceptional performance in towing heavy loads and lifting equipment. Its versatility makes it an indispensable tool for professionals in the field. This cylinder excels as a reliable and efficient solution [&hellip;]<\/p>","protected":false},"featured_media":17090,"comment_status":"open","ping_status":"closed","template":"","meta":{"_et_pb_use_builder":"","_et_pb_old_content":"","_et_gb_content_width":""},"product_brand":[],"product_cat":[1550,1529],"product_tag":[],"class_list":{"0":"post-17084","1":"product","2":"type-product","3":"status-publish","4":"has-post-thumbnail","6":"product_cat-double-acting-hydraulic-cylinder","7":"product_cat-tractor-hydraulic-cylinders","9":"first","10":"instock","11":"shipping-taxable","12":"product-type-simple"},"amp_enabled":true,"_links":{"self":[{"href":"https:\/\/www.hydraulic-cylinders.net\/et\/wp-json\/wp\/v2\/product\/17084","targetHints":{"allow":["GET"]}}],"collection":[{"href":"https:\/\/www.hydraulic-cylinders.net\/et\/wp-json\/wp\/v2\/product"}],"about":[{"href":"https:\/\/www.hydraulic-cylinders.net\/et\/wp-json\/wp\/v2\/types\/product"}],"replies":[{"embeddable":true,"href":"https:\/\/www.hydraulic-cylinders.net\/et\/wp-json\/wp\/v2\/comments?post=17084"}],"wp:featuredmedia":[{"embeddable":true,"href":"https:\/\/www.hydraulic-cylinders.net\/et\/wp-json\/wp\/v2\/media\/17090"}],"wp:attachment":[{"href":"https:\/\/www.hydraulic-cylinders.net\/et\/wp-json\/wp\/v2\/media?parent=17084"}],"wp:term":[{"taxonomy":"product_brand","embeddable":true,"href":"https:\/\/www.hydraulic-cylinders.net\/et\/wp-json\/wp\/v2\/product_brand?post=17084"},{"taxonomy":"product_cat","embeddable":true,"href":"https:\/\/www.hydraulic-cylinders.net\/et\/wp-json\/wp\/v2\/product_cat?post=17084"},{"taxonomy":"product_tag","embeddable":true,"href":"https:\/\/www.hydraulic-cylinders.net\/et\/wp-json\/wp\/v2\/product_tag?post=17084"}],"curies":[{"name":"wp","href":"https:\/\/api.w.org\/{rel}","templated":true}]}}