{"id":17093,"date":"2025-02-06T06:35:22","date_gmt":"2025-02-06T06:35:22","guid":{"rendered":"https:\/\/www.hydraulic-cylinders.net\/?post_type=product&#038;p=17093"},"modified":"2025-04-11T03:28:17","modified_gmt":"2025-04-11T03:28:17","slug":"hcyy11112021-main-boom-angle-cylinder-for-truck-cranes","status":"publish","type":"product","link":"https:\/\/www.hydraulic-cylinders.net\/et\/toode\/hcyy11112021-main-boom-angle-cylinder-for-truck-cranes\/","title":{"rendered":"HCYY11112021 Veoautokraanade peamise poomi nurga silinder"},"content":{"rendered":"<h1 style=\"text-align: center;\"><strong>HCYY11112021 Veoautokraanade peamise poomi nurga silinder<\/strong><\/h1>\n<h1 style=\"text-align: center;\"><img loading=\"lazy\" decoding=\"async\" class=\"alignnone size-full wp-image-17095\" src=\"https:\/\/www.hydraulic-cylinders.net\/wp-content\/uploads\/2025\/02\/hcyy11112021-main-boom-angle-cylinder-2.webp\" alt=\"\" width=\"1496\" height=\"520\" srcset=\"https:\/\/www.hydraulic-cylinders.net\/wp-content\/uploads\/2025\/02\/hcyy11112021-main-boom-angle-cylinder-2.webp 1496w, https:\/\/www.hydraulic-cylinders.net\/wp-content\/uploads\/2025\/02\/hcyy11112021-main-boom-angle-cylinder-2-1280x445.webp 1280w, https:\/\/www.hydraulic-cylinders.net\/wp-content\/uploads\/2025\/02\/hcyy11112021-main-boom-angle-cylinder-2-980x341.webp 980w, https:\/\/www.hydraulic-cylinders.net\/wp-content\/uploads\/2025\/02\/hcyy11112021-main-boom-angle-cylinder-2-480x167.webp 480w\" sizes=\"(min-width: 0px) and (max-width: 480px) 480px, (min-width: 481px) and (max-width: 980px) 980px, (min-width: 981px) and (max-width: 1280px) 1280px, (min-width: 1281px) 1496px, 100vw\" \/><\/h1>\n<p>See <strong>HCYY11112021 Peamise poomi nurga silinder<\/strong> on oluline komponent, mis on spetsiaalselt loodud veoautokraanadele, suurendades oluliselt nende t\u00f5stev\u00f5imet ja t\u00f6\u00f6 efektiivsust. See silinder kontrollib peamise poomi nurka, tagades t\u00e4pse man\u00f6\u00f6verdusv\u00f5ime mitmesuguste t\u00f5stet\u00f6\u00f6de puhul. HCYY11112021 on konstrueeritud vastu pidama rasketele rakendustele ning pakub v\u00f5rratut t\u00f6\u00f6kindlust ja vastupidavust, muutes selle iga kraanapargi oluliseks t\u00e4ienduseks.<\/p>\n<p>T\u00e4helepanuv\u00e4\u00e4rne on see, et HCYY11112021 paistab silma oma j\u00f5udluse ja pikaealisusega raskete t\u00f5stet\u00f6\u00f6de puhul. Oma muljetavaldava kandev\u00f5ime, vastupidava konstruktsiooni ja t\u00e4pse insenerit\u00f6\u00f6ga suurendab see silinder nii kraana t\u00f6\u00f6 efektiivsust kui ka ohutust. N\u00f5uetekohaste kasutus- ja hooldusprotokollide j\u00e4rgimisel saavad kasutajad loota, et HCYY11112021 pakub j\u00e4rjepidevat ja usaldusv\u00e4\u00e4rset teenust aastaid. Sellesse olulisse komponenti investeerimine mitte ainult ei optimeeri teie veokraana v\u00f5imekust, vaid tagab ka suurep\u00e4rase t\u00f5stej\u00f5u igas \u00fclesandes.<\/p>\n<h2><strong>HCYY11112021 Veoautokraanade peamise poomi nurga silinder Parameeter:<\/strong><\/h2>\n<h1 style=\"text-align: center;\"><img loading=\"lazy\" decoding=\"async\" class=\"alignnone size-full wp-image-17094\" src=\"https:\/\/www.hydraulic-cylinders.net\/wp-content\/uploads\/2025\/02\/hcyy11112021-main-boom-angle-cylinder-1.webp\" alt=\"\" width=\"1516\" height=\"145\" srcset=\"https:\/\/www.hydraulic-cylinders.net\/wp-content\/uploads\/2025\/02\/hcyy11112021-main-boom-angle-cylinder-1.webp 1516w, https:\/\/www.hydraulic-cylinders.net\/wp-content\/uploads\/2025\/02\/hcyy11112021-main-boom-angle-cylinder-1-1280x122.webp 1280w, https:\/\/www.hydraulic-cylinders.net\/wp-content\/uploads\/2025\/02\/hcyy11112021-main-boom-angle-cylinder-1-980x94.webp 980w, https:\/\/www.hydraulic-cylinders.net\/wp-content\/uploads\/2025\/02\/hcyy11112021-main-boom-angle-cylinder-1-480x46.webp 480w\" sizes=\"(min-width: 0px) and (max-width: 480px) 480px, (min-width: 481px) and (max-width: 980px) 980px, (min-width: 981px) and (max-width: 1280px) 1280px, (min-width: 1281px) 1516px, 100vw\" \/><img loading=\"lazy\" decoding=\"async\" class=\"alignnone size-full wp-image-17096\" src=\"https:\/\/www.hydraulic-cylinders.net\/wp-content\/uploads\/2025\/02\/hcyy11112021-main-boom-angle-cylinder-3.webp\" alt=\"\" width=\"1476\" height=\"705\" srcset=\"https:\/\/www.hydraulic-cylinders.net\/wp-content\/uploads\/2025\/02\/hcyy11112021-main-boom-angle-cylinder-3.webp 1476w, https:\/\/www.hydraulic-cylinders.net\/wp-content\/uploads\/2025\/02\/hcyy11112021-main-boom-angle-cylinder-3-1280x611.webp 1280w, https:\/\/www.hydraulic-cylinders.net\/wp-content\/uploads\/2025\/02\/hcyy11112021-main-boom-angle-cylinder-3-980x468.webp 980w, https:\/\/www.hydraulic-cylinders.net\/wp-content\/uploads\/2025\/02\/hcyy11112021-main-boom-angle-cylinder-3-480x229.webp 480w\" sizes=\"(min-width: 0px) and (max-width: 480px) 480px, (min-width: 481px) and (max-width: 980px) 980px, (min-width: 981px) and (max-width: 1280px) 1280px, (min-width: 1281px) 1476px, 100vw\" \/> <img loading=\"lazy\" decoding=\"async\" class=\"alignnone size-full wp-image-17097\" src=\"https:\/\/www.hydraulic-cylinders.net\/wp-content\/uploads\/2025\/02\/hcyy11112021-main-boom-angle-cylinder-4.webp\" alt=\"\" width=\"1474\" height=\"710\" srcset=\"https:\/\/www.hydraulic-cylinders.net\/wp-content\/uploads\/2025\/02\/hcyy11112021-main-boom-angle-cylinder-4.webp 1474w, https:\/\/www.hydraulic-cylinders.net\/wp-content\/uploads\/2025\/02\/hcyy11112021-main-boom-angle-cylinder-4-1280x617.webp 1280w, https:\/\/www.hydraulic-cylinders.net\/wp-content\/uploads\/2025\/02\/hcyy11112021-main-boom-angle-cylinder-4-980x472.webp 980w, https:\/\/www.hydraulic-cylinders.net\/wp-content\/uploads\/2025\/02\/hcyy11112021-main-boom-angle-cylinder-4-480x231.webp 480w\" sizes=\"(min-width: 0px) and (max-width: 480px) 480px, (min-width: 481px) and (max-width: 980px) 980px, (min-width: 981px) and (max-width: 1280px) 1280px, (min-width: 1281px) 1474px, 100vw\" \/> <img loading=\"lazy\" decoding=\"async\" class=\"alignnone size-full wp-image-17098\" src=\"https:\/\/www.hydraulic-cylinders.net\/wp-content\/uploads\/2025\/02\/hcyy11112021-main-boom-angle-cylinder-5.webp\" alt=\"\" width=\"1401\" height=\"666\" srcset=\"https:\/\/www.hydraulic-cylinders.net\/wp-content\/uploads\/2025\/02\/hcyy11112021-main-boom-angle-cylinder-5.webp 1401w, https:\/\/www.hydraulic-cylinders.net\/wp-content\/uploads\/2025\/02\/hcyy11112021-main-boom-angle-cylinder-5-1280x608.webp 1280w, https:\/\/www.hydraulic-cylinders.net\/wp-content\/uploads\/2025\/02\/hcyy11112021-main-boom-angle-cylinder-5-980x466.webp 980w, https:\/\/www.hydraulic-cylinders.net\/wp-content\/uploads\/2025\/02\/hcyy11112021-main-boom-angle-cylinder-5-480x228.webp 480w\" sizes=\"(min-width: 0px) and (max-width: 480px) 480px, (min-width: 481px) and (max-width: 980px) 980px, (min-width: 981px) and (max-width: 1280px) 1280px, (min-width: 1281px) 1401px, 100vw\" \/><\/h1>\n<h2><strong>Veoautokraanade silindrite seeria:<\/strong><\/h2>\n<h2><img loading=\"lazy\" decoding=\"async\" class=\"alignnone size-full wp-image-17099\" src=\"https:\/\/www.hydraulic-cylinders.net\/wp-content\/uploads\/2025\/02\/cylinder-series-for-truck-cranes-1.webp\" alt=\"\" width=\"1246\" height=\"671\" srcset=\"https:\/\/www.hydraulic-cylinders.net\/wp-content\/uploads\/2025\/02\/cylinder-series-for-truck-cranes-1.webp 1246w, https:\/\/www.hydraulic-cylinders.net\/wp-content\/uploads\/2025\/02\/cylinder-series-for-truck-cranes-1-980x528.webp 980w, https:\/\/www.hydraulic-cylinders.net\/wp-content\/uploads\/2025\/02\/cylinder-series-for-truck-cranes-1-480x258.webp 480w\" sizes=\"(min-width: 0px) and (max-width: 480px) 480px, (min-width: 481px) and (max-width: 980px) 980px, (min-width: 981px) 1246px, 100vw\" \/><\/h2>\n<h2><strong>HCYY11112021 veoautokraanade peamise poomi nurga silindri p\u00f5hijooned:<\/strong><\/h2>\n<p>See <strong>HCYY11112021 Peamise poomi nurga silinder<\/strong> on asendamatu komponent, mis on spetsiaalselt loodud veoautokraanade jaoks ning millel on v\u00f5tmeroll nende t\u00f5stev\u00f5ime ja t\u00f6\u00f6efektiivsuse m\u00e4rkimisv\u00e4\u00e4rsel suurendamisel. See t\u00e4iustatud silinder juhib asjatundlikult peamise poomi nurka, pakkudes operaatoritele t\u00e4pset man\u00f6\u00f6verdusv\u00f5imet, mis on \u00fclioluline mitmesuguste t\u00f5stet\u00f6\u00f6de puhul. HCYY11112021 on loodud vastu pidama raskete rakenduste rangetele n\u00f5udmistele ning pakub enneolematut t\u00f6\u00f6kindlust ja vastupidavust, muutes selle iga kraanapargi oluliseks varaks.<\/p>\n<h4><strong>Erakordne j\u00f5udlus<\/strong><\/h4>\n<p>HCYY11112021 paistab silma j\u00f5udluse ja pikaealisuse poolest, eriti n\u00f5udlike raskete t\u00f5stet\u00f6\u00f6de puhul. Selle muljetavaldav kandev\u00f5ime v\u00f5imaldab sellel h\u00f5lpsalt k\u00e4sitseda suuri raskusi, tagades, et operaatorid saavad keeruliste t\u00f6\u00f6dega k\u00f5hklemata hakkama. See vastupidav konstruktsioon mitte ainult ei suurenda silindri tugevust, vaid v\u00e4hendab ka rikete ohtu, suurendades seel\u00e4bi ohutust t\u00f6\u00f6 ajal.<\/p>\n<h4><strong>T\u00e4ppistehnika<\/strong><\/h4>\n<p>HCYY11112021 on detailidele p\u00f6\u00f6ratud hoolika t\u00e4helepanuga konstrueeritud ning sellel on t\u00e4iustatud disainielemendid, mis aitavad kaasa selle \u00fcldisele t\u00f5hususele. T\u00e4pne projekteerimine tagab sujuva t\u00f6\u00f6 ja poomi t\u00e4pse positsioneerimise, v\u00f5imaldades keerulisi man\u00f6\u00f6vreid kitsastes kohtades. See t\u00e4psustase suurendab nii t\u00f5husust kui ka ohutust, andes operaatoritele kindlustunde keerukate t\u00f5stete t\u00e4pseks teostamiseks.<\/p>\n<h4><strong>Usaldusv\u00e4\u00e4rne teenindus<\/strong><\/h4>\n<p>Soovituslike kasutus- ja hooldusprotokollide j\u00e4rgimisega saavad kasutajad loota, et HCYY11112021 pakub j\u00e4rjepidevat ja usaldusv\u00e4\u00e4rset teenindust aastaid. Regulaarsed kontrollid ja n\u00f5uetekohane hooldus aitavad s\u00e4ilitada selle j\u00f5udlust, tagades, et see t\u00f6\u00f6tab parimal v\u00f5imalikul viisil just siis, kui seda k\u00f5ige rohkem vajate. See t\u00f6\u00f6kindlus t\u00e4hendab l\u00fchemat seisakut ja suurenenud tootlikkust, muutes selle targaks investeeringuks iga kraanaoperatsiooni puhul.<\/p>\n<h4><strong>Optimaalne investeering<\/strong><\/h4>\n<p>HCYY11112021 investeerimine on enamat kui lihtsalt kraanale komponendi lisamine; see on kogu teie t\u00f5steoperatsiooni optimeerimine. See oluline silinder suurendab teie veokraana \u00fcldist v\u00f5imekust, andes teile v\u00f5imaluse enesekindlalt lahendada laiemat valikut \u00fclesandeid. T\u00e4nu suurep\u00e4rasele t\u00f5stev\u00f5imele teie k\u00e4eulatuses saate ette v\u00f5tta projekte, mis n\u00f5uavad t\u00e4psust ja tugevust, mis l\u00f5ppkokkuv\u00f5ttes aitab teil selles valdkonnas edu saavutada.<\/p>\n<p>Kokkuv\u00f5ttes ei ole HCYY11112021 peapoomi nurga silinder lihtsalt komponent \u2013 \u200b\u200bsee muudab veokraanade t\u00f6\u00f6s m\u00e4ngu. Selle erakordse j\u00f5udluse, vastupidava konstruktsiooni ja t\u00e4pse insenerit\u00f6\u00f6 kombinatsioon muudab selle oluliseks elemendiks suurep\u00e4raste t\u00f5stetulemuste saavutamiseks. \u00d5ige hoolduse korral teenib see silinder teid j\u00e4tkuvalt usaldusv\u00e4\u00e4rselt, muutes teie t\u00f5stev\u00f5imet ja tagades iga \u00fclesande suurep\u00e4rase t\u00e4itmise.<\/p>\n<h2><strong>Kuidas parandab peamise poomi nurga silinder veoautokraanade man\u00f6\u00f6verdusv\u00f5imet?<\/strong><\/h2>\n<p>See <strong>Peamise poomi nurga silinder<\/strong> suurendab m\u00e4rkimisv\u00e4\u00e4rselt veoautokraanade man\u00f6\u00f6verdusv\u00f5imet mitmete oluliste mehhanismide kaudu, millest iga\u00fcks aitab kaasa ohutumale ja t\u00f5husamale t\u00f6\u00f6le.<\/p>\n<h4><strong>1. T\u00e4pne poomi juhtimine<\/strong><\/h4>\n<p>Silinder v\u00f5imaldab operaatoritel reguleerida p\u00f5hipoomi nurka m\u00e4rkimisv\u00e4\u00e4rse t\u00e4psusega. See t\u00e4psus t\u00e4hendab, et isegi k\u00f5ige keerukamaid t\u00f5steid saab enesekindlalt teostada, minimeerides vigade riski. Olenemata sellest, kas koorma paigutamine on rahvarohkes t\u00f6\u00f6kohas v\u00f5i takistuste \u00fcmber man\u00f6\u00f6verdamine, tagab poomi nurga peenh\u00e4\u00e4lestamise v\u00f5imalus, et iga liigutus on tahtlik ja kontrollitud.<\/p>\n<h4><strong>2. Parem liikumisulatus<\/strong><\/h4>\n<p>Laiema poomi nurkade valiku v\u00f5imaldamisega laiendab peapoomi nurga silinder kraana t\u00f6\u00f6v\u00f5imalusi. See mitmek\u00fclgsus on \u00fclioluline t\u00f6\u00f6tamisel keerulistes keskkondades, n\u00e4iteks ehitusplatsidel, kus on takistusi v\u00f5i kitsad ruumid. Operaatorid saavad h\u00f5lpsalt j\u00f5uda k\u00f5rgematele aladele v\u00f5i liikuda m\u00f6\u00f6da barj\u00e4\u00e4re, muutes varem keerulised \u00fclesanded paremini hallatavaks ja t\u00f5husamaks.<\/p>\n<h4><strong>3. Stabiilsus t\u00f6\u00f6 ajal<\/strong><\/h4>\n<p>Kraana t\u00f6\u00f6 \u00fcks olulisemaid aspekte on stabiilsus. Poomi peamise nurga silinder aitab poomi reguleerimise ajal s\u00e4ilitada kraana tasakaalu, v\u00e4hendades oluliselt \u00fcmberkukkumise ohtu. See stabiilsus on eriti oluline raskete koormate t\u00f5stmisel v\u00f5i ebatasasel pinnal t\u00f6\u00f6tamisel, kuna see tagab nii operaatori kui ka \u00fcmbritseva personali ohutuse.<\/p>\n<h4><strong>4. Reageeriv tegevus<\/strong><\/h4>\n<p>Poomi nurga kiire reguleerimine kiirendab reageerimisaega, v\u00f5imaldades operaatoritel sujuvalt kohaneda muutuvate t\u00f6\u00f6keskkonna tingimustega. See reageerimisv\u00f5ime on \u00fclioluline d\u00fcnaamilistes keskkondades, kus tingimused v\u00f5ivad kiiresti muutuda. Poomi peamise nurga silindri abil saavad operaatorid kiiresti reageerida, suurendades tootlikkust ja minimeerides seisakuid.<\/p>\n<h4><strong>5. Parem n\u00e4htavus<\/strong><\/h4>\n<p>Parem kontroll noole nurga \u00fcle v\u00f5ib oluliselt parandada operaatori vaatev\u00e4lja. See selgus v\u00f5imaldab operaatoritel koormaid t\u00e4psemalt man\u00f6\u00f6verdada, tagades iga t\u00f5ste ohutu teostamise. Parem n\u00e4htavus mitte ainult ei suurenda enesekindlust, vaid soodustab ka turvalisemat t\u00f6\u00f6keskkonda, kuna operaatorid saavad t\u00f5stete sooritamise ajal oma \u00fcmbrust paremini hinnata.<\/p>\n<p>Kokkuv\u00f5ttes on poomi peasilinder veokikraanade jaoks murranguline komponent, mis suurendab nende man\u00f6\u00f6verdusv\u00f5imet ja t\u00f6\u00f6 efektiivsust. T\u00e4nu oma v\u00f5imele pakkuda t\u00e4pset juhtimist, laiendada liikumisulatust, parandada stabiilsust, tagada reageerimisv\u00f5imet ja parandada n\u00e4htavust annab see silinder operaatoritele v\u00f5imaluse isegi k\u00f5ige keerulisemate t\u00f5ste\u00fclesannetega h\u00f5lpsalt ja enesekindlalt toime tulla. Sellesse tehnoloogiasse investeerimine mitte ainult ei optimeeri kraana j\u00f5udlust, vaid parandab ka \u00fcldist ohutust ja tootlikkust ehitusplatsil.<\/p>\n<h2><strong>Kahvelt\u00f5stuki silindrite tootmispiirkond:<\/strong><\/h2>\n<h2><img loading=\"lazy\" decoding=\"async\" class=\"alignnone size-full wp-image-16972\" src=\"https:\/\/www.hydraulic-cylinders.net\/wp-content\/uploads\/2025\/01\/hydraulic-cylinder-factory-1-scaled.webp\" alt=\"\" width=\"2016\" height=\"2560\" srcset=\"https:\/\/www.hydraulic-cylinders.net\/wp-content\/uploads\/2025\/01\/hydraulic-cylinder-factory-1-scaled.webp 2016w, https:\/\/www.hydraulic-cylinders.net\/wp-content\/uploads\/2025\/01\/hydraulic-cylinder-factory-1-1280x1625.webp 1280w, https:\/\/www.hydraulic-cylinders.net\/wp-content\/uploads\/2025\/01\/hydraulic-cylinder-factory-1-980x1244.webp 980w, https:\/\/www.hydraulic-cylinders.net\/wp-content\/uploads\/2025\/01\/hydraulic-cylinder-factory-1-480x610.webp 480w\" sizes=\"(min-width: 0px) and (max-width: 480px) 480px, (min-width: 481px) and (max-width: 980px) 980px, (min-width: 981px) and (max-width: 1280px) 1280px, (min-width: 1281px) 2016px, 100vw\" \/><\/h2>\n<p>Meil on tipptasemel s\u00f5ltumatu teadus- ja arendusplatvorm, mis on p\u00fchendatud montaa\u017eile, tagades meie tootmisprotsessides tipptasemel innovatsiooni ja kvaliteedi. Meie kahvelt\u00f5stukite silindrite tootmist\u00f6\u00f6kojas on neli poolautomaatset t\u00f5stesilindrite montaa\u017eiliini ja t\u00e4isautomaatne kallutussilindrite montaa\u017eiliin, mis on kokku projekteeritud tootma kuni miljon \u00fchikut aastas.<\/p>\n<p>Lisaks on meie spetsialiseeritud silindrite t\u00f6\u00f6koda varustatud erinevate spetsifikatsioonide jaoks kohandatud poolautomaatsete puhastus- ja montaa\u017eis\u00fcsteemidega, mille aastane tootmisv\u00f5imsus on 200 000 t\u00fckki. Kasutame tuntud CNC-seadmeid, t\u00f6\u00f6tluskeskusi ja spetsiaalseid t\u00f6\u00f6riistu silindrite \u00fclit\u00e4pseks t\u00f6\u00f6tlemiseks. Meie rajatisse kuuluvad ka t\u00e4iustatud robotkeevitusseadmed, automaatsed puhastuss\u00fcsteemid ning t\u00e4isautomatiseeritud silindrite montaa\u017ei- ja v\u00e4rvimisliinid. \u00dcle 300 t\u00f6\u00f6korras oleva seadmega optimeerime ressursside jaotust ja tagame t\u00f5husa kasutamise, j\u00e4rgides rangeid t\u00e4psus- ja kvaliteedistandardeid.<\/p>\n<p>Meie mehaanikat\u00f6\u00f6kojas on kohandatud kaldr\u00f6\u00f6bastega treikeskused, mehaanikakeskused, kiired hoonimismasinad, keevitusrobotid ja muu oluline varustus. See seadistus v\u00f5imaldab meil t\u00f6\u00f6delda silindritorusid maksimaalse sisel\u00e4bim\u00f5\u00f5duga 400 mm ja pikkusega kuni 6 meetrit, suurendades veelgi meie tootmisv\u00f5imalusi.<\/p>\n<h2><img loading=\"lazy\" decoding=\"async\" class=\"alignnone size-full wp-image-16973\" src=\"https:\/\/www.hydraulic-cylinders.net\/wp-content\/uploads\/2025\/01\/hydraulic-cylinder-factory-2-scaled.webp\" alt=\"\" width=\"2011\" height=\"2560\" srcset=\"https:\/\/www.hydraulic-cylinders.net\/wp-content\/uploads\/2025\/01\/hydraulic-cylinder-factory-2-scaled.webp 2011w, https:\/\/www.hydraulic-cylinders.net\/wp-content\/uploads\/2025\/01\/hydraulic-cylinder-factory-2-1280x1629.webp 1280w, https:\/\/www.hydraulic-cylinders.net\/wp-content\/uploads\/2025\/01\/hydraulic-cylinder-factory-2-980x1248.webp 980w, https:\/\/www.hydraulic-cylinders.net\/wp-content\/uploads\/2025\/01\/hydraulic-cylinder-factory-2-480x611.webp 480w\" sizes=\"(min-width: 0px) and (max-width: 480px) 480px, (min-width: 481px) and (max-width: 980px) 980px, (min-width: 981px) and (max-width: 1280px) 1280px, (min-width: 1281px) 2011px, 100vw\" \/><\/h2>\n<p>Meil on t\u00e4isautomaatne veebaasil v\u00e4rvimise liin, mis on spetsiaalselt loodud v\u00e4ikeste ja keskmiste balloonide jaoks ning millel on automatiseeritud laadimis-, mahalaadimis- ja pihustusrobotid. Selle tipptasemel s\u00fcsteemi tootmisv\u00f5imsus on 4000 \u00fchikut vahetuse kohta. Lisaks on meil poolautomaatne v\u00e4rvimisliin suurte balloonide jaoks, mida k\u00e4itab keti\u00fclekanne ja mille projekteeritud v\u00f5imsus on 60 kasti vahetuse kohta.<\/p>\n<p>Toodete toimivuse parandamiseks ja oma juhtpositsiooni kindlustamiseks h\u00fcdrauliliste silindrite t\u00f6\u00f6stuses oleme teinud koost\u00f6\u00f6d ZJIMEE-ga, et luua terviklik j\u00f5udluslabor, mis on p\u00fchendatud h\u00fcdraulilistele silindritele, ventiilidele ja pumpadele. See t\u00e4iustatud labor kasutab arvutip\u00f5hist testimist elektroh\u00fcdraulilise tehnoloogiaga, v\u00f5imaldades eelseadistatud katsetingimusi, mis parandavad t\u00e4psust ja s\u00fcsteemi mitmek\u00fclgsust. Automatiseeritud andmekogumisprotsess kasutab andureid v\u00e4ljundandmete, n\u00e4iteks sisemise lekke ja koormuse efektiivsuse kogumiseks, mis seej\u00e4rel t\u00f6\u00f6deldakse arvuti abil ja teisendatakse standard\u00fchikuteks (ml\/min%).<\/p>\n<p>Lisaks rakendame oma h\u00fcdraulikas\u00fcsteemide ohutuse tagamiseks peamiste j\u00f5udlusparameetrite, sealhulgas \u00f5li temperatuuri, vedeliku taseme ja filtriseadme oleku j\u00e4lgimist. Meie h\u00fcdrauliliste silindrite katsestend suudab t\u00e4psete n\u00e4itude abil hinnata \u201ekoormuse efektiivsust\u201c ja \u201esisemist leket\u201c. See on varustatud ka riiklikele standarditele vastava v\u00f5rega m\u00f5\u00f5tevahendiga, mis tagab vastavuse k\u00f5igile h\u00fcdrauliliste silindrite toodete testimisn\u00f5uetele.<\/p>\n<p>&nbsp;<\/p>","protected":false},"excerpt":{"rendered":"<p>HCYY11112021 Main Boom Angle Cylinder For Truck Cranes The HCYY11112021 Main Boom Angle Cylinder is an essential component specifically designed for truck cranes, significantly enhancing their lifting capabilities and operational efficiency. This cylinder controls the angle of the main boom, ensuring precise maneuverability across a range of lifting tasks. Engineered to endure the demands of [&hellip;]<\/p>","protected":false},"featured_media":17100,"comment_status":"open","ping_status":"closed","template":"","meta":{"_et_pb_use_builder":"","_et_pb_old_content":"","_et_gb_content_width":""},"product_brand":[],"product_cat":[1550,1514,1376],"product_tag":[],"class_list":{"0":"post-17093","1":"product","2":"type-product","3":"status-publish","4":"has-post-thumbnail","6":"product_cat-double-acting-hydraulic-cylinder","7":"product_cat-mobile-crane-hydraulic-cylinders","8":"product_cat-hydraulic-cylinder","10":"first","11":"instock","12":"shipping-taxable","13":"product-type-simple"},"amp_enabled":true,"_links":{"self":[{"href":"https:\/\/www.hydraulic-cylinders.net\/et\/wp-json\/wp\/v2\/product\/17093","targetHints":{"allow":["GET"]}}],"collection":[{"href":"https:\/\/www.hydraulic-cylinders.net\/et\/wp-json\/wp\/v2\/product"}],"about":[{"href":"https:\/\/www.hydraulic-cylinders.net\/et\/wp-json\/wp\/v2\/types\/product"}],"replies":[{"embeddable":true,"href":"https:\/\/www.hydraulic-cylinders.net\/et\/wp-json\/wp\/v2\/comments?post=17093"}],"wp:featuredmedia":[{"embeddable":true,"href":"https:\/\/www.hydraulic-cylinders.net\/et\/wp-json\/wp\/v2\/media\/17100"}],"wp:attachment":[{"href":"https:\/\/www.hydraulic-cylinders.net\/et\/wp-json\/wp\/v2\/media?parent=17093"}],"wp:term":[{"taxonomy":"product_brand","embeddable":true,"href":"https:\/\/www.hydraulic-cylinders.net\/et\/wp-json\/wp\/v2\/product_brand?post=17093"},{"taxonomy":"product_cat","embeddable":true,"href":"https:\/\/www.hydraulic-cylinders.net\/et\/wp-json\/wp\/v2\/product_cat?post=17093"},{"taxonomy":"product_tag","embeddable":true,"href":"https:\/\/www.hydraulic-cylinders.net\/et\/wp-json\/wp\/v2\/product_tag?post=17093"}],"curies":[{"name":"wp","href":"https:\/\/api.w.org\/{rel}","templated":true}]}}