{"id":17102,"date":"2025-02-06T08:41:36","date_gmt":"2025-02-06T08:41:36","guid":{"rendered":"https:\/\/www.hydraulic-cylinders.net\/?post_type=product&#038;p=17102"},"modified":"2025-04-11T01:52:16","modified_gmt":"2025-04-11T01:52:16","slug":"hcyy11112023-cylinder-for-frame-support-for-truck-cranes","status":"publish","type":"product","link":"https:\/\/www.hydraulic-cylinders.net\/et\/toode\/hcyy11112023-cylinder-for-frame-support-for-truck-cranes\/","title":{"rendered":"HCYY11112023 Veoautokraanade raamitoe silinder"},"content":{"rendered":"<h1 style=\"text-align: center;\"><strong>HCYY11112023 Veoautokraanade raamitoe silinder<\/strong><\/h1>\n<h1 style=\"text-align: center;\"><img loading=\"lazy\" decoding=\"async\" class=\"alignnone size-full wp-image-17111\" src=\"https:\/\/www.hydraulic-cylinders.net\/wp-content\/uploads\/2025\/02\/hcyy11112023-cylinder-for-frame-support-2.webp\" alt=\"\" width=\"1492\" height=\"511\" srcset=\"https:\/\/www.hydraulic-cylinders.net\/wp-content\/uploads\/2025\/02\/hcyy11112023-cylinder-for-frame-support-2.webp 1492w, https:\/\/www.hydraulic-cylinders.net\/wp-content\/uploads\/2025\/02\/hcyy11112023-cylinder-for-frame-support-2-1280x438.webp 1280w, https:\/\/www.hydraulic-cylinders.net\/wp-content\/uploads\/2025\/02\/hcyy11112023-cylinder-for-frame-support-2-980x336.webp 980w, https:\/\/www.hydraulic-cylinders.net\/wp-content\/uploads\/2025\/02\/hcyy11112023-cylinder-for-frame-support-2-480x164.webp 480w\" sizes=\"(min-width: 0px) and (max-width: 480px) 480px, (min-width: 481px) and (max-width: 980px) 980px, (min-width: 981px) and (max-width: 1280px) 1280px, (min-width: 1281px) 1492px, 100vw\" \/><\/h1>\n<p>See <strong>HCYY11112023 Raami toe silinder<\/strong> on \u00fclioluline veoautokraanade stabiilsuse ja ohutuse parandamiseks. See vastupidavaks j\u00f5udluseks konstrueeritud silinder toetab kraana raami t\u00f6\u00f6tamise ajal, tagades selle konstruktsiooni terviklikkuse s\u00e4ilimise erinevate koormuste korral. Selle t\u00f6\u00f6kindlus muudab selle iga kraanaparve oluliseks komponendiks.<\/p>\n<p>See silinder paistab silma oma v\u00f5ime poolest tagada stabiilsus ja ohutus t\u00f5steoperatsioonide ajal. Selle vastupidav disain, lihtne paigaldus ja v\u00e4ikesed hooldusn\u00f5uded teevad sellest parima valiku operaatoritele, kes otsivad nii t\u00f6\u00f6kindlust kui ka t\u00f5husust. Soovitatud kasutus- ja hooldustavade j\u00e4rgimisega saavad kasutajad maksimeerida selle olulise komponendi j\u00f5udlust ja eluiga, tagades, et nende veokraanad t\u00f6\u00f6tavad sujuvalt ja ohutult veel aastaid.<\/p>\n<h2><strong>HCYY11112023 Veoautokraanade raamitoe silinder Parameeter:<\/strong><\/h2>\n<h1 style=\"text-align: center;\"><img loading=\"lazy\" decoding=\"async\" class=\"alignnone size-full wp-image-17110\" src=\"https:\/\/www.hydraulic-cylinders.net\/wp-content\/uploads\/2025\/02\/hcyy11112023-cylinder-for-frame-support-1.webp\" alt=\"\" width=\"1512\" height=\"146\" srcset=\"https:\/\/www.hydraulic-cylinders.net\/wp-content\/uploads\/2025\/02\/hcyy11112023-cylinder-for-frame-support-1.webp 1512w, https:\/\/www.hydraulic-cylinders.net\/wp-content\/uploads\/2025\/02\/hcyy11112023-cylinder-for-frame-support-1-1280x124.webp 1280w, https:\/\/www.hydraulic-cylinders.net\/wp-content\/uploads\/2025\/02\/hcyy11112023-cylinder-for-frame-support-1-980x95.webp 980w, https:\/\/www.hydraulic-cylinders.net\/wp-content\/uploads\/2025\/02\/hcyy11112023-cylinder-for-frame-support-1-480x46.webp 480w\" sizes=\"(min-width: 0px) and (max-width: 480px) 480px, (min-width: 481px) and (max-width: 980px) 980px, (min-width: 981px) and (max-width: 1280px) 1280px, (min-width: 1281px) 1512px, 100vw\" \/><img loading=\"lazy\" decoding=\"async\" class=\"alignnone size-full wp-image-17112\" src=\"https:\/\/www.hydraulic-cylinders.net\/wp-content\/uploads\/2025\/02\/hcyy11112023-cylinder-for-frame-support-3.webp\" alt=\"\" width=\"1480\" height=\"705\" srcset=\"https:\/\/www.hydraulic-cylinders.net\/wp-content\/uploads\/2025\/02\/hcyy11112023-cylinder-for-frame-support-3.webp 1480w, https:\/\/www.hydraulic-cylinders.net\/wp-content\/uploads\/2025\/02\/hcyy11112023-cylinder-for-frame-support-3-1280x610.webp 1280w, https:\/\/www.hydraulic-cylinders.net\/wp-content\/uploads\/2025\/02\/hcyy11112023-cylinder-for-frame-support-3-980x467.webp 980w, https:\/\/www.hydraulic-cylinders.net\/wp-content\/uploads\/2025\/02\/hcyy11112023-cylinder-for-frame-support-3-480x229.webp 480w\" sizes=\"(min-width: 0px) and (max-width: 480px) 480px, (min-width: 481px) and (max-width: 980px) 980px, (min-width: 981px) and (max-width: 1280px) 1280px, (min-width: 1281px) 1480px, 100vw\" \/> <img loading=\"lazy\" decoding=\"async\" class=\"alignnone size-full wp-image-17113\" src=\"https:\/\/www.hydraulic-cylinders.net\/wp-content\/uploads\/2025\/02\/hcyy11112023-cylinder-for-frame-support-4.webp\" alt=\"\" width=\"1471\" height=\"711\" srcset=\"https:\/\/www.hydraulic-cylinders.net\/wp-content\/uploads\/2025\/02\/hcyy11112023-cylinder-for-frame-support-4.webp 1471w, https:\/\/www.hydraulic-cylinders.net\/wp-content\/uploads\/2025\/02\/hcyy11112023-cylinder-for-frame-support-4-1280x619.webp 1280w, https:\/\/www.hydraulic-cylinders.net\/wp-content\/uploads\/2025\/02\/hcyy11112023-cylinder-for-frame-support-4-980x474.webp 980w, https:\/\/www.hydraulic-cylinders.net\/wp-content\/uploads\/2025\/02\/hcyy11112023-cylinder-for-frame-support-4-480x232.webp 480w\" sizes=\"(min-width: 0px) and (max-width: 480px) 480px, (min-width: 481px) and (max-width: 980px) 980px, (min-width: 981px) and (max-width: 1280px) 1280px, (min-width: 1281px) 1471px, 100vw\" \/> <img loading=\"lazy\" decoding=\"async\" class=\"alignnone size-full wp-image-17114\" src=\"https:\/\/www.hydraulic-cylinders.net\/wp-content\/uploads\/2025\/02\/hcyy11112023-cylinder-for-frame-support-5.webp\" alt=\"\" width=\"1146\" height=\"541\" srcset=\"https:\/\/www.hydraulic-cylinders.net\/wp-content\/uploads\/2025\/02\/hcyy11112023-cylinder-for-frame-support-5.webp 1146w, https:\/\/www.hydraulic-cylinders.net\/wp-content\/uploads\/2025\/02\/hcyy11112023-cylinder-for-frame-support-5-980x463.webp 980w, https:\/\/www.hydraulic-cylinders.net\/wp-content\/uploads\/2025\/02\/hcyy11112023-cylinder-for-frame-support-5-480x227.webp 480w\" sizes=\"(min-width: 0px) and (max-width: 480px) 480px, (min-width: 481px) and (max-width: 980px) 980px, (min-width: 981px) 1146px, 100vw\" \/><\/h1>\n<h2><strong>Veoautokraanade silindrite seeria:<\/strong><\/h2>\n<h2><img loading=\"lazy\" decoding=\"async\" class=\"alignnone size-full wp-image-17099\" src=\"https:\/\/www.hydraulic-cylinders.net\/wp-content\/uploads\/2025\/02\/cylinder-series-for-truck-cranes-1.webp\" alt=\"\" width=\"1246\" height=\"671\" srcset=\"https:\/\/www.hydraulic-cylinders.net\/wp-content\/uploads\/2025\/02\/cylinder-series-for-truck-cranes-1.webp 1246w, https:\/\/www.hydraulic-cylinders.net\/wp-content\/uploads\/2025\/02\/cylinder-series-for-truck-cranes-1-980x528.webp 980w, https:\/\/www.hydraulic-cylinders.net\/wp-content\/uploads\/2025\/02\/cylinder-series-for-truck-cranes-1-480x258.webp 480w\" sizes=\"(min-width: 0px) and (max-width: 480px) 480px, (min-width: 481px) and (max-width: 980px) 980px, (min-width: 981px) 1246px, 100vw\" \/><\/h2>\n<h2><strong>HCYY11112023 veokraanade raamitoe silindri p\u00f5hijooned:<\/strong><\/h2>\n<h4><strong>Suur kandev\u00f5ime<\/strong><\/h4>\n<p>See <strong>HCYY11112023 silinder<\/strong> on konstrueeritud taluma m\u00e4rkimisv\u00e4\u00e4rset raskust, mist\u00f5ttu sobib see ideaalselt raskete t\u00f5stet\u00f6\u00f6de jaoks. Selle vastupidav konstruktsioon v\u00f5imaldab sellel koormust kanda ilma ohutust v\u00f5i j\u00f5udlust ohverdamata. Olenemata sellest, kas t\u00f5state ehitusmaterjale, seadmeid v\u00f5i muid raskeid esemeid, tagab see silinder sujuva t\u00f6\u00f6, pakkudes operaatoritele meelerahu ja suurendades \u00fcldist tootlikkust.<\/p>\n<h4><strong>Vastupidav konstruktsioon<\/strong><\/h4>\n<p>Kvaliteetsetest materjalidest valmistatud HCYY11112023 silinder on loodud vastu pidama n\u00f5udlikele t\u00f6\u00f6keskkondadele. Selle vastupidav konstruktsioon on kulumiskindel, tagades pikaealisuse isegi \u00e4\u00e4rmuslikes tingimustes. See vastupidavus t\u00e4hendab v\u00e4hem asendusi ja remonte, mis toob kaasa kulude kokkuhoiu ja katkematu t\u00f6\u00f6 aja jooksul.<\/p>\n<h4><strong>Korrosioonikindlus<\/strong><\/h4>\n<p>Kaitsekihiga varustatud HCYY11112023 silinder kaitseb t\u00f5husalt rooste ja korrosiooni eest. See omadus on \u00fclioluline silindri j\u00f5udluse s\u00e4ilitamiseks ja eluea pikendamiseks, eriti karmides ilmastikutingimustes v\u00f5i keskkonnas, kus on palju niiskust. Korrosioonikindluse t\u00f5ttu s\u00e4ilitab silinder oma konstruktsiooni terviklikkuse, tagades usaldusv\u00e4\u00e4rse toimimise kogu eluea jooksul.<\/p>\n<h4><strong>Lihtne paigaldus<\/strong><\/h4>\n<p>HCYY11112023 silinder on loodud h\u00f5lpsaks integreerimiseks olemasolevatesse kraanas\u00fcsteemidesse, mis minimeerib oluliselt seisakuid paigaldamise ajal. Selle kasutajas\u00f5bralik disain v\u00f5imaldab operaatoritel selle kiiresti seadistada ilma ulatuslike muudatuste v\u00f5i spetsiaalsete t\u00f6\u00f6riistadeta. See lihtne paigaldamine t\u00e4hendab, et kraanasid saab kiiresti uuesti t\u00f6\u00f6le panna, maksimeerides tootlikkust ja v\u00e4hendades projektide viivitusi.<\/p>\n<h4><strong>T\u00e4ppistehnika<\/strong><\/h4>\n<p>T\u00e4psete spetsifikatsioonide j\u00e4rgi valmistatud HCYY11112023 silinder tagab optimaalse j\u00f5udluse ja \u00fchilduvuse erinevate veokraana mudelitega. See t\u00e4ppistehnoloogia tagab silindri t\u00f5husa ja efektiivse t\u00f6\u00f6, minimeerides mehaaniliste rikete riski. Selle silindri valides v\u00f5ivad operaatorid olla kindlad, et nad kasutavad toodet, mis on loodud vastama k\u00f5rgeimatele kvaliteedi- ja t\u00f6\u00f6kindluse standarditele, suurendades \u00fcldist t\u00f6\u00f6t\u00f5husust.<\/p>\n<h2><strong>Kuidas parandab Hcyy11112023 silinder veoautokraanade stabiilsust t\u00f6\u00f6 ajal?<\/strong><\/h2>\n<p>See <strong>HCYY11112023 silinder<\/strong> suurendab m\u00e4rkimisv\u00e4\u00e4rselt veoautokraanade stabiilsust t\u00f6\u00f6tamise ajal mitmete oluliste mehhanismide abil:<\/p>\n<h4><strong>1. Kaalujaotus<\/strong><\/h4>\n<p>Silindril on oluline roll koorma \u00fchtlasel jaotamisel kraana raamile. See tasakaalustatud kaalujaotus on oluline \u00fcmbermineku v\u00e4ltimiseks, eriti raskete v\u00f5i eba\u00fchtlaselt jaotatud koormate t\u00f5stmisel. Tagades, et raskuskese j\u00e4\u00e4b madalaks ja stabiilseks, v\u00f5imaldab silinder operaatoritel enesekindlalt sooritada keerulisi man\u00f6\u00f6vreid, teades, et kraana on turvaline ja \u00fcmbermineku t\u00f5en\u00e4osus on v\u00e4iksem. See omadus mitte ainult ei suurenda ohutust, vaid suurendab ka t\u00f6\u00f6 efektiivsust, v\u00f5imaldades ambitsioonikamaid t\u00f5stet\u00f6id.<\/p>\n<h4><strong>2. Vastupidav disain<\/strong><\/h4>\n<p>Suure j\u00f5udlusega HCYY11112023 silinder on vastupidava konstruktsiooniga, mis talub m\u00e4rkimisv\u00e4\u00e4rset pinget ja pinget. See vastupidavus t\u00e4hendab, et silinder saab hakkama raskete t\u00f5stet\u00f6\u00f6dega ilma paindumata v\u00f5i purunemata, mis on kraana stabiilsuse s\u00e4ilitamiseks n\u00f5udlike t\u00f6\u00f6de ajal \u00fclioluline. Silindri v\u00f5ime taluda karme tingimusi ja suuri koormusi v\u00e4hendab mehaaniliste rikete ohtu, tagades sujuva t\u00f6\u00f6 j\u00e4tkumise. Operaatorid saavad kasu l\u00fchemast seisakuajast ja madalamatest hoolduskuludest, mist\u00f5ttu on see tark investeering.<\/p>\n<h4><strong>3. Vastupidavus keskkonnateguritele<\/strong><\/h4>\n<p>Silindril on t\u00e4iustatud korrosioonikindlus, mis on oluline konstruktsiooni terviklikkuse s\u00e4ilitamiseks erinevates ilmastikutingimustes. Rooste ja kulumise v\u00e4ltimisega tagab silinder oma t\u00f6\u00f6kindluse ja efektiivsuse nii vihma, lume kui ka \u00e4\u00e4rmuslike temperatuuride k\u00e4es. See vastupidavus on eriti oluline keerulistes keskkondades t\u00f6\u00f6tavate kraanade puhul, kuna see tagab j\u00e4rjepideva j\u00f5udluse ja ohutuse. Operaatorid v\u00f5ivad olla kindlad, et nende seadmed toimivad optimaalselt olenemata v\u00e4listeguritest, mis suurendab nende kindlustunnet t\u00f5stet\u00f6\u00f6des.<\/p>\n<h4><strong>4. T\u00e4ppistehnika<\/strong><\/h4>\n<p>HCYY11112023 silinder on valmistatud detailidele p\u00f6\u00f6ratud hoolika t\u00e4helepanuga ning on loodud t\u00e4pseks \u00fchilduvuseks erinevate veoautokraanade mudelitega. See t\u00e4ppiskonstruktsioon tagab silindri sujuva sobivuse kraana s\u00fcsteemi, v\u00e4hendades igasugust l\u00f5tku v\u00f5i liikumist, mis v\u00f5iks stabiilsust kahjustada. H\u00e4sti paigaldatud silinder minimeerib lahtiste v\u00f5i valesti joondatud komponentide p\u00f5hjustatud ebastabiilsuse ohtu, v\u00f5imaldades sujuvamat t\u00f6\u00f6tamist. See detailidele p\u00f6\u00f6ratud t\u00e4helepanu parandab kraana \u00fcldist j\u00f5udlust, muutes selle usaldusv\u00e4\u00e4rseks valikuks operaatoritele, kes n\u00f5uavad t\u00f5husust ja ohutust.<\/p>\n<h4><strong>5. Toetus liikumise ajal<\/strong><\/h4>\n<p>Kui veokikraanad t\u00f5stmise ajal man\u00f6\u00f6verdavad ja nurki reguleerivad, pakub HCYY11112023 silinder pidevat tuge, tasakaalustades k\u00f5iki j\u00f5ude, mis v\u00f5ivad p\u00f5hjustada ebastabiilsust. See d\u00fcnaamiline tugi on oluline ohutuks t\u00f5stmiseks, eriti kitsastes ruumides navigeerimisel v\u00f5i koorma asendi muutmisel. Pakkudes kogu t\u00f5steprotsessi v\u00e4ltel j\u00e4rjepidevat stabiilsust, v\u00f5imaldab silinder operaatoritel keerukaid \u00fclesandeid t\u00e4pselt ja h\u00f5lpsalt t\u00e4ita. See v\u00f5ime mitte ainult ei paranda ohutust, vaid suurendab ka tootlikkust, v\u00f5imaldades projektide kiiremat l\u00f5puleviimist.<\/p>\n<p>Kokkuv\u00f5ttes parandab HCYY11112023 silinder veokraana stabiilsust tasakaalustatud kaalujaotuse, vastupidava disaini, keskkonnakindluse, t\u00e4ppistehnoloogia ja d\u00fcnaamilise toe abil liikumise ajal. Need omadused toimivad koos, et tagada ohutu, t\u00f5hus ja usaldusv\u00e4\u00e4rne t\u00f6\u00f6, muutes selle iga kraanas\u00fcsteemi asendamatuks komponendiks.<\/p>\n<h2><strong>Kahvelt\u00f5stuki silindrite tootmispiirkond:<\/strong><\/h2>\n<h2><img loading=\"lazy\" decoding=\"async\" class=\"alignnone size-full wp-image-16972\" src=\"https:\/\/www.hydraulic-cylinders.net\/wp-content\/uploads\/2025\/01\/hydraulic-cylinder-factory-1-scaled.webp\" alt=\"\" width=\"2016\" height=\"2560\" srcset=\"https:\/\/www.hydraulic-cylinders.net\/wp-content\/uploads\/2025\/01\/hydraulic-cylinder-factory-1-scaled.webp 2016w, https:\/\/www.hydraulic-cylinders.net\/wp-content\/uploads\/2025\/01\/hydraulic-cylinder-factory-1-1280x1625.webp 1280w, https:\/\/www.hydraulic-cylinders.net\/wp-content\/uploads\/2025\/01\/hydraulic-cylinder-factory-1-980x1244.webp 980w, https:\/\/www.hydraulic-cylinders.net\/wp-content\/uploads\/2025\/01\/hydraulic-cylinder-factory-1-480x610.webp 480w\" sizes=\"(min-width: 0px) and (max-width: 480px) 480px, (min-width: 481px) and (max-width: 980px) 980px, (min-width: 981px) and (max-width: 1280px) 1280px, (min-width: 1281px) 2016px, 100vw\" \/><\/h2>\n<p>Meil on tipptasemel s\u00f5ltumatu teadus- ja arendusplatvorm, mis on p\u00fchendatud montaa\u017eile, tagades meie tootmisprotsessides tipptasemel innovatsiooni ja kvaliteedi. Meie kahvelt\u00f5stukite silindrite tootmist\u00f6\u00f6kojas on neli poolautomaatset t\u00f5stesilindrite montaa\u017eiliini ja t\u00e4isautomaatne kallutussilindrite montaa\u017eiliin, mis on kokku projekteeritud tootma kuni miljon \u00fchikut aastas.<\/p>\n<p>Lisaks on meie spetsialiseeritud silindrite t\u00f6\u00f6koda varustatud erinevate spetsifikatsioonide jaoks kohandatud poolautomaatsete puhastus- ja montaa\u017eis\u00fcsteemidega, mille aastane tootmisv\u00f5imsus on 200 000 t\u00fckki. Kasutame tuntud CNC-seadmeid, t\u00f6\u00f6tluskeskusi ja spetsiaalseid t\u00f6\u00f6riistu silindrite \u00fclit\u00e4pseks t\u00f6\u00f6tlemiseks. Meie rajatisse kuuluvad ka t\u00e4iustatud robotkeevitusseadmed, automaatsed puhastuss\u00fcsteemid ning t\u00e4isautomatiseeritud silindrite montaa\u017ei- ja v\u00e4rvimisliinid. \u00dcle 300 t\u00f6\u00f6korras oleva seadmega optimeerime ressursside jaotust ja tagame t\u00f5husa kasutamise, j\u00e4rgides rangeid t\u00e4psus- ja kvaliteedistandardeid.<\/p>\n<p>Meie mehaanikat\u00f6\u00f6kojas on kohandatud kaldr\u00f6\u00f6bastega treikeskused, mehaanikakeskused, kiired hoonimismasinad, keevitusrobotid ja muu oluline varustus. See seadistus v\u00f5imaldab meil t\u00f6\u00f6delda silindritorusid maksimaalse sisel\u00e4bim\u00f5\u00f5duga 400 mm ja pikkusega kuni 6 meetrit, suurendades veelgi meie tootmisv\u00f5imalusi.<\/p>\n<h2><img loading=\"lazy\" decoding=\"async\" class=\"alignnone size-full wp-image-16973\" src=\"https:\/\/www.hydraulic-cylinders.net\/wp-content\/uploads\/2025\/01\/hydraulic-cylinder-factory-2-scaled.webp\" alt=\"\" width=\"2011\" height=\"2560\" srcset=\"https:\/\/www.hydraulic-cylinders.net\/wp-content\/uploads\/2025\/01\/hydraulic-cylinder-factory-2-scaled.webp 2011w, https:\/\/www.hydraulic-cylinders.net\/wp-content\/uploads\/2025\/01\/hydraulic-cylinder-factory-2-1280x1629.webp 1280w, https:\/\/www.hydraulic-cylinders.net\/wp-content\/uploads\/2025\/01\/hydraulic-cylinder-factory-2-980x1248.webp 980w, https:\/\/www.hydraulic-cylinders.net\/wp-content\/uploads\/2025\/01\/hydraulic-cylinder-factory-2-480x611.webp 480w\" sizes=\"(min-width: 0px) and (max-width: 480px) 480px, (min-width: 481px) and (max-width: 980px) 980px, (min-width: 981px) and (max-width: 1280px) 1280px, (min-width: 1281px) 2011px, 100vw\" \/><\/h2>\n<p>Meil on t\u00e4isautomaatne veebaasil v\u00e4rvimise liin, mis on spetsiaalselt loodud v\u00e4ikeste ja keskmiste balloonide jaoks ning millel on automatiseeritud laadimis-, mahalaadimis- ja pihustusrobotid. Selle tipptasemel s\u00fcsteemi tootmisv\u00f5imsus on 4000 \u00fchikut vahetuse kohta. Lisaks on meil poolautomaatne v\u00e4rvimisliin suurte balloonide jaoks, mida k\u00e4itab keti\u00fclekanne ja mille projekteeritud v\u00f5imsus on 60 kasti vahetuse kohta.<\/p>\n<p>Toodete toimivuse parandamiseks ja oma juhtpositsiooni kindlustamiseks h\u00fcdrauliliste silindrite t\u00f6\u00f6stuses oleme teinud koost\u00f6\u00f6d ZJIMEE-ga, et luua terviklik j\u00f5udluslabor, mis on p\u00fchendatud h\u00fcdraulilistele silindritele, ventiilidele ja pumpadele. See t\u00e4iustatud labor kasutab arvutip\u00f5hist testimist elektroh\u00fcdraulilise tehnoloogiaga, v\u00f5imaldades eelseadistatud katsetingimusi, mis parandavad t\u00e4psust ja s\u00fcsteemi mitmek\u00fclgsust. Automatiseeritud andmekogumisprotsess kasutab andureid v\u00e4ljundandmete, n\u00e4iteks sisemise lekke ja koormuse efektiivsuse kogumiseks, mis seej\u00e4rel t\u00f6\u00f6deldakse arvuti abil ja teisendatakse standard\u00fchikuteks (ml\/min%).<\/p>\n<p>Lisaks rakendame oma h\u00fcdraulikas\u00fcsteemide ohutuse tagamiseks peamiste j\u00f5udlusparameetrite, sealhulgas \u00f5li temperatuuri, vedeliku taseme ja filtriseadme oleku j\u00e4lgimist. Meie h\u00fcdrauliliste silindrite katsestend suudab t\u00e4psete n\u00e4itude abil hinnata \u201ekoormuse efektiivsust\u201c ja \u201esisemist leket\u201c. See on varustatud ka riiklikele standarditele vastava v\u00f5rega m\u00f5\u00f5tevahendiga, mis tagab vastavuse k\u00f5igile h\u00fcdrauliliste silindrite toodete testimisn\u00f5uetele.<\/p>\n<p>&nbsp;<\/p>","protected":false},"excerpt":{"rendered":"<p>HCYY11112023 Cylinder For Frame Support For Truck Cranes The HCYY11112023 Cylinder for Frame Support is vital for enhancing the stability and safety of truck cranes. Engineered for robust performance, this cylinder supports the crane&#8217;s frame during operations, ensuring it maintains structural integrity under various loads. Its reliability makes it an essential component for any fleet [&hellip;]<\/p>","protected":false},"featured_media":17115,"comment_status":"open","ping_status":"closed","template":"","meta":{"_et_pb_use_builder":"","_et_pb_old_content":"","_et_gb_content_width":""},"product_brand":[],"product_cat":[1514,1549,1376],"product_tag":[],"class_list":{"0":"post-17102","1":"product","2":"type-product","3":"status-publish","4":"has-post-thumbnail","6":"product_cat-mobile-crane-hydraulic-cylinders","7":"product_cat-single-acting-hydraulic-cylinder","8":"product_cat-hydraulic-cylinder","10":"first","11":"instock","12":"shipping-taxable","13":"product-type-simple"},"amp_enabled":true,"_links":{"self":[{"href":"https:\/\/www.hydraulic-cylinders.net\/et\/wp-json\/wp\/v2\/product\/17102","targetHints":{"allow":["GET"]}}],"collection":[{"href":"https:\/\/www.hydraulic-cylinders.net\/et\/wp-json\/wp\/v2\/product"}],"about":[{"href":"https:\/\/www.hydraulic-cylinders.net\/et\/wp-json\/wp\/v2\/types\/product"}],"replies":[{"embeddable":true,"href":"https:\/\/www.hydraulic-cylinders.net\/et\/wp-json\/wp\/v2\/comments?post=17102"}],"wp:featuredmedia":[{"embeddable":true,"href":"https:\/\/www.hydraulic-cylinders.net\/et\/wp-json\/wp\/v2\/media\/17115"}],"wp:attachment":[{"href":"https:\/\/www.hydraulic-cylinders.net\/et\/wp-json\/wp\/v2\/media?parent=17102"}],"wp:term":[{"taxonomy":"product_brand","embeddable":true,"href":"https:\/\/www.hydraulic-cylinders.net\/et\/wp-json\/wp\/v2\/product_brand?post=17102"},{"taxonomy":"product_cat","embeddable":true,"href":"https:\/\/www.hydraulic-cylinders.net\/et\/wp-json\/wp\/v2\/product_cat?post=17102"},{"taxonomy":"product_tag","embeddable":true,"href":"https:\/\/www.hydraulic-cylinders.net\/et\/wp-json\/wp\/v2\/product_tag?post=17102"}],"curies":[{"name":"wp","href":"https:\/\/api.w.org\/{rel}","templated":true}]}}