{"id":17103,"date":"2025-02-06T08:21:09","date_gmt":"2025-02-06T08:21:09","guid":{"rendered":"https:\/\/www.hydraulic-cylinders.net\/?post_type=product&#038;p=17103"},"modified":"2025-04-11T01:52:19","modified_gmt":"2025-04-11T01:52:19","slug":"hcyy11112022-cylinder-for-opening-rack-support-for-truck-cranes","status":"publish","type":"product","link":"https:\/\/www.hydraulic-cylinders.net\/et\/toode\/hcyy11112022-cylinder-for-opening-rack-support-for-truck-cranes\/","title":{"rendered":"HCYY11112022 Veoautokraanade avamisraami toe silinder"},"content":{"rendered":"<h1 style=\"text-align: center;\"><strong>HCYY11112022 Veoautokraanade avamisraami toe silinder<\/strong><\/h1>\n<h1 style=\"text-align: center;\"><img loading=\"lazy\" decoding=\"async\" class=\"alignnone size-full wp-image-17105\" src=\"https:\/\/www.hydraulic-cylinders.net\/wp-content\/uploads\/2025\/02\/hcyy11112022-cylinder-for-opening-rack-support-2.webp\" alt=\"\" width=\"1496\" height=\"516\" srcset=\"https:\/\/www.hydraulic-cylinders.net\/wp-content\/uploads\/2025\/02\/hcyy11112022-cylinder-for-opening-rack-support-2.webp 1496w, https:\/\/www.hydraulic-cylinders.net\/wp-content\/uploads\/2025\/02\/hcyy11112022-cylinder-for-opening-rack-support-2-1280x441.webp 1280w, https:\/\/www.hydraulic-cylinders.net\/wp-content\/uploads\/2025\/02\/hcyy11112022-cylinder-for-opening-rack-support-2-980x338.webp 980w, https:\/\/www.hydraulic-cylinders.net\/wp-content\/uploads\/2025\/02\/hcyy11112022-cylinder-for-opening-rack-support-2-480x166.webp 480w\" sizes=\"(min-width: 0px) and (max-width: 480px) 480px, (min-width: 481px) and (max-width: 980px) 980px, (min-width: 981px) and (max-width: 1280px) 1280px, (min-width: 1281px) 1496px, 100vw\" \/><\/h1>\n<p>See <strong>HCYY11112022 silinder<\/strong> on spetsiaalselt veoautokraanadele loodud oluline komponent, mis parandab oluliselt nende t\u00f6\u00f6 efektiivsust ja ohutust. See silinder toetab avamisraami mehhanismi, h\u00f5lbustades kraana konstruktsiooni sujuvat ja usaldusv\u00e4\u00e4rset liikumist erinevate t\u00f5stet\u00f6\u00f6de ajal.<\/p>\n<p>HCYY11112022 silinder, mis on loodud nii t\u00f5stmise efektiivsuse kui ka ohutuse parandamiseks, on vastupidava konstruktsiooni ja t\u00f5husa j\u00f5udlusega. Selle lihtne paigaldusprotsess v\u00f5imaldab operaatoritel enesekindlalt hallata mitmesuguseid t\u00f5stet\u00f6id.<\/p>\n<p>Regulaarne hooldus ja \u00f5ige kasutamine on olulised, et HCYY11112022 j\u00e4\u00e4ks teie kraana t\u00f6\u00f6kindluse tagajaks. Sellesse silindrisse investeerides suurendate oma kraana v\u00f5imekust, mis omakorda suurendab tootlikkust ja ohutust ehitusplatsil. T\u00f5stke oma tegevuse taset HCYY11112022 silindriga juba t\u00e4na.<\/p>\n<h2><strong>HCYY11112022 Veoautokraanade avamisraami toe silinder Parameeter:<\/strong><\/h2>\n<h1 style=\"text-align: center;\"><img loading=\"lazy\" decoding=\"async\" class=\"alignnone size-full wp-image-17104\" src=\"https:\/\/www.hydraulic-cylinders.net\/wp-content\/uploads\/2025\/02\/hcyy11112022-cylinder-for-opening-rack-support-1.webp\" alt=\"\" width=\"1516\" height=\"149\" srcset=\"https:\/\/www.hydraulic-cylinders.net\/wp-content\/uploads\/2025\/02\/hcyy11112022-cylinder-for-opening-rack-support-1.webp 1516w, https:\/\/www.hydraulic-cylinders.net\/wp-content\/uploads\/2025\/02\/hcyy11112022-cylinder-for-opening-rack-support-1-1280x126.webp 1280w, https:\/\/www.hydraulic-cylinders.net\/wp-content\/uploads\/2025\/02\/hcyy11112022-cylinder-for-opening-rack-support-1-980x96.webp 980w, https:\/\/www.hydraulic-cylinders.net\/wp-content\/uploads\/2025\/02\/hcyy11112022-cylinder-for-opening-rack-support-1-480x47.webp 480w\" sizes=\"(min-width: 0px) and (max-width: 480px) 480px, (min-width: 481px) and (max-width: 980px) 980px, (min-width: 981px) and (max-width: 1280px) 1280px, (min-width: 1281px) 1516px, 100vw\" \/><img loading=\"lazy\" decoding=\"async\" class=\"alignnone size-full wp-image-17106\" src=\"https:\/\/www.hydraulic-cylinders.net\/wp-content\/uploads\/2025\/02\/hcyy11112022-cylinder-for-opening-rack-support-3.webp\" alt=\"\" width=\"1475\" height=\"709\" srcset=\"https:\/\/www.hydraulic-cylinders.net\/wp-content\/uploads\/2025\/02\/hcyy11112022-cylinder-for-opening-rack-support-3.webp 1475w, https:\/\/www.hydraulic-cylinders.net\/wp-content\/uploads\/2025\/02\/hcyy11112022-cylinder-for-opening-rack-support-3-1280x615.webp 1280w, https:\/\/www.hydraulic-cylinders.net\/wp-content\/uploads\/2025\/02\/hcyy11112022-cylinder-for-opening-rack-support-3-980x471.webp 980w, https:\/\/www.hydraulic-cylinders.net\/wp-content\/uploads\/2025\/02\/hcyy11112022-cylinder-for-opening-rack-support-3-480x231.webp 480w\" sizes=\"(min-width: 0px) and (max-width: 480px) 480px, (min-width: 481px) and (max-width: 980px) 980px, (min-width: 981px) and (max-width: 1280px) 1280px, (min-width: 1281px) 1475px, 100vw\" \/> <img loading=\"lazy\" decoding=\"async\" class=\"alignnone size-full wp-image-17107\" src=\"https:\/\/www.hydraulic-cylinders.net\/wp-content\/uploads\/2025\/02\/hcyy11112022-cylinder-for-opening-rack-support-4.webp\" alt=\"\" width=\"1477\" height=\"710\" srcset=\"https:\/\/www.hydraulic-cylinders.net\/wp-content\/uploads\/2025\/02\/hcyy11112022-cylinder-for-opening-rack-support-4.webp 1477w, https:\/\/www.hydraulic-cylinders.net\/wp-content\/uploads\/2025\/02\/hcyy11112022-cylinder-for-opening-rack-support-4-1280x615.webp 1280w, https:\/\/www.hydraulic-cylinders.net\/wp-content\/uploads\/2025\/02\/hcyy11112022-cylinder-for-opening-rack-support-4-980x471.webp 980w, https:\/\/www.hydraulic-cylinders.net\/wp-content\/uploads\/2025\/02\/hcyy11112022-cylinder-for-opening-rack-support-4-480x231.webp 480w\" sizes=\"(min-width: 0px) and (max-width: 480px) 480px, (min-width: 481px) and (max-width: 980px) 980px, (min-width: 981px) and (max-width: 1280px) 1280px, (min-width: 1281px) 1477px, 100vw\" \/> <img loading=\"lazy\" decoding=\"async\" class=\"alignnone size-full wp-image-17108\" src=\"https:\/\/www.hydraulic-cylinders.net\/wp-content\/uploads\/2025\/02\/hcyy11112022-cylinder-for-opening-rack-support-5.webp\" alt=\"\" width=\"1324\" height=\"665\" srcset=\"https:\/\/www.hydraulic-cylinders.net\/wp-content\/uploads\/2025\/02\/hcyy11112022-cylinder-for-opening-rack-support-5.webp 1324w, https:\/\/www.hydraulic-cylinders.net\/wp-content\/uploads\/2025\/02\/hcyy11112022-cylinder-for-opening-rack-support-5-1280x643.webp 1280w, https:\/\/www.hydraulic-cylinders.net\/wp-content\/uploads\/2025\/02\/hcyy11112022-cylinder-for-opening-rack-support-5-980x492.webp 980w, https:\/\/www.hydraulic-cylinders.net\/wp-content\/uploads\/2025\/02\/hcyy11112022-cylinder-for-opening-rack-support-5-480x241.webp 480w\" sizes=\"(min-width: 0px) and (max-width: 480px) 480px, (min-width: 481px) and (max-width: 980px) 980px, (min-width: 981px) and (max-width: 1280px) 1280px, (min-width: 1281px) 1324px, 100vw\" \/><\/h1>\n<h2><strong>Veoautokraanade silindrite seeria:<\/strong><\/h2>\n<h2><img loading=\"lazy\" decoding=\"async\" class=\"alignnone size-full wp-image-17099\" src=\"https:\/\/www.hydraulic-cylinders.net\/wp-content\/uploads\/2025\/02\/cylinder-series-for-truck-cranes-1.webp\" alt=\"\" width=\"1246\" height=\"671\" srcset=\"https:\/\/www.hydraulic-cylinders.net\/wp-content\/uploads\/2025\/02\/cylinder-series-for-truck-cranes-1.webp 1246w, https:\/\/www.hydraulic-cylinders.net\/wp-content\/uploads\/2025\/02\/cylinder-series-for-truck-cranes-1-980x528.webp 980w, https:\/\/www.hydraulic-cylinders.net\/wp-content\/uploads\/2025\/02\/cylinder-series-for-truck-cranes-1-480x258.webp 480w\" sizes=\"(min-width: 0px) and (max-width: 480px) 480px, (min-width: 481px) and (max-width: 980px) 980px, (min-width: 981px) 1246px, 100vw\" \/><\/h2>\n<h2><strong>HCYY11112022 silindri p\u00f5hijooned veoautokraanade avamisraami toe jaoks:<\/strong><\/h2>\n<p>See <strong>HCYY11112022 silinder<\/strong> on asendamatu komponent, mis on spetsiaalselt loodud veoautokraanadele, pakkudes m\u00e4rkimisv\u00e4\u00e4rset t\u00f6\u00f6 efektiivsuse ja ohutuse paranemist. See t\u00e4iustatud silinder m\u00e4ngib olulist rolli avamisraami mehhanismi toetamisel, mis on \u00fclioluline kraana konstruktsiooni sujuva ja usaldusv\u00e4\u00e4rse liikumise h\u00f5lbustamiseks mitmesuguste t\u00f5stet\u00f6\u00f6de ajal.<\/p>\n<h4><strong>Suurem t\u00f5husus ja ohutus<\/strong><\/h4>\n<p>T\u00e4pselt konstrueeritud HCYY11112022 silinder maksimeerib nii t\u00f5stet\u00f5husust kui ka ohutust. Selle vastupidav konstruktsioon talub raskeid koormusi ja keerulisi tingimusi, tagades kraana sujuva t\u00f6\u00f6 isegi r\u00f5hu all. See t\u00f6\u00f6kindlus t\u00e4hendab paremat j\u00f5udlust ehitusplatsil, v\u00f5imaldades operaatoritel \u00fclesandeid kiiresti ja t\u00f5husalt t\u00e4ita, minimeerides samal ajal \u00f5nnetuste ohtu.<\/p>\n<h4><strong>Sujuvam paigaldusprotsess<\/strong><\/h4>\n<p>\u00dcks HCYY11112022 silmapaistvamaid omadusi on selle lihtne paigaldusprotsess. Operaatorid saavad silindrit h\u00f5lpsalt paigaldada ilma ulatusliku v\u00e4lja\u00f5ppe v\u00f5i spetsiaalsete t\u00f6\u00f6riistadeta. See lihtne paigaldus mitte ainult ei s\u00e4\u00e4sta aega, vaid annab operaatoritele ka v\u00f5imaluse enesekindlalt hallata mitmesuguseid t\u00f5stet\u00f6id. Kui silinder on paigas, saavad kasutajad keskenduda oma t\u00f6\u00f6le, selle asemel et muretseda seadmete j\u00f5udluse p\u00e4rast.<\/p>\n<h4><strong>Regulaarse hoolduse olulisus<\/strong><\/h4>\n<p>Selleks, et HCYY11112022 j\u00e4\u00e4ks teie kraana t\u00f6\u00f6kindlaks varaks, on regulaarne hooldus ja n\u00f5uetekohane kasutamine h\u00e4davajalik. Rutiinne kontroll aitab tuvastada v\u00f5imalikke probleeme enne nende s\u00fcvenemist, v\u00f5imaldades \u00f5igeaegset remonti. Silindri puhtana ja h\u00e4sti m\u00e4\u00e4rituna hoidmine hoiab \u00e4ra kulumise, tagades pikaajalise funktsionaalsuse. H\u00e4sti hooldatud silinder mitte ainult ei paranda j\u00f5udlust, vaid aitab kaasa ka kraana \u00fcldisele elueale, muutes selle targaks investeeringuks iga t\u00f6\u00f6 jaoks.<\/p>\n<h4><strong>Tootlikkuse ja ohutuse suurendamine<\/strong><\/h4>\n<p>HCYY11112022 silindrisse investeerimine t\u00e4hendab teie kraana v\u00f5imekuse suurendamist, mis omakorda suurendab tootlikkust ja ohutust t\u00f6\u00f6kohal. Selle usaldusv\u00e4\u00e4rse komponendiga saavad operaatorid enesekindlalt hakkama saada n\u00f5udlike t\u00f5stet\u00f6\u00f6dega, teades, et neil on vajalik tugi. Tulemuseks on ohutum t\u00f6\u00f6keskkond, kus riskid on minimeeritud ja efektiivsus maksimeeritud.<\/p>\n<p>T\u00f5stke oma t\u00f6\u00f6 taset HCYY11112022 silindriga juba t\u00e4na. Selle kvaliteetse komponendi integreerimisega oma veokraanasse mitte ainult ei paranda te selle j\u00f5udlust, vaid tagate ka ohutuma ja t\u00f5husama t\u00f6\u00f6keskkonna. Tugeva disaini, lihtsa paigalduse ja hoolduse olulisuse kombinatsioon muudab HCYY11112022 nutikaks valikuks igale kraanaoperaatorile, kes soovib suurendada tootlikkust ja ohutust ehitusplatsil. \u00c4rge j\u00e4tke kasutamata v\u00f5imalust oma kraana v\u00f5imekust muuta \u2013 investeerige HCYY11112022 silindrisse juba t\u00e4na.<\/p>\n<h2><strong>Milline hooldus on Hcyy11112022 silindri jaoks oluline avamisraami toe jaoks?<\/strong><\/h2>\n<div id=\"message-340223452933\" class=\"ChatMessage_chatMessage__xkgHx\" data-complete=\"true\">\n<div class=\"ChatMessage_messageRow__DHlnq\">\n<div class=\"ChatMessage_messageWrapper__4Ugd6\">\n<div class=\"Message_rowWithFooter__FShU6\">\n<div class=\"Message_row__ug_UU\">\n<div class=\"Message_messageBubbleWrapper__sEq8z\">\n<div class=\"Message_leftSideMessageBubble__VPdk6\">\n<div class=\"Message_messageTextContainer__w64Sc\">\n<div>\n<div class=\"Markdown_markdownContainer__Tz3HQ\">\n<p>Optimaalse j\u00f5udluse tagamiseks <strong>HCYY11112022 Avatava riiuli toe silinder<\/strong> Veoautokraanade puhul arvestage j\u00e4rgmiste oluliste hooldustavadega:<\/p>\n<h4><strong>1. Regulaarsed kontrollid<\/strong><\/h4>\n<p>Regulaarsete kontrollide tegemine on ennetava hoolduse v\u00f5ti. Planeerige regulaarseid kontrolle, et otsida balloonil ja selle \u00fcmbritsevatel komponentidel kulumise, lekete v\u00f5i kahjustuste m\u00e4rke. Probleemide varajane avastamine aitab v\u00e4ltida kulukaid remondit\u00f6id ja tagada ohutu t\u00f6\u00f6. Kasutage kontrollnimekirja kontrollitulemuste j\u00e4lgimiseks, mis h\u00f5lbustab mustrite v\u00f5i korduvate probleemide tuvastamist.<\/p>\n<h4><strong>2. M\u00e4\u00e4rimine<\/strong><\/h4>\n<p>\u00d5ige m\u00e4\u00e4rimine on \u00fclioluline h\u00f5\u00f5rdumise v\u00e4hendamiseks ja silindri ning selle liikuvate osade eluea pikendamiseks. Kasutage tootja soovitatud m\u00e4\u00e4rdeainet ja kandke seda kriitilistele kohtadele, nagu kolvivarras ja liigendid. Koostage m\u00e4\u00e4rimisgraafik, et tagada j\u00e4rjepidevus. H\u00e4sti m\u00e4\u00e4ritud silinder t\u00f6\u00f6tab sujuvalt, parandades j\u00f5udlust ja v\u00e4hendades mehaaniliste rikete ohtu.<\/p>\n<h4><strong>3. H\u00fcdraulilise vedeliku kontrollimine<\/strong><\/h4>\n<p>H\u00fcdraulikavedeliku kvaliteet on silindri t\u00f6\u00f6 jaoks \u00fclioluline. J\u00e4lgige regulaarselt vedeliku taset ja kontrollige saastumise v\u00f5i lagunemise suhtes. Kui vedelik tundub m\u00e4\u00e4rdunud v\u00f5i sellel on ebameeldiv l\u00f5hn, on aeg see v\u00e4lja vahetada. Puhta ja piisava koguse h\u00fcdraulikavedeliku s\u00e4ilitamine mitte ainult ei toeta t\u00f5husat t\u00f6\u00f6d, vaid kaitseb ka kogu h\u00fcdraulikas\u00fcsteemi kahjustuste eest.<\/p>\n<h4><strong>4. Poltide ja liitmike pingutamine<\/strong><\/h4>\n<p>Lekete v\u00e4ltimiseks ja konstruktsiooni terviklikkuse s\u00e4ilitamiseks on oluline tagada, et k\u00f5ik \u00fchendused oleksid kindlad. Kontrollige ja pingutage polte ja liitmikke regulaarselt, eriti p\u00e4rast rasket kasutamist v\u00f5i p\u00e4rast mis tahes reguleerimist. See lihtne samm v\u00f5ib oluliselt parandada ohutust ja j\u00f5udlust, kuna lahtised komponendid v\u00f5ivad p\u00f5hjustada katastroofilisi rikkeid.<\/p>\n<h4><strong>5. Puhastamine<\/strong><\/h4>\n<p>Silindri ja selle komponentide puhtana hoidmine on kahjustuste v\u00e4ltimiseks \u00fclioluline. P\u00fchkige pindu regulaarselt, et eemaldada mustus, tolm ja praht, mis v\u00f5ivad kulumist p\u00f5hjustada. Puhas t\u00f6\u00f6keskkond mitte ainult ei paranda n\u00e4htavust kontrollide ajal, vaid aitab ka tuvastada v\u00f5imalikke probleeme enne nende s\u00fcvenemist.<\/p>\n<h4><strong>6. Funktsionaalsuse testimine<\/strong><\/h4>\n<p>Silindri t\u00f6\u00f6 regulaarne testimine on \u00fclioluline, et tagada selle korrektne ja t\u00f5hus reageerimine. Tehke funktsionaalsusteste, et j\u00e4lgida, kuidas silinder koormuse all ja liikumise ajal k\u00e4itub. See ennetav l\u00e4henemisviis aitab paljastada k\u00f5ik t\u00f6\u00f6s esinevad ebak\u00f5lad, v\u00f5imaldades teil nendega tegeleda enne, kui need j\u00f5udlust m\u00f5jutavad.<\/p>\n<h4><strong>7. Dokumentatsioon<\/strong><\/h4>\n<p>K\u00f5igi hooldustegevuste \u00fcksikasjalike andmete pidamine on oluline ballooni seisukorra j\u00e4lgimiseks aja jooksul. Dokumenteerige kontrollid, m\u00e4\u00e4rimised, vedelikuvahetused ja remondit\u00f6\u00f6d. See teave aitab tuvastada suundumusi, h\u00f5lbustades tulevaste hooldusvajaduste prognoosimist ja tagades, et midagi ei j\u00e4\u00e4ks t\u00e4helepanuta.<\/p>\n<p>Neid tavasid j\u00e4rgides saate pikendada HCYY11112022 silindri eluiga ja t\u00f6\u00f6kindlust, tagades kraana ohutu ja t\u00f5husa t\u00f6\u00f6. Regulaarne hooldus mitte ainult ei kaitse teie investeeringut, vaid soodustab ka k\u00f5igi asjaosaliste jaoks ohutumat t\u00f6\u00f6keskkonda.<\/p>\n<\/div>\n<\/div>\n<\/div>\n<\/div>\n<\/div>\n<\/div>\n<\/div>\n<\/div>\n<\/div>\n<\/div>\n<h2><strong>Kahvelt\u00f5stuki silindrite tootmispiirkond:<\/strong><\/h2>\n<h2><img loading=\"lazy\" decoding=\"async\" class=\"alignnone size-full wp-image-16972\" src=\"https:\/\/www.hydraulic-cylinders.net\/wp-content\/uploads\/2025\/01\/hydraulic-cylinder-factory-1-scaled.webp\" alt=\"\" width=\"2016\" height=\"2560\" srcset=\"https:\/\/www.hydraulic-cylinders.net\/wp-content\/uploads\/2025\/01\/hydraulic-cylinder-factory-1-scaled.webp 2016w, https:\/\/www.hydraulic-cylinders.net\/wp-content\/uploads\/2025\/01\/hydraulic-cylinder-factory-1-1280x1625.webp 1280w, https:\/\/www.hydraulic-cylinders.net\/wp-content\/uploads\/2025\/01\/hydraulic-cylinder-factory-1-980x1244.webp 980w, https:\/\/www.hydraulic-cylinders.net\/wp-content\/uploads\/2025\/01\/hydraulic-cylinder-factory-1-480x610.webp 480w\" sizes=\"(min-width: 0px) and (max-width: 480px) 480px, (min-width: 481px) and (max-width: 980px) 980px, (min-width: 981px) and (max-width: 1280px) 1280px, (min-width: 1281px) 2016px, 100vw\" \/><\/h2>\n<p>Meil on tipptasemel s\u00f5ltumatu teadus- ja arendusplatvorm, mis on p\u00fchendatud montaa\u017eile, tagades meie tootmisprotsessides tipptasemel innovatsiooni ja kvaliteedi. Meie kahvelt\u00f5stukite silindrite tootmist\u00f6\u00f6kojas on neli poolautomaatset t\u00f5stesilindrite montaa\u017eiliini ja t\u00e4isautomaatne kallutussilindrite montaa\u017eiliin, mis on kokku projekteeritud tootma kuni miljon \u00fchikut aastas.<\/p>\n<p>Lisaks on meie spetsialiseeritud silindrite t\u00f6\u00f6koda varustatud erinevate spetsifikatsioonide jaoks kohandatud poolautomaatsete puhastus- ja montaa\u017eis\u00fcsteemidega, mille aastane tootmisv\u00f5imsus on 200 000 t\u00fckki. Kasutame tuntud CNC-seadmeid, t\u00f6\u00f6tluskeskusi ja spetsiaalseid t\u00f6\u00f6riistu silindrite \u00fclit\u00e4pseks t\u00f6\u00f6tlemiseks. Meie rajatisse kuuluvad ka t\u00e4iustatud robotkeevitusseadmed, automaatsed puhastuss\u00fcsteemid ning t\u00e4isautomatiseeritud silindrite montaa\u017ei- ja v\u00e4rvimisliinid. \u00dcle 300 t\u00f6\u00f6korras oleva seadmega optimeerime ressursside jaotust ja tagame t\u00f5husa kasutamise, j\u00e4rgides rangeid t\u00e4psus- ja kvaliteedistandardeid.<\/p>\n<p>Meie mehaanikat\u00f6\u00f6kojas on kohandatud kaldr\u00f6\u00f6bastega treikeskused, mehaanikakeskused, kiired hoonimismasinad, keevitusrobotid ja muu oluline varustus. See seadistus v\u00f5imaldab meil t\u00f6\u00f6delda silindritorusid maksimaalse sisel\u00e4bim\u00f5\u00f5duga 400 mm ja pikkusega kuni 6 meetrit, suurendades veelgi meie tootmisv\u00f5imalusi.<\/p>\n<h2><img loading=\"lazy\" decoding=\"async\" class=\"alignnone size-full wp-image-16973\" src=\"https:\/\/www.hydraulic-cylinders.net\/wp-content\/uploads\/2025\/01\/hydraulic-cylinder-factory-2-scaled.webp\" alt=\"\" width=\"2011\" height=\"2560\" srcset=\"https:\/\/www.hydraulic-cylinders.net\/wp-content\/uploads\/2025\/01\/hydraulic-cylinder-factory-2-scaled.webp 2011w, https:\/\/www.hydraulic-cylinders.net\/wp-content\/uploads\/2025\/01\/hydraulic-cylinder-factory-2-1280x1629.webp 1280w, https:\/\/www.hydraulic-cylinders.net\/wp-content\/uploads\/2025\/01\/hydraulic-cylinder-factory-2-980x1248.webp 980w, https:\/\/www.hydraulic-cylinders.net\/wp-content\/uploads\/2025\/01\/hydraulic-cylinder-factory-2-480x611.webp 480w\" sizes=\"(min-width: 0px) and (max-width: 480px) 480px, (min-width: 481px) and (max-width: 980px) 980px, (min-width: 981px) and (max-width: 1280px) 1280px, (min-width: 1281px) 2011px, 100vw\" \/><\/h2>\n<p>Meil on t\u00e4isautomaatne veebaasil v\u00e4rvimise liin, mis on spetsiaalselt loodud v\u00e4ikeste ja keskmiste balloonide jaoks ning millel on automatiseeritud laadimis-, mahalaadimis- ja pihustusrobotid. Selle tipptasemel s\u00fcsteemi tootmisv\u00f5imsus on 4000 \u00fchikut vahetuse kohta. Lisaks on meil poolautomaatne v\u00e4rvimisliin suurte balloonide jaoks, mida k\u00e4itab keti\u00fclekanne ja mille projekteeritud v\u00f5imsus on 60 kasti vahetuse kohta.<\/p>\n<p>Toodete toimivuse parandamiseks ja oma juhtpositsiooni kindlustamiseks h\u00fcdrauliliste silindrite t\u00f6\u00f6stuses oleme teinud koost\u00f6\u00f6d ZJIMEE-ga, et luua terviklik j\u00f5udluslabor, mis on p\u00fchendatud h\u00fcdraulilistele silindritele, ventiilidele ja pumpadele. See t\u00e4iustatud labor kasutab arvutip\u00f5hist testimist elektroh\u00fcdraulilise tehnoloogiaga, v\u00f5imaldades eelseadistatud katsetingimusi, mis parandavad t\u00e4psust ja s\u00fcsteemi mitmek\u00fclgsust. Automatiseeritud andmekogumisprotsess kasutab andureid v\u00e4ljundandmete, n\u00e4iteks sisemise lekke ja koormuse efektiivsuse kogumiseks, mis seej\u00e4rel t\u00f6\u00f6deldakse arvuti abil ja teisendatakse standard\u00fchikuteks (ml\/min%).<\/p>\n<p>Lisaks rakendame oma h\u00fcdraulikas\u00fcsteemide ohutuse tagamiseks peamiste j\u00f5udlusparameetrite, sealhulgas \u00f5li temperatuuri, vedeliku taseme ja filtriseadme oleku j\u00e4lgimist. Meie h\u00fcdrauliliste silindrite katsestend suudab t\u00e4psete n\u00e4itude abil hinnata \u201ekoormuse efektiivsust\u201c ja \u201esisemist leket\u201c. See on varustatud ka riiklikele standarditele vastava v\u00f5rega m\u00f5\u00f5tevahendiga, mis tagab vastavuse k\u00f5igile h\u00fcdrauliliste silindrite toodete testimisn\u00f5uetele.<\/p>\n<p>&nbsp;<\/p>","protected":false},"excerpt":{"rendered":"<p>HCYY11112022 Cylinder For Opening Rack Support For Truck Cranes The HCYY11112022 Cylinder is a crucial component specifically engineered for truck cranes, significantly improving their operational efficiency and safety. This cylinder supports the opening rack mechanism, facilitating smooth and reliable movement of the crane&#8217;s structure during various lifting tasks. Designed to enhance both lifting efficiency and [&hellip;]<\/p>","protected":false},"featured_media":17109,"comment_status":"open","ping_status":"closed","template":"","meta":{"_et_pb_use_builder":"","_et_pb_old_content":"","_et_gb_content_width":""},"product_brand":[],"product_cat":[1514,1549,1376],"product_tag":[],"class_list":{"0":"post-17103","1":"product","2":"type-product","3":"status-publish","4":"has-post-thumbnail","6":"product_cat-mobile-crane-hydraulic-cylinders","7":"product_cat-single-acting-hydraulic-cylinder","8":"product_cat-hydraulic-cylinder","10":"first","11":"instock","12":"shipping-taxable","13":"product-type-simple"},"amp_enabled":true,"_links":{"self":[{"href":"https:\/\/www.hydraulic-cylinders.net\/et\/wp-json\/wp\/v2\/product\/17103","targetHints":{"allow":["GET"]}}],"collection":[{"href":"https:\/\/www.hydraulic-cylinders.net\/et\/wp-json\/wp\/v2\/product"}],"about":[{"href":"https:\/\/www.hydraulic-cylinders.net\/et\/wp-json\/wp\/v2\/types\/product"}],"replies":[{"embeddable":true,"href":"https:\/\/www.hydraulic-cylinders.net\/et\/wp-json\/wp\/v2\/comments?post=17103"}],"wp:featuredmedia":[{"embeddable":true,"href":"https:\/\/www.hydraulic-cylinders.net\/et\/wp-json\/wp\/v2\/media\/17109"}],"wp:attachment":[{"href":"https:\/\/www.hydraulic-cylinders.net\/et\/wp-json\/wp\/v2\/media?parent=17103"}],"wp:term":[{"taxonomy":"product_brand","embeddable":true,"href":"https:\/\/www.hydraulic-cylinders.net\/et\/wp-json\/wp\/v2\/product_brand?post=17103"},{"taxonomy":"product_cat","embeddable":true,"href":"https:\/\/www.hydraulic-cylinders.net\/et\/wp-json\/wp\/v2\/product_cat?post=17103"},{"taxonomy":"product_tag","embeddable":true,"href":"https:\/\/www.hydraulic-cylinders.net\/et\/wp-json\/wp\/v2\/product_tag?post=17103"}],"curies":[{"name":"wp","href":"https:\/\/api.w.org\/{rel}","templated":true}]}}