{"id":17116,"date":"2025-02-06T08:54:50","date_gmt":"2025-02-06T08:54:50","guid":{"rendered":"https:\/\/www.hydraulic-cylinders.net\/?post_type=product&#038;p=17116"},"modified":"2025-04-11T01:52:13","modified_gmt":"2025-04-11T01:52:13","slug":"hcyy11112024-front-cylinder-for-opening-rack-support-for-truck-cranes","status":"publish","type":"product","link":"https:\/\/www.hydraulic-cylinders.net\/et\/toode\/hcyy11112024-front-cylinder-for-opening-rack-support-for-truck-cranes\/","title":{"rendered":"HCYY11112024 Veoautokraanade avamisraami toe esisilinder"},"content":{"rendered":"<h1 style=\"text-align: center;\"><strong>HCYY11112024 Veoautokraanade avamisraami toe esisilinder\u00a0<\/strong><\/h1>\n<h1 style=\"text-align: center;\"><strong><img loading=\"lazy\" decoding=\"async\" class=\"alignnone size-full wp-image-17118\" src=\"https:\/\/www.hydraulic-cylinders.net\/wp-content\/uploads\/2025\/02\/hcyy11112024-front-cylinder-for-opening-rack-support-2.webp\" alt=\"\" width=\"1495\" height=\"519\" srcset=\"https:\/\/www.hydraulic-cylinders.net\/wp-content\/uploads\/2025\/02\/hcyy11112024-front-cylinder-for-opening-rack-support-2.webp 1495w, https:\/\/www.hydraulic-cylinders.net\/wp-content\/uploads\/2025\/02\/hcyy11112024-front-cylinder-for-opening-rack-support-2-1280x444.webp 1280w, https:\/\/www.hydraulic-cylinders.net\/wp-content\/uploads\/2025\/02\/hcyy11112024-front-cylinder-for-opening-rack-support-2-980x340.webp 980w, https:\/\/www.hydraulic-cylinders.net\/wp-content\/uploads\/2025\/02\/hcyy11112024-front-cylinder-for-opening-rack-support-2-480x167.webp 480w\" sizes=\"(min-width: 0px) and (max-width: 480px) 480px, (min-width: 481px) and (max-width: 980px) 980px, (min-width: 981px) and (max-width: 1280px) 1280px, (min-width: 1281px) 1495px, 100vw\" \/><\/strong><\/h1>\n<p>See <strong>HCYY11112024 Esisilinder<\/strong> on spetsiaalselt veoautokraanadele loodud oluline komponent. See suure j\u00f5udlusega silinder pakub avatavale riiulile tugevat tuge, suurendades oluliselt nii t\u00f6\u00f6 efektiivsust kui ka ohutust. Oma t\u00e4iustatud insenerit\u00f6\u00f6ga vastab HCYY11112024 raskete t\u00f5stet\u00f6\u00f6de n\u00f5udlikele v\u00e4ljakutsetele, muutes selle usaldusv\u00e4\u00e4rseks valikuks operaatoritele erinevates t\u00f6\u00f6stussektorites.<\/p>\n<p>HCYY11112024 p\u00f5hiomaduste hulka kuuluvad suur kandev\u00f5ime, vastupidav konstruktsioon ja t\u00e4ppistehnoloogia. Silindri korrosioonikindlad omadused tagavad pikaealisuse, samas kui lihtne paigaldusprotsess muudab selle oluliseks abivahendiks iga veokraana t\u00f6\u00f6 puhul.<\/p>\n<p>Selle kriitilise komponendi j\u00f5udluse maksimeerimiseks ja eluea pikendamiseks peaksid operaatorid tegema regulaarset hooldust ja \u00fclevaatusi. Valides HCYY11112024, suurendate oma kraana v\u00f5imekust ja tagate usaldusv\u00e4\u00e4rse j\u00f5udluse p\u00f5llul.<\/p>\n<h2><strong>HCYY11112024 Veoautokraanade avamisraami toe esisilinder Parameeter:<\/strong><\/h2>\n<h1 style=\"text-align: center;\"><strong><img loading=\"lazy\" decoding=\"async\" class=\"alignnone size-full wp-image-17117\" src=\"https:\/\/www.hydraulic-cylinders.net\/wp-content\/uploads\/2025\/02\/hcyy11112024-front-cylinder-for-opening-rack-support-1.webp\" alt=\"\" width=\"1514\" height=\"147\" srcset=\"https:\/\/www.hydraulic-cylinders.net\/wp-content\/uploads\/2025\/02\/hcyy11112024-front-cylinder-for-opening-rack-support-1.webp 1514w, https:\/\/www.hydraulic-cylinders.net\/wp-content\/uploads\/2025\/02\/hcyy11112024-front-cylinder-for-opening-rack-support-1-1280x124.webp 1280w, https:\/\/www.hydraulic-cylinders.net\/wp-content\/uploads\/2025\/02\/hcyy11112024-front-cylinder-for-opening-rack-support-1-980x95.webp 980w, https:\/\/www.hydraulic-cylinders.net\/wp-content\/uploads\/2025\/02\/hcyy11112024-front-cylinder-for-opening-rack-support-1-480x47.webp 480w\" sizes=\"(min-width: 0px) and (max-width: 480px) 480px, (min-width: 481px) and (max-width: 980px) 980px, (min-width: 981px) and (max-width: 1280px) 1280px, (min-width: 1281px) 1514px, 100vw\" \/><\/strong><\/h1>\n<h1 style=\"text-align: center;\"><strong> <img loading=\"lazy\" decoding=\"async\" class=\"alignnone size-full wp-image-17119\" src=\"https:\/\/www.hydraulic-cylinders.net\/wp-content\/uploads\/2025\/02\/hcyy11112024-front-cylinder-for-opening-rack-support-3.webp\" alt=\"\" width=\"1481\" height=\"710\" srcset=\"https:\/\/www.hydraulic-cylinders.net\/wp-content\/uploads\/2025\/02\/hcyy11112024-front-cylinder-for-opening-rack-support-3.webp 1481w, https:\/\/www.hydraulic-cylinders.net\/wp-content\/uploads\/2025\/02\/hcyy11112024-front-cylinder-for-opening-rack-support-3-1280x614.webp 1280w, https:\/\/www.hydraulic-cylinders.net\/wp-content\/uploads\/2025\/02\/hcyy11112024-front-cylinder-for-opening-rack-support-3-980x470.webp 980w, https:\/\/www.hydraulic-cylinders.net\/wp-content\/uploads\/2025\/02\/hcyy11112024-front-cylinder-for-opening-rack-support-3-480x230.webp 480w\" sizes=\"(min-width: 0px) and (max-width: 480px) 480px, (min-width: 481px) and (max-width: 980px) 980px, (min-width: 981px) and (max-width: 1280px) 1280px, (min-width: 1281px) 1481px, 100vw\" \/> <img loading=\"lazy\" decoding=\"async\" class=\"alignnone size-full wp-image-17120\" src=\"https:\/\/www.hydraulic-cylinders.net\/wp-content\/uploads\/2025\/02\/hcyy11112024-front-cylinder-for-opening-rack-support-4.webp\" alt=\"\" width=\"1477\" height=\"707\" srcset=\"https:\/\/www.hydraulic-cylinders.net\/wp-content\/uploads\/2025\/02\/hcyy11112024-front-cylinder-for-opening-rack-support-4.webp 1477w, https:\/\/www.hydraulic-cylinders.net\/wp-content\/uploads\/2025\/02\/hcyy11112024-front-cylinder-for-opening-rack-support-4-1280x613.webp 1280w, https:\/\/www.hydraulic-cylinders.net\/wp-content\/uploads\/2025\/02\/hcyy11112024-front-cylinder-for-opening-rack-support-4-980x469.webp 980w, https:\/\/www.hydraulic-cylinders.net\/wp-content\/uploads\/2025\/02\/hcyy11112024-front-cylinder-for-opening-rack-support-4-480x230.webp 480w\" sizes=\"(min-width: 0px) and (max-width: 480px) 480px, (min-width: 481px) and (max-width: 980px) 980px, (min-width: 981px) and (max-width: 1280px) 1280px, (min-width: 1281px) 1477px, 100vw\" \/> <img loading=\"lazy\" decoding=\"async\" class=\"alignnone size-full wp-image-17121\" src=\"https:\/\/www.hydraulic-cylinders.net\/wp-content\/uploads\/2025\/02\/hcyy11112024-front-cylinder-for-opening-rack-support-5.webp\" alt=\"\" width=\"1381\" height=\"712\" srcset=\"https:\/\/www.hydraulic-cylinders.net\/wp-content\/uploads\/2025\/02\/hcyy11112024-front-cylinder-for-opening-rack-support-5.webp 1381w, https:\/\/www.hydraulic-cylinders.net\/wp-content\/uploads\/2025\/02\/hcyy11112024-front-cylinder-for-opening-rack-support-5-1280x660.webp 1280w, https:\/\/www.hydraulic-cylinders.net\/wp-content\/uploads\/2025\/02\/hcyy11112024-front-cylinder-for-opening-rack-support-5-980x505.webp 980w, https:\/\/www.hydraulic-cylinders.net\/wp-content\/uploads\/2025\/02\/hcyy11112024-front-cylinder-for-opening-rack-support-5-480x247.webp 480w\" sizes=\"(min-width: 0px) and (max-width: 480px) 480px, (min-width: 481px) and (max-width: 980px) 980px, (min-width: 981px) and (max-width: 1280px) 1280px, (min-width: 1281px) 1381px, 100vw\" \/><\/strong><\/h1>\n<h2><strong>Veoautokraanade silindrite seeria:<\/strong><\/h2>\n<h2><img loading=\"lazy\" decoding=\"async\" class=\"alignnone size-full wp-image-17123\" src=\"https:\/\/www.hydraulic-cylinders.net\/wp-content\/uploads\/2025\/02\/cylinder-series-for-truck-cranes-2.webp\" alt=\"\" width=\"1240\" height=\"825\" srcset=\"https:\/\/www.hydraulic-cylinders.net\/wp-content\/uploads\/2025\/02\/cylinder-series-for-truck-cranes-2.webp 1240w, https:\/\/www.hydraulic-cylinders.net\/wp-content\/uploads\/2025\/02\/cylinder-series-for-truck-cranes-2-980x652.webp 980w, https:\/\/www.hydraulic-cylinders.net\/wp-content\/uploads\/2025\/02\/cylinder-series-for-truck-cranes-2-480x319.webp 480w\" sizes=\"(min-width: 0px) and (max-width: 480px) 480px, (min-width: 481px) and (max-width: 980px) 980px, (min-width: 981px) 1240px, 100vw\" \/><\/h2>\n<h2><strong>HCYY11112024 esisilindri peamised omadused veoautokraanade avamisraami toe jaoks:<\/strong><\/h2>\n<h4><strong>Suur kandev\u00f5ime<\/strong><\/h4>\n<p>See <strong>HCYY11112024<\/strong> on hoolikalt konstrueeritud taluma m\u00e4rkimisv\u00e4\u00e4rseid raskusi, mist\u00f5ttu sobib see ideaalselt n\u00f5udlikeks t\u00f5stmistsituatsioonideks. Selle muljetavaldav kandev\u00f5ime annab operaatoritele v\u00f5imaluse raskeid materjale enesekindlalt k\u00e4sitseda, tagades ohutu ja t\u00f5husa t\u00f6\u00f6. Olenemata sellest, kas t\u00f5stetakse ehitusmaterjale v\u00f5i t\u00f6\u00f6stusseadmeid, t\u00f6\u00f6tab see silinder r\u00f5hu all usaldusv\u00e4\u00e4rselt, v\u00e4hendades t\u00f6\u00f6katkestuste ohtu.<\/p>\n<h4><strong>Vastupidav konstruktsioon<\/strong><\/h4>\n<p>Kvaliteetsetest materjalidest valmistatud HCYY11112024 on erakordselt vastupidav, taludes kulumist isegi k\u00f5ige karmimates keskkondades. See vastupidav konstruktsioon tagab pikaajalise t\u00f6\u00f6kindluse, v\u00f5imaldades silindril taluda igap\u00e4evase kasutamise raskusi, sealhulgas raskeid koormusi ja \u00e4\u00e4rmuslikke ilmastikutingimusi. Operaatorid v\u00f5ivad olla kindlad, et see komponent s\u00e4ilitab oma terviklikkuse, aidates kaasa kraana \u00fcldisele j\u00f5udlusele ja pikaealisusele.<\/p>\n<h4><strong>Korrosioonikindlus<\/strong><\/h4>\n<p>Kaitsekihiga varustatud HCYY11112024 kaitseb t\u00f5husalt rooste ja korrosiooni eest, mis on aja jooksul \u00fchtlase j\u00f5udluse s\u00e4ilitamiseks \u00fclioluline. See omadus on eriti kasulik kraanadele, mis t\u00f6\u00f6tavad keerulistes tingimustes, n\u00e4iteks niiskes v\u00f5i rannikukeskkonnas. Silindri kaitsmine s\u00f6\u00f6vitavate elementide eest annab operaatoritele meelerahu, teades, et nende seadmed j\u00e4\u00e4vad t\u00f6\u00f6korras ja ohutuks, suurendades \u00fcldist t\u00f6\u00f6t\u00f5husust.<\/p>\n<h4><strong>Lihtne paigaldus<\/strong><\/h4>\n<p>Lihtsaks integreerimiseks loodud HCYY11112024 minimeerib seisakuid paigaldamise ajal. Selle kasutajas\u00f5bralik disain v\u00f5imaldab kiiret seadistamist olemasolevates kraanas\u00fcsteemides, v\u00f5imaldades operaatoritel kiiresti t\u00f6\u00f6le naasta. See lihtne paigaldamine v\u00e4hendab t\u00f6\u00f6j\u00f5ukulusid ja suurendab tootlikkust, muutes selle atraktiivseks valikuks ettev\u00f5tetele, kes soovivad oma tegevust sujuvamaks muuta, ilma et see kvaliteeti ohverdaks.<\/p>\n<h4><strong>T\u00e4ppistehnika<\/strong><\/h4>\n<p>T\u00e4psete spetsifikatsioonide j\u00e4rgi valmistatud HCYY11112024 tagab optimaalse j\u00f5udluse ja \u00fchilduvuse paljude veoautokraanade mudelitega. See t\u00e4ppistehnoloogia tagab sujuvama t\u00f6\u00f6 ja suurema t\u00f6\u00f6kindluse, kuna silinder sobib sujuvalt kraana h\u00fcdros\u00fcsteemi. Operaatorid v\u00f5ivad olla kindlad, et iga t\u00f5ste teostatakse t\u00e4pselt, suurendades nii ohutust kui ka t\u00f5husust ehitusplatsil.<\/p>\n<p>T\u00e4nu nendele silmapaistvatele omadustele suurendab HCYY11112024 esisilinder mitte ainult veokraanade v\u00f5imekust, vaid aitab kaasa ka ohutumatele ja t\u00f5husamatele t\u00f5stetoimingutele erinevates t\u00f6\u00f6stusharudes.<\/p>\n<h2><strong>Kuidas parandab Hcyy11112024 esisilindri korrosioonikindlus selle j\u00f5udlust keerulistes keskkondades?<\/strong><\/h2>\n<p>Korrosioonikindlus <strong>HCYY11112024 Esisilinder<\/strong> parandab m\u00e4rkimisv\u00e4\u00e4rselt selle j\u00f5udlust keerulistes keskkondades mitmel viisil:<\/p>\n<h4><strong>1. Pikaealisus ja vastupidavus<\/strong><\/h4>\n<ul>\n<li>Kaitsekate hoiab \u00e4ra roostetamise ja kulumise, v\u00f5imaldades balloonil s\u00e4ilitada oma konstruktsiooni terviklikkust aja jooksul. See vastupidavus on \u00fclioluline karmides tingimustes, n\u00e4iteks ranniku- v\u00f5i t\u00f6\u00f6stuskeskkonnas, kus kokkupuude niiskuse ja s\u00f6\u00f6vitavate ainetega on tavaline.<\/li>\n<\/ul>\n<h4><strong>2. J\u00e4rjepidev j\u00f5udlus<\/strong><\/h4>\n<ul>\n<li>Korrosioonikindluse t\u00f5ttu t\u00f6\u00f6tab silinder sujuvalt ilma korrosioonist tingitud rikete riskita. See t\u00f6\u00f6kindlus tagab kraana \u00fchtlase toimimise isegi n\u00f5udlikes t\u00f5stesituatsioonides, v\u00e4hendades t\u00f6\u00f6seisakute t\u00f5en\u00e4osust.<\/li>\n<\/ul>\n<h4><strong>3. V\u00e4iksemad hoolduskulud<\/strong><\/h4>\n<ul>\n<li>Korrosioonikindlad materjalid vajavad harvemat hooldust ja v\u00e4ljavahetamist. See kulut\u00f5husus tuleb operaatoritele kasuks, minimeerides remondikulusid ja pikendades komponendi \u00fcldist eluiga.<\/li>\n<\/ul>\n<h4><strong>4. T\u00e4iustatud ohutus<\/strong><\/h4>\n<ul>\n<li>Korrosiooni v\u00e4ltimine aitab silindril s\u00e4ilitada oma tugevuse ja funktsionaalsuse. See t\u00f6\u00f6kindlus on oluline ohutute t\u00f5stetoimingute tagamiseks, kuna kahjustatud komponendid v\u00f5ivad p\u00f5hjustada rikkeid ja \u00f5nnetusi.<\/li>\n<\/ul>\n<h4><strong>5. Parem efektiivsus<\/strong><\/h4>\n<ul>\n<li>Korrosioonikindel silinder aitab kaasa kraanas\u00fcsteemi \u00fcldisele efektiivsusele. Operaatorid saavad keskenduda oma \u00fclesannetele, muretsemata v\u00f5imalike seadmete rikete p\u00e4rast, mis v\u00f5imaldab sujuvamat ja produktiivsemat t\u00f6\u00f6d.<\/li>\n<\/ul>\n<p>Kokkuv\u00f5ttes suurendab HCYY11112024 esisilindri korrosioonikindlus mitte ainult selle vastupidavust ja j\u00f5udlust, vaid soodustab ka ohutust ja t\u00f5husust keerulistes t\u00f6\u00f6keskkondades.<\/p>\n<h2><strong>Kahvelt\u00f5stuki silindrite tootmispiirkond:<\/strong><\/h2>\n<h2><img loading=\"lazy\" decoding=\"async\" class=\"alignnone size-full wp-image-16972\" src=\"https:\/\/www.hydraulic-cylinders.net\/wp-content\/uploads\/2025\/01\/hydraulic-cylinder-factory-1-scaled.webp\" alt=\"\" width=\"2016\" height=\"2560\" srcset=\"https:\/\/www.hydraulic-cylinders.net\/wp-content\/uploads\/2025\/01\/hydraulic-cylinder-factory-1-scaled.webp 2016w, https:\/\/www.hydraulic-cylinders.net\/wp-content\/uploads\/2025\/01\/hydraulic-cylinder-factory-1-1280x1625.webp 1280w, https:\/\/www.hydraulic-cylinders.net\/wp-content\/uploads\/2025\/01\/hydraulic-cylinder-factory-1-980x1244.webp 980w, https:\/\/www.hydraulic-cylinders.net\/wp-content\/uploads\/2025\/01\/hydraulic-cylinder-factory-1-480x610.webp 480w\" sizes=\"(min-width: 0px) and (max-width: 480px) 480px, (min-width: 481px) and (max-width: 980px) 980px, (min-width: 981px) and (max-width: 1280px) 1280px, (min-width: 1281px) 2016px, 100vw\" \/><\/h2>\n<p>Meil on tipptasemel s\u00f5ltumatu teadus- ja arendusplatvorm, mis on p\u00fchendatud montaa\u017eile, tagades meie tootmisprotsessides tipptasemel innovatsiooni ja kvaliteedi. Meie kahvelt\u00f5stukite silindrite tootmist\u00f6\u00f6kojas on neli poolautomaatset t\u00f5stesilindrite montaa\u017eiliini ja t\u00e4isautomaatne kallutussilindrite montaa\u017eiliin, mis on kokku projekteeritud tootma kuni miljon \u00fchikut aastas.<\/p>\n<p>Lisaks on meie spetsialiseeritud silindrite t\u00f6\u00f6koda varustatud erinevate spetsifikatsioonide jaoks kohandatud poolautomaatsete puhastus- ja montaa\u017eis\u00fcsteemidega, mille aastane tootmisv\u00f5imsus on 200 000 t\u00fckki. Kasutame tuntud CNC-seadmeid, t\u00f6\u00f6tluskeskusi ja spetsiaalseid t\u00f6\u00f6riistu silindrite \u00fclit\u00e4pseks t\u00f6\u00f6tlemiseks. Meie rajatisse kuuluvad ka t\u00e4iustatud robotkeevitusseadmed, automaatsed puhastuss\u00fcsteemid ning t\u00e4isautomatiseeritud silindrite montaa\u017ei- ja v\u00e4rvimisliinid. \u00dcle 300 t\u00f6\u00f6korras oleva seadmega optimeerime ressursside jaotust ja tagame t\u00f5husa kasutamise, j\u00e4rgides rangeid t\u00e4psus- ja kvaliteedistandardeid.<\/p>\n<p>Meie mehaanikat\u00f6\u00f6kojas on kohandatud kaldr\u00f6\u00f6bastega treikeskused, mehaanikakeskused, kiired hoonimismasinad, keevitusrobotid ja muu oluline varustus. See seadistus v\u00f5imaldab meil t\u00f6\u00f6delda silindritorusid maksimaalse sisel\u00e4bim\u00f5\u00f5duga 400 mm ja pikkusega kuni 6 meetrit, suurendades veelgi meie tootmisv\u00f5imalusi.<\/p>\n<h2><img loading=\"lazy\" decoding=\"async\" class=\"alignnone size-full wp-image-16973\" src=\"https:\/\/www.hydraulic-cylinders.net\/wp-content\/uploads\/2025\/01\/hydraulic-cylinder-factory-2-scaled.webp\" alt=\"\" width=\"2011\" height=\"2560\" srcset=\"https:\/\/www.hydraulic-cylinders.net\/wp-content\/uploads\/2025\/01\/hydraulic-cylinder-factory-2-scaled.webp 2011w, https:\/\/www.hydraulic-cylinders.net\/wp-content\/uploads\/2025\/01\/hydraulic-cylinder-factory-2-1280x1629.webp 1280w, https:\/\/www.hydraulic-cylinders.net\/wp-content\/uploads\/2025\/01\/hydraulic-cylinder-factory-2-980x1248.webp 980w, https:\/\/www.hydraulic-cylinders.net\/wp-content\/uploads\/2025\/01\/hydraulic-cylinder-factory-2-480x611.webp 480w\" sizes=\"(min-width: 0px) and (max-width: 480px) 480px, (min-width: 481px) and (max-width: 980px) 980px, (min-width: 981px) and (max-width: 1280px) 1280px, (min-width: 1281px) 2011px, 100vw\" \/><\/h2>\n<p>Meil on t\u00e4isautomaatne veebaasil v\u00e4rvimise liin, mis on spetsiaalselt loodud v\u00e4ikeste ja keskmiste balloonide jaoks ning millel on automatiseeritud laadimis-, mahalaadimis- ja pihustusrobotid. Selle tipptasemel s\u00fcsteemi tootmisv\u00f5imsus on 4000 \u00fchikut vahetuse kohta. Lisaks on meil poolautomaatne v\u00e4rvimisliin suurte balloonide jaoks, mida k\u00e4itab keti\u00fclekanne ja mille projekteeritud v\u00f5imsus on 60 kasti vahetuse kohta.<\/p>\n<p>Toodete toimivuse parandamiseks ja oma juhtpositsiooni kindlustamiseks h\u00fcdrauliliste silindrite t\u00f6\u00f6stuses oleme teinud koost\u00f6\u00f6d ZJIMEE-ga, et luua terviklik j\u00f5udluslabor, mis on p\u00fchendatud h\u00fcdraulilistele silindritele, ventiilidele ja pumpadele. See t\u00e4iustatud labor kasutab arvutip\u00f5hist testimist elektroh\u00fcdraulilise tehnoloogiaga, v\u00f5imaldades eelseadistatud katsetingimusi, mis parandavad t\u00e4psust ja s\u00fcsteemi mitmek\u00fclgsust. Automatiseeritud andmekogumisprotsess kasutab andureid v\u00e4ljundandmete, n\u00e4iteks sisemise lekke ja koormuse efektiivsuse kogumiseks, mis seej\u00e4rel t\u00f6\u00f6deldakse arvuti abil ja teisendatakse standard\u00fchikuteks (ml\/min%).<\/p>\n<p>Lisaks rakendame oma h\u00fcdraulikas\u00fcsteemide ohutuse tagamiseks peamiste j\u00f5udlusparameetrite, sealhulgas \u00f5li temperatuuri, vedeliku taseme ja filtriseadme oleku j\u00e4lgimist. Meie h\u00fcdrauliliste silindrite katsestend suudab t\u00e4psete n\u00e4itude abil hinnata \u201ekoormuse efektiivsust\u201c ja \u201esisemist leket\u201c. See on varustatud ka riiklikele standarditele vastava v\u00f5rega m\u00f5\u00f5tevahendiga, mis tagab vastavuse k\u00f5igile h\u00fcdrauliliste silindrite toodete testimisn\u00f5uetele.<\/p>\n<p>&nbsp;<\/p>","protected":false},"excerpt":{"rendered":"<p>HCYY11112024 Front Cylinder For Opening Rack Support For Truck Cranes\u00a0 The HCYY11112024 Front Cylinder is a vital component specifically engineered for truck cranes. This high-performance cylinder offers robust support for the opening rack, significantly enhancing both operational efficiency and safety. With its advanced engineering, the HCYY11112024 meets the demanding challenges of heavy lifting tasks, making [&hellip;]<\/p>","protected":false},"featured_media":17124,"comment_status":"open","ping_status":"closed","template":"","meta":{"_et_pb_use_builder":"","_et_pb_old_content":"","_et_gb_content_width":""},"product_brand":[],"product_cat":[1514,1549,1376],"product_tag":[],"class_list":{"0":"post-17116","1":"product","2":"type-product","3":"status-publish","4":"has-post-thumbnail","6":"product_cat-mobile-crane-hydraulic-cylinders","7":"product_cat-single-acting-hydraulic-cylinder","8":"product_cat-hydraulic-cylinder","10":"first","11":"instock","12":"shipping-taxable","13":"product-type-simple"},"amp_enabled":true,"_links":{"self":[{"href":"https:\/\/www.hydraulic-cylinders.net\/et\/wp-json\/wp\/v2\/product\/17116","targetHints":{"allow":["GET"]}}],"collection":[{"href":"https:\/\/www.hydraulic-cylinders.net\/et\/wp-json\/wp\/v2\/product"}],"about":[{"href":"https:\/\/www.hydraulic-cylinders.net\/et\/wp-json\/wp\/v2\/types\/product"}],"replies":[{"embeddable":true,"href":"https:\/\/www.hydraulic-cylinders.net\/et\/wp-json\/wp\/v2\/comments?post=17116"}],"wp:featuredmedia":[{"embeddable":true,"href":"https:\/\/www.hydraulic-cylinders.net\/et\/wp-json\/wp\/v2\/media\/17124"}],"wp:attachment":[{"href":"https:\/\/www.hydraulic-cylinders.net\/et\/wp-json\/wp\/v2\/media?parent=17116"}],"wp:term":[{"taxonomy":"product_brand","embeddable":true,"href":"https:\/\/www.hydraulic-cylinders.net\/et\/wp-json\/wp\/v2\/product_brand?post=17116"},{"taxonomy":"product_cat","embeddable":true,"href":"https:\/\/www.hydraulic-cylinders.net\/et\/wp-json\/wp\/v2\/product_cat?post=17116"},{"taxonomy":"product_tag","embeddable":true,"href":"https:\/\/www.hydraulic-cylinders.net\/et\/wp-json\/wp\/v2\/product_tag?post=17116"}],"curies":[{"name":"wp","href":"https:\/\/api.w.org\/{rel}","templated":true}]}}