{"id":17125,"date":"2025-02-06T09:03:34","date_gmt":"2025-02-06T09:03:34","guid":{"rendered":"https:\/\/www.hydraulic-cylinders.net\/?post_type=product&#038;p=17125"},"modified":"2025-04-11T01:52:08","modified_gmt":"2025-04-11T01:52:08","slug":"hcyy11112025-front-cylinder-for-frame-support-for-truck-cranes","status":"publish","type":"product","link":"https:\/\/www.hydraulic-cylinders.net\/et\/toode\/hcyy11112025-front-cylinder-for-frame-support-for-truck-cranes\/","title":{"rendered":"HCYY11112025 Veoautokraanade raamitoe esisilinder"},"content":{"rendered":"<h1 style=\"text-align: center;\"><strong>HCYY11112025 Veoautokraanade raamitoe esisilinder<\/strong><\/h1>\n<h1 style=\"text-align: center;\"><img loading=\"lazy\" decoding=\"async\" class=\"alignnone size-full wp-image-17127\" src=\"https:\/\/www.hydraulic-cylinders.net\/wp-content\/uploads\/2025\/02\/hcyy11112025-front-cylinder-for-frame-support-2.webp\" alt=\"\" width=\"1499\" height=\"515\" srcset=\"https:\/\/www.hydraulic-cylinders.net\/wp-content\/uploads\/2025\/02\/hcyy11112025-front-cylinder-for-frame-support-2.webp 1499w, https:\/\/www.hydraulic-cylinders.net\/wp-content\/uploads\/2025\/02\/hcyy11112025-front-cylinder-for-frame-support-2-1280x440.webp 1280w, https:\/\/www.hydraulic-cylinders.net\/wp-content\/uploads\/2025\/02\/hcyy11112025-front-cylinder-for-frame-support-2-980x337.webp 980w, https:\/\/www.hydraulic-cylinders.net\/wp-content\/uploads\/2025\/02\/hcyy11112025-front-cylinder-for-frame-support-2-480x165.webp 480w\" sizes=\"(min-width: 0px) and (max-width: 480px) 480px, (min-width: 481px) and (max-width: 980px) 980px, (min-width: 981px) and (max-width: 1280px) 1280px, (min-width: 1281px) 1499px, 100vw\" \/><\/h1>\n<p>See <strong>HCYY11112025 esisilinder<\/strong> on oluline komponent, mis parandab oluliselt veoautokraanade konstruktsioonilist terviklikkust ja t\u00f6\u00f6efektiivsust. See suure j\u00f5udlusega silinder pakub kraana raamile tugevat tuge, tagades stabiilsuse t\u00f5stetoimingute ajal. HCYY11112025 on operaatorite jaoks oluline vara, mis on konstrueeritud vastama erinevate t\u00f6\u00f6stusrakenduste rangetele n\u00f5uetele.<\/p>\n<p>HCYY11112025 eristab muljetavaldav kandev\u00f5ime, vastupidav konstruktsioon ja t\u00e4ppistehnoloogia. Selle korrosioonikindlad omadused tagavad pikaealisuse, samas kui lihtne paigaldusprotsess muudab selle asendamatuks iga veokraana t\u00f6\u00f6 jaoks.<\/p>\n<p>Regulaarse hoolduse ja \u00fclevaatuste rakendamisega saavad operaatorid optimeerida selle kriitilise komponendi j\u00f5udlust ja pikendada selle eluiga, tagades ohutud ja t\u00f5husad t\u00f5stet\u00f6\u00f6d. HCYY11112025 investeerimine mitte ainult ei suurenda teie kraana v\u00f5imekust, vaid suurendab ka t\u00f6\u00f6kindlust kohapeal, muutes selle nutikaks valikuks igaks t\u00f6\u00f6ks.<\/p>\n<h2><strong>HCYY11112025 Veoautokraanade raamitoe esisilinder Parameeter:<\/strong><\/h2>\n<h1 style=\"text-align: center;\"><img loading=\"lazy\" decoding=\"async\" class=\"alignnone size-full wp-image-17126\" src=\"https:\/\/www.hydraulic-cylinders.net\/wp-content\/uploads\/2025\/02\/hcyy11112025-front-cylinder-for-frame-support-1.webp\" alt=\"\" width=\"1512\" height=\"145\" srcset=\"https:\/\/www.hydraulic-cylinders.net\/wp-content\/uploads\/2025\/02\/hcyy11112025-front-cylinder-for-frame-support-1.webp 1512w, https:\/\/www.hydraulic-cylinders.net\/wp-content\/uploads\/2025\/02\/hcyy11112025-front-cylinder-for-frame-support-1-1280x123.webp 1280w, https:\/\/www.hydraulic-cylinders.net\/wp-content\/uploads\/2025\/02\/hcyy11112025-front-cylinder-for-frame-support-1-980x94.webp 980w, https:\/\/www.hydraulic-cylinders.net\/wp-content\/uploads\/2025\/02\/hcyy11112025-front-cylinder-for-frame-support-1-480x46.webp 480w\" sizes=\"(min-width: 0px) and (max-width: 480px) 480px, (min-width: 481px) and (max-width: 980px) 980px, (min-width: 981px) and (max-width: 1280px) 1280px, (min-width: 1281px) 1512px, 100vw\" \/><img loading=\"lazy\" decoding=\"async\" class=\"alignnone size-full wp-image-17128\" src=\"https:\/\/www.hydraulic-cylinders.net\/wp-content\/uploads\/2025\/02\/hcyy11112025-front-cylinder-for-frame-support-3.webp\" alt=\"\" width=\"1471\" height=\"704\" srcset=\"https:\/\/www.hydraulic-cylinders.net\/wp-content\/uploads\/2025\/02\/hcyy11112025-front-cylinder-for-frame-support-3.webp 1471w, https:\/\/www.hydraulic-cylinders.net\/wp-content\/uploads\/2025\/02\/hcyy11112025-front-cylinder-for-frame-support-3-1280x613.webp 1280w, https:\/\/www.hydraulic-cylinders.net\/wp-content\/uploads\/2025\/02\/hcyy11112025-front-cylinder-for-frame-support-3-980x469.webp 980w, https:\/\/www.hydraulic-cylinders.net\/wp-content\/uploads\/2025\/02\/hcyy11112025-front-cylinder-for-frame-support-3-480x230.webp 480w\" sizes=\"(min-width: 0px) and (max-width: 480px) 480px, (min-width: 481px) and (max-width: 980px) 980px, (min-width: 981px) and (max-width: 1280px) 1280px, (min-width: 1281px) 1471px, 100vw\" \/> <img loading=\"lazy\" decoding=\"async\" class=\"alignnone size-full wp-image-17129\" src=\"https:\/\/www.hydraulic-cylinders.net\/wp-content\/uploads\/2025\/02\/hcyy11112025-front-cylinder-for-frame-support-4.webp\" alt=\"\" width=\"1476\" height=\"701\" srcset=\"https:\/\/www.hydraulic-cylinders.net\/wp-content\/uploads\/2025\/02\/hcyy11112025-front-cylinder-for-frame-support-4.webp 1476w, https:\/\/www.hydraulic-cylinders.net\/wp-content\/uploads\/2025\/02\/hcyy11112025-front-cylinder-for-frame-support-4-1280x608.webp 1280w, https:\/\/www.hydraulic-cylinders.net\/wp-content\/uploads\/2025\/02\/hcyy11112025-front-cylinder-for-frame-support-4-980x465.webp 980w, https:\/\/www.hydraulic-cylinders.net\/wp-content\/uploads\/2025\/02\/hcyy11112025-front-cylinder-for-frame-support-4-480x228.webp 480w\" sizes=\"(min-width: 0px) and (max-width: 480px) 480px, (min-width: 481px) and (max-width: 980px) 980px, (min-width: 981px) and (max-width: 1280px) 1280px, (min-width: 1281px) 1476px, 100vw\" \/> <img loading=\"lazy\" decoding=\"async\" class=\"alignnone size-full wp-image-17130\" src=\"https:\/\/www.hydraulic-cylinders.net\/wp-content\/uploads\/2025\/02\/hcyy11112025-front-cylinder-for-frame-support-5.webp\" alt=\"\" width=\"1410\" height=\"676\" srcset=\"https:\/\/www.hydraulic-cylinders.net\/wp-content\/uploads\/2025\/02\/hcyy11112025-front-cylinder-for-frame-support-5.webp 1410w, https:\/\/www.hydraulic-cylinders.net\/wp-content\/uploads\/2025\/02\/hcyy11112025-front-cylinder-for-frame-support-5-1280x614.webp 1280w, https:\/\/www.hydraulic-cylinders.net\/wp-content\/uploads\/2025\/02\/hcyy11112025-front-cylinder-for-frame-support-5-980x470.webp 980w, https:\/\/www.hydraulic-cylinders.net\/wp-content\/uploads\/2025\/02\/hcyy11112025-front-cylinder-for-frame-support-5-480x230.webp 480w\" sizes=\"(min-width: 0px) and (max-width: 480px) 480px, (min-width: 481px) and (max-width: 980px) 980px, (min-width: 981px) and (max-width: 1280px) 1280px, (min-width: 1281px) 1410px, 100vw\" \/><\/h1>\n<h2><strong>Veoautokraanade silindrite seeria:<\/strong><\/h2>\n<h2><img loading=\"lazy\" decoding=\"async\" class=\"alignnone size-full wp-image-17123\" src=\"https:\/\/www.hydraulic-cylinders.net\/wp-content\/uploads\/2025\/02\/cylinder-series-for-truck-cranes-2.webp\" alt=\"\" width=\"1240\" height=\"825\" srcset=\"https:\/\/www.hydraulic-cylinders.net\/wp-content\/uploads\/2025\/02\/cylinder-series-for-truck-cranes-2.webp 1240w, https:\/\/www.hydraulic-cylinders.net\/wp-content\/uploads\/2025\/02\/cylinder-series-for-truck-cranes-2-980x652.webp 980w, https:\/\/www.hydraulic-cylinders.net\/wp-content\/uploads\/2025\/02\/cylinder-series-for-truck-cranes-2-480x319.webp 480w\" sizes=\"(min-width: 0px) and (max-width: 480px) 480px, (min-width: 481px) and (max-width: 980px) 980px, (min-width: 981px) 1240px, 100vw\" \/><\/h2>\n<h2><strong>HCYY11112025 veoautokraanade raamitoe esisilindri p\u00f5hijooned:<\/strong><\/h2>\n<h4><strong>Suur kandev\u00f5ime<\/strong><\/h4>\n<p>See <strong>HCYY11112025<\/strong> on hoolikalt konstrueeritud taluma m\u00e4rkimisv\u00e4\u00e4rseid raskusi, muutes selle ideaalseks valikuks n\u00f5udlikeks t\u00f5stmistsenaariumideks. See suur kandev\u00f5ime tagab, et operaatorid saavad enesekindlalt k\u00e4sitseda suuri materjale, alates ehitusseadmetest kuni t\u00f6\u00f6stuskomponentideni, ilma et see ohustaks ohutust v\u00f5i j\u00f5udlust. Selle vastupidav disain minimeerib rikkeohtu, v\u00f5imaldades t\u00f5husamat t\u00f6\u00f6tamist k\u00f5rgsurvekeskkonnas.<\/p>\n<h4><strong>Vastupidav konstruktsioon<\/strong><\/h4>\n<p>Kvaliteetsetest materjalidest valmistatud HCYY11112025 silindri konstruktsioon on kulumiskindel, tagades erakordse pikaealisuse isegi k\u00f5ige keerulisemates tingimustes. See vastupidavus t\u00e4hendab harvemaid vahetusi ja remonte, mis omakorda v\u00e4hendab ettev\u00f5tete tegevuskulusid. See silinder, mis talub \u00e4\u00e4rmuslikke temperatuure, suuri koormusi ja karme keskkonnategureid, on loodud t\u00f6\u00f6tama usaldusv\u00e4\u00e4rselt iga p\u00e4ev.<\/p>\n<h4><strong>Korrosioonikindlus<\/strong><\/h4>\n<p>Spetsiaalse kaitsekattega HCYY11112025 kaitseb t\u00f5husalt rooste ja korrosiooni eest, mis on aja jooksul \u00fchtlase j\u00f5udluse s\u00e4ilitamiseks \u00fclioluline. See omadus on eriti kasulik kraanadele, mis t\u00f6\u00f6tavad niiskes v\u00f5i s\u00f6\u00f6vitavas keskkonnas, n\u00e4iteks rannikualadel v\u00f5i t\u00f6\u00f6stusobjektidel. Kaitstes silindrit elementide kahjulike m\u00f5jude eest, saavad operaatorid nautida meelerahu, teades, et nende seadmed s\u00e4ilitavad oma terviklikkuse ja funktsionaalsuse, suurendades \u00fcldist t\u00f6\u00f6t\u00f5husust.<\/p>\n<h4><strong>Lihtne paigaldus<\/strong><\/h4>\n<p>HCYY11112025 on loodud h\u00f5lpsaks integreerimiseks olemasolevatesse kraanas\u00fcsteemidesse, mis v\u00e4hendab oluliselt seisakuid paigaldamise ajal. Operaatorid saavad vanad silindrid kiiresti HCYY11112025 vastu vahetada, mis v\u00f5imaldab neil t\u00f6\u00f6le naasta ilma pikkade katkestusteta. See kasutajas\u00f5bralik paigaldusprotsess mitte ainult ei s\u00e4\u00e4sta aega, vaid v\u00e4hendab ka t\u00f6\u00f6j\u00f5ukulusid, muutes selle atraktiivseks valikuks ettev\u00f5tetele, kes soovivad oma tegevust sujuvamaks muuta.<\/p>\n<h4><strong>T\u00e4ppistehnika<\/strong><\/h4>\n<p>T\u00e4psete spetsifikatsioonide j\u00e4rgi valmistatud HCYY11112025 tagab optimaalse j\u00f5udluse ja \u00fchilduvuse paljude veoautokraanade mudelitega. See t\u00e4ppisprojekteerimine tagab sujuvama t\u00f6\u00f6 ja suurema t\u00f6\u00f6kindluse, kuna silinder sobib sujuvalt kraana h\u00fcdros\u00fcsteemi. Operaatorid v\u00f5ivad olla kindlad, et iga t\u00f5ste teostatakse t\u00e4pselt, suurendades nii ohutust kui ka t\u00f5husust ehitusplatsil. Investeerides hoolikalt konstrueeritud komponenti nagu HCYY11112025, saavad ettev\u00f5tted oma tegevusstandardeid t\u00f5sta ja saavutada suurep\u00e4raseid tulemusi.<\/p>\n<h2><strong>Milline roll on raami toestava esisilindril veoautokraanade stabiilsuse parandamisel t\u00f5steoperatsioonide ajal?<\/strong><\/h2>\n<p>See <strong>Raami toe esisilinder<\/strong> on keskne komponent, mis parandab oluliselt veoautokraanade stabiilsust t\u00f5steoperatsioonide ajal. Selle m\u00f5ju saab uurida mitme kriitilise funktsiooni kaudu:<\/p>\n<h4><strong>1. Kaalujaotus<\/strong><\/h4>\n<ul>\n<li>Esisilindril on oluline roll koormuse \u00fchtlasel jaotamisel kraana raamile. See tasakaalustatud jaotus on \u00fclioluline eriti raskete v\u00f5i eba\u00fchtlaste koormate k\u00e4sitsemisel, kuna see hoiab \u00e4ra liigse pinge \u00fchele punktile. Tasakaalu s\u00e4ilitades aitab silinder kraanal t\u00f5husalt t\u00f6\u00f6tada ja v\u00e4hendab konstruktsiooni rikke ohtu.<\/li>\n<\/ul>\n<h4><strong>2. Konstruktsioonitugevdamine<\/strong><\/h4>\n<ul>\n<li>Olulise konstruktsioonielemendina tugevdab esisilinder kraana raami \u00fcldist terviklikkust. See tugevdus on oluline, et v\u00e4ltida koormuse all paindumist v\u00f5i painutamist, mis v\u00f5ib p\u00f5hjustada ebastabiilsust. Tugeva raamiga saab kraana enesekindlalt hakkama mitmesuguste t\u00f5stet\u00f6\u00f6dega, tagades t\u00f6\u00f6kindluse ja pikaealisuse.<\/li>\n<\/ul>\n<h4><strong>3. L\u00f6\u00f6gi neeldumine<\/strong><\/h4>\n<ul>\n<li>Silindri \u00fcks olulisi funktsioone on v\u00f5ime neelata t\u00f5stmise ja langetamise ajal tekkivaid l\u00f6\u00f6ke ja vibratsiooni. Nende j\u00f5udude summutamisega minimeerib silinder nende m\u00f5ju kraana konstruktsioonile. See l\u00f6\u00f6kide neeldumine mitte ainult ei suurenda stabiilsust, vaid aitab kaasa ka sujuvamale t\u00f6\u00f6le, v\u00e4hendades seadmete kulumist.<\/li>\n<\/ul>\n<h4><strong>4. T\u00e4iustatud kontroll<\/strong><\/h4>\n<ul>\n<li>Esisilindri pakutav usaldusv\u00e4\u00e4rne tugi parandab kraana juhitavust t\u00f5steman\u00f6\u00f6vrite ajal. Operaatorid saavad kasu suuremast t\u00e4psusest, mis v\u00f5imaldab neil sooritada \u00f5rnu liigutusi ilma \u00fcmberkukkumise v\u00f5i tasakaalu kaotamise riskita. See parem kontroll on eriti kasulik keerukates t\u00f5stetsenaariumides, kus t\u00e4psus on \u00fclioluline.<\/li>\n<\/ul>\n<h4><strong>5. T\u00e4iustatud ohutus<\/strong><\/h4>\n<ul>\n<li>Stabiilsus on otseselt seotud ohutusega t\u00f6\u00f6kohal. H\u00e4sti toestatud kraana v\u00e4hendab oluliselt \u00f5nnetuste ja vigastuste ohtu, kaitstes nii operaatoreid kui ka k\u00f5rvalseisjaid. Esisilindri oluline roll stabiilsuse s\u00e4ilitamisel tagab, et t\u00f5stetoiminguid saab teha enesekindlalt, soodustades ohutumat t\u00f6\u00f6keskkonda.<\/li>\n<\/ul>\n<h4><strong>6. Tegevuse efektiivsus<\/strong><\/h4>\n<ul>\n<li>Stabiilsuse ja kontrolli tagamisega aitab esisilinder kaasa suuremale t\u00f6\u00f6efektiivsusele. Kraanad saavad t\u00f5stet\u00f6id kiiremini ja t\u00e4psemalt teha, mille tulemuseks on suurem tootlikkus. See efektiivsus mitte ainult ei s\u00e4\u00e4sta aega, vaid v\u00e4hendab ka tegevuskulusid, muutes selle v\u00e4\u00e4rtuslikuks investeeringuks iga kraanaoperatsiooni puhul.<\/li>\n<\/ul>\n<p>Kokkuv\u00f5ttes <strong>Raami toe esisilinder<\/strong> on h\u00e4davajalik veoautokraanade stabiilsuse ja ohutuse parandamiseks t\u00f5stetoimingute ajal. Selle funktsioonid \u2013 kaalujaotus, konstruktsiooni tugevdamine, l\u00f6\u00f6kide neeldumine, parem juhtimine ja \u00fcldine t\u00f6\u00f6efektiivsus \u2013 loovad koos usaldusv\u00e4\u00e4rse t\u00f5stelahenduse. Kvaliteetsesse esisilindrisse investeerimine mitte ainult ei optimeeri j\u00f5udlust, vaid tagab ka ohutuma ja produktiivsema t\u00f6\u00f6koha.<\/p>\n<h2><strong>Kahvelt\u00f5stuki silindrite tootmispiirkond:<\/strong><\/h2>\n<h2><img loading=\"lazy\" decoding=\"async\" class=\"alignnone size-full wp-image-16972\" src=\"https:\/\/www.hydraulic-cylinders.net\/wp-content\/uploads\/2025\/01\/hydraulic-cylinder-factory-1-scaled.webp\" alt=\"\" width=\"2016\" height=\"2560\" srcset=\"https:\/\/www.hydraulic-cylinders.net\/wp-content\/uploads\/2025\/01\/hydraulic-cylinder-factory-1-scaled.webp 2016w, https:\/\/www.hydraulic-cylinders.net\/wp-content\/uploads\/2025\/01\/hydraulic-cylinder-factory-1-1280x1625.webp 1280w, https:\/\/www.hydraulic-cylinders.net\/wp-content\/uploads\/2025\/01\/hydraulic-cylinder-factory-1-980x1244.webp 980w, https:\/\/www.hydraulic-cylinders.net\/wp-content\/uploads\/2025\/01\/hydraulic-cylinder-factory-1-480x610.webp 480w\" sizes=\"(min-width: 0px) and (max-width: 480px) 480px, (min-width: 481px) and (max-width: 980px) 980px, (min-width: 981px) and (max-width: 1280px) 1280px, (min-width: 1281px) 2016px, 100vw\" \/><\/h2>\n<p>Meil on tipptasemel s\u00f5ltumatu teadus- ja arendusplatvorm, mis on p\u00fchendatud montaa\u017eile, tagades meie tootmisprotsessides tipptasemel innovatsiooni ja kvaliteedi. Meie kahvelt\u00f5stukite silindrite tootmist\u00f6\u00f6kojas on neli poolautomaatset t\u00f5stesilindrite montaa\u017eiliini ja t\u00e4isautomaatne kallutussilindrite montaa\u017eiliin, mis on kokku projekteeritud tootma kuni miljon \u00fchikut aastas.<\/p>\n<p>Lisaks on meie spetsialiseeritud silindrite t\u00f6\u00f6koda varustatud erinevate spetsifikatsioonide jaoks kohandatud poolautomaatsete puhastus- ja montaa\u017eis\u00fcsteemidega, mille aastane tootmisv\u00f5imsus on 200 000 t\u00fckki. Kasutame tuntud CNC-seadmeid, t\u00f6\u00f6tluskeskusi ja spetsiaalseid t\u00f6\u00f6riistu silindrite \u00fclit\u00e4pseks t\u00f6\u00f6tlemiseks. Meie rajatisse kuuluvad ka t\u00e4iustatud robotkeevitusseadmed, automaatsed puhastuss\u00fcsteemid ning t\u00e4isautomatiseeritud silindrite montaa\u017ei- ja v\u00e4rvimisliinid. \u00dcle 300 t\u00f6\u00f6korras oleva seadmega optimeerime ressursside jaotust ja tagame t\u00f5husa kasutamise, j\u00e4rgides rangeid t\u00e4psus- ja kvaliteedistandardeid.<\/p>\n<p>Meie mehaanikat\u00f6\u00f6kojas on kohandatud kaldr\u00f6\u00f6bastega treikeskused, mehaanikakeskused, kiired hoonimismasinad, keevitusrobotid ja muu oluline varustus. See seadistus v\u00f5imaldab meil t\u00f6\u00f6delda silindritorusid maksimaalse sisel\u00e4bim\u00f5\u00f5duga 400 mm ja pikkusega kuni 6 meetrit, suurendades veelgi meie tootmisv\u00f5imalusi.<\/p>\n<h2><img loading=\"lazy\" decoding=\"async\" class=\"alignnone size-full wp-image-16973\" src=\"https:\/\/www.hydraulic-cylinders.net\/wp-content\/uploads\/2025\/01\/hydraulic-cylinder-factory-2-scaled.webp\" alt=\"\" width=\"2011\" height=\"2560\" srcset=\"https:\/\/www.hydraulic-cylinders.net\/wp-content\/uploads\/2025\/01\/hydraulic-cylinder-factory-2-scaled.webp 2011w, https:\/\/www.hydraulic-cylinders.net\/wp-content\/uploads\/2025\/01\/hydraulic-cylinder-factory-2-1280x1629.webp 1280w, https:\/\/www.hydraulic-cylinders.net\/wp-content\/uploads\/2025\/01\/hydraulic-cylinder-factory-2-980x1248.webp 980w, https:\/\/www.hydraulic-cylinders.net\/wp-content\/uploads\/2025\/01\/hydraulic-cylinder-factory-2-480x611.webp 480w\" sizes=\"(min-width: 0px) and (max-width: 480px) 480px, (min-width: 481px) and (max-width: 980px) 980px, (min-width: 981px) and (max-width: 1280px) 1280px, (min-width: 1281px) 2011px, 100vw\" \/><\/h2>\n<p>Meil on t\u00e4isautomaatne veebaasil v\u00e4rvimise liin, mis on spetsiaalselt loodud v\u00e4ikeste ja keskmiste balloonide jaoks ning millel on automatiseeritud laadimis-, mahalaadimis- ja pihustusrobotid. Selle tipptasemel s\u00fcsteemi tootmisv\u00f5imsus on 4000 \u00fchikut vahetuse kohta. Lisaks on meil poolautomaatne v\u00e4rvimisliin suurte balloonide jaoks, mida k\u00e4itab keti\u00fclekanne ja mille projekteeritud v\u00f5imsus on 60 kasti vahetuse kohta.<\/p>\n<p>Toodete toimivuse parandamiseks ja oma juhtpositsiooni kindlustamiseks h\u00fcdrauliliste silindrite t\u00f6\u00f6stuses oleme teinud koost\u00f6\u00f6d ZJIMEE-ga, et luua terviklik j\u00f5udluslabor, mis on p\u00fchendatud h\u00fcdraulilistele silindritele, ventiilidele ja pumpadele. See t\u00e4iustatud labor kasutab arvutip\u00f5hist testimist elektroh\u00fcdraulilise tehnoloogiaga, v\u00f5imaldades eelseadistatud katsetingimusi, mis parandavad t\u00e4psust ja s\u00fcsteemi mitmek\u00fclgsust. Automatiseeritud andmekogumisprotsess kasutab andureid v\u00e4ljundandmete, n\u00e4iteks sisemise lekke ja koormuse efektiivsuse kogumiseks, mis seej\u00e4rel t\u00f6\u00f6deldakse arvuti abil ja teisendatakse standard\u00fchikuteks (ml\/min%).<\/p>\n<p>Lisaks rakendame oma h\u00fcdraulikas\u00fcsteemide ohutuse tagamiseks peamiste j\u00f5udlusparameetrite, sealhulgas \u00f5li temperatuuri, vedeliku taseme ja filtriseadme oleku j\u00e4lgimist. Meie h\u00fcdrauliliste silindrite katsestend suudab t\u00e4psete n\u00e4itude abil hinnata \u201ekoormuse efektiivsust\u201c ja \u201esisemist leket\u201c. See on varustatud ka riiklikele standarditele vastava v\u00f5rega m\u00f5\u00f5tevahendiga, mis tagab vastavuse k\u00f5igile h\u00fcdrauliliste silindrite toodete testimisn\u00f5uetele.<\/p>\n<p>&nbsp;<\/p>","protected":false},"excerpt":{"rendered":"<p>HCYY11112025 Front Cylinder For Frame Support For Truck Cranes The HCYY11112025 Front Cylinder is an essential component that significantly enhances the structural integrity and operational efficiency of truck cranes. This high-performance cylinder delivers robust support for the crane&#8217;s frame, ensuring stability during lifting operations. Engineered to meet the stringent demands of various industrial applications, the [&hellip;]<\/p>","protected":false},"featured_media":17131,"comment_status":"open","ping_status":"closed","template":"","meta":{"_et_pb_use_builder":"","_et_pb_old_content":"","_et_gb_content_width":""},"product_brand":[],"product_cat":[1514,1549,1376],"product_tag":[],"class_list":{"0":"post-17125","1":"product","2":"type-product","3":"status-publish","4":"has-post-thumbnail","6":"product_cat-mobile-crane-hydraulic-cylinders","7":"product_cat-single-acting-hydraulic-cylinder","8":"product_cat-hydraulic-cylinder","10":"first","11":"instock","12":"shipping-taxable","13":"product-type-simple"},"amp_enabled":true,"_links":{"self":[{"href":"https:\/\/www.hydraulic-cylinders.net\/et\/wp-json\/wp\/v2\/product\/17125","targetHints":{"allow":["GET"]}}],"collection":[{"href":"https:\/\/www.hydraulic-cylinders.net\/et\/wp-json\/wp\/v2\/product"}],"about":[{"href":"https:\/\/www.hydraulic-cylinders.net\/et\/wp-json\/wp\/v2\/types\/product"}],"replies":[{"embeddable":true,"href":"https:\/\/www.hydraulic-cylinders.net\/et\/wp-json\/wp\/v2\/comments?post=17125"}],"wp:featuredmedia":[{"embeddable":true,"href":"https:\/\/www.hydraulic-cylinders.net\/et\/wp-json\/wp\/v2\/media\/17131"}],"wp:attachment":[{"href":"https:\/\/www.hydraulic-cylinders.net\/et\/wp-json\/wp\/v2\/media?parent=17125"}],"wp:term":[{"taxonomy":"product_brand","embeddable":true,"href":"https:\/\/www.hydraulic-cylinders.net\/et\/wp-json\/wp\/v2\/product_brand?post=17125"},{"taxonomy":"product_cat","embeddable":true,"href":"https:\/\/www.hydraulic-cylinders.net\/et\/wp-json\/wp\/v2\/product_cat?post=17125"},{"taxonomy":"product_tag","embeddable":true,"href":"https:\/\/www.hydraulic-cylinders.net\/et\/wp-json\/wp\/v2\/product_tag?post=17125"}],"curies":[{"name":"wp","href":"https:\/\/api.w.org\/{rel}","templated":true}]}}