{"id":17147,"date":"2025-02-07T06:47:22","date_gmt":"2025-02-07T06:47:22","guid":{"rendered":"https:\/\/www.hydraulic-cylinders.net\/?post_type=product&#038;p=17147"},"modified":"2025-04-15T05:52:21","modified_gmt":"2025-04-15T05:52:21","slug":"wind-power-series-cylinders","status":"publish","type":"product","link":"https:\/\/www.hydraulic-cylinders.net\/et\/toode\/wind-power-series-cylinders\/","title":{"rendered":"Tuuleenergia seeria silindrid"},"content":{"rendered":"<h1 style=\"text-align: center;\"><strong>Tuuleenergia seeria silindrid<\/strong><\/h1>\n<h1 style=\"text-align: center;\">\u00a0<img loading=\"lazy\" decoding=\"async\" class=\"alignnone size-full wp-image-17149\" src=\"https:\/\/www.hydraulic-cylinders.net\/wp-content\/uploads\/2025\/02\/wind_power_series_cylinders-1-removebg-preview.webp\" alt=\"\" width=\"644\" height=\"644\" srcset=\"https:\/\/www.hydraulic-cylinders.net\/wp-content\/uploads\/2025\/02\/wind_power_series_cylinders-1-removebg-preview.webp 644w, https:\/\/www.hydraulic-cylinders.net\/wp-content\/uploads\/2025\/02\/wind_power_series_cylinders-1-removebg-preview-480x480.webp 480w\" sizes=\"(min-width: 0px) and (max-width: 480px) 480px, (min-width: 481px) 644px, 100vw\" \/><\/h1>\n<p>See <strong>Tuuleenergia seeria silindrid<\/strong> on spetsiaalselt loodud tuuleenergiasektori jaoks, pakkudes usaldusv\u00e4\u00e4rset ja t\u00f5husat j\u00f5udlust erinevates rakendustes. Need silindrid m\u00e4ngivad olulist rolli tuuleenergiat rakendavate mehhanismide juhtimisel, suurendades oluliselt tuuleturbiinide t\u00f5husust ja efektiivsust. Need on valmistatud t\u00e4pselt ja ehitatud vastu pidama t\u00f6\u00f6stuse raskustele, vastates selle kiiresti kasvava valdkonna n\u00f5udlikele n\u00f5uetele.<\/p>\n<p>Pakkudes vastupidavuse, t\u00f5hususe ja kasutajas\u00f5bralikkuse kombinatsiooni, on Wind Power seeria silindrid tuuleenergia rakenduste jaoks usaldusv\u00e4\u00e4rsed. Nende suur kandev\u00f5ime ja korrosioonikindlad omadused muudavad need ideaalseks tuuleturbiinide k\u00e4itamise keerulistes keskkondades. Soovitatavate kasutus- ja hooldustavade j\u00e4rgimisega saavad operaatorid tagada, et need silindrid s\u00e4ilitavad optimaalse j\u00f5udluse aastaid. Nendesse silindritesse investeerimine mitte ainult ei paranda tuuleenergias\u00fcsteemide t\u00f6\u00f6kindlust, vaid toetab ka j\u00e4tkusuutlikku tulevikku.<\/p>\n<h2><strong>Tuuleenergia seeria silindrite parameeter:<\/strong><\/h2>\n<h2><img loading=\"lazy\" decoding=\"async\" class=\"alignnone size-full wp-image-17148\" style=\"color: #666666; font-size: 14px;\" src=\"https:\/\/www.hydraulic-cylinders.net\/wp-content\/uploads\/2025\/02\/wind-power-series-cylinders-2.webp\" alt=\"\" width=\"1394\" height=\"731\" srcset=\"https:\/\/www.hydraulic-cylinders.net\/wp-content\/uploads\/2025\/02\/wind-power-series-cylinders-2.webp 1394w, https:\/\/www.hydraulic-cylinders.net\/wp-content\/uploads\/2025\/02\/wind-power-series-cylinders-2-1280x671.webp 1280w, https:\/\/www.hydraulic-cylinders.net\/wp-content\/uploads\/2025\/02\/wind-power-series-cylinders-2-980x514.webp 980w, https:\/\/www.hydraulic-cylinders.net\/wp-content\/uploads\/2025\/02\/wind-power-series-cylinders-2-480x252.webp 480w\" sizes=\"(min-width: 0px) and (max-width: 480px) 480px, (min-width: 481px) and (max-width: 980px) 980px, (min-width: 981px) and (max-width: 1280px) 1280px, (min-width: 1281px) 1394px, 100vw\" \/><\/h2>\n<p>\u00b7Silindri re\u017eiim: HCYY11112028<br \/>\n\u00b7 T\u00f6\u00f6r\u00f5hk: 16 MPa<br \/>\n\u00b7 Maksimaalne taluvusr\u00f5hk: 25 MPa<br \/>\n\u00b7 Silindritoru l\u00e4bim\u00f5\u00f5t: 100 mm<br \/>\n\u00b7 Kolvivarda l\u00e4bim\u00f5\u00f5t: 50 mm<br \/>\n\u00b7 Tihvti l\u00e4bim\u00f5\u00f5t: 150 mm<br \/>\n\u00b7 K\u00e4igupikkus: 80 mm<br \/>\n\u00b7Silindri pikkus: 855 mm<br \/>\n\u00b7 Kaal: 140 kg<\/p>\n<h2><strong>Tuuleenergia seeria silindrite p\u00f5hijooned:<\/strong><\/h2>\n<h4><strong>Suur kandev\u00f5ime<\/strong><\/h4>\n<p>Wind Power seeria silindrid on suurep\u00e4rased suurte koormuste toetamisel, mis on tuuleenergia n\u00f5udlike rakenduste jaoks \u00fclioluline. Nende vastupidav konstruktsioon tagab nende usaldusv\u00e4\u00e4rse t\u00f6\u00f6 keerulistes tingimustes, nagu tugev tuul v\u00f5i \u00e4\u00e4rmuslikud ilmastikuolud. See v\u00f5ime mitte ainult ei suurenda tuuleturbiinide efektiivsust, vaid annab ka operaatoritele kindlustunde, teades, et nende seadmed suudavad taluda m\u00e4rkimisv\u00e4\u00e4rset raskust ilma ohutust v\u00f5i j\u00f5udlust ohverdamata.<\/p>\n<h4><strong>Vastupidav konstruktsioon<\/strong><\/h4>\n<p>Need esmaklassilistest materjalidest valmistatud silindrid on konstrueeritud nii, et need taluksid aja jooksul kulumist. Nende vastupidav konstruktsioon v\u00e4hendab oluliselt sagedaste vahetuste vajadust, muutes need pikaajaliseks kasutamiseks kulut\u00f5husaks valikuks. Olenemata sellest, kas need puutuvad kokku karmide keskkonnatingimuste v\u00f5i igap\u00e4evase kasutamise raskustega, s\u00e4ilitavad silindrid oma terviklikkuse, tagades tuuleenergias\u00fcsteemide sujuva ja t\u00f5husa t\u00f6\u00f6.<\/p>\n<h4><strong>Korrosioonikindlus<\/strong><\/h4>\n<p>Spetsiaalse kattega varustatud silindrid on vastupidavad rooste ja keskkonnakahjustuste suhtes. See korrosioonikindlus on eriti oluline v\u00e4litingimustes, kus kokkupuude niiskuse, soola ja muude karmide elementidega v\u00f5ib p\u00f5hjustada halvenemist. Kaitstes silindreid korrosiooni eest, pikendab see omadus mitte ainult nende eluiga, vaid v\u00e4hendab ka hooldust\u00f6id, v\u00f5imaldades operaatoritel keskenduda energiatootmise maksimeerimisele.<\/p>\n<h4><strong>T\u00e4ppistehnika<\/strong><\/h4>\n<p>T\u00e4psete spetsifikatsioonide j\u00e4rgi valmistatud Wind Power seeria silindrid tagavad sujuva \u00fchilduvuse paljude tuuleturbiinimudelitega. See t\u00e4ppisprojekteerimine v\u00f5imaldab lihtsat paigaldamist ja integreerimist olemasolevatesse s\u00fcsteemidesse, v\u00e4hendades t\u00f6\u00f6probleemide riski. Nende silindritega saavad operaatorid nautida meelerahu, teades, et nad kasutavad komponente, mis on loodud optimaalseks toimimiseks just nende turbiinis\u00fcsteemides.<\/p>\n<h4><strong>Lihtne paigaldus<\/strong><\/h4>\n<p>Kasutajamugavust silmas pidades loodud silindrid v\u00f5imaldavad kiiret ja probleemivaba paigaldamist. Nende intuitiivne disain minimeerib seisakuid seadistamise ajal, v\u00f5imaldades operaatoritel oma s\u00fcsteemid kiiresti t\u00f6\u00f6le panna. See paigaldamise lihtsus mitte ainult ei suurenda t\u00f6\u00f6 efektiivsust, vaid v\u00f5imaldab ka kiiremini reageerida hooldusvajadustele, tagades tuuleenergias\u00fcsteemide pideva tootlikkuse.<\/p>\n<p>Neid omadusi r\u00f5hutades pakuvad HCYY11112028 tuuleenergia seeria silindrid erakordset j\u00f5udlust, mis vastab tuuleenergiasektori muutuvatele n\u00f5udmistele.<\/p>\n<h2><strong>Kuidas tuuleenergia seeria silindrite korrosioonikindlus parandab nende j\u00f5udlust v\u00e4litingimustes?<\/strong><\/h2>\n<p>Kindlasti! Siin on kaasahaaravam ja detailsem uurimus sellest, kuidas Wind Power seeria silindrite korrosioonikindlus parandab nende toimivust v\u00e4litingimustes:<\/p>\n<h4><strong>1. Pikaealisus<\/strong><\/h4>\n<p>Balloonide spetsiaalne korrosioonikindel kate toimib tugeva barj\u00e4\u00e4rina rooste ja kulumise vastu. See kaitsekiht on eriti v\u00e4\u00e4rtuslik keskkondades, kus on levinud niiskus, soolapihustus ja temperatuurik\u00f5ikumised. Balloonide eluea m\u00e4rkimisv\u00e4\u00e4rse pikendamisega saavad operaatorid nautida meelerahu, mis tuleneb teadmisest, et nende investeering peab ajaproovile vastu, v\u00f5imaldades pikaajalist ja katkematut t\u00f6\u00f6tamist p\u00f5llul.<\/p>\n<h4><strong>2. V\u00e4iksem hooldus<\/strong><\/h4>\n<p>\u00dcks korrosioonikindluse silmapaistvamaid eeliseid on hooldusvajaduse m\u00e4rkimisv\u00e4\u00e4rne v\u00e4henemine. Kuna silindrid on v\u00e4hem rooste- ja kulumiskindlad, saavad operaatorid hooldusele eraldada v\u00e4hem ressursse \u2013 nii aega kui ka raha. See t\u00f5husus t\u00e4hendab, et hooldusmeeskonnad saavad keskenduda tuuleturbiini t\u00f6\u00f6 muudele kriitilistele aspektidele, suurendades \u00fcldist tootlikkust. Selle tulemusena saab tuuleenergias\u00fcsteem t\u00f6\u00f6tada sujuvamalt, maksimeerides energiatootlikkust ilma pideva komponentide rikke p\u00e4rast muretsemata.<\/p>\n<h4><strong>3. J\u00e4rjepidev j\u00f5udlus<\/strong><\/h4>\n<p>Korrosioon v\u00f5ib aja jooksul materjale n\u00f5rgestada, p\u00f5hjustades t\u00f6\u00f6s ebakorrap\u00e4rasusi, mis v\u00f5ivad h\u00e4irida energia tootmist. Korrosiooni eest kaitstud silindrid s\u00e4ilitavad oma konstruktsiooni terviklikkuse ja j\u00f5udlusstandardid isegi k\u00f5ige keerulisemates v\u00e4litingimustes. See t\u00f6\u00f6kindlus tagab turbiinide t\u00f5husa t\u00f6\u00f6, mis omakorda tagab optimaalse energia tootmise. Operaatorid v\u00f5ivad oodata j\u00e4rjepidevat j\u00f5udlust, mis on oluline energiavajaduse rahuldamiseks ja j\u00e4tkusuutlikkuse eesm\u00e4rkide saavutamiseks.<\/p>\n<h4><strong>4. Ohutus<\/strong><\/h4>\n<p>Ohutus on igas t\u00f6\u00f6stuskeskkonnas \u00fclioluline ning korrosioonist tingitud rikete oht on probleem, mida ei saa t\u00e4helepanuta j\u00e4tta. Balloonid aitavad neid riske leevendada, s\u00e4ilitades oma tugevuse ja funktsionaalsuse karmides keskkondades. Korrosioonist tingitud rikkeid ennetades aitavad need balloonid kaasa nii personali kui ka seadmete ohutumale t\u00f6\u00f6keskkonnale. See r\u00f5huasetus ohutusele soodustab tuuleenergia sektoris usaldusv\u00e4\u00e4rsuse ja usalduse kultuuri.<\/p>\n<h4><strong>5. Kulut\u00f5husus<\/strong><\/h4>\n<p>Korrosioonikindlatesse balloonidesse investeerimine ei ole ainult kohese j\u00f5udluse k\u00fcsimus, vaid ka pikaajalise rahalise ettevaatlikkuse k\u00fcsimus. Balloonide vastupidavus ja v\u00e4iksem hooldusvajadus toovad aja jooksul kaasa m\u00e4rkimisv\u00e4\u00e4rse kulude kokkuhoiu. Operaatorid saavad v\u00e4ltida sagedaste vahetuste ja remondit\u00f6\u00f6dega seotud kulusid, mis v\u00f5imaldab eelarveressursse paremini jaotada. See kulut\u00f5husus muudab need balloonid atraktiivseks valikuks ettev\u00f5tetele, kes soovivad oma tegevuseelarvet optimeerida, tagades samal ajal usaldusv\u00e4\u00e4rse energiatootmise.<\/p>\n<p>Kokkuv\u00f5ttes on Wind Power seeria silindrite korrosioonikindlus enamat kui lihtsalt omadus \u2013 see on oluline omadus, mis pikendab eluiga, v\u00e4hendab hooldust, tagab j\u00e4rjepideva j\u00f5udluse, edendab ohutust ja pakub kulut\u00f5husust. Need eelised aitavad kokkuv\u00f5ttes kaasa t\u00f5husamale ja j\u00e4tkusuutlikumale l\u00e4henemisviisile tuuleenergia rakendamisel, muutes need silindrid t\u00f6\u00f6stuses asendamatuks valikuks.<\/p>\n<h2><strong>Kahvelt\u00f5stuki silindrite tootmispiirkond:<\/strong><\/h2>\n<h2><img loading=\"lazy\" decoding=\"async\" class=\"alignnone size-full wp-image-16972\" src=\"https:\/\/www.hydraulic-cylinders.net\/wp-content\/uploads\/2025\/01\/hydraulic-cylinder-factory-1-scaled.webp\" alt=\"\" width=\"2016\" height=\"2560\" srcset=\"https:\/\/www.hydraulic-cylinders.net\/wp-content\/uploads\/2025\/01\/hydraulic-cylinder-factory-1-scaled.webp 2016w, https:\/\/www.hydraulic-cylinders.net\/wp-content\/uploads\/2025\/01\/hydraulic-cylinder-factory-1-1280x1625.webp 1280w, https:\/\/www.hydraulic-cylinders.net\/wp-content\/uploads\/2025\/01\/hydraulic-cylinder-factory-1-980x1244.webp 980w, https:\/\/www.hydraulic-cylinders.net\/wp-content\/uploads\/2025\/01\/hydraulic-cylinder-factory-1-480x610.webp 480w\" sizes=\"(min-width: 0px) and (max-width: 480px) 480px, (min-width: 481px) and (max-width: 980px) 980px, (min-width: 981px) and (max-width: 1280px) 1280px, (min-width: 1281px) 2016px, 100vw\" \/><\/h2>\n<p>Meil on tipptasemel s\u00f5ltumatu teadus- ja arendusplatvorm, mis on p\u00fchendatud montaa\u017eile, tagades meie tootmisprotsessides tipptasemel innovatsiooni ja kvaliteedi. Meie kahvelt\u00f5stukite silindrite tootmist\u00f6\u00f6kojas on neli poolautomaatset t\u00f5stesilindrite montaa\u017eiliini ja t\u00e4isautomaatne kallutussilindrite montaa\u017eiliin, mis on kokku projekteeritud tootma kuni miljon \u00fchikut aastas.<\/p>\n<p>Lisaks on meie spetsialiseeritud silindrite t\u00f6\u00f6koda varustatud erinevate spetsifikatsioonide jaoks kohandatud poolautomaatsete puhastus- ja montaa\u017eis\u00fcsteemidega, mille aastane tootmisv\u00f5imsus on 200 000 t\u00fckki. Kasutame tuntud CNC-seadmeid, t\u00f6\u00f6tluskeskusi ja spetsiaalseid t\u00f6\u00f6riistu silindrite \u00fclit\u00e4pseks t\u00f6\u00f6tlemiseks. Meie rajatisse kuuluvad ka t\u00e4iustatud robotkeevitusseadmed, automaatsed puhastuss\u00fcsteemid ning t\u00e4isautomatiseeritud silindrite montaa\u017ei- ja v\u00e4rvimisliinid. \u00dcle 300 t\u00f6\u00f6korras oleva seadmega optimeerime ressursside jaotust ja tagame t\u00f5husa kasutamise, j\u00e4rgides rangeid t\u00e4psus- ja kvaliteedistandardeid.<\/p>\n<p>Meie mehaanikat\u00f6\u00f6kojas on kohandatud kaldr\u00f6\u00f6bastega treikeskused, mehaanikakeskused, kiired hoonimismasinad, keevitusrobotid ja muu oluline varustus. See seadistus v\u00f5imaldab meil t\u00f6\u00f6delda silindritorusid maksimaalse sisel\u00e4bim\u00f5\u00f5duga 400 mm ja pikkusega kuni 6 meetrit, suurendades veelgi meie tootmisv\u00f5imalusi.<\/p>\n<h2><img loading=\"lazy\" decoding=\"async\" class=\"alignnone size-full wp-image-16973\" src=\"https:\/\/www.hydraulic-cylinders.net\/wp-content\/uploads\/2025\/01\/hydraulic-cylinder-factory-2-scaled.webp\" alt=\"\" width=\"2011\" height=\"2560\" srcset=\"https:\/\/www.hydraulic-cylinders.net\/wp-content\/uploads\/2025\/01\/hydraulic-cylinder-factory-2-scaled.webp 2011w, https:\/\/www.hydraulic-cylinders.net\/wp-content\/uploads\/2025\/01\/hydraulic-cylinder-factory-2-1280x1629.webp 1280w, https:\/\/www.hydraulic-cylinders.net\/wp-content\/uploads\/2025\/01\/hydraulic-cylinder-factory-2-980x1248.webp 980w, https:\/\/www.hydraulic-cylinders.net\/wp-content\/uploads\/2025\/01\/hydraulic-cylinder-factory-2-480x611.webp 480w\" sizes=\"(min-width: 0px) and (max-width: 480px) 480px, (min-width: 481px) and (max-width: 980px) 980px, (min-width: 981px) and (max-width: 1280px) 1280px, (min-width: 1281px) 2011px, 100vw\" \/><\/h2>\n<p>Meil on t\u00e4isautomaatne veebaasil v\u00e4rvimise liin, mis on spetsiaalselt loodud v\u00e4ikeste ja keskmiste balloonide jaoks ning millel on automatiseeritud laadimis-, mahalaadimis- ja pihustusrobotid. Selle tipptasemel s\u00fcsteemi tootmisv\u00f5imsus on 4000 \u00fchikut vahetuse kohta. Lisaks on meil poolautomaatne v\u00e4rvimisliin suurte balloonide jaoks, mida k\u00e4itab keti\u00fclekanne ja mille projekteeritud v\u00f5imsus on 60 kasti vahetuse kohta.<\/p>\n<p>Toodete toimivuse parandamiseks ja oma juhtpositsiooni kindlustamiseks h\u00fcdrauliliste silindrite t\u00f6\u00f6stuses oleme teinud koost\u00f6\u00f6d ZJIMEE-ga, et luua terviklik j\u00f5udluslabor, mis on p\u00fchendatud h\u00fcdraulilistele silindritele, ventiilidele ja pumpadele. See t\u00e4iustatud labor kasutab arvutip\u00f5hist testimist elektroh\u00fcdraulilise tehnoloogiaga, v\u00f5imaldades eelseadistatud katsetingimusi, mis parandavad t\u00e4psust ja s\u00fcsteemi mitmek\u00fclgsust. Automatiseeritud andmekogumisprotsess kasutab andureid v\u00e4ljundandmete, n\u00e4iteks sisemise lekke ja koormuse efektiivsuse kogumiseks, mis seej\u00e4rel t\u00f6\u00f6deldakse arvuti abil ja teisendatakse standard\u00fchikuteks (ml\/min%).<\/p>\n<p>Lisaks rakendame oma h\u00fcdraulikas\u00fcsteemide ohutuse tagamiseks peamiste j\u00f5udlusparameetrite, sealhulgas \u00f5li temperatuuri, vedeliku taseme ja filtriseadme oleku j\u00e4lgimist. Meie h\u00fcdrauliliste silindrite katsestend suudab t\u00e4psete n\u00e4itude abil hinnata \u201ekoormuse efektiivsust\u201c ja \u201esisemist leket\u201c. See on varustatud ka riiklikele standarditele vastava v\u00f5rega m\u00f5\u00f5tevahendiga, mis tagab vastavuse k\u00f5igile h\u00fcdrauliliste silindrite toodete testimisn\u00f5uetele.<\/p>\n<p>&nbsp;<\/p>","protected":false},"excerpt":{"rendered":"<p>Wind Power Series Cylinders \u00a0 The Wind Power Series Cylinders are specifically engineered for the wind energy sector, delivering reliable and efficient performance across various applications. These cylinders play a vital role in controlling the mechanisms that harness wind energy, significantly enhancing the efficiency and effectiveness of wind turbines. Crafted with precision and built to [&hellip;]<\/p>","protected":false},"featured_media":17150,"comment_status":"open","ping_status":"closed","template":"","meta":{"_et_pb_use_builder":"","_et_pb_old_content":"","_et_gb_content_width":""},"product_brand":[],"product_cat":[1552,1513,1376],"product_tag":[],"class_list":{"0":"post-17147","1":"product","2":"type-product","3":"status-publish","4":"has-post-thumbnail","6":"product_cat-stainless-steel-hydraulic-cylinder","7":"product_cat-wind-turbine-hydraulic-cylinders","8":"product_cat-hydraulic-cylinder","10":"first","11":"instock","12":"shipping-taxable","13":"product-type-simple"},"amp_enabled":true,"_links":{"self":[{"href":"https:\/\/www.hydraulic-cylinders.net\/et\/wp-json\/wp\/v2\/product\/17147","targetHints":{"allow":["GET"]}}],"collection":[{"href":"https:\/\/www.hydraulic-cylinders.net\/et\/wp-json\/wp\/v2\/product"}],"about":[{"href":"https:\/\/www.hydraulic-cylinders.net\/et\/wp-json\/wp\/v2\/types\/product"}],"replies":[{"embeddable":true,"href":"https:\/\/www.hydraulic-cylinders.net\/et\/wp-json\/wp\/v2\/comments?post=17147"}],"wp:featuredmedia":[{"embeddable":true,"href":"https:\/\/www.hydraulic-cylinders.net\/et\/wp-json\/wp\/v2\/media\/17150"}],"wp:attachment":[{"href":"https:\/\/www.hydraulic-cylinders.net\/et\/wp-json\/wp\/v2\/media?parent=17147"}],"wp:term":[{"taxonomy":"product_brand","embeddable":true,"href":"https:\/\/www.hydraulic-cylinders.net\/et\/wp-json\/wp\/v2\/product_brand?post=17147"},{"taxonomy":"product_cat","embeddable":true,"href":"https:\/\/www.hydraulic-cylinders.net\/et\/wp-json\/wp\/v2\/product_cat?post=17147"},{"taxonomy":"product_tag","embeddable":true,"href":"https:\/\/www.hydraulic-cylinders.net\/et\/wp-json\/wp\/v2\/product_tag?post=17147"}],"curies":[{"name":"wp","href":"https:\/\/api.w.org\/{rel}","templated":true}]}}