{"id":17209,"date":"2025-02-23T08:05:46","date_gmt":"2025-02-23T08:05:46","guid":{"rendered":"https:\/\/www.hydraulic-cylinders.net\/?post_type=product&#038;p=17209"},"modified":"2025-04-30T08:46:08","modified_gmt":"2025-04-30T08:46:08","slug":"steering-cylinder-for-mast-type-aerial-work-vehicles","status":"publish","type":"product","link":"https:\/\/www.hydraulic-cylinders.net\/et\/toode\/steering-cylinder-for-mast-type-aerial-work-vehicles\/","title":{"rendered":"Roolisilinder mastit\u00fc\u00fcpi \u00f5hus\u00f5idukitele"},"content":{"rendered":"<h1 style=\"text-align: center;\"><strong>Roolisilinder mastit\u00fc\u00fcpi \u00f5hus\u00f5idukitele<\/strong><\/h1>\n<h1 style=\"text-align: center;\"><img loading=\"lazy\" decoding=\"async\" class=\"alignnone size-full wp-image-17218\" src=\"https:\/\/www.hydraulic-cylinders.net\/wp-content\/uploads\/2025\/02\/hcyy11112007-steering-cylinder-2.webp\" alt=\"\" width=\"1499\" height=\"521\" srcset=\"https:\/\/www.hydraulic-cylinders.net\/wp-content\/uploads\/2025\/02\/hcyy11112007-steering-cylinder-2.webp 1499w, https:\/\/www.hydraulic-cylinders.net\/wp-content\/uploads\/2025\/02\/hcyy11112007-steering-cylinder-2-1280x445.webp 1280w, https:\/\/www.hydraulic-cylinders.net\/wp-content\/uploads\/2025\/02\/hcyy11112007-steering-cylinder-2-980x341.webp 980w, https:\/\/www.hydraulic-cylinders.net\/wp-content\/uploads\/2025\/02\/hcyy11112007-steering-cylinder-2-480x167.webp 480w\" sizes=\"(min-width: 0px) and (max-width: 480px) 480px, (min-width: 481px) and (max-width: 980px) 980px, (min-width: 981px) and (max-width: 1280px) 1280px, (min-width: 1281px) 1499px, 100vw\" \/><\/h1>\n<p>Mastit\u00fc\u00fcpi \u00f5hus\u00f5idukite roolisilinder on oluline komponent, mis on spetsiaalselt loodud \u00f5hus\u00f5idukite jaoks. See suure j\u00f5udlusega roolis\u00fcsteem parandab oluliselt man\u00f6\u00f6verdusv\u00f5imet ja juhitavust, v\u00f5imaldades operaatoritel keerulistes keskkondades enesekindlalt navigeerida.<\/p>\n<p>Oma vastupidavuse, t\u00e4psuse ja suure kandev\u00f5ime poolest tuntud mastit\u00fc\u00fcpi \u00f5hus\u00f5idukite roolisilinder tagab usaldusv\u00e4\u00e4rse j\u00f5udluse ka n\u00f5udlikes tingimustes. Soovitatavate kasutus- ja hooldustavade j\u00e4rgimisega saavad operaatorid selle olulise komponendi eeliseid maksimeerida.<\/p>\n<p>Oma vastupidava konstruktsiooni ja t\u00f6\u00f6kindla funktsionaalsusega suurendab mastit\u00fc\u00fcpi \u00f5hut\u00f6\u00f6de s\u00f5idukite roolisilinder oluliselt ohutust ja t\u00f6\u00f6 efektiivsust, muutes selle asendamatuks abivahendiks igasuguste \u00f5hut\u00f6\u00f6de puhul.<\/p>\n<h2><strong>Mastit\u00fc\u00fcpi \u00f5hus\u00f5idukitele m\u00f5eldud roolisilindri parameeter:<\/strong><\/h2>\n<h1 style=\"text-align: center;\"><img loading=\"lazy\" decoding=\"async\" class=\"alignnone size-full wp-image-17217\" src=\"https:\/\/www.hydraulic-cylinders.net\/wp-content\/uploads\/2025\/02\/hcyy11112007-steering-cylinder-1.webp\" alt=\"\" width=\"1516\" height=\"145\" srcset=\"https:\/\/www.hydraulic-cylinders.net\/wp-content\/uploads\/2025\/02\/hcyy11112007-steering-cylinder-1.webp 1516w, https:\/\/www.hydraulic-cylinders.net\/wp-content\/uploads\/2025\/02\/hcyy11112007-steering-cylinder-1-1280x122.webp 1280w, https:\/\/www.hydraulic-cylinders.net\/wp-content\/uploads\/2025\/02\/hcyy11112007-steering-cylinder-1-980x94.webp 980w, https:\/\/www.hydraulic-cylinders.net\/wp-content\/uploads\/2025\/02\/hcyy11112007-steering-cylinder-1-480x46.webp 480w\" sizes=\"(min-width: 0px) and (max-width: 480px) 480px, (min-width: 481px) and (max-width: 980px) 980px, (min-width: 981px) and (max-width: 1280px) 1280px, (min-width: 1281px) 1516px, 100vw\" \/> \u00a0<img loading=\"lazy\" decoding=\"async\" class=\"alignnone size-full wp-image-17219\" src=\"https:\/\/www.hydraulic-cylinders.net\/wp-content\/uploads\/2025\/02\/hcyy11112007-steering-cylinder-3.webp\" alt=\"\" width=\"1479\" height=\"710\" srcset=\"https:\/\/www.hydraulic-cylinders.net\/wp-content\/uploads\/2025\/02\/hcyy11112007-steering-cylinder-3.webp 1479w, https:\/\/www.hydraulic-cylinders.net\/wp-content\/uploads\/2025\/02\/hcyy11112007-steering-cylinder-3-1280x614.webp 1280w, https:\/\/www.hydraulic-cylinders.net\/wp-content\/uploads\/2025\/02\/hcyy11112007-steering-cylinder-3-980x470.webp 980w, https:\/\/www.hydraulic-cylinders.net\/wp-content\/uploads\/2025\/02\/hcyy11112007-steering-cylinder-3-480x230.webp 480w\" sizes=\"(min-width: 0px) and (max-width: 480px) 480px, (min-width: 481px) and (max-width: 980px) 980px, (min-width: 981px) and (max-width: 1280px) 1280px, (min-width: 1281px) 1479px, 100vw\" \/> <img loading=\"lazy\" decoding=\"async\" class=\"alignnone size-full wp-image-17220\" src=\"https:\/\/www.hydraulic-cylinders.net\/wp-content\/uploads\/2025\/02\/hcyy11112007-steering-cylinder-4.webp\" alt=\"\" width=\"1476\" height=\"710\" srcset=\"https:\/\/www.hydraulic-cylinders.net\/wp-content\/uploads\/2025\/02\/hcyy11112007-steering-cylinder-4.webp 1476w, https:\/\/www.hydraulic-cylinders.net\/wp-content\/uploads\/2025\/02\/hcyy11112007-steering-cylinder-4-1280x616.webp 1280w, https:\/\/www.hydraulic-cylinders.net\/wp-content\/uploads\/2025\/02\/hcyy11112007-steering-cylinder-4-980x471.webp 980w, https:\/\/www.hydraulic-cylinders.net\/wp-content\/uploads\/2025\/02\/hcyy11112007-steering-cylinder-4-480x231.webp 480w\" sizes=\"(min-width: 0px) and (max-width: 480px) 480px, (min-width: 481px) and (max-width: 980px) 980px, (min-width: 981px) and (max-width: 1280px) 1280px, (min-width: 1281px) 1476px, 100vw\" \/> <img loading=\"lazy\" decoding=\"async\" class=\"alignnone size-full wp-image-17221\" src=\"https:\/\/www.hydraulic-cylinders.net\/wp-content\/uploads\/2025\/02\/hcyy11112007-steering-cylinder-5.webp\" alt=\"\" width=\"1491\" height=\"769\" srcset=\"https:\/\/www.hydraulic-cylinders.net\/wp-content\/uploads\/2025\/02\/hcyy11112007-steering-cylinder-5.webp 1491w, https:\/\/www.hydraulic-cylinders.net\/wp-content\/uploads\/2025\/02\/hcyy11112007-steering-cylinder-5-1280x660.webp 1280w, https:\/\/www.hydraulic-cylinders.net\/wp-content\/uploads\/2025\/02\/hcyy11112007-steering-cylinder-5-980x505.webp 980w, https:\/\/www.hydraulic-cylinders.net\/wp-content\/uploads\/2025\/02\/hcyy11112007-steering-cylinder-5-480x248.webp 480w\" sizes=\"(min-width: 0px) and (max-width: 480px) 480px, (min-width: 481px) and (max-width: 980px) 980px, (min-width: 981px) and (max-width: 1280px) 1280px, (min-width: 1281px) 1491px, 100vw\" \/><\/h1>\n<h2><strong>\u00d5hus\u00f5idukitele m\u00f5eldud silindrite seeria:<\/strong><\/h2>\n<h2><img loading=\"lazy\" decoding=\"async\" class=\"wp-image-1044652 size-full aligncenter\" src=\"https:\/\/images.hzpt.com\/2025\/02\/cylinder-series-for-aerial-work-vehicles.webp\" alt=\"\" width=\"751\" height=\"850\" \/><\/h2>\n<h2><strong>Mastit\u00fc\u00fcpi \u00f5hus\u00f5idukitele m\u00f5eldud roolisilindri peamised omadused:<\/strong><\/h2>\n<h4><strong>T\u00e4ppistehnika<\/strong><\/h4>\n<p>Mastit\u00fc\u00fcpi \u00f5hus\u00f5idukite roolisilindril on kasutatud t\u00e4iustatud t\u00e4ppistehnoloogiat, mis tagab roolimise erakordse sujuvuse ja reageerimisv\u00f5ime. See hoolikas konstruktsioon v\u00f5imaldab peenh\u00e4\u00e4lestatud juhtimist, muutes operaatorite jaoks kitsastes kohtades navigeerimise ja keerukate man\u00f6\u00f6vrite sooritamise lihtsamaks. Tulemuseks on sujuv s\u00f5idukogemus, mis suurendab \u00fcldist t\u00f6\u00f6 efektiivsust ja ohutust \u00f5hut\u00f6\u00f6de ajal.<\/p>\n<h4><strong>Vastupidavad materjalid<\/strong><\/h4>\n<p>Kvaliteetsetest ja korrosioonikindlatest materjalidest valmistatud mastit\u00fc\u00fcpi \u00f5hus\u00f5idukite roolisilinder on loodud vastu pidama karmidele keskkonnatingimustele. Selle vastupidav konstruktsioon hoiab \u00e4ra kulumise selliste elementidega nagu niiskus, tolm ja \u00e4\u00e4rmuslikud temperatuurid. See vastupidavus tagab pikaealisuse ja t\u00f6\u00f6kindluse, v\u00e4hendades remondi- ja asendusvajadust, mis omakorda v\u00e4hendab kasutajate tegevuskulusid.<\/p>\n<h4><strong>Suur kandev\u00f5ime<\/strong><\/h4>\n<p>M\u00e4rkimisv\u00e4\u00e4rsete koormuste toetamiseks konstrueeritud mastit\u00fc\u00fcpi \u00f5hus\u00f5idukite roolisilinder pakub suurep\u00e4rast stabiilsust ja kontrolli isegi raskete seadmete v\u00f5i t\u00f6\u00f6tajate t\u00f5stmisel. See suur kandev\u00f5ime tagab, et operaatorid saavad n\u00f5udlikke \u00fclesandeid enesekindlalt t\u00e4ita ilma ohutust ohverdamata. Silindri v\u00f5ime s\u00e4ilitada j\u00f5udlust r\u00f5hu all muudab selle oluliseks komponendiks iga \u00f5hut\u00f6\u00f6 rakenduse jaoks.<\/p>\n<h4><strong>\u00dchilduvus<\/strong><\/h4>\n<p>Mastit\u00fc\u00fcpi \u00f5hus\u00f5idukite roolisilinder \u00fchildub paljude \u00f5hus\u00f5idukitega, suurendades selle mitmek\u00fclgsust erinevates rakendustes. See lai \u00fchilduvus v\u00f5imaldab operaatoritel silindrit kasutada erinevates tingimustes ilma spetsiaalse varustuseta. Pakkudes usaldusv\u00e4\u00e4rset lahendust mitut t\u00fc\u00fcpi s\u00f5idukitele, lihtsustab see hooldust ja sujuvamaks muudab toimingud, muutes selle nutikaks investeeringuks igale s\u00f5idukipargile.<\/p>\n<h2><strong>Kuidas m\u00f5jutab roolisilindri vastupidavus teie hooldusgraafikut?<\/strong><\/h2>\n<p>Roolisilindri vastupidavus muudab teie hooldusgraafikut, pakkudes hulgaliselt eeliseid, mis k\u00f6idavad ja inspireerivad operaatoreid. See tipptasemel korrosioonikindlatest materjalidest valmistatud roolisilinder on konstrueeritud vastu pidama isegi k\u00f5ige raskematele tingimustele. See t\u00e4hendab, et see saab hakkama kulumisega, mis sageli vaevab seadmeid n\u00f5udlikes keskkondades, v\u00f5imaldades teil keskenduda oma \u00fclesannetele, selle asemel et muretseda v\u00f5imalike rikete p\u00e4rast.<\/p>\n<p>T\u00e4nu erakordsele vastupidavusele saate nautida oluliselt pikemaid hooldusintervalle. See mitte ainult ei t\u00e4henda v\u00e4hem katkestusi teie t\u00f6\u00f6voogudes, vaid viib aja jooksul ka m\u00e4rkimisv\u00e4\u00e4rse kulude kokkuhoiuni. Kujutage ette v\u00e4henenud remondikulude ja vabaduse m\u00f5ju ressursside t\u00f5husamaks jaotamiseks!<\/p>\n<p>Veelgi olulisem on see, et roolisilinder v\u00f5imaldab teil s\u00e4ilitada tipptootlikkuse. Kui teie \u00f5hus\u00f5idukid on pidevalt t\u00f6\u00f6korras, saab teie meeskond projektidega enesekindlalt tegeleda, teades, et neil on olemas usaldusv\u00e4\u00e4rne tugivarustus. Usaldusv\u00e4\u00e4rse roolis\u00fcsteemiga kaasnev meelerahu suurendab teie t\u00f6\u00f6v\u00f5imet, v\u00f5imaldades teil oma t\u00f6\u00f6s uutele k\u00f5rgustele j\u00f5uda.<\/p>\n<p>Roolisilindrisse investeerides ei vali te lihtsalt roolisilindrit, vaid v\u00f5tate omaks p\u00fchendumuse t\u00f6\u00f6kindlusele ja t\u00f5hususele, mis v\u00f5ib muuta kogu teie tegevust. Kogege erinevust ja avage oma \u00f5hus\u00f5idukite t\u00f5eline potentsiaal juba t\u00e4na!<\/p>\n<h2><strong>\u00d5hus\u00f5idukite silindrite tootmispiirkond:<\/strong><\/h2>\n<h2><img loading=\"lazy\" decoding=\"async\" class=\"alignnone size-full wp-image-16972\" src=\"https:\/\/www.hydraulic-cylinders.net\/wp-content\/uploads\/2025\/01\/hydraulic-cylinder-factory-1-scaled.webp\" alt=\"\" width=\"2016\" height=\"2560\" srcset=\"https:\/\/www.hydraulic-cylinders.net\/wp-content\/uploads\/2025\/01\/hydraulic-cylinder-factory-1-scaled.webp 2016w, https:\/\/www.hydraulic-cylinders.net\/wp-content\/uploads\/2025\/01\/hydraulic-cylinder-factory-1-1280x1625.webp 1280w, https:\/\/www.hydraulic-cylinders.net\/wp-content\/uploads\/2025\/01\/hydraulic-cylinder-factory-1-980x1244.webp 980w, https:\/\/www.hydraulic-cylinders.net\/wp-content\/uploads\/2025\/01\/hydraulic-cylinder-factory-1-480x610.webp 480w\" sizes=\"(min-width: 0px) and (max-width: 480px) 480px, (min-width: 481px) and (max-width: 980px) 980px, (min-width: 981px) and (max-width: 1280px) 1280px, (min-width: 1281px) 2016px, 100vw\" \/><\/h2>\n<p>Meil on tipptasemel s\u00f5ltumatu teadus- ja arendusplatvorm, mis on p\u00fchendatud montaa\u017eile, tagades meie tootmisprotsessides tipptasemel innovatsiooni ja kvaliteedi. Meie kahvelt\u00f5stukite silindrite tootmist\u00f6\u00f6kojas on neli poolautomaatset t\u00f5stesilindrite montaa\u017eiliini ja t\u00e4isautomaatne kallutussilindrite montaa\u017eiliin, mis on kokku projekteeritud tootma kuni miljon \u00fchikut aastas.<\/p>\n<p>Lisaks on meie spetsialiseeritud silindrite t\u00f6\u00f6koda varustatud erinevate spetsifikatsioonide jaoks kohandatud poolautomaatsete puhastus- ja montaa\u017eis\u00fcsteemidega, mille aastane tootmisv\u00f5imsus on 200 000 t\u00fckki. Kasutame tuntud CNC-seadmeid, t\u00f6\u00f6tluskeskusi ja spetsiaalseid t\u00f6\u00f6riistu silindrite \u00fclit\u00e4pseks t\u00f6\u00f6tlemiseks. Meie rajatisse kuuluvad ka t\u00e4iustatud robotkeevitusseadmed, automaatsed puhastuss\u00fcsteemid ning t\u00e4isautomatiseeritud silindrite montaa\u017ei- ja v\u00e4rvimisliinid. \u00dcle 300 t\u00f6\u00f6korras oleva seadmega optimeerime ressursside jaotust ja tagame t\u00f5husa kasutamise, j\u00e4rgides rangeid t\u00e4psus- ja kvaliteedistandardeid.<\/p>\n<p>Meie mehaanikat\u00f6\u00f6kojas on kohandatud kaldr\u00f6\u00f6bastega treikeskused, mehaanikakeskused, kiired hoonimismasinad, keevitusrobotid ja muu oluline varustus. See seadistus v\u00f5imaldab meil t\u00f6\u00f6delda silindritorusid maksimaalse sisel\u00e4bim\u00f5\u00f5duga 400 mm ja pikkusega kuni 6 meetrit, suurendades veelgi meie tootmisv\u00f5imalusi.<\/p>\n<h2><img loading=\"lazy\" decoding=\"async\" class=\"alignnone size-full wp-image-16973\" src=\"https:\/\/www.hydraulic-cylinders.net\/wp-content\/uploads\/2025\/01\/hydraulic-cylinder-factory-2-scaled.webp\" alt=\"\" width=\"2011\" height=\"2560\" srcset=\"https:\/\/www.hydraulic-cylinders.net\/wp-content\/uploads\/2025\/01\/hydraulic-cylinder-factory-2-scaled.webp 2011w, https:\/\/www.hydraulic-cylinders.net\/wp-content\/uploads\/2025\/01\/hydraulic-cylinder-factory-2-1280x1629.webp 1280w, https:\/\/www.hydraulic-cylinders.net\/wp-content\/uploads\/2025\/01\/hydraulic-cylinder-factory-2-980x1248.webp 980w, https:\/\/www.hydraulic-cylinders.net\/wp-content\/uploads\/2025\/01\/hydraulic-cylinder-factory-2-480x611.webp 480w\" sizes=\"(min-width: 0px) and (max-width: 480px) 480px, (min-width: 481px) and (max-width: 980px) 980px, (min-width: 981px) and (max-width: 1280px) 1280px, (min-width: 1281px) 2011px, 100vw\" \/><\/h2>\n<p>Meil on t\u00e4isautomaatne veebaasil v\u00e4rvimise liin, mis on spetsiaalselt loodud v\u00e4ikeste ja keskmiste balloonide jaoks ning millel on automatiseeritud laadimis-, mahalaadimis- ja pihustusrobotid. Selle tipptasemel s\u00fcsteemi tootmisv\u00f5imsus on 4000 \u00fchikut vahetuse kohta. Lisaks on meil poolautomaatne v\u00e4rvimisliin suurte balloonide jaoks, mida k\u00e4itab keti\u00fclekanne ja mille projekteeritud v\u00f5imsus on 60 kasti vahetuse kohta.<\/p>\n<p>Toodete toimivuse parandamiseks ja oma juhtpositsiooni kindlustamiseks h\u00fcdrauliliste silindrite t\u00f6\u00f6stuses oleme teinud koost\u00f6\u00f6d ZJIMEE-ga, et luua terviklik j\u00f5udluslabor, mis on p\u00fchendatud h\u00fcdraulilistele silindritele, ventiilidele ja pumpadele. See t\u00e4iustatud labor kasutab arvutip\u00f5hist testimist elektroh\u00fcdraulilise tehnoloogiaga, v\u00f5imaldades eelseadistatud katsetingimusi, mis parandavad t\u00e4psust ja s\u00fcsteemi mitmek\u00fclgsust. Automatiseeritud andmekogumisprotsess kasutab andureid v\u00e4ljundandmete, n\u00e4iteks sisemise lekke ja koormuse efektiivsuse kogumiseks, mis seej\u00e4rel t\u00f6\u00f6deldakse arvuti abil ja teisendatakse standard\u00fchikuteks (ml\/min%).<\/p>\n<p>Lisaks rakendame oma h\u00fcdraulikas\u00fcsteemide ohutuse tagamiseks peamiste j\u00f5udlusparameetrite, sealhulgas \u00f5li temperatuuri, vedeliku taseme ja filtriseadme oleku j\u00e4lgimist. Meie h\u00fcdrauliliste silindrite katsestend suudab t\u00e4psete n\u00e4itude abil hinnata \u201ekoormuse efektiivsust\u201c ja \u201esisemist leket\u201c. See on varustatud ka riiklikele standarditele vastava v\u00f5rega m\u00f5\u00f5tevahendiga, mis tagab vastavuse k\u00f5igile h\u00fcdrauliliste silindrite toodete testimisn\u00f5uetele.<\/p>\n<p>&nbsp;<\/p>","protected":false},"excerpt":{"rendered":"<p>Steering Cylinder For Mast Type Aerial Work Vehicles The steering cylinder for mast type aerial work vehicles is a vital component specifically designed for aerial work vehicles. This high-performance steering system greatly enhances maneuverability and control, enabling operators to navigate complex environments with confidence. Notable for its durability, precision, and high load capacity, the steering [&hellip;]<\/p>","protected":false},"featured_media":17493,"comment_status":"open","ping_status":"closed","template":"","meta":{"_et_pb_use_builder":"","_et_pb_old_content":"","_et_gb_content_width":""},"product_brand":[],"product_cat":[1500,1550,1376],"product_tag":[],"class_list":{"0":"post-17209","1":"product","2":"type-product","3":"status-publish","4":"has-post-thumbnail","6":"product_cat-aerial-work-vehicle-hydraulic-cylinder","7":"product_cat-double-acting-hydraulic-cylinder","8":"product_cat-hydraulic-cylinder","10":"first","11":"instock","12":"shipping-taxable","13":"product-type-simple"},"amp_enabled":true,"_links":{"self":[{"href":"https:\/\/www.hydraulic-cylinders.net\/et\/wp-json\/wp\/v2\/product\/17209","targetHints":{"allow":["GET"]}}],"collection":[{"href":"https:\/\/www.hydraulic-cylinders.net\/et\/wp-json\/wp\/v2\/product"}],"about":[{"href":"https:\/\/www.hydraulic-cylinders.net\/et\/wp-json\/wp\/v2\/types\/product"}],"replies":[{"embeddable":true,"href":"https:\/\/www.hydraulic-cylinders.net\/et\/wp-json\/wp\/v2\/comments?post=17209"}],"wp:featuredmedia":[{"embeddable":true,"href":"https:\/\/www.hydraulic-cylinders.net\/et\/wp-json\/wp\/v2\/media\/17493"}],"wp:attachment":[{"href":"https:\/\/www.hydraulic-cylinders.net\/et\/wp-json\/wp\/v2\/media?parent=17209"}],"wp:term":[{"taxonomy":"product_brand","embeddable":true,"href":"https:\/\/www.hydraulic-cylinders.net\/et\/wp-json\/wp\/v2\/product_brand?post=17209"},{"taxonomy":"product_cat","embeddable":true,"href":"https:\/\/www.hydraulic-cylinders.net\/et\/wp-json\/wp\/v2\/product_cat?post=17209"},{"taxonomy":"product_tag","embeddable":true,"href":"https:\/\/www.hydraulic-cylinders.net\/et\/wp-json\/wp\/v2\/product_tag?post=17209"}],"curies":[{"name":"wp","href":"https:\/\/api.w.org\/{rel}","templated":true}]}}