{"id":17210,"date":"2025-02-23T07:51:23","date_gmt":"2025-02-23T07:51:23","guid":{"rendered":"https:\/\/www.hydraulic-cylinders.net\/?post_type=product&#038;p=17210"},"modified":"2025-04-30T08:48:08","modified_gmt":"2025-04-30T08:48:08","slug":"lifting-cylinder-for-mast-type-aerial-work-vehicles","status":"publish","type":"product","link":"https:\/\/www.hydraulic-cylinders.net\/et\/toode\/lifting-cylinder-for-mast-type-aerial-work-vehicles\/","title":{"rendered":"T\u00f5stesilinder mastit\u00fc\u00fcpi \u00f5hus\u00f5idukitele"},"content":{"rendered":"<h1 style=\"text-align: center;\"><strong>T\u00f5stesilinder mastit\u00fc\u00fcpi \u00f5hus\u00f5idukitele<\/strong><\/h1>\n<h1 style=\"text-align: center;\"><img loading=\"lazy\" decoding=\"async\" class=\"alignnone size-full wp-image-17212\" src=\"https:\/\/www.hydraulic-cylinders.net\/wp-content\/uploads\/2025\/02\/hcyy11112006-lift-cylinder-2.webp\" alt=\"\" width=\"1499\" height=\"519\" srcset=\"https:\/\/www.hydraulic-cylinders.net\/wp-content\/uploads\/2025\/02\/hcyy11112006-lift-cylinder-2.webp 1499w, https:\/\/www.hydraulic-cylinders.net\/wp-content\/uploads\/2025\/02\/hcyy11112006-lift-cylinder-2-1280x443.webp 1280w, https:\/\/www.hydraulic-cylinders.net\/wp-content\/uploads\/2025\/02\/hcyy11112006-lift-cylinder-2-980x339.webp 980w, https:\/\/www.hydraulic-cylinders.net\/wp-content\/uploads\/2025\/02\/hcyy11112006-lift-cylinder-2-480x166.webp 480w\" sizes=\"(min-width: 0px) and (max-width: 480px) 480px, (min-width: 481px) and (max-width: 980px) 980px, (min-width: 981px) and (max-width: 1280px) 1280px, (min-width: 1281px) 1499px, 100vw\" \/><\/h1>\n<p>Mastit\u00fc\u00fcpi \u00f5hus\u00f5idukite t\u00f5stesilinder on \u00f5hus\u00f5idukite oluline komponent, mis on konstrueeritud pakkuma usaldusv\u00e4\u00e4rset t\u00f5stej\u00f5udu mitmesugustes rakendustes. See silinder, mis on konstrueeritud j\u00f5udlust ja ohutust silmas pidades, annab operaatoritele v\u00f5imaluse k\u00f5rgustes \u00fclesandeid enesekindlalt ja t\u00f5husalt t\u00e4ita.<\/p>\n<p>Erakordse vastupidavuse, t\u00e4psuse ja laia \u00fchilduvusega t\u00f5stesilinder on iga \u00f5hut\u00f6\u00f6de seadistuse jaoks h\u00e4davajalik. Selle muljetavaldav kandev\u00f5ime ja korrosioonikindel disain suurendavad oluliselt ohutust ja t\u00f6\u00f6 efektiivsust. N\u00f5uetekohaste kasutus- ja hooldusjuhiste j\u00e4rgimisega saavad operaatorid optimeerida j\u00f5udlust ja pikendada selle kriitilise seadme eluiga. T\u00f5stke oma \u00f5hut\u00f6id k\u00f5rgemale, kindlustundega, et teil on k\u00e4ep\u00e4rast usaldusv\u00e4\u00e4rne t\u00f5stelahendus.<\/p>\n<h2><strong>Mastit\u00fc\u00fcpi \u00f5hus\u00f5iduki t\u00f5stesilinder Parameeter:<\/strong><\/h2>\n<h1 style=\"text-align: center;\"><img loading=\"lazy\" decoding=\"async\" class=\"alignnone size-full wp-image-17211\" src=\"https:\/\/www.hydraulic-cylinders.net\/wp-content\/uploads\/2025\/02\/hcyy11112006-lift-cylinder-1.webp\" alt=\"\" width=\"1516\" height=\"146\" srcset=\"https:\/\/www.hydraulic-cylinders.net\/wp-content\/uploads\/2025\/02\/hcyy11112006-lift-cylinder-1.webp 1516w, https:\/\/www.hydraulic-cylinders.net\/wp-content\/uploads\/2025\/02\/hcyy11112006-lift-cylinder-1-1280x123.webp 1280w, https:\/\/www.hydraulic-cylinders.net\/wp-content\/uploads\/2025\/02\/hcyy11112006-lift-cylinder-1-980x94.webp 980w, https:\/\/www.hydraulic-cylinders.net\/wp-content\/uploads\/2025\/02\/hcyy11112006-lift-cylinder-1-480x46.webp 480w\" sizes=\"(min-width: 0px) and (max-width: 480px) 480px, (min-width: 481px) and (max-width: 980px) 980px, (min-width: 981px) and (max-width: 1280px) 1280px, (min-width: 1281px) 1516px, 100vw\" \/><img loading=\"lazy\" decoding=\"async\" class=\"alignnone size-full wp-image-17213\" src=\"https:\/\/www.hydraulic-cylinders.net\/wp-content\/uploads\/2025\/02\/hcyy11112006-lift-cylinder-3.webp\" alt=\"\" width=\"1477\" height=\"709\" srcset=\"https:\/\/www.hydraulic-cylinders.net\/wp-content\/uploads\/2025\/02\/hcyy11112006-lift-cylinder-3.webp 1477w, https:\/\/www.hydraulic-cylinders.net\/wp-content\/uploads\/2025\/02\/hcyy11112006-lift-cylinder-3-1280x614.webp 1280w, https:\/\/www.hydraulic-cylinders.net\/wp-content\/uploads\/2025\/02\/hcyy11112006-lift-cylinder-3-980x470.webp 980w, https:\/\/www.hydraulic-cylinders.net\/wp-content\/uploads\/2025\/02\/hcyy11112006-lift-cylinder-3-480x230.webp 480w\" sizes=\"(min-width: 0px) and (max-width: 480px) 480px, (min-width: 481px) and (max-width: 980px) 980px, (min-width: 981px) and (max-width: 1280px) 1280px, (min-width: 1281px) 1477px, 100vw\" \/> <img loading=\"lazy\" decoding=\"async\" class=\"alignnone size-full wp-image-17214\" src=\"https:\/\/www.hydraulic-cylinders.net\/wp-content\/uploads\/2025\/02\/hcyy11112006-lift-cylinder-4.webp\" alt=\"\" width=\"1476\" height=\"702\" srcset=\"https:\/\/www.hydraulic-cylinders.net\/wp-content\/uploads\/2025\/02\/hcyy11112006-lift-cylinder-4.webp 1476w, https:\/\/www.hydraulic-cylinders.net\/wp-content\/uploads\/2025\/02\/hcyy11112006-lift-cylinder-4-1280x609.webp 1280w, https:\/\/www.hydraulic-cylinders.net\/wp-content\/uploads\/2025\/02\/hcyy11112006-lift-cylinder-4-980x466.webp 980w, https:\/\/www.hydraulic-cylinders.net\/wp-content\/uploads\/2025\/02\/hcyy11112006-lift-cylinder-4-480x228.webp 480w\" sizes=\"(min-width: 0px) and (max-width: 480px) 480px, (min-width: 481px) and (max-width: 980px) 980px, (min-width: 981px) and (max-width: 1280px) 1280px, (min-width: 1281px) 1476px, 100vw\" \/> <img loading=\"lazy\" decoding=\"async\" class=\"alignnone size-full wp-image-17215\" src=\"https:\/\/www.hydraulic-cylinders.net\/wp-content\/uploads\/2025\/02\/hcyy11112006-lift-cylinder-5.webp\" alt=\"\" width=\"1476\" height=\"724\" srcset=\"https:\/\/www.hydraulic-cylinders.net\/wp-content\/uploads\/2025\/02\/hcyy11112006-lift-cylinder-5.webp 1476w, https:\/\/www.hydraulic-cylinders.net\/wp-content\/uploads\/2025\/02\/hcyy11112006-lift-cylinder-5-1280x628.webp 1280w, https:\/\/www.hydraulic-cylinders.net\/wp-content\/uploads\/2025\/02\/hcyy11112006-lift-cylinder-5-980x481.webp 980w, https:\/\/www.hydraulic-cylinders.net\/wp-content\/uploads\/2025\/02\/hcyy11112006-lift-cylinder-5-480x235.webp 480w\" sizes=\"(min-width: 0px) and (max-width: 480px) 480px, (min-width: 481px) and (max-width: 980px) 980px, (min-width: 981px) and (max-width: 1280px) 1280px, (min-width: 1281px) 1476px, 100vw\" \/><\/h1>\n<h2><strong>\u00d5hus\u00f5idukitele m\u00f5eldud silindrite seeria:<\/strong><\/h2>\n<h2><img loading=\"lazy\" decoding=\"async\" class=\"wp-image-1044652 size-full aligncenter\" src=\"https:\/\/images.hzpt.com\/2025\/02\/cylinder-series-for-aerial-work-vehicles.webp\" alt=\"\" width=\"751\" height=\"850\" \/><\/h2>\n<h2><strong>Mastit\u00fc\u00fcpi \u00f5hus\u00f5iduki t\u00f5stesilindri peamised omadused:<\/strong><\/h2>\n<h4><strong>Suur kandev\u00f5ime<\/strong><\/h4>\n<p>T\u00f5stesilindril on muljetavaldav kandev\u00f5ime, mis on asjatundlikult konstrueeritud toetama m\u00e4rkimisv\u00e4\u00e4rseid raskusi. See v\u00f5imekus muudab selle ideaalseks n\u00f5udlikeks \u00f5hut\u00f6\u00f6deks, kus t\u00f6\u00f6kindlus ja tugevus on esmat\u00e4htsad. Olenemata sellest, kas t\u00f5stetakse raskeid seadmeid v\u00f5i personali, tagab see silinder ohutu ja t\u00f5husa t\u00f6\u00f6, pakkudes operaatoritele meelerahu k\u00f5rgustes t\u00f6\u00f6tades.<\/p>\n<h4><strong>Vastupidav konstruktsioon<\/strong><\/h4>\n<p>K\u00f5rgeima kvaliteediga materjalidest valmistatud t\u00f5stesilinder on loodud vastu pidama karmidele keskkondadele ja intensiivsele kasutamisele. Selle vastupidav konstruktsioon minimeerib kulumist, mille tulemuseks on pikk eluiga, mis v\u00e4hendab vahetuste sagedust. See vastupidavus tagab silindri tippj\u00f5udluse s\u00e4ilimise aja jooksul isegi k\u00f5ige keerulisemates tingimustes, suurendades seel\u00e4bi teie \u00f5hus\u00f5iduki \u00fcldist t\u00f6\u00f6kindlust.<\/p>\n<h4><strong>T\u00e4ppistehnika<\/strong><\/h4>\n<p>Sujuvaks ja t\u00f6\u00f6kindlaks t\u00f6\u00f6ks konstrueeritud t\u00f5stesilinder on t\u00e4iustatud t\u00e4ppistehnoloogiaga. See disain tagab suurep\u00e4rase reageerimisv\u00f5ime, v\u00f5imaldades t\u00f6\u00f6 ajal sujuvaid reguleerimisi. Suurem efektiivsus t\u00e4hendab l\u00fchemat t\u00f5steaega, mis v\u00f5imaldab operaatoritel \u00fclesandeid t\u00f5husamalt t\u00e4ita. Silindri t\u00e4pne j\u00f5udlus aitab s\u00e4ilitada stabiilsust ja ohutust, mis on \u00f5hut\u00f6\u00f6de puhul \u00fclioluline.<\/p>\n<h4><strong>Korrosioonikindlus<\/strong><\/h4>\n<p>T\u00e4iustatud kaitsekatetega varustatud t\u00f5stesilinder on t\u00f5husalt rooste- ja korrosioonikindel. See omadus on eriti kasulik v\u00e4listingimustes ja keerulistes keskkondades, kus niiskus ja karmid ilmastikutingimused v\u00f5ivad p\u00f5hjustada halvenemist. Korrosiooni eest kaitstes pikendab see silinder mitte ainult oma kasutusiga, vaid tagab ka selle j\u00e4rjepideva optimaalse j\u00f5udluse, v\u00e4hendades aja jooksul hoolduskulusid.<\/p>\n<h4><strong>\u00dchilduvus<\/strong><\/h4>\n<p>T\u00f5stesilinder on loodud \u00fchilduma paljude \u00f5hus\u00f5idukitega, muutes selle mitmek\u00fclgseks lahenduseks erinevatele tootjatele ja mudelitele. See kohandatavus lihtsustab masinapargi operaatorite jaoks inventari haldamist, kuna \u00fchte silindrit saab kasutada mitut t\u00fc\u00fcpi seadmetel. Lihtne \u00fchilduvus v\u00f5imaldab sujuvat integreerimist olemasolevatesse s\u00fcsteemidesse, maksimeerides tegevuse efektiivsust ja minimeerides seisakuid asenduste ajal.<\/p>\n<h2><strong>Milliseid hooldustavasid on t\u00f5stesilindri jaoks soovitatav teha optimaalse j\u00f5udluse tagamiseks?<\/strong><\/h2>\n<p>T\u00f5stesilindri optimaalse j\u00f5udluse tagamiseks on soovitatavad j\u00e4rgmised hoolduspraktikad:<\/p>\n<h3><strong>Regulaarsed kontrollid<\/strong><\/h3>\n<p>Tehke balloonil regulaarseid kontrolle kulumise, kahjustuste v\u00f5i lekete suhtes. Kontrollige tihendite, voolikute ja liitmike terviklikkust. Probleemide varajane avastamine aitab ennetada t\u00f5sisemaid probleeme ja tagada ohutu t\u00f6\u00f6.<\/p>\n<h3><strong>Puhastamine<\/strong><\/h3>\n<p>Hoidke silindrit puhtana ja vabana mustusest, prahist ja s\u00f6\u00f6vitavatest ainetest. P\u00fchkige silindri v\u00e4lispinda regulaarselt pehme lapiga ja \u00f5rna pesuvahendiga, eriti p\u00e4rast karmi keskkonda sattumist. See aitab v\u00e4ltida korrosiooni ja s\u00e4ilitab komponentide terviklikkuse.<\/p>\n<h3><strong>M\u00e4\u00e4rimine<\/strong><\/h3>\n<p>Veenduge, et k\u00f5ik liikuvad osad oleksid tootja juhiste kohaselt piisavalt m\u00e4\u00e4ritud. N\u00f5uetekohane m\u00e4\u00e4rimine v\u00e4hendab h\u00f5\u00f5rdumist, minimeerib kulumist ja parandab silindri t\u00f6\u00f6 efektiivsust.<\/p>\n<h3><strong>H\u00fcdraulilise vedeliku kontrollimine<\/strong><\/h3>\n<p>Kontrollige regulaarselt h\u00fcdraulikavedeliku taset ja kvaliteeti. Hoidke soovitatud vedelikut\u00fc\u00fcpi ja vahetage seda vastavalt vajadusele, et v\u00e4ltida saastumist, mis v\u00f5ib kahjustada j\u00f5udlust.<\/p>\n<h3><strong>P\u00f6\u00f6rdemomendi kontrollid<\/strong><\/h3>\n<p>Kontrollige perioodiliselt, et k\u00f5ik poldid ja \u00fchendused oleksid kindlalt kinnitatud ja tootja spetsifikatsioonide kohaselt pingutatud. L\u00f5dvad liitmikud v\u00f5ivad p\u00f5hjustada lekkeid ja t\u00f6\u00f6h\u00e4ireid.<\/p>\n<h3><strong>Funktsionaalsuse testimine<\/strong><\/h3>\n<p>Tehke funktsionaalsustestid, et veenduda silindri sujuvas t\u00f6\u00f6s. Kontrollige t\u00f6\u00f6tamise ajal ebatavalisi helisid, vibratsiooni v\u00f5i j\u00f5udluse muutusi, mis v\u00f5ivad viidata varjatud probleemidele.<\/p>\n<h3><strong>Dokumentatsioon<\/strong><\/h3>\n<p>Pidage \u00fcksikasjalikku hoolduslogi, mis registreerib \u00fclevaatused, remondit\u00f6\u00f6d ja k\u00f5ik vahejuhtumid. See dokumentatsioon aitab j\u00e4lgida j\u00f5udlustrende ja planeerida edasist hooldust.<\/p>\n<h4><strong>Professionaalne teenindus<\/strong><\/h4>\n<p>Planeerige regulaarseid professionaalseid hooldusi v\u00f5i kvalifitseeritud tehnikute poolseid hinnanguid. Nad saavad pakkuda ekspertteadmisi v\u00f5imalike probleemide tuvastamisel ja ohutusstandardite j\u00e4rgimise tagamisel.<\/p>\n<p>Neid hoolduspraktikaid j\u00e4rgides saavad operaatorid tagada t\u00f5stesilindri tippseisukorras p\u00fcsimise, suurendades ohutust ja t\u00f6\u00f6kindlust \u00f5hus toimuvate toimingute ajal.<\/p>\n<h2><strong>Kahvelt\u00f5stuki silindrite tootmispiirkond:<\/strong><\/h2>\n<h2><img loading=\"lazy\" decoding=\"async\" class=\"alignnone size-full wp-image-16972\" src=\"https:\/\/www.hydraulic-cylinders.net\/wp-content\/uploads\/2025\/01\/hydraulic-cylinder-factory-1-scaled.webp\" alt=\"\" width=\"2016\" height=\"2560\" srcset=\"https:\/\/www.hydraulic-cylinders.net\/wp-content\/uploads\/2025\/01\/hydraulic-cylinder-factory-1-scaled.webp 2016w, https:\/\/www.hydraulic-cylinders.net\/wp-content\/uploads\/2025\/01\/hydraulic-cylinder-factory-1-1280x1625.webp 1280w, https:\/\/www.hydraulic-cylinders.net\/wp-content\/uploads\/2025\/01\/hydraulic-cylinder-factory-1-980x1244.webp 980w, https:\/\/www.hydraulic-cylinders.net\/wp-content\/uploads\/2025\/01\/hydraulic-cylinder-factory-1-480x610.webp 480w\" sizes=\"(min-width: 0px) and (max-width: 480px) 480px, (min-width: 481px) and (max-width: 980px) 980px, (min-width: 981px) and (max-width: 1280px) 1280px, (min-width: 1281px) 2016px, 100vw\" \/><\/h2>\n<p>Meil on tipptasemel s\u00f5ltumatu teadus- ja arendusplatvorm, mis on p\u00fchendatud montaa\u017eile, tagades meie tootmisprotsessides tipptasemel innovatsiooni ja kvaliteedi. Meie kahvelt\u00f5stukite silindrite tootmist\u00f6\u00f6kojas on neli poolautomaatset t\u00f5stesilindrite montaa\u017eiliini ja t\u00e4isautomaatne kallutussilindrite montaa\u017eiliin, mis on kokku projekteeritud tootma kuni miljon \u00fchikut aastas.<\/p>\n<p>Lisaks on meie spetsialiseeritud silindrite t\u00f6\u00f6koda varustatud erinevate spetsifikatsioonide jaoks kohandatud poolautomaatsete puhastus- ja montaa\u017eis\u00fcsteemidega, mille aastane tootmisv\u00f5imsus on 200 000 t\u00fckki. Kasutame tuntud CNC-seadmeid, t\u00f6\u00f6tluskeskusi ja spetsiaalseid t\u00f6\u00f6riistu silindrite \u00fclit\u00e4pseks t\u00f6\u00f6tlemiseks. Meie rajatisse kuuluvad ka t\u00e4iustatud robotkeevitusseadmed, automaatsed puhastuss\u00fcsteemid ning t\u00e4isautomatiseeritud silindrite montaa\u017ei- ja v\u00e4rvimisliinid. \u00dcle 300 t\u00f6\u00f6korras oleva seadmega optimeerime ressursside jaotust ja tagame t\u00f5husa kasutamise, j\u00e4rgides rangeid t\u00e4psus- ja kvaliteedistandardeid.<\/p>\n<p>Meie mehaanikat\u00f6\u00f6kojas on kohandatud kaldr\u00f6\u00f6bastega treikeskused, mehaanikakeskused, kiired hoonimismasinad, keevitusrobotid ja muu oluline varustus. See seadistus v\u00f5imaldab meil t\u00f6\u00f6delda silindritorusid maksimaalse sisel\u00e4bim\u00f5\u00f5duga 400 mm ja pikkusega kuni 6 meetrit, suurendades veelgi meie tootmisv\u00f5imalusi.<\/p>\n<h2><img loading=\"lazy\" decoding=\"async\" class=\"alignnone size-full wp-image-16973\" src=\"https:\/\/www.hydraulic-cylinders.net\/wp-content\/uploads\/2025\/01\/hydraulic-cylinder-factory-2-scaled.webp\" alt=\"\" width=\"2011\" height=\"2560\" srcset=\"https:\/\/www.hydraulic-cylinders.net\/wp-content\/uploads\/2025\/01\/hydraulic-cylinder-factory-2-scaled.webp 2011w, https:\/\/www.hydraulic-cylinders.net\/wp-content\/uploads\/2025\/01\/hydraulic-cylinder-factory-2-1280x1629.webp 1280w, https:\/\/www.hydraulic-cylinders.net\/wp-content\/uploads\/2025\/01\/hydraulic-cylinder-factory-2-980x1248.webp 980w, https:\/\/www.hydraulic-cylinders.net\/wp-content\/uploads\/2025\/01\/hydraulic-cylinder-factory-2-480x611.webp 480w\" sizes=\"(min-width: 0px) and (max-width: 480px) 480px, (min-width: 481px) and (max-width: 980px) 980px, (min-width: 981px) and (max-width: 1280px) 1280px, (min-width: 1281px) 2011px, 100vw\" \/><\/h2>\n<p>Meil on t\u00e4isautomaatne veebaasil v\u00e4rvimise liin, mis on spetsiaalselt loodud v\u00e4ikeste ja keskmiste balloonide jaoks ning millel on automatiseeritud laadimis-, mahalaadimis- ja pihustusrobotid. Selle tipptasemel s\u00fcsteemi tootmisv\u00f5imsus on 4000 \u00fchikut vahetuse kohta. Lisaks on meil poolautomaatne v\u00e4rvimisliin suurte balloonide jaoks, mida k\u00e4itab keti\u00fclekanne ja mille projekteeritud v\u00f5imsus on 60 kasti vahetuse kohta.<\/p>\n<p>Toodete toimivuse parandamiseks ja oma juhtpositsiooni kindlustamiseks h\u00fcdrauliliste silindrite t\u00f6\u00f6stuses oleme teinud koost\u00f6\u00f6d ZJIMEE-ga, et luua terviklik j\u00f5udluslabor, mis on p\u00fchendatud h\u00fcdraulilistele silindritele, ventiilidele ja pumpadele. See t\u00e4iustatud labor kasutab arvutip\u00f5hist testimist elektroh\u00fcdraulilise tehnoloogiaga, v\u00f5imaldades eelseadistatud katsetingimusi, mis parandavad t\u00e4psust ja s\u00fcsteemi mitmek\u00fclgsust. Automatiseeritud andmekogumisprotsess kasutab andureid v\u00e4ljundandmete, n\u00e4iteks sisemise lekke ja koormuse efektiivsuse kogumiseks, mis seej\u00e4rel t\u00f6\u00f6deldakse arvuti abil ja teisendatakse standard\u00fchikuteks (ml\/min%).<\/p>\n<p>Lisaks rakendame oma h\u00fcdraulikas\u00fcsteemide ohutuse tagamiseks peamiste j\u00f5udlusparameetrite, sealhulgas \u00f5li temperatuuri, vedeliku taseme ja filtriseadme oleku j\u00e4lgimist. Meie h\u00fcdrauliliste silindrite katsestend suudab t\u00e4psete n\u00e4itude abil hinnata \u201ekoormuse efektiivsust\u201c ja \u201esisemist leket\u201c. See on varustatud ka riiklikele standarditele vastava v\u00f5rega m\u00f5\u00f5tevahendiga, mis tagab vastavuse k\u00f5igile h\u00fcdrauliliste silindrite toodete testimisn\u00f5uetele.<\/p>\n<p>&nbsp;<\/p>","protected":false},"excerpt":{"rendered":"<p>Lifting Cylinder For Mast Type Aerial Work Vehicles The lifting cylinder for mast type aerial work vehicles is a vital component for aerial work vehicles, engineered to deliver reliable lifting power across a range of applications. Designed with a focus on performance and safety, this cylinder empowers operators to carry out tasks at height with [&hellip;]<\/p>","protected":false},"featured_media":17492,"comment_status":"open","ping_status":"closed","template":"","meta":{"_et_pb_use_builder":"","_et_pb_old_content":"","_et_gb_content_width":""},"product_brand":[],"product_cat":[1500,1549,1376],"product_tag":[],"class_list":{"0":"post-17210","1":"product","2":"type-product","3":"status-publish","4":"has-post-thumbnail","6":"product_cat-aerial-work-vehicle-hydraulic-cylinder","7":"product_cat-single-acting-hydraulic-cylinder","8":"product_cat-hydraulic-cylinder","10":"first","11":"instock","12":"shipping-taxable","13":"product-type-simple"},"amp_enabled":true,"_links":{"self":[{"href":"https:\/\/www.hydraulic-cylinders.net\/et\/wp-json\/wp\/v2\/product\/17210","targetHints":{"allow":["GET"]}}],"collection":[{"href":"https:\/\/www.hydraulic-cylinders.net\/et\/wp-json\/wp\/v2\/product"}],"about":[{"href":"https:\/\/www.hydraulic-cylinders.net\/et\/wp-json\/wp\/v2\/types\/product"}],"replies":[{"embeddable":true,"href":"https:\/\/www.hydraulic-cylinders.net\/et\/wp-json\/wp\/v2\/comments?post=17210"}],"wp:featuredmedia":[{"embeddable":true,"href":"https:\/\/www.hydraulic-cylinders.net\/et\/wp-json\/wp\/v2\/media\/17492"}],"wp:attachment":[{"href":"https:\/\/www.hydraulic-cylinders.net\/et\/wp-json\/wp\/v2\/media?parent=17210"}],"wp:term":[{"taxonomy":"product_brand","embeddable":true,"href":"https:\/\/www.hydraulic-cylinders.net\/et\/wp-json\/wp\/v2\/product_brand?post=17210"},{"taxonomy":"product_cat","embeddable":true,"href":"https:\/\/www.hydraulic-cylinders.net\/et\/wp-json\/wp\/v2\/product_cat?post=17210"},{"taxonomy":"product_tag","embeddable":true,"href":"https:\/\/www.hydraulic-cylinders.net\/et\/wp-json\/wp\/v2\/product_tag?post=17210"}],"curies":[{"name":"wp","href":"https:\/\/api.w.org\/{rel}","templated":true}]}}