{"id":17230,"date":"2025-02-23T08:19:41","date_gmt":"2025-02-23T08:19:41","guid":{"rendered":"https:\/\/www.hydraulic-cylinders.net\/?post_type=product&#038;p=17230"},"modified":"2025-04-30T08:40:35","modified_gmt":"2025-04-30T08:40:35","slug":"telescopic-cylinder-for-arm-type-aerial-work-vehicles","status":"publish","type":"product","link":"https:\/\/www.hydraulic-cylinders.net\/et\/toode\/telescopic-cylinder-for-arm-type-aerial-work-vehicles\/","title":{"rendered":"Teleskoopsilinder \u00f5lgt\u00fc\u00fcpi \u00f5hus\u00f5idukitele"},"content":{"rendered":"<h1 style=\"text-align: center;\"><strong>Teleskoopsilinder \u00f5lgt\u00fc\u00fcpi \u00f5hus\u00f5idukitele<\/strong><\/h1>\n<h1 style=\"text-align: center;\"><img loading=\"lazy\" decoding=\"async\" class=\"alignnone size-full wp-image-17232\" src=\"https:\/\/www.hydraulic-cylinders.net\/wp-content\/uploads\/2025\/02\/hcyy11112009-main-boom-extension-cylinder-2.webp\" alt=\"\" width=\"1500\" height=\"517\" srcset=\"https:\/\/www.hydraulic-cylinders.net\/wp-content\/uploads\/2025\/02\/hcyy11112009-main-boom-extension-cylinder-2.webp 1500w, https:\/\/www.hydraulic-cylinders.net\/wp-content\/uploads\/2025\/02\/hcyy11112009-main-boom-extension-cylinder-2-1280x441.webp 1280w, https:\/\/www.hydraulic-cylinders.net\/wp-content\/uploads\/2025\/02\/hcyy11112009-main-boom-extension-cylinder-2-980x338.webp 980w, https:\/\/www.hydraulic-cylinders.net\/wp-content\/uploads\/2025\/02\/hcyy11112009-main-boom-extension-cylinder-2-480x165.webp 480w\" sizes=\"(min-width: 0px) and (max-width: 480px) 480px, (min-width: 481px) and (max-width: 980px) 980px, (min-width: 981px) and (max-width: 1280px) 1280px, (min-width: 1281px) 1500px, 100vw\" \/><\/h1>\n<p>Noolega \u00f5hus\u00f5idukite teleskoopsilinder on \u00f5hus\u00f5idukite oluline komponent, mis suurendab oluliselt nende ulatust ja mitmek\u00fclgsust. Spetsiaalselt suure j\u00f5udlusega rakenduste jaoks loodud silinder v\u00f5imaldab operaatoritel vaevata ja t\u00e4pselt p\u00e4\u00e4seda k\u00f5rgendatud aladele. Selle vastupidav konstruktsioon ja t\u00e4iustatud tehnoloogia muudavad selle oluliseks t\u00f6\u00f6riistaks ehitus-, hooldus- ja mitmesuguste \u00f5hut\u00f6\u00f6de jaoks.<\/p>\n<p>Vastupidava disaini ja parema ulatusega HCYY11112009 on usaldusv\u00e4\u00e4rne valik spetsialistidele erinevates t\u00f6\u00f6stusharudes. Selle silindri integreerimine teie t\u00f5stukioperatsioonidesse mitte ainult ei suurenda ohutust ja t\u00f5husust, vaid laiendab ka teie tegevusv\u00f5imalusi. Investeerides HCYY11112009-sse, viite oma t\u00f6\u00f6 uutesse k\u00f5rgustesse, tagades iga projekti eduka tulemuse.<\/p>\n<h2><strong>Teleskoopsilindriga \u00f5hus\u00f5idukid, millel on k\u00e4sivarre t\u00fc\u00fcp, parameeter:<\/strong><\/h2>\n<h1 style=\"text-align: center;\"><img loading=\"lazy\" decoding=\"async\" class=\"alignnone size-full wp-image-17231\" src=\"https:\/\/www.hydraulic-cylinders.net\/wp-content\/uploads\/2025\/02\/hcyy11112009-main-boom-extension-cylinder-1.webp\" alt=\"\" width=\"1512\" height=\"142\" srcset=\"https:\/\/www.hydraulic-cylinders.net\/wp-content\/uploads\/2025\/02\/hcyy11112009-main-boom-extension-cylinder-1.webp 1512w, https:\/\/www.hydraulic-cylinders.net\/wp-content\/uploads\/2025\/02\/hcyy11112009-main-boom-extension-cylinder-1-1280x120.webp 1280w, https:\/\/www.hydraulic-cylinders.net\/wp-content\/uploads\/2025\/02\/hcyy11112009-main-boom-extension-cylinder-1-980x92.webp 980w, https:\/\/www.hydraulic-cylinders.net\/wp-content\/uploads\/2025\/02\/hcyy11112009-main-boom-extension-cylinder-1-480x45.webp 480w\" sizes=\"(min-width: 0px) and (max-width: 480px) 480px, (min-width: 481px) and (max-width: 980px) 980px, (min-width: 981px) and (max-width: 1280px) 1280px, (min-width: 1281px) 1512px, 100vw\" \/> \u00a0<img loading=\"lazy\" decoding=\"async\" class=\"alignnone size-full wp-image-17233\" src=\"https:\/\/www.hydraulic-cylinders.net\/wp-content\/uploads\/2025\/02\/hcyy11112009-main-boom-extension-cylinder-3.webp\" alt=\"\" width=\"1481\" height=\"710\" srcset=\"https:\/\/www.hydraulic-cylinders.net\/wp-content\/uploads\/2025\/02\/hcyy11112009-main-boom-extension-cylinder-3.webp 1481w, https:\/\/www.hydraulic-cylinders.net\/wp-content\/uploads\/2025\/02\/hcyy11112009-main-boom-extension-cylinder-3-1280x614.webp 1280w, https:\/\/www.hydraulic-cylinders.net\/wp-content\/uploads\/2025\/02\/hcyy11112009-main-boom-extension-cylinder-3-980x470.webp 980w, https:\/\/www.hydraulic-cylinders.net\/wp-content\/uploads\/2025\/02\/hcyy11112009-main-boom-extension-cylinder-3-480x230.webp 480w\" sizes=\"(min-width: 0px) and (max-width: 480px) 480px, (min-width: 481px) and (max-width: 980px) 980px, (min-width: 981px) and (max-width: 1280px) 1280px, (min-width: 1281px) 1481px, 100vw\" \/> <img loading=\"lazy\" decoding=\"async\" class=\"alignnone size-full wp-image-17234\" src=\"https:\/\/www.hydraulic-cylinders.net\/wp-content\/uploads\/2025\/02\/hcyy11112009-main-boom-extension-cylinder-4.webp\" alt=\"\" width=\"1479\" height=\"710\" srcset=\"https:\/\/www.hydraulic-cylinders.net\/wp-content\/uploads\/2025\/02\/hcyy11112009-main-boom-extension-cylinder-4.webp 1479w, https:\/\/www.hydraulic-cylinders.net\/wp-content\/uploads\/2025\/02\/hcyy11112009-main-boom-extension-cylinder-4-1280x614.webp 1280w, https:\/\/www.hydraulic-cylinders.net\/wp-content\/uploads\/2025\/02\/hcyy11112009-main-boom-extension-cylinder-4-980x470.webp 980w, https:\/\/www.hydraulic-cylinders.net\/wp-content\/uploads\/2025\/02\/hcyy11112009-main-boom-extension-cylinder-4-480x230.webp 480w\" sizes=\"(min-width: 0px) and (max-width: 480px) 480px, (min-width: 481px) and (max-width: 980px) 980px, (min-width: 981px) and (max-width: 1280px) 1280px, (min-width: 1281px) 1479px, 100vw\" \/> <img loading=\"lazy\" decoding=\"async\" class=\"alignnone size-full wp-image-17235\" src=\"https:\/\/www.hydraulic-cylinders.net\/wp-content\/uploads\/2025\/02\/hcyy11112009-main-boom-extension-cylinder-5.webp\" alt=\"\" width=\"1470\" height=\"684\" srcset=\"https:\/\/www.hydraulic-cylinders.net\/wp-content\/uploads\/2025\/02\/hcyy11112009-main-boom-extension-cylinder-5.webp 1470w, https:\/\/www.hydraulic-cylinders.net\/wp-content\/uploads\/2025\/02\/hcyy11112009-main-boom-extension-cylinder-5-1280x596.webp 1280w, https:\/\/www.hydraulic-cylinders.net\/wp-content\/uploads\/2025\/02\/hcyy11112009-main-boom-extension-cylinder-5-980x456.webp 980w, https:\/\/www.hydraulic-cylinders.net\/wp-content\/uploads\/2025\/02\/hcyy11112009-main-boom-extension-cylinder-5-480x223.webp 480w\" sizes=\"(min-width: 0px) and (max-width: 480px) 480px, (min-width: 481px) and (max-width: 980px) 980px, (min-width: 981px) and (max-width: 1280px) 1280px, (min-width: 1281px) 1470px, 100vw\" \/><\/h1>\n<h2><strong>\u00d5hus\u00f5idukitele m\u00f5eldud silindrite seeria:<\/strong><\/h2>\n<h2><img loading=\"lazy\" decoding=\"async\" class=\"wp-image-1044652 size-full aligncenter\" src=\"https:\/\/images.hzpt.com\/2025\/02\/cylinder-series-for-aerial-work-vehicles.webp\" alt=\"\" width=\"751\" height=\"850\" \/><\/h2>\n<h2><strong>Teleskoopsilindri p\u00f5hijooned k\u00e4sivarrega \u00f5hus\u00f5idukitele:<\/strong><\/h2>\n<h4><strong>Vastupidav konstruktsioon<\/strong><\/h4>\n<p>Teleskoopsilinder on valmistatud \u00fclitugevatest materjalidest, mis on spetsiaalselt valitud vastu pidama karmidele keskkonnatingimustele. See vastupidav konstruktsioon mitte ainult ei taga pikaajalist j\u00f5udlust, vaid pakub ka vastupidavust, mis on vajalik \u00e4\u00e4rmuslike temperatuuride, niiskuse ja abrasiivsete tingimustega toimetulekuks. Seet\u00f5ttu saavad operaatorid sellele silindrile loota j\u00e4rjepideva j\u00f5udluse osas, v\u00e4hendades mehaaniliste rikete ohtu ja suurendades \u00fcldist ohutust \u00f5hus toimuvate toimingute ajal.<\/p>\n<h4><strong>Laiendatud ulatus<\/strong><\/h4>\n<p>\u00dcks teleskoopsilindri silmapaistvamaid omadusi noolet\u00fc\u00fcpi t\u00f5stukitele on v\u00f5ime oluliselt pikendada poomi ulatust. See t\u00e4iustus v\u00f5imaldab operaatoritel p\u00e4\u00e4seda ligi keerulistele kohtadele, kuhu muidu oleks keeruline v\u00f5i ohtlik j\u00f5uda. Olenemata sellest, kas t\u00f6\u00f6tatakse k\u00f5rgete konstruktsioonide kallal, hooldatakse t\u00f5stetud seadmeid v\u00f5i tehakse puid, tagab suurem ulatus, et \u00fclesanded tehakse t\u00f5husalt ja ohutult, minimeerides vajadust lisaseadmete v\u00f5i k\u00e4sitsit\u00f6\u00f6 j\u00e4rele.<\/p>\n<h4><strong>Lihtne kasutada<\/strong><\/h4>\n<p>Noolega \u00f5hus\u00f5idukitele m\u00f5eldud teleskoopsilindri intuitiivne disain muudab selle erakordselt kasutajas\u00f5bralikuks. Operaatorid saavad poomi minimaalse f\u00fc\u00fcsilise pingutusega h\u00f5lpsalt pikendada ja kokku t\u00f5mmata, mis lihtsustab t\u00f6\u00f6vooge ja v\u00e4hendab operaatori v\u00e4simust. See kasutusmugavus t\u00e4hendab kiiremat seadistamist ja t\u00f5husamat t\u00f6\u00f6protsessi, v\u00f5imaldades meeskondadel keskenduda \u00fclesannete t\u00e4itmisele, mitte keerukate masinate haldamisele.<\/p>\n<h4><strong>Suur kandev\u00f5ime<\/strong><\/h4>\n<p>Suure kandev\u00f5imega teleskoopsilinder on konstrueeritud toetama m\u00e4rkimisv\u00e4\u00e4rseid raskusi, mist\u00f5ttu sobib see mitmesugusteks rakendusteks. See v\u00f5imekus v\u00f5imaldab operaatoritel t\u00f5sta raskeid seadmeid ja t\u00f6\u00f6tajaid ilma ohutust ohverdamata. Silindri tugevus tagab, et see saab hakkama n\u00f5udlike \u00fclesannetega, pakkudes meelerahu operaatoritele, kes vajavad usaldusv\u00e4\u00e4rsust k\u00f5rge riskiga olukordades.<\/p>\n<h4><strong>Mitmek\u00fclgne \u00fchilduvus<\/strong><\/h4>\n<p>Mitmek\u00fclgsust silmas pidades loodud teleskoopsilinder noolega \u00f5hus\u00f5idukitele sobib paljudele \u00f5hus\u00f5idukitele, parandades funktsionaalsust erinevate mudelite puhul. See kohandatavus teeb sellest suurep\u00e4rase valiku ettev\u00f5tetele, kes k\u00e4itavad erinevat t\u00fc\u00fcpi seadmeid, kuna see v\u00f5imaldab sujuvat integratsiooni ilma ulatuslike muudatusteta. Mitut t\u00fc\u00fcpi s\u00f5idukite mahutamisega maksimeerib HCYY11112009 tegevuse efektiivsust ja lihtsustab seadmete haldamist.<\/p>\n<p>Kokkuv\u00f5ttes pakub noolega \u00f5hut\u00f6\u00f6de s\u00f5idukitele m\u00f5eldud teleskoopsilinder vastupidavuse, suurema ulatuse, kasutusmugavuse, suure kandev\u00f5ime ja mitmek\u00fclgse \u00fchilduvuse kombinatsiooni, muutes selle \u00f5hut\u00f6\u00f6de spetsialistidele asendamatuks t\u00f6\u00f6riistaks.<\/p>\n<h2><strong>Milliste konkreetsete \u00fclesannete jaoks on vaja teleskoopsilindrit \u00f5\u00f5tshoovaga \u00f5hus\u00f5idukitele?<\/strong><\/h2>\n<p>Teleskoopsilinder noolega \u00f5hus\u00f5idukitele sobib ideaalselt paljude \u00fclesannete jaoks, sealhulgas:<\/p>\n<h4><strong>Ehitusprojektid<\/strong><\/h4>\n<p>Ehituses v\u00f5imaldab teleskoopsilinder k\u00e4sit\u00f5stukitele t\u00f6\u00f6tajatel ohutult ja t\u00f5husalt p\u00e4\u00e4seda k\u00f5rgendatud aladele. Olgu tegemist raamimise, katuse v\u00f5i raskete materjalide paigaldamisega, silindri laiendatud ulatus tagab, et operaatorid saavad t\u00e4ita \u00fclesandeid m\u00e4rkimisv\u00e4\u00e4rsetel k\u00f5rgustel ilma ohutust ohverdamata. See v\u00f5ime mitte ainult ei kiirenda ehitusprotsessi, vaid suurendab ka paigalduse t\u00e4psust.<\/p>\n<h4><strong>Hooldust\u00f6\u00f6d<\/strong><\/h4>\n<p>Hooldust\u00f6\u00f6de puhul on teleskoopsilinder k\u00e4sit\u00f5stukitele hindamatu v\u00e4\u00e4rtusega k\u00f5rgete konstruktsioonide, n\u00e4iteks hoonete, sidetornide ja t\u00f6\u00f6stusrajatiste remondiks. Selle usaldusv\u00e4\u00e4rne ulatus v\u00f5imaldab tehnikutel p\u00e4\u00e4seda ligi raskesti ligip\u00e4\u00e4setavatele kohtadele rutiinsete kontrollide, remondi v\u00f5i kriitiliste komponentide asendamise jaoks ilma tellingute v\u00f5i t\u00e4iendavate t\u00f5steseadmeteta, suurendades seel\u00e4bi tootlikkust ja v\u00e4hendades seisakuid.<\/p>\n<h4><strong>Puude p\u00fcgamine<\/strong><\/h4>\n<p>Haljastuses ja puukasvatuses on HCYY11112009 oluline puude k\u00e4rpimisel v\u00f5i eemaldamisel k\u00f5rgete oksteni ohutuks ulatumiseks. Pakkudes operaatoritele v\u00f5imalust t\u00f6\u00f6tada stabiilselt platvormilt k\u00f5rgusel, minimeerib see redelite ronimise v\u00f5i kasutamisega seotud riski. See tagab t\u00f5husa ja ohutu k\u00e4rpimise, edendades puude tervist ja esteetikat nii elamu- kui ka \u00e4ripindadel.<\/p>\n<h4><strong>Telekommunikatsioon<\/strong><\/h4>\n<p>Silinder on \u00fclioluline ka telekommunikatsioonit\u00f6\u00f6stuses, kus see h\u00f5lbustab antennide, juhtmestiku ja muude seadmete paigaldamist ja hooldamist k\u00f5rgetele postidele v\u00f5i tornidele. V\u00f5imaldades tehnikutel j\u00f5uda m\u00e4rkimisv\u00e4\u00e4rsetele k\u00f5rgustele, tagab teleskoopsilinder k\u00e4sit\u00f5stukitele, et sideinfrastruktuur p\u00fcsib t\u00f6\u00f6korras ja ajakohane. See v\u00f5imekus on \u00fclioluline \u00fchenduvuse ja teenuse kvaliteedi s\u00e4ilitamiseks nii linna- kui ka maapiirkondades.<\/p>\n<h4><strong>S\u00fcndmuse seadistamine<\/strong><\/h4>\n<p>\u00dcrituste korraldamise sektoris m\u00e4ngib k\u00e4sit\u00f5stukite teleskoopsilinder v\u00f5tmerolli lavade, valgustuse ja muude k\u00f5rgetasemeliste paigaldiste paigaldamisel. Selle v\u00f5ime tagada ohutu juurdep\u00e4\u00e4s k\u00f5rgendatud aladele v\u00f5imaldab meeskondadel seadmeid t\u00f5husalt paigutada, tagades \u00fcrituste sujuva ja professionaalse l\u00e4biviimise. See mitte ainult ei suurenda \u00fcrituse visuaalset atraktiivsust, vaid tagab ka osalejate ja esinejate ohutuse.<\/p>\n<p>Kokkuv\u00f5ttes on teleskoopsilinder noolega \u00f5hus\u00f5idukitele mitmek\u00fclgne t\u00f6\u00f6riist, mis suurendab t\u00f5husust ja ohutust erinevates rakendustes, muutes selle h\u00e4davajalikuks ehituse, hoolduse, haljastuse, telekommunikatsiooni ja \u00fcrituste korraldamise spetsialistidele.<\/p>\n<h2><strong>\u00d5hus\u00f5idukite silindrite tootmispiirkond:<\/strong><\/h2>\n<h2><img loading=\"lazy\" decoding=\"async\" class=\"alignnone size-full wp-image-16972\" src=\"https:\/\/www.hydraulic-cylinders.net\/wp-content\/uploads\/2025\/01\/hydraulic-cylinder-factory-1-scaled.webp\" alt=\"\" width=\"2016\" height=\"2560\" srcset=\"https:\/\/www.hydraulic-cylinders.net\/wp-content\/uploads\/2025\/01\/hydraulic-cylinder-factory-1-scaled.webp 2016w, https:\/\/www.hydraulic-cylinders.net\/wp-content\/uploads\/2025\/01\/hydraulic-cylinder-factory-1-1280x1625.webp 1280w, https:\/\/www.hydraulic-cylinders.net\/wp-content\/uploads\/2025\/01\/hydraulic-cylinder-factory-1-980x1244.webp 980w, https:\/\/www.hydraulic-cylinders.net\/wp-content\/uploads\/2025\/01\/hydraulic-cylinder-factory-1-480x610.webp 480w\" sizes=\"(min-width: 0px) and (max-width: 480px) 480px, (min-width: 481px) and (max-width: 980px) 980px, (min-width: 981px) and (max-width: 1280px) 1280px, (min-width: 1281px) 2016px, 100vw\" \/><\/h2>\n<p>Meil on tipptasemel s\u00f5ltumatu teadus- ja arendusplatvorm, mis on p\u00fchendatud montaa\u017eile, tagades meie tootmisprotsessides tipptasemel innovatsiooni ja kvaliteedi. Meie kahvelt\u00f5stukite silindrite tootmist\u00f6\u00f6kojas on neli poolautomaatset t\u00f5stesilindrite montaa\u017eiliini ja t\u00e4isautomaatne kallutussilindrite montaa\u017eiliin, mis on kokku projekteeritud tootma kuni miljon \u00fchikut aastas.<\/p>\n<p>Lisaks on meie spetsialiseeritud silindrite t\u00f6\u00f6koda varustatud erinevate spetsifikatsioonide jaoks kohandatud poolautomaatsete puhastus- ja montaa\u017eis\u00fcsteemidega, mille aastane tootmisv\u00f5imsus on 200 000 t\u00fckki. Kasutame tuntud CNC-seadmeid, t\u00f6\u00f6tluskeskusi ja spetsiaalseid t\u00f6\u00f6riistu silindrite \u00fclit\u00e4pseks t\u00f6\u00f6tlemiseks. Meie rajatisse kuuluvad ka t\u00e4iustatud robotkeevitusseadmed, automaatsed puhastuss\u00fcsteemid ning t\u00e4isautomatiseeritud silindrite montaa\u017ei- ja v\u00e4rvimisliinid. \u00dcle 300 t\u00f6\u00f6korras oleva seadmega optimeerime ressursside jaotust ja tagame t\u00f5husa kasutamise, j\u00e4rgides rangeid t\u00e4psus- ja kvaliteedistandardeid.<\/p>\n<p>Meie mehaanikat\u00f6\u00f6kojas on kohandatud kaldr\u00f6\u00f6bastega treikeskused, mehaanikakeskused, kiired hoonimismasinad, keevitusrobotid ja muu oluline varustus. See seadistus v\u00f5imaldab meil t\u00f6\u00f6delda silindritorusid maksimaalse sisel\u00e4bim\u00f5\u00f5duga 400 mm ja pikkusega kuni 6 meetrit, suurendades veelgi meie tootmisv\u00f5imalusi.<\/p>\n<h2><img loading=\"lazy\" decoding=\"async\" class=\"alignnone size-full wp-image-16973\" src=\"https:\/\/www.hydraulic-cylinders.net\/wp-content\/uploads\/2025\/01\/hydraulic-cylinder-factory-2-scaled.webp\" alt=\"\" width=\"2011\" height=\"2560\" srcset=\"https:\/\/www.hydraulic-cylinders.net\/wp-content\/uploads\/2025\/01\/hydraulic-cylinder-factory-2-scaled.webp 2011w, https:\/\/www.hydraulic-cylinders.net\/wp-content\/uploads\/2025\/01\/hydraulic-cylinder-factory-2-1280x1629.webp 1280w, https:\/\/www.hydraulic-cylinders.net\/wp-content\/uploads\/2025\/01\/hydraulic-cylinder-factory-2-980x1248.webp 980w, https:\/\/www.hydraulic-cylinders.net\/wp-content\/uploads\/2025\/01\/hydraulic-cylinder-factory-2-480x611.webp 480w\" sizes=\"(min-width: 0px) and (max-width: 480px) 480px, (min-width: 481px) and (max-width: 980px) 980px, (min-width: 981px) and (max-width: 1280px) 1280px, (min-width: 1281px) 2011px, 100vw\" \/><\/h2>\n<p>Meil on t\u00e4isautomaatne veebaasil v\u00e4rvimise liin, mis on spetsiaalselt loodud v\u00e4ikeste ja keskmiste balloonide jaoks ning millel on automatiseeritud laadimis-, mahalaadimis- ja pihustusrobotid. Selle tipptasemel s\u00fcsteemi tootmisv\u00f5imsus on 4000 \u00fchikut vahetuse kohta. Lisaks on meil poolautomaatne v\u00e4rvimisliin suurte balloonide jaoks, mida k\u00e4itab keti\u00fclekanne ja mille projekteeritud v\u00f5imsus on 60 kasti vahetuse kohta.<\/p>\n<p>Toodete toimivuse parandamiseks ja oma juhtpositsiooni kindlustamiseks h\u00fcdrauliliste silindrite t\u00f6\u00f6stuses oleme teinud koost\u00f6\u00f6d ZJIMEE-ga, et luua terviklik j\u00f5udluslabor, mis on p\u00fchendatud h\u00fcdraulilistele silindritele, ventiilidele ja pumpadele. See t\u00e4iustatud labor kasutab arvutip\u00f5hist testimist elektroh\u00fcdraulilise tehnoloogiaga, v\u00f5imaldades eelseadistatud katsetingimusi, mis parandavad t\u00e4psust ja s\u00fcsteemi mitmek\u00fclgsust. Automatiseeritud andmekogumisprotsess kasutab andureid v\u00e4ljundandmete, n\u00e4iteks sisemise lekke ja koormuse efektiivsuse kogumiseks, mis seej\u00e4rel t\u00f6\u00f6deldakse arvuti abil ja teisendatakse standard\u00fchikuteks (ml\/min%).<\/p>\n<p>Lisaks rakendame oma h\u00fcdraulikas\u00fcsteemide ohutuse tagamiseks peamiste j\u00f5udlusparameetrite, sealhulgas \u00f5li temperatuuri, vedeliku taseme ja filtriseadme oleku j\u00e4lgimist. Meie h\u00fcdrauliliste silindrite katsestend suudab t\u00e4psete n\u00e4itude abil hinnata \u201ekoormuse efektiivsust\u201c ja \u201esisemist leket\u201c. See on varustatud ka riiklikele standarditele vastava v\u00f5rega m\u00f5\u00f5tevahendiga, mis tagab vastavuse k\u00f5igile h\u00fcdrauliliste silindrite toodete testimisn\u00f5uetele.<\/p>\n<p>&nbsp;<\/p>","protected":false},"excerpt":{"rendered":"<p>Telescopic Cylinder For Arm Type Aerial Work Vehicles The telescopic cylinder for arm type aerial work vehicles is a vital component for aerial work vehicles, significantly enhancing their reach and versatility. Specifically engineered for high-performance applications, this cylinder enables operators to effortlessly access elevated areas with precision. Its robust construction and advanced engineering make it [&hellip;]<\/p>","protected":false},"featured_media":17495,"comment_status":"open","ping_status":"closed","template":"","meta":{"_et_pb_use_builder":"","_et_pb_old_content":"","_et_gb_content_width":""},"product_brand":[],"product_cat":[1500,1550,1376,1393],"product_tag":[],"class_list":{"0":"post-17230","1":"product","2":"type-product","3":"status-publish","4":"has-post-thumbnail","6":"product_cat-aerial-work-vehicle-hydraulic-cylinder","7":"product_cat-double-acting-hydraulic-cylinder","8":"product_cat-hydraulic-cylinder","9":"product_cat-telescopic-hydraulic-cylinder","11":"first","12":"instock","13":"shipping-taxable","14":"product-type-simple"},"amp_enabled":true,"_links":{"self":[{"href":"https:\/\/www.hydraulic-cylinders.net\/et\/wp-json\/wp\/v2\/product\/17230","targetHints":{"allow":["GET"]}}],"collection":[{"href":"https:\/\/www.hydraulic-cylinders.net\/et\/wp-json\/wp\/v2\/product"}],"about":[{"href":"https:\/\/www.hydraulic-cylinders.net\/et\/wp-json\/wp\/v2\/types\/product"}],"replies":[{"embeddable":true,"href":"https:\/\/www.hydraulic-cylinders.net\/et\/wp-json\/wp\/v2\/comments?post=17230"}],"wp:featuredmedia":[{"embeddable":true,"href":"https:\/\/www.hydraulic-cylinders.net\/et\/wp-json\/wp\/v2\/media\/17495"}],"wp:attachment":[{"href":"https:\/\/www.hydraulic-cylinders.net\/et\/wp-json\/wp\/v2\/media?parent=17230"}],"wp:term":[{"taxonomy":"product_brand","embeddable":true,"href":"https:\/\/www.hydraulic-cylinders.net\/et\/wp-json\/wp\/v2\/product_brand?post=17230"},{"taxonomy":"product_cat","embeddable":true,"href":"https:\/\/www.hydraulic-cylinders.net\/et\/wp-json\/wp\/v2\/product_cat?post=17230"},{"taxonomy":"product_tag","embeddable":true,"href":"https:\/\/www.hydraulic-cylinders.net\/et\/wp-json\/wp\/v2\/product_tag?post=17230"}],"curies":[{"name":"wp","href":"https:\/\/api.w.org\/{rel}","templated":true}]}}