{"id":17237,"date":"2025-02-23T08:26:58","date_gmt":"2025-02-23T08:26:58","guid":{"rendered":"https:\/\/www.hydraulic-cylinders.net\/?post_type=product&#038;p=17237"},"modified":"2025-04-30T08:37:43","modified_gmt":"2025-04-30T08:37:43","slug":"luffing-cylinder-for-arm-type-aerial-work-vehicles","status":"publish","type":"product","link":"https:\/\/www.hydraulic-cylinders.net\/et\/toode\/luffing-cylinder-for-arm-type-aerial-work-vehicles\/","title":{"rendered":"\u00d5\u00f5tshoova t\u00fc\u00fcpi \u00f5hus\u00f5idukitele m\u00f5eldud t\u00f5stesilinder"},"content":{"rendered":"<h1 style=\"text-align: center;\"><strong>\u00d5\u00f5tshoova t\u00fc\u00fcpi \u00f5hus\u00f5idukitele m\u00f5eldud t\u00f5stesilinder<\/strong><\/h1>\n<h1 style=\"text-align: center;\"><img loading=\"lazy\" decoding=\"async\" class=\"alignnone size-full wp-image-17240\" src=\"https:\/\/www.hydraulic-cylinders.net\/wp-content\/uploads\/2025\/02\/hcyy11112010-main-boom-angle-cylinder-2.webp\" alt=\"\" width=\"1500\" height=\"520\" srcset=\"https:\/\/www.hydraulic-cylinders.net\/wp-content\/uploads\/2025\/02\/hcyy11112010-main-boom-angle-cylinder-2.webp 1500w, https:\/\/www.hydraulic-cylinders.net\/wp-content\/uploads\/2025\/02\/hcyy11112010-main-boom-angle-cylinder-2-1280x444.webp 1280w, https:\/\/www.hydraulic-cylinders.net\/wp-content\/uploads\/2025\/02\/hcyy11112010-main-boom-angle-cylinder-2-980x340.webp 980w, https:\/\/www.hydraulic-cylinders.net\/wp-content\/uploads\/2025\/02\/hcyy11112010-main-boom-angle-cylinder-2-480x166.webp 480w\" sizes=\"(min-width: 0px) and (max-width: 480px) 480px, (min-width: 481px) and (max-width: 980px) 980px, (min-width: 981px) and (max-width: 1280px) 1280px, (min-width: 1281px) 1500px, 100vw\" \/><\/h1>\n<p>\u00d5\u00f5tshoovaga \u00f5hus\u00f5idukite t\u00f5stesilinder on t\u00e4iustatud komponent, mis on spetsiaalselt loodud \u00f5hus\u00f5idukite jaoks. See silinder parandab oluliselt \u00f5huplatvormide man\u00f6\u00f6verdusv\u00f5imet ja funktsionaalsust, muutes selle asendamatuks erinevates t\u00f6\u00f6stusharudes, sealhulgas ehituses, hoolduses ja telekommunikatsioonis. Oma vastupidava disaini ja tipptasemel insenerit\u00f6\u00f6ga tagab HCYY11112010 ohutu ja t\u00f5husa t\u00f6\u00f6 suurtel k\u00f5rgustel.<\/p>\n<p>See silinder on \u00fclioluline nii ohutuse kui ka t\u00f5hususe parandamiseks \u00f5hut\u00f6\u00f6del. Selle vastupidav konstruktsioon, kasutajas\u00f5bralik disain ja t\u00e4pne funktsionaalsus vastavad erinevate valdkondade spetsialistide n\u00f5udlikele vajadustele. N\u00f5uetekohaste kasutus- ja hooldusjuhiste j\u00e4rgimisega saavad operaatorid tagada, et t\u00f5stesilinder pakub j\u00e4rjepidevalt usaldusv\u00e4\u00e4rset j\u00f5udlust, sujuvamaks muutes \u00f5hut\u00f6\u00f6d ja suurendades t\u00f5husust.<\/p>\n<p>Investeerimine \u00f5\u00f5tshoovaga \u00f5hut\u00f6\u00f6masinate t\u00f5stesilindrisse mitte ainult ei suurenda teie \u00f5hut\u00f6\u00f6v\u00f5imet, vaid t\u00f5stab ka seadmete \u00fcldist j\u00f5udlust, v\u00f5imaldades teil \u00fclesandeid enesekindlalt ja t\u00e4pselt t\u00e4ita.<\/p>\n<h2><strong>\u00d5hut\u00f5stuki t\u00f5stesilinder armatuurlaua t\u00fc\u00fcpi \u00f5hus\u00f5idukitele Parameeter:<\/strong><\/h2>\n<h1 style=\"text-align: center;\"><img loading=\"lazy\" decoding=\"async\" class=\"alignnone size-full wp-image-17239\" src=\"https:\/\/www.hydraulic-cylinders.net\/wp-content\/uploads\/2025\/02\/hcyy11112010-main-boom-angle-cylinder-1.webp\" alt=\"\" width=\"1512\" height=\"146\" srcset=\"https:\/\/www.hydraulic-cylinders.net\/wp-content\/uploads\/2025\/02\/hcyy11112010-main-boom-angle-cylinder-1.webp 1512w, https:\/\/www.hydraulic-cylinders.net\/wp-content\/uploads\/2025\/02\/hcyy11112010-main-boom-angle-cylinder-1-1280x124.webp 1280w, https:\/\/www.hydraulic-cylinders.net\/wp-content\/uploads\/2025\/02\/hcyy11112010-main-boom-angle-cylinder-1-980x95.webp 980w, https:\/\/www.hydraulic-cylinders.net\/wp-content\/uploads\/2025\/02\/hcyy11112010-main-boom-angle-cylinder-1-480x46.webp 480w\" sizes=\"(min-width: 0px) and (max-width: 480px) 480px, (min-width: 481px) and (max-width: 980px) 980px, (min-width: 981px) and (max-width: 1280px) 1280px, (min-width: 1281px) 1512px, 100vw\" \/> \u00a0<img loading=\"lazy\" decoding=\"async\" class=\"alignnone size-full wp-image-17241\" src=\"https:\/\/www.hydraulic-cylinders.net\/wp-content\/uploads\/2025\/02\/hcyy11112010-main-boom-angle-cylinder-3.webp\" alt=\"\" width=\"1479\" height=\"710\" srcset=\"https:\/\/www.hydraulic-cylinders.net\/wp-content\/uploads\/2025\/02\/hcyy11112010-main-boom-angle-cylinder-3.webp 1479w, https:\/\/www.hydraulic-cylinders.net\/wp-content\/uploads\/2025\/02\/hcyy11112010-main-boom-angle-cylinder-3-1280x614.webp 1280w, https:\/\/www.hydraulic-cylinders.net\/wp-content\/uploads\/2025\/02\/hcyy11112010-main-boom-angle-cylinder-3-980x470.webp 980w, https:\/\/www.hydraulic-cylinders.net\/wp-content\/uploads\/2025\/02\/hcyy11112010-main-boom-angle-cylinder-3-480x230.webp 480w\" sizes=\"(min-width: 0px) and (max-width: 480px) 480px, (min-width: 481px) and (max-width: 980px) 980px, (min-width: 981px) and (max-width: 1280px) 1280px, (min-width: 1281px) 1479px, 100vw\" \/> <img loading=\"lazy\" decoding=\"async\" class=\"alignnone size-full wp-image-17242\" src=\"https:\/\/www.hydraulic-cylinders.net\/wp-content\/uploads\/2025\/02\/hcyy11112010-main-boom-angle-cylinder-4.webp\" alt=\"\" width=\"1471\" height=\"710\" srcset=\"https:\/\/www.hydraulic-cylinders.net\/wp-content\/uploads\/2025\/02\/hcyy11112010-main-boom-angle-cylinder-4.webp 1471w, https:\/\/www.hydraulic-cylinders.net\/wp-content\/uploads\/2025\/02\/hcyy11112010-main-boom-angle-cylinder-4-1280x618.webp 1280w, https:\/\/www.hydraulic-cylinders.net\/wp-content\/uploads\/2025\/02\/hcyy11112010-main-boom-angle-cylinder-4-980x473.webp 980w, https:\/\/www.hydraulic-cylinders.net\/wp-content\/uploads\/2025\/02\/hcyy11112010-main-boom-angle-cylinder-4-480x232.webp 480w\" sizes=\"(min-width: 0px) and (max-width: 480px) 480px, (min-width: 481px) and (max-width: 980px) 980px, (min-width: 981px) and (max-width: 1280px) 1280px, (min-width: 1281px) 1471px, 100vw\" \/> <img loading=\"lazy\" decoding=\"async\" class=\"alignnone size-full wp-image-17243\" src=\"https:\/\/www.hydraulic-cylinders.net\/wp-content\/uploads\/2025\/02\/hcyy11112010-main-boom-angle-cylinder-5.webp\" alt=\"\" width=\"1497\" height=\"764\" srcset=\"https:\/\/www.hydraulic-cylinders.net\/wp-content\/uploads\/2025\/02\/hcyy11112010-main-boom-angle-cylinder-5.webp 1497w, https:\/\/www.hydraulic-cylinders.net\/wp-content\/uploads\/2025\/02\/hcyy11112010-main-boom-angle-cylinder-5-1280x653.webp 1280w, https:\/\/www.hydraulic-cylinders.net\/wp-content\/uploads\/2025\/02\/hcyy11112010-main-boom-angle-cylinder-5-980x500.webp 980w, https:\/\/www.hydraulic-cylinders.net\/wp-content\/uploads\/2025\/02\/hcyy11112010-main-boom-angle-cylinder-5-480x245.webp 480w\" sizes=\"(min-width: 0px) and (max-width: 480px) 480px, (min-width: 481px) and (max-width: 980px) 980px, (min-width: 981px) and (max-width: 1280px) 1280px, (min-width: 1281px) 1497px, 100vw\" \/><\/h1>\n<h2><strong>\u00d5hus\u00f5idukitele m\u00f5eldud silindrite seeria:<\/strong><\/h2>\n<h2><img loading=\"lazy\" decoding=\"async\" class=\"wp-image-1044652 size-full aligncenter\" src=\"https:\/\/images.hzpt.com\/2025\/02\/cylinder-series-for-aerial-work-vehicles.webp\" alt=\"\" width=\"751\" height=\"850\" \/><\/h2>\n<h2><strong>\u00d5\u00f5tshoova t\u00fc\u00fcpi \u00f5hus\u00f5idukitele m\u00f5eldud t\u00f5stesilindri p\u00f5hijooned:<\/strong><\/h2>\n<h4><strong>Regulaarsed kontrollid<\/strong><\/h4>\n<p>Regulaarsete kontrollide l\u00e4biviimine on \u00fclioluline \u00f5\u00f5tshoovaga \u00f5hus\u00f5idukite t\u00f5stesilindri j\u00f5udluse ja ohutuse s\u00e4ilitamiseks. Kontrollige tihendite ja voolikute n\u00e4htavat kulumist, h\u00fcdraulika lekkeid ja otsige kahjustuste m\u00e4rke, n\u00e4iteks m\u00f5lke v\u00f5i korrosiooni. Nende probleemide varajane avastamine v\u00f5imaldab \u00f5igeaegset remonti, ennetades edasisi kahjustusi ja tagades silindri t\u00f5husa t\u00f6\u00f6.<\/p>\n<h4><strong>M\u00e4\u00e4rimine<\/strong><\/h4>\n<p>\u00d5ige m\u00e4\u00e4rimine on t\u00f5mbesilindri pikaealisuse tagamiseks h\u00e4davajalik. Kandke liikuvatele osadele regulaarselt soovitatud m\u00e4\u00e4rdeaineid vastavalt tootja juhistele. See tava v\u00e4hendab h\u00f5\u00f5rdumist, minimeerib kulumist ja parandab silindri sujuvat t\u00f6\u00f6d. Veenduge, et m\u00e4\u00e4rimispunktid oleksid kergesti ligip\u00e4\u00e4setavad ja liigne m\u00e4\u00e4rdeaine p\u00fchitakse \u00e4ra, et v\u00e4ltida saastumist.<\/p>\n<h4><strong>H\u00fcdraulilise vedeliku tasemed<\/strong><\/h4>\n<p>H\u00fcdraulikavedeliku taseme j\u00e4lgimine on optimaalse t\u00f6\u00f6 tagamiseks \u00fclioluline. Kontrollige regulaarselt vedelikupaaki, et see oleks soovitataval tasemel. Madal h\u00fcdraulikavedeliku tase v\u00f5ib p\u00f5hjustada j\u00f5udluse v\u00e4henemist, t\u00f5stev\u00f5ime v\u00e4henemist ja v\u00f5imalikku \u00fclekuumenemist. Kui vedelikutase on madal, lisage kohe sobivat t\u00fc\u00fcpi h\u00fcdraulikavedelikku, et s\u00e4ilitada efektiivsus ja v\u00e4ltida kahjustusi.<\/p>\n<h4><strong>Puhastamine<\/strong><\/h4>\n<p>\u00d5\u00f5tshoova t\u00fc\u00fcpi \u00f5hus\u00f5idukite t\u00f5stesilindri puhtana hoidmine on selle t\u00f5husa t\u00f6\u00f6 tagamiseks h\u00e4davajalik. Puhastage silindrit regulaarselt, et eemaldada praht, mustus ja saasteained, mis v\u00f5ivad selle toimimist h\u00e4irida. P\u00fchkige pinnad niiske lapiga, p\u00f6\u00f6rates erilist t\u00e4helepanu tihenditele ja liigenditele, et v\u00e4ltida mustuse sattumist h\u00fcdros\u00fcsteemi. Puhas silinder mitte ainult ei t\u00f6\u00f6ta paremini, vaid pikendab ka selle eluiga.<\/p>\n<h4><strong>Professionaalne teenindus<\/strong><\/h4>\n<p>Kvalifitseeritud tehniku \u200b\u200b\u200b\u200bpoolt regulaarse hoolduse planeerimine on p\u00f5hjaliku hoolduse tagamiseks \u00fclioluline. Professionaal saab teha p\u00f5hjalikke kontrolle, tuvastada probleeme ja tagada, et k\u00f5ik komponendid toimivad \u00f5igesti. See ennetav l\u00e4henemisviis aitab tuvastada potentsiaalseid probleeme enne nende s\u00fcvenemist, tagades, et HCYY11112010 s\u00e4ilitab oma parima j\u00f5udluse ja t\u00f6\u00f6kindluse kogu oma kasutusea jooksul. Regulaarsed professionaalsed kontrollid pakuvad ka meelerahu, teades, et seade vastab ohutusstandarditele ja kasutusjuhistele.<\/p>\n<h2><strong>Kui tihti peaks kontrollima \u00f5\u00f5tshoovaga t\u00f6\u00f6tavate \u00f5hus\u00f5idukite t\u00f5stesilindrit?<\/strong><\/h2>\n<p>Kangit\u00fc\u00fcpi \u00f5hus\u00f5idukite t\u00f5stesilindri optimaalse j\u00f5udluse ja ohutuse tagamiseks on \u00fclioluline kehtestada regulaarne kontrolligraafik. P\u00fc\u00fcdke l\u00e4bi viia p\u00f5hjalikke kontrolle v\u00e4hemalt kord kuus. Kui teie silindrit aga kasutatakse sageli v\u00f5i see t\u00f6\u00f6tab n\u00f5udlikes tingimustes, nagu \u00e4\u00e4rmuslikud temperatuurid, tugev tolm v\u00f5i niiskus, on m\u00f5istlik suurendada kontrollide sagedust igan\u00e4dalase sageduseni.<\/p>\n<p>Regulaarsed \u00fclevaatused on teie esimene kaitseliin hoolduses. Need annavad v\u00f5imaluse tuvastada kulumise, h\u00fcdraulika lekete v\u00f5i kahjustuste varajased m\u00e4rgid enne, kui need s\u00fcvenevad t\u00f5sisemateks probleemideks. See ennetav l\u00e4henemisviis mitte ainult ei s\u00e4\u00e4sta teid potentsiaalselt kulukatest remondit\u00f6\u00f6dest, vaid suurendab ka teie \u00f5hus toimuvate toimingute ohutust. Kujutage ette meelerahu, mis tuleneb teadmisest, et teie seadmed t\u00f6\u00f6tavad laitmatult ja on valmis enesekindlalt iga v\u00e4ljakutsega toime tulema.<\/p>\n<p>Kontrollide lisamine rutiini mitte ainult ei taga noolt\u00f5stukite t\u00f5stesilindri tippseisukorda, vaid pikendab ka selle eluiga, maksimeerides l\u00f5ppkokkuv\u00f5ttes teie investeeringut. Regulaarsete kontrollide tegemine annab teie meeskonnale v\u00f5imaluse t\u00f6\u00f6tada t\u00f5husamalt ja ohutumalt, v\u00f5imaldades teil keskenduda sellele, mis on t\u00f5eliselt oluline \u2013 t\u00f6\u00f6 \u00f5igesti tegemisele. Tehke kontrollidest prioriteet ja vaadake, kuidas teie tegevuse efektiivsus t\u00f5useb!<\/p>\n<h2><strong>\u00d5hus\u00f5idukite silindrite tootmispiirkond:<\/strong><\/h2>\n<h2><img loading=\"lazy\" decoding=\"async\" class=\"alignnone size-full wp-image-16972\" src=\"https:\/\/www.hydraulic-cylinders.net\/wp-content\/uploads\/2025\/01\/hydraulic-cylinder-factory-1-scaled.webp\" alt=\"\" width=\"2016\" height=\"2560\" srcset=\"https:\/\/www.hydraulic-cylinders.net\/wp-content\/uploads\/2025\/01\/hydraulic-cylinder-factory-1-scaled.webp 2016w, https:\/\/www.hydraulic-cylinders.net\/wp-content\/uploads\/2025\/01\/hydraulic-cylinder-factory-1-1280x1625.webp 1280w, https:\/\/www.hydraulic-cylinders.net\/wp-content\/uploads\/2025\/01\/hydraulic-cylinder-factory-1-980x1244.webp 980w, https:\/\/www.hydraulic-cylinders.net\/wp-content\/uploads\/2025\/01\/hydraulic-cylinder-factory-1-480x610.webp 480w\" sizes=\"(min-width: 0px) and (max-width: 480px) 480px, (min-width: 481px) and (max-width: 980px) 980px, (min-width: 981px) and (max-width: 1280px) 1280px, (min-width: 1281px) 2016px, 100vw\" \/><\/h2>\n<p>Meil on tipptasemel s\u00f5ltumatu teadus- ja arendusplatvorm, mis on p\u00fchendatud montaa\u017eile, tagades meie tootmisprotsessides tipptasemel innovatsiooni ja kvaliteedi. Meie kahvelt\u00f5stukite silindrite tootmist\u00f6\u00f6kojas on neli poolautomaatset t\u00f5stesilindrite montaa\u017eiliini ja t\u00e4isautomaatne kallutussilindrite montaa\u017eiliin, mis on kokku projekteeritud tootma kuni miljon \u00fchikut aastas.<\/p>\n<p>Lisaks on meie spetsialiseeritud silindrite t\u00f6\u00f6koda varustatud erinevate spetsifikatsioonide jaoks kohandatud poolautomaatsete puhastus- ja montaa\u017eis\u00fcsteemidega, mille aastane tootmisv\u00f5imsus on 200 000 t\u00fckki. Kasutame tuntud CNC-seadmeid, t\u00f6\u00f6tluskeskusi ja spetsiaalseid t\u00f6\u00f6riistu silindrite \u00fclit\u00e4pseks t\u00f6\u00f6tlemiseks. Meie rajatisse kuuluvad ka t\u00e4iustatud robotkeevitusseadmed, automaatsed puhastuss\u00fcsteemid ning t\u00e4isautomatiseeritud silindrite montaa\u017ei- ja v\u00e4rvimisliinid. \u00dcle 300 t\u00f6\u00f6korras oleva seadmega optimeerime ressursside jaotust ja tagame t\u00f5husa kasutamise, j\u00e4rgides rangeid t\u00e4psus- ja kvaliteedistandardeid.<\/p>\n<p>Meie mehaanikat\u00f6\u00f6kojas on kohandatud kaldr\u00f6\u00f6bastega treikeskused, mehaanikakeskused, kiired hoonimismasinad, keevitusrobotid ja muu oluline varustus. See seadistus v\u00f5imaldab meil t\u00f6\u00f6delda silindritorusid maksimaalse sisel\u00e4bim\u00f5\u00f5duga 400 mm ja pikkusega kuni 6 meetrit, suurendades veelgi meie tootmisv\u00f5imalusi.<\/p>\n<h2><img loading=\"lazy\" decoding=\"async\" class=\"alignnone size-full wp-image-16973\" src=\"https:\/\/www.hydraulic-cylinders.net\/wp-content\/uploads\/2025\/01\/hydraulic-cylinder-factory-2-scaled.webp\" alt=\"\" width=\"2011\" height=\"2560\" srcset=\"https:\/\/www.hydraulic-cylinders.net\/wp-content\/uploads\/2025\/01\/hydraulic-cylinder-factory-2-scaled.webp 2011w, https:\/\/www.hydraulic-cylinders.net\/wp-content\/uploads\/2025\/01\/hydraulic-cylinder-factory-2-1280x1629.webp 1280w, https:\/\/www.hydraulic-cylinders.net\/wp-content\/uploads\/2025\/01\/hydraulic-cylinder-factory-2-980x1248.webp 980w, https:\/\/www.hydraulic-cylinders.net\/wp-content\/uploads\/2025\/01\/hydraulic-cylinder-factory-2-480x611.webp 480w\" sizes=\"(min-width: 0px) and (max-width: 480px) 480px, (min-width: 481px) and (max-width: 980px) 980px, (min-width: 981px) and (max-width: 1280px) 1280px, (min-width: 1281px) 2011px, 100vw\" \/><\/h2>\n<p>Meil on t\u00e4isautomaatne veebaasil v\u00e4rvimise liin, mis on spetsiaalselt loodud v\u00e4ikeste ja keskmiste balloonide jaoks ning millel on automatiseeritud laadimis-, mahalaadimis- ja pihustusrobotid. Selle tipptasemel s\u00fcsteemi tootmisv\u00f5imsus on 4000 \u00fchikut vahetuse kohta. Lisaks on meil poolautomaatne v\u00e4rvimisliin suurte balloonide jaoks, mida k\u00e4itab keti\u00fclekanne ja mille projekteeritud v\u00f5imsus on 60 kasti vahetuse kohta.<\/p>\n<p>Toodete toimivuse parandamiseks ja oma juhtpositsiooni kindlustamiseks h\u00fcdrauliliste silindrite t\u00f6\u00f6stuses oleme teinud koost\u00f6\u00f6d ZJIMEE-ga, et luua terviklik j\u00f5udluslabor, mis on p\u00fchendatud h\u00fcdraulilistele silindritele, ventiilidele ja pumpadele. See t\u00e4iustatud labor kasutab arvutip\u00f5hist testimist elektroh\u00fcdraulilise tehnoloogiaga, v\u00f5imaldades eelseadistatud katsetingimusi, mis parandavad t\u00e4psust ja s\u00fcsteemi mitmek\u00fclgsust. Automatiseeritud andmekogumisprotsess kasutab andureid v\u00e4ljundandmete, n\u00e4iteks sisemise lekke ja koormuse efektiivsuse kogumiseks, mis seej\u00e4rel t\u00f6\u00f6deldakse arvuti abil ja teisendatakse standard\u00fchikuteks (ml\/min%).<\/p>\n<p>Lisaks rakendame oma h\u00fcdraulikas\u00fcsteemide ohutuse tagamiseks peamiste j\u00f5udlusparameetrite, sealhulgas \u00f5li temperatuuri, vedeliku taseme ja filtriseadme oleku j\u00e4lgimist. Meie h\u00fcdrauliliste silindrite katsestend suudab t\u00e4psete n\u00e4itude abil hinnata \u201ekoormuse efektiivsust\u201c ja \u201esisemist leket\u201c. See on varustatud ka riiklikele standarditele vastava v\u00f5rega m\u00f5\u00f5tevahendiga, mis tagab vastavuse k\u00f5igile h\u00fcdrauliliste silindrite toodete testimisn\u00f5uetele.<\/p>\n<p>&nbsp;<\/p>","protected":false},"excerpt":{"rendered":"<p>Luffing Cylinder For Arm Type Aerial Work Vehicles The Luffing Cylinder For Arm Type Aerial Work Vehicles is an advanced component specifically engineered for aerial work vehicles. This cylinder significantly enhances the maneuverability and functionality of aerial platforms, making it indispensable across various industries, including construction, maintenance, and telecommunications. With its robust design and cutting-edge [&hellip;]<\/p>","protected":false},"featured_media":17496,"comment_status":"open","ping_status":"closed","template":"","meta":{"_et_pb_use_builder":"","_et_pb_old_content":"","_et_gb_content_width":""},"product_brand":[],"product_cat":[1500,1550,1376],"product_tag":[],"class_list":{"0":"post-17237","1":"product","2":"type-product","3":"status-publish","4":"has-post-thumbnail","6":"product_cat-aerial-work-vehicle-hydraulic-cylinder","7":"product_cat-double-acting-hydraulic-cylinder","8":"product_cat-hydraulic-cylinder","10":"first","11":"instock","12":"shipping-taxable","13":"product-type-simple"},"amp_enabled":true,"_links":{"self":[{"href":"https:\/\/www.hydraulic-cylinders.net\/et\/wp-json\/wp\/v2\/product\/17237","targetHints":{"allow":["GET"]}}],"collection":[{"href":"https:\/\/www.hydraulic-cylinders.net\/et\/wp-json\/wp\/v2\/product"}],"about":[{"href":"https:\/\/www.hydraulic-cylinders.net\/et\/wp-json\/wp\/v2\/types\/product"}],"replies":[{"embeddable":true,"href":"https:\/\/www.hydraulic-cylinders.net\/et\/wp-json\/wp\/v2\/comments?post=17237"}],"wp:featuredmedia":[{"embeddable":true,"href":"https:\/\/www.hydraulic-cylinders.net\/et\/wp-json\/wp\/v2\/media\/17496"}],"wp:attachment":[{"href":"https:\/\/www.hydraulic-cylinders.net\/et\/wp-json\/wp\/v2\/media?parent=17237"}],"wp:term":[{"taxonomy":"product_brand","embeddable":true,"href":"https:\/\/www.hydraulic-cylinders.net\/et\/wp-json\/wp\/v2\/product_brand?post=17237"},{"taxonomy":"product_cat","embeddable":true,"href":"https:\/\/www.hydraulic-cylinders.net\/et\/wp-json\/wp\/v2\/product_cat?post=17237"},{"taxonomy":"product_tag","embeddable":true,"href":"https:\/\/www.hydraulic-cylinders.net\/et\/wp-json\/wp\/v2\/product_tag?post=17237"}],"curies":[{"name":"wp","href":"https:\/\/api.w.org\/{rel}","templated":true}]}}