{"id":17238,"date":"2025-02-23T08:32:58","date_gmt":"2025-02-23T08:32:58","guid":{"rendered":"https:\/\/www.hydraulic-cylinders.net\/?post_type=product&#038;p=17238"},"modified":"2025-04-30T08:35:27","modified_gmt":"2025-04-30T08:35:27","slug":"folding-boom-angle-cylinder-for-arm-type-aerial-work-vehicles","status":"publish","type":"product","link":"https:\/\/www.hydraulic-cylinders.net\/et\/toode\/folding-boom-angle-cylinder-for-arm-type-aerial-work-vehicles\/","title":{"rendered":"Kokkupandava poomi nurga silinder \u00f5\u00f5tsaga \u00f5hus\u00f5idukitele"},"content":{"rendered":"<h1 style=\"text-align: center;\"><strong>Kokkupandava poomi nurga silinder \u00f5\u00f5tsaga \u00f5hus\u00f5idukitele<\/strong><\/h1>\n<h1 style=\"text-align: center;\"><img loading=\"lazy\" decoding=\"async\" class=\"alignnone size-full wp-image-17246\" src=\"https:\/\/www.hydraulic-cylinders.net\/wp-content\/uploads\/2025\/02\/hcyy11112011-folding-boom-angle-cylinder-2.webp\" alt=\"\" width=\"1497\" height=\"516\" srcset=\"https:\/\/www.hydraulic-cylinders.net\/wp-content\/uploads\/2025\/02\/hcyy11112011-folding-boom-angle-cylinder-2.webp 1497w, https:\/\/www.hydraulic-cylinders.net\/wp-content\/uploads\/2025\/02\/hcyy11112011-folding-boom-angle-cylinder-2-1280x441.webp 1280w, https:\/\/www.hydraulic-cylinders.net\/wp-content\/uploads\/2025\/02\/hcyy11112011-folding-boom-angle-cylinder-2-980x338.webp 980w, https:\/\/www.hydraulic-cylinders.net\/wp-content\/uploads\/2025\/02\/hcyy11112011-folding-boom-angle-cylinder-2-480x165.webp 480w\" sizes=\"(min-width: 0px) and (max-width: 480px) 480px, (min-width: 481px) and (max-width: 980px) 980px, (min-width: 981px) and (max-width: 1280px) 1280px, (min-width: 1281px) 1497px, 100vw\" \/><\/h1>\n<p>Kokkupandava poomi nurga silinder on \u00f5hus\u00f5idukite oluline komponent, mis on loodud nii t\u00f6\u00f6 efektiivsuse kui ka ohutuse parandamiseks. See silinder v\u00f5imaldab poomi nurga t\u00e4pset juhtimist, v\u00f5imaldades mitmek\u00fclgseid kohandusi laia valiku \u00f5hut\u00f6\u00f6de jaoks. Selle vastupidav konstruktsioon ja t\u00e4iustatud insenerit\u00f6\u00f6 tagavad t\u00f6\u00f6kindluse, muutes selle iga \u00f5hut\u00f6\u00f6platvormi oluliseks osaks.<\/p>\n<p>See kokkupandava poomi nurga silinder paistab silma oma vastupidavuse, t\u00e4psuse ja kasutajas\u00f5braliku disaini poolest. Olenemata sellest, kas tegelete hoolduse, ehituse v\u00f5i muude \u00f5hust tehtavate t\u00f6\u00f6dega, suurendab silinder m\u00e4rkimisv\u00e4\u00e4rselt teie t\u00f6\u00f6v\u00f5imet.<\/p>\n<p>Selle j\u00f5udluse ja pikaealisuse maksimeerimiseks on regulaarne hooldus \u00fclioluline. \u00d5igete kasutusjuhiste j\u00e4rgimise ja regulaarsete kontrollide tegemise abil saate ballooni optimaalses seisukorras hoida. See p\u00fchendumus mitte ainult ei pikenda ballooni eluiga, vaid kaitseb ka teie investeeringut.<\/p>\n<p>Integreerige kokkupandava poomi nurga silinder oma \u00f5hut\u00f6\u00f6de toimingutesse ja n\u00e4ete m\u00e4rkimisv\u00e4\u00e4rset tootlikkuse ja ohutuse paranemist. Suurendage oma efektiivsust ja kogege usaldusv\u00e4\u00e4rsust, mida see esmaklassiline komponent teie projektidele pakub.<\/p>\n<h2><strong>Kokkupandava poomi nurga silinder \u00f5\u00f5tsa t\u00fc\u00fcpi \u00f5hus\u00f5idukitele Parameeter:<\/strong><\/h2>\n<h1 style=\"text-align: center;\"><img loading=\"lazy\" decoding=\"async\" class=\"alignnone size-full wp-image-17245\" src=\"https:\/\/www.hydraulic-cylinders.net\/wp-content\/uploads\/2025\/02\/hcyy11112011-folding-boom-angle-cylinder-1.webp\" alt=\"\" width=\"1519\" height=\"150\" srcset=\"https:\/\/www.hydraulic-cylinders.net\/wp-content\/uploads\/2025\/02\/hcyy11112011-folding-boom-angle-cylinder-1.webp 1519w, https:\/\/www.hydraulic-cylinders.net\/wp-content\/uploads\/2025\/02\/hcyy11112011-folding-boom-angle-cylinder-1-1280x126.webp 1280w, https:\/\/www.hydraulic-cylinders.net\/wp-content\/uploads\/2025\/02\/hcyy11112011-folding-boom-angle-cylinder-1-980x97.webp 980w, https:\/\/www.hydraulic-cylinders.net\/wp-content\/uploads\/2025\/02\/hcyy11112011-folding-boom-angle-cylinder-1-480x47.webp 480w\" sizes=\"(min-width: 0px) and (max-width: 480px) 480px, (min-width: 481px) and (max-width: 980px) 980px, (min-width: 981px) and (max-width: 1280px) 1280px, (min-width: 1281px) 1519px, 100vw\" \/> \u00a0<img loading=\"lazy\" decoding=\"async\" class=\"alignnone size-full wp-image-17247\" src=\"https:\/\/www.hydraulic-cylinders.net\/wp-content\/uploads\/2025\/02\/hcyy11112011-folding-boom-angle-cylinder-3.webp\" alt=\"\" width=\"1477\" height=\"706\" srcset=\"https:\/\/www.hydraulic-cylinders.net\/wp-content\/uploads\/2025\/02\/hcyy11112011-folding-boom-angle-cylinder-3.webp 1477w, https:\/\/www.hydraulic-cylinders.net\/wp-content\/uploads\/2025\/02\/hcyy11112011-folding-boom-angle-cylinder-3-1280x612.webp 1280w, https:\/\/www.hydraulic-cylinders.net\/wp-content\/uploads\/2025\/02\/hcyy11112011-folding-boom-angle-cylinder-3-980x468.webp 980w, https:\/\/www.hydraulic-cylinders.net\/wp-content\/uploads\/2025\/02\/hcyy11112011-folding-boom-angle-cylinder-3-480x229.webp 480w\" sizes=\"(min-width: 0px) and (max-width: 480px) 480px, (min-width: 481px) and (max-width: 980px) 980px, (min-width: 981px) and (max-width: 1280px) 1280px, (min-width: 1281px) 1477px, 100vw\" \/> <img loading=\"lazy\" decoding=\"async\" class=\"alignnone size-full wp-image-17248\" src=\"https:\/\/www.hydraulic-cylinders.net\/wp-content\/uploads\/2025\/02\/hcyy11112011-folding-boom-angle-cylinder-4.webp\" alt=\"\" width=\"1476\" height=\"711\" srcset=\"https:\/\/www.hydraulic-cylinders.net\/wp-content\/uploads\/2025\/02\/hcyy11112011-folding-boom-angle-cylinder-4.webp 1476w, https:\/\/www.hydraulic-cylinders.net\/wp-content\/uploads\/2025\/02\/hcyy11112011-folding-boom-angle-cylinder-4-1280x617.webp 1280w, https:\/\/www.hydraulic-cylinders.net\/wp-content\/uploads\/2025\/02\/hcyy11112011-folding-boom-angle-cylinder-4-980x472.webp 980w, https:\/\/www.hydraulic-cylinders.net\/wp-content\/uploads\/2025\/02\/hcyy11112011-folding-boom-angle-cylinder-4-480x231.webp 480w\" sizes=\"(min-width: 0px) and (max-width: 480px) 480px, (min-width: 481px) and (max-width: 980px) 980px, (min-width: 981px) and (max-width: 1280px) 1280px, (min-width: 1281px) 1476px, 100vw\" \/> <img loading=\"lazy\" decoding=\"async\" class=\"alignnone size-full wp-image-17249\" src=\"https:\/\/www.hydraulic-cylinders.net\/wp-content\/uploads\/2025\/02\/hcyy11112011-folding-boom-angle-cylinder-5.webp\" alt=\"\" width=\"1651\" height=\"739\" srcset=\"https:\/\/www.hydraulic-cylinders.net\/wp-content\/uploads\/2025\/02\/hcyy11112011-folding-boom-angle-cylinder-5.webp 1651w, https:\/\/www.hydraulic-cylinders.net\/wp-content\/uploads\/2025\/02\/hcyy11112011-folding-boom-angle-cylinder-5-1280x573.webp 1280w, https:\/\/www.hydraulic-cylinders.net\/wp-content\/uploads\/2025\/02\/hcyy11112011-folding-boom-angle-cylinder-5-980x439.webp 980w, https:\/\/www.hydraulic-cylinders.net\/wp-content\/uploads\/2025\/02\/hcyy11112011-folding-boom-angle-cylinder-5-480x215.webp 480w\" sizes=\"(min-width: 0px) and (max-width: 480px) 480px, (min-width: 481px) and (max-width: 980px) 980px, (min-width: 981px) and (max-width: 1280px) 1280px, (min-width: 1281px) 1651px, 100vw\" \/><\/h1>\n<h2><strong>\u00d5hus\u00f5idukitele m\u00f5eldud silindrite seeria:<\/strong><\/h2>\n<h2><img loading=\"lazy\" decoding=\"async\" class=\"wp-image-1044652 size-full aligncenter\" src=\"https:\/\/images.hzpt.com\/2025\/02\/cylinder-series-for-aerial-work-vehicles.webp\" alt=\"\" width=\"751\" height=\"850\" \/><\/h2>\n<h2><strong>Kokkupandava poomi nurgasilindri p\u00f5hijooned poomi t\u00fc\u00fcpi \u00f5hus\u00f5idukitele:<\/strong><\/h2>\n<h4><strong>1. Tugev konstruktsioon<\/strong><\/h4>\n<p>Kvaliteetsetest materjalidest valmistatud kokkupandava poomi nurksilinder on loodud vastu pidama ka k\u00f5ige raskematele tingimustele. Selle vastupidav konstruktsioon tagab, et see talub \u00e4\u00e4rmuslikke temperatuure, abrasiivseid materjale ja raskeid koormusi ilma j\u00f5udlust kahjustamata. See vastupidavus minimeerib sagedase vahetamise vajadust, muutes selle ettev\u00f5tetele kulut\u00f5husaks valikuks.<\/p>\n<h4><strong>2. T\u00e4iustatud t\u00e4ppiskontroll<\/strong><\/h4>\n<p>Kokkupandava poomi nurga silinder tagab sujuva ja t\u00e4pse nurga reguleerimise, v\u00f5imaldades operaatoritel poomi t\u00e4pselt vajalikule kohale paigutada. See funktsioon suurendab t\u00e4psust kriitiliste \u00f5hut\u00f6\u00f6de ajal, v\u00e4hendades vigade ohtu ja suurendades \u00fcldist efektiivsust. Olenemata sellest, kas tegemist on kitsastes kohtades man\u00f6\u00f6verdamise v\u00f5i erinevate k\u00f5rguste reguleerimisega, saavad operaatorid selle sujuvale toimimisele loota.<\/p>\n<h4><strong>3. Ruumis\u00e4\u00e4stlik kompaktne disain<\/strong><\/h4>\n<p>Kokkupandava poomi nurksilindri uuenduslik kokkupanemismehhanism v\u00f5imaldab vaevatut hoiustamist ja transportimist. Mitte kasutamise ajal saab silindri korralikult kokku voltida, mis v\u00f5tab s\u00f5idukis v\u00f5i hoiuruumis minimaalselt ruumi. See kompaktne disain muudab selle eriti kasulikuks mobiilsetes t\u00f6\u00f6des, kus ruumi on sageli v\u00e4he.<\/p>\n<h4><strong>4. Muljetavaldav kandev\u00f5ime<\/strong><\/h4>\n<p>Kokkupandava poomi nurksilinder, mis on konstrueeritud toetama m\u00e4rkimisv\u00e4\u00e4rset raskust, sobib ideaalselt rasketeks rakendusteks. Selle suur kandev\u00f5ime suurendab t\u00f6\u00f6kindlust, tagades selle toimimise surve all ilma t\u00f5rgeteta. See tugevus on \u00fclioluline \u00fclesannete puhul, mis n\u00f5uavad raskete seadmete v\u00f5i materjalide t\u00f5stmist, pakkudes operaatoritele meelerahu.<\/p>\n<h4><strong>5. Suurep\u00e4rane korrosioonikindlus<\/strong><\/h4>\n<p>Kokkupandava poomi nurksilindril on t\u00e4iustatud katted, mis kaitsevad rooste ja korrosiooni eest, pikendades selle t\u00f6\u00f6iga. Need spetsiaalsed t\u00f6\u00f6tlused kaitsevad silindrit karmide ilmastikutingimuste, sealhulgas vihma, lume ja UV-kiirguse eest. Kulumise minimeerimisega v\u00e4hendab see korrosioonikindlus aja jooksul oluliselt hoolduskulusid.<\/p>\n<h4><strong>6. Lihtne paigaldamine ja \u00fchilduvus<\/strong><\/h4>\n<p>Mitmek\u00fclgseks disainitud kokkupandava poomi nurga silinder integreerub h\u00f5lpsalt mitmesuguste \u00f5hus\u00f5idukitega. Selle kasutajas\u00f5bralik paigaldusprotsess t\u00e4hendab, et operaatorid saavad selle kiiresti seadistada ilma p\u00f5hjaliku koolituseta. See \u00fchilduvus tagab, et ettev\u00f5tted saavad oma seadmeid kohandada vastavalt konkreetsetele n\u00f5uetele minimaalse seisakuajaga.<\/p>\n<p>Need omadused muudavad kokkupandava poomi nurgasilindri noolega \u00f5hus\u00f5idukitele usaldusv\u00e4\u00e4rseks ja t\u00f5husaks valikuks igasuguste \u00f5hut\u00f6\u00f6de jaoks, suurendades t\u00f6\u00f6 tootlikkust ja ohutust.<\/p>\n<h2><strong>Kuidas te oma \u00f5hut\u00f6\u00f6del ohutust ja t\u00f5husust esikohale seate?<\/strong><\/h2>\n<p>Kindlasti! Siin on laiendatud ja optimeeritud versioon strateegiatest, mis seavad \u00f5hut\u00f6\u00f6de ohutuse ja t\u00f5hususe esikohale:<\/p>\n<h4><strong>1. Regulaarne treening<\/strong><\/h4>\n<p>Ohutuskultuuri edendamiseks on \u00fclioluline rakendada terviklikku koolitusprogrammi. Regulaarsed koolitused peaksid h\u00f5lmama seadmete kasutamist, ohutusprotokolle ja h\u00e4daolukorra protseduure. Praktiliste harjutuste ja simulatsioonide kaasamine aitab t\u00f6\u00f6tajatel saada praktilisi kogemusi. Lisaks tuleks planeerida t\u00e4iendkoolitusi, et hoida oskused teravad ja tagada, et k\u00f5ik t\u00f6\u00f6tajad oleksid kursis uusimate ohutusn\u00f5uete ja parimate tavadega.<\/p>\n<h4><strong>2. Rutiinsed kontrollid<\/strong><\/h4>\n<p>K\u00f5ikide seadmete, sh poomit\u00fc\u00fcpi t\u00f5steseadmete kokkupandava poomi nurgasilindri p\u00f5hjalik ja sagedane kontroll on t\u00f6\u00f6ohutuse s\u00e4ilitamiseks h\u00e4davajalik. Koostage s\u00fcstemaatiline kontrollnimekiri, mis h\u00f5lmab kulumise, h\u00fcdraulika lekete ja ohutusfunktsioonide toimimise kontrollimist. Nende kontrollide dokumenteerimine aitab j\u00e4lgida seadmete seisukorda aja jooksul ja tagab, et k\u00f5ik v\u00f5imalikud probleemid lahendatakse ennetavalt enne, kui need viivad \u00f5nnetuste v\u00f5i seadmete riketeni.<\/p>\n<h4><strong>3. Turvavarustus<\/strong><\/h4>\n<p>T\u00f6\u00f6tajatele sobivate isikukaitsevahendite (IKV) pakkumine on riskide minimeerimiseks \u00fclioluline. See h\u00f5lmab kiivreid, rakmeid, kindaid ja silmakaitset, mis on kohandatud konkreetsetele \u00fclesannetele. Lisaks tuleb tagada, et k\u00f5iki masinate ohutusfunktsioone \u2013 n\u00e4iteks avariipeatusnuppe ja kaitsepiirdeid \u2013 kontrollitakse ja hooldatakse regulaarselt. Isikukaitsevahendite kasutamise edendamine koolituse ja meeldetuletuste kaudu r\u00f5hutab selle olulisust t\u00f6\u00f6tajate kaitsmisel v\u00f5imalike ohtude eest.<\/p>\n<h4><strong>4. Selge suhtlus<\/strong><\/h4>\n<p>Meeskonnaliikmete vahelise t\u00f5husa suhtluse loomine on \u00fclioluline, eriti koordineerimist n\u00f5udvate operatsioonide ajal. Kasutage kahesuunalisi raadioid, k\u00e4em\u00e4rke v\u00f5i visuaalseid abivahendeid, et tagada k\u00f5igi teadlikkus oma rollidest ja kohustustest. Regulaarsed infotunnid enne \u00fclesannete algust aitavad selgitada eesm\u00e4rke ja lahendada k\u00f5ik mured. Avatud dialoogi soodustamine v\u00f5imaldab meeskonnaliikmetel v\u00e4ljendada ohutusprobleeme ja -ettepanekuid, edendades ohutusele keskenduvat koost\u00f6\u00f6keskkonda.<\/p>\n<h4><strong>5. Riskianal\u00fc\u00fcs<\/strong><\/h4>\n<p>Enne mis tahes t\u00f6\u00f6 alustamist on v\u00f5imalike ohtude tuvastamiseks oluline teha p\u00f5hjalikke riskianal\u00fc\u00fcse. Kaasake sellesse protsessi meeskonnaliikmeid, et saada mitmekesiseid vaatenurki konkreetsete \u00fclesannetega seotud riskide kohta. T\u00f6\u00f6tage v\u00e4lja riskide maandamise plaan, milles on v\u00e4lja toodud sammud tuvastatud ohtude minimeerimiseks, sealhulgas ohutust\u00f5kete rakendamine, t\u00f6\u00f6graafikute kohandamine v\u00f5i alternatiivsete meetodite kasutamine. Riskianal\u00fc\u00fcside regulaarne l\u00e4bivaatamine ja ajakohastamine tagab ohutusmeetmete asjakohasuse ja t\u00f5hususe.<\/p>\n<h4><strong>6. T\u00f5hus planeerimine<\/strong><\/h4>\n<p>Hoolikas planeerimine on \u00f5hut\u00f6\u00f6de ohutuse ja t\u00f5hususe optimeerimise v\u00f5ti. Looge detailsed projektiplaanid, milles on v\u00e4lja toodud t\u00f6\u00f6 ulatus, ajakava ja ressursside jaotus. Lisage ootamatute v\u00e4ljakutsete jaoks situatsiooniplaanid, tagades meeskonna valmisoleku vastavalt vajadusele kohaneda. T\u00f6\u00f6voogude sujuvamaks muutmise ja seisakuaja minimeerimise abil saab tegevus sujuvalt kulgeda, v\u00f5imaldades meeskondadel keskenduda \u00fclesannete ohutule ja t\u00f5husale t\u00e4itmisele.<\/p>\n<p>Nende laiendatud strateegiate rakendamisega saate oluliselt parandada oma \u00f5hut\u00f6\u00f6de ohutust ja t\u00f5husust, mis viib l\u00f5ppkokkuv\u00f5ttes produktiivsema ja turvalisema t\u00f6\u00f6keskkonnani.<\/p>\n<h2><strong>\u00d5hus\u00f5idukite silindrite tootmispiirkond:<\/strong><\/h2>\n<h2><img loading=\"lazy\" decoding=\"async\" class=\"alignnone size-full wp-image-16972\" src=\"https:\/\/www.hydraulic-cylinders.net\/wp-content\/uploads\/2025\/01\/hydraulic-cylinder-factory-1-scaled.webp\" alt=\"\" width=\"2016\" height=\"2560\" srcset=\"https:\/\/www.hydraulic-cylinders.net\/wp-content\/uploads\/2025\/01\/hydraulic-cylinder-factory-1-scaled.webp 2016w, https:\/\/www.hydraulic-cylinders.net\/wp-content\/uploads\/2025\/01\/hydraulic-cylinder-factory-1-1280x1625.webp 1280w, https:\/\/www.hydraulic-cylinders.net\/wp-content\/uploads\/2025\/01\/hydraulic-cylinder-factory-1-980x1244.webp 980w, https:\/\/www.hydraulic-cylinders.net\/wp-content\/uploads\/2025\/01\/hydraulic-cylinder-factory-1-480x610.webp 480w\" sizes=\"(min-width: 0px) and (max-width: 480px) 480px, (min-width: 481px) and (max-width: 980px) 980px, (min-width: 981px) and (max-width: 1280px) 1280px, (min-width: 1281px) 2016px, 100vw\" \/><\/h2>\n<p>Meil on tipptasemel s\u00f5ltumatu teadus- ja arendusplatvorm, mis on p\u00fchendatud montaa\u017eile, tagades meie tootmisprotsessides tipptasemel innovatsiooni ja kvaliteedi. Meie kahvelt\u00f5stukite silindrite tootmist\u00f6\u00f6kojas on neli poolautomaatset t\u00f5stesilindrite montaa\u017eiliini ja t\u00e4isautomaatne kallutussilindrite montaa\u017eiliin, mis on kokku projekteeritud tootma kuni miljon \u00fchikut aastas.<\/p>\n<p>Lisaks on meie spetsialiseeritud silindrite t\u00f6\u00f6koda varustatud erinevate spetsifikatsioonide jaoks kohandatud poolautomaatsete puhastus- ja montaa\u017eis\u00fcsteemidega, mille aastane tootmisv\u00f5imsus on 200 000 t\u00fckki. Kasutame tuntud CNC-seadmeid, t\u00f6\u00f6tluskeskusi ja spetsiaalseid t\u00f6\u00f6riistu silindrite \u00fclit\u00e4pseks t\u00f6\u00f6tlemiseks. Meie rajatisse kuuluvad ka t\u00e4iustatud robotkeevitusseadmed, automaatsed puhastuss\u00fcsteemid ning t\u00e4isautomatiseeritud silindrite montaa\u017ei- ja v\u00e4rvimisliinid. \u00dcle 300 t\u00f6\u00f6korras oleva seadmega optimeerime ressursside jaotust ja tagame t\u00f5husa kasutamise, j\u00e4rgides rangeid t\u00e4psus- ja kvaliteedistandardeid.<\/p>\n<p>Meie mehaanikat\u00f6\u00f6kojas on kohandatud kaldr\u00f6\u00f6bastega treikeskused, mehaanikakeskused, kiired hoonimismasinad, keevitusrobotid ja muu oluline varustus. See seadistus v\u00f5imaldab meil t\u00f6\u00f6delda silindritorusid maksimaalse sisel\u00e4bim\u00f5\u00f5duga 400 mm ja pikkusega kuni 6 meetrit, suurendades veelgi meie tootmisv\u00f5imalusi.<\/p>\n<h2><img loading=\"lazy\" decoding=\"async\" class=\"alignnone size-full wp-image-16973\" src=\"https:\/\/www.hydraulic-cylinders.net\/wp-content\/uploads\/2025\/01\/hydraulic-cylinder-factory-2-scaled.webp\" alt=\"\" width=\"2011\" height=\"2560\" srcset=\"https:\/\/www.hydraulic-cylinders.net\/wp-content\/uploads\/2025\/01\/hydraulic-cylinder-factory-2-scaled.webp 2011w, https:\/\/www.hydraulic-cylinders.net\/wp-content\/uploads\/2025\/01\/hydraulic-cylinder-factory-2-1280x1629.webp 1280w, https:\/\/www.hydraulic-cylinders.net\/wp-content\/uploads\/2025\/01\/hydraulic-cylinder-factory-2-980x1248.webp 980w, https:\/\/www.hydraulic-cylinders.net\/wp-content\/uploads\/2025\/01\/hydraulic-cylinder-factory-2-480x611.webp 480w\" sizes=\"(min-width: 0px) and (max-width: 480px) 480px, (min-width: 481px) and (max-width: 980px) 980px, (min-width: 981px) and (max-width: 1280px) 1280px, (min-width: 1281px) 2011px, 100vw\" \/><\/h2>\n<p>Meil on t\u00e4isautomaatne veebaasil v\u00e4rvimise liin, mis on spetsiaalselt loodud v\u00e4ikeste ja keskmiste balloonide jaoks ning millel on automatiseeritud laadimis-, mahalaadimis- ja pihustusrobotid. Selle tipptasemel s\u00fcsteemi tootmisv\u00f5imsus on 4000 \u00fchikut vahetuse kohta. Lisaks on meil poolautomaatne v\u00e4rvimisliin suurte balloonide jaoks, mida k\u00e4itab keti\u00fclekanne ja mille projekteeritud v\u00f5imsus on 60 kasti vahetuse kohta.<\/p>\n<p>Toodete toimivuse parandamiseks ja oma juhtpositsiooni kindlustamiseks h\u00fcdrauliliste silindrite t\u00f6\u00f6stuses oleme teinud koost\u00f6\u00f6d ZJIMEE-ga, et luua terviklik j\u00f5udluslabor, mis on p\u00fchendatud h\u00fcdraulilistele silindritele, ventiilidele ja pumpadele. See t\u00e4iustatud labor kasutab arvutip\u00f5hist testimist elektroh\u00fcdraulilise tehnoloogiaga, v\u00f5imaldades eelseadistatud katsetingimusi, mis parandavad t\u00e4psust ja s\u00fcsteemi mitmek\u00fclgsust. Automatiseeritud andmekogumisprotsess kasutab andureid v\u00e4ljundandmete, n\u00e4iteks sisemise lekke ja koormuse efektiivsuse kogumiseks, mis seej\u00e4rel t\u00f6\u00f6deldakse arvuti abil ja teisendatakse standard\u00fchikuteks (ml\/min%).<\/p>\n<p>Lisaks rakendame oma h\u00fcdraulikas\u00fcsteemide ohutuse tagamiseks peamiste j\u00f5udlusparameetrite, sealhulgas \u00f5li temperatuuri, vedeliku taseme ja filtriseadme oleku j\u00e4lgimist. Meie h\u00fcdrauliliste silindrite katsestend suudab t\u00e4psete n\u00e4itude abil hinnata \u201ekoormuse efektiivsust\u201c ja \u201esisemist leket\u201c. See on varustatud ka riiklikele standarditele vastava v\u00f5rega m\u00f5\u00f5tevahendiga, mis tagab vastavuse k\u00f5igile h\u00fcdrauliliste silindrite toodete testimisn\u00f5uetele.<\/p>\n<p>&nbsp;<\/p>","protected":false},"excerpt":{"rendered":"<p>Folding Boom Angle Cylinder For Arm Type Aerial Work Vehicles The Folding Boom Angle Cylinder is an essential component for aerial work vehicles, engineered to enhance both operational efficiency and safety. This cylinder allows for precise control over the boom&#8217;s angle, enabling versatile adjustments for a wide range of aerial tasks. Its robust construction and [&hellip;]<\/p>","protected":false},"featured_media":17497,"comment_status":"open","ping_status":"closed","template":"","meta":{"_et_pb_use_builder":"","_et_pb_old_content":"","_et_gb_content_width":""},"product_brand":[],"product_cat":[1500,1550,1376],"product_tag":[],"class_list":{"0":"post-17238","1":"product","2":"type-product","3":"status-publish","4":"has-post-thumbnail","6":"product_cat-aerial-work-vehicle-hydraulic-cylinder","7":"product_cat-double-acting-hydraulic-cylinder","8":"product_cat-hydraulic-cylinder","10":"first","11":"instock","12":"shipping-taxable","13":"product-type-simple"},"amp_enabled":true,"_links":{"self":[{"href":"https:\/\/www.hydraulic-cylinders.net\/et\/wp-json\/wp\/v2\/product\/17238","targetHints":{"allow":["GET"]}}],"collection":[{"href":"https:\/\/www.hydraulic-cylinders.net\/et\/wp-json\/wp\/v2\/product"}],"about":[{"href":"https:\/\/www.hydraulic-cylinders.net\/et\/wp-json\/wp\/v2\/types\/product"}],"replies":[{"embeddable":true,"href":"https:\/\/www.hydraulic-cylinders.net\/et\/wp-json\/wp\/v2\/comments?post=17238"}],"wp:featuredmedia":[{"embeddable":true,"href":"https:\/\/www.hydraulic-cylinders.net\/et\/wp-json\/wp\/v2\/media\/17497"}],"wp:attachment":[{"href":"https:\/\/www.hydraulic-cylinders.net\/et\/wp-json\/wp\/v2\/media?parent=17238"}],"wp:term":[{"taxonomy":"product_brand","embeddable":true,"href":"https:\/\/www.hydraulic-cylinders.net\/et\/wp-json\/wp\/v2\/product_brand?post=17238"},{"taxonomy":"product_cat","embeddable":true,"href":"https:\/\/www.hydraulic-cylinders.net\/et\/wp-json\/wp\/v2\/product_cat?post=17238"},{"taxonomy":"product_tag","embeddable":true,"href":"https:\/\/www.hydraulic-cylinders.net\/et\/wp-json\/wp\/v2\/product_tag?post=17238"}],"curies":[{"name":"wp","href":"https:\/\/api.w.org\/{rel}","templated":true}]}}