{"id":17254,"date":"2025-02-23T09:01:12","date_gmt":"2025-02-23T09:01:12","guid":{"rendered":"https:\/\/www.hydraulic-cylinders.net\/?post_type=product&#038;p=17254"},"modified":"2025-04-30T08:31:10","modified_gmt":"2025-04-30T08:31:10","slug":"steering-cylinder-for-arm-type-aerial-work-vehicles","status":"publish","type":"product","link":"https:\/\/www.hydraulic-cylinders.net\/et\/toode\/steering-cylinder-for-arm-type-aerial-work-vehicles\/","title":{"rendered":"Roolisilinder \u00f5\u00f5tsaga \u00f5hus\u00f5idukitele"},"content":{"rendered":"<h1 style=\"text-align: center;\"><strong>Roolisilinder \u00f5\u00f5tsaga \u00f5hus\u00f5idukitele<\/strong><\/h1>\n<h1 style=\"text-align: center;\"><img loading=\"lazy\" decoding=\"async\" class=\"alignnone size-full wp-image-17256\" src=\"https:\/\/www.hydraulic-cylinders.net\/wp-content\/uploads\/2025\/02\/hcyy11112012-steering-cylinder-2.webp\" alt=\"\" width=\"1495\" height=\"516\" srcset=\"https:\/\/www.hydraulic-cylinders.net\/wp-content\/uploads\/2025\/02\/hcyy11112012-steering-cylinder-2.webp 1495w, https:\/\/www.hydraulic-cylinders.net\/wp-content\/uploads\/2025\/02\/hcyy11112012-steering-cylinder-2-1280x442.webp 1280w, https:\/\/www.hydraulic-cylinders.net\/wp-content\/uploads\/2025\/02\/hcyy11112012-steering-cylinder-2-980x338.webp 980w, https:\/\/www.hydraulic-cylinders.net\/wp-content\/uploads\/2025\/02\/hcyy11112012-steering-cylinder-2-480x166.webp 480w\" sizes=\"(min-width: 0px) and (max-width: 480px) 480px, (min-width: 481px) and (max-width: 980px) 980px, (min-width: 981px) and (max-width: 1280px) 1280px, (min-width: 1281px) 1495px, 100vw\" \/><\/h1>\n<div id=\"message-349701841669\" class=\"ChatMessage_chatMessage__xkgHx\" data-complete=\"true\">\n<div class=\"ChatMessage_messageRow__DHlnq\">\n<div class=\"ChatMessage_messageWrapper__4Ugd6\">\n<div class=\"Message_rowWithFooter__FShU6\">\n<div class=\"Message_row__ug_UU\">\n<div class=\"Message_messageBubbleWrapper__sEq8z\">\n<div class=\"Message_leftSideMessageBubble__VPdk6\">\n<div class=\"Message_messageTextContainer__w64Sc\">\n<div>\n<div class=\"Markdown_markdownContainer__Tz3HQ\">\n<p>K\u00e4epidemega \u00f5hus\u00f5idukite roolisilinder on oluline komponent, mis on spetsiaalselt loodud \u00f5hus\u00f5idukite jaoks, parandades nende man\u00f6\u00f6verdusv\u00f5imet ja juhitavust. See tipptasemel roolimehhanism v\u00f5imaldab operaatoritel kitsastes ruumides navigeerida ja \u00f5hut\u00f6id m\u00e4rkimisv\u00e4\u00e4rselt t\u00e4pselt ja lihtsalt t\u00e4ita.<\/p>\n<p>Olulise uuendusena suurendab noolega \u00f5hus\u00f5idukitele m\u00f5eldud roolisilinder roolimise t\u00e4psust ja ohutust, tagades, et operaatorid saavad d\u00fcnaamilistes t\u00f6\u00f6keskkondades t\u00f5husalt reageerida. Selle vastupidav konstruktsioon tagab vastupidavuse, samas kui lihtne paigaldusprotsess lihtsustab integreerimist olemasolevatesse s\u00fcsteemidesse. Hooldus on samuti probleemivaba, v\u00f5imaldades operaatoritel keskenduda oma t\u00f6\u00f6le ilma tarbetute katkestusteta.<\/p>\n<p>Lisades oma \u00f5hus\u00f5idukisse \u00f5\u00f5tshoovat\u00fc\u00fcpi \u00f5hus\u00f5idukitele m\u00f5eldud roolisilindri, suurendate t\u00f6\u00f6ohutust ja efektiivsust, muutes selle ideaalseks lahenduseks mis tahes t\u00f6\u00f6objekti mitmekesiste n\u00f5udmiste rahuldamiseks.<\/p>\n<\/div>\n<\/div>\n<\/div>\n<\/div>\n<\/div>\n<\/div>\n<\/div>\n<\/div>\n<\/div>\n<\/div>\n<h2><strong>Roolisilindri k\u00e4sivarre t\u00fc\u00fcpi \u00f5hus\u00f5idukitele Parameeter:<\/strong><\/h2>\n<h1 style=\"text-align: center;\"><img loading=\"lazy\" decoding=\"async\" class=\"alignnone size-full wp-image-17255\" src=\"https:\/\/www.hydraulic-cylinders.net\/wp-content\/uploads\/2025\/02\/hcyy11112012-steering-cylinder-1.webp\" alt=\"\" width=\"1520\" height=\"147\" srcset=\"https:\/\/www.hydraulic-cylinders.net\/wp-content\/uploads\/2025\/02\/hcyy11112012-steering-cylinder-1.webp 1520w, https:\/\/www.hydraulic-cylinders.net\/wp-content\/uploads\/2025\/02\/hcyy11112012-steering-cylinder-1-1280x124.webp 1280w, https:\/\/www.hydraulic-cylinders.net\/wp-content\/uploads\/2025\/02\/hcyy11112012-steering-cylinder-1-980x95.webp 980w, https:\/\/www.hydraulic-cylinders.net\/wp-content\/uploads\/2025\/02\/hcyy11112012-steering-cylinder-1-480x46.webp 480w\" sizes=\"(min-width: 0px) and (max-width: 480px) 480px, (min-width: 481px) and (max-width: 980px) 980px, (min-width: 981px) and (max-width: 1280px) 1280px, (min-width: 1281px) 1520px, 100vw\" \/> \u00a0<img loading=\"lazy\" decoding=\"async\" class=\"alignnone size-full wp-image-17257\" src=\"https:\/\/www.hydraulic-cylinders.net\/wp-content\/uploads\/2025\/02\/hcyy11112012-steering-cylinder-3.webp\" alt=\"\" width=\"1471\" height=\"696\" srcset=\"https:\/\/www.hydraulic-cylinders.net\/wp-content\/uploads\/2025\/02\/hcyy11112012-steering-cylinder-3.webp 1471w, https:\/\/www.hydraulic-cylinders.net\/wp-content\/uploads\/2025\/02\/hcyy11112012-steering-cylinder-3-1280x606.webp 1280w, https:\/\/www.hydraulic-cylinders.net\/wp-content\/uploads\/2025\/02\/hcyy11112012-steering-cylinder-3-980x464.webp 980w, https:\/\/www.hydraulic-cylinders.net\/wp-content\/uploads\/2025\/02\/hcyy11112012-steering-cylinder-3-480x227.webp 480w\" sizes=\"(min-width: 0px) and (max-width: 480px) 480px, (min-width: 481px) and (max-width: 980px) 980px, (min-width: 981px) and (max-width: 1280px) 1280px, (min-width: 1281px) 1471px, 100vw\" \/> <img loading=\"lazy\" decoding=\"async\" class=\"alignnone size-full wp-image-17258\" src=\"https:\/\/www.hydraulic-cylinders.net\/wp-content\/uploads\/2025\/02\/hcyy11112012-steering-cylinder-4.webp\" alt=\"\" width=\"1476\" height=\"709\" srcset=\"https:\/\/www.hydraulic-cylinders.net\/wp-content\/uploads\/2025\/02\/hcyy11112012-steering-cylinder-4.webp 1476w, https:\/\/www.hydraulic-cylinders.net\/wp-content\/uploads\/2025\/02\/hcyy11112012-steering-cylinder-4-1280x615.webp 1280w, https:\/\/www.hydraulic-cylinders.net\/wp-content\/uploads\/2025\/02\/hcyy11112012-steering-cylinder-4-980x471.webp 980w, https:\/\/www.hydraulic-cylinders.net\/wp-content\/uploads\/2025\/02\/hcyy11112012-steering-cylinder-4-480x231.webp 480w\" sizes=\"(min-width: 0px) and (max-width: 480px) 480px, (min-width: 481px) and (max-width: 980px) 980px, (min-width: 981px) and (max-width: 1280px) 1280px, (min-width: 1281px) 1476px, 100vw\" \/> <img loading=\"lazy\" decoding=\"async\" class=\"alignnone size-full wp-image-17259\" src=\"https:\/\/www.hydraulic-cylinders.net\/wp-content\/uploads\/2025\/02\/hcyy11112012-steering-cylinder-5.webp\" alt=\"\" width=\"1481\" height=\"742\" srcset=\"https:\/\/www.hydraulic-cylinders.net\/wp-content\/uploads\/2025\/02\/hcyy11112012-steering-cylinder-5.webp 1481w, https:\/\/www.hydraulic-cylinders.net\/wp-content\/uploads\/2025\/02\/hcyy11112012-steering-cylinder-5-1280x641.webp 1280w, https:\/\/www.hydraulic-cylinders.net\/wp-content\/uploads\/2025\/02\/hcyy11112012-steering-cylinder-5-980x491.webp 980w, https:\/\/www.hydraulic-cylinders.net\/wp-content\/uploads\/2025\/02\/hcyy11112012-steering-cylinder-5-480x240.webp 480w\" sizes=\"(min-width: 0px) and (max-width: 480px) 480px, (min-width: 481px) and (max-width: 980px) 980px, (min-width: 981px) and (max-width: 1280px) 1280px, (min-width: 1281px) 1481px, 100vw\" \/><\/h1>\n<h2><strong>\u00d5hus\u00f5idukitele m\u00f5eldud silindrite seeria:<\/strong><\/h2>\n<h2><img loading=\"lazy\" decoding=\"async\" class=\"wp-image-1044652 size-full aligncenter\" src=\"https:\/\/images.hzpt.com\/2025\/02\/cylinder-series-for-aerial-work-vehicles.webp\" alt=\"\" width=\"751\" height=\"850\" \/><\/h2>\n<h2><strong>Roolisilindri p\u00f5hijooned \u00f5\u00f5tshoova t\u00fc\u00fcpi \u00f5hus\u00f5idukitele:<\/strong><\/h2>\n<h4><strong>Tugev konstruktsioon<\/strong><\/h4>\n<p>\u00d5\u00f5tshoovastiku roolisilinder on valmistatud esmaklassilistest materjalidest, mis tagab erakordse vastupidavuse keerulistes tingimustes. Selle vastupidav konstruktsioon talub \u00e4\u00e4rmuslikke temperatuure, suuri koormusi ja abrasiivset keskkonda, ilma et see kahjustaks j\u00f5udlust. See vastupidav konstruktsioon minimeerib kulumist, v\u00e4hendades oluliselt vahetuste sagedust. Ettev\u00f5tted saavad kasu madalamatest tegevuskuludest ja suuremast t\u00f6\u00f6kindlusest, muutes selle silindri pikaajaliseks kasutamiseks nutikaks investeeringuks.<\/p>\n<h4><strong>T\u00e4iustatud t\u00e4ppiskontroll<\/strong><\/h4>\n<p>T\u00e4psus on \u00f5hut\u00f6\u00f6del \u00fclioluline ja \u00f5\u00f5tshoovaga \u00f5hut\u00f6\u00f6de s\u00f5idukite roolisilinder tagab erakordse roolimist\u00e4psuse. See roolisilinder v\u00f5imaldab sujuvaid ja t\u00e4pseid reguleerimisi, v\u00f5imaldades operaatoritel oma s\u00f5idukeid enesekindlalt positsioneerida. Olenemata sellest, kas navigeeritakse kitsastes kohtades v\u00f5i tehakse \u00f5rnu \u00f5human\u00f6\u00f6vreid, v\u00e4hendab silindri reageerimisv\u00f5ime vigade ohtu. See t\u00e4psus mitte ainult ei suurenda ohutust, vaid suurendab ka \u00fcldist efektiivsust, v\u00f5imaldades meeskondadel \u00fclesandeid t\u00f5husamalt t\u00e4ita.<\/p>\n<h4><strong>Ruumis\u00e4\u00e4stlik disain<\/strong><\/h4>\n<p>Roolisilindril on uuenduslik kompaktne disain, mis h\u00f5lbustab paigaldamist ja hoiustamist. Selle ruumis\u00e4\u00e4stlikud omadused v\u00f5imaldavad sellel mahtuda kitsastesse panipaikadesse, mist\u00f5ttu on see eriti kasulik mobiilsete toimingute jaoks, kus ruumi on sageli v\u00e4he. Kui silindrit ei kasutata, saab selle korralikult kokku voltida, h\u00f5lbustades t\u00f5husat hoiustamist ja transportimist. See disain tagab, et operaatorid saavad oma t\u00f6\u00f6ruumi maksimeerida ja seadmed korras hoida.<\/p>\n<h4><strong>Muljetavaldav kandev\u00f5ime<\/strong><\/h4>\n<p>Raskete rakenduste jaoks loodud roolisilinder toetab m\u00e4rkimisv\u00e4\u00e4rset kandev\u00f5imet. Selle vastupidav konstruktsioon tagab usaldusv\u00e4\u00e4rse j\u00f5udluse isegi suure raskuse korral, mist\u00f5ttu sobib see ideaalselt \u00fclesanneteks, mis h\u00f5lmavad raskete seadmete v\u00f5i materjalide t\u00f5stmist. See muljetavaldav tugevus sisendab operaatoritesse kindlustunnet, kuna nad saavad loota silindri t\u00f5husale toimimisele surve all, tagades ohutuse ja stabiilsuse kriitiliste toimingute ajal.<\/p>\n<h4><strong>Suurep\u00e4rane korrosioonikindlus<\/strong><\/h4>\n<p>K\u00e4epidemega \u00f5hus\u00f5idukite roolisilindril on t\u00e4iustatud kaitsekatted, mis kaitsevad rooste ja korrosiooni eest. See omadus on silindri t\u00f6\u00f6ea pikendamiseks \u00fclioluline, eriti karmides ilmastikutingimustes. Spetsiaalsed katted pakuvad t\u00e4iendavat kaitsekihti vihma, lume ja UV-kiirguse eest, v\u00e4hendades aja jooksul oluliselt hoolduskulusid. Operaatorid saavad keskenduda oma \u00fclesannetele, muretsemata sagedaste remondi- v\u00f5i vahetust\u00f6\u00f6de p\u00e4rast keskkonnakulumise t\u00f5ttu.<\/p>\n<h4><strong>Lihtne paigaldus<\/strong><\/h4>\n<p>Mitmek\u00fclgsust silmas pidades loodud roolisilinder \u00f5\u00f5tshoovat\u00fc\u00fcpi \u00f5hus\u00f5idukitele \u00fchildub paljude \u00f5hus\u00f5idukitega. Selle kasutajas\u00f5bralik paigaldusprotsess v\u00f5imaldab operaatoritel selle kiiresti ja t\u00f5husalt seadistada, sageli ilma p\u00f5hjaliku koolituseta. See lihtne paigaldamine minimeerib seisakuid, v\u00f5imaldades ettev\u00f5tetel oma seadmeid kiiresti erinevatele t\u00f6\u00f6n\u00f5uetele kohandada. Lihtne integreerimine tagab, et meeskonnad saavad kiiresti t\u00f6\u00f6le naasta, maksimeerides tootlikkust.<\/p>\n<p>Roolisilinder on \u00f5hus\u00f5idukite oluline komponent, pakkudes vastupidavuse, t\u00e4psuse ja t\u00f5hususe kombinatsiooni. Selle vastupidav konstruktsioon, t\u00e4iustatud juhtimisv\u00f5imalused ja ruumis\u00e4\u00e4stlik disain muudavad selle ideaalseks valikuks operaatoritele, kes otsivad usaldusv\u00e4\u00e4rsust ja j\u00f5udlust. Investeerides HCYY11112012-sse, saavad ettev\u00f5tted oma tegevusv\u00f5imalusi parandada, tagades ohutuma ja t\u00f5husama \u00f5hut\u00f6\u00f6.<\/p>\n<h2><strong>Kuidas roolisilindri t\u00e4ppisjuhtimine teie \u00f5hut\u00f6\u00f6de \u00fclesandeid t\u00e4iustab?<\/strong><\/h2>\n<p>Kindlasti! Siin on iga punkti laiendatud ja optimeeritud versioon, mis k\u00e4sitleb seda, kuidas \u00f5\u00f5tshoovaga \u00f5hus\u00f5idukite roolisilindri t\u00e4ppisjuhtimine \u00f5hut\u00f6\u00f6de tulemusi parandab:<\/p>\n<h4><strong>T\u00e4pne positsioneerimine<\/strong><\/h4>\n<p>Roolisilinder annab operaatoritele v\u00f5imaluse teha peenh\u00e4\u00e4lestusi, tagades s\u00f5iduki t\u00e4pse positsioneerimise. See v\u00f5imekus on \u00fclioluline k\u00f5rgusel v\u00f5i kitsastes kohtades t\u00f6\u00f6tamisel, kus isegi v\u00e4ikesed valearvestused v\u00f5ivad p\u00f5hjustada olulisi probleeme. V\u00f5imaldades operaatoritel oma s\u00f5idukid t\u00e4pselt t\u00f6\u00f6alaga joondada, minimeerib silinder vigade riski, tagades \u00fclesannete plaanip\u00e4rase t\u00e4itmise.<\/p>\n<h4><strong>T\u00e4iustatud ohutus<\/strong><\/h4>\n<p>T\u00e4psem roolimine t\u00e4hendab otseselt nii operaatorite kui ka meeskonnaliikmete paremat ohutust maapinnal. T\u00e4nu t\u00e4psele navigeerimisele saavad operaatorid v\u00e4ltida takistusi ja ohtlikke olukordi, v\u00e4hendades \u00f5nnetuste t\u00f5en\u00e4osust. See suurenenud ohutusteadlikkus kaitseb mitte ainult personali, vaid ka seadmeid ja materjale, luues turvalise t\u00f6\u00f6keskkonna, kus iga\u00fcks saab oma \u00fclesandeid enesekindlalt t\u00e4ita.<\/p>\n<h4><strong>Suurem efektiivsus<\/strong><\/h4>\n<p>Kiirete ja t\u00e4psete roolimismuudatuste tegemise v\u00f5imalus lihtsustab toiminguid m\u00e4rkimisv\u00e4\u00e4rselt. Operaatorid saavad kiiresti reageerida muutuvatele tingimustele v\u00f5i juhistele, mis v\u00f5imaldab d\u00fcnaamilisemat t\u00f6\u00f6voogu. See efektiivsus t\u00e4hendab, et \u00fclesandeid saab kiiremini t\u00e4ita, v\u00e4hendades seisakuid ja suurendades \u00fcldist tootlikkust. Meeskonnad saavad oma t\u00f6\u00f6perioodi jooksul rohkem saavutada, maksimeerides oma ressursside ja aja kasutamist.<\/p>\n<h4><strong>Parem juhitavus<\/strong><\/h4>\n<p>\u00d5\u00f5tshoovaga \u00f5hus\u00f5idukite roolis\u00fcsteemi silindri reageerimisv\u00f5ime parandab \u00f5hus\u00f5idukite juhitavust, eriti keerulisel maastikul v\u00f5i kitsastes ruumides. Operaatorid tunnevad man\u00f6\u00f6verdamisel suuremat kindlustunnet, kuna silindri t\u00e4psus v\u00f5imaldab sujuvamaid \u00fcleminekuid ja p\u00f6\u00f6rdeid. See parem juhitavus mitte ainult ei lihtsusta t\u00f6\u00f6d, vaid aitab kaasa ka stabiilsema platvormi loomisele mis tahes \u00fclesannete t\u00e4itmiseks, n\u00e4iteks seadmete t\u00f5stmiseks v\u00f5i paigutamiseks.<\/p>\n<p>\u00dcldiselt parandab roolisilindri t\u00e4ppisjuhtimine oluliselt \u00f5hus tehtavaid t\u00f6id, edendades t\u00e4psust, ohutust, t\u00f5husust ja juhitavust. Selle tulemuseks on produktiivsem t\u00f6\u00f6keskkond, kus operaatorid saavad enesekindlalt ja h\u00f5lpsalt oma kohustustele keskenduda.<\/p>\n<h2><strong>\u00d5hus\u00f5idukite silindrite tootmispiirkond:<\/strong><\/h2>\n<h2><img loading=\"lazy\" decoding=\"async\" class=\"alignnone size-full wp-image-16972\" src=\"https:\/\/www.hydraulic-cylinders.net\/wp-content\/uploads\/2025\/01\/hydraulic-cylinder-factory-1-scaled.webp\" sizes=\"(min-width: 0px) and (max-width: 480px) 480px, (min-width: 481px) and (max-width: 980px) 980px, (min-width: 981px) and (max-width: 1280px) 1280px, (min-width: 1281px) 2016px, 100vw\" srcset=\"https:\/\/www.hydraulic-cylinders.net\/wp-content\/uploads\/2025\/01\/hydraulic-cylinder-factory-1-scaled.webp 2016w, https:\/\/www.hydraulic-cylinders.net\/wp-content\/uploads\/2025\/01\/hydraulic-cylinder-factory-1-1280x1625.webp 1280w, https:\/\/www.hydraulic-cylinders.net\/wp-content\/uploads\/2025\/01\/hydraulic-cylinder-factory-1-980x1244.webp 980w, https:\/\/www.hydraulic-cylinders.net\/wp-content\/uploads\/2025\/01\/hydraulic-cylinder-factory-1-480x610.webp 480w\" alt=\"\" width=\"2016\" height=\"2560\" \/><\/h2>\n<p>Meil on tipptasemel s\u00f5ltumatu teadus- ja arendusplatvorm, mis on p\u00fchendatud montaa\u017eile, tagades meie tootmisprotsessides tipptasemel innovatsiooni ja kvaliteedi. Meie kahvelt\u00f5stukite silindrite tootmist\u00f6\u00f6kojas on neli poolautomaatset t\u00f5stesilindrite montaa\u017eiliini ja t\u00e4isautomaatne kallutussilindrite montaa\u017eiliin, mis on kokku projekteeritud tootma kuni miljon \u00fchikut aastas.<\/p>\n<p>Lisaks on meie spetsialiseeritud silindrite t\u00f6\u00f6koda varustatud erinevate spetsifikatsioonide jaoks kohandatud poolautomaatsete puhastus- ja montaa\u017eis\u00fcsteemidega, mille aastane tootmisv\u00f5imsus on 200 000 t\u00fckki. Kasutame tuntud CNC-seadmeid, t\u00f6\u00f6tluskeskusi ja spetsiaalseid t\u00f6\u00f6riistu silindrite \u00fclit\u00e4pseks t\u00f6\u00f6tlemiseks. Meie rajatisse kuuluvad ka t\u00e4iustatud robotkeevitusseadmed, automaatsed puhastuss\u00fcsteemid ning t\u00e4isautomatiseeritud silindrite montaa\u017ei- ja v\u00e4rvimisliinid. \u00dcle 300 t\u00f6\u00f6korras oleva seadmega optimeerime ressursside jaotust ja tagame t\u00f5husa kasutamise, j\u00e4rgides rangeid t\u00e4psus- ja kvaliteedistandardeid.<\/p>\n<p>Meie mehaanikat\u00f6\u00f6kojas on kohandatud kaldr\u00f6\u00f6bastega treikeskused, mehaanikakeskused, kiired hoonimismasinad, keevitusrobotid ja muu oluline varustus. See seadistus v\u00f5imaldab meil t\u00f6\u00f6delda silindritorusid maksimaalse sisel\u00e4bim\u00f5\u00f5duga 400 mm ja pikkusega kuni 6 meetrit, suurendades veelgi meie tootmisv\u00f5imalusi.<\/p>\n<h2><img loading=\"lazy\" decoding=\"async\" class=\"alignnone size-full wp-image-16973\" src=\"https:\/\/www.hydraulic-cylinders.net\/wp-content\/uploads\/2025\/01\/hydraulic-cylinder-factory-2-scaled.webp\" sizes=\"(min-width: 0px) and (max-width: 480px) 480px, (min-width: 481px) and (max-width: 980px) 980px, (min-width: 981px) and (max-width: 1280px) 1280px, (min-width: 1281px) 2011px, 100vw\" srcset=\"https:\/\/www.hydraulic-cylinders.net\/wp-content\/uploads\/2025\/01\/hydraulic-cylinder-factory-2-scaled.webp 2011w, https:\/\/www.hydraulic-cylinders.net\/wp-content\/uploads\/2025\/01\/hydraulic-cylinder-factory-2-1280x1629.webp 1280w, https:\/\/www.hydraulic-cylinders.net\/wp-content\/uploads\/2025\/01\/hydraulic-cylinder-factory-2-980x1248.webp 980w, https:\/\/www.hydraulic-cylinders.net\/wp-content\/uploads\/2025\/01\/hydraulic-cylinder-factory-2-480x611.webp 480w\" alt=\"\" width=\"2011\" height=\"2560\" \/><\/h2>\n<p>Meil on t\u00e4isautomaatne veebaasil v\u00e4rvimise liin, mis on spetsiaalselt loodud v\u00e4ikeste ja keskmiste balloonide jaoks ning millel on automatiseeritud laadimis-, mahalaadimis- ja pihustusrobotid. Selle tipptasemel s\u00fcsteemi tootmisv\u00f5imsus on 4000 \u00fchikut vahetuse kohta. Lisaks on meil poolautomaatne v\u00e4rvimisliin suurte balloonide jaoks, mida k\u00e4itab keti\u00fclekanne ja mille projekteeritud v\u00f5imsus on 60 kasti vahetuse kohta.<\/p>\n<p>Toodete toimivuse parandamiseks ja oma juhtpositsiooni kindlustamiseks h\u00fcdrauliliste silindrite t\u00f6\u00f6stuses oleme teinud koost\u00f6\u00f6d ZJIMEE-ga, et luua terviklik j\u00f5udluslabor, mis on p\u00fchendatud h\u00fcdraulilistele silindritele, ventiilidele ja pumpadele. See t\u00e4iustatud labor kasutab arvutip\u00f5hist testimist elektroh\u00fcdraulilise tehnoloogiaga, v\u00f5imaldades eelseadistatud katsetingimusi, mis parandavad t\u00e4psust ja s\u00fcsteemi mitmek\u00fclgsust. Automatiseeritud andmekogumisprotsess kasutab andureid v\u00e4ljundandmete, n\u00e4iteks sisemise lekke ja koormuse efektiivsuse kogumiseks, mis seej\u00e4rel t\u00f6\u00f6deldakse arvuti abil ja teisendatakse standard\u00fchikuteks (ml\/min%).<\/p>\n<p>Lisaks rakendame oma h\u00fcdraulikas\u00fcsteemide ohutuse tagamiseks peamiste j\u00f5udlusparameetrite, sealhulgas \u00f5li temperatuuri, vedeliku taseme ja filtriseadme oleku j\u00e4lgimist. Meie h\u00fcdrauliliste silindrite katsestend suudab t\u00e4psete n\u00e4itude abil hinnata \u201ekoormuse efektiivsust\u201c ja \u201esisemist leket\u201c. See on varustatud ka riiklikele standarditele vastava v\u00f5rega m\u00f5\u00f5tevahendiga, mis tagab vastavuse k\u00f5igile h\u00fcdrauliliste silindrite toodete testimisn\u00f5uetele.<\/p>\n<p>&nbsp;<\/p>","protected":false},"excerpt":{"rendered":"<p>Steering Cylinder For Arm Type Aerial Work Vehicles The steering cylinder for arm type aerial work vehicles is an essential component specifically designed for aerial work vehicles, enhancing their maneuverability and control. This state-of-the-art steering mechanism allows operators to navigate confined spaces and execute aerial tasks with remarkable precision and ease. As a significant upgrade, [&hellip;]<\/p>","protected":false},"featured_media":17498,"comment_status":"open","ping_status":"closed","template":"","meta":{"_et_pb_use_builder":"","_et_pb_old_content":"","_et_gb_content_width":""},"product_brand":[],"product_cat":[1500,1550,1376],"product_tag":[],"class_list":{"0":"post-17254","1":"product","2":"type-product","3":"status-publish","4":"has-post-thumbnail","6":"product_cat-aerial-work-vehicle-hydraulic-cylinder","7":"product_cat-double-acting-hydraulic-cylinder","8":"product_cat-hydraulic-cylinder","10":"first","11":"instock","12":"shipping-taxable","13":"product-type-simple"},"amp_enabled":true,"_links":{"self":[{"href":"https:\/\/www.hydraulic-cylinders.net\/et\/wp-json\/wp\/v2\/product\/17254","targetHints":{"allow":["GET"]}}],"collection":[{"href":"https:\/\/www.hydraulic-cylinders.net\/et\/wp-json\/wp\/v2\/product"}],"about":[{"href":"https:\/\/www.hydraulic-cylinders.net\/et\/wp-json\/wp\/v2\/types\/product"}],"replies":[{"embeddable":true,"href":"https:\/\/www.hydraulic-cylinders.net\/et\/wp-json\/wp\/v2\/comments?post=17254"}],"wp:featuredmedia":[{"embeddable":true,"href":"https:\/\/www.hydraulic-cylinders.net\/et\/wp-json\/wp\/v2\/media\/17498"}],"wp:attachment":[{"href":"https:\/\/www.hydraulic-cylinders.net\/et\/wp-json\/wp\/v2\/media?parent=17254"}],"wp:term":[{"taxonomy":"product_brand","embeddable":true,"href":"https:\/\/www.hydraulic-cylinders.net\/et\/wp-json\/wp\/v2\/product_brand?post=17254"},{"taxonomy":"product_cat","embeddable":true,"href":"https:\/\/www.hydraulic-cylinders.net\/et\/wp-json\/wp\/v2\/product_cat?post=17254"},{"taxonomy":"product_tag","embeddable":true,"href":"https:\/\/www.hydraulic-cylinders.net\/et\/wp-json\/wp\/v2\/product_tag?post=17254"}],"curies":[{"name":"wp","href":"https:\/\/api.w.org\/{rel}","templated":true}]}}