{"id":1731,"date":"2023-10-12T03:54:29","date_gmt":"2023-10-12T03:54:29","guid":{"rendered":"https:\/\/hydraulic-cylinders.net\/?post_type=product&#038;p=1731"},"modified":"2025-04-11T03:44:54","modified_gmt":"2025-04-11T03:44:54","slug":"cement-equipment-roll-over-cylinder","status":"publish","type":"product","link":"https:\/\/www.hydraulic-cylinders.net\/et\/toode\/cement-equipment-roll-over-cylinder\/","title":{"rendered":"Tsemendiseadmete \u00fcmbermineku silinder"},"content":{"rendered":"<h1 style=\"text-align: center;\"><strong>Tsemendiseadmete \u00fcmbermineku silinder<\/strong><\/h1>\n<p><img loading=\"lazy\" decoding=\"async\" class=\"aligncenter wp-image-1732\" src=\"https:\/\/hydraulic-cylinders.net\/wp-content\/uploads\/2023\/10\/roll-over-cylinder-1-300x300.webp\" alt=\"\" width=\"400\" height=\"400\" \/><\/p>\n<p>Tsemenditehaste \u00fcmbermineku silinder on tsemenditehaste oluline komponent, mis on loodud ohutuse ja efektiivsuse suurendamiseks mitmesuguste materjalik\u00e4itlustoimingute ajal. See spetsiaalne silinder m\u00e4ngib olulist rolli sellistes seadmetes nagu tsemendisegistid ja betooniveokid, v\u00f5imaldades trumli kontrollitud kallutamist ja p\u00f6\u00f6rlemist.<\/p>\n<p>Tsemendiseadmete \u00fcmbermineku silinder on tsemenditehastes kriitilise t\u00e4htsusega, suurendades ohutust ja t\u00f5husust materjali k\u00e4itlemise ajal. Oma vastupidava konstruktsiooni, t\u00e4pse juhtimise, ohutusfunktsioonide ja kompaktse disainiga v\u00f5imaldab see silinder tsemendisegistite v\u00f5i betooniveokite kontrollitud kallutamist ja p\u00f6\u00f6rlemist. Soovitatavate kasutusmeetodite ja hooldustavade j\u00e4rgimisega saate maksimeerida tsemendiseadmete \u00fcmbermineku silindri j\u00f5udlust ja pikaealisust, parandades l\u00f5ppkokkuv\u00f5ttes oma tsemenditootmise ohutust, tootlikkust ja kasumlikkust.<\/p>\n<p>Tsemendiseadmete \u00fcmbermineku silindri p\u00f5hiomadused:<\/p>\n<ol>\n<li>Vastupidav konstruktsioon:<\/li>\n<\/ol>\n<ul>\n<li>Tsemenditehase \u00fcmbermineku silinder on valmistatud kvaliteetsetest materjalidest, et tagada vastupidavus ja t\u00f6\u00f6kindlus n\u00f5udlikes tsemenditehase keskkondades.<\/li>\n<li>See talub suuri koormusi ja sagedast kallutamist ning p\u00f6\u00f6ramist ilma j\u00f5udlust kahjustamata.<\/li>\n<\/ul>\n<ol start=\"2\">\n<li>T\u00e4pne kontroll:<\/li>\n<\/ol>\n<ul>\n<li>See silinder on konstrueeritud tsemendisegistite v\u00f5i betooniveokite kallutamise ja p\u00f6\u00f6rlemise t\u00e4pseks juhtimiseks.<\/li>\n<li>See v\u00f5imaldab operaatoritel materjali v\u00e4ljastamise ajal s\u00e4ilitada stabiilsust ja t\u00e4psust, aidates kaasa t\u00f5husale t\u00f6\u00f6le.<\/li>\n<\/ul>\n<ol start=\"3\">\n<li>Turvaelemendid:<\/li>\n<\/ol>\n<ul>\n<li>Tsemendit\u00f6\u00f6tlemisseadme \u00fcmbermineku silindril on ohutusfunktsioonid, n\u00e4iteks integreeritud lukustusmehhanismid v\u00f5i kaitseklapid, et v\u00e4ltida juhuslikku \u00fcmberminekut v\u00f5i p\u00f6\u00f6rlemist.<\/li>\n<li>Need omadused pakuvad operaatoritele, seadmetele ja \u00fcmbritsevale personalile t\u00e4iendavat kaitsekihti.<\/li>\n<\/ul>\n<ol start=\"4\">\n<li>Kompaktne disain:<\/li>\n<\/ol>\n<ul>\n<li>Silindri kompaktne disain tagab sujuva integreerimise olemasolevatesse tsemendiseadmetesse, minimeerides vajadust t\u00e4iendavate modifikatsioonide j\u00e4rele.<\/li>\n<li>See optimeerib ruumikasutust ja v\u00f5imaldab t\u00f5husat t\u00f6\u00f6tamist kitsastes kohtades.<\/li>\n<\/ul>\n<h2><strong>Tsemendiseadmete \u00fcmbermineku silindri parameeter:<\/strong><\/h2>\n<table border=\"1\" cellspacing=\"0\" cellpadding=\"0\">\n<tbody>\n<tr>\n<td>Toote nimi<\/td>\n<td>Tsemendiseadmete \u00fcmbermineku silinder<\/td>\n<\/tr>\n<tr>\n<td>Omadused:<\/td>\n<td>Veorulliku t\u00f5stmine ja langetamine<\/td>\n<\/tr>\n<tr>\n<td>Ava l\u00e4bim\u00f5\u00f5t:<\/td>\n<td>180 mm\uff5e320 mm<\/td>\n<\/tr>\n<tr>\n<td>Varda l\u00e4bim\u00f5\u00f5t:<\/td>\n<td>110 mm\uff5e170 mm<br \/>\nL\u00f6\u00f6k: \u22646000 mm<\/td>\n<\/tr>\n<tr>\n<td>T\u00f5ukej\u00f5ud:<\/td>\n<td>Maksimaalselt 1688 kN<br \/>\n(Silindri l\u00e4bim\u00f5\u00f5t 320 mm \/ r\u00f5hk 21 MPa)<\/td>\n<\/tr>\n<tr>\n<td>Tsemendiseadmete rullsilindri rakendused:<\/td>\n<td>Tsemendiseadmed<\/td>\n<\/tr>\n<\/tbody>\n<\/table>\n<div><\/div>\n<div>\n<div class=\"txtboxL\">\n<div class=\"txtboxL\">Omadused:<\/div>\n<div class=\"txtboxR\">Veorulliku t\u00f5stmine ja langetamine<\/div>\n<div class=\"txtboxL\">Spetsifikatsioon:<\/div>\n<div class=\"txtboxR\">Ava l\u00e4bim\u00f5\u00f5t: 180 mm ~ 320 mm<br \/>\nVarda l\u00e4bim\u00f5\u00f5t: 110 mm ~ 170 mm<br \/>\nL\u00f6\u00f6k: \u22646000 mm<\/div>\n<div class=\"txtboxL\">T\u00f5ukej\u00f5ud:<\/div>\n<div class=\"txtboxR\">Maksimaalselt 1688 kN<br \/>\n(Silindri l\u00e4bim\u00f5\u00f5t 320 mm \/ r\u00f5hk 21 MPa)<\/div>\n<\/div>\n<\/div>\n<h2><strong>Tsemendiseadmed <\/strong><strong>Silindrite tehas:<\/strong><\/h2>\n<p><img loading=\"lazy\" decoding=\"async\" class=\"alignnone wp-image-1734 size-full\" src=\"https:\/\/hydraulic-cylinders.net\/wp-content\/uploads\/2023\/10\/cement-equipment-cylinder-1.webp\" alt=\"\" width=\"1418\" height=\"946\" srcset=\"https:\/\/hydraulic-cylinders.net\/wp-content\/uploads\/2023\/10\/cement-equipment-cylinder-1.webp 1418w, https:\/\/hydraulic-cylinders.net\/wp-content\/uploads\/2023\/10\/cement-equipment-cylinder-1-1280x854.webp 1280w, https:\/\/hydraulic-cylinders.net\/wp-content\/uploads\/2023\/10\/cement-equipment-cylinder-1-980x654.webp 980w, https:\/\/hydraulic-cylinders.net\/wp-content\/uploads\/2023\/10\/cement-equipment-cylinder-1-480x320.webp 480w\" sizes=\"(min-width: 0px) and (max-width: 480px) 480px, (min-width: 481px) and (max-width: 980px) 980px, (min-width: 981px) and (max-width: 1280px) 1280px, (min-width: 1281px) 1418px, 100vw\" \/><\/p>\n<h2><strong>Tsemendiseadmete rullsilindri kasutusmeetod<\/strong><strong>:<\/strong><\/h2>\n<ol>\n<li><strong>Paigaldamine:<\/strong><\/li>\n<\/ol>\n<ul>\n<li>J\u00e4rgige tootja juhiseid tsemendiseadmete \u00fcmbermineku silindri turvaliseks paigaldamiseks tsemendisegistile v\u00f5i betooniveokile.<\/li>\n<li>Ohutu ja usaldusv\u00e4\u00e4rse t\u00f6\u00f6 tagamiseks veenduge \u00f5iges joonduses ja kinnituses.<\/li>\n<\/ul>\n<ol start=\"2\">\n<li><strong>H\u00fcdrauliline \u00fchendus:<\/strong><\/li>\n<\/ol>\n<ul>\n<li>\u00dchendage silinder seadme h\u00fcdros\u00fcsteemiga, kasutades sobivaid liitmikke ja voolikuid.<\/li>\n<li>Veenduge, et k\u00f5ik h\u00fcdraulilised \u00fchendused on kindlad ja leketeta.<\/li>\n<\/ul>\n<ol start=\"3\">\n<li><strong>Toimimine ja juhtimine:<\/strong><\/li>\n<\/ol>\n<ul>\n<li>K\u00e4ivitage h\u00fcdraulikas\u00fcsteem, et aktiveerida tsemendiseadmete \u00fcmbermineku silinder.<\/li>\n<li>Silindri juhtimiseks, trumli kallutamise ja p\u00f6\u00f6rlemise juhtimiseks kasutage juhtpaneeli v\u00f5i liidest.<\/li>\n<li>Ohutu ja t\u00f5husa t\u00f6\u00f6 tagamiseks j\u00e4rgige tootja juhiseid ja soovituslikke tavasid.<\/li>\n<\/ul>\n<h2><strong>Kuidas eemaldada h\u00fcdrauliline sidurivoolik peasilindrist?<\/strong><\/h2>\n<p>H\u00fcdraulilise siduri vooliku peasilindrist eemaldamine n\u00f5uab hoolikat teostust, et v\u00e4ltida komponentide kahjustamist v\u00f5i lekete tekkimist. Siin on samm-sammult juhend h\u00fcdraulilise siduri vooliku peasilindrist eemaldamiseks:<\/p>\n<ol>\n<li><strong>Koguge vajalikud t\u00f6\u00f6riistad:<\/strong>\n<ul>\n<li>Kaitsekindad ja kaitseprillid<\/li>\n<li>Mutriv\u00f5tmed v\u00f5i n\u00f6\u00f6rv\u00f5tmed (liitmike jaoks sobiva suurusega)<\/li>\n<li>Koguge mahavoolanud vedelik panni v\u00f5i anumaga kokku.<\/li>\n<li>Puhtad kaltsud v\u00f5i r\u00e4tikud<\/li>\n<\/ul>\n<\/li>\n<li><strong>Tagage ohutusn\u00f5uded:<\/strong>\n<ul>\n<li>Kandke kaitsekindaid ja -prille, et kaitsta end v\u00f5imalike ohtude eest.<\/li>\n<li>Veenduge, et mootor on v\u00e4lja l\u00fclitatud, s\u00f5iduk on parkimis- v\u00f5i neutraalasendis ja seisupidur on rakendatud.<\/li>\n<\/ul>\n<\/li>\n<li><strong>Peasilindri leidmine:<\/strong>\n<ul>\n<li>H\u00fcdraulilise siduri peasilinder asub tavaliselt mootoriruumi juhipoolsel k\u00fcljel tulem\u00fc\u00fcri l\u00e4hedal.<\/li>\n<li>Tuvastage siduri voolik, mis \u00fchendub peasilindriga. Sellel on liitmikud m\u00f5lemas otsas.<\/li>\n<\/ul>\n<\/li>\n<li><strong>Valmistuge vedeliku lekkeks:<\/strong>\n<ul>\n<li>Asetage peasilindri ja sidurivooliku alla kogumisvann v\u00f5i anum, et koguda eemaldamise ajal lekkida v\u00f5iv vedelik.<\/li>\n<li>Hoidke l\u00e4heduses puhtaid kaltsusid v\u00f5i r\u00e4tikuid, et lekkeid \u00e4ra p\u00fchkida.<\/li>\n<\/ul>\n<\/li>\n<li><strong>Keerake liitmikud lahti:<\/strong>\n<ul>\n<li>Sidurivooliku m\u00f5lema otsa liitmike l\u00f5dvendamiseks kasutage sobivat mutriv\u00f5tit v\u00f5i liiniv\u00f5tit.<\/li>\n<li>Keerake mutriv\u00f5tit vastup\u00e4eva, et lahti saada, kuid olge ettevaatlik, et liitmikke \u00fcle ei pingutaks ega j\u00f5uga ei rakendaks, kuna need v\u00f5ivad olla \u00f5rnad.<\/li>\n<\/ul>\n<\/li>\n<li><strong>Eemalda rida:<\/strong>\n<ul>\n<li>Kui liitmikud on lahti keeratud, keerake need ettevaatlikult k\u00e4sitsi lahti, kuni need peasilindrist t\u00e4ielikult lahti tulevad.<\/li>\n<li>Olge valmis selleks, et torustiku ja liitmike eemaldamisel v\u00f5ib neist tilkuda j\u00e4\u00e4kvedelikku.<\/li>\n<\/ul>\n<\/li>\n<li><strong>Kontrollige torustikku ja liitmikke:<\/strong>\n<ul>\n<li>Kontrollige sidurivoolikut ja liitmikke kahjustuste, kulumise v\u00f5i lekete suhtes.<\/li>\n<li>Kui leitakse probleeme, on soovitatav enne uuesti paigaldamist voolik v\u00f5i liitmikud v\u00e4lja vahetada.<\/li>\n<\/ul>\n<\/li>\n<li><strong>Peasilindri tihendamine:<\/strong>\n<ul>\n<li>\u00d5hu v\u00f5i prahi sattumise v\u00e4ltimiseks peasilindrisse katke avatud ava puhta kaltsu v\u00f5i korgiga.<\/li>\n<\/ul>\n<\/li>\n<li><strong>Vedeliku n\u00f5uetekohaselt k\u00f5rvaldamine:<\/strong>\n<ul>\n<li>Kogutud vedelik tuleb utiliseerida vastavalt kohalikele eeskirjadele v\u00f5i viia sobivasse taaskasutuskeskusesse.<\/li>\n<\/ul>\n<\/li>\n<\/ol>\n<h2><strong>Tehase v\u00f5imekus ja suutlikkus:<\/strong><\/h2>\n<h3>(1) Kokkupanek<\/h3>\n<p>Meil on esmaklassiline s\u00f5ltumatu teadus- ja arendustegevuse montaa\u017eiplatvorm. H\u00fcdrosilindrite tootmist\u00f6\u00f6kojas on neli poolautomaatset t\u00f5stesilindrite koosteliini ja \u00fcks automaatne kallutussilindrite koosteliin, mille kavandatud aastane tootmisv\u00f5imsus on 1 miljon t\u00fckki. Spetsiaalsete silindrite t\u00f6\u00f6koda on varustatud erinevate spetsifikatsioonidega poolautomaatse puhastusmontaa\u017eis\u00fcsteemiga, mille kavandatud aastane tootmisv\u00f5imsus on 200 000 ja mis on varustatud kuulsate CNC-t\u00f6\u00f6tlemisseadmete, mehaanilise t\u00f6\u00f6tlemise keskuse, suure t\u00e4psusega silindrite t\u00f6\u00f6tlemise eriseadmete, robotkeevitusmasina, automaatse puhastusmasina, automaatse silindri kokkupanemise masina ja automaatse v\u00e4rvimise tootmisliiniga. Olemasolevad kriitilised seadmed rohkem kui 300 komplekti (komplekti). Seadmete ressursside optimaalne jaotamine ja t\u00f5hus kasutamine tagavad toodete t\u00e4psusn\u00f5uded ja vastavad toodete kvaliteedin\u00f5uetele.<\/p>\n<p><img loading=\"lazy\" decoding=\"async\" class=\"alignnone wp-image-626\" src=\"https:\/\/hydraulic-cylinders.net\/wp-content\/uploads\/2023\/08\/hydraulic-cylinder-product-1-300x158.webp\" alt=\"\" width=\"495\" height=\"260\" srcset=\"https:\/\/hydraulic-cylinders.net\/wp-content\/uploads\/2023\/08\/hydraulic-cylinder-product-1-300x158.webp 495w, https:\/\/hydraulic-cylinders.net\/wp-content\/uploads\/2023\/08\/hydraulic-cylinder-product-1-480x252.webp 480w\" sizes=\"(min-width: 0px) and (max-width: 480px) 480px, (min-width: 481px) 495px, 100vw\" \/> <img loading=\"lazy\" decoding=\"async\" class=\"alignnone wp-image-627\" src=\"https:\/\/hydraulic-cylinders.net\/wp-content\/uploads\/2023\/08\/hydraulic-cylinder-product-2-300x189.webp\" alt=\"\" width=\"413\" height=\"260\" \/><\/p>\n<h3>(2) T\u00f6\u00f6tlemine<\/h3>\n<p>T\u00f6\u00f6deldav t\u00f6\u00f6koda on varustatud kohandatud kallutatud r\u00f6\u00f6pse treipingi keskuse, mehaanilise keskuse, kiire lihvimismasina, keevitusroboti ja muude seotud seadmetega, mis suudavad t\u00f6\u00f6delda silindritorusid, mille maksimaalne sisel\u00e4bim\u00f5\u00f5t on 400 mm ja maksimaalne pikkus on 6 meetrit.<\/p>\n<p><img loading=\"lazy\" decoding=\"async\" class=\"alignnone wp-image-628 size-large\" src=\"https:\/\/hydraulic-cylinders.net\/wp-content\/uploads\/2023\/08\/hydraulic-cylinder-product-3-1024x391.webp\" alt=\"\" width=\"1024\" height=\"391\" srcset=\"https:\/\/hydraulic-cylinders.net\/wp-content\/uploads\/2023\/08\/hydraulic-cylinder-product-3-980x374.webp 980w, https:\/\/hydraulic-cylinders.net\/wp-content\/uploads\/2023\/08\/hydraulic-cylinder-product-3-480x183.webp 480w\" sizes=\"(min-width: 0px) and (max-width: 480px) 480px, (min-width: 481px) and (max-width: 980px) 980px, (min-width: 981px) 1024px, 100vw\" \/><\/p>\n<h3>(3) Keevitamine<\/h3>\n<p><img loading=\"lazy\" decoding=\"async\" class=\"alignnone wp-image-629 size-large\" src=\"https:\/\/hydraulic-cylinders.net\/wp-content\/uploads\/2023\/08\/hydraulic-cylinder-product-4-1024x510.webp\" alt=\"\" width=\"1024\" height=\"510\" srcset=\"https:\/\/hydraulic-cylinders.net\/wp-content\/uploads\/2023\/08\/hydraulic-cylinder-product-4-980x488.webp 980w, https:\/\/hydraulic-cylinders.net\/wp-content\/uploads\/2023\/08\/hydraulic-cylinder-product-4-480x239.webp 480w\" sizes=\"(min-width: 0px) and (max-width: 480px) 480px, (min-width: 481px) and (max-width: 980px) 980px, (min-width: 981px) 1024px, 100vw\" \/><\/p>\n<h3>(4) V\u00e4rvimine ja katmine<\/h3>\n<p>V\u00e4ikese ja keskmise suurusega silindri automaatse veep\u00f5hise v\u00e4rvipinnakattega liinide abil, et saavutada automaatne robotlaadimine ja mahalaadimine ning automaatne pihustamine, projekteerimisv\u00f5imsus 4000 t\u00fckki vahetuse kohta;<br \/>\nMeil on ka poolautomaatne suurte balloonide v\u00e4rvimise tootmisliin, mis t\u00f6\u00f6tab j\u00f5ukettaga ja mille projekteerimisv\u00f5imsus on 60 kasti \u00fche vahetuse kohta.<\/p>\n<p><img loading=\"lazy\" decoding=\"async\" class=\"alignnone wp-image-630\" src=\"https:\/\/hydraulic-cylinders.net\/wp-content\/uploads\/2023\/08\/hydraulic-cylinder-product-5-300x213.webp\" alt=\"\" width=\"366\" height=\"260\" \/> <img loading=\"lazy\" decoding=\"async\" class=\"alignnone wp-image-631\" src=\"https:\/\/hydraulic-cylinders.net\/wp-content\/uploads\/2023\/08\/hydraulic-cylinder-product-6-300x225.webp\" alt=\"\" width=\"347\" height=\"260\" \/><\/p>\n<h3>(5) Testimine<\/h3>\n<p>Meil on esmaklassilised kontrolliseadmed ja katsestendid, et tagada silindri j\u00f5udlus vastavus n\u00f5uetele.<\/p>\n<p><img loading=\"lazy\" decoding=\"async\" class=\"alignnone wp-image-632\" src=\"https:\/\/hydraulic-cylinders.net\/wp-content\/uploads\/2023\/08\/hydraulic-cylinder-product-8-300x200.webp\" alt=\"\" width=\"389\" height=\"260\" \/><\/p>\n<p>&nbsp;<\/p>\n<p>&nbsp;<\/p>\n<p>Oleme \u00fcks parimaid h\u00fcdrosilindrite tootjaid. Pakume laia valikut h\u00fcdrosilindreid. Pakume ka vastavaid... <a href=\"https:\/\/hzpt.com\/agricultural-pto-gearbox\/\" target=\"_blank\" rel=\"noopener\">p\u00f5llumajanduslikud k\u00e4igukastid<\/a>. Oleme eksportinud oma tooteid klientidele \u00fcle maailma ja teeninud hea maine t\u00e4nu meie suurep\u00e4rasele tootekvaliteedile ja m\u00fc\u00fcgij\u00e4rgsele teenindusele. Me tervitame kliente kodus ja v\u00e4lismaal, et v\u00f5tta meiega \u00fchendust, et pidada l\u00e4bir\u00e4\u00e4kimisi \u00e4ri, vahetada teavet ja <a href=\"https:\/\/www.hydraulic-cylinders.net\/et\/contact-us\/\">teha meiega koost\u00f6\u00f6d<\/a>!<\/p>","protected":false},"excerpt":{"rendered":"<p>Cement Equipment Roll Over Cylinder The cement equipment roll over cylinder is an essential component in cement plants, designed to enhance safety and efficiency during various material handling operations. This specialized cylinder plays a critical role in equipment such as cement mixers and concrete trucks, allowing for controlled tipping and rotation of the drum. The [&hellip;]<\/p>","protected":false},"featured_media":1733,"comment_status":"open","ping_status":"closed","template":"","meta":{"_et_pb_use_builder":"","_et_pb_old_content":"","_et_gb_content_width":""},"product_brand":[],"product_cat":[1520,1550],"product_tag":[1380],"class_list":{"0":"post-1731","1":"product","2":"type-product","3":"status-publish","4":"has-post-thumbnail","6":"product_cat-concrete-equipment-hydraulic-cylinders","7":"product_cat-double-acting-hydraulic-cylinder","8":"product_tag-hydraulic-cylinder","10":"first","11":"instock","12":"shipping-taxable","13":"product-type-simple"},"amp_enabled":true,"_links":{"self":[{"href":"https:\/\/www.hydraulic-cylinders.net\/et\/wp-json\/wp\/v2\/product\/1731","targetHints":{"allow":["GET"]}}],"collection":[{"href":"https:\/\/www.hydraulic-cylinders.net\/et\/wp-json\/wp\/v2\/product"}],"about":[{"href":"https:\/\/www.hydraulic-cylinders.net\/et\/wp-json\/wp\/v2\/types\/product"}],"replies":[{"embeddable":true,"href":"https:\/\/www.hydraulic-cylinders.net\/et\/wp-json\/wp\/v2\/comments?post=1731"}],"wp:featuredmedia":[{"embeddable":true,"href":"https:\/\/www.hydraulic-cylinders.net\/et\/wp-json\/wp\/v2\/media\/1733"}],"wp:attachment":[{"href":"https:\/\/www.hydraulic-cylinders.net\/et\/wp-json\/wp\/v2\/media?parent=1731"}],"wp:term":[{"taxonomy":"product_brand","embeddable":true,"href":"https:\/\/www.hydraulic-cylinders.net\/et\/wp-json\/wp\/v2\/product_brand?post=1731"},{"taxonomy":"product_cat","embeddable":true,"href":"https:\/\/www.hydraulic-cylinders.net\/et\/wp-json\/wp\/v2\/product_cat?post=1731"},{"taxonomy":"product_tag","embeddable":true,"href":"https:\/\/www.hydraulic-cylinders.net\/et\/wp-json\/wp\/v2\/product_tag?post=1731"}],"curies":[{"name":"wp","href":"https:\/\/api.w.org\/{rel}","templated":true}]}}