{"id":17316,"date":"2025-03-06T08:26:04","date_gmt":"2025-03-06T08:26:04","guid":{"rendered":"https:\/\/www.hydraulic-cylinders.net\/?post_type=product&#038;p=17316"},"modified":"2025-04-11T05:27:11","modified_gmt":"2025-04-11T05:27:11","slug":"hsg-series-hydraulic-cylinders-for-harvesting-machinery","status":"publish","type":"product","link":"https:\/\/www.hydraulic-cylinders.net\/et\/toode\/hsg-series-hydraulic-cylinders-for-harvesting-machinery\/","title":{"rendered":"HSG seeria h\u00fcdraulilised silindrid koristusmasinatele"},"content":{"rendered":"<h1 style=\"text-align: center;\"><strong>HSG seeria h\u00fcdraulilised silindrid koristusmasinatele<br \/>\n<\/strong><\/h1>\n<h1 style=\"text-align: center;\"><strong><img loading=\"lazy\" decoding=\"async\" class=\"alignnone wp-image-17302\" src=\"https:\/\/www.hydraulic-cylinders.net\/wp-content\/uploads\/2025\/03\/Zg-And-Hsg-Series-Hydraulic-Cylinders-For-Harvesting-Machinery-2.webp\" alt=\"\" width=\"500\" height=\"500\" \/><\/strong><\/h1>\n<h1 style=\"text-align: center;\"><strong>\u00a0<\/strong><\/h1>\n<p>HSG-seeria h\u00fcdraulilised silindrid on spetsiaalselt konstrueeritud koristusmasinate jaoks, pakkudes t\u00e4nap\u00e4evasteks p\u00f5llumajandust\u00f6\u00f6deks vajalikku v\u00f5imsust ja t\u00e4psust. Need silindrid suurendavad erinevate koristust\u00f6\u00f6de t\u00f5husust, alates seadmete t\u00f5stmisest ja langetamisest kuni masinate t\u00e4pse man\u00f6\u00f6verdamiseni. HSG-seeria on loodud taluma p\u00f5llumajanduskeskkonna raskusi, tagades usaldusv\u00e4\u00e4rse j\u00f5udluse ja vastupidavuse, muutes need iga koristust\u00f6\u00f6 asendamatuks komponendiks.<br \/>\nHSG seeria h\u00fcdrosilindrid koristusmasinatele pakuvad v\u00f5imsat ja usaldusv\u00e4\u00e4rset lahendust t\u00e4nap\u00e4evaste p\u00f5llumajanduslike vajaduste rahuldamiseks. T\u00e4nu suurele kandev\u00f5imele, vastupidavale konstruktsioonile ja t\u00e4iustatud tihendustehnoloogiale parandavad need silindrid koristusmasinate j\u00f5udlust. Soovitatavate kasutus- ja hooldustavade j\u00e4rgimisega saavad operaatorid tagada, et nende masinad t\u00f6\u00f6tavad parimal v\u00f5imalikul viisil, aidates kaasa edukale saagikoristusele ja paremale tootlikkusele p\u00f5llul. HSG seeria h\u00fcdrosilindritesse investeerimine t\u00e4hendab oma p\u00f5llumajandust\u00f6\u00f6de jaoks efektiivsuse, vastupidavuse ja t\u00e4psuse valimist.<\/p>\n<h2><strong>HSG seeria h\u00fcdraulilised silindrid ehitusmasinatele <\/strong><strong>Parameetrid:<\/strong><\/h2>\n<h1 style=\"text-align: center;\"><strong><img loading=\"lazy\" decoding=\"async\" class=\"alignnone size-full wp-image-17300\" src=\"https:\/\/www.hydraulic-cylinders.net\/wp-content\/uploads\/2025\/03\/Zg-And-Hsg-Series-Hydraulic-Cylinders-For-Harvesting-Machinery-parameter.webp\" alt=\"\" width=\"2265\" height=\"607\" srcset=\"https:\/\/www.hydraulic-cylinders.net\/wp-content\/uploads\/2025\/03\/Zg-And-Hsg-Series-Hydraulic-Cylinders-For-Harvesting-Machinery-parameter.webp 2265w, https:\/\/www.hydraulic-cylinders.net\/wp-content\/uploads\/2025\/03\/Zg-And-Hsg-Series-Hydraulic-Cylinders-For-Harvesting-Machinery-parameter-1280x343.webp 1280w, https:\/\/www.hydraulic-cylinders.net\/wp-content\/uploads\/2025\/03\/Zg-And-Hsg-Series-Hydraulic-Cylinders-For-Harvesting-Machinery-parameter-980x263.webp 980w, https:\/\/www.hydraulic-cylinders.net\/wp-content\/uploads\/2025\/03\/Zg-And-Hsg-Series-Hydraulic-Cylinders-For-Harvesting-Machinery-parameter-480x129.webp 480w\" sizes=\"(min-width: 0px) and (max-width: 480px) 480px, (min-width: 481px) and (max-width: 980px) 980px, (min-width: 981px) and (max-width: 1280px) 1280px, (min-width: 1281px) 2265px, 100vw\" \/><\/strong><\/h1>\n<h2><strong>HSG seeria h\u00fcdraulilised silindrid ehitusmasinatele <\/strong><strong> Peamised omadused:<\/strong><\/h2>\n<h4><strong>Erakordne koormak\u00e4itlus<\/strong><\/h4>\n<p>HSG seeria h\u00fcdraulilised silindrid on suurep\u00e4rased raskete koormate k\u00e4sitsemisel, v\u00f5imaldades koristusmasinatel h\u00f5lpsalt olulisi komponente t\u00f5sta ja man\u00f6\u00f6verdada. See v\u00f5imas v\u00f5imekus suurendab t\u00f6\u00f6 efektiivsust ja v\u00f5imaldab operaatoritel \u00fclesandeid kiiresti t\u00e4ita, maksimeerides tootlikkust tiheda koristushooaja jooksul.<\/p>\n<h4><strong>Tugev ja vastupidav disain<\/strong><\/h4>\n<p>Need kvaliteetsetest materjalidest valmistatud h\u00fcdrosilindrid on loodud vastu pidama p\u00f5llumajanduskeskkonna n\u00f5udlikele tingimustele. Nende vastupidav konstruktsioon minimeerib kulumist, tagades pikaajalise j\u00f5udluse ja v\u00e4hendades hoolduskatkestusi. See t\u00f6\u00f6kindlus hoiab tegevuse sujuvana, v\u00f5imaldades p\u00f5llumeestel keskenduda oma t\u00f6\u00f6le ilma tarbetute seisakuteta.<\/p>\n<h4><strong>\u00dclim t\u00e4ppistehnika<\/strong><\/h4>\n<p>Iga HSG seeria silinder l\u00e4bib hoolika tootmisprotsessi, mis tagab t\u00e4psed m\u00f5\u00f5tmed. See t\u00e4helepanu detailidele optimeerib h\u00fcdraulilist j\u00f5udlust, mis tagab sujuvama t\u00f6\u00f6 ja parema kontrolli koristust\u00f6\u00f6de ajal. Operaatorid saavad kasu paremast reageerimisv\u00f5imest, mis muudab keerulised man\u00f6\u00f6vrid lihtsamini hallatavaks ja t\u00f5husamaks.<\/p>\n<h4><strong>Lai \u00fchilduvus<\/strong><\/h4>\n<p>HSG-seeria silindrid on loodud sujuvalt integreeruma paljude erinevate koristusmasinate mudelitega. See mitmek\u00fclgsus muudab operaatorite jaoks erinevate p\u00f5llumajanduslike rakendustega kohanemise lihtsaks ilma ulatuslike muudatusteta. Selline \u00fchilduvus lihtsustab uuendamist ja tagab seadmete paindlikkuse ja t\u00f5hususe erinevate \u00fclesannete t\u00e4itmisel.<\/p>\n<h4><strong>Innovatiivne lekke ennetamine<\/strong><\/h4>\n<p>T\u00e4nu t\u00e4iustatud tihendustehnoloogiale v\u00e4hendavad need h\u00fcdrosilindrid oluliselt h\u00fcdraulikavedeliku lekete ohtu. See uuendus mitte ainult ei suurenda efektiivsust, vaid v\u00e4hendab ka hoolduskulusid, v\u00f5imaldades operaatoritel keskenduda oma koristust\u00f6\u00f6dele. Tagades usaldusv\u00e4\u00e4rse h\u00fcdros\u00fcsteemi, suurendavad need silindrid \u00fcldist t\u00f6\u00f6 efektiivsust.<\/p>\n<p>HSG seeria h\u00fcdrosilindrid paistavad silma oma erakordse koormustaluvuse, vastupidava disaini, \u00fclima t\u00e4psuse, laia \u00fchilduvuse ja uuendusliku lekkekaitse poolest. Need omadused muudavad need oluliseks varaks iga koristust\u00f6\u00f6 jaoks, tagades p\u00f5llul t\u00f5hususe ja t\u00f6\u00f6kindluse. HSG seeria silindrite valimisega investeerivad operaatorid lahendusse, mis suurendab tootlikkust ja toetab edukaid p\u00f5llumajandustulemusi.<\/p>\n<h2><strong>HSG seeria h\u00fcdraulilised silindrid ehitusmasinatele <\/strong><strong> Rakendus:<\/strong><\/h2>\n<h1 style=\"text-align: center;\"><strong><img loading=\"lazy\" decoding=\"async\" class=\"alignnone size-full wp-image-17301\" src=\"https:\/\/www.hydraulic-cylinders.net\/wp-content\/uploads\/2025\/03\/Zg-And-Hsg-Series-Hydraulic-Cylinders-For-Harvesting-Machinery-1.webp\" alt=\"\" width=\"2481\" height=\"685\" srcset=\"https:\/\/www.hydraulic-cylinders.net\/wp-content\/uploads\/2025\/03\/Zg-And-Hsg-Series-Hydraulic-Cylinders-For-Harvesting-Machinery-1.webp 2481w, https:\/\/www.hydraulic-cylinders.net\/wp-content\/uploads\/2025\/03\/Zg-And-Hsg-Series-Hydraulic-Cylinders-For-Harvesting-Machinery-1-1280x353.webp 1280w, https:\/\/www.hydraulic-cylinders.net\/wp-content\/uploads\/2025\/03\/Zg-And-Hsg-Series-Hydraulic-Cylinders-For-Harvesting-Machinery-1-980x271.webp 980w, https:\/\/www.hydraulic-cylinders.net\/wp-content\/uploads\/2025\/03\/Zg-And-Hsg-Series-Hydraulic-Cylinders-For-Harvesting-Machinery-1-480x133.webp 480w\" sizes=\"(min-width: 0px) and (max-width: 480px) 480px, (min-width: 481px) and (max-width: 980px) 980px, (min-width: 981px) and (max-width: 1280px) 1280px, (min-width: 1281px) 2481px, 100vw\" \/><\/strong><\/h1>\n<h2><strong>HSG seeria h\u00fcdraulilised silindrid ehitusmasinatele <\/strong><strong> Kasutusmeetod:<\/strong><\/h2>\n<p>HSG seeria h\u00fcdrauliliste silindrite kasutamine on lihtne protsess, mis parandab oluliselt koristusmasinate j\u00f5udlust. J\u00e4rgige neid samme, et maksimeerida nende efektiivsust ja tagada t\u00f6\u00f6kindlus:<\/p>\n<h4><strong>Paigaldamine<\/strong><\/h4>\n<p>Alustage h\u00fcdrosilindrite turvalisest kinnitamisest koristusmasinatele standardsete liitmike abil. V\u00f5tke aega, et veenduda k\u00f5igi \u00fchenduste tiheduses, sest isegi v\u00e4ikesed lekked v\u00f5ivad p\u00f5hjustada olulisi j\u00f5udlusprobleeme. H\u00e4sti teostatud paigaldus mitte ainult ei taga ohutust, vaid loob ka eeldused optimaalseks h\u00fcdraulikafunktsiooniks. T\u00f6\u00f6 topeltkontrollimine enne j\u00e4tkamist aitab teil tulevikus v\u00f5imalikke peavalusid v\u00e4ltida.<\/p>\n<h4><strong>H\u00fcdrauliliste voolikute \u00fchendamine<\/strong><\/h4>\n<p>Seej\u00e4rel \u00fchendage h\u00fcdraulikavoolikud silindrite k\u00fclge, j\u00e4rgides hoolikalt seadme kasutusjuhendis n\u00e4idatud \u00f5iget voolusuunda. \u00d5iged \u00fchendused on tipph\u00fcdraulilise j\u00f5udluse saavutamiseks h\u00e4davajalikud; valed seadistused v\u00f5ivad takistada vedeliku liikumist ja isegi s\u00fcsteemi kahjustada. Veenduge, et voolikud oleksid vabad keerdudest v\u00f5i takistustest, et tagada sujuv vedelikuvool. See t\u00e4helepanu detailidele tagab h\u00fcdraulikas\u00fcsteemi t\u00f5husa toimimise, v\u00f5imaldades masina reageerivat ja v\u00f5imsat t\u00f6\u00f6d.<\/p>\n<h4><strong>Operatsioon<\/strong><\/h4>\n<p>Once the installation and connections are complete, operators can take full command of the harvesting machinery&#8217;s movements. The hydraulic system empowers users to lift, lower, and maneuver equipment with remarkable precision. This level of control simplifies a variety of tasks, whether it\u2019s adjusting the height of cutting implements or navigating through tight spaces in the field. With the HSG Series, operators can execute intricate maneuvers with confidence, leading to improved efficiency and productivity during busy harvesting seasons.<\/p>\n<h4><strong>Toimivuse j\u00e4lgimine<\/strong><\/h4>\n<p>H\u00fcdraulikas\u00fcsteemi regulaarne j\u00e4lgimine on optimaalse j\u00f5udluse s\u00e4ilitamiseks \u00fclioluline. Muutke h\u00fcdraulikavedeliku taseme ja manomeetrite sagedane kontrollimine rutiiniks. Tootja soovitatud parameetrite j\u00e4rgimine aitab tuvastada potentsiaalseid probleeme enne, kui need muutuvad kulukaks remondiks. See ennetav l\u00e4henemisviis mitte ainult ei taga masinate parimat toimimist, vaid pikendab ka h\u00fcdraulikakomponentide eluiga. S\u00fcsteemi j\u00f5udlust t\u00e4helepanelikult j\u00e4lgides saavad operaatorid s\u00e4ilitada usaldusv\u00e4\u00e4rse ja t\u00f5husa koristusprotsessi.<\/p>\n<p>J\u00e4rgides neid lihtsaid samme paigaldamiseks, h\u00fcdraulikavoolikute \u00fchendamiseks, kasutamiseks ja j\u00f5udluse j\u00e4lgimiseks, saavad operaatorid oma koristusmasinates HSG-seeria h\u00fcdrauliliste silindrite t\u00e4ieliku potentsiaali \u00e4ra kasutada. See l\u00e4henemisviis mitte ainult ei suurenda tootlikkust, vaid tagab ka usaldusv\u00e4\u00e4rse t\u00f6\u00f6, mis viib edukate p\u00f5llumajandustulemusteni. Nende tavade omaksv\u00f5tmine t\u00e4hendab investeerimist sujuvamasse ja t\u00f5husamasse koristuskogemusse.<\/p>\n<h2><strong>Testimisseadmed:<\/strong><\/h2>\n<p><strong><img loading=\"lazy\" decoding=\"async\" class=\"alignnone size-full wp-image-17293\" src=\"https:\/\/www.hydraulic-cylinders.net\/wp-content\/uploads\/2025\/03\/test-equipment.webp-2.webp\" alt=\"\" width=\"1932\" height=\"1741\" srcset=\"https:\/\/www.hydraulic-cylinders.net\/wp-content\/uploads\/2025\/03\/test-equipment.webp-2.webp 1932w, https:\/\/www.hydraulic-cylinders.net\/wp-content\/uploads\/2025\/03\/test-equipment.webp-2-1280x1153.webp 1280w, https:\/\/www.hydraulic-cylinders.net\/wp-content\/uploads\/2025\/03\/test-equipment.webp-2-980x883.webp 980w, https:\/\/www.hydraulic-cylinders.net\/wp-content\/uploads\/2025\/03\/test-equipment.webp-2-480x433.webp 480w\" sizes=\"(min-width: 0px) and (max-width: 480px) 480px, (min-width: 481px) and (max-width: 980px) 980px, (min-width: 981px) and (max-width: 1280px) 1280px, (min-width: 1281px) 1932px, 100vw\" \/><\/strong><\/p>\n<ul>\n<li>1: Soolapihustusega katsekamber<\/li>\n<li>2: Keemiline anal\u00fc\u00fcs<\/li>\n<li>3: T\u00f5mbekatse masin<\/li>\n<li>4: Rockwelli k\u00f5vadustester<\/li>\n<li>5: Puhtuse testimise masin<\/li>\n<li>6: TH110 tagasil\u00f6\u00f6gik\u00f5vaduse tester<\/li>\n<li>7: Kattekihi paksuse m\u00f5\u00f5tur<\/li>\n<li>8: Pendli l\u00f6\u00f6gikatse<\/li>\n<\/ul>\n<p><img loading=\"lazy\" decoding=\"async\" class=\"alignnone size-full wp-image-17292\" src=\"https:\/\/www.hydraulic-cylinders.net\/wp-content\/uploads\/2025\/03\/test-equipment.webp-1.webp\" alt=\"\" width=\"1600\" height=\"1216\" srcset=\"https:\/\/www.hydraulic-cylinders.net\/wp-content\/uploads\/2025\/03\/test-equipment.webp-1.webp 1600w, https:\/\/www.hydraulic-cylinders.net\/wp-content\/uploads\/2025\/03\/test-equipment.webp-1-1280x973.webp 1280w, https:\/\/www.hydraulic-cylinders.net\/wp-content\/uploads\/2025\/03\/test-equipment.webp-1-980x745.webp 980w, https:\/\/www.hydraulic-cylinders.net\/wp-content\/uploads\/2025\/03\/test-equipment.webp-1-480x365.webp 480w\" sizes=\"(min-width: 0px) and (max-width: 480px) 480px, (min-width: 481px) and (max-width: 980px) 980px, (min-width: 981px) and (max-width: 1280px) 1280px, (min-width: 1281px) 1600px, 100vw\" \/><\/p>\n<p>Meie ettev\u00f5te peab kvaliteeti oma edu aluseks. Selle p\u00fchendumuse t\u00e4itmiseks oleme investeerinud tipptasemel kodumajapidamises kasutatavatesse testimis- ja laboriseadmetesse, mida toetab teaduse ja tehnoloogia valdkonna k\u00f5rgelt kvalifitseeritud spetsialistide meeskond.<\/p>\n<p>Meie range kvaliteedijuhtimiss\u00fcsteem vastab t\u00f6\u00f6stusstandarditele, tagades, et iga meie toodetud tootepartii vastab k\u00f5rgeimatele kvaliteedikriteeriumidele. Standardiseerides oma tegevust ja j\u00e4lgides pidevalt protsesse, tagame, et meie kliendid saavad ainult parimat.<\/p>\n<p>See vankumatu p\u00fchendumus kvaliteedile mitte ainult ei suurenda meie toodete usaldusv\u00e4\u00e4rsust, vaid loob ka usaldust ja rahulolu meie klientide seas. Usume, et seades esikohale tipptaseme oma tootmise igas aspektis, panustame oma partnerite ja kogu t\u00f6\u00f6stusharu edusse. Koos p\u00fc\u00fcdleme innovatsiooni ja kvaliteedi poole, mis kestab ajas.<\/p>\n<h2><strong>H\u00fcdraulilise silindri tootmiskoht:<\/strong><\/h2>\n<p>Meie ettev\u00f5te on juhtiv h\u00fcdrosilindrite tootja, mida toetavad meie enda s\u00f5ltumatud uurimis-, arendus- ja disainiv\u00f5imalused. Tipptasemel tehasega, kus on \u00fcle 170 \u00fcldise t\u00f6\u00f6pingi, CNC-masina, t\u00f6\u00f6tlemiskeskuse, keevitusseadme ja spetsiaalsete testimis- ja kontrollit\u00f6\u00f6riistade, oleme h\u00e4sti varustatud, et rahuldada mitmekesiseid t\u00f6\u00f6stuslikke n\u00f5udmisi.<\/p>\n<p>Aastatepikkuse tehnoloogilise oskusteabe ja protsesside t\u00e4iustamise abil oleme loonud k\u00fcpse tootmisprotsessi, mis integreerib sujuvalt teadus- ja arendustegevuse tootmisega. Sellest integratsioonist on saanud meie peamine konkurentsieelis, mis v\u00f5imaldab meil disainida ja toota laia valikut h\u00fcdraulilisi silindreid, mis on kohandatud vastavalt klientide konkreetsetele vajadustele.<\/p>\n<p>Meie tooteid kasutatakse laialdaselt erinevates sektorites, sealhulgas p\u00f5llumajandusmasinate, ehitusseadmete, s\u00f5idukite, teedeehituse ja erimasinate tootmises. Toetame uhkusega arvukalt originaalseadmete tootjaid (OEM), sealhulgas Bonong Xingda, Bojin Hummer, Jilin Ruifeng, Debang Dawei, Shandong Yineng Heavy Industry, Tai'an Modern Heavy Industry ja Shifeng Group.<\/p>\n<p><img loading=\"lazy\" decoding=\"async\" class=\"alignnone size-full wp-image-17290\" src=\"https:\/\/www.hydraulic-cylinders.net\/wp-content\/uploads\/2025\/03\/production-site-1.webp\" alt=\"\" width=\"1971\" height=\"2253\" srcset=\"https:\/\/www.hydraulic-cylinders.net\/wp-content\/uploads\/2025\/03\/production-site-1.webp 1971w, https:\/\/www.hydraulic-cylinders.net\/wp-content\/uploads\/2025\/03\/production-site-1-1280x1463.webp 1280w, https:\/\/www.hydraulic-cylinders.net\/wp-content\/uploads\/2025\/03\/production-site-1-980x1120.webp 980w, https:\/\/www.hydraulic-cylinders.net\/wp-content\/uploads\/2025\/03\/production-site-1-480x549.webp 480w\" sizes=\"(min-width: 0px) and (max-width: 480px) 480px, (min-width: 481px) and (max-width: 980px) 980px, (min-width: 981px) and (max-width: 1280px) 1280px, (min-width: 1281px) 1971px, 100vw\" \/><\/p>\n<p>Oleme p\u00fchendunud erakordse teenuse pakkumisele tugeva kvaliteedipoliitika kaudu, mis seab esikohale pideva innovatsiooni teadus- ja arendustegevuses, juhtimises, kvaliteedikontrollis ja klienditeeninduses. Meie p\u00fchendumust kvaliteedile on tunnustatud ISO\/TS16949 sertifikaadiga, mis tagab, et me mitte ainult ei vasta klientide ootustele, vaid \u00fcletame neid pidevalt.<\/p>\n<p>Tulevikku vaadates j\u00e4tkame oma tehnoloogia arendamist ja v\u00f5imete laiendamist, seades alati eesm\u00e4rgiks pakkuda oma klientidele k\u00f5rgeima kvaliteediga tooteid ja teenuseid. Koos loome h\u00fcdrauliliste silindrite t\u00f6\u00f6stuses tipptasemel p\u00e4randi.<\/p>\n<p><strong>\u00a0<\/strong><\/p>","protected":false},"excerpt":{"rendered":"<p>HSG Series Hydraulic Cylinders For Harvesting Machinery \u00a0 The HSG Series Hydraulic Cylinders are engineered specifically for harvesting machinery, providing the power and precision necessary for modern agricultural operations. These cylinders enhance the efficiency of various harvesting tasks, from lifting and lowering equipment to precise maneuvering of machinery. Designed to withstand the rigors of agricultural [&hellip;]<\/p>","protected":false},"featured_media":17312,"comment_status":"open","ping_status":"closed","template":"","meta":{"_et_pb_use_builder":"","_et_pb_old_content":"","_et_gb_content_width":""},"product_brand":[],"product_cat":[1550,1528,1376],"product_tag":[],"class_list":{"0":"post-17316","1":"product","2":"type-product","3":"status-publish","4":"has-post-thumbnail","6":"product_cat-double-acting-hydraulic-cylinder","7":"product_cat-harvesting-machinery-hydraulic-cylinders","8":"product_cat-hydraulic-cylinder","10":"first","11":"instock","12":"shipping-taxable","13":"product-type-simple"},"amp_enabled":true,"_links":{"self":[{"href":"https:\/\/www.hydraulic-cylinders.net\/et\/wp-json\/wp\/v2\/product\/17316","targetHints":{"allow":["GET"]}}],"collection":[{"href":"https:\/\/www.hydraulic-cylinders.net\/et\/wp-json\/wp\/v2\/product"}],"about":[{"href":"https:\/\/www.hydraulic-cylinders.net\/et\/wp-json\/wp\/v2\/types\/product"}],"replies":[{"embeddable":true,"href":"https:\/\/www.hydraulic-cylinders.net\/et\/wp-json\/wp\/v2\/comments?post=17316"}],"wp:featuredmedia":[{"embeddable":true,"href":"https:\/\/www.hydraulic-cylinders.net\/et\/wp-json\/wp\/v2\/media\/17312"}],"wp:attachment":[{"href":"https:\/\/www.hydraulic-cylinders.net\/et\/wp-json\/wp\/v2\/media?parent=17316"}],"wp:term":[{"taxonomy":"product_brand","embeddable":true,"href":"https:\/\/www.hydraulic-cylinders.net\/et\/wp-json\/wp\/v2\/product_brand?post=17316"},{"taxonomy":"product_cat","embeddable":true,"href":"https:\/\/www.hydraulic-cylinders.net\/et\/wp-json\/wp\/v2\/product_cat?post=17316"},{"taxonomy":"product_tag","embeddable":true,"href":"https:\/\/www.hydraulic-cylinders.net\/et\/wp-json\/wp\/v2\/product_tag?post=17316"}],"curies":[{"name":"wp","href":"https:\/\/api.w.org\/{rel}","templated":true}]}}